{"id":2236,"date":"2024-03-29T15:34:20","date_gmt":"2024-03-29T15:34:20","guid":{"rendered":"https:\/\/avocat-gc.com\/divorce\/divorce-amiable-saint-germain-les-corbeil\/"},"modified":"2024-03-31T11:31:26","modified_gmt":"2024-03-31T11:31:26","slug":"divorce-amiable-saint-germain-les-corbeil","status":"publish","type":"page","link":"https:\/\/avocat-gc.com\/divorce\/avocat-divorce\/saint-germain-les-corbeil\/divorce-amiable-saint-germain-les-corbeil\/","title":{"rendered":"Avocat divorce sans juge \u00e0 Saint-Germain-L\u00e8s-Corbeil"},"content":{"rendered":"<p><a href=\"\/divorce\/avocat-divorce\/saint-germain-les-corbeil\/\" rel=\"nofollow\">\u25c4 Avocat divorce \u00e0 Saint-Germain-L\u00e8s-Corbeil (91)<\/a><\/p>\n<h2>Le divorce sans juge \u00e0 Saint-Germain-L\u00e8s-Corbeil<\/h2>\n<p class=\"img-left\"><img decoding=\"async\" alt=\"Avocat Divorce Amiable \u00e0 Saint-Germain-L\u00e8s-Corbeil (91) \" title=\"Avocat Divorce Amiable  \u00e0 Saint-Germain-L\u00e8s-Corbeil (91)\" width=\"170\" border=\"2\" src=\"\/divorce\/wp-content\/uploads\/2024\/04\/avocat-divorce-amiable-paris.jpg\" \/><\/p>\n<p align=\"justify\">Le divorce sans juge \u00e0 l&rsquo;amiable est une <a href=\"\/divorce\/definitions\/procedure\/\" rel=\"nofollow noopener\" title=\"\" target=\"\">proc\u00e9dure rapide<\/a>, simple et \u00e9conomique. Mais avant d&rsquo;entamer un divorce sans juge \u00e0 Saint-Germain-L\u00e8s-Corbeil, vous devez trouver un accord sur tous les points de votre divorce ainsi que ses cons\u00e9quence. L\u2019existence d\u2019un d\u00e9saccord entre les \u00e9poux ne permettrait plus d\u2019envisager une proc\u00e9dure de<a href=\"\/divorce\/divorce-amiable\/\" rel=\"nofollow\"> divorce \u00e0 l\u2019amiable<\/a> mais plut\u00f4t d&rsquo;envisager une proc\u00e9dure contentieuse, plus longue et on\u00e9reuse.La proc\u00e9dure de <a href=\"http:\/\/avocat-gc.com\/divorce\/avocat-divorce\/saint-germain-les-corbeil\/\" rel=\"nofollow noopener\" target=\"_parent\">divorce sans juge \u00e0 Saint-Germain-L\u00e8s-Corbeil<\/a> d\u00e9bute par un rendez-vous avec un avocat divorce au sein de notre cabinet. Lors de ce rendez-vous, nous r\u00e9digeons ensemble une convention de divorce, sorte de \u00ab contrat \u00bb de divorce. Une fois ce document r\u00e9dig\u00e9, l\u2019avocat divorce qui g\u00e8re votre dossier r\u00e9unit toutes les pi\u00e8ces n\u00e9cessaires.\u00a0<\/p>\n<p>La photocopie int\u00e9grale du livret de famille ;<br \/>\nLa photocopie de la pi\u00e8ce d\u2019identit\u00e9 des deux \u00e9poux ;<br \/>\nUn justificatif de domicile ;<br \/>\nL\u2019avis d\u2019imposition des \u00e9poux ;<br \/>\nLa copie int\u00e9grale des actes de naissance des deux \u00e9poux et des enfants datant de moins de 3 mois (ou 6 mois s\u2019il s\u2019agit d\u2019un acte \u00e9tranger) ;<br \/>\nLa copie int\u00e9grale de l\u2019acte de mariage des \u00e9poux datant de moins de 3 mois (ou 6 mois s\u2019il s\u2019agit d\u2019un acte \u00e9tranger) ;<br \/>\nLe contrat de mariage si les \u00e9poux sont mari\u00e9s sous le r\u00e9gime de la s\u00e9paration de biens, de la participation aux acqu\u00eats ou de la communaut\u00e9 universelle ;<br \/>\nLes d\u00e9clarations sur l\u2019honneur s\u2019il y a lieu \u00e0 une prestation compensatoire ;<br \/>\nLa copie authentique de l\u2019acte notari\u00e9 (\u00e9tat liquidatif ou convention d\u2019indivision).<\/p>\n<p align=\"justify\">Une fois le dossier complet, notre cabinet vous envoie directement, \u00e0 domicile, le projet de\u00a0<a href=\"\/divorce\/convention-de-divorce\/\" rel=\"nofollow noopener\" title=\"\" target=\"\">convention de divorce<\/a>. Vous aurez un d\u00e9lai de r\u00e9flexion de 15 jours pour signer le projet qui sera ensuite envoy\u00e9e au notaire afin qu&rsquo;il l&rsquo;enregistre. Votre divorce est alors <a href=\"\/divorce\/tiers\/\" rel=\"nofollow noopener\" title=\"\" target=\"\">opposable aux tiers<\/a>.<\/p>\n<h3>Articles li\u00e9s<\/h3>\n<p><a href=\"\/divorce\/articles\/quels-sont-les-professionnels-qui-interviennent-dans-un-divorce\/\" rel=\"nofollow noopener\" title=\"\" target=\"_parent\">Quels sont les professionnels qui interviennent dans un divorce?<\/a><br \/>\n<a href=\"\/divorce\/articles\/les-etapes-suivre-pour-quitter-le-domicile-conjugal\/\" rel=\"nofollow noopener\" title=\"\" target=\"_parent\">Les \u00e9tapes \u00e0 suivre pour quitter le domicile conjugal<\/a><br \/>\n<a href=\"\/divorce\/articles\/quand-est-divorce-dans-la-nouvelle-procedure-de-divorce-sans-juge\/\" rel=\"nofollow noopener\" title=\"\" target=\"_parent\">Quand est-on divorc\u00e9 dans la nouvelle proc\u00e9dure de divorce sans juge?<\/a><\/p>\n<h3>Divorce sans juge &#8211; les tarifs<\/h3>\n<p align=\"justify\">Pour en savoir davantage sur le divorce sans juge \u00e0 Saint-Germain-L\u00e8s-Corbeil ou pour connaitre nos honoraires, veuillez remplir le document en cliquant sur le lien ci-dessous:<\/p>\n<\/p>\n<p><a href=\"\/divorce\/avocat-divorce-10-ans-dexperience\/\" rel=\"nofollow noopener\" target=\"_parent\">\u25ba DEVIS: AVOCAT DIVORCE \u00c0 SAINT-GERMAIN-LES-CORBEIL<\/a> J&rsquo;INTERVIENS DANS TOUTE LA FRANCE <a href=\"http:\/\/avocat-gc.com\/divorce\/avocat-divorce\/paris\/\" rel=\"nofollow noopener\" title=\"\" target=\"_parent\">Notre cabinet \u00e0 Paris<\/a> : 42 Rue de L\u00fcbeck, 75116 Paris 01 47 04 25 40<\/p>\n","protected":false},"excerpt":{"rendered":"<p>\u25c4 Avocat divorce \u00e0 Saint-Germain-L\u00e8s-Corbeil (91) Le divorce sans juge \u00e0 Saint-Germain-L\u00e8s-Corbeil Le divorce sans juge \u00e0 l&rsquo;amiable est une proc\u00e9dure rapide, simple et \u00e9conomique. Mais avant d&rsquo;entamer un divorce sans juge \u00e0 Saint-Germain-L\u00e8s-Corbeil, vous devez trouver un accord sur tous les points de votre divorce ainsi que ses cons\u00e9quence. L\u2019existence d\u2019un d\u00e9saccord entre les [&hellip;]<\/p>\n","protected":false},"author":1,"featured_media":0,"parent":5069,"menu_order":0,"comment_status":"closed","ping_status":"closed","template":"","meta":{"_acf_changed":false,"inline_featured_image":false,"footnotes":""},"priorite":[],"class_list":["post-2236","page","type-page","status-publish","hentry"],"acf":[],"yoast_head":"<!-- This site is optimized with the Yoast SEO plugin v27.6 - https:\/\/yoast.com\/product\/yoast-seo-wordpress\/ -->\n<title>Avocat divorce sans juge \u00e0 Saint-Germain-L\u00e8s-Corbeil - Avocat Divorce<\/title>\n<meta name=\"description\" content=\"Contactez un Avocat divorce \u00e0 Saint-Germain-L\u00e8s-Corbeil (91) en 1 mois. Contactez un Avocat divorce au \u260e 01.47.04.25.40 . Recevez un devis gratuit et imm\u00e9diat pour votre divorce. Cabinet Avocat GC. Divorce amiable - Divorce sans juge - Divorce par consentement mutuel\" \/>\n<meta name=\"robots\" content=\"index, follow, max-snippet:-1, max-image-preview:large, max-video-preview:-1\" \/>\n<link rel=\"canonical\" href=\"https:\/\/avocat-gc.com\/divorce\/avocat-divorce\/saint-germain-les-corbeil\/divorce-amiable-saint-germain-les-corbeil\/\" \/>\n<meta property=\"og:locale\" content=\"fr_FR\" \/>\n<meta property=\"og:type\" content=\"article\" \/>\n<meta property=\"og:title\" content=\"Avocat divorce sans juge \u00e0 Saint-Germain-L\u00e8s-Corbeil - Avocat Divorce\" \/>\n<meta property=\"og:description\" content=\"Contactez un Avocat divorce \u00e0 Saint-Germain-L\u00e8s-Corbeil (91) en 1 mois. Contactez un Avocat divorce au \u260e 01.47.04.25.40 . Recevez un devis gratuit et imm\u00e9diat pour votre divorce. Cabinet Avocat GC. Divorce amiable - Divorce sans juge - Divorce par consentement mutuel\" \/>\n<meta property=\"og:url\" content=\"https:\/\/avocat-gc.com\/divorce\/avocat-divorce\/saint-germain-les-corbeil\/divorce-amiable-saint-germain-les-corbeil\/\" \/>\n<meta property=\"og:site_name\" content=\"Avocat GC - Avocat Divorce\" \/>\n<meta property=\"article:modified_time\" content=\"2024-03-31T11:31:26+00:00\" \/>\n<meta name=\"twitter:card\" content=\"summary_large_image\" \/>\n<script type=\"application\/ld+json\" class=\"yoast-schema-graph\">{\"@context\":\"https:\\\/\\\/schema.org\",\"@graph\":[{\"@type\":\"WebPage\",\"@id\":\"https:\\\/\\\/avocat-gc.com\\\/divorce\\\/avocat-divorce\\\/saint-germain-les-corbeil\\\/divorce-amiable-saint-germain-les-corbeil\\\/\",\"url\":\"https:\\\/\\\/avocat-gc.com\\\/divorce\\\/avocat-divorce\\\/saint-germain-les-corbeil\\\/divorce-amiable-saint-germain-les-corbeil\\\/\",\"name\":\"Avocat divorce sans juge \u00e0 Saint-Germain-L\u00e8s-Corbeil - Avocat Divorce\",\"isPartOf\":{\"@id\":\"https:\\\/\\\/avocat-gc.com\\\/divorce\\\/#website\"},\"datePublished\":\"2024-03-29T15:34:20+00:00\",\"dateModified\":\"2024-03-31T11:31:26+00:00\",\"description\":\"Contactez un Avocat divorce \u00e0 Saint-Germain-L\u00e8s-Corbeil (91) en 1 mois. Contactez un Avocat divorce au \u260e 01.47.04.25.40 . Recevez un devis gratuit et imm\u00e9diat pour votre divorce. Cabinet Avocat GC. Divorce amiable - Divorce sans juge - Divorce par consentement mutuel\",\"breadcrumb\":{\"@id\":\"https:\\\/\\\/avocat-gc.com\\\/divorce\\\/avocat-divorce\\\/saint-germain-les-corbeil\\\/divorce-amiable-saint-germain-les-corbeil\\\/#breadcrumb\"},\"inLanguage\":\"fr-FR\",\"potentialAction\":[{\"@type\":\"ReadAction\",\"target\":[\"https:\\\/\\\/avocat-gc.com\\\/divorce\\\/avocat-divorce\\\/saint-germain-les-corbeil\\\/divorce-amiable-saint-germain-les-corbeil\\\/\"]}]},{\"@type\":\"BreadcrumbList\",\"@id\":\"https:\\\/\\\/avocat-gc.com\\\/divorce\\\/avocat-divorce\\\/saint-germain-les-corbeil\\\/divorce-amiable-saint-germain-les-corbeil\\\/#breadcrumb\",\"itemListElement\":[{\"@type\":\"ListItem\",\"position\":1,\"name\":\"Accueil\",\"item\":\"https:\\\/\\\/avocat-gc.com\\\/divorce\\\/\"},{\"@type\":\"ListItem\",\"position\":2,\"name\":\"Avocat Divorce\",\"item\":\"https:\\\/\\\/avocat-gc.com\\\/divorce\\\/avocat-divorce\\\/\"},{\"@type\":\"ListItem\",\"position\":3,\"name\":\"Avocat Divorce \u00e0 Saint-Germain-l\u00e8s-Corbeil (91)\",\"item\":\"https:\\\/\\\/avocat-gc.com\\\/divorce\\\/avocat-divorce\\\/saint-germain-les-corbeil\\\/\"},{\"@type\":\"ListItem\",\"position\":4,\"name\":\"Avocat divorce sans juge \u00e0 Saint-Germain-L\u00e8s-Corbeil\"}]},{\"@type\":\"WebSite\",\"@id\":\"https:\\\/\\\/avocat-gc.com\\\/divorce\\\/#website\",\"url\":\"https:\\\/\\\/avocat-gc.com\\\/divorce\\\/\",\"name\":\"Avocat GC - Avocat Divorce\",\"description\":\"\",\"publisher\":{\"@id\":\"https:\\\/\\\/avocat-gc.com\\\/divorce\\\/#organization\"},\"potentialAction\":[{\"@type\":\"SearchAction\",\"target\":{\"@type\":\"EntryPoint\",\"urlTemplate\":\"https:\\\/\\\/avocat-gc.com\\\/divorce\\\/?s={search_term_string}\"},\"query-input\":{\"@type\":\"PropertyValueSpecification\",\"valueRequired\":true,\"valueName\":\"search_term_string\"}}],\"inLanguage\":\"fr-FR\"},{\"@type\":\"Organization\",\"@id\":\"https:\\\/\\\/avocat-gc.com\\\/divorce\\\/#organization\",\"name\":\"Avocat GC - Avocat Divorce\",\"url\":\"https:\\\/\\\/avocat-gc.com\\\/divorce\\\/\",\"logo\":{\"@type\":\"ImageObject\",\"inLanguage\":\"fr-FR\",\"@id\":\"https:\\\/\\\/avocat-gc.com\\\/divorce\\\/#\\\/schema\\\/logo\\\/image\\\/\",\"url\":\"https:\\\/\\\/avocat-gc.com\\\/divorce\\\/wp-content\\\/uploads\\\/2024\\\/04\\\/cropped-Sans-titre.png\",\"contentUrl\":\"https:\\\/\\\/avocat-gc.com\\\/divorce\\\/wp-content\\\/uploads\\\/2024\\\/04\\\/cropped-Sans-titre.png\",\"width\":200,\"height\":180,\"caption\":\"Avocat GC - Avocat Divorce\"},\"image\":{\"@id\":\"https:\\\/\\\/avocat-gc.com\\\/divorce\\\/#\\\/schema\\\/logo\\\/image\\\/\"}}]}<\/script>\n<!-- \/ Yoast SEO plugin. -->","yoast_head_json":{"title":"Avocat divorce sans juge \u00e0 Saint-Germain-L\u00e8s-Corbeil - Avocat Divorce","description":"Contactez un Avocat divorce \u00e0 Saint-Germain-L\u00e8s-Corbeil (91) en 1 mois. Contactez un Avocat divorce au \u260e 01.47.04.25.40 . Recevez un devis gratuit et imm\u00e9diat pour votre divorce. Cabinet Avocat GC. Divorce amiable - Divorce sans juge - Divorce par consentement mutuel","robots":{"index":"index","follow":"follow","max-snippet":"max-snippet:-1","max-image-preview":"max-image-preview:large","max-video-preview":"max-video-preview:-1"},"canonical":"https:\/\/avocat-gc.com\/divorce\/avocat-divorce\/saint-germain-les-corbeil\/divorce-amiable-saint-germain-les-corbeil\/","og_locale":"fr_FR","og_type":"article","og_title":"Avocat divorce sans juge \u00e0 Saint-Germain-L\u00e8s-Corbeil - Avocat Divorce","og_description":"Contactez un Avocat divorce \u00e0 Saint-Germain-L\u00e8s-Corbeil (91) en 1 mois. Contactez un Avocat divorce au \u260e 01.47.04.25.40 . Recevez un devis gratuit et imm\u00e9diat pour votre divorce. Cabinet Avocat GC. Divorce amiable - Divorce sans juge - Divorce par consentement mutuel","og_url":"https:\/\/avocat-gc.com\/divorce\/avocat-divorce\/saint-germain-les-corbeil\/divorce-amiable-saint-germain-les-corbeil\/","og_site_name":"Avocat GC - Avocat Divorce","article_modified_time":"2024-03-31T11:31:26+00:00","twitter_card":"summary_large_image","schema":{"@context":"https:\/\/schema.org","@graph":[{"@type":"WebPage","@id":"https:\/\/avocat-gc.com\/divorce\/avocat-divorce\/saint-germain-les-corbeil\/divorce-amiable-saint-germain-les-corbeil\/","url":"https:\/\/avocat-gc.com\/divorce\/avocat-divorce\/saint-germain-les-corbeil\/divorce-amiable-saint-germain-les-corbeil\/","name":"Avocat divorce sans juge \u00e0 Saint-Germain-L\u00e8s-Corbeil - Avocat Divorce","isPartOf":{"@id":"https:\/\/avocat-gc.com\/divorce\/#website"},"datePublished":"2024-03-29T15:34:20+00:00","dateModified":"2024-03-31T11:31:26+00:00","description":"Contactez un Avocat divorce \u00e0 Saint-Germain-L\u00e8s-Corbeil (91) en 1 mois. Contactez un Avocat divorce au \u260e 01.47.04.25.40 . Recevez un devis gratuit et imm\u00e9diat pour votre divorce. Cabinet Avocat GC. Divorce amiable - Divorce sans juge - Divorce par consentement mutuel","breadcrumb":{"@id":"https:\/\/avocat-gc.com\/divorce\/avocat-divorce\/saint-germain-les-corbeil\/divorce-amiable-saint-germain-les-corbeil\/#breadcrumb"},"inLanguage":"fr-FR","potentialAction":[{"@type":"ReadAction","target":["https:\/\/avocat-gc.com\/divorce\/avocat-divorce\/saint-germain-les-corbeil\/divorce-amiable-saint-germain-les-corbeil\/"]}]},{"@type":"BreadcrumbList","@id":"https:\/\/avocat-gc.com\/divorce\/avocat-divorce\/saint-germain-les-corbeil\/divorce-amiable-saint-germain-les-corbeil\/#breadcrumb","itemListElement":[{"@type":"ListItem","position":1,"name":"Accueil","item":"https:\/\/avocat-gc.com\/divorce\/"},{"@type":"ListItem","position":2,"name":"Avocat Divorce","item":"https:\/\/avocat-gc.com\/divorce\/avocat-divorce\/"},{"@type":"ListItem","position":3,"name":"Avocat Divorce \u00e0 Saint-Germain-l\u00e8s-Corbeil (91)","item":"https:\/\/avocat-gc.com\/divorce\/avocat-divorce\/saint-germain-les-corbeil\/"},{"@type":"ListItem","position":4,"name":"Avocat divorce sans juge \u00e0 Saint-Germain-L\u00e8s-Corbeil"}]},{"@type":"WebSite","@id":"https:\/\/avocat-gc.com\/divorce\/#website","url":"https:\/\/avocat-gc.com\/divorce\/","name":"Avocat GC - Avocat Divorce","description":"","publisher":{"@id":"https:\/\/avocat-gc.com\/divorce\/#organization"},"potentialAction":[{"@type":"SearchAction","target":{"@type":"EntryPoint","urlTemplate":"https:\/\/avocat-gc.com\/divorce\/?s={search_term_string}"},"query-input":{"@type":"PropertyValueSpecification","valueRequired":true,"valueName":"search_term_string"}}],"inLanguage":"fr-FR"},{"@type":"Organization","@id":"https:\/\/avocat-gc.com\/divorce\/#organization","name":"Avocat GC - Avocat Divorce","url":"https:\/\/avocat-gc.com\/divorce\/","logo":{"@type":"ImageObject","inLanguage":"fr-FR","@id":"https:\/\/avocat-gc.com\/divorce\/#\/schema\/logo\/image\/","url":"https:\/\/avocat-gc.com\/divorce\/wp-content\/uploads\/2024\/04\/cropped-Sans-titre.png","contentUrl":"https:\/\/avocat-gc.com\/divorce\/wp-content\/uploads\/2024\/04\/cropped-Sans-titre.png","width":200,"height":180,"caption":"Avocat GC - Avocat Divorce"},"image":{"@id":"https:\/\/avocat-gc.com\/divorce\/#\/schema\/logo\/image\/"}}]}},"_links":{"self":[{"href":"https:\/\/avocat-gc.com\/divorce\/wp-json\/wp\/v2\/pages\/2236","targetHints":{"allow":["GET"]}}],"collection":[{"href":"https:\/\/avocat-gc.com\/divorce\/wp-json\/wp\/v2\/pages"}],"about":[{"href":"https:\/\/avocat-gc.com\/divorce\/wp-json\/wp\/v2\/types\/page"}],"author":[{"embeddable":true,"href":"https:\/\/avocat-gc.com\/divorce\/wp-json\/wp\/v2\/users\/1"}],"replies":[{"embeddable":true,"href":"https:\/\/avocat-gc.com\/divorce\/wp-json\/wp\/v2\/comments?post=2236"}],"version-history":[{"count":0,"href":"https:\/\/avocat-gc.com\/divorce\/wp-json\/wp\/v2\/pages\/2236\/revisions"}],"up":[{"embeddable":true,"href":"https:\/\/avocat-gc.com\/divorce\/wp-json\/wp\/v2\/pages\/5069"}],"wp:attachment":[{"href":"https:\/\/avocat-gc.com\/divorce\/wp-json\/wp\/v2\/media?parent=2236"}],"wp:term":[{"taxonomy":"priorite","embeddable":true,"href":"https:\/\/avocat-gc.com\/divorce\/wp-json\/wp\/v2\/priorite?post=2236"}],"curies":[{"name":"wp","href":"https:\/\/api.w.org\/{rel}","templated":true}]}}