{"id":2232,"date":"2024-03-29T15:34:20","date_gmt":"2024-03-29T15:34:20","guid":{"rendered":"https:\/\/avocat-gc.com\/divorce\/divorce-amiable-saint-denis\/"},"modified":"2024-03-31T11:31:26","modified_gmt":"2024-03-31T11:31:26","slug":"divorce-amiable-saint-denis","status":"publish","type":"page","link":"https:\/\/avocat-gc.com\/divorce\/avocat-divorce\/saint-denis\/divorce-amiable-saint-denis\/","title":{"rendered":"Avocat divorce amiable sans juge \u00e0 Saint-Denis (93)"},"content":{"rendered":"<p><a href=\"\/divorce\/avocat-divorce\/saint-denis\/\" rel=\"nofollow noopener\" target=\"_parent\">\u25c4 Avocat divorce \u00e0 Saint-Denis (93)<\/a><\/p>\n<h2>DIVORCE SANS JUGE \u00c0 SAINT-DENIS<\/h2>\n<p> J&rsquo;INTERVIENS DANS TOUTE LA FRANCE <a href=\"\/divorce\/avocat-divorce\/paris\/\" rel=\"nofollow noopener\" title=\"\" target=\"_parent\">Notre cabinet \u00e0 Paris<\/a> : 42 Rue de L\u00fcbeck, 75116 Paris 01 47 04 25 40 <\/p>\n<p class=\"img-left\"><img decoding=\"async\" alt=\"Avocat Divorce Amiable Saint-Denis (93)\" title=\"Avocat Divorce Amiable Saint-Denis (93)\" width=\"170\" border=\"2\" src=\"\/divorce\/wp-content\/uploads\/2024\/04\/avocat-divorce-amiable-paris.jpg\" \/><\/p>\n<p align=\"justify\">Notre cabinet est situ\u00e9 \u00e0 moins de 30 minutes en transports en commun de Saint-Denis et \u00e0 20 minutes en voiture. Le\u00a0divorce par consentement mutuel\u00a0dit \u00ab divorce \u00e0 l\u2019amiable \u00bb est la proc\u00e9dure de divorce la plus\u00a0courte, rapide et \u00e9conomique. Les \u00e9poux doivent \u00eatre\u00a0d\u2019accord sur le principe m\u00eame du divorce mais aussi sur ses cons\u00e9quences, sans quoi ce type de divorce ne peut \u00eatre effectu\u00e9. Le divorce sans juge est une <a href=\"\/divorce\/divorce-amiable\/\" rel=\"nofollow noopener\" title=\"\" target=\"\">proc\u00e9dure \u00e0 l&rsquo;amiable<\/a> permettant de divorcer dans un d\u00e9lai g\u00e9n\u00e9ral d&rsquo;un mois. Cela d\u00e9pend de la rapidit\u00e9 avec laquelle est trait\u00e9 votre dossier. Notre \u00e9quipe met tout en oeuvre pour respecter ce d\u00e9lai. Il est, cependant, primordial pour les \u00e9poux de bien s&rsquo;entendre afin de trouver un accord rapide sur la convention de divorce.<\/p>\n<p align=\"justify\">Notre cabinet d\u2019avocats, experiment\u00e9 en divorce depuis plus de 10 ans, est comp\u00e9tent pour vous assister et vous guider tout au long de votre proc\u00e9dure de <a href=\"\/divorce\/avocat-divorce\/saint-denis\/\" rel=\"nofollow noopener\" title=\"\" target=\"\">divorce sans juge \u00e0 Saint-Denis (93)<\/a><\/p>\n<p>Vous souhaitez divorcer ? Contactez notre AVOCAT DIVORCE<\/p>\n<p>Avant toute chose, pour entamer correctement votre proc\u00e9dure de divorce sans juge, il est n\u00e9cessaire de venir en rendez-vous fix\u00e9 par votre\u00a0avocat divorce afin qu\u2019il puisse constituer votre dossier et r\u00e9diger votre <a href=\"\/divorce\/convention-de-divorce\/\" rel=\"nofollow noopener\" title=\"\" target=\"\">convention de divorce<\/a>. En effet, la conveniton de divorce r\u00e8gle tous les effets et cons\u00e9quences du divorce sur lesquels vous devez vous accorder. Pour la constitution de votre dossier, un certain nombre de documents vous seront demand\u00e9.<br \/>\nLes \u00e9tapes du divorce sans juge sont les suivantes :<br \/>\nle rendez-vous avec notre avocat lors duquel les \u00e9poux r\u00e9digent la convention de divorce.<br \/>\nla constitution du dossier,<br \/>\nl\u2019envoi de votre projet de convention de divorce \u00e0 votre domicile pour signature dans un d\u00e9lai de 15 jours<br \/>\nl&rsquo;enregistrement par<a href=\"\/divorce\/definitions\/notaire\/\" rel=\"nofollow noopener\" title=\"\" target=\"\"> le notaire<\/a> de la convention de divorce<br \/>\nles formalit\u00e9s de transcription du divorce sur les actes d\u2019\u00e9tat civil des deux \u00e9poux<\/p>\n<p align=\"justify\">Votre divorce sera alors <a href=\"\/divorce\/tiers\/\" title=\"avocat divorce paris tiers\" target=\"\" rel=\"noopener\">opposable aux tiers<\/a>, c&rsquo;est \u00e0 dire qu&rsquo;il sera reconnu par tous. Attention, la moindre m\u00e9sentente entre \u00e9poux ne permet plus d&rsquo;engager ce type de proc\u00e9dure. Il faudrait alors envisager d&rsquo;entamer une <a href=\"\/divorce\/divorce-pour-faute\/\" rel=\"nofollow noopener\" title=\"\" target=\"\">proc\u00e9dure de divorce contentieuse<\/a> qui se d\u00e9roule en plusieurs audiences au tribunal. Si vous souhaitez en savoir davantage sur le divorce sans juge, veuillez consulter notre page:\n<\/p>\n<\/p>\n<p><a href=\"\/divorce\/divorce-sans-juge\/\" rel=\"nofollow noopener\" target=\"_parent\">\u25ba AVOCAT DIVORCE SANS JUGE<\/a><\/p>\n<h3>Articles li\u00e9s<\/h3>\n<p><a href=\"\/divorce\/articles\/quel-est-le-divorce-le-plus-simple-le-plus-rapide-et-le-moins-cher\/\" rel=\"nofollow noopener\" title=\"\" target=\"_parent\">Quel est le divorce le plus simple, le plus rapide et le moins cher ?<\/a><br \/>\n<a href=\"\/divorce\/articles\/peut-contester-un-divorce-par-consentement-mutuel\/\" rel=\"nofollow noopener\" title=\"\" target=\"_parent\">Peut-on contester un divorce par consentement mutuel?<\/a><br \/>\n<a href=\"\/divorce\/articles\/comment-bien-commencer-sa-procedure-de-divorce\/\" rel=\"nofollow noopener\" title=\"\" target=\"_parent\">Comment bien commencer sa proc\u00e9dure de divorce?<\/a><\/p>\n<p align=\"justify\">Les tarifs d&rsquo;un divorce sans juge \u00e0 Saint-Denis (93) d\u00e9pendent de votre situation:<\/p>\n","protected":false},"excerpt":{"rendered":"<p>\u25c4 Avocat divorce \u00e0 Saint-Denis (93) DIVORCE SANS JUGE \u00c0 SAINT-DENIS J&rsquo;INTERVIENS DANS TOUTE LA FRANCE Notre cabinet \u00e0 Paris : 42 Rue de L\u00fcbeck, 75116 Paris 01 47 04 25 40 Notre cabinet est situ\u00e9 \u00e0 moins de 30 minutes en transports en commun de Saint-Denis et \u00e0 20 minutes en voiture. Le\u00a0divorce par [&hellip;]<\/p>\n","protected":false},"author":1,"featured_media":0,"parent":7034,"menu_order":0,"comment_status":"closed","ping_status":"closed","template":"","meta":{"_acf_changed":false,"inline_featured_image":false,"footnotes":""},"priorite":[],"class_list":["post-2232","page","type-page","status-publish","hentry"],"acf":[],"yoast_head":"<!-- This site is optimized with the Yoast SEO plugin v27.6 - https:\/\/yoast.com\/product\/yoast-seo-wordpress\/ -->\n<title>Avocat divorce amiable sans juge \u00e0 Saint-Denis (93) - Avocat Divorce<\/title>\n<meta name=\"description\" content=\"Divorcez \u00e0 l&#039;amiable et sans juge \u00e0 Saint-Denis (93) en 1 mois. Contactez notre Avocat divorce au 01.47.04.25.40 . Devis Gratuit &amp; Imm\u00e9diat. Cabinet d&#039;Avocats GC - Divorce amiable - Divorce sans juge \u2013 Divorce par consentement mutuel\" \/>\n<meta name=\"robots\" content=\"index, follow, max-snippet:-1, max-image-preview:large, max-video-preview:-1\" \/>\n<link rel=\"canonical\" href=\"https:\/\/avocat-gc.com\/divorce\/avocat-divorce\/saint-denis\/divorce-amiable-saint-denis\/\" \/>\n<meta property=\"og:locale\" content=\"fr_FR\" \/>\n<meta property=\"og:type\" content=\"article\" \/>\n<meta property=\"og:title\" content=\"Avocat divorce amiable sans juge \u00e0 Saint-Denis (93) - Avocat Divorce\" \/>\n<meta property=\"og:description\" content=\"Divorcez \u00e0 l&#039;amiable et sans juge \u00e0 Saint-Denis (93) en 1 mois. Contactez notre Avocat divorce au 01.47.04.25.40 . Devis Gratuit &amp; Imm\u00e9diat. Cabinet d&#039;Avocats GC - Divorce amiable - Divorce sans juge \u2013 Divorce par consentement mutuel\" \/>\n<meta property=\"og:url\" content=\"https:\/\/avocat-gc.com\/divorce\/avocat-divorce\/saint-denis\/divorce-amiable-saint-denis\/\" \/>\n<meta property=\"og:site_name\" content=\"Avocat GC - Avocat Divorce\" \/>\n<meta property=\"article:modified_time\" content=\"2024-03-31T11:31:26+00:00\" \/>\n<meta name=\"twitter:card\" content=\"summary_large_image\" \/>\n<script type=\"application\/ld+json\" class=\"yoast-schema-graph\">{\"@context\":\"https:\\\/\\\/schema.org\",\"@graph\":[{\"@type\":\"WebPage\",\"@id\":\"https:\\\/\\\/avocat-gc.com\\\/divorce\\\/avocat-divorce\\\/saint-denis\\\/divorce-amiable-saint-denis\\\/\",\"url\":\"https:\\\/\\\/avocat-gc.com\\\/divorce\\\/avocat-divorce\\\/saint-denis\\\/divorce-amiable-saint-denis\\\/\",\"name\":\"Avocat divorce amiable sans juge \u00e0 Saint-Denis (93) - Avocat Divorce\",\"isPartOf\":{\"@id\":\"https:\\\/\\\/avocat-gc.com\\\/divorce\\\/#website\"},\"datePublished\":\"2024-03-29T15:34:20+00:00\",\"dateModified\":\"2024-03-31T11:31:26+00:00\",\"description\":\"Divorcez \u00e0 l'amiable et sans juge \u00e0 Saint-Denis (93) en 1 mois. Contactez notre Avocat divorce au 01.47.04.25.40 . Devis Gratuit & Imm\u00e9diat. Cabinet d'Avocats GC - Divorce amiable - Divorce sans juge \u2013 Divorce par consentement mutuel\",\"breadcrumb\":{\"@id\":\"https:\\\/\\\/avocat-gc.com\\\/divorce\\\/avocat-divorce\\\/saint-denis\\\/divorce-amiable-saint-denis\\\/#breadcrumb\"},\"inLanguage\":\"fr-FR\",\"potentialAction\":[{\"@type\":\"ReadAction\",\"target\":[\"https:\\\/\\\/avocat-gc.com\\\/divorce\\\/avocat-divorce\\\/saint-denis\\\/divorce-amiable-saint-denis\\\/\"]}]},{\"@type\":\"BreadcrumbList\",\"@id\":\"https:\\\/\\\/avocat-gc.com\\\/divorce\\\/avocat-divorce\\\/saint-denis\\\/divorce-amiable-saint-denis\\\/#breadcrumb\",\"itemListElement\":[{\"@type\":\"ListItem\",\"position\":1,\"name\":\"Accueil\",\"item\":\"https:\\\/\\\/avocat-gc.com\\\/divorce\\\/\"},{\"@type\":\"ListItem\",\"position\":2,\"name\":\"Avocat Divorce\",\"item\":\"https:\\\/\\\/avocat-gc.com\\\/divorce\\\/avocat-divorce\\\/\"},{\"@type\":\"ListItem\",\"position\":3,\"name\":\"Avocat Divorce \u00e0 Saint-Denis (93)\",\"item\":\"https:\\\/\\\/avocat-gc.com\\\/divorce\\\/avocat-divorce\\\/saint-denis\\\/\"},{\"@type\":\"ListItem\",\"position\":4,\"name\":\"Avocat divorce amiable sans juge \u00e0 Saint-Denis (93)\"}]},{\"@type\":\"WebSite\",\"@id\":\"https:\\\/\\\/avocat-gc.com\\\/divorce\\\/#website\",\"url\":\"https:\\\/\\\/avocat-gc.com\\\/divorce\\\/\",\"name\":\"Avocat GC - Avocat Divorce\",\"description\":\"\",\"publisher\":{\"@id\":\"https:\\\/\\\/avocat-gc.com\\\/divorce\\\/#organization\"},\"potentialAction\":[{\"@type\":\"SearchAction\",\"target\":{\"@type\":\"EntryPoint\",\"urlTemplate\":\"https:\\\/\\\/avocat-gc.com\\\/divorce\\\/?s={search_term_string}\"},\"query-input\":{\"@type\":\"PropertyValueSpecification\",\"valueRequired\":true,\"valueName\":\"search_term_string\"}}],\"inLanguage\":\"fr-FR\"},{\"@type\":\"Organization\",\"@id\":\"https:\\\/\\\/avocat-gc.com\\\/divorce\\\/#organization\",\"name\":\"Avocat GC - Avocat Divorce\",\"url\":\"https:\\\/\\\/avocat-gc.com\\\/divorce\\\/\",\"logo\":{\"@type\":\"ImageObject\",\"inLanguage\":\"fr-FR\",\"@id\":\"https:\\\/\\\/avocat-gc.com\\\/divorce\\\/#\\\/schema\\\/logo\\\/image\\\/\",\"url\":\"https:\\\/\\\/avocat-gc.com\\\/divorce\\\/wp-content\\\/uploads\\\/2024\\\/04\\\/cropped-Sans-titre.png\",\"contentUrl\":\"https:\\\/\\\/avocat-gc.com\\\/divorce\\\/wp-content\\\/uploads\\\/2024\\\/04\\\/cropped-Sans-titre.png\",\"width\":200,\"height\":180,\"caption\":\"Avocat GC - Avocat Divorce\"},\"image\":{\"@id\":\"https:\\\/\\\/avocat-gc.com\\\/divorce\\\/#\\\/schema\\\/logo\\\/image\\\/\"}}]}<\/script>\n<!-- \/ Yoast SEO plugin. -->","yoast_head_json":{"title":"Avocat divorce amiable sans juge \u00e0 Saint-Denis (93) - Avocat Divorce","description":"Divorcez \u00e0 l'amiable et sans juge \u00e0 Saint-Denis (93) en 1 mois. Contactez notre Avocat divorce au 01.47.04.25.40 . Devis Gratuit & Imm\u00e9diat. Cabinet d'Avocats GC - Divorce amiable - Divorce sans juge \u2013 Divorce par consentement mutuel","robots":{"index":"index","follow":"follow","max-snippet":"max-snippet:-1","max-image-preview":"max-image-preview:large","max-video-preview":"max-video-preview:-1"},"canonical":"https:\/\/avocat-gc.com\/divorce\/avocat-divorce\/saint-denis\/divorce-amiable-saint-denis\/","og_locale":"fr_FR","og_type":"article","og_title":"Avocat divorce amiable sans juge \u00e0 Saint-Denis (93) - Avocat Divorce","og_description":"Divorcez \u00e0 l'amiable et sans juge \u00e0 Saint-Denis (93) en 1 mois. Contactez notre Avocat divorce au 01.47.04.25.40 . Devis Gratuit & Imm\u00e9diat. Cabinet d'Avocats GC - Divorce amiable - Divorce sans juge \u2013 Divorce par consentement mutuel","og_url":"https:\/\/avocat-gc.com\/divorce\/avocat-divorce\/saint-denis\/divorce-amiable-saint-denis\/","og_site_name":"Avocat GC - Avocat Divorce","article_modified_time":"2024-03-31T11:31:26+00:00","twitter_card":"summary_large_image","schema":{"@context":"https:\/\/schema.org","@graph":[{"@type":"WebPage","@id":"https:\/\/avocat-gc.com\/divorce\/avocat-divorce\/saint-denis\/divorce-amiable-saint-denis\/","url":"https:\/\/avocat-gc.com\/divorce\/avocat-divorce\/saint-denis\/divorce-amiable-saint-denis\/","name":"Avocat divorce amiable sans juge \u00e0 Saint-Denis (93) - Avocat Divorce","isPartOf":{"@id":"https:\/\/avocat-gc.com\/divorce\/#website"},"datePublished":"2024-03-29T15:34:20+00:00","dateModified":"2024-03-31T11:31:26+00:00","description":"Divorcez \u00e0 l'amiable et sans juge \u00e0 Saint-Denis (93) en 1 mois. Contactez notre Avocat divorce au 01.47.04.25.40 . Devis Gratuit & Imm\u00e9diat. Cabinet d'Avocats GC - Divorce amiable - Divorce sans juge \u2013 Divorce par consentement mutuel","breadcrumb":{"@id":"https:\/\/avocat-gc.com\/divorce\/avocat-divorce\/saint-denis\/divorce-amiable-saint-denis\/#breadcrumb"},"inLanguage":"fr-FR","potentialAction":[{"@type":"ReadAction","target":["https:\/\/avocat-gc.com\/divorce\/avocat-divorce\/saint-denis\/divorce-amiable-saint-denis\/"]}]},{"@type":"BreadcrumbList","@id":"https:\/\/avocat-gc.com\/divorce\/avocat-divorce\/saint-denis\/divorce-amiable-saint-denis\/#breadcrumb","itemListElement":[{"@type":"ListItem","position":1,"name":"Accueil","item":"https:\/\/avocat-gc.com\/divorce\/"},{"@type":"ListItem","position":2,"name":"Avocat Divorce","item":"https:\/\/avocat-gc.com\/divorce\/avocat-divorce\/"},{"@type":"ListItem","position":3,"name":"Avocat Divorce \u00e0 Saint-Denis (93)","item":"https:\/\/avocat-gc.com\/divorce\/avocat-divorce\/saint-denis\/"},{"@type":"ListItem","position":4,"name":"Avocat divorce amiable sans juge \u00e0 Saint-Denis (93)"}]},{"@type":"WebSite","@id":"https:\/\/avocat-gc.com\/divorce\/#website","url":"https:\/\/avocat-gc.com\/divorce\/","name":"Avocat GC - Avocat Divorce","description":"","publisher":{"@id":"https:\/\/avocat-gc.com\/divorce\/#organization"},"potentialAction":[{"@type":"SearchAction","target":{"@type":"EntryPoint","urlTemplate":"https:\/\/avocat-gc.com\/divorce\/?s={search_term_string}"},"query-input":{"@type":"PropertyValueSpecification","valueRequired":true,"valueName":"search_term_string"}}],"inLanguage":"fr-FR"},{"@type":"Organization","@id":"https:\/\/avocat-gc.com\/divorce\/#organization","name":"Avocat GC - Avocat Divorce","url":"https:\/\/avocat-gc.com\/divorce\/","logo":{"@type":"ImageObject","inLanguage":"fr-FR","@id":"https:\/\/avocat-gc.com\/divorce\/#\/schema\/logo\/image\/","url":"https:\/\/avocat-gc.com\/divorce\/wp-content\/uploads\/2024\/04\/cropped-Sans-titre.png","contentUrl":"https:\/\/avocat-gc.com\/divorce\/wp-content\/uploads\/2024\/04\/cropped-Sans-titre.png","width":200,"height":180,"caption":"Avocat GC - Avocat Divorce"},"image":{"@id":"https:\/\/avocat-gc.com\/divorce\/#\/schema\/logo\/image\/"}}]}},"_links":{"self":[{"href":"https:\/\/avocat-gc.com\/divorce\/wp-json\/wp\/v2\/pages\/2232","targetHints":{"allow":["GET"]}}],"collection":[{"href":"https:\/\/avocat-gc.com\/divorce\/wp-json\/wp\/v2\/pages"}],"about":[{"href":"https:\/\/avocat-gc.com\/divorce\/wp-json\/wp\/v2\/types\/page"}],"author":[{"embeddable":true,"href":"https:\/\/avocat-gc.com\/divorce\/wp-json\/wp\/v2\/users\/1"}],"replies":[{"embeddable":true,"href":"https:\/\/avocat-gc.com\/divorce\/wp-json\/wp\/v2\/comments?post=2232"}],"version-history":[{"count":0,"href":"https:\/\/avocat-gc.com\/divorce\/wp-json\/wp\/v2\/pages\/2232\/revisions"}],"up":[{"embeddable":true,"href":"https:\/\/avocat-gc.com\/divorce\/wp-json\/wp\/v2\/pages\/7034"}],"wp:attachment":[{"href":"https:\/\/avocat-gc.com\/divorce\/wp-json\/wp\/v2\/media?parent=2232"}],"wp:term":[{"taxonomy":"priorite","embeddable":true,"href":"https:\/\/avocat-gc.com\/divorce\/wp-json\/wp\/v2\/priorite?post=2232"}],"curies":[{"name":"wp","href":"https:\/\/api.w.org\/{rel}","templated":true}]}}