{"id":2213,"date":"2024-03-29T15:34:17","date_gmt":"2024-03-29T15:34:17","guid":{"rendered":"https:\/\/avocat-gc.com\/divorce\/divorce-amiable-pierrefitte-sur-seine\/"},"modified":"2024-03-31T11:31:23","modified_gmt":"2024-03-31T11:31:23","slug":"divorce-amiable-pierrefitte-sur-seine","status":"publish","type":"page","link":"https:\/\/avocat-gc.com\/divorce\/avocat-divorce\/pierrefitte-sur-seine\/divorce-amiable-pierrefitte-sur-seine\/","title":{"rendered":"Avocat divorce amiable sans juge \u00e0 Pierrefitte sur Seine"},"content":{"rendered":"<\/p>\n<p>Avocat divorce amiable sans juge \u00e0 Pierrefitte sur Seine<a href=\"\/divorce\/avocat-divorce\/pierrefitte-sur-seine\/\" rel=\"nofollow noopener\" target=\"_parent\">\u25c4 Avocat divorce \u00e0 Pierrefitte sur Seine (93)<\/a><\/p>\n<h2>LE DIVORCE SANS JUGE \u00c0 PIERREFITTE-SUR-SEINE (93)<\/h2>\n<\/p>\n<p class=\"img-left\"><img decoding=\"async\" alt=\"Avocat Divorce Amiable sans juge Pierrefitte sur Seine (93) \" title=\"Avocat Divorce Amiable sans juge Pierrefitte sur Seine (93)\" width=\"170\" border=\"2\" src=\"\/divorce\/wp-content\/uploads\/2024\/04\/avocat-divorce-amiable-paris.jpg\" \/><\/p>\n<p align=\"justify\">Un <a href=\"\/divorce\/divorce-amiable\/\" rel=\"nofollow noopener\" title=\"\" target=\"\">divorce par consentement mutuel<\/a>, dit \u00ab \u00e0 l\u2019amiable \u00bb, est un divorce \u00e9conomique, facile et rapide qui a pour objet d\u2019apaiser les relations des \u00e9poux qui souhaitent avoir recours au divorce. En effet, aucun reproche ne pourra \u00eatre formul\u00e9 \u00e0 l\u2019encontre de l\u2019autre, il est donc n\u00e9cessaire de s\u2019entendre non seulement sur le principe m\u00eame du divorce mais aussi sur ces cons\u00e9quences. Le divorce sans juge est une proc\u00e9dure \u00e0 l&rsquo;amiable permettant d&rsquo;\u00e9courter la proc\u00e9dure en divorcant directement aurp\u00e8s de vos avocat. Notre \u00e9quipe d&rsquo;avocats, experiment\u00e9\u00a0en divorce, vous assiste lors de votre <a href=\"\/divorce\/avocat-divorce\/pierrefitte-sur-seine\/\" rel=\"nofollow noopener\" title=\"\" target=\"\">divorce sans juge \u00e0 Pierrefitte sur Seine (93)<\/a>. Nous sommes situ\u00e9s \u00e0 30 minutes en voiture de Pierrefitte sur Seine et \u00e0 45 minutes en transport en commun.La premi\u00e8re \u00e9tape de votre divorce consiste en un entretien avec nos avocats au cours duquel nous r\u00e9digerons votre convention de divorce r\u00e9glant tous les effets de votre divorce: pension alimentaire, garde des enfants, <a href=\"\/divorce\/definitions\/bien-commun\/\" rel=\"nofollow noopener\" title=\"\" target=\"\">sort des biens communs<\/a> etc&#8230; Le projet de convention vous est ensuite transmis par courrier postal en recommand\u00e9 avec accus\u00e9 de r\u00e9ception. Une fois r\u00e9ceptionn\u00e9, vous aurez un d\u00e9lai de 15 jours pour signer le projet de convention ou vous r\u00e9tracter. La signature marquant votre accord mutuel, la convention est ensuite enregistr\u00e9e par le notaire qui lui donnera <a href=\"\/divorce\/definitions\/force-executoire\/\" rel=\"nofollow noopener\" title=\"\" target=\"\">force ex\u00e9cutoire <\/a>et date certaine.Cette proc\u00e9dure de divorce n&rsquo;est possible que dans le cadre d&rsquo;un divorce \u00e0 l&rsquo;amiable. Le moindre d\u00e9saccord pourrait \u00eatre l&rsquo;objet d&rsquo;une proc\u00e9dure de divorce contentieuse qui ferait l&rsquo;objet de plusieurs audiences <a href=\"\/divorce\/definitions\/tribunal\/\" rel=\"nofollow noopener\" title=\"\" target=\"\">au tribunal<\/a>.Si vous souhaitez en savoir davantage sur le divorce sans juge, veuillez consulter notre page:\n<\/p>\n<\/p>\n<p><a href=\"\/divorce\/divorce-sans-juge\/\" rel=\"nofollow noopener\" target=\"_parent\">\u25ba AVOCAT DIVORCE SANS JUGE<\/a><\/p>\n<h3>Articles li\u00e9s<\/h3>\n<p><a href=\"\/divorce\/articles\/comment-bien-commencer-sa-procedure-de-divorce\/\" rel=\"nofollow noopener\" title=\"\" target=\"_parent\">Comment bien commencer sa proc\u00e9dure de divorce?<\/a><br \/>\n<a href=\"\/divorce\/articles\/les-avantages-du-divorce-sans-juge\/\" rel=\"nofollow noopener\" title=\"\" target=\"_parent\">Les avantages du divorce sans juge<\/a><br \/>\n<a href=\"\/divorce\/articles\/quand-et-comment-peut-quitter-le-domicile-conjugal\/\" rel=\"nofollow noopener\" title=\"\" target=\"_parent\">Quand et comment peut-on quitter le domicile conjugal ?<\/a><\/p>\n<p>\u25ba A T\u00c9L\u00c9CHARGER: <a href=\"\/divorce\/divorce-sans-juge\/convention-pierrefitte-sur-seine\/\" rel=\"nofollow\">Mod\u00e8le de convention de divorce sans juge \u00e0 Pierrefitte-sur-seine<\/a><\/p>\n<h3>Divorce sans juge &#8211; les tarifs<\/h3>\n<p align=\"justify\">Les tarifs d&rsquo;un divorce sans juge \u00e0 Pierrefitte-sur-seine (93) d\u00e9pendent de votre situation<\/p>\n","protected":false},"excerpt":{"rendered":"<p>Avocat divorce amiable sans juge \u00e0 Pierrefitte sur Seine\u25c4 Avocat divorce \u00e0 Pierrefitte sur Seine (93) LE DIVORCE SANS JUGE \u00c0 PIERREFITTE-SUR-SEINE (93) Un divorce par consentement mutuel, dit \u00ab \u00e0 l\u2019amiable \u00bb, est un divorce \u00e9conomique, facile et rapide qui a pour objet d\u2019apaiser les relations des \u00e9poux qui souhaitent avoir recours au divorce. [&hellip;]<\/p>\n","protected":false},"author":1,"featured_media":0,"parent":6961,"menu_order":0,"comment_status":"closed","ping_status":"closed","template":"","meta":{"_acf_changed":false,"inline_featured_image":false,"footnotes":""},"priorite":[],"class_list":["post-2213","page","type-page","status-publish","hentry"],"acf":[],"yoast_head":"<!-- This site is optimized with the Yoast SEO plugin v27.3 - https:\/\/yoast.com\/product\/yoast-seo-wordpress\/ -->\n<title>Avocat divorce amiable sans juge \u00e0 Pierrefitte sur Seine - Avocat Divorce<\/title>\n<meta name=\"description\" content=\"Divorcez \u00e0 l&#039;amiable et sans juge \u00e0 Pierrefitte-sur-seine (93) en 1 mois. Contactez un Avocat divorce au 01.47.04.25.40 . Devis Gratuit &amp; Imm\u00e9diat. Cabinet Avocat GC. Divorce amiable - Divorce sans juge \u2013 Divorce par consentement mutuel\" \/>\n<meta name=\"robots\" content=\"index, follow, max-snippet:-1, max-image-preview:large, max-video-preview:-1\" \/>\n<link rel=\"canonical\" href=\"https:\/\/avocat-gc.com\/divorce\/avocat-divorce\/pierrefitte-sur-seine\/divorce-amiable-pierrefitte-sur-seine\/\" \/>\n<meta property=\"og:locale\" content=\"fr_FR\" \/>\n<meta property=\"og:type\" content=\"article\" \/>\n<meta property=\"og:title\" content=\"Avocat divorce amiable sans juge \u00e0 Pierrefitte sur Seine - Avocat Divorce\" \/>\n<meta property=\"og:description\" content=\"Divorcez \u00e0 l&#039;amiable et sans juge \u00e0 Pierrefitte-sur-seine (93) en 1 mois. Contactez un Avocat divorce au 01.47.04.25.40 . Devis Gratuit &amp; Imm\u00e9diat. Cabinet Avocat GC. Divorce amiable - Divorce sans juge \u2013 Divorce par consentement mutuel\" \/>\n<meta property=\"og:url\" content=\"https:\/\/avocat-gc.com\/divorce\/avocat-divorce\/pierrefitte-sur-seine\/divorce-amiable-pierrefitte-sur-seine\/\" \/>\n<meta property=\"og:site_name\" content=\"Avocat GC - Avocat Divorce\" \/>\n<meta property=\"article:modified_time\" content=\"2024-03-31T11:31:23+00:00\" \/>\n<meta name=\"twitter:card\" content=\"summary_large_image\" \/>\n<script type=\"application\/ld+json\" class=\"yoast-schema-graph\">{\"@context\":\"https:\\\/\\\/schema.org\",\"@graph\":[{\"@type\":\"WebPage\",\"@id\":\"https:\\\/\\\/avocat-gc.com\\\/divorce\\\/avocat-divorce\\\/pierrefitte-sur-seine\\\/divorce-amiable-pierrefitte-sur-seine\\\/\",\"url\":\"https:\\\/\\\/avocat-gc.com\\\/divorce\\\/avocat-divorce\\\/pierrefitte-sur-seine\\\/divorce-amiable-pierrefitte-sur-seine\\\/\",\"name\":\"Avocat divorce amiable sans juge \u00e0 Pierrefitte sur Seine - Avocat Divorce\",\"isPartOf\":{\"@id\":\"https:\\\/\\\/avocat-gc.com\\\/divorce\\\/#website\"},\"datePublished\":\"2024-03-29T15:34:17+00:00\",\"dateModified\":\"2024-03-31T11:31:23+00:00\",\"description\":\"Divorcez \u00e0 l'amiable et sans juge \u00e0 Pierrefitte-sur-seine (93) en 1 mois. Contactez un Avocat divorce au 01.47.04.25.40 . Devis Gratuit & Imm\u00e9diat. Cabinet Avocat GC. Divorce amiable - Divorce sans juge \u2013 Divorce par consentement mutuel\",\"breadcrumb\":{\"@id\":\"https:\\\/\\\/avocat-gc.com\\\/divorce\\\/avocat-divorce\\\/pierrefitte-sur-seine\\\/divorce-amiable-pierrefitte-sur-seine\\\/#breadcrumb\"},\"inLanguage\":\"fr-FR\",\"potentialAction\":[{\"@type\":\"ReadAction\",\"target\":[\"https:\\\/\\\/avocat-gc.com\\\/divorce\\\/avocat-divorce\\\/pierrefitte-sur-seine\\\/divorce-amiable-pierrefitte-sur-seine\\\/\"]}]},{\"@type\":\"BreadcrumbList\",\"@id\":\"https:\\\/\\\/avocat-gc.com\\\/divorce\\\/avocat-divorce\\\/pierrefitte-sur-seine\\\/divorce-amiable-pierrefitte-sur-seine\\\/#breadcrumb\",\"itemListElement\":[{\"@type\":\"ListItem\",\"position\":1,\"name\":\"Accueil\",\"item\":\"https:\\\/\\\/avocat-gc.com\\\/divorce\\\/\"},{\"@type\":\"ListItem\",\"position\":2,\"name\":\"Avocat Divorce\",\"item\":\"https:\\\/\\\/avocat-gc.com\\\/divorce\\\/avocat-divorce\\\/\"},{\"@type\":\"ListItem\",\"position\":3,\"name\":\"Avocat Divorce \u00e0 Pierrefitte-sur-Seine (93)\",\"item\":\"https:\\\/\\\/avocat-gc.com\\\/divorce\\\/avocat-divorce\\\/pierrefitte-sur-seine\\\/\"},{\"@type\":\"ListItem\",\"position\":4,\"name\":\"Avocat divorce amiable sans juge \u00e0 Pierrefitte sur Seine\"}]},{\"@type\":\"WebSite\",\"@id\":\"https:\\\/\\\/avocat-gc.com\\\/divorce\\\/#website\",\"url\":\"https:\\\/\\\/avocat-gc.com\\\/divorce\\\/\",\"name\":\"Avocat GC - Avocat Divorce\",\"description\":\"\",\"publisher\":{\"@id\":\"https:\\\/\\\/avocat-gc.com\\\/divorce\\\/#organization\"},\"potentialAction\":[{\"@type\":\"SearchAction\",\"target\":{\"@type\":\"EntryPoint\",\"urlTemplate\":\"https:\\\/\\\/avocat-gc.com\\\/divorce\\\/?s={search_term_string}\"},\"query-input\":{\"@type\":\"PropertyValueSpecification\",\"valueRequired\":true,\"valueName\":\"search_term_string\"}}],\"inLanguage\":\"fr-FR\"},{\"@type\":\"Organization\",\"@id\":\"https:\\\/\\\/avocat-gc.com\\\/divorce\\\/#organization\",\"name\":\"Avocat GC - Avocat Divorce\",\"url\":\"https:\\\/\\\/avocat-gc.com\\\/divorce\\\/\",\"logo\":{\"@type\":\"ImageObject\",\"inLanguage\":\"fr-FR\",\"@id\":\"https:\\\/\\\/avocat-gc.com\\\/divorce\\\/#\\\/schema\\\/logo\\\/image\\\/\",\"url\":\"https:\\\/\\\/avocat-gc.com\\\/divorce\\\/wp-content\\\/uploads\\\/2024\\\/04\\\/cropped-Sans-titre.png\",\"contentUrl\":\"https:\\\/\\\/avocat-gc.com\\\/divorce\\\/wp-content\\\/uploads\\\/2024\\\/04\\\/cropped-Sans-titre.png\",\"width\":200,\"height\":180,\"caption\":\"Avocat GC - Avocat Divorce\"},\"image\":{\"@id\":\"https:\\\/\\\/avocat-gc.com\\\/divorce\\\/#\\\/schema\\\/logo\\\/image\\\/\"}}]}<\/script>\n<!-- \/ Yoast SEO plugin. -->","yoast_head_json":{"title":"Avocat divorce amiable sans juge \u00e0 Pierrefitte sur Seine - Avocat Divorce","description":"Divorcez \u00e0 l'amiable et sans juge \u00e0 Pierrefitte-sur-seine (93) en 1 mois. Contactez un Avocat divorce au 01.47.04.25.40 . Devis Gratuit & Imm\u00e9diat. Cabinet Avocat GC. Divorce amiable - Divorce sans juge \u2013 Divorce par consentement mutuel","robots":{"index":"index","follow":"follow","max-snippet":"max-snippet:-1","max-image-preview":"max-image-preview:large","max-video-preview":"max-video-preview:-1"},"canonical":"https:\/\/avocat-gc.com\/divorce\/avocat-divorce\/pierrefitte-sur-seine\/divorce-amiable-pierrefitte-sur-seine\/","og_locale":"fr_FR","og_type":"article","og_title":"Avocat divorce amiable sans juge \u00e0 Pierrefitte sur Seine - Avocat Divorce","og_description":"Divorcez \u00e0 l'amiable et sans juge \u00e0 Pierrefitte-sur-seine (93) en 1 mois. Contactez un Avocat divorce au 01.47.04.25.40 . Devis Gratuit & Imm\u00e9diat. Cabinet Avocat GC. Divorce amiable - Divorce sans juge \u2013 Divorce par consentement mutuel","og_url":"https:\/\/avocat-gc.com\/divorce\/avocat-divorce\/pierrefitte-sur-seine\/divorce-amiable-pierrefitte-sur-seine\/","og_site_name":"Avocat GC - Avocat Divorce","article_modified_time":"2024-03-31T11:31:23+00:00","twitter_card":"summary_large_image","schema":{"@context":"https:\/\/schema.org","@graph":[{"@type":"WebPage","@id":"https:\/\/avocat-gc.com\/divorce\/avocat-divorce\/pierrefitte-sur-seine\/divorce-amiable-pierrefitte-sur-seine\/","url":"https:\/\/avocat-gc.com\/divorce\/avocat-divorce\/pierrefitte-sur-seine\/divorce-amiable-pierrefitte-sur-seine\/","name":"Avocat divorce amiable sans juge \u00e0 Pierrefitte sur Seine - Avocat Divorce","isPartOf":{"@id":"https:\/\/avocat-gc.com\/divorce\/#website"},"datePublished":"2024-03-29T15:34:17+00:00","dateModified":"2024-03-31T11:31:23+00:00","description":"Divorcez \u00e0 l'amiable et sans juge \u00e0 Pierrefitte-sur-seine (93) en 1 mois. Contactez un Avocat divorce au 01.47.04.25.40 . Devis Gratuit & Imm\u00e9diat. Cabinet Avocat GC. Divorce amiable - Divorce sans juge \u2013 Divorce par consentement mutuel","breadcrumb":{"@id":"https:\/\/avocat-gc.com\/divorce\/avocat-divorce\/pierrefitte-sur-seine\/divorce-amiable-pierrefitte-sur-seine\/#breadcrumb"},"inLanguage":"fr-FR","potentialAction":[{"@type":"ReadAction","target":["https:\/\/avocat-gc.com\/divorce\/avocat-divorce\/pierrefitte-sur-seine\/divorce-amiable-pierrefitte-sur-seine\/"]}]},{"@type":"BreadcrumbList","@id":"https:\/\/avocat-gc.com\/divorce\/avocat-divorce\/pierrefitte-sur-seine\/divorce-amiable-pierrefitte-sur-seine\/#breadcrumb","itemListElement":[{"@type":"ListItem","position":1,"name":"Accueil","item":"https:\/\/avocat-gc.com\/divorce\/"},{"@type":"ListItem","position":2,"name":"Avocat Divorce","item":"https:\/\/avocat-gc.com\/divorce\/avocat-divorce\/"},{"@type":"ListItem","position":3,"name":"Avocat Divorce \u00e0 Pierrefitte-sur-Seine (93)","item":"https:\/\/avocat-gc.com\/divorce\/avocat-divorce\/pierrefitte-sur-seine\/"},{"@type":"ListItem","position":4,"name":"Avocat divorce amiable sans juge \u00e0 Pierrefitte sur Seine"}]},{"@type":"WebSite","@id":"https:\/\/avocat-gc.com\/divorce\/#website","url":"https:\/\/avocat-gc.com\/divorce\/","name":"Avocat GC - Avocat Divorce","description":"","publisher":{"@id":"https:\/\/avocat-gc.com\/divorce\/#organization"},"potentialAction":[{"@type":"SearchAction","target":{"@type":"EntryPoint","urlTemplate":"https:\/\/avocat-gc.com\/divorce\/?s={search_term_string}"},"query-input":{"@type":"PropertyValueSpecification","valueRequired":true,"valueName":"search_term_string"}}],"inLanguage":"fr-FR"},{"@type":"Organization","@id":"https:\/\/avocat-gc.com\/divorce\/#organization","name":"Avocat GC - Avocat Divorce","url":"https:\/\/avocat-gc.com\/divorce\/","logo":{"@type":"ImageObject","inLanguage":"fr-FR","@id":"https:\/\/avocat-gc.com\/divorce\/#\/schema\/logo\/image\/","url":"https:\/\/avocat-gc.com\/divorce\/wp-content\/uploads\/2024\/04\/cropped-Sans-titre.png","contentUrl":"https:\/\/avocat-gc.com\/divorce\/wp-content\/uploads\/2024\/04\/cropped-Sans-titre.png","width":200,"height":180,"caption":"Avocat GC - Avocat Divorce"},"image":{"@id":"https:\/\/avocat-gc.com\/divorce\/#\/schema\/logo\/image\/"}}]}},"_links":{"self":[{"href":"https:\/\/avocat-gc.com\/divorce\/wp-json\/wp\/v2\/pages\/2213","targetHints":{"allow":["GET"]}}],"collection":[{"href":"https:\/\/avocat-gc.com\/divorce\/wp-json\/wp\/v2\/pages"}],"about":[{"href":"https:\/\/avocat-gc.com\/divorce\/wp-json\/wp\/v2\/types\/page"}],"author":[{"embeddable":true,"href":"https:\/\/avocat-gc.com\/divorce\/wp-json\/wp\/v2\/users\/1"}],"replies":[{"embeddable":true,"href":"https:\/\/avocat-gc.com\/divorce\/wp-json\/wp\/v2\/comments?post=2213"}],"version-history":[{"count":0,"href":"https:\/\/avocat-gc.com\/divorce\/wp-json\/wp\/v2\/pages\/2213\/revisions"}],"up":[{"embeddable":true,"href":"https:\/\/avocat-gc.com\/divorce\/wp-json\/wp\/v2\/pages\/6961"}],"wp:attachment":[{"href":"https:\/\/avocat-gc.com\/divorce\/wp-json\/wp\/v2\/media?parent=2213"}],"wp:term":[{"taxonomy":"priorite","embeddable":true,"href":"https:\/\/avocat-gc.com\/divorce\/wp-json\/wp\/v2\/priorite?post=2213"}],"curies":[{"name":"wp","href":"https:\/\/api.w.org\/{rel}","templated":true}]}}