{"id":2209,"date":"2024-03-29T15:34:17","date_gmt":"2024-03-29T15:34:17","guid":{"rendered":"https:\/\/avocat-gc.com\/divorce\/divorce-amiable-paris\/"},"modified":"2024-03-31T11:31:23","modified_gmt":"2024-03-31T11:31:23","slug":"divorce-amiable-paris","status":"publish","type":"page","link":"https:\/\/avocat-gc.com\/divorce\/avocat-divorce\/paris\/divorce-amiable-paris\/","title":{"rendered":"Avocat divorce amiable sans juge \u00e0 Paris (75)"},"content":{"rendered":"<p><a href=\"\/divorce\/avocat-divorce\/paris\/\" rel=\"nofollow noopener\" title=\"avocat divorce paris\" target=\"_parent\">\u25c4 Avocat divorce \u00e0 Paris (75)<\/a><\/p>\n<h2>LE DIVORCE SANS JUGE \u00c0 PARIS (75)<\/h2>\n<p> J&rsquo;INTERVIENS DANS TOUTE LA FRANCE <a href=\"http:\/\/avocat-gc.com\/divorce\/avocat-divorce\/paris\/\" rel=\"nofollow noopener\" title=\"\" target=\"_parent\">Notre cabinet \u00e0 Paris<\/a> : 42 Rue de L\u00fcbeck, 75116 Paris 01 47 04 25 40<\/p>\n<p class=\"img-left\"><img decoding=\"async\" alt=\"Avocat Divorce Amiable Sans Juge Paris (75) \" title=\"Avocat Divorce Amiable Sans Juge Paris (75)\" width=\"170\" border=\"2\" src=\"\/divorce\/wp-content\/uploads\/2024\/04\/avocat-divorce-amiable-paris.jpg\" \/><\/p>\n<p align=\"justify\"> Selon l\u2019article 230 du Code civil, le <a href=\"\/divorce\/divorce-amiable\/\" title=\"avocat divorce amiable paris\">divorce par consentement mutuel<\/a>\u00a0(appel\u00e9 \u00e9galement divorce \u00e0 l&rsquo;amiable) peut \u00eatre \u00ab demand\u00e9 conjointement par les \u00e9poux lorsqu\u2019ils s\u2019entendent sur la rupture du mariage et ses effets en soumettant \u00e0 l\u2019approbation du juge une convention r\u00e9glant les cons\u00e9quences du divorce \u00bb. Il s&rsquo;agit d&rsquo;une proc\u00e9dure rapide, simple et peu ch\u00e8re qui n\u00e9cessite l&rsquo;accord complet des deux \u00e9poux sur l&rsquo;ensemble des effets du divorce.\u00a0<\/p>\n<\/p>\n<\/p>\n<p> Par cons\u00e9quent, pour engager cette proc\u00e9dure \u00e0 l\u2019amiable, vous devez \u00eatre d\u2019accord sur chaque point de votre divorce: pension alimentaire, devenir des <a href=\"\/divorce\/definitions\/bien-commun\/\" title=\"avocat divorce partage maison\">biens communs<\/a>, r\u00e9sidence des enfants, etc&#8230; Le moindre d\u00e9saccord compromet le d\u00e9roulement d&rsquo;une proc\u00e9dure de divorce amiable et les deux conjoints devront alors envisager une proc\u00e9dure contentieuse, beaucoup plus longue et on\u00e9reuse.  La proc\u00e9dure de <a href=\"\/divorce\/avocat-divorce\/paris\/\" title=\"avocat divorce sans juge paris\" target=\"_parent\" rel=\"noopener\">divorce sans juge \u00e0 Paris<\/a> d\u00e9bute par un rendez-vous avec notre avocat divorce. Durant ce rendez-vous, nous r\u00e9digeons avec vous votre <a href=\"\/divorce\/convention-de-divorce\/\" title=\"avocat divorce convention\">convention de divorce<\/a> qui \u00e9tablit chaque point de votre divorce. Une fois ce document r\u00e9dig\u00e9, nous \u00e9tablissons votre dossier en r\u00e9unissant les pi\u00e8ces suivantes:\u00a0<\/p>\n<p>La photocopie int\u00e9grale du livret de famille ;<br \/>\nLa photocopie de la pi\u00e8ce d\u2019identit\u00e9 des deux \u00e9poux ;<br \/>\nDeux justificatifs de domicile ;<br \/>\nLa copie int\u00e9grale des actes de naissance des deux \u00e9poux et des enfants datant de moins de 3 mois (ou 6 mois s\u2019il s\u2019agit d\u2019un acte \u00e9tranger) ;<br \/>\nLa copie int\u00e9grale de l\u2019acte de mariage des \u00e9poux datant de moins de 3 mois (ou 6 mois s\u2019il s\u2019agit d\u2019un acte \u00e9tranger) ;<br \/>\nLe contrat de mariage si les \u00e9poux sont mari\u00e9s sous le r\u00e9gime de la s\u00e9paration de biens, de la participation aux acqu\u00eats ou de la communaut\u00e9 universelle ;<br \/>\nLes d\u00e9clarations sur l\u2019honneur s\u2019il y a lieu \u00e0 une<a href=\"\/divorce\/definitions\/prestation-compensatoire\/\" title=\"avocat divorce prestation compensatoire\" target=\"\" rel=\"noopener\"> prestation compensatoire <\/a>;<br \/>\nLa copie authentique de l\u2019acte notari\u00e9 (\u00e9tat liquidatif ou convention d\u2019indivision).<\/p>\n<p align=\"justify\">Cependant, pour obtenir la liste exacte et pr\u00e9cise des pi\u00e8ces demand\u00e9es en fonction de votre situation, n&rsquo;h\u00e9sitez pas \u00e0 effectuer une simulation en ligne via notre <a href=\"\/divorce\/devis-gratuit\/\" title=\"avocat divorce devis\">demande de devis<\/a>.\u00a0Une fois le dossier complet, notre cabinet d\u2019avocats vous transmet par voie postable votre projet de convention de divorce afin d&rsquo;\u00eatre soumis \u00e0 votre signature dans un d\u00e9lai de 15 jours. Le document sign\u00e9 est ensuite transmis par nos soins au notaire qui enregistre votre divorce en lui donnant<a href=\"\/divorce\/definitions\/force-executoire\/\" title=\"notaire divorce\"> force ex\u00e9cutoire<\/a> et date certaine. Vous \u00eates officiellement divorc\u00e9.\u00a0Nous nous chargeons \u00e9galement de transcrire votre divorce sur vos actes d&rsquo;\u00e9tat civil.\u00a0Votre divorce est alors <a href=\"\/divorce\/tiers\/\" title=\"tiers divorce\">opposable aux tiers<\/a>.<\/p>\n<h3>Articles li\u00e9s<\/h3>\n<p><a href=\"\/divorce\/articles\/quelles-sont-les-conditions-du-divorce-sans-juge\/\" title=\"divorce sans juge conditions\">Les conditions du divorce sans juge<\/a><br \/>\n<a href=\"\/divorce\/articles\/comment-bien-commencer-sa-procedure-de-divorce\/\" title=\"Proc\u00e9dure divorce sans juge\" target=\"_parent\" rel=\"noopener\">Comment bien commencer sa proc\u00e9dure de divorce?<\/a><br \/>\n<a href=\"\/divorce\/articles\/les-avantages-du-divorce-sans-juge\/\" title=\"avantages divorce sans juge\" target=\"_parent\" rel=\"noopener\">Les avantages du divorce sans juge<\/a><\/p>\n<p>\u25ba A T\u00c9L\u00c9CHARGER: <a href=\"\/divorce\/divorce-sans-juge\/convention-paris\/\" rel=\"nofollow\">Mod\u00e8le de convention de divorce sans juge \u00e0 Paris<\/a><\/p>\n<p align=\"justify\">Divorcer sans juge est simple et rapide. Notre cabinet met tout en oeuvre pour vous divorcer dans un d\u00e9lai habituel d&rsquo;un moins. Le tarif d&rsquo;un divorce sans juge \u00e0 Paris (75) d\u00e9pend de votre situation :<\/p>\n","protected":false},"excerpt":{"rendered":"<p>\u25c4 Avocat divorce \u00e0 Paris (75) LE DIVORCE SANS JUGE \u00c0 PARIS (75) J&rsquo;INTERVIENS DANS TOUTE LA FRANCE Notre cabinet \u00e0 Paris : 42 Rue de L\u00fcbeck, 75116 Paris 01 47 04 25 40 Selon l\u2019article 230 du Code civil, le divorce par consentement mutuel\u00a0(appel\u00e9 \u00e9galement divorce \u00e0 l&rsquo;amiable) peut \u00eatre \u00ab demand\u00e9 conjointement par [&hellip;]<\/p>\n","protected":false},"author":1,"featured_media":0,"parent":7071,"menu_order":0,"comment_status":"closed","ping_status":"closed","template":"","meta":{"_acf_changed":false,"inline_featured_image":false,"footnotes":""},"priorite":[],"class_list":["post-2209","page","type-page","status-publish","hentry"],"acf":[],"yoast_head":"<!-- This site is optimized with the Yoast SEO plugin v27.4 - https:\/\/yoast.com\/product\/yoast-seo-wordpress\/ -->\n<title>Avocat divorce amiable sans juge \u00e0 Paris (75) - Avocat Divorce<\/title>\n<meta name=\"description\" content=\"Divorcez \u00e0 l&#039;amiable et sans juge \u00e0 Paris (75) en 1 mois. Contactez notre Avocat Divorce au \u260e 01.47.04.25.40 . Devis Gratuit et Imm\u00e9diat. Cabinet d&#039;Avocats GC. Divorce amiable - Divorce sans juge - Divorce par consentement mutuel\" \/>\n<meta name=\"robots\" content=\"index, follow, max-snippet:-1, max-image-preview:large, max-video-preview:-1\" \/>\n<link rel=\"canonical\" href=\"https:\/\/avocat-gc.com\/divorce\/avocat-divorce\/paris\/divorce-amiable-paris\/\" \/>\n<meta property=\"og:locale\" content=\"fr_FR\" \/>\n<meta property=\"og:type\" content=\"article\" \/>\n<meta property=\"og:title\" content=\"Avocat divorce amiable sans juge \u00e0 Paris (75) - Avocat Divorce\" \/>\n<meta property=\"og:description\" content=\"Divorcez \u00e0 l&#039;amiable et sans juge \u00e0 Paris (75) en 1 mois. Contactez notre Avocat Divorce au \u260e 01.47.04.25.40 . Devis Gratuit et Imm\u00e9diat. Cabinet d&#039;Avocats GC. Divorce amiable - Divorce sans juge - Divorce par consentement mutuel\" \/>\n<meta property=\"og:url\" content=\"https:\/\/avocat-gc.com\/divorce\/avocat-divorce\/paris\/divorce-amiable-paris\/\" \/>\n<meta property=\"og:site_name\" content=\"Avocat GC - Avocat Divorce\" \/>\n<meta property=\"article:modified_time\" content=\"2024-03-31T11:31:23+00:00\" \/>\n<meta name=\"twitter:card\" content=\"summary_large_image\" \/>\n<script type=\"application\/ld+json\" class=\"yoast-schema-graph\">{\"@context\":\"https:\\\/\\\/schema.org\",\"@graph\":[{\"@type\":\"WebPage\",\"@id\":\"https:\\\/\\\/avocat-gc.com\\\/divorce\\\/avocat-divorce\\\/paris\\\/divorce-amiable-paris\\\/\",\"url\":\"https:\\\/\\\/avocat-gc.com\\\/divorce\\\/avocat-divorce\\\/paris\\\/divorce-amiable-paris\\\/\",\"name\":\"Avocat divorce amiable sans juge \u00e0 Paris (75) - Avocat Divorce\",\"isPartOf\":{\"@id\":\"https:\\\/\\\/avocat-gc.com\\\/divorce\\\/#website\"},\"datePublished\":\"2024-03-29T15:34:17+00:00\",\"dateModified\":\"2024-03-31T11:31:23+00:00\",\"description\":\"Divorcez \u00e0 l'amiable et sans juge \u00e0 Paris (75) en 1 mois. Contactez notre Avocat Divorce au \u260e 01.47.04.25.40 . Devis Gratuit et Imm\u00e9diat. Cabinet d'Avocats GC. Divorce amiable - Divorce sans juge - Divorce par consentement mutuel\",\"breadcrumb\":{\"@id\":\"https:\\\/\\\/avocat-gc.com\\\/divorce\\\/avocat-divorce\\\/paris\\\/divorce-amiable-paris\\\/#breadcrumb\"},\"inLanguage\":\"fr-FR\",\"potentialAction\":[{\"@type\":\"ReadAction\",\"target\":[\"https:\\\/\\\/avocat-gc.com\\\/divorce\\\/avocat-divorce\\\/paris\\\/divorce-amiable-paris\\\/\"]}]},{\"@type\":\"BreadcrumbList\",\"@id\":\"https:\\\/\\\/avocat-gc.com\\\/divorce\\\/avocat-divorce\\\/paris\\\/divorce-amiable-paris\\\/#breadcrumb\",\"itemListElement\":[{\"@type\":\"ListItem\",\"position\":1,\"name\":\"Accueil\",\"item\":\"https:\\\/\\\/avocat-gc.com\\\/divorce\\\/\"},{\"@type\":\"ListItem\",\"position\":2,\"name\":\"Avocat Divorce\",\"item\":\"https:\\\/\\\/avocat-gc.com\\\/divorce\\\/avocat-divorce\\\/\"},{\"@type\":\"ListItem\",\"position\":3,\"name\":\"Avocat Divorce \u00e0 Paris (75)\",\"item\":\"https:\\\/\\\/avocat-gc.com\\\/divorce\\\/avocat-divorce\\\/paris\\\/\"},{\"@type\":\"ListItem\",\"position\":4,\"name\":\"Avocat divorce amiable sans juge \u00e0 Paris (75)\"}]},{\"@type\":\"WebSite\",\"@id\":\"https:\\\/\\\/avocat-gc.com\\\/divorce\\\/#website\",\"url\":\"https:\\\/\\\/avocat-gc.com\\\/divorce\\\/\",\"name\":\"Avocat GC - Avocat Divorce\",\"description\":\"\",\"publisher\":{\"@id\":\"https:\\\/\\\/avocat-gc.com\\\/divorce\\\/#organization\"},\"potentialAction\":[{\"@type\":\"SearchAction\",\"target\":{\"@type\":\"EntryPoint\",\"urlTemplate\":\"https:\\\/\\\/avocat-gc.com\\\/divorce\\\/?s={search_term_string}\"},\"query-input\":{\"@type\":\"PropertyValueSpecification\",\"valueRequired\":true,\"valueName\":\"search_term_string\"}}],\"inLanguage\":\"fr-FR\"},{\"@type\":\"Organization\",\"@id\":\"https:\\\/\\\/avocat-gc.com\\\/divorce\\\/#organization\",\"name\":\"Avocat GC - Avocat Divorce\",\"url\":\"https:\\\/\\\/avocat-gc.com\\\/divorce\\\/\",\"logo\":{\"@type\":\"ImageObject\",\"inLanguage\":\"fr-FR\",\"@id\":\"https:\\\/\\\/avocat-gc.com\\\/divorce\\\/#\\\/schema\\\/logo\\\/image\\\/\",\"url\":\"https:\\\/\\\/avocat-gc.com\\\/divorce\\\/wp-content\\\/uploads\\\/2024\\\/04\\\/cropped-Sans-titre.png\",\"contentUrl\":\"https:\\\/\\\/avocat-gc.com\\\/divorce\\\/wp-content\\\/uploads\\\/2024\\\/04\\\/cropped-Sans-titre.png\",\"width\":200,\"height\":180,\"caption\":\"Avocat GC - Avocat Divorce\"},\"image\":{\"@id\":\"https:\\\/\\\/avocat-gc.com\\\/divorce\\\/#\\\/schema\\\/logo\\\/image\\\/\"}}]}<\/script>\n<!-- \/ Yoast SEO plugin. -->","yoast_head_json":{"title":"Avocat divorce amiable sans juge \u00e0 Paris (75) - Avocat Divorce","description":"Divorcez \u00e0 l'amiable et sans juge \u00e0 Paris (75) en 1 mois. Contactez notre Avocat Divorce au \u260e 01.47.04.25.40 . Devis Gratuit et Imm\u00e9diat. Cabinet d'Avocats GC. Divorce amiable - Divorce sans juge - Divorce par consentement mutuel","robots":{"index":"index","follow":"follow","max-snippet":"max-snippet:-1","max-image-preview":"max-image-preview:large","max-video-preview":"max-video-preview:-1"},"canonical":"https:\/\/avocat-gc.com\/divorce\/avocat-divorce\/paris\/divorce-amiable-paris\/","og_locale":"fr_FR","og_type":"article","og_title":"Avocat divorce amiable sans juge \u00e0 Paris (75) - Avocat Divorce","og_description":"Divorcez \u00e0 l'amiable et sans juge \u00e0 Paris (75) en 1 mois. Contactez notre Avocat Divorce au \u260e 01.47.04.25.40 . Devis Gratuit et Imm\u00e9diat. Cabinet d'Avocats GC. Divorce amiable - Divorce sans juge - Divorce par consentement mutuel","og_url":"https:\/\/avocat-gc.com\/divorce\/avocat-divorce\/paris\/divorce-amiable-paris\/","og_site_name":"Avocat GC - Avocat Divorce","article_modified_time":"2024-03-31T11:31:23+00:00","twitter_card":"summary_large_image","schema":{"@context":"https:\/\/schema.org","@graph":[{"@type":"WebPage","@id":"https:\/\/avocat-gc.com\/divorce\/avocat-divorce\/paris\/divorce-amiable-paris\/","url":"https:\/\/avocat-gc.com\/divorce\/avocat-divorce\/paris\/divorce-amiable-paris\/","name":"Avocat divorce amiable sans juge \u00e0 Paris (75) - Avocat Divorce","isPartOf":{"@id":"https:\/\/avocat-gc.com\/divorce\/#website"},"datePublished":"2024-03-29T15:34:17+00:00","dateModified":"2024-03-31T11:31:23+00:00","description":"Divorcez \u00e0 l'amiable et sans juge \u00e0 Paris (75) en 1 mois. Contactez notre Avocat Divorce au \u260e 01.47.04.25.40 . Devis Gratuit et Imm\u00e9diat. Cabinet d'Avocats GC. Divorce amiable - Divorce sans juge - Divorce par consentement mutuel","breadcrumb":{"@id":"https:\/\/avocat-gc.com\/divorce\/avocat-divorce\/paris\/divorce-amiable-paris\/#breadcrumb"},"inLanguage":"fr-FR","potentialAction":[{"@type":"ReadAction","target":["https:\/\/avocat-gc.com\/divorce\/avocat-divorce\/paris\/divorce-amiable-paris\/"]}]},{"@type":"BreadcrumbList","@id":"https:\/\/avocat-gc.com\/divorce\/avocat-divorce\/paris\/divorce-amiable-paris\/#breadcrumb","itemListElement":[{"@type":"ListItem","position":1,"name":"Accueil","item":"https:\/\/avocat-gc.com\/divorce\/"},{"@type":"ListItem","position":2,"name":"Avocat Divorce","item":"https:\/\/avocat-gc.com\/divorce\/avocat-divorce\/"},{"@type":"ListItem","position":3,"name":"Avocat Divorce \u00e0 Paris (75)","item":"https:\/\/avocat-gc.com\/divorce\/avocat-divorce\/paris\/"},{"@type":"ListItem","position":4,"name":"Avocat divorce amiable sans juge \u00e0 Paris (75)"}]},{"@type":"WebSite","@id":"https:\/\/avocat-gc.com\/divorce\/#website","url":"https:\/\/avocat-gc.com\/divorce\/","name":"Avocat GC - Avocat Divorce","description":"","publisher":{"@id":"https:\/\/avocat-gc.com\/divorce\/#organization"},"potentialAction":[{"@type":"SearchAction","target":{"@type":"EntryPoint","urlTemplate":"https:\/\/avocat-gc.com\/divorce\/?s={search_term_string}"},"query-input":{"@type":"PropertyValueSpecification","valueRequired":true,"valueName":"search_term_string"}}],"inLanguage":"fr-FR"},{"@type":"Organization","@id":"https:\/\/avocat-gc.com\/divorce\/#organization","name":"Avocat GC - Avocat Divorce","url":"https:\/\/avocat-gc.com\/divorce\/","logo":{"@type":"ImageObject","inLanguage":"fr-FR","@id":"https:\/\/avocat-gc.com\/divorce\/#\/schema\/logo\/image\/","url":"https:\/\/avocat-gc.com\/divorce\/wp-content\/uploads\/2024\/04\/cropped-Sans-titre.png","contentUrl":"https:\/\/avocat-gc.com\/divorce\/wp-content\/uploads\/2024\/04\/cropped-Sans-titre.png","width":200,"height":180,"caption":"Avocat GC - Avocat Divorce"},"image":{"@id":"https:\/\/avocat-gc.com\/divorce\/#\/schema\/logo\/image\/"}}]}},"_links":{"self":[{"href":"https:\/\/avocat-gc.com\/divorce\/wp-json\/wp\/v2\/pages\/2209","targetHints":{"allow":["GET"]}}],"collection":[{"href":"https:\/\/avocat-gc.com\/divorce\/wp-json\/wp\/v2\/pages"}],"about":[{"href":"https:\/\/avocat-gc.com\/divorce\/wp-json\/wp\/v2\/types\/page"}],"author":[{"embeddable":true,"href":"https:\/\/avocat-gc.com\/divorce\/wp-json\/wp\/v2\/users\/1"}],"replies":[{"embeddable":true,"href":"https:\/\/avocat-gc.com\/divorce\/wp-json\/wp\/v2\/comments?post=2209"}],"version-history":[{"count":0,"href":"https:\/\/avocat-gc.com\/divorce\/wp-json\/wp\/v2\/pages\/2209\/revisions"}],"up":[{"embeddable":true,"href":"https:\/\/avocat-gc.com\/divorce\/wp-json\/wp\/v2\/pages\/7071"}],"wp:attachment":[{"href":"https:\/\/avocat-gc.com\/divorce\/wp-json\/wp\/v2\/media?parent=2209"}],"wp:term":[{"taxonomy":"priorite","embeddable":true,"href":"https:\/\/avocat-gc.com\/divorce\/wp-json\/wp\/v2\/priorite?post=2209"}],"curies":[{"name":"wp","href":"https:\/\/api.w.org\/{rel}","templated":true}]}}