{"id":2202,"date":"2024-03-29T15:34:15","date_gmt":"2024-03-29T15:34:15","guid":{"rendered":"https:\/\/avocat-gc.com\/divorce\/divorce-amiable-noisy-le-sec\/"},"modified":"2024-03-31T11:31:22","modified_gmt":"2024-03-31T11:31:22","slug":"divorce-amiable-noisy-le-sec","status":"publish","type":"page","link":"https:\/\/avocat-gc.com\/divorce\/avocat-divorce\/noisy-le-sec\/divorce-amiable-noisy-le-sec\/","title":{"rendered":"Avocat divorce amiable sans juge \u00e0 Noisy-le-Sec"},"content":{"rendered":"<\/p>\n<p>Avocat divorce et divorce amiable \u00e0 Noisy-le-Sec<a href=\"\/divorce\/avocat-divorce\/noisy-le-sec\/\" rel=\"nofollow noopener\" target=\"_parent\">\u25c4 Avocat divorce \u00e0 Noisy-le-Sec (93)<\/a><\/p>\n<h2>LE DIVORCE SANS JUGE \u00c0 NOISY-LE-SEC<\/h2>\n<\/p>\n<p class=\"img-left\"><img decoding=\"async\" alt=\"Avocat Divorce Amiable Noisy-le-Sec (93)\" title=\"Avocat Divorce Amiable Noisy-le-Sec (93)\" width=\"170\" border=\"2\" src=\"\/divorce\/wp-content\/uploads\/2024\/04\/avocat-divorce-amiable-paris.jpg\" \/><\/p>\n<p align=\"justify\">Le\u00a0<a href=\"\/divorce\/divorce-amiable\/\" rel=\"nofollow noopener\" title=\"\" target=\"_parent\">divorce \u00e0 l\u2019amiable<\/a>, \u00e9galement appel\u00e9 \u00ab\u00a0divorce par consentement mutuel\u00a0\u00bb est une proc\u00e9dure simple, rapide et \u00e9conomique. D\u00e9sormais, cette proc\u00e9dure permet aux \u00e9poux de divorcer directement au cabinet d&rsquo;avocats. Nous vous assistons durant la proc\u00e9dure enti\u00e8re.Avant de se lancer dans un <a href=\"\/divorce\/avocat-divorce\/noisy-le-sec\/\" rel=\"nofollow noopener\" target=\"_parent\">divorce sans juge \u00e0 Noisy-le-Sec<\/a>, il est obligatoire que les \u00e9poux s&rsquo;entendent sur tous les aspects du divorce, que ce soit la liquidation du r\u00e9gime matrimonial, la garde des enfants, la pension alimentaire, ou  la prestation compensatoire. Une fois ces conditions remplies, nous constituons votre dossier. Nous avons besoin des pi\u00e8ces suivantes:<\/p>\n<p>&#8211;\tles copies int\u00e9grales des actes de naissance des \u00e9poux et des enfants datant de moins de 3 mois.<br \/>\n&#8211;\tla copie int\u00e9grale de l\u2019acte de mariage datant de moins de 3 mois.<br \/>\n&#8211;\tLes justificatifs de domicile des \u00e9poux vivant \u00e0 Noisy-le-SecSi vous avez un bien immobilier en commun, il convient de proc\u00e9der \u00e0 la liquidation de celui-ci. Trois options s\u2019offrent \u00e0 vous. Soit vous d\u00e9cidez de proc\u00e9der \u00e0 la vente de votre bien situ\u00e9 \u00e0 Noisy-le-Sec, soit vous vous rapprochez d\u2019un notaire pour effectuer :<br \/>\n&#8211;\tUne convention d\u2019indivision, c\u2019est-\u00e0-dire que vous restez propri\u00e9taires tous les deux de votre bien<br \/>\n&#8211;\tUn \u00e9tat liquidatif, c\u2019est-\u00e0-dire que l\u2019un des \u00e9poux rach\u00e8te la part de l\u2019autre<\/p>\n<p align=\"justify\">Puis nous r\u00e9digeons une <a href=\"\/divorce\/convention-de-divorce\/\" rel=\"nofollow noopener\" title=\"\" target=\"\">convention de divorce<\/a>\u00a0, sorte de contrat de divorce r\u00e9glant chaque d\u00e9tail du divorce. Nous vous transmettons le projet de convention par courrier postal en recommand\u00e9 avec accus\u00e9 de r\u00e9ception (A.R)Les \u00e9poux poss\u00e9dent, par la suite, un d\u00e9lai de 15 jours avant de signer le projet de convention ou se r\u00e9tracter. Une fois le projet sign\u00e9, la convention est adress\u00e9e au notaire qui lui donnera\u00a0<a href=\"\/divorce\/definitions\/force-executoire\/\" rel=\"nofollow noopener\" title=\"\" target=\"\">force \u00e9xecutoire<\/a> et date certaine.Le divorce est alors prononc\u00e9 \u00e0 ce moment.Si tout d\u00e9saccord venait \u00e0 surgir concernant la convention de divorce, il faudrait alors s&rsquo;engager dans une proc\u00e9dure de divorce contentieuse\u00a0qui n\u00e9cessite une audience devant le<a href=\"\/divorce\/definitions\/juge-aux-affaires-familiales\/\" rel=\"nofollow noopener\" title=\"\" target=\"\"> Juge aux Affaires Familiales<\/a>.Si vous souhaitez en savoir davantage sur le divorce sans juge, veuillez consulter notre page:\n<\/p>\n<\/p>\n<p><a href=\"\/divorce\/divorce-sans-juge\/\" rel=\"nofollow noopener\" target=\"_parent\"> \u25ba AVOCAT DIVORCE SANS JUGE <\/a><\/p>\n<h3>Articles li\u00e9s<\/h3>\n<p><a href=\"\/divorce\/articles\/comment-bien-commencer-sa-procedure-de-divorce\/\" rel=\"nofollow noopener\" title=\"\" target=\"_parent\">Comment bien commencer sa proc\u00e9dure de divorce?<\/a><br \/>\n<a href=\"\/divorce\/articles\/les-avantages-du-divorce-sans-juge\/\" rel=\"nofollow noopener\" title=\"\" target=\"_parent\">Les avantages du divorce sans juge<\/a><br \/>\n<a href=\"\/divorce\/articles\/quand-et-comment-peut-quitter-le-domicile-conjugal\/\" rel=\"nofollow noopener\" title=\"\" target=\"_parent\">Quand et comment peut-on quitter le domicile conjugal ?<\/a><\/p>\n<p>\u25ba A T\u00c9L\u00c9CHARGER: <a href=\"\/divorce\/divorce-sans-juge\/convention-noisy-le-sec\/\" rel=\"nofollow\">Mod\u00e8le de convention de divorce sans juge \u00e0 Noisy-le-Sec<\/a><\/p>\n<h3>Divorce sans juge &#8211; les tarifs<\/h3>\n<p>Les tarifs d&rsquo;un\u00a0divorce sans juge \u00e0 Noisy-le-Sec (93)\u00a0d\u00e9pendent de votre situation<\/p>\n","protected":false},"excerpt":{"rendered":"<p>Avocat divorce et divorce amiable \u00e0 Noisy-le-Sec\u25c4 Avocat divorce \u00e0 Noisy-le-Sec (93) LE DIVORCE SANS JUGE \u00c0 NOISY-LE-SEC Le\u00a0divorce \u00e0 l\u2019amiable, \u00e9galement appel\u00e9 \u00ab\u00a0divorce par consentement mutuel\u00a0\u00bb est une proc\u00e9dure simple, rapide et \u00e9conomique. D\u00e9sormais, cette proc\u00e9dure permet aux \u00e9poux de divorcer directement au cabinet d&rsquo;avocats. Nous vous assistons durant la proc\u00e9dure enti\u00e8re.Avant de se [&hellip;]<\/p>\n","protected":false},"author":1,"featured_media":0,"parent":6963,"menu_order":0,"comment_status":"closed","ping_status":"closed","template":"","meta":{"_acf_changed":false,"inline_featured_image":false,"footnotes":""},"priorite":[],"class_list":["post-2202","page","type-page","status-publish","hentry"],"acf":[],"yoast_head":"<!-- This site is optimized with the Yoast SEO plugin v27.6 - https:\/\/yoast.com\/product\/yoast-seo-wordpress\/ -->\n<title>Avocat divorce amiable sans juge \u00e0 Noisy-le-Sec - Avocat Divorce<\/title>\n<meta name=\"description\" content=\"Divorcez \u00e0 l&#039;amiable et sans juge \u00e0 Noisy-le-Sec (93) en 1 mois. Contactez un Avocat divorce au 01.47.04.25.40 . Devis Gratuit &amp; Imm\u00e9diat. Cabinet Avocat GC. Divorce amiable - Divorce sans juge \u2013 Divorce par consentement mutuel\" \/>\n<meta name=\"robots\" content=\"index, follow, max-snippet:-1, max-image-preview:large, max-video-preview:-1\" \/>\n<link rel=\"canonical\" href=\"https:\/\/avocat-gc.com\/divorce\/avocat-divorce\/noisy-le-sec\/divorce-amiable-noisy-le-sec\/\" \/>\n<meta property=\"og:locale\" content=\"fr_FR\" \/>\n<meta property=\"og:type\" content=\"article\" \/>\n<meta property=\"og:title\" content=\"Avocat divorce amiable sans juge \u00e0 Noisy-le-Sec - Avocat Divorce\" \/>\n<meta property=\"og:description\" content=\"Divorcez \u00e0 l&#039;amiable et sans juge \u00e0 Noisy-le-Sec (93) en 1 mois. Contactez un Avocat divorce au 01.47.04.25.40 . Devis Gratuit &amp; Imm\u00e9diat. Cabinet Avocat GC. Divorce amiable - Divorce sans juge \u2013 Divorce par consentement mutuel\" \/>\n<meta property=\"og:url\" content=\"https:\/\/avocat-gc.com\/divorce\/avocat-divorce\/noisy-le-sec\/divorce-amiable-noisy-le-sec\/\" \/>\n<meta property=\"og:site_name\" content=\"Avocat GC - Avocat Divorce\" \/>\n<meta property=\"article:modified_time\" content=\"2024-03-31T11:31:22+00:00\" \/>\n<meta name=\"twitter:card\" content=\"summary_large_image\" \/>\n<script type=\"application\/ld+json\" class=\"yoast-schema-graph\">{\"@context\":\"https:\\\/\\\/schema.org\",\"@graph\":[{\"@type\":\"WebPage\",\"@id\":\"https:\\\/\\\/avocat-gc.com\\\/divorce\\\/avocat-divorce\\\/noisy-le-sec\\\/divorce-amiable-noisy-le-sec\\\/\",\"url\":\"https:\\\/\\\/avocat-gc.com\\\/divorce\\\/avocat-divorce\\\/noisy-le-sec\\\/divorce-amiable-noisy-le-sec\\\/\",\"name\":\"Avocat divorce amiable sans juge \u00e0 Noisy-le-Sec - Avocat Divorce\",\"isPartOf\":{\"@id\":\"https:\\\/\\\/avocat-gc.com\\\/divorce\\\/#website\"},\"datePublished\":\"2024-03-29T15:34:15+00:00\",\"dateModified\":\"2024-03-31T11:31:22+00:00\",\"description\":\"Divorcez \u00e0 l'amiable et sans juge \u00e0 Noisy-le-Sec (93) en 1 mois. Contactez un Avocat divorce au 01.47.04.25.40 . Devis Gratuit & Imm\u00e9diat. Cabinet Avocat GC. Divorce amiable - Divorce sans juge \u2013 Divorce par consentement mutuel\",\"breadcrumb\":{\"@id\":\"https:\\\/\\\/avocat-gc.com\\\/divorce\\\/avocat-divorce\\\/noisy-le-sec\\\/divorce-amiable-noisy-le-sec\\\/#breadcrumb\"},\"inLanguage\":\"fr-FR\",\"potentialAction\":[{\"@type\":\"ReadAction\",\"target\":[\"https:\\\/\\\/avocat-gc.com\\\/divorce\\\/avocat-divorce\\\/noisy-le-sec\\\/divorce-amiable-noisy-le-sec\\\/\"]}]},{\"@type\":\"BreadcrumbList\",\"@id\":\"https:\\\/\\\/avocat-gc.com\\\/divorce\\\/avocat-divorce\\\/noisy-le-sec\\\/divorce-amiable-noisy-le-sec\\\/#breadcrumb\",\"itemListElement\":[{\"@type\":\"ListItem\",\"position\":1,\"name\":\"Accueil\",\"item\":\"https:\\\/\\\/avocat-gc.com\\\/divorce\\\/\"},{\"@type\":\"ListItem\",\"position\":2,\"name\":\"Avocat Divorce\",\"item\":\"https:\\\/\\\/avocat-gc.com\\\/divorce\\\/avocat-divorce\\\/\"},{\"@type\":\"ListItem\",\"position\":3,\"name\":\"Avocat Divorce \u00e0 Noisy-le-Sec (93)\",\"item\":\"https:\\\/\\\/avocat-gc.com\\\/divorce\\\/avocat-divorce\\\/noisy-le-sec\\\/\"},{\"@type\":\"ListItem\",\"position\":4,\"name\":\"Avocat divorce amiable sans juge \u00e0 Noisy-le-Sec\"}]},{\"@type\":\"WebSite\",\"@id\":\"https:\\\/\\\/avocat-gc.com\\\/divorce\\\/#website\",\"url\":\"https:\\\/\\\/avocat-gc.com\\\/divorce\\\/\",\"name\":\"Avocat GC - Avocat Divorce\",\"description\":\"\",\"publisher\":{\"@id\":\"https:\\\/\\\/avocat-gc.com\\\/divorce\\\/#organization\"},\"potentialAction\":[{\"@type\":\"SearchAction\",\"target\":{\"@type\":\"EntryPoint\",\"urlTemplate\":\"https:\\\/\\\/avocat-gc.com\\\/divorce\\\/?s={search_term_string}\"},\"query-input\":{\"@type\":\"PropertyValueSpecification\",\"valueRequired\":true,\"valueName\":\"search_term_string\"}}],\"inLanguage\":\"fr-FR\"},{\"@type\":\"Organization\",\"@id\":\"https:\\\/\\\/avocat-gc.com\\\/divorce\\\/#organization\",\"name\":\"Avocat GC - Avocat Divorce\",\"url\":\"https:\\\/\\\/avocat-gc.com\\\/divorce\\\/\",\"logo\":{\"@type\":\"ImageObject\",\"inLanguage\":\"fr-FR\",\"@id\":\"https:\\\/\\\/avocat-gc.com\\\/divorce\\\/#\\\/schema\\\/logo\\\/image\\\/\",\"url\":\"https:\\\/\\\/avocat-gc.com\\\/divorce\\\/wp-content\\\/uploads\\\/2024\\\/04\\\/cropped-Sans-titre.png\",\"contentUrl\":\"https:\\\/\\\/avocat-gc.com\\\/divorce\\\/wp-content\\\/uploads\\\/2024\\\/04\\\/cropped-Sans-titre.png\",\"width\":200,\"height\":180,\"caption\":\"Avocat GC - Avocat Divorce\"},\"image\":{\"@id\":\"https:\\\/\\\/avocat-gc.com\\\/divorce\\\/#\\\/schema\\\/logo\\\/image\\\/\"}}]}<\/script>\n<!-- \/ Yoast SEO plugin. -->","yoast_head_json":{"title":"Avocat divorce amiable sans juge \u00e0 Noisy-le-Sec - Avocat Divorce","description":"Divorcez \u00e0 l'amiable et sans juge \u00e0 Noisy-le-Sec (93) en 1 mois. Contactez un Avocat divorce au 01.47.04.25.40 . Devis Gratuit & Imm\u00e9diat. Cabinet Avocat GC. Divorce amiable - Divorce sans juge \u2013 Divorce par consentement mutuel","robots":{"index":"index","follow":"follow","max-snippet":"max-snippet:-1","max-image-preview":"max-image-preview:large","max-video-preview":"max-video-preview:-1"},"canonical":"https:\/\/avocat-gc.com\/divorce\/avocat-divorce\/noisy-le-sec\/divorce-amiable-noisy-le-sec\/","og_locale":"fr_FR","og_type":"article","og_title":"Avocat divorce amiable sans juge \u00e0 Noisy-le-Sec - Avocat Divorce","og_description":"Divorcez \u00e0 l'amiable et sans juge \u00e0 Noisy-le-Sec (93) en 1 mois. Contactez un Avocat divorce au 01.47.04.25.40 . Devis Gratuit & Imm\u00e9diat. Cabinet Avocat GC. Divorce amiable - Divorce sans juge \u2013 Divorce par consentement mutuel","og_url":"https:\/\/avocat-gc.com\/divorce\/avocat-divorce\/noisy-le-sec\/divorce-amiable-noisy-le-sec\/","og_site_name":"Avocat GC - Avocat Divorce","article_modified_time":"2024-03-31T11:31:22+00:00","twitter_card":"summary_large_image","schema":{"@context":"https:\/\/schema.org","@graph":[{"@type":"WebPage","@id":"https:\/\/avocat-gc.com\/divorce\/avocat-divorce\/noisy-le-sec\/divorce-amiable-noisy-le-sec\/","url":"https:\/\/avocat-gc.com\/divorce\/avocat-divorce\/noisy-le-sec\/divorce-amiable-noisy-le-sec\/","name":"Avocat divorce amiable sans juge \u00e0 Noisy-le-Sec - Avocat Divorce","isPartOf":{"@id":"https:\/\/avocat-gc.com\/divorce\/#website"},"datePublished":"2024-03-29T15:34:15+00:00","dateModified":"2024-03-31T11:31:22+00:00","description":"Divorcez \u00e0 l'amiable et sans juge \u00e0 Noisy-le-Sec (93) en 1 mois. Contactez un Avocat divorce au 01.47.04.25.40 . Devis Gratuit & Imm\u00e9diat. Cabinet Avocat GC. Divorce amiable - Divorce sans juge \u2013 Divorce par consentement mutuel","breadcrumb":{"@id":"https:\/\/avocat-gc.com\/divorce\/avocat-divorce\/noisy-le-sec\/divorce-amiable-noisy-le-sec\/#breadcrumb"},"inLanguage":"fr-FR","potentialAction":[{"@type":"ReadAction","target":["https:\/\/avocat-gc.com\/divorce\/avocat-divorce\/noisy-le-sec\/divorce-amiable-noisy-le-sec\/"]}]},{"@type":"BreadcrumbList","@id":"https:\/\/avocat-gc.com\/divorce\/avocat-divorce\/noisy-le-sec\/divorce-amiable-noisy-le-sec\/#breadcrumb","itemListElement":[{"@type":"ListItem","position":1,"name":"Accueil","item":"https:\/\/avocat-gc.com\/divorce\/"},{"@type":"ListItem","position":2,"name":"Avocat Divorce","item":"https:\/\/avocat-gc.com\/divorce\/avocat-divorce\/"},{"@type":"ListItem","position":3,"name":"Avocat Divorce \u00e0 Noisy-le-Sec (93)","item":"https:\/\/avocat-gc.com\/divorce\/avocat-divorce\/noisy-le-sec\/"},{"@type":"ListItem","position":4,"name":"Avocat divorce amiable sans juge \u00e0 Noisy-le-Sec"}]},{"@type":"WebSite","@id":"https:\/\/avocat-gc.com\/divorce\/#website","url":"https:\/\/avocat-gc.com\/divorce\/","name":"Avocat GC - Avocat Divorce","description":"","publisher":{"@id":"https:\/\/avocat-gc.com\/divorce\/#organization"},"potentialAction":[{"@type":"SearchAction","target":{"@type":"EntryPoint","urlTemplate":"https:\/\/avocat-gc.com\/divorce\/?s={search_term_string}"},"query-input":{"@type":"PropertyValueSpecification","valueRequired":true,"valueName":"search_term_string"}}],"inLanguage":"fr-FR"},{"@type":"Organization","@id":"https:\/\/avocat-gc.com\/divorce\/#organization","name":"Avocat GC - Avocat Divorce","url":"https:\/\/avocat-gc.com\/divorce\/","logo":{"@type":"ImageObject","inLanguage":"fr-FR","@id":"https:\/\/avocat-gc.com\/divorce\/#\/schema\/logo\/image\/","url":"https:\/\/avocat-gc.com\/divorce\/wp-content\/uploads\/2024\/04\/cropped-Sans-titre.png","contentUrl":"https:\/\/avocat-gc.com\/divorce\/wp-content\/uploads\/2024\/04\/cropped-Sans-titre.png","width":200,"height":180,"caption":"Avocat GC - Avocat Divorce"},"image":{"@id":"https:\/\/avocat-gc.com\/divorce\/#\/schema\/logo\/image\/"}}]}},"_links":{"self":[{"href":"https:\/\/avocat-gc.com\/divorce\/wp-json\/wp\/v2\/pages\/2202","targetHints":{"allow":["GET"]}}],"collection":[{"href":"https:\/\/avocat-gc.com\/divorce\/wp-json\/wp\/v2\/pages"}],"about":[{"href":"https:\/\/avocat-gc.com\/divorce\/wp-json\/wp\/v2\/types\/page"}],"author":[{"embeddable":true,"href":"https:\/\/avocat-gc.com\/divorce\/wp-json\/wp\/v2\/users\/1"}],"replies":[{"embeddable":true,"href":"https:\/\/avocat-gc.com\/divorce\/wp-json\/wp\/v2\/comments?post=2202"}],"version-history":[{"count":0,"href":"https:\/\/avocat-gc.com\/divorce\/wp-json\/wp\/v2\/pages\/2202\/revisions"}],"up":[{"embeddable":true,"href":"https:\/\/avocat-gc.com\/divorce\/wp-json\/wp\/v2\/pages\/6963"}],"wp:attachment":[{"href":"https:\/\/avocat-gc.com\/divorce\/wp-json\/wp\/v2\/media?parent=2202"}],"wp:term":[{"taxonomy":"priorite","embeddable":true,"href":"https:\/\/avocat-gc.com\/divorce\/wp-json\/wp\/v2\/priorite?post=2202"}],"curies":[{"name":"wp","href":"https:\/\/api.w.org\/{rel}","templated":true}]}}