{"id":2196,"date":"2024-03-29T15:34:15","date_gmt":"2024-03-29T15:34:15","guid":{"rendered":"https:\/\/avocat-gc.com\/divorce\/divorce-amiable-neuilly-sur-seine\/"},"modified":"2024-03-31T11:31:22","modified_gmt":"2024-03-31T11:31:22","slug":"divorce-amiable-neuilly-sur-seine","status":"publish","type":"page","link":"https:\/\/avocat-gc.com\/divorce\/avocat-divorce\/neuilly-sur-seine\/divorce-amiable-neuilly-sur-seine\/","title":{"rendered":"Avocat divorce amiable sans juge \u00e0 Neuilly-sur-Seine"},"content":{"rendered":"<h2>LE DIVORCE SANS JUGE \u00c0 NEUILLY-SUR-SEINE<\/h2>\n<\/p>\n<p class=\"img-left\"><img decoding=\"async\" alt=\"Avocat Divorce Amiable sans juge Neuilly-sur-Seine (92) \" title=\"Avocat Divorce Amiable sans juge  Neuilly-sur-Seine (92)\" width=\"170\" border=\"2\" src=\"\/divorce\/wp-content\/uploads\/2024\/04\/avocat-divorce-amiable-paris.jpg\" \/><\/p>\n<p align=\"justify\">Le Cabinet d\u2019avocats divorce Greffet vous conseille tout au long de votre proc\u00e9dure de <a href=\"\/divorce\/avocat-divorce\/neuilly-sur-seine\/\" title=\"\" target=\"\" rel=\"noopener\">divorce sans juge \u00e0 Neuilly-sur-Seine\u00a0(92)<\/a> et vous assiste. Notre Cabinet d\u2019avocats se situe \u00e0 20 minutes en transports en commun de Neuilly-sur-Seine, dans le 16\u00e8me arrondissement de Paris au m\u00e9tro Trocad\u00e9ro (lignes 6 et 9).  La <a href=\"\/divorce\/definitions\/procedure\/\" rel=\"nofollow noopener\" title=\"\" target=\"\">proc\u00e9dure de divorce<\/a> est simple et notre \u00e9quipe d\u2019avocats divorce fait preuve d\u2019une grande c\u00e9l\u00e9rit\u00e9 dans le traitement des dossiers, afin que votre divorce soit effectu\u00e9 dans les plus brefs d\u00e9lais.  Lors d&rsquo;un entretien avec notre avocat, nous\u00a0r\u00e9digerons en votre pr\u00e9sence la <a href=\"\/divorce\/convention-de-divorce\/\" rel=\"nofollow noopener\" title=\"\" target=\"\">convention de divorce<\/a> \u00e0 l&rsquo;amiable\u00a0dans laquelle toutes les modalit\u00e9s de votre divorce seront d\u00e9termin\u00e9es. Une fois la convention r\u00e9dig\u00e9e, le projet de convention vous est transmis par courrier en recommand\u00e9 avec accus\u00e9 de r\u00e9ception (A.R). Vous aurez un d\u00e9lai de 15 jours pour signer le projet de convention ou vous r\u00e9tracter. Une fois tous les documents sign\u00e9s, la convention sera ensuite envoy\u00e9e par nos soins au notaire afin qu&rsquo;il lui donne<a href=\"\/divorce\/definitions\/force-executoire\/\" rel=\"nofollow noopener\" title=\"\" target=\"\"> force ex\u00e9cutoire <\/a>et date certaine. A ce moment, vous serez officiellement divorc\u00e9s. Pour terminer la proc\u00e9dure, nous vous transmettons une copie de l&rsquo;attestation d&rsquo;enregistrement de votre divorce\u00a0\u00e0 Neuilly-sur-Seine afin que vous puissiez effectuer toutes les d\u00e9marches cons\u00e9cutives \u00e0 votre s\u00e9paration (demande de logement, par exemple). Enfin, notre Cabinet d\u2019avocat divorce de Neuilly-sur-Seine se charge des formalit\u00e9s aupr\u00e8s des mairies afin que votre divorce soit transcrit sur vos actes d\u2019\u00e9tat civil (acte de mariage et actes de naissance). Si vous souhaitez en savoir davantage sur le divorce sans juge, veuillez consulter notre page:\n<\/p>\n<\/p>\n<p><a href=\"\/divorce\/divorce-sans-juge\/\" rel=\"nofollow noopener\" target=\"_parent\">\u25ba AVOCAT DIVORCE SANS JUGE<\/a><\/p>\n<h3>Articles li\u00e9s<\/h3>\n<p><a href=\"\/divorce\/articles\/que-faire-si-son-conjoint-est-dans-le-besoin-pendant-la-procedure-de-divorce\/\" rel=\"nofollow noopener\" title=\"\" target=\"_parent\">Que faire si son conjoint est dans le besoin pendant la proc\u00e9dure de divorce?<\/a><br \/>\n<a href=\"\/divorce\/articles\/peut-changer-davocat-durant-une-procedure\/\" rel=\"nofollow noopener\" title=\"\" target=\"_parent\">Peut-on changer d\u2019avocat durant une proc\u00e9dure ?<\/a><br \/>\n<a href=\"\/divorce\/articles\/les-etapes-suivre-pour-quitter-le-domicile-conjugal\/\" rel=\"nofollow noopener\" title=\"\" target=\"_parent\">Les \u00e9tapes \u00e0 suivre pour quitter le domicile conjugal<\/a><\/p>\n<p align=\"justify\">Les tarifs d&rsquo;un divorce sans juge \u00e0 Neuilly-sur-Seine (92) d\u00e9pendent de votre situation<\/p>\n","protected":false},"excerpt":{"rendered":"<p>LE DIVORCE SANS JUGE \u00c0 NEUILLY-SUR-SEINE Le Cabinet d\u2019avocats divorce Greffet vous conseille tout au long de votre proc\u00e9dure de divorce sans juge \u00e0 Neuilly-sur-Seine\u00a0(92) et vous assiste. Notre Cabinet d\u2019avocats se situe \u00e0 20 minutes en transports en commun de Neuilly-sur-Seine, dans le 16\u00e8me arrondissement de Paris au m\u00e9tro Trocad\u00e9ro (lignes 6 et 9). [&hellip;]<\/p>\n","protected":false},"author":1,"featured_media":0,"parent":7024,"menu_order":0,"comment_status":"closed","ping_status":"closed","template":"","meta":{"_acf_changed":false,"inline_featured_image":false,"footnotes":""},"priorite":[],"class_list":["post-2196","page","type-page","status-publish","hentry"],"acf":[],"yoast_head":"<!-- This site is optimized with the Yoast SEO plugin v27.6 - https:\/\/yoast.com\/product\/yoast-seo-wordpress\/ -->\n<title>Avocat divorce amiable sans juge \u00e0 Neuilly-sur-Seine - Avocat Divorce<\/title>\n<meta name=\"description\" content=\"Divorcez \u00e0 Neuilly-sur-Seine (92) en 1 mois. Contactez un Avocat divorce au 01.47.04.25.40 . Recevez un devis gratuit et imm\u00e9diat pour votre divorce. Cabinet Avocat GC. Divorce amiable - Divorce sans juge\" \/>\n<meta name=\"robots\" content=\"index, follow, max-snippet:-1, max-image-preview:large, max-video-preview:-1\" \/>\n<link rel=\"canonical\" href=\"https:\/\/avocat-gc.com\/divorce\/avocat-divorce\/neuilly-sur-seine\/divorce-amiable-neuilly-sur-seine\/\" \/>\n<meta property=\"og:locale\" content=\"fr_FR\" \/>\n<meta property=\"og:type\" content=\"article\" \/>\n<meta property=\"og:title\" content=\"Avocat divorce amiable sans juge \u00e0 Neuilly-sur-Seine - Avocat Divorce\" \/>\n<meta property=\"og:description\" content=\"Divorcez \u00e0 Neuilly-sur-Seine (92) en 1 mois. Contactez un Avocat divorce au 01.47.04.25.40 . Recevez un devis gratuit et imm\u00e9diat pour votre divorce. Cabinet Avocat GC. Divorce amiable - Divorce sans juge\" \/>\n<meta property=\"og:url\" content=\"https:\/\/avocat-gc.com\/divorce\/avocat-divorce\/neuilly-sur-seine\/divorce-amiable-neuilly-sur-seine\/\" \/>\n<meta property=\"og:site_name\" content=\"Avocat GC - Avocat Divorce\" \/>\n<meta property=\"article:modified_time\" content=\"2024-03-31T11:31:22+00:00\" \/>\n<meta name=\"twitter:card\" content=\"summary_large_image\" \/>\n<script type=\"application\/ld+json\" class=\"yoast-schema-graph\">{\"@context\":\"https:\\\/\\\/schema.org\",\"@graph\":[{\"@type\":\"WebPage\",\"@id\":\"https:\\\/\\\/avocat-gc.com\\\/divorce\\\/avocat-divorce\\\/neuilly-sur-seine\\\/divorce-amiable-neuilly-sur-seine\\\/\",\"url\":\"https:\\\/\\\/avocat-gc.com\\\/divorce\\\/avocat-divorce\\\/neuilly-sur-seine\\\/divorce-amiable-neuilly-sur-seine\\\/\",\"name\":\"Avocat divorce amiable sans juge \u00e0 Neuilly-sur-Seine - Avocat Divorce\",\"isPartOf\":{\"@id\":\"https:\\\/\\\/avocat-gc.com\\\/divorce\\\/#website\"},\"datePublished\":\"2024-03-29T15:34:15+00:00\",\"dateModified\":\"2024-03-31T11:31:22+00:00\",\"description\":\"Divorcez \u00e0 Neuilly-sur-Seine (92) en 1 mois. Contactez un Avocat divorce au 01.47.04.25.40 . Recevez un devis gratuit et imm\u00e9diat pour votre divorce. Cabinet Avocat GC. Divorce amiable - Divorce sans juge\",\"breadcrumb\":{\"@id\":\"https:\\\/\\\/avocat-gc.com\\\/divorce\\\/avocat-divorce\\\/neuilly-sur-seine\\\/divorce-amiable-neuilly-sur-seine\\\/#breadcrumb\"},\"inLanguage\":\"fr-FR\",\"potentialAction\":[{\"@type\":\"ReadAction\",\"target\":[\"https:\\\/\\\/avocat-gc.com\\\/divorce\\\/avocat-divorce\\\/neuilly-sur-seine\\\/divorce-amiable-neuilly-sur-seine\\\/\"]}]},{\"@type\":\"BreadcrumbList\",\"@id\":\"https:\\\/\\\/avocat-gc.com\\\/divorce\\\/avocat-divorce\\\/neuilly-sur-seine\\\/divorce-amiable-neuilly-sur-seine\\\/#breadcrumb\",\"itemListElement\":[{\"@type\":\"ListItem\",\"position\":1,\"name\":\"Accueil\",\"item\":\"https:\\\/\\\/avocat-gc.com\\\/divorce\\\/\"},{\"@type\":\"ListItem\",\"position\":2,\"name\":\"Avocat Divorce\",\"item\":\"https:\\\/\\\/avocat-gc.com\\\/divorce\\\/avocat-divorce\\\/\"},{\"@type\":\"ListItem\",\"position\":3,\"name\":\"Avocat Divorce \u00e0 Neuilly-sur-Seine (92)\",\"item\":\"https:\\\/\\\/avocat-gc.com\\\/divorce\\\/avocat-divorce\\\/neuilly-sur-seine\\\/\"},{\"@type\":\"ListItem\",\"position\":4,\"name\":\"Avocat divorce amiable sans juge \u00e0 Neuilly-sur-Seine\"}]},{\"@type\":\"WebSite\",\"@id\":\"https:\\\/\\\/avocat-gc.com\\\/divorce\\\/#website\",\"url\":\"https:\\\/\\\/avocat-gc.com\\\/divorce\\\/\",\"name\":\"Avocat GC - Avocat Divorce\",\"description\":\"\",\"publisher\":{\"@id\":\"https:\\\/\\\/avocat-gc.com\\\/divorce\\\/#organization\"},\"potentialAction\":[{\"@type\":\"SearchAction\",\"target\":{\"@type\":\"EntryPoint\",\"urlTemplate\":\"https:\\\/\\\/avocat-gc.com\\\/divorce\\\/?s={search_term_string}\"},\"query-input\":{\"@type\":\"PropertyValueSpecification\",\"valueRequired\":true,\"valueName\":\"search_term_string\"}}],\"inLanguage\":\"fr-FR\"},{\"@type\":\"Organization\",\"@id\":\"https:\\\/\\\/avocat-gc.com\\\/divorce\\\/#organization\",\"name\":\"Avocat GC - Avocat Divorce\",\"url\":\"https:\\\/\\\/avocat-gc.com\\\/divorce\\\/\",\"logo\":{\"@type\":\"ImageObject\",\"inLanguage\":\"fr-FR\",\"@id\":\"https:\\\/\\\/avocat-gc.com\\\/divorce\\\/#\\\/schema\\\/logo\\\/image\\\/\",\"url\":\"https:\\\/\\\/avocat-gc.com\\\/divorce\\\/wp-content\\\/uploads\\\/2024\\\/04\\\/cropped-Sans-titre.png\",\"contentUrl\":\"https:\\\/\\\/avocat-gc.com\\\/divorce\\\/wp-content\\\/uploads\\\/2024\\\/04\\\/cropped-Sans-titre.png\",\"width\":200,\"height\":180,\"caption\":\"Avocat GC - Avocat Divorce\"},\"image\":{\"@id\":\"https:\\\/\\\/avocat-gc.com\\\/divorce\\\/#\\\/schema\\\/logo\\\/image\\\/\"}}]}<\/script>\n<!-- \/ Yoast SEO plugin. -->","yoast_head_json":{"title":"Avocat divorce amiable sans juge \u00e0 Neuilly-sur-Seine - Avocat Divorce","description":"Divorcez \u00e0 Neuilly-sur-Seine (92) en 1 mois. Contactez un Avocat divorce au 01.47.04.25.40 . Recevez un devis gratuit et imm\u00e9diat pour votre divorce. Cabinet Avocat GC. Divorce amiable - Divorce sans juge","robots":{"index":"index","follow":"follow","max-snippet":"max-snippet:-1","max-image-preview":"max-image-preview:large","max-video-preview":"max-video-preview:-1"},"canonical":"https:\/\/avocat-gc.com\/divorce\/avocat-divorce\/neuilly-sur-seine\/divorce-amiable-neuilly-sur-seine\/","og_locale":"fr_FR","og_type":"article","og_title":"Avocat divorce amiable sans juge \u00e0 Neuilly-sur-Seine - Avocat Divorce","og_description":"Divorcez \u00e0 Neuilly-sur-Seine (92) en 1 mois. Contactez un Avocat divorce au 01.47.04.25.40 . Recevez un devis gratuit et imm\u00e9diat pour votre divorce. Cabinet Avocat GC. Divorce amiable - Divorce sans juge","og_url":"https:\/\/avocat-gc.com\/divorce\/avocat-divorce\/neuilly-sur-seine\/divorce-amiable-neuilly-sur-seine\/","og_site_name":"Avocat GC - Avocat Divorce","article_modified_time":"2024-03-31T11:31:22+00:00","twitter_card":"summary_large_image","schema":{"@context":"https:\/\/schema.org","@graph":[{"@type":"WebPage","@id":"https:\/\/avocat-gc.com\/divorce\/avocat-divorce\/neuilly-sur-seine\/divorce-amiable-neuilly-sur-seine\/","url":"https:\/\/avocat-gc.com\/divorce\/avocat-divorce\/neuilly-sur-seine\/divorce-amiable-neuilly-sur-seine\/","name":"Avocat divorce amiable sans juge \u00e0 Neuilly-sur-Seine - Avocat Divorce","isPartOf":{"@id":"https:\/\/avocat-gc.com\/divorce\/#website"},"datePublished":"2024-03-29T15:34:15+00:00","dateModified":"2024-03-31T11:31:22+00:00","description":"Divorcez \u00e0 Neuilly-sur-Seine (92) en 1 mois. Contactez un Avocat divorce au 01.47.04.25.40 . Recevez un devis gratuit et imm\u00e9diat pour votre divorce. Cabinet Avocat GC. Divorce amiable - Divorce sans juge","breadcrumb":{"@id":"https:\/\/avocat-gc.com\/divorce\/avocat-divorce\/neuilly-sur-seine\/divorce-amiable-neuilly-sur-seine\/#breadcrumb"},"inLanguage":"fr-FR","potentialAction":[{"@type":"ReadAction","target":["https:\/\/avocat-gc.com\/divorce\/avocat-divorce\/neuilly-sur-seine\/divorce-amiable-neuilly-sur-seine\/"]}]},{"@type":"BreadcrumbList","@id":"https:\/\/avocat-gc.com\/divorce\/avocat-divorce\/neuilly-sur-seine\/divorce-amiable-neuilly-sur-seine\/#breadcrumb","itemListElement":[{"@type":"ListItem","position":1,"name":"Accueil","item":"https:\/\/avocat-gc.com\/divorce\/"},{"@type":"ListItem","position":2,"name":"Avocat Divorce","item":"https:\/\/avocat-gc.com\/divorce\/avocat-divorce\/"},{"@type":"ListItem","position":3,"name":"Avocat Divorce \u00e0 Neuilly-sur-Seine (92)","item":"https:\/\/avocat-gc.com\/divorce\/avocat-divorce\/neuilly-sur-seine\/"},{"@type":"ListItem","position":4,"name":"Avocat divorce amiable sans juge \u00e0 Neuilly-sur-Seine"}]},{"@type":"WebSite","@id":"https:\/\/avocat-gc.com\/divorce\/#website","url":"https:\/\/avocat-gc.com\/divorce\/","name":"Avocat GC - Avocat Divorce","description":"","publisher":{"@id":"https:\/\/avocat-gc.com\/divorce\/#organization"},"potentialAction":[{"@type":"SearchAction","target":{"@type":"EntryPoint","urlTemplate":"https:\/\/avocat-gc.com\/divorce\/?s={search_term_string}"},"query-input":{"@type":"PropertyValueSpecification","valueRequired":true,"valueName":"search_term_string"}}],"inLanguage":"fr-FR"},{"@type":"Organization","@id":"https:\/\/avocat-gc.com\/divorce\/#organization","name":"Avocat GC - Avocat Divorce","url":"https:\/\/avocat-gc.com\/divorce\/","logo":{"@type":"ImageObject","inLanguage":"fr-FR","@id":"https:\/\/avocat-gc.com\/divorce\/#\/schema\/logo\/image\/","url":"https:\/\/avocat-gc.com\/divorce\/wp-content\/uploads\/2024\/04\/cropped-Sans-titre.png","contentUrl":"https:\/\/avocat-gc.com\/divorce\/wp-content\/uploads\/2024\/04\/cropped-Sans-titre.png","width":200,"height":180,"caption":"Avocat GC - Avocat Divorce"},"image":{"@id":"https:\/\/avocat-gc.com\/divorce\/#\/schema\/logo\/image\/"}}]}},"_links":{"self":[{"href":"https:\/\/avocat-gc.com\/divorce\/wp-json\/wp\/v2\/pages\/2196","targetHints":{"allow":["GET"]}}],"collection":[{"href":"https:\/\/avocat-gc.com\/divorce\/wp-json\/wp\/v2\/pages"}],"about":[{"href":"https:\/\/avocat-gc.com\/divorce\/wp-json\/wp\/v2\/types\/page"}],"author":[{"embeddable":true,"href":"https:\/\/avocat-gc.com\/divorce\/wp-json\/wp\/v2\/users\/1"}],"replies":[{"embeddable":true,"href":"https:\/\/avocat-gc.com\/divorce\/wp-json\/wp\/v2\/comments?post=2196"}],"version-history":[{"count":0,"href":"https:\/\/avocat-gc.com\/divorce\/wp-json\/wp\/v2\/pages\/2196\/revisions"}],"up":[{"embeddable":true,"href":"https:\/\/avocat-gc.com\/divorce\/wp-json\/wp\/v2\/pages\/7024"}],"wp:attachment":[{"href":"https:\/\/avocat-gc.com\/divorce\/wp-json\/wp\/v2\/media?parent=2196"}],"wp:term":[{"taxonomy":"priorite","embeddable":true,"href":"https:\/\/avocat-gc.com\/divorce\/wp-json\/wp\/v2\/priorite?post=2196"}],"curies":[{"name":"wp","href":"https:\/\/api.w.org\/{rel}","templated":true}]}}