{"id":2190,"date":"2024-03-29T15:34:15","date_gmt":"2024-03-29T15:34:15","guid":{"rendered":"https:\/\/avocat-gc.com\/divorce\/divorce-amiable-nanterre\/"},"modified":"2024-03-31T11:31:21","modified_gmt":"2024-03-31T11:31:21","slug":"divorce-amiable-nanterre","status":"publish","type":"page","link":"https:\/\/avocat-gc.com\/divorce\/avocat-divorce\/nanterre\/divorce-amiable-nanterre\/","title":{"rendered":"Avocat divorce et divorce amiable \u00e0 Nanterre"},"content":{"rendered":"<p><a href=\"http:\/\/avocat-gc.com\/divorce\/avocat-divorce\/nanterre\/\" rel=\"nofollow noopener\" target=\"_parent\">\u25c4 Avocat divorce \u00e0 Nanterre (92)<\/a><\/p>\n<h2>LE DIVORCE SANS JUGE \u00c0 NANTERRE<\/h2>\n<p> J&rsquo;INTERVIENS DANS TOUTE LA FRANCE <a href=\"http:\/\/avocat-gc.com\/divorce\/avocat-divorce\/paris\/\" rel=\"nofollow noopener\" title=\"\" target=\"_parent\">Notre cabinet \u00e0 Paris<\/a> : 42 Rue de L\u00fcbeck, 75116 Paris 01 47 04 25 40<\/p>\n<p class=\"img-left\"><img decoding=\"async\" alt=\"Avocat Divorce Amiable Nanterre (92) \" title=\"Avocat Divorce Amiable Nanterre (92)\" width=\"170\" border=\"2\" src=\"\/divorce\/wp-content\/uploads\/2024\/04\/avocat-divorce-amiable-paris.jpg\" \/><\/p>\n<p align=\"justify\">Notre cabinet d&rsquo;avocats se situe dans le 16e arrondissement de Paris, m\u00e9tro Trocad\u00e9ro (lignes 6 et 9)et est comp\u00e9tent pour effectuer votre\u00a0<a href=\"\/divorce\/avocat-divorce\/nanterre\/\" rel=\"nofollow noopener\" title=\"\" target=\"\">divorce sans juge \u00e0 Nanterre<\/a>. La proc\u00e9dure de divorce amiable est tr\u00e8s simple, rapide et peu co\u00fbteuse. Notre cabinet d&rsquo;avocats met tout en oeuvre pour traiter votre dossier rapidement et vous divorcer dans un d\u00e9lai g\u00e9n\u00e9ral d&rsquo;un mois.<\/p>\n<p align=\"justify\">Pour entamer votre proc\u00e9dure \u00e0 nos c\u00f4t\u00e9s, il vous suffit de prendre rendez-vous avec notre\u00a0\u00a0avocat divorce\u00a0qui r\u00e9digera en votre pr\u00e9sence votre <a href=\"\/divorce\/convention-de-divorce\" rel=\"nofollow noopener\" title=\"\" target=\"\">convention de divorce<\/a>, dans laquelle toutes les modalit\u00e9s de votre divorce seront fix\u00e9es. Attention, il est imp\u00e9ratif d&rsquo;\u00eatre d&rsquo;accord sur l&rsquo;int\u00e9gralit\u00e9 de la convention soit quoi il n&rsquo;est plus possible de divorcer \u00e0 l&rsquo;amiable.Une fois l&rsquo;acte de divorce r\u00e9dig\u00e9 et l\u2019ensemble des documents n\u00e9cessaires r\u00e9unis, nous proc\u00e9dons \u00e0 l&rsquo;envoi du projet de convention de divorce \u00e0 votre domicile par courrier recommand\u00e9 avec accus\u00e9 de r\u00e9ception (A.R). Vous devrez nous le retourner sign\u00e9 dans un d\u00e9lai de 15 jours. Le notaire enregistrera alors votre convention et lui donnera, par la suite, <a href=\"\/divorce\/definitions\/force-executoire\" rel=\"nofollow noopener\" title=\"\" target=\"\">force ex\u00e9cutoire <\/a>et date certaine. Vous serez officiellement divorc\u00e9s.\u00a0Enfin, notre Cabinet d\u2019avocats en divorce se charge, d\u00e8s r\u00e9ception du jugement, des formalit\u00e9s aupr\u00e8s des mairies afin que votre divorce soit transcrit sur vos actes d\u2019\u00e9tat civil (acte de mariage et actes de naissance). Si vous souhaitez en savoir davantage sur le divorce sans juge, veuillez consulter notre page:\n<\/p>\n<\/p>\n<p><a href=\"\/divorce\/divorce-sans-juge\/\" rel=\"nofollow noopener\" target=\"_parent\">\u25ba AVOCAT DIVORCE SANS JUGE<\/a><\/p>\n<h3>Articles li\u00e9s<\/h3>\n<p><a href=\"\/divorce\/articles\/quest-ce-que-la-transcription-dun-divorce\/\" rel=\"nofollow noopener\" title=\"\" target=\"_parent\">Qu&rsquo;est ce que la transcription d&rsquo;un divorce?<\/a><br \/>\n<a href=\"\/divorce\/articles\/quel-est-le-divorce-le-plus-simple-le-plus-rapide-et-le-moins-cher\/\" rel=\"nofollow noopener\" title=\"\" target=\"_parent\">Quel est le divorce le plus simple, le plus rapide et le moins cher ?<\/a><br \/>\n<a href=\"\/divorce\/articles\/peut-divorcer-lorsque-lon-est-en-prison\/\" rel=\"nofollow noopener\" title=\"\" target=\"_parent\">Peut-on divorcer lorsque l\u2019on est en prison ?<\/a><\/p>\n<p align=\"justify\">Pour conna\u00eetre le tarif d&rsquo;un\u00a0divorce sans juge \u00e0 Nanterre (92), veuillez nous transmettre le devis ci-dessous afin que nous puissions faire le point sur votre situation:<\/p>\n","protected":false},"excerpt":{"rendered":"<p>\u25c4 Avocat divorce \u00e0 Nanterre (92) LE DIVORCE SANS JUGE \u00c0 NANTERRE J&rsquo;INTERVIENS DANS TOUTE LA FRANCE Notre cabinet \u00e0 Paris : 42 Rue de L\u00fcbeck, 75116 Paris 01 47 04 25 40 Notre cabinet d&rsquo;avocats se situe dans le 16e arrondissement de Paris, m\u00e9tro Trocad\u00e9ro (lignes 6 et 9)et est comp\u00e9tent pour effectuer votre\u00a0divorce [&hellip;]<\/p>\n","protected":false},"author":1,"featured_media":0,"parent":7025,"menu_order":0,"comment_status":"closed","ping_status":"closed","template":"","meta":{"_acf_changed":false,"inline_featured_image":false,"footnotes":""},"priorite":[],"class_list":["post-2190","page","type-page","status-publish","hentry"],"acf":[],"yoast_head":"<!-- This site is optimized with the Yoast SEO plugin v27.6 - https:\/\/yoast.com\/product\/yoast-seo-wordpress\/ -->\n<title>Avocat divorce et divorce amiable \u00e0 Nanterre - Avocat Divorce<\/title>\n<meta name=\"description\" content=\"Divorcez \u00e0 l&#039;amiable et sans juge \u00e0 Nanterre (92) en 1 mois \u00e0 partir de 425\u20ac TTC. Contactez un Avocat divorce au 01.47.04.25.40 . Devis Gratuit &amp; Imm\u00e9diat. Cabinet Avocat GC. Divorce amiable - Divorce sans juge \u2013 Divorce par consentement mutuel\" \/>\n<meta name=\"robots\" content=\"index, follow, max-snippet:-1, max-image-preview:large, max-video-preview:-1\" \/>\n<link rel=\"canonical\" href=\"https:\/\/avocat-gc.com\/divorce\/avocat-divorce\/nanterre\/divorce-amiable-nanterre\/\" \/>\n<meta property=\"og:locale\" content=\"fr_FR\" \/>\n<meta property=\"og:type\" content=\"article\" \/>\n<meta property=\"og:title\" content=\"Avocat divorce et divorce amiable \u00e0 Nanterre - Avocat Divorce\" \/>\n<meta property=\"og:description\" content=\"Divorcez \u00e0 l&#039;amiable et sans juge \u00e0 Nanterre (92) en 1 mois \u00e0 partir de 425\u20ac TTC. Contactez un Avocat divorce au 01.47.04.25.40 . Devis Gratuit &amp; Imm\u00e9diat. Cabinet Avocat GC. Divorce amiable - Divorce sans juge \u2013 Divorce par consentement mutuel\" \/>\n<meta property=\"og:url\" content=\"https:\/\/avocat-gc.com\/divorce\/avocat-divorce\/nanterre\/divorce-amiable-nanterre\/\" \/>\n<meta property=\"og:site_name\" content=\"Avocat GC - Avocat Divorce\" \/>\n<meta property=\"article:modified_time\" content=\"2024-03-31T11:31:21+00:00\" \/>\n<meta name=\"twitter:card\" content=\"summary_large_image\" \/>\n<script type=\"application\/ld+json\" class=\"yoast-schema-graph\">{\"@context\":\"https:\\\/\\\/schema.org\",\"@graph\":[{\"@type\":\"WebPage\",\"@id\":\"https:\\\/\\\/avocat-gc.com\\\/divorce\\\/avocat-divorce\\\/nanterre\\\/divorce-amiable-nanterre\\\/\",\"url\":\"https:\\\/\\\/avocat-gc.com\\\/divorce\\\/avocat-divorce\\\/nanterre\\\/divorce-amiable-nanterre\\\/\",\"name\":\"Avocat divorce et divorce amiable \u00e0 Nanterre - Avocat Divorce\",\"isPartOf\":{\"@id\":\"https:\\\/\\\/avocat-gc.com\\\/divorce\\\/#website\"},\"datePublished\":\"2024-03-29T15:34:15+00:00\",\"dateModified\":\"2024-03-31T11:31:21+00:00\",\"description\":\"Divorcez \u00e0 l'amiable et sans juge \u00e0 Nanterre (92) en 1 mois \u00e0 partir de 425\u20ac TTC. Contactez un Avocat divorce au 01.47.04.25.40 . Devis Gratuit & Imm\u00e9diat. Cabinet Avocat GC. Divorce amiable - Divorce sans juge \u2013 Divorce par consentement mutuel\",\"breadcrumb\":{\"@id\":\"https:\\\/\\\/avocat-gc.com\\\/divorce\\\/avocat-divorce\\\/nanterre\\\/divorce-amiable-nanterre\\\/#breadcrumb\"},\"inLanguage\":\"fr-FR\",\"potentialAction\":[{\"@type\":\"ReadAction\",\"target\":[\"https:\\\/\\\/avocat-gc.com\\\/divorce\\\/avocat-divorce\\\/nanterre\\\/divorce-amiable-nanterre\\\/\"]}]},{\"@type\":\"BreadcrumbList\",\"@id\":\"https:\\\/\\\/avocat-gc.com\\\/divorce\\\/avocat-divorce\\\/nanterre\\\/divorce-amiable-nanterre\\\/#breadcrumb\",\"itemListElement\":[{\"@type\":\"ListItem\",\"position\":1,\"name\":\"Accueil\",\"item\":\"https:\\\/\\\/avocat-gc.com\\\/divorce\\\/\"},{\"@type\":\"ListItem\",\"position\":2,\"name\":\"Avocat Divorce\",\"item\":\"https:\\\/\\\/avocat-gc.com\\\/divorce\\\/avocat-divorce\\\/\"},{\"@type\":\"ListItem\",\"position\":3,\"name\":\"Avocat Divorce \u00e0 Nanterre (92)\",\"item\":\"https:\\\/\\\/avocat-gc.com\\\/divorce\\\/avocat-divorce\\\/nanterre\\\/\"},{\"@type\":\"ListItem\",\"position\":4,\"name\":\"Avocat divorce et divorce amiable \u00e0 Nanterre\"}]},{\"@type\":\"WebSite\",\"@id\":\"https:\\\/\\\/avocat-gc.com\\\/divorce\\\/#website\",\"url\":\"https:\\\/\\\/avocat-gc.com\\\/divorce\\\/\",\"name\":\"Avocat GC - Avocat Divorce\",\"description\":\"\",\"publisher\":{\"@id\":\"https:\\\/\\\/avocat-gc.com\\\/divorce\\\/#organization\"},\"potentialAction\":[{\"@type\":\"SearchAction\",\"target\":{\"@type\":\"EntryPoint\",\"urlTemplate\":\"https:\\\/\\\/avocat-gc.com\\\/divorce\\\/?s={search_term_string}\"},\"query-input\":{\"@type\":\"PropertyValueSpecification\",\"valueRequired\":true,\"valueName\":\"search_term_string\"}}],\"inLanguage\":\"fr-FR\"},{\"@type\":\"Organization\",\"@id\":\"https:\\\/\\\/avocat-gc.com\\\/divorce\\\/#organization\",\"name\":\"Avocat GC - Avocat Divorce\",\"url\":\"https:\\\/\\\/avocat-gc.com\\\/divorce\\\/\",\"logo\":{\"@type\":\"ImageObject\",\"inLanguage\":\"fr-FR\",\"@id\":\"https:\\\/\\\/avocat-gc.com\\\/divorce\\\/#\\\/schema\\\/logo\\\/image\\\/\",\"url\":\"https:\\\/\\\/avocat-gc.com\\\/divorce\\\/wp-content\\\/uploads\\\/2024\\\/04\\\/cropped-Sans-titre.png\",\"contentUrl\":\"https:\\\/\\\/avocat-gc.com\\\/divorce\\\/wp-content\\\/uploads\\\/2024\\\/04\\\/cropped-Sans-titre.png\",\"width\":200,\"height\":180,\"caption\":\"Avocat GC - Avocat Divorce\"},\"image\":{\"@id\":\"https:\\\/\\\/avocat-gc.com\\\/divorce\\\/#\\\/schema\\\/logo\\\/image\\\/\"}}]}<\/script>\n<!-- \/ Yoast SEO plugin. -->","yoast_head_json":{"title":"Avocat divorce et divorce amiable \u00e0 Nanterre - Avocat Divorce","description":"Divorcez \u00e0 l'amiable et sans juge \u00e0 Nanterre (92) en 1 mois \u00e0 partir de 425\u20ac TTC. Contactez un Avocat divorce au 01.47.04.25.40 . Devis Gratuit & Imm\u00e9diat. Cabinet Avocat GC. Divorce amiable - Divorce sans juge \u2013 Divorce par consentement mutuel","robots":{"index":"index","follow":"follow","max-snippet":"max-snippet:-1","max-image-preview":"max-image-preview:large","max-video-preview":"max-video-preview:-1"},"canonical":"https:\/\/avocat-gc.com\/divorce\/avocat-divorce\/nanterre\/divorce-amiable-nanterre\/","og_locale":"fr_FR","og_type":"article","og_title":"Avocat divorce et divorce amiable \u00e0 Nanterre - Avocat Divorce","og_description":"Divorcez \u00e0 l'amiable et sans juge \u00e0 Nanterre (92) en 1 mois \u00e0 partir de 425\u20ac TTC. Contactez un Avocat divorce au 01.47.04.25.40 . Devis Gratuit & Imm\u00e9diat. Cabinet Avocat GC. Divorce amiable - Divorce sans juge \u2013 Divorce par consentement mutuel","og_url":"https:\/\/avocat-gc.com\/divorce\/avocat-divorce\/nanterre\/divorce-amiable-nanterre\/","og_site_name":"Avocat GC - Avocat Divorce","article_modified_time":"2024-03-31T11:31:21+00:00","twitter_card":"summary_large_image","schema":{"@context":"https:\/\/schema.org","@graph":[{"@type":"WebPage","@id":"https:\/\/avocat-gc.com\/divorce\/avocat-divorce\/nanterre\/divorce-amiable-nanterre\/","url":"https:\/\/avocat-gc.com\/divorce\/avocat-divorce\/nanterre\/divorce-amiable-nanterre\/","name":"Avocat divorce et divorce amiable \u00e0 Nanterre - Avocat Divorce","isPartOf":{"@id":"https:\/\/avocat-gc.com\/divorce\/#website"},"datePublished":"2024-03-29T15:34:15+00:00","dateModified":"2024-03-31T11:31:21+00:00","description":"Divorcez \u00e0 l'amiable et sans juge \u00e0 Nanterre (92) en 1 mois \u00e0 partir de 425\u20ac TTC. Contactez un Avocat divorce au 01.47.04.25.40 . Devis Gratuit & Imm\u00e9diat. Cabinet Avocat GC. Divorce amiable - Divorce sans juge \u2013 Divorce par consentement mutuel","breadcrumb":{"@id":"https:\/\/avocat-gc.com\/divorce\/avocat-divorce\/nanterre\/divorce-amiable-nanterre\/#breadcrumb"},"inLanguage":"fr-FR","potentialAction":[{"@type":"ReadAction","target":["https:\/\/avocat-gc.com\/divorce\/avocat-divorce\/nanterre\/divorce-amiable-nanterre\/"]}]},{"@type":"BreadcrumbList","@id":"https:\/\/avocat-gc.com\/divorce\/avocat-divorce\/nanterre\/divorce-amiable-nanterre\/#breadcrumb","itemListElement":[{"@type":"ListItem","position":1,"name":"Accueil","item":"https:\/\/avocat-gc.com\/divorce\/"},{"@type":"ListItem","position":2,"name":"Avocat Divorce","item":"https:\/\/avocat-gc.com\/divorce\/avocat-divorce\/"},{"@type":"ListItem","position":3,"name":"Avocat Divorce \u00e0 Nanterre (92)","item":"https:\/\/avocat-gc.com\/divorce\/avocat-divorce\/nanterre\/"},{"@type":"ListItem","position":4,"name":"Avocat divorce et divorce amiable \u00e0 Nanterre"}]},{"@type":"WebSite","@id":"https:\/\/avocat-gc.com\/divorce\/#website","url":"https:\/\/avocat-gc.com\/divorce\/","name":"Avocat GC - Avocat Divorce","description":"","publisher":{"@id":"https:\/\/avocat-gc.com\/divorce\/#organization"},"potentialAction":[{"@type":"SearchAction","target":{"@type":"EntryPoint","urlTemplate":"https:\/\/avocat-gc.com\/divorce\/?s={search_term_string}"},"query-input":{"@type":"PropertyValueSpecification","valueRequired":true,"valueName":"search_term_string"}}],"inLanguage":"fr-FR"},{"@type":"Organization","@id":"https:\/\/avocat-gc.com\/divorce\/#organization","name":"Avocat GC - Avocat Divorce","url":"https:\/\/avocat-gc.com\/divorce\/","logo":{"@type":"ImageObject","inLanguage":"fr-FR","@id":"https:\/\/avocat-gc.com\/divorce\/#\/schema\/logo\/image\/","url":"https:\/\/avocat-gc.com\/divorce\/wp-content\/uploads\/2024\/04\/cropped-Sans-titre.png","contentUrl":"https:\/\/avocat-gc.com\/divorce\/wp-content\/uploads\/2024\/04\/cropped-Sans-titre.png","width":200,"height":180,"caption":"Avocat GC - Avocat Divorce"},"image":{"@id":"https:\/\/avocat-gc.com\/divorce\/#\/schema\/logo\/image\/"}}]}},"_links":{"self":[{"href":"https:\/\/avocat-gc.com\/divorce\/wp-json\/wp\/v2\/pages\/2190","targetHints":{"allow":["GET"]}}],"collection":[{"href":"https:\/\/avocat-gc.com\/divorce\/wp-json\/wp\/v2\/pages"}],"about":[{"href":"https:\/\/avocat-gc.com\/divorce\/wp-json\/wp\/v2\/types\/page"}],"author":[{"embeddable":true,"href":"https:\/\/avocat-gc.com\/divorce\/wp-json\/wp\/v2\/users\/1"}],"replies":[{"embeddable":true,"href":"https:\/\/avocat-gc.com\/divorce\/wp-json\/wp\/v2\/comments?post=2190"}],"version-history":[{"count":0,"href":"https:\/\/avocat-gc.com\/divorce\/wp-json\/wp\/v2\/pages\/2190\/revisions"}],"up":[{"embeddable":true,"href":"https:\/\/avocat-gc.com\/divorce\/wp-json\/wp\/v2\/pages\/7025"}],"wp:attachment":[{"href":"https:\/\/avocat-gc.com\/divorce\/wp-json\/wp\/v2\/media?parent=2190"}],"wp:term":[{"taxonomy":"priorite","embeddable":true,"href":"https:\/\/avocat-gc.com\/divorce\/wp-json\/wp\/v2\/priorite?post=2190"}],"curies":[{"name":"wp","href":"https:\/\/api.w.org\/{rel}","templated":true}]}}