{"id":2184,"date":"2024-03-29T15:34:13","date_gmt":"2024-03-29T15:34:13","guid":{"rendered":"https:\/\/avocat-gc.com\/divorce\/divorce-amiable-montreuil\/"},"modified":"2024-03-31T11:31:19","modified_gmt":"2024-03-31T11:31:19","slug":"divorce-amiable-montreuil","status":"publish","type":"page","link":"https:\/\/avocat-gc.com\/divorce\/avocat-divorce\/montreuil\/divorce-amiable-montreuil\/","title":{"rendered":"Avocat divorce amiable sans juge \u00e0 Montreuil"},"content":{"rendered":"<\/p>\n<p>Avocat divorce amiable sans juge \u00e0 Montreuil (93)<a href=\"http:\/\/avocat-gc.com\/divorce\/avocat-divorce\/montreuil\/#overlay-context=avocat-divorce\/montreuil\/divorce-amiable-montreuil\/\" rel=\"nofollow noopener\" target=\"_parent\">\u25c4 Avocat divorce \u00e0 Montreuil (93)<\/a><\/p>\n<h2>LE DIVORCE SANS JUGE \u00c0 MONTREUIL<\/h2>\n<p> J&rsquo;INTERVIENS DANS TOUTE LA FRANCE <a href=\"http:\/\/avocat-gc.com\/divorce\/avocat-divorce\/paris\/\" rel=\"nofollow noopener\" title=\"\" target=\"_parent\">Notre cabinet \u00e0 Paris<\/a> : 42 Rue de L\u00fcbeck, 75116 Paris 01 47 04 25 40<\/p>\n<p class=\"img-left\"><img decoding=\"async\" alt=\"Avocat Divorce Amiable Montreuil (93) \" title=\"Avocat Divorce Amiable Montreuil (93)\" width=\"170\" border=\"2\" src=\"\/divorce\/wp-content\/uploads\/2024\/04\/avocat-divorce-amiable-paris.jpg\" \/><\/p>\n<p align=\"justify\"> Le cabinet d\u2019Avocat en divorce GC est \u00e0 vos c\u00f4t\u00e9s durant toute la proc\u00e9dure de\u00a0<a href=\"http:\/\/avocat-gc.com\/divorce\/avocat-divorce\/montreuil\/#overlay-context=avocat-divorce\/montreuil\/divorce-amiable-montreuil\/\" title=\"\" target=\"\" rel=\"noopener\">divorce sans juge \u00e0 Montreuil\u00a0(92)<\/a>.  Nous sommes situ\u00e9s au 42 rue de Lubeck, dans le 16\u00e8me arrondissement de Paris, \u00e0 une quarantaine de minutes en transports en commun de Montreuil. Nous sommes comp\u00e9tents pour vous divorcer en Ile-de-France et mettons tout en oeuvre pour respecter le d\u00e9lai g\u00e9n\u00e9ral d&rsquo;un mois.Le divorce sans juge\u00a0peut \u00eatre qualifi\u00e9 de divorce rapide, simple, et peu cher. Il s&rsquo;agit d&rsquo;une proc\u00e9dure par consentement mutuel, appel\u00e9e aussi \u00ab\u00a0divorce \u00e0 l&rsquo;amiable\u00a0\u00bb.Pour que cette proc\u00e9dure puisse \u00eatre possible, il faut imp\u00e9rativement que les deux \u00e9poux soient d&rsquo;accord sur chaque effet du divorce. Vous devez vous entendre par exemple sur le sort du domicile conjugal, la <a href=\"http:\/\/avocat-gc.com\/divorce\/definitions\/prestation-compensatoire\/\" title=\"\" target=\"\" rel=\"noopener\">prestation compensatoire<\/a> s\u2019il y en a une, la garde des enfants.<\/p>\n<p align=\"justify\">Suite au premier entretien avec notre avocat, nous r\u00e9digeons ensemble la <a href=\"http:\/\/avocat-gc.com\/divorce\/convention-de-divorce\/\" title=\"\" target=\"\" rel=\"noopener\">convention de divorce<\/a>, sorte de contrat de divorce. Il faut \u00e9galement nous fournir un certain nombre de pi\u00e8ces, tels que des actes d\u2019\u00e9tat civil, justificatifs de domicile, livret de famille, pi\u00e8ces d\u2019identit\u00e9. Pour conna\u00eetre la liste des documents \u00e0 nous transmettre, veuillez remplir la demande de devis ci-dessous. Cela d\u00e9pend de votre situation.Une fois ces documents rassembl\u00e9s, nous vous adressons par courrier postal (A.R) votre projet de convention pour \u00eatre soumis \u00e0 votre signature dans un d\u00e9lai de 15 jours. Le projet de convention sign\u00e9 et votre accord ainsi mat\u00e9rialis\u00e9, la convention sera adress\u00e9e par notre cabinet au notaire afin qu&rsquo;il lui donne <a href=\"http:\/\/avocat-gc.com\/divorce\/definitions\/force-executoire\/\" title=\"\" target=\"\" rel=\"noopener\">force ex\u00e9cutoire <\/a>et date certaine. Votre divorce sera alors effectif.Par la suite, notre cabinet d\u2019avocat divorce\u00a0se charge d\u2019effectuer la transcription de votre divorce sur vos actes d\u2019\u00e9tat civil. La transcription est une formalit\u00e9 obligatoire qui permet de rendre <a href=\"\/divorce\/tiers\/\" rel=\"nofollow noopener\" title=\"\" target=\"\">opposable aux tiers<\/a> votre divorce. \u00a0En effet, d\u00e8s la r\u00e9ception de votre attestation d&rsquo;enregistrement de divorce \u00e0 l\u2019amiable, nous transmettons ce document \u00e0 la mairie de votre lieu de mariage afin que la mention du divorce soit appos\u00e9e sur votre acte de mariage. Si vous souhaitez en savoir davantage sur le divorce sans juge, veuillez consulter notre page:\n<\/p>\n<\/p>\n<p><a href=\"\/divorce\/divorce-sans-juge\/\" rel=\"nofollow noopener\" target=\"_parent\">\u25ba AVOCAT DIVORCE SANS JUGE<\/a><\/p>\n<h3>Articles li\u00e9s<\/h3>\n<p><a href=\"\/divorce\/articles\/quels-sont-les-professionnels-qui-interviennent-dans-un-divorce\/\" rel=\"nofollow noopener\" title=\"\" target=\"_parent\">Quels sont les professionnels qui interviennent dans un divorce?<\/a><br \/>\n<a href=\"\/divorce\/articles\/les-etapes-suivre-pour-quitter-le-domicile-conjugal\/\" rel=\"nofollow noopener\" title=\"\" target=\"_parent\">Les \u00e9tapes \u00e0 suivre pour quitter le domicile conjugal<\/a><br \/>\n<a href=\"\/divorce\/articles\/quand-est-divorce-dans-la-nouvelle-procedure-de-divorce-sans-juge\/\" rel=\"nofollow noopener\" title=\"\" target=\"_parent\">Quand est-on divorc\u00e9 dans la nouvelle proc\u00e9dure de divorce sans juge?<\/a><\/p>\n<p>\u25ba A T\u00c9L\u00c9CHARGER: <a href=\"\/divorce\/divorce-sans-juge\/convention-montreuil\/\" rel=\"nofollow\">Mod\u00e8le de convention de divorce sans juge \u00e0 Montreuil<\/a><\/p>\n<h3>Divorce sans juge &#8211; les tarifs<\/h3>\n<p align=\"justify\">Vous d\u00e9sirez conna\u00eetre le tarif d&rsquo;une proc\u00e9dure de divorce sans juge \u00e0 Montreuil (93)\u00a0? Merci de nous adresser le devis en ligne ci-apr\u00e8s:<\/p>\n","protected":false},"excerpt":{"rendered":"<p>Avocat divorce amiable sans juge \u00e0 Montreuil (93)\u25c4 Avocat divorce \u00e0 Montreuil (93) LE DIVORCE SANS JUGE \u00c0 MONTREUIL J&rsquo;INTERVIENS DANS TOUTE LA FRANCE Notre cabinet \u00e0 Paris : 42 Rue de L\u00fcbeck, 75116 Paris 01 47 04 25 40 Le cabinet d\u2019Avocat en divorce GC est \u00e0 vos c\u00f4t\u00e9s durant toute la proc\u00e9dure de\u00a0divorce [&hellip;]<\/p>\n","protected":false},"author":1,"featured_media":0,"parent":7026,"menu_order":0,"comment_status":"closed","ping_status":"closed","template":"","meta":{"_acf_changed":false,"inline_featured_image":false,"footnotes":""},"priorite":[],"class_list":["post-2184","page","type-page","status-publish","hentry"],"acf":[],"yoast_head":"<!-- This site is optimized with the Yoast SEO plugin v27.3 - https:\/\/yoast.com\/product\/yoast-seo-wordpress\/ -->\n<title>Avocat divorce amiable sans juge \u00e0 Montreuil - Avocat Divorce<\/title>\n<meta name=\"description\" content=\"Divorcez \u00e0 l&#039;amiable et sans juge \u00e0 Montreuil (93) en 1 mois. Contactez un Avocat divorce au 01.47.04.25.40 . Devis Gratuit &amp; Imm\u00e9diat. Cabinet Avocat GC. Divorce amiable - Divorce sans juge \u2013 Divorce par consentement mutuel\" \/>\n<meta name=\"robots\" content=\"index, follow, max-snippet:-1, max-image-preview:large, max-video-preview:-1\" \/>\n<link rel=\"canonical\" href=\"https:\/\/avocat-gc.com\/divorce\/avocat-divorce\/montreuil\/divorce-amiable-montreuil\/\" \/>\n<meta property=\"og:locale\" content=\"fr_FR\" \/>\n<meta property=\"og:type\" content=\"article\" \/>\n<meta property=\"og:title\" content=\"Avocat divorce amiable sans juge \u00e0 Montreuil - Avocat Divorce\" \/>\n<meta property=\"og:description\" content=\"Divorcez \u00e0 l&#039;amiable et sans juge \u00e0 Montreuil (93) en 1 mois. Contactez un Avocat divorce au 01.47.04.25.40 . Devis Gratuit &amp; Imm\u00e9diat. Cabinet Avocat GC. Divorce amiable - Divorce sans juge \u2013 Divorce par consentement mutuel\" \/>\n<meta property=\"og:url\" content=\"https:\/\/avocat-gc.com\/divorce\/avocat-divorce\/montreuil\/divorce-amiable-montreuil\/\" \/>\n<meta property=\"og:site_name\" content=\"Avocat GC - Avocat Divorce\" \/>\n<meta property=\"article:modified_time\" content=\"2024-03-31T11:31:19+00:00\" \/>\n<meta name=\"twitter:card\" content=\"summary_large_image\" \/>\n<script type=\"application\/ld+json\" class=\"yoast-schema-graph\">{\"@context\":\"https:\\\/\\\/schema.org\",\"@graph\":[{\"@type\":\"WebPage\",\"@id\":\"https:\\\/\\\/avocat-gc.com\\\/divorce\\\/avocat-divorce\\\/montreuil\\\/divorce-amiable-montreuil\\\/\",\"url\":\"https:\\\/\\\/avocat-gc.com\\\/divorce\\\/avocat-divorce\\\/montreuil\\\/divorce-amiable-montreuil\\\/\",\"name\":\"Avocat divorce amiable sans juge \u00e0 Montreuil - Avocat Divorce\",\"isPartOf\":{\"@id\":\"https:\\\/\\\/avocat-gc.com\\\/divorce\\\/#website\"},\"datePublished\":\"2024-03-29T15:34:13+00:00\",\"dateModified\":\"2024-03-31T11:31:19+00:00\",\"description\":\"Divorcez \u00e0 l'amiable et sans juge \u00e0 Montreuil (93) en 1 mois. Contactez un Avocat divorce au 01.47.04.25.40 . Devis Gratuit & Imm\u00e9diat. Cabinet Avocat GC. Divorce amiable - Divorce sans juge \u2013 Divorce par consentement mutuel\",\"breadcrumb\":{\"@id\":\"https:\\\/\\\/avocat-gc.com\\\/divorce\\\/avocat-divorce\\\/montreuil\\\/divorce-amiable-montreuil\\\/#breadcrumb\"},\"inLanguage\":\"fr-FR\",\"potentialAction\":[{\"@type\":\"ReadAction\",\"target\":[\"https:\\\/\\\/avocat-gc.com\\\/divorce\\\/avocat-divorce\\\/montreuil\\\/divorce-amiable-montreuil\\\/\"]}]},{\"@type\":\"BreadcrumbList\",\"@id\":\"https:\\\/\\\/avocat-gc.com\\\/divorce\\\/avocat-divorce\\\/montreuil\\\/divorce-amiable-montreuil\\\/#breadcrumb\",\"itemListElement\":[{\"@type\":\"ListItem\",\"position\":1,\"name\":\"Accueil\",\"item\":\"https:\\\/\\\/avocat-gc.com\\\/divorce\\\/\"},{\"@type\":\"ListItem\",\"position\":2,\"name\":\"Avocat Divorce\",\"item\":\"https:\\\/\\\/avocat-gc.com\\\/divorce\\\/avocat-divorce\\\/\"},{\"@type\":\"ListItem\",\"position\":3,\"name\":\"Avocat divorce \u00e0 Montreuil (93)\",\"item\":\"https:\\\/\\\/avocat-gc.com\\\/divorce\\\/avocat-divorce\\\/montreuil\\\/\"},{\"@type\":\"ListItem\",\"position\":4,\"name\":\"Avocat divorce amiable sans juge \u00e0 Montreuil\"}]},{\"@type\":\"WebSite\",\"@id\":\"https:\\\/\\\/avocat-gc.com\\\/divorce\\\/#website\",\"url\":\"https:\\\/\\\/avocat-gc.com\\\/divorce\\\/\",\"name\":\"Avocat GC - Avocat Divorce\",\"description\":\"\",\"publisher\":{\"@id\":\"https:\\\/\\\/avocat-gc.com\\\/divorce\\\/#organization\"},\"potentialAction\":[{\"@type\":\"SearchAction\",\"target\":{\"@type\":\"EntryPoint\",\"urlTemplate\":\"https:\\\/\\\/avocat-gc.com\\\/divorce\\\/?s={search_term_string}\"},\"query-input\":{\"@type\":\"PropertyValueSpecification\",\"valueRequired\":true,\"valueName\":\"search_term_string\"}}],\"inLanguage\":\"fr-FR\"},{\"@type\":\"Organization\",\"@id\":\"https:\\\/\\\/avocat-gc.com\\\/divorce\\\/#organization\",\"name\":\"Avocat GC - Avocat Divorce\",\"url\":\"https:\\\/\\\/avocat-gc.com\\\/divorce\\\/\",\"logo\":{\"@type\":\"ImageObject\",\"inLanguage\":\"fr-FR\",\"@id\":\"https:\\\/\\\/avocat-gc.com\\\/divorce\\\/#\\\/schema\\\/logo\\\/image\\\/\",\"url\":\"https:\\\/\\\/avocat-gc.com\\\/divorce\\\/wp-content\\\/uploads\\\/2024\\\/04\\\/cropped-Sans-titre.png\",\"contentUrl\":\"https:\\\/\\\/avocat-gc.com\\\/divorce\\\/wp-content\\\/uploads\\\/2024\\\/04\\\/cropped-Sans-titre.png\",\"width\":200,\"height\":180,\"caption\":\"Avocat GC - Avocat Divorce\"},\"image\":{\"@id\":\"https:\\\/\\\/avocat-gc.com\\\/divorce\\\/#\\\/schema\\\/logo\\\/image\\\/\"}}]}<\/script>\n<!-- \/ Yoast SEO plugin. -->","yoast_head_json":{"title":"Avocat divorce amiable sans juge \u00e0 Montreuil - Avocat Divorce","description":"Divorcez \u00e0 l'amiable et sans juge \u00e0 Montreuil (93) en 1 mois. Contactez un Avocat divorce au 01.47.04.25.40 . Devis Gratuit & Imm\u00e9diat. Cabinet Avocat GC. Divorce amiable - Divorce sans juge \u2013 Divorce par consentement mutuel","robots":{"index":"index","follow":"follow","max-snippet":"max-snippet:-1","max-image-preview":"max-image-preview:large","max-video-preview":"max-video-preview:-1"},"canonical":"https:\/\/avocat-gc.com\/divorce\/avocat-divorce\/montreuil\/divorce-amiable-montreuil\/","og_locale":"fr_FR","og_type":"article","og_title":"Avocat divorce amiable sans juge \u00e0 Montreuil - Avocat Divorce","og_description":"Divorcez \u00e0 l'amiable et sans juge \u00e0 Montreuil (93) en 1 mois. Contactez un Avocat divorce au 01.47.04.25.40 . Devis Gratuit & Imm\u00e9diat. Cabinet Avocat GC. Divorce amiable - Divorce sans juge \u2013 Divorce par consentement mutuel","og_url":"https:\/\/avocat-gc.com\/divorce\/avocat-divorce\/montreuil\/divorce-amiable-montreuil\/","og_site_name":"Avocat GC - Avocat Divorce","article_modified_time":"2024-03-31T11:31:19+00:00","twitter_card":"summary_large_image","schema":{"@context":"https:\/\/schema.org","@graph":[{"@type":"WebPage","@id":"https:\/\/avocat-gc.com\/divorce\/avocat-divorce\/montreuil\/divorce-amiable-montreuil\/","url":"https:\/\/avocat-gc.com\/divorce\/avocat-divorce\/montreuil\/divorce-amiable-montreuil\/","name":"Avocat divorce amiable sans juge \u00e0 Montreuil - Avocat Divorce","isPartOf":{"@id":"https:\/\/avocat-gc.com\/divorce\/#website"},"datePublished":"2024-03-29T15:34:13+00:00","dateModified":"2024-03-31T11:31:19+00:00","description":"Divorcez \u00e0 l'amiable et sans juge \u00e0 Montreuil (93) en 1 mois. Contactez un Avocat divorce au 01.47.04.25.40 . Devis Gratuit & Imm\u00e9diat. Cabinet Avocat GC. Divorce amiable - Divorce sans juge \u2013 Divorce par consentement mutuel","breadcrumb":{"@id":"https:\/\/avocat-gc.com\/divorce\/avocat-divorce\/montreuil\/divorce-amiable-montreuil\/#breadcrumb"},"inLanguage":"fr-FR","potentialAction":[{"@type":"ReadAction","target":["https:\/\/avocat-gc.com\/divorce\/avocat-divorce\/montreuil\/divorce-amiable-montreuil\/"]}]},{"@type":"BreadcrumbList","@id":"https:\/\/avocat-gc.com\/divorce\/avocat-divorce\/montreuil\/divorce-amiable-montreuil\/#breadcrumb","itemListElement":[{"@type":"ListItem","position":1,"name":"Accueil","item":"https:\/\/avocat-gc.com\/divorce\/"},{"@type":"ListItem","position":2,"name":"Avocat Divorce","item":"https:\/\/avocat-gc.com\/divorce\/avocat-divorce\/"},{"@type":"ListItem","position":3,"name":"Avocat divorce \u00e0 Montreuil (93)","item":"https:\/\/avocat-gc.com\/divorce\/avocat-divorce\/montreuil\/"},{"@type":"ListItem","position":4,"name":"Avocat divorce amiable sans juge \u00e0 Montreuil"}]},{"@type":"WebSite","@id":"https:\/\/avocat-gc.com\/divorce\/#website","url":"https:\/\/avocat-gc.com\/divorce\/","name":"Avocat GC - Avocat Divorce","description":"","publisher":{"@id":"https:\/\/avocat-gc.com\/divorce\/#organization"},"potentialAction":[{"@type":"SearchAction","target":{"@type":"EntryPoint","urlTemplate":"https:\/\/avocat-gc.com\/divorce\/?s={search_term_string}"},"query-input":{"@type":"PropertyValueSpecification","valueRequired":true,"valueName":"search_term_string"}}],"inLanguage":"fr-FR"},{"@type":"Organization","@id":"https:\/\/avocat-gc.com\/divorce\/#organization","name":"Avocat GC - Avocat Divorce","url":"https:\/\/avocat-gc.com\/divorce\/","logo":{"@type":"ImageObject","inLanguage":"fr-FR","@id":"https:\/\/avocat-gc.com\/divorce\/#\/schema\/logo\/image\/","url":"https:\/\/avocat-gc.com\/divorce\/wp-content\/uploads\/2024\/04\/cropped-Sans-titre.png","contentUrl":"https:\/\/avocat-gc.com\/divorce\/wp-content\/uploads\/2024\/04\/cropped-Sans-titre.png","width":200,"height":180,"caption":"Avocat GC - Avocat Divorce"},"image":{"@id":"https:\/\/avocat-gc.com\/divorce\/#\/schema\/logo\/image\/"}}]}},"_links":{"self":[{"href":"https:\/\/avocat-gc.com\/divorce\/wp-json\/wp\/v2\/pages\/2184","targetHints":{"allow":["GET"]}}],"collection":[{"href":"https:\/\/avocat-gc.com\/divorce\/wp-json\/wp\/v2\/pages"}],"about":[{"href":"https:\/\/avocat-gc.com\/divorce\/wp-json\/wp\/v2\/types\/page"}],"author":[{"embeddable":true,"href":"https:\/\/avocat-gc.com\/divorce\/wp-json\/wp\/v2\/users\/1"}],"replies":[{"embeddable":true,"href":"https:\/\/avocat-gc.com\/divorce\/wp-json\/wp\/v2\/comments?post=2184"}],"version-history":[{"count":0,"href":"https:\/\/avocat-gc.com\/divorce\/wp-json\/wp\/v2\/pages\/2184\/revisions"}],"up":[{"embeddable":true,"href":"https:\/\/avocat-gc.com\/divorce\/wp-json\/wp\/v2\/pages\/7026"}],"wp:attachment":[{"href":"https:\/\/avocat-gc.com\/divorce\/wp-json\/wp\/v2\/media?parent=2184"}],"wp:term":[{"taxonomy":"priorite","embeddable":true,"href":"https:\/\/avocat-gc.com\/divorce\/wp-json\/wp\/v2\/priorite?post=2184"}],"curies":[{"name":"wp","href":"https:\/\/api.w.org\/{rel}","templated":true}]}}