{"id":2166,"date":"2024-03-29T15:34:10","date_gmt":"2024-03-29T15:34:10","guid":{"rendered":"https:\/\/avocat-gc.com\/divorce\/divorce-amiable-maisons-alfort\/"},"modified":"2024-03-31T11:31:17","modified_gmt":"2024-03-31T11:31:17","slug":"divorce-amiable-maisons-alfort","status":"publish","type":"page","link":"https:\/\/avocat-gc.com\/divorce\/avocat-divorce\/maisons-alfort\/divorce-amiable-maisons-alfort\/","title":{"rendered":"Avocat divorce amiable sans juge \u00e0 Maisons-Alfort (94)"},"content":{"rendered":"<p><a href=\"\/divorce\/avocat-divorce\/maisons-alfort\/\" rel=\"nofollow\">\u25c4 Avocat divorce \u00e0 Maisons-Alfort (94)<\/a><\/p>\n<h2> DIVORCE SANS JUGE \u00c0 MAISONS-ALFORT <\/h2>\n<\/p>\n<p class=\"img-left\"><img decoding=\"async\" alt=\"Avocat Divorce Amiable Maisons-Alfort (94) \" title=\"Avocat Divorce Amiable Maisons-Alfort (94)\" width=\"170\" border=\"2\" src=\"\/divorce\/wp-content\/uploads\/2024\/04\/avocat-divorce-amiable-paris.jpg\" \/><\/p>\n<p align=\"justify\">Pr\u00e9vu \u00e0 l\u2019article 230 du Code civil, le <a href=\"\/divorce\/divorce-amiable\/\" rel=\"nofollow\">divorce par consentement mutuel<\/a> est un type de divorce qui peut \u00eatre \u00ab demand\u00e9 conjointement par les \u00e9poux lorsqu\u2019ils s\u2019entendent sur la rupture du mariage et ses effets en soumettant \u00e0 l\u2019approbation du juge une convention r\u00e9glant les cons\u00e9quences du divorce \u00bb. Il s\u2019agit ainsi d\u2019un divorce rapide, simple et \u00e9conomique.Le divorce sans juge est une proc\u00e9dure de divorce \u00e0 l&rsquo;amiable. Pour <a href=\"\/divorce\/avocat-divorce\/maisons-alfort\/\" rel=\"nofollow noopener\" target=\"_parent\">divorcer sans juge \u00e0 Maisons-Alfort\u00a0(94)<\/a>\u00a0vous devez \u00eatre d\u2019accord sur tous les points de votre divorce. Le moindre d\u00e9saccord ne permet plus d\u2019envisager une proc\u00e9dure de divorce \u00e0 l\u2019amiable. Cette proc\u00e9dure d\u00e9bute par un entretien avec un avocat divorce du Cabinet GU\u00c9GUEN-CARROLL lors duquel nous r\u00e9digeons avec vous une\u00a0<a href=\"\/divorce\/convention-de-divorce\/\" rel=\"nofollow noopener\" title=\"\" target=\"\">convention de divorce<\/a>,\u00a0sorte de \u00ab contrat \u00bb de divorce. Puis, l\u2019avocat qui g\u00e8re votre dossier r\u00e9unit toutes les pi\u00e8ces n\u00e9cessaires \u00e0 sa constitution:<\/p>\n<p>La photocopie int\u00e9grale du livret de famille ;<br \/>\nLa photocopie de la pi\u00e8ce d\u2019identit\u00e9 des deux \u00e9poux ;<br \/>\nDeux justificatifs de domicile ;<br \/>\nLa copie int\u00e9grale des actes de naissance des deux \u00e9poux et des enfants datant de moins de 3 mois (ou 6 mois s\u2019il s\u2019agit d\u2019un acte \u00e9tranger) ;<br \/>\nLa copie int\u00e9grale de l\u2019acte de mariage des \u00e9poux datant de moins de 3 mois (ou 6 mois s\u2019il s\u2019agit d\u2019un acte \u00e9tranger) ;<br \/>\nLe contrat de mariage si les \u00e9poux sont mari\u00e9s sous le r\u00e9gime de la s\u00e9paration de biens, de la participation aux acqu\u00eats ou de la communaut\u00e9 universelle ;<br \/>\nLes d\u00e9clarations sur l\u2019honneur s\u2019il y a lieu \u00e0 une prestation compensatoire ;<br \/>\nLa copie authentique de l\u2019acte notari\u00e9 (\u00e9tat liquidatif ou convention d\u2019indivision).<\/p>\n<p align=\"justify\">Une fois le dossier complet, notre cabinet se charge de vous transmettre le projet de convention de divorce. Vous aurez un d\u00e9lai de 15 jours pour r\u00e9fl\u00e9chir et signer le projet de convention qui marquera votre accord.\u00a0Par la suite, <a href=\"\/divorce\/definitions\/notaire\/\" rel=\"nofollow noopener\" title=\"\" target=\"\">le notaire <\/a>se charge d&rsquo;enregistrer votre divorce en lui donnant <a href=\"http:\/\/avocat-gc.com\/divorce\/definitions\/force-executoire\/\" title=\"\" target=\"\" rel=\"noopener\">force ex\u00e9cutoire <\/a>et date certaine. Une fois le divorce enregistr\u00e9, notre Cabinet d\u2019avocats se charge des formalit\u00e9s aupr\u00e8s des mairies ou du Minist\u00e8re des Affaires \u00e9trang\u00e8res afin que la mention du divorce soit transcrite sur vos actes d\u2019\u00e9tat civil. Si vous souhaitez en savoir davantage sur le divorce sans juge, veuillez consulter notre page:\n<\/p>\n<\/p>\n<p><a href=\"\/divorce\/divorce-sans-juge\/\" rel=\"nofollow noopener\" target=\"_parent\">\u25ba AVOCAT DIVORCE SANS JUGE<\/a><\/p>\n<h3>Articles li\u00e9s<\/h3>\n<p><a href=\"\/divorce\/articles\/comment-bien-commencer-sa-procedure-de-divorce\/\" rel=\"nofollow noopener\" title=\"\" target=\"_parent\">Comment bien commencer sa proc\u00e9dure de divorce?<\/a><br \/>\n<a href=\"\/divorce\/articles\/les-avantages-du-divorce-sans-juge\/\" rel=\"nofollow noopener\" title=\"\" target=\"_parent\">Les avantages du divorce sans juge<\/a><br \/>\n<a href=\"\/divorce\/articles\/quand-et-comment-peut-quitter-le-domicile-conjugal\/\" rel=\"nofollow noopener\" title=\"\" target=\"_parent\">Quand et comment peut-on quitter le domicile conjugal ?<\/a><\/p>\n<p>\u25ba A T\u00c9L\u00c9CHARGER: <a href=\"\/divorce\/divorce-sans-juge\/convention-maisons-alfort\/\" rel=\"nofollow\">Mod\u00e8le de convention de divorce sans juge \u00e0 Maisons-Alfort<\/a><\/p>\n<h3>Divorce sans juge &#8211; les tarifs<\/h3>\n<p align=\"justify\">Les tarifs d&rsquo;une proc\u00e9dure de divorce sans juge \u00e0 Maisons-Alfort d\u00e9pendent de votre situation:<\/p>\n","protected":false},"excerpt":{"rendered":"<p>\u25c4 Avocat divorce \u00e0 Maisons-Alfort (94) DIVORCE SANS JUGE \u00c0 MAISONS-ALFORT Pr\u00e9vu \u00e0 l\u2019article 230 du Code civil, le divorce par consentement mutuel est un type de divorce qui peut \u00eatre \u00ab demand\u00e9 conjointement par les \u00e9poux lorsqu\u2019ils s\u2019entendent sur la rupture du mariage et ses effets en soumettant \u00e0 l\u2019approbation du juge une convention [&hellip;]<\/p>\n","protected":false},"author":1,"featured_media":0,"parent":7042,"menu_order":0,"comment_status":"closed","ping_status":"closed","template":"","meta":{"_acf_changed":false,"inline_featured_image":false,"footnotes":""},"priorite":[],"class_list":["post-2166","page","type-page","status-publish","hentry"],"acf":[],"yoast_head":"<!-- This site is optimized with the Yoast SEO plugin v27.5 - https:\/\/yoast.com\/product\/yoast-seo-wordpress\/ -->\n<title>Avocat divorce amiable sans juge \u00e0 Maisons-Alfort (94) - Avocat Divorce<\/title>\n<meta name=\"description\" content=\"Divorcez \u00e0 l&#039;amiable et sans juge \u00e0 Maisons-Alfort (94) en 1 mois. Contactez un Avocat divorce au 01.47.04.25.40 . Devis Gratuit &amp; Imm\u00e9diat. Cabinet Avocat GC. Divorce amiable - Divorce sans juge \u2013 Divorce par consentement mutuel\" \/>\n<meta name=\"robots\" content=\"index, follow, max-snippet:-1, max-image-preview:large, max-video-preview:-1\" \/>\n<link rel=\"canonical\" href=\"https:\/\/avocat-gc.com\/divorce\/avocat-divorce\/maisons-alfort\/divorce-amiable-maisons-alfort\/\" \/>\n<meta property=\"og:locale\" content=\"fr_FR\" \/>\n<meta property=\"og:type\" content=\"article\" \/>\n<meta property=\"og:title\" content=\"Avocat divorce amiable sans juge \u00e0 Maisons-Alfort (94) - Avocat Divorce\" \/>\n<meta property=\"og:description\" content=\"Divorcez \u00e0 l&#039;amiable et sans juge \u00e0 Maisons-Alfort (94) en 1 mois. Contactez un Avocat divorce au 01.47.04.25.40 . Devis Gratuit &amp; Imm\u00e9diat. Cabinet Avocat GC. Divorce amiable - Divorce sans juge \u2013 Divorce par consentement mutuel\" \/>\n<meta property=\"og:url\" content=\"https:\/\/avocat-gc.com\/divorce\/avocat-divorce\/maisons-alfort\/divorce-amiable-maisons-alfort\/\" \/>\n<meta property=\"og:site_name\" content=\"Avocat GC - Avocat Divorce\" \/>\n<meta property=\"article:modified_time\" content=\"2024-03-31T11:31:17+00:00\" \/>\n<meta name=\"twitter:card\" content=\"summary_large_image\" \/>\n<script type=\"application\/ld+json\" class=\"yoast-schema-graph\">{\"@context\":\"https:\\\/\\\/schema.org\",\"@graph\":[{\"@type\":\"WebPage\",\"@id\":\"https:\\\/\\\/avocat-gc.com\\\/divorce\\\/avocat-divorce\\\/maisons-alfort\\\/divorce-amiable-maisons-alfort\\\/\",\"url\":\"https:\\\/\\\/avocat-gc.com\\\/divorce\\\/avocat-divorce\\\/maisons-alfort\\\/divorce-amiable-maisons-alfort\\\/\",\"name\":\"Avocat divorce amiable sans juge \u00e0 Maisons-Alfort (94) - Avocat Divorce\",\"isPartOf\":{\"@id\":\"https:\\\/\\\/avocat-gc.com\\\/divorce\\\/#website\"},\"datePublished\":\"2024-03-29T15:34:10+00:00\",\"dateModified\":\"2024-03-31T11:31:17+00:00\",\"description\":\"Divorcez \u00e0 l'amiable et sans juge \u00e0 Maisons-Alfort (94) en 1 mois. Contactez un Avocat divorce au 01.47.04.25.40 . Devis Gratuit & Imm\u00e9diat. Cabinet Avocat GC. Divorce amiable - Divorce sans juge \u2013 Divorce par consentement mutuel\",\"breadcrumb\":{\"@id\":\"https:\\\/\\\/avocat-gc.com\\\/divorce\\\/avocat-divorce\\\/maisons-alfort\\\/divorce-amiable-maisons-alfort\\\/#breadcrumb\"},\"inLanguage\":\"fr-FR\",\"potentialAction\":[{\"@type\":\"ReadAction\",\"target\":[\"https:\\\/\\\/avocat-gc.com\\\/divorce\\\/avocat-divorce\\\/maisons-alfort\\\/divorce-amiable-maisons-alfort\\\/\"]}]},{\"@type\":\"BreadcrumbList\",\"@id\":\"https:\\\/\\\/avocat-gc.com\\\/divorce\\\/avocat-divorce\\\/maisons-alfort\\\/divorce-amiable-maisons-alfort\\\/#breadcrumb\",\"itemListElement\":[{\"@type\":\"ListItem\",\"position\":1,\"name\":\"Accueil\",\"item\":\"https:\\\/\\\/avocat-gc.com\\\/divorce\\\/\"},{\"@type\":\"ListItem\",\"position\":2,\"name\":\"Avocat Divorce\",\"item\":\"https:\\\/\\\/avocat-gc.com\\\/divorce\\\/avocat-divorce\\\/\"},{\"@type\":\"ListItem\",\"position\":3,\"name\":\"Avocat Divorce \u00e0 Maisons-Alfort (94)\",\"item\":\"https:\\\/\\\/avocat-gc.com\\\/divorce\\\/avocat-divorce\\\/maisons-alfort\\\/\"},{\"@type\":\"ListItem\",\"position\":4,\"name\":\"Avocat divorce amiable sans juge \u00e0 Maisons-Alfort (94)\"}]},{\"@type\":\"WebSite\",\"@id\":\"https:\\\/\\\/avocat-gc.com\\\/divorce\\\/#website\",\"url\":\"https:\\\/\\\/avocat-gc.com\\\/divorce\\\/\",\"name\":\"Avocat GC - Avocat Divorce\",\"description\":\"\",\"publisher\":{\"@id\":\"https:\\\/\\\/avocat-gc.com\\\/divorce\\\/#organization\"},\"potentialAction\":[{\"@type\":\"SearchAction\",\"target\":{\"@type\":\"EntryPoint\",\"urlTemplate\":\"https:\\\/\\\/avocat-gc.com\\\/divorce\\\/?s={search_term_string}\"},\"query-input\":{\"@type\":\"PropertyValueSpecification\",\"valueRequired\":true,\"valueName\":\"search_term_string\"}}],\"inLanguage\":\"fr-FR\"},{\"@type\":\"Organization\",\"@id\":\"https:\\\/\\\/avocat-gc.com\\\/divorce\\\/#organization\",\"name\":\"Avocat GC - Avocat Divorce\",\"url\":\"https:\\\/\\\/avocat-gc.com\\\/divorce\\\/\",\"logo\":{\"@type\":\"ImageObject\",\"inLanguage\":\"fr-FR\",\"@id\":\"https:\\\/\\\/avocat-gc.com\\\/divorce\\\/#\\\/schema\\\/logo\\\/image\\\/\",\"url\":\"https:\\\/\\\/avocat-gc.com\\\/divorce\\\/wp-content\\\/uploads\\\/2024\\\/04\\\/cropped-Sans-titre.png\",\"contentUrl\":\"https:\\\/\\\/avocat-gc.com\\\/divorce\\\/wp-content\\\/uploads\\\/2024\\\/04\\\/cropped-Sans-titre.png\",\"width\":200,\"height\":180,\"caption\":\"Avocat GC - Avocat Divorce\"},\"image\":{\"@id\":\"https:\\\/\\\/avocat-gc.com\\\/divorce\\\/#\\\/schema\\\/logo\\\/image\\\/\"}}]}<\/script>\n<!-- \/ Yoast SEO plugin. -->","yoast_head_json":{"title":"Avocat divorce amiable sans juge \u00e0 Maisons-Alfort (94) - Avocat Divorce","description":"Divorcez \u00e0 l'amiable et sans juge \u00e0 Maisons-Alfort (94) en 1 mois. Contactez un Avocat divorce au 01.47.04.25.40 . Devis Gratuit & Imm\u00e9diat. Cabinet Avocat GC. Divorce amiable - Divorce sans juge \u2013 Divorce par consentement mutuel","robots":{"index":"index","follow":"follow","max-snippet":"max-snippet:-1","max-image-preview":"max-image-preview:large","max-video-preview":"max-video-preview:-1"},"canonical":"https:\/\/avocat-gc.com\/divorce\/avocat-divorce\/maisons-alfort\/divorce-amiable-maisons-alfort\/","og_locale":"fr_FR","og_type":"article","og_title":"Avocat divorce amiable sans juge \u00e0 Maisons-Alfort (94) - Avocat Divorce","og_description":"Divorcez \u00e0 l'amiable et sans juge \u00e0 Maisons-Alfort (94) en 1 mois. Contactez un Avocat divorce au 01.47.04.25.40 . Devis Gratuit & Imm\u00e9diat. Cabinet Avocat GC. Divorce amiable - Divorce sans juge \u2013 Divorce par consentement mutuel","og_url":"https:\/\/avocat-gc.com\/divorce\/avocat-divorce\/maisons-alfort\/divorce-amiable-maisons-alfort\/","og_site_name":"Avocat GC - Avocat Divorce","article_modified_time":"2024-03-31T11:31:17+00:00","twitter_card":"summary_large_image","schema":{"@context":"https:\/\/schema.org","@graph":[{"@type":"WebPage","@id":"https:\/\/avocat-gc.com\/divorce\/avocat-divorce\/maisons-alfort\/divorce-amiable-maisons-alfort\/","url":"https:\/\/avocat-gc.com\/divorce\/avocat-divorce\/maisons-alfort\/divorce-amiable-maisons-alfort\/","name":"Avocat divorce amiable sans juge \u00e0 Maisons-Alfort (94) - Avocat Divorce","isPartOf":{"@id":"https:\/\/avocat-gc.com\/divorce\/#website"},"datePublished":"2024-03-29T15:34:10+00:00","dateModified":"2024-03-31T11:31:17+00:00","description":"Divorcez \u00e0 l'amiable et sans juge \u00e0 Maisons-Alfort (94) en 1 mois. Contactez un Avocat divorce au 01.47.04.25.40 . Devis Gratuit & Imm\u00e9diat. Cabinet Avocat GC. Divorce amiable - Divorce sans juge \u2013 Divorce par consentement mutuel","breadcrumb":{"@id":"https:\/\/avocat-gc.com\/divorce\/avocat-divorce\/maisons-alfort\/divorce-amiable-maisons-alfort\/#breadcrumb"},"inLanguage":"fr-FR","potentialAction":[{"@type":"ReadAction","target":["https:\/\/avocat-gc.com\/divorce\/avocat-divorce\/maisons-alfort\/divorce-amiable-maisons-alfort\/"]}]},{"@type":"BreadcrumbList","@id":"https:\/\/avocat-gc.com\/divorce\/avocat-divorce\/maisons-alfort\/divorce-amiable-maisons-alfort\/#breadcrumb","itemListElement":[{"@type":"ListItem","position":1,"name":"Accueil","item":"https:\/\/avocat-gc.com\/divorce\/"},{"@type":"ListItem","position":2,"name":"Avocat Divorce","item":"https:\/\/avocat-gc.com\/divorce\/avocat-divorce\/"},{"@type":"ListItem","position":3,"name":"Avocat Divorce \u00e0 Maisons-Alfort (94)","item":"https:\/\/avocat-gc.com\/divorce\/avocat-divorce\/maisons-alfort\/"},{"@type":"ListItem","position":4,"name":"Avocat divorce amiable sans juge \u00e0 Maisons-Alfort (94)"}]},{"@type":"WebSite","@id":"https:\/\/avocat-gc.com\/divorce\/#website","url":"https:\/\/avocat-gc.com\/divorce\/","name":"Avocat GC - Avocat Divorce","description":"","publisher":{"@id":"https:\/\/avocat-gc.com\/divorce\/#organization"},"potentialAction":[{"@type":"SearchAction","target":{"@type":"EntryPoint","urlTemplate":"https:\/\/avocat-gc.com\/divorce\/?s={search_term_string}"},"query-input":{"@type":"PropertyValueSpecification","valueRequired":true,"valueName":"search_term_string"}}],"inLanguage":"fr-FR"},{"@type":"Organization","@id":"https:\/\/avocat-gc.com\/divorce\/#organization","name":"Avocat GC - Avocat Divorce","url":"https:\/\/avocat-gc.com\/divorce\/","logo":{"@type":"ImageObject","inLanguage":"fr-FR","@id":"https:\/\/avocat-gc.com\/divorce\/#\/schema\/logo\/image\/","url":"https:\/\/avocat-gc.com\/divorce\/wp-content\/uploads\/2024\/04\/cropped-Sans-titre.png","contentUrl":"https:\/\/avocat-gc.com\/divorce\/wp-content\/uploads\/2024\/04\/cropped-Sans-titre.png","width":200,"height":180,"caption":"Avocat GC - Avocat Divorce"},"image":{"@id":"https:\/\/avocat-gc.com\/divorce\/#\/schema\/logo\/image\/"}}]}},"_links":{"self":[{"href":"https:\/\/avocat-gc.com\/divorce\/wp-json\/wp\/v2\/pages\/2166","targetHints":{"allow":["GET"]}}],"collection":[{"href":"https:\/\/avocat-gc.com\/divorce\/wp-json\/wp\/v2\/pages"}],"about":[{"href":"https:\/\/avocat-gc.com\/divorce\/wp-json\/wp\/v2\/types\/page"}],"author":[{"embeddable":true,"href":"https:\/\/avocat-gc.com\/divorce\/wp-json\/wp\/v2\/users\/1"}],"replies":[{"embeddable":true,"href":"https:\/\/avocat-gc.com\/divorce\/wp-json\/wp\/v2\/comments?post=2166"}],"version-history":[{"count":0,"href":"https:\/\/avocat-gc.com\/divorce\/wp-json\/wp\/v2\/pages\/2166\/revisions"}],"up":[{"embeddable":true,"href":"https:\/\/avocat-gc.com\/divorce\/wp-json\/wp\/v2\/pages\/7042"}],"wp:attachment":[{"href":"https:\/\/avocat-gc.com\/divorce\/wp-json\/wp\/v2\/media?parent=2166"}],"wp:term":[{"taxonomy":"priorite","embeddable":true,"href":"https:\/\/avocat-gc.com\/divorce\/wp-json\/wp\/v2\/priorite?post=2166"}],"curies":[{"name":"wp","href":"https:\/\/api.w.org\/{rel}","templated":true}]}}