{"id":2132,"date":"2024-03-29T15:34:08","date_gmt":"2024-03-29T15:34:08","guid":{"rendered":"https:\/\/avocat-gc.com\/divorce\/divorce-amiable-issy-les-moulineaux\/"},"modified":"2024-03-31T11:31:13","modified_gmt":"2024-03-31T11:31:13","slug":"divorce-amiable-issy-les-moulineaux","status":"publish","type":"page","link":"https:\/\/avocat-gc.com\/divorce\/avocat-divorce\/issy-les-moulineaux\/divorce-amiable-issy-les-moulineaux\/","title":{"rendered":"Avocat divorce amiable sans juge \u00e0 Issy-les-Moulineaux"},"content":{"rendered":"<p>Avocat divorce amiable sans juge \u00e0 Issy-les-Moulineaux<br \/>\n<a href=\"\/divorce\/avocat-divorce\/issy-les-moulineaux\/\" rel=\"nofollow noopener\" target=\"_parent\">\u25c4 Avocat divorce \u00e0 Issy-les-Moulineaux (92)<\/a><\/p>\n<h2>LE DIVORCE SANS JUGE\u00c0 ISSY-LES-MOULINEAUX<\/h2>\n<p class=\"img-left\"><img decoding=\"async\" alt=\"Avocat divorce amiable sans juge \u00e0 Issy-les-Moulineaux (92)\" title=\"Avocat divorce amiable sans juge \u00e0 Issy-les-Moulineaux (92)\" width=\"170\" border=\"2\" src=\"\/divorce\/wp-content\/uploads\/2024\/04\/avocat-divorce-amiable-paris.jpg\" \/><\/p>\n<p align=\"justify\">Notre cabinet est situ\u00e9 au 42 rue de Lubeck 75116 Paris, M\u00e9tro Trocad\u00e9ro (lignes 6 et 9). Nous vous accompagnons durant toutes les \u00e9tapes de la proc\u00e9dure de votre <a href=\"\/divorce\/avocat-divorce\/issy-les-moulineaux\/\" rel=\"nofollow noopener\" target=\"_parent\">divorce sans juge \u00e0 Issy-les-Moulineaux<\/a>. La proc\u00e9dure de divorce amiable est simple\u00a0et peu ch\u00e8re. Nous vous proposons diff\u00e9rents forfaits en fonction de votre situation, et nous vous accordons des facilit\u00e9s de paiement. Pour pouvoir entamer cette proc\u00e9dure, les \u00e9poux doivent s&rsquo;entendre sur le principe m\u00eame du divorce et sur ses cons\u00e9quences (garde des enfants, pension alimentaire, <a href=\"\/divorce\/definitions\/prestation-compensatoire\/\" rel=\"nofollow noopener\" title=\"\" target=\"\">prestation compensatoire<\/a>, liquidation du r\u00e9gime matrimonial).Vous pouvez directement prendre contact avec notre cabinet en vue de fixer votre rendez-vous au 01.47.04.25.40. Les deux \u00e9poux doivent \u00eatre pr\u00e9sents le jour du rendez-vous afin que l\u2019on puisse s\u2019assurer de votre entente mutuelle, et ainsi r\u00e9diger <a href=\"\/divorce\/convention-de-divorce\/\" rel=\"nofollow noopener\" title=\"\" target=\"\">convention\u00a0de divorce.<\/a><br \/>\nNous vous demandons de nous communiquer diff\u00e9rentes pi\u00e8ces n\u00e9cessaires  \u00e0 la constitution de votre dossier le jour du rendez-vous ou plus tard par courrier :<br \/>\n&#8211;\tActes de naissance des \u00e9poux et des enfants<br \/>\n&#8211;\tActe de mariage des \u00e9poux<br \/>\n&#8211;\tJustificatifs de domicile<br \/>\n&#8211;\tPi\u00e8ces d\u2019identit\u00e9<br \/>\n&#8211;\tLivret de famille\n<\/p>\n<p align=\"justify\">Lorsque tous les documents sont r\u00e9unis et la convention de divorce r\u00e9dig\u00e9e, le projet de convention vous est directement transmis par voie postale en recommand\u00e9 avec accus\u00e9 de r\u00e9ception. Vous aurez ensuite un d\u00e9lai de r\u00e9flexion de 15 jours pour signer le projet de convention puis nous le retourner. Le notaire se chargera, par la suite, de donner<a href=\"\/divorce\/definitions\/force-executoire\/\" rel=\"nofollow noopener\" title=\"\" target=\"\"> force ex\u00e9cutoire <\/a>et date certaine \u00e0 votre divorce. Vous serez\u00a0officiellement divorc\u00e9s. Notre cabinet d\u2019 Avocats divorce se charge par la suite d\u2019effectuer la transcription de votre divorce en marge de vos actes d\u2019\u00e9tat civil.  <\/p>\n<h3>Articles li\u00e9s<\/h3>\n<p><a href=\"\/divorce\/articles\/le-role-du-notaire-dans-un-divorce\/\" rel=\"nofollow noopener\" title=\"\" target=\"_parent\">Le r\u00f4le du notaire dans un divorce<\/a><br \/>\n<a href=\"\/divorce\/articles\/quest-ce-que-la-transcription-dun-divorce\/\" rel=\"nofollow noopener\" title=\"\" target=\"_parent\">Qu&rsquo;est ce que la transcription d&rsquo;un divorce?<\/a><br \/>\n<a href=\"\/divorce\/articles\/peut-divorcer-sans-avocat\/\" rel=\"nofollow noopener\" title=\"\" target=\"_parent\">Peut-on divorcer sans avocat ?<\/a><\/p>\n<p align=\"justify\">Pour conna\u00eetre les tarifs d&rsquo;un divorce sans juge et \u00e0 l&rsquo;amiable \u00e0 Issy-les-Moulineaux (92), veuillez remplir le devis ci-dessous afin que nous puissions effectuer une estimation de votre situation:<\/p>\n<\/p>\n<p><a href=\"http:\/\/avocat-gc.com\/divorce\/avocat-divorce-10-ans-dexperience\/\" rel=\"nofollow noopener\" target=\"_parent\">\u25ba DEVIS: AVOCAT DIVORCE SANS JUGE \u00c0 ISSY-LES-MOULINEAUX<\/a><\/p>\n<p> J&rsquo;INTERVIENS DANS TOUTE LA FRANCE <a href=\"http:\/\/avocat-gc.com\/divorce\/avocat-divorce\/paris\/\" rel=\"nofollow noopener\" title=\"\" target=\"_parent\">Notre cabinet \u00e0 Paris<\/a> : 42 Rue de L\u00fcbeck, 75116 Paris 01 47 04 25 40<\/p>\n","protected":false},"excerpt":{"rendered":"<p>Avocat divorce amiable sans juge \u00e0 Issy-les-Moulineaux \u25c4 Avocat divorce \u00e0 Issy-les-Moulineaux (92) LE DIVORCE SANS JUGE\u00c0 ISSY-LES-MOULINEAUX Notre cabinet est situ\u00e9 au 42 rue de Lubeck 75116 Paris, M\u00e9tro Trocad\u00e9ro (lignes 6 et 9). Nous vous accompagnons durant toutes les \u00e9tapes de la proc\u00e9dure de votre divorce sans juge \u00e0 Issy-les-Moulineaux. La proc\u00e9dure de [&hellip;]<\/p>\n","protected":false},"author":1,"featured_media":0,"parent":7012,"menu_order":0,"comment_status":"closed","ping_status":"closed","template":"","meta":{"_acf_changed":false,"inline_featured_image":false,"footnotes":""},"priorite":[],"class_list":["post-2132","page","type-page","status-publish","hentry"],"acf":[],"yoast_head":"<!-- This site is optimized with the Yoast SEO plugin v27.6 - https:\/\/yoast.com\/product\/yoast-seo-wordpress\/ -->\n<title>Avocat divorce amiable sans juge \u00e0 Issy-les-Moulineaux - Avocat Divorce<\/title>\n<meta name=\"description\" content=\"Divorcez \u00e0 l&#039;amiable et sans juge \u00e0 Issy-les-Moulineaux (92) en 1 mois. Contactez un Avocat divorce au 01.47.04.25.40 . Recevez un devis gratuit et imm\u00e9diat pour votre divorce. Cabinet Avocat GC. Divorce amiable - Divorce sans juge - Divorce par consentement mutuel\" \/>\n<meta name=\"robots\" content=\"index, follow, max-snippet:-1, max-image-preview:large, max-video-preview:-1\" \/>\n<link rel=\"canonical\" href=\"https:\/\/avocat-gc.com\/divorce\/avocat-divorce\/issy-les-moulineaux\/divorce-amiable-issy-les-moulineaux\/\" \/>\n<meta property=\"og:locale\" content=\"fr_FR\" \/>\n<meta property=\"og:type\" content=\"article\" \/>\n<meta property=\"og:title\" content=\"Avocat divorce amiable sans juge \u00e0 Issy-les-Moulineaux - Avocat Divorce\" \/>\n<meta property=\"og:description\" content=\"Divorcez \u00e0 l&#039;amiable et sans juge \u00e0 Issy-les-Moulineaux (92) en 1 mois. Contactez un Avocat divorce au 01.47.04.25.40 . Recevez un devis gratuit et imm\u00e9diat pour votre divorce. Cabinet Avocat GC. Divorce amiable - Divorce sans juge - Divorce par consentement mutuel\" \/>\n<meta property=\"og:url\" content=\"https:\/\/avocat-gc.com\/divorce\/avocat-divorce\/issy-les-moulineaux\/divorce-amiable-issy-les-moulineaux\/\" \/>\n<meta property=\"og:site_name\" content=\"Avocat GC - Avocat Divorce\" \/>\n<meta property=\"article:modified_time\" content=\"2024-03-31T11:31:13+00:00\" \/>\n<meta name=\"twitter:card\" content=\"summary_large_image\" \/>\n<script type=\"application\/ld+json\" class=\"yoast-schema-graph\">{\"@context\":\"https:\\\/\\\/schema.org\",\"@graph\":[{\"@type\":\"WebPage\",\"@id\":\"https:\\\/\\\/avocat-gc.com\\\/divorce\\\/avocat-divorce\\\/issy-les-moulineaux\\\/divorce-amiable-issy-les-moulineaux\\\/\",\"url\":\"https:\\\/\\\/avocat-gc.com\\\/divorce\\\/avocat-divorce\\\/issy-les-moulineaux\\\/divorce-amiable-issy-les-moulineaux\\\/\",\"name\":\"Avocat divorce amiable sans juge \u00e0 Issy-les-Moulineaux - Avocat Divorce\",\"isPartOf\":{\"@id\":\"https:\\\/\\\/avocat-gc.com\\\/divorce\\\/#website\"},\"datePublished\":\"2024-03-29T15:34:08+00:00\",\"dateModified\":\"2024-03-31T11:31:13+00:00\",\"description\":\"Divorcez \u00e0 l'amiable et sans juge \u00e0 Issy-les-Moulineaux (92) en 1 mois. Contactez un Avocat divorce au 01.47.04.25.40 . Recevez un devis gratuit et imm\u00e9diat pour votre divorce. Cabinet Avocat GC. Divorce amiable - Divorce sans juge - Divorce par consentement mutuel\",\"breadcrumb\":{\"@id\":\"https:\\\/\\\/avocat-gc.com\\\/divorce\\\/avocat-divorce\\\/issy-les-moulineaux\\\/divorce-amiable-issy-les-moulineaux\\\/#breadcrumb\"},\"inLanguage\":\"fr-FR\",\"potentialAction\":[{\"@type\":\"ReadAction\",\"target\":[\"https:\\\/\\\/avocat-gc.com\\\/divorce\\\/avocat-divorce\\\/issy-les-moulineaux\\\/divorce-amiable-issy-les-moulineaux\\\/\"]}]},{\"@type\":\"BreadcrumbList\",\"@id\":\"https:\\\/\\\/avocat-gc.com\\\/divorce\\\/avocat-divorce\\\/issy-les-moulineaux\\\/divorce-amiable-issy-les-moulineaux\\\/#breadcrumb\",\"itemListElement\":[{\"@type\":\"ListItem\",\"position\":1,\"name\":\"Accueil\",\"item\":\"https:\\\/\\\/avocat-gc.com\\\/divorce\\\/\"},{\"@type\":\"ListItem\",\"position\":2,\"name\":\"Avocat Divorce\",\"item\":\"https:\\\/\\\/avocat-gc.com\\\/divorce\\\/avocat-divorce\\\/\"},{\"@type\":\"ListItem\",\"position\":3,\"name\":\"Avocat Divorce \u00e0 Issy-les-Moulineaux (92)\",\"item\":\"https:\\\/\\\/avocat-gc.com\\\/divorce\\\/avocat-divorce\\\/issy-les-moulineaux\\\/\"},{\"@type\":\"ListItem\",\"position\":4,\"name\":\"Avocat divorce amiable sans juge \u00e0 Issy-les-Moulineaux\"}]},{\"@type\":\"WebSite\",\"@id\":\"https:\\\/\\\/avocat-gc.com\\\/divorce\\\/#website\",\"url\":\"https:\\\/\\\/avocat-gc.com\\\/divorce\\\/\",\"name\":\"Avocat GC - Avocat Divorce\",\"description\":\"\",\"publisher\":{\"@id\":\"https:\\\/\\\/avocat-gc.com\\\/divorce\\\/#organization\"},\"potentialAction\":[{\"@type\":\"SearchAction\",\"target\":{\"@type\":\"EntryPoint\",\"urlTemplate\":\"https:\\\/\\\/avocat-gc.com\\\/divorce\\\/?s={search_term_string}\"},\"query-input\":{\"@type\":\"PropertyValueSpecification\",\"valueRequired\":true,\"valueName\":\"search_term_string\"}}],\"inLanguage\":\"fr-FR\"},{\"@type\":\"Organization\",\"@id\":\"https:\\\/\\\/avocat-gc.com\\\/divorce\\\/#organization\",\"name\":\"Avocat GC - Avocat Divorce\",\"url\":\"https:\\\/\\\/avocat-gc.com\\\/divorce\\\/\",\"logo\":{\"@type\":\"ImageObject\",\"inLanguage\":\"fr-FR\",\"@id\":\"https:\\\/\\\/avocat-gc.com\\\/divorce\\\/#\\\/schema\\\/logo\\\/image\\\/\",\"url\":\"https:\\\/\\\/avocat-gc.com\\\/divorce\\\/wp-content\\\/uploads\\\/2024\\\/04\\\/cropped-Sans-titre.png\",\"contentUrl\":\"https:\\\/\\\/avocat-gc.com\\\/divorce\\\/wp-content\\\/uploads\\\/2024\\\/04\\\/cropped-Sans-titre.png\",\"width\":200,\"height\":180,\"caption\":\"Avocat GC - Avocat Divorce\"},\"image\":{\"@id\":\"https:\\\/\\\/avocat-gc.com\\\/divorce\\\/#\\\/schema\\\/logo\\\/image\\\/\"}}]}<\/script>\n<!-- \/ Yoast SEO plugin. -->","yoast_head_json":{"title":"Avocat divorce amiable sans juge \u00e0 Issy-les-Moulineaux - Avocat Divorce","description":"Divorcez \u00e0 l'amiable et sans juge \u00e0 Issy-les-Moulineaux (92) en 1 mois. Contactez un Avocat divorce au 01.47.04.25.40 . Recevez un devis gratuit et imm\u00e9diat pour votre divorce. Cabinet Avocat GC. Divorce amiable - Divorce sans juge - Divorce par consentement mutuel","robots":{"index":"index","follow":"follow","max-snippet":"max-snippet:-1","max-image-preview":"max-image-preview:large","max-video-preview":"max-video-preview:-1"},"canonical":"https:\/\/avocat-gc.com\/divorce\/avocat-divorce\/issy-les-moulineaux\/divorce-amiable-issy-les-moulineaux\/","og_locale":"fr_FR","og_type":"article","og_title":"Avocat divorce amiable sans juge \u00e0 Issy-les-Moulineaux - Avocat Divorce","og_description":"Divorcez \u00e0 l'amiable et sans juge \u00e0 Issy-les-Moulineaux (92) en 1 mois. Contactez un Avocat divorce au 01.47.04.25.40 . Recevez un devis gratuit et imm\u00e9diat pour votre divorce. Cabinet Avocat GC. Divorce amiable - Divorce sans juge - Divorce par consentement mutuel","og_url":"https:\/\/avocat-gc.com\/divorce\/avocat-divorce\/issy-les-moulineaux\/divorce-amiable-issy-les-moulineaux\/","og_site_name":"Avocat GC - Avocat Divorce","article_modified_time":"2024-03-31T11:31:13+00:00","twitter_card":"summary_large_image","schema":{"@context":"https:\/\/schema.org","@graph":[{"@type":"WebPage","@id":"https:\/\/avocat-gc.com\/divorce\/avocat-divorce\/issy-les-moulineaux\/divorce-amiable-issy-les-moulineaux\/","url":"https:\/\/avocat-gc.com\/divorce\/avocat-divorce\/issy-les-moulineaux\/divorce-amiable-issy-les-moulineaux\/","name":"Avocat divorce amiable sans juge \u00e0 Issy-les-Moulineaux - Avocat Divorce","isPartOf":{"@id":"https:\/\/avocat-gc.com\/divorce\/#website"},"datePublished":"2024-03-29T15:34:08+00:00","dateModified":"2024-03-31T11:31:13+00:00","description":"Divorcez \u00e0 l'amiable et sans juge \u00e0 Issy-les-Moulineaux (92) en 1 mois. Contactez un Avocat divorce au 01.47.04.25.40 . Recevez un devis gratuit et imm\u00e9diat pour votre divorce. Cabinet Avocat GC. Divorce amiable - Divorce sans juge - Divorce par consentement mutuel","breadcrumb":{"@id":"https:\/\/avocat-gc.com\/divorce\/avocat-divorce\/issy-les-moulineaux\/divorce-amiable-issy-les-moulineaux\/#breadcrumb"},"inLanguage":"fr-FR","potentialAction":[{"@type":"ReadAction","target":["https:\/\/avocat-gc.com\/divorce\/avocat-divorce\/issy-les-moulineaux\/divorce-amiable-issy-les-moulineaux\/"]}]},{"@type":"BreadcrumbList","@id":"https:\/\/avocat-gc.com\/divorce\/avocat-divorce\/issy-les-moulineaux\/divorce-amiable-issy-les-moulineaux\/#breadcrumb","itemListElement":[{"@type":"ListItem","position":1,"name":"Accueil","item":"https:\/\/avocat-gc.com\/divorce\/"},{"@type":"ListItem","position":2,"name":"Avocat Divorce","item":"https:\/\/avocat-gc.com\/divorce\/avocat-divorce\/"},{"@type":"ListItem","position":3,"name":"Avocat Divorce \u00e0 Issy-les-Moulineaux (92)","item":"https:\/\/avocat-gc.com\/divorce\/avocat-divorce\/issy-les-moulineaux\/"},{"@type":"ListItem","position":4,"name":"Avocat divorce amiable sans juge \u00e0 Issy-les-Moulineaux"}]},{"@type":"WebSite","@id":"https:\/\/avocat-gc.com\/divorce\/#website","url":"https:\/\/avocat-gc.com\/divorce\/","name":"Avocat GC - Avocat Divorce","description":"","publisher":{"@id":"https:\/\/avocat-gc.com\/divorce\/#organization"},"potentialAction":[{"@type":"SearchAction","target":{"@type":"EntryPoint","urlTemplate":"https:\/\/avocat-gc.com\/divorce\/?s={search_term_string}"},"query-input":{"@type":"PropertyValueSpecification","valueRequired":true,"valueName":"search_term_string"}}],"inLanguage":"fr-FR"},{"@type":"Organization","@id":"https:\/\/avocat-gc.com\/divorce\/#organization","name":"Avocat GC - Avocat Divorce","url":"https:\/\/avocat-gc.com\/divorce\/","logo":{"@type":"ImageObject","inLanguage":"fr-FR","@id":"https:\/\/avocat-gc.com\/divorce\/#\/schema\/logo\/image\/","url":"https:\/\/avocat-gc.com\/divorce\/wp-content\/uploads\/2024\/04\/cropped-Sans-titre.png","contentUrl":"https:\/\/avocat-gc.com\/divorce\/wp-content\/uploads\/2024\/04\/cropped-Sans-titre.png","width":200,"height":180,"caption":"Avocat GC - Avocat Divorce"},"image":{"@id":"https:\/\/avocat-gc.com\/divorce\/#\/schema\/logo\/image\/"}}]}},"_links":{"self":[{"href":"https:\/\/avocat-gc.com\/divorce\/wp-json\/wp\/v2\/pages\/2132","targetHints":{"allow":["GET"]}}],"collection":[{"href":"https:\/\/avocat-gc.com\/divorce\/wp-json\/wp\/v2\/pages"}],"about":[{"href":"https:\/\/avocat-gc.com\/divorce\/wp-json\/wp\/v2\/types\/page"}],"author":[{"embeddable":true,"href":"https:\/\/avocat-gc.com\/divorce\/wp-json\/wp\/v2\/users\/1"}],"replies":[{"embeddable":true,"href":"https:\/\/avocat-gc.com\/divorce\/wp-json\/wp\/v2\/comments?post=2132"}],"version-history":[{"count":0,"href":"https:\/\/avocat-gc.com\/divorce\/wp-json\/wp\/v2\/pages\/2132\/revisions"}],"up":[{"embeddable":true,"href":"https:\/\/avocat-gc.com\/divorce\/wp-json\/wp\/v2\/pages\/7012"}],"wp:attachment":[{"href":"https:\/\/avocat-gc.com\/divorce\/wp-json\/wp\/v2\/media?parent=2132"}],"wp:term":[{"taxonomy":"priorite","embeddable":true,"href":"https:\/\/avocat-gc.com\/divorce\/wp-json\/wp\/v2\/priorite?post=2132"}],"curies":[{"name":"wp","href":"https:\/\/api.w.org\/{rel}","templated":true}]}}