{"id":2122,"date":"2024-03-29T15:34:05","date_gmt":"2024-03-29T15:34:05","guid":{"rendered":"https:\/\/avocat-gc.com\/divorce\/divorce-amiable-garches\/"},"modified":"2024-03-31T11:31:12","modified_gmt":"2024-03-31T11:31:12","slug":"divorce-amiable-garches","status":"publish","type":"page","link":"https:\/\/avocat-gc.com\/divorce\/avocat-divorce\/garches\/divorce-amiable-garches\/","title":{"rendered":"Avocat divorce sans juge \u00e0 Garches"},"content":{"rendered":"<p><a href=\"http:\/\/avocat-gc.com\/divorce\/avocat-divorce\/garches\/\" rel=\"nofollow noopener\" target=\"_parent\">\u25c4 Avocat divorce \u00e0 Garches (92)<\/a><\/p>\n<h2>Le divorce sans juge \u00e0 Garches<\/h2>\n<p class=\"img-left\"><img decoding=\"async\" alt=\"Avocat Divorce Amiable sans juge Garches \" title=\"Avocat Divorce Amiable sans juge Garches\" width=\"170\" border=\"2\" src=\"\/divorce\/wp-content\/uploads\/2024\/04\/avocat-divorce-amiable-paris.jpg\" \/><\/p>\n<p align=\"justify\">Le divorce par consentement mutuel\u00a0est une proc\u00e9dure simplifi\u00e9e\u00a0et \u00e9conomique. Notre cabinet d&rsquo;avocats vous re\u00e7oit et vous assiste tout au long de votre proc\u00e9dure.\u00a0Pour entamer une proc\u00e9dure de\u00a0<a href=\"http:\/\/avocat-gc.com\/divorce\/avocat-divorce\/garches\/\" title=\"\" target=\"\" rel=\"noopener\">divorce \u00e0 l&rsquo;amiable \u00e0 Garches,<\/a> les deux \u00e9poux doivent trouver un accord sur chaque aspect du divorce, que ce soit la liquidation du r\u00e9gime matrimonial, la garde des enfants, la pension alimentaire, ou  la prestation compensatoire. Une fois ces conditions remplies, nous r\u00e9digeons une <a href=\"\/divorce\/convention-de-divorce\/\" rel=\"nofollow noopener\" title=\"\" target=\"\">convention de divorce<\/a> r\u00e9glant toutes les cons\u00e9quences et effets du divorce par consentement mutuel. Le projet de convention de divorce vous sera ensuite transmis par voie postale.Les \u00e9poux ont, par la suite, un d\u00e9lai de 15 jours avant de signer la convention. Elle sera transmise ensuite au notaire afin qu&rsquo;il l&rsquo;enregistre et lui donne<a href=\"http:\/\/avocat-gc.com\/divorce\/definitions\/force-executoire\/\" title=\"\" target=\"\" rel=\"noopener\">\u00a0force \u00e9xecutoire<\/a> et date certaine.Le divorce est alors prononc\u00e9 \u00e0 ce moment.Si tout d\u00e9saccord venait \u00e0 surgir concernant la convention de divorce, il faudrait alors s&rsquo;engager dans une proc\u00e9dure de divorce contentieux qui n\u00e9cessite une audience devant le<a href=\"http:\/\/avocat-gc.com\/divorce\/definitions\/juge-aux-affaires-familiales\/\" rel=\"nofollow noopener\" title=\"\" target=\"\"> Juge aux Affaires Familiales<\/a>.Si vous souhaitez en savoir davantage sur le divorce sans juge, veuillez consulter notre page:\n<\/p>\n<\/p>\n<p><a href=\"\/divorce\/divorce-sans-juge\/\" rel=\"nofollow noopener\" target=\"_parent\"> \u25ba AVOCAT DIVORCE SANS JUGE <\/a><\/p>\n<h3> Articles li\u00e9s <\/h3>\n<p><a href=\"\/divorce\/articles\/comment-bien-commencer-sa-procedure-de-divorce\/\" rel=\"nofollow\">Comment bien commencer sa proc\u00e9dure de divorce?<\/a><br \/>\n<a href=\"\/divorce\/articles\/quest-ce-quun-jugement-de-divorce\/\" rel=\"nofollow\">Qu&rsquo;est ce qu&rsquo;un jugement de divorce?<\/a><br \/>\n<a href=\"\/divorce\/articles\/mode-demploi-du-divorce-sans-juge\/\" rel=\"nofollow\"> Divorce sans juge, mode d&#8217;emploi<\/a><\/p>\n<p>\u25ba A T\u00c9L\u00c9CHARGER: <a href=\"\/divorce\/divorce-sans-juge\/convention-garches\/\" rel=\"nofollow\">Mod\u00e8le de convention de divorce sans juge \u00e0 Garches (92)<\/a><\/p>\n<h3>Divorce sans juge &#8211; les tarifs<\/h3>\n<p align=\"justify\"> Pour toutes questions concernant les d\u00e9lais et nos tarifs pour divorcer sans juge Garches (92), merci de remplir le document ci-dessous:<\/p>\n<\/p>\n<p><a href=\"http:\/\/avocat-gc.com\/divorce\/avocat-divorce-10-ans-dexperience\/\" rel=\"nofollow noopener\" target=\"_parent\">\u25ba DEVIS: AVOCAT DIVORCE \u00c0 GARCHES<\/a><\/p>\n<p> J&rsquo;INTERVIENS DANS TOUTE LA FRANCE <a href=\"http:\/\/avocat-gc.com\/divorce\/avocat-divorce\/paris\/\" rel=\"nofollow noopener\" title=\"\" target=\"_parent\">Notre cabinet \u00e0 Paris<\/a> : 42 Rue de L\u00fcbeck, 75116 Paris 01 47 04 25 40<\/p>\n","protected":false},"excerpt":{"rendered":"<p>\u25c4 Avocat divorce \u00e0 Garches (92) Le divorce sans juge \u00e0 Garches Le divorce par consentement mutuel\u00a0est une proc\u00e9dure simplifi\u00e9e\u00a0et \u00e9conomique. Notre cabinet d&rsquo;avocats vous re\u00e7oit et vous assiste tout au long de votre proc\u00e9dure.\u00a0Pour entamer une proc\u00e9dure de\u00a0divorce \u00e0 l&rsquo;amiable \u00e0 Garches, les deux \u00e9poux doivent trouver un accord sur chaque aspect du divorce, [&hellip;]<\/p>\n","protected":false},"author":1,"featured_media":0,"parent":6991,"menu_order":0,"comment_status":"closed","ping_status":"closed","template":"","meta":{"_acf_changed":false,"inline_featured_image":false,"footnotes":""},"priorite":[],"class_list":["post-2122","page","type-page","status-publish","hentry"],"acf":[],"yoast_head":"<!-- This site is optimized with the Yoast SEO plugin v27.3 - https:\/\/yoast.com\/product\/yoast-seo-wordpress\/ -->\n<title>Avocat divorce sans juge \u00e0 Garches - Avocat Divorce<\/title>\n<meta name=\"description\" content=\"Divorcez \u00e0 l&#039;amiable et sans juge \u00e0 Garches (92) en 1 mois \u00e0 partir de 425\u20ac TTC. Contactez un Avocat divorce au 01.47.04.25.40 . Recevez un devis gratuit et imm\u00e9diat pour votre divorce. Cabinet Avocat GC. Divorce amiable - Divorce sans juge - Divorce par consentement mutuel\" \/>\n<meta name=\"robots\" content=\"index, follow, max-snippet:-1, max-image-preview:large, max-video-preview:-1\" \/>\n<link rel=\"canonical\" href=\"https:\/\/avocat-gc.com\/divorce\/avocat-divorce\/garches\/divorce-amiable-garches\/\" \/>\n<meta property=\"og:locale\" content=\"fr_FR\" \/>\n<meta property=\"og:type\" content=\"article\" \/>\n<meta property=\"og:title\" content=\"Avocat divorce sans juge \u00e0 Garches - Avocat Divorce\" \/>\n<meta property=\"og:description\" content=\"Divorcez \u00e0 l&#039;amiable et sans juge \u00e0 Garches (92) en 1 mois \u00e0 partir de 425\u20ac TTC. Contactez un Avocat divorce au 01.47.04.25.40 . Recevez un devis gratuit et imm\u00e9diat pour votre divorce. Cabinet Avocat GC. Divorce amiable - Divorce sans juge - Divorce par consentement mutuel\" \/>\n<meta property=\"og:url\" content=\"https:\/\/avocat-gc.com\/divorce\/avocat-divorce\/garches\/divorce-amiable-garches\/\" \/>\n<meta property=\"og:site_name\" content=\"Avocat GC - Avocat Divorce\" \/>\n<meta property=\"article:modified_time\" content=\"2024-03-31T11:31:12+00:00\" \/>\n<meta name=\"twitter:card\" content=\"summary_large_image\" \/>\n<script type=\"application\/ld+json\" class=\"yoast-schema-graph\">{\"@context\":\"https:\\\/\\\/schema.org\",\"@graph\":[{\"@type\":\"WebPage\",\"@id\":\"https:\\\/\\\/avocat-gc.com\\\/divorce\\\/avocat-divorce\\\/garches\\\/divorce-amiable-garches\\\/\",\"url\":\"https:\\\/\\\/avocat-gc.com\\\/divorce\\\/avocat-divorce\\\/garches\\\/divorce-amiable-garches\\\/\",\"name\":\"Avocat divorce sans juge \u00e0 Garches - Avocat Divorce\",\"isPartOf\":{\"@id\":\"https:\\\/\\\/avocat-gc.com\\\/divorce\\\/#website\"},\"datePublished\":\"2024-03-29T15:34:05+00:00\",\"dateModified\":\"2024-03-31T11:31:12+00:00\",\"description\":\"Divorcez \u00e0 l'amiable et sans juge \u00e0 Garches (92) en 1 mois \u00e0 partir de 425\u20ac TTC. Contactez un Avocat divorce au 01.47.04.25.40 . Recevez un devis gratuit et imm\u00e9diat pour votre divorce. Cabinet Avocat GC. Divorce amiable - Divorce sans juge - Divorce par consentement mutuel\",\"breadcrumb\":{\"@id\":\"https:\\\/\\\/avocat-gc.com\\\/divorce\\\/avocat-divorce\\\/garches\\\/divorce-amiable-garches\\\/#breadcrumb\"},\"inLanguage\":\"fr-FR\",\"potentialAction\":[{\"@type\":\"ReadAction\",\"target\":[\"https:\\\/\\\/avocat-gc.com\\\/divorce\\\/avocat-divorce\\\/garches\\\/divorce-amiable-garches\\\/\"]}]},{\"@type\":\"BreadcrumbList\",\"@id\":\"https:\\\/\\\/avocat-gc.com\\\/divorce\\\/avocat-divorce\\\/garches\\\/divorce-amiable-garches\\\/#breadcrumb\",\"itemListElement\":[{\"@type\":\"ListItem\",\"position\":1,\"name\":\"Accueil\",\"item\":\"https:\\\/\\\/avocat-gc.com\\\/divorce\\\/\"},{\"@type\":\"ListItem\",\"position\":2,\"name\":\"Avocat Divorce\",\"item\":\"https:\\\/\\\/avocat-gc.com\\\/divorce\\\/avocat-divorce\\\/\"},{\"@type\":\"ListItem\",\"position\":3,\"name\":\"Avocat Divorce \u00e0 Garches (92)\",\"item\":\"https:\\\/\\\/avocat-gc.com\\\/divorce\\\/avocat-divorce\\\/garches\\\/\"},{\"@type\":\"ListItem\",\"position\":4,\"name\":\"Avocat divorce sans juge \u00e0 Garches\"}]},{\"@type\":\"WebSite\",\"@id\":\"https:\\\/\\\/avocat-gc.com\\\/divorce\\\/#website\",\"url\":\"https:\\\/\\\/avocat-gc.com\\\/divorce\\\/\",\"name\":\"Avocat GC - Avocat Divorce\",\"description\":\"\",\"publisher\":{\"@id\":\"https:\\\/\\\/avocat-gc.com\\\/divorce\\\/#organization\"},\"potentialAction\":[{\"@type\":\"SearchAction\",\"target\":{\"@type\":\"EntryPoint\",\"urlTemplate\":\"https:\\\/\\\/avocat-gc.com\\\/divorce\\\/?s={search_term_string}\"},\"query-input\":{\"@type\":\"PropertyValueSpecification\",\"valueRequired\":true,\"valueName\":\"search_term_string\"}}],\"inLanguage\":\"fr-FR\"},{\"@type\":\"Organization\",\"@id\":\"https:\\\/\\\/avocat-gc.com\\\/divorce\\\/#organization\",\"name\":\"Avocat GC - Avocat Divorce\",\"url\":\"https:\\\/\\\/avocat-gc.com\\\/divorce\\\/\",\"logo\":{\"@type\":\"ImageObject\",\"inLanguage\":\"fr-FR\",\"@id\":\"https:\\\/\\\/avocat-gc.com\\\/divorce\\\/#\\\/schema\\\/logo\\\/image\\\/\",\"url\":\"https:\\\/\\\/avocat-gc.com\\\/divorce\\\/wp-content\\\/uploads\\\/2024\\\/04\\\/cropped-Sans-titre.png\",\"contentUrl\":\"https:\\\/\\\/avocat-gc.com\\\/divorce\\\/wp-content\\\/uploads\\\/2024\\\/04\\\/cropped-Sans-titre.png\",\"width\":200,\"height\":180,\"caption\":\"Avocat GC - Avocat Divorce\"},\"image\":{\"@id\":\"https:\\\/\\\/avocat-gc.com\\\/divorce\\\/#\\\/schema\\\/logo\\\/image\\\/\"}}]}<\/script>\n<!-- \/ Yoast SEO plugin. -->","yoast_head_json":{"title":"Avocat divorce sans juge \u00e0 Garches - Avocat Divorce","description":"Divorcez \u00e0 l'amiable et sans juge \u00e0 Garches (92) en 1 mois \u00e0 partir de 425\u20ac TTC. Contactez un Avocat divorce au 01.47.04.25.40 . Recevez un devis gratuit et imm\u00e9diat pour votre divorce. Cabinet Avocat GC. Divorce amiable - Divorce sans juge - Divorce par consentement mutuel","robots":{"index":"index","follow":"follow","max-snippet":"max-snippet:-1","max-image-preview":"max-image-preview:large","max-video-preview":"max-video-preview:-1"},"canonical":"https:\/\/avocat-gc.com\/divorce\/avocat-divorce\/garches\/divorce-amiable-garches\/","og_locale":"fr_FR","og_type":"article","og_title":"Avocat divorce sans juge \u00e0 Garches - Avocat Divorce","og_description":"Divorcez \u00e0 l'amiable et sans juge \u00e0 Garches (92) en 1 mois \u00e0 partir de 425\u20ac TTC. Contactez un Avocat divorce au 01.47.04.25.40 . Recevez un devis gratuit et imm\u00e9diat pour votre divorce. Cabinet Avocat GC. Divorce amiable - Divorce sans juge - Divorce par consentement mutuel","og_url":"https:\/\/avocat-gc.com\/divorce\/avocat-divorce\/garches\/divorce-amiable-garches\/","og_site_name":"Avocat GC - Avocat Divorce","article_modified_time":"2024-03-31T11:31:12+00:00","twitter_card":"summary_large_image","schema":{"@context":"https:\/\/schema.org","@graph":[{"@type":"WebPage","@id":"https:\/\/avocat-gc.com\/divorce\/avocat-divorce\/garches\/divorce-amiable-garches\/","url":"https:\/\/avocat-gc.com\/divorce\/avocat-divorce\/garches\/divorce-amiable-garches\/","name":"Avocat divorce sans juge \u00e0 Garches - Avocat Divorce","isPartOf":{"@id":"https:\/\/avocat-gc.com\/divorce\/#website"},"datePublished":"2024-03-29T15:34:05+00:00","dateModified":"2024-03-31T11:31:12+00:00","description":"Divorcez \u00e0 l'amiable et sans juge \u00e0 Garches (92) en 1 mois \u00e0 partir de 425\u20ac TTC. Contactez un Avocat divorce au 01.47.04.25.40 . Recevez un devis gratuit et imm\u00e9diat pour votre divorce. Cabinet Avocat GC. Divorce amiable - Divorce sans juge - Divorce par consentement mutuel","breadcrumb":{"@id":"https:\/\/avocat-gc.com\/divorce\/avocat-divorce\/garches\/divorce-amiable-garches\/#breadcrumb"},"inLanguage":"fr-FR","potentialAction":[{"@type":"ReadAction","target":["https:\/\/avocat-gc.com\/divorce\/avocat-divorce\/garches\/divorce-amiable-garches\/"]}]},{"@type":"BreadcrumbList","@id":"https:\/\/avocat-gc.com\/divorce\/avocat-divorce\/garches\/divorce-amiable-garches\/#breadcrumb","itemListElement":[{"@type":"ListItem","position":1,"name":"Accueil","item":"https:\/\/avocat-gc.com\/divorce\/"},{"@type":"ListItem","position":2,"name":"Avocat Divorce","item":"https:\/\/avocat-gc.com\/divorce\/avocat-divorce\/"},{"@type":"ListItem","position":3,"name":"Avocat Divorce \u00e0 Garches (92)","item":"https:\/\/avocat-gc.com\/divorce\/avocat-divorce\/garches\/"},{"@type":"ListItem","position":4,"name":"Avocat divorce sans juge \u00e0 Garches"}]},{"@type":"WebSite","@id":"https:\/\/avocat-gc.com\/divorce\/#website","url":"https:\/\/avocat-gc.com\/divorce\/","name":"Avocat GC - Avocat Divorce","description":"","publisher":{"@id":"https:\/\/avocat-gc.com\/divorce\/#organization"},"potentialAction":[{"@type":"SearchAction","target":{"@type":"EntryPoint","urlTemplate":"https:\/\/avocat-gc.com\/divorce\/?s={search_term_string}"},"query-input":{"@type":"PropertyValueSpecification","valueRequired":true,"valueName":"search_term_string"}}],"inLanguage":"fr-FR"},{"@type":"Organization","@id":"https:\/\/avocat-gc.com\/divorce\/#organization","name":"Avocat GC - Avocat Divorce","url":"https:\/\/avocat-gc.com\/divorce\/","logo":{"@type":"ImageObject","inLanguage":"fr-FR","@id":"https:\/\/avocat-gc.com\/divorce\/#\/schema\/logo\/image\/","url":"https:\/\/avocat-gc.com\/divorce\/wp-content\/uploads\/2024\/04\/cropped-Sans-titre.png","contentUrl":"https:\/\/avocat-gc.com\/divorce\/wp-content\/uploads\/2024\/04\/cropped-Sans-titre.png","width":200,"height":180,"caption":"Avocat GC - Avocat Divorce"},"image":{"@id":"https:\/\/avocat-gc.com\/divorce\/#\/schema\/logo\/image\/"}}]}},"_links":{"self":[{"href":"https:\/\/avocat-gc.com\/divorce\/wp-json\/wp\/v2\/pages\/2122","targetHints":{"allow":["GET"]}}],"collection":[{"href":"https:\/\/avocat-gc.com\/divorce\/wp-json\/wp\/v2\/pages"}],"about":[{"href":"https:\/\/avocat-gc.com\/divorce\/wp-json\/wp\/v2\/types\/page"}],"author":[{"embeddable":true,"href":"https:\/\/avocat-gc.com\/divorce\/wp-json\/wp\/v2\/users\/1"}],"replies":[{"embeddable":true,"href":"https:\/\/avocat-gc.com\/divorce\/wp-json\/wp\/v2\/comments?post=2122"}],"version-history":[{"count":0,"href":"https:\/\/avocat-gc.com\/divorce\/wp-json\/wp\/v2\/pages\/2122\/revisions"}],"up":[{"embeddable":true,"href":"https:\/\/avocat-gc.com\/divorce\/wp-json\/wp\/v2\/pages\/6991"}],"wp:attachment":[{"href":"https:\/\/avocat-gc.com\/divorce\/wp-json\/wp\/v2\/media?parent=2122"}],"wp:term":[{"taxonomy":"priorite","embeddable":true,"href":"https:\/\/avocat-gc.com\/divorce\/wp-json\/wp\/v2\/priorite?post=2122"}],"curies":[{"name":"wp","href":"https:\/\/api.w.org\/{rel}","templated":true}]}}