{"id":2097,"date":"2017-09-03T00:00:00","date_gmt":"2017-09-03T00:00:00","guid":{"rendered":"https:\/\/avocat-gc.com\/divorce\/divorce-amiable-courbevoie\/"},"modified":"2024-03-31T11:31:09","modified_gmt":"2024-03-31T11:31:09","slug":"divorce-amiable-courbevoie","status":"publish","type":"page","link":"https:\/\/avocat-gc.com\/divorce\/avocat-divorce\/courbevoie\/divorce-amiable-courbevoie\/","title":{"rendered":"Avocat divorce sans juge \u00e0 Courbevoie"},"content":{"rendered":"<p>Avocat divorce sans juge Courbevoie<br \/>\n<a href=\"http:\/\/avocat-gc.com\/divorce\/avocat-divorce\/courbevoie\/\" rel=\"nofollow noopener\" target=\"_parent\">\u25c4 Avocat divorce \u00e0 Courbevoie (92)<\/a><\/p>\n<h2>Le divorce sans juge \u00e0 Courbevoie<\/h2>\n<p class=\"img-left\"><img decoding=\"async\" alt=\"Avocat Divorce Amiable sans juge Courbevoie \" title=\"Avocat Divorce Amiable sans juge Courbevoie\" width=\"170\" border=\"2\" src=\"\/divorce\/wp-content\/uploads\/2024\/04\/avocat-divorce-amiable-paris.jpg\" \/><\/p>\n<p align=\"justify\">Le divorce sans juge ou divorce amiable est la proc\u00e9dure la plus fr\u00e9quente en mati\u00e8re de divorce. En effet, elle permet aux deux conjoints de divorcer dans un d\u00e9lai g\u00e9n\u00e9ral d&rsquo;un mois. Notre cabinet d&rsquo;avocats vous assiste tout au long de votre proc\u00e9dure et met tout en oeuvre pour respecter ce d\u00e9lai en traitant rapidement votre dossier.Pour entamer une proc\u00e9dure de\u00a0<a href=\"http:\/\/avocat-gc.com\/divorce\/avocat-divorce\/courbevoie\/\" title=\"\" target=\"\" rel=\"noopener\">divorce \u00e0 l&rsquo;amiable \u00e0 Courbevoie,<\/a> les deux \u00e9poux doivent \u00eatre d&rsquo;accord sur chaque effet du divorce qui seront list\u00e9s dans la convention, que ce soit la liquidation du r\u00e9gime matrimonial, la garde des enfants, la pension alimentaire, ou  la prestation compensatoire. Lorsqu&rsquo;un accord est trouv\u00e9 et que tous les documents sont regroup\u00e9s, nous r\u00e9digeons une <a href=\"\/divorce\/convention-de-divorce\/\" rel=\"nofollow noopener\" title=\"\" target=\"\">convention de divorce<\/a> r\u00e9glant toutes les cons\u00e9quences et effets du divorce par consentement mutuel. Puis, nous vous adressons par voie postale le projet de convention qu&rsquo;il vous faudra relire et signer dans un d\u00e9lai de 15 jours.Cette signature marquant votre accord, la convention de divorce sera alors transmise par nos soins au notaire afin qu&rsquo;il l&rsquo;enregistre et lui donne<a href=\"http:\/\/avocat-gc.com\/divorce\/definitions\/force-executoire\/\" title=\"\" target=\"\" rel=\"noopener\">\u00a0force \u00e9xecutoire<\/a> et date certaine.Le divorce est alors prononc\u00e9 \u00e0 ce moment. Ces \u00e9tapes sont effectu\u00e9es rapidement et notre cabinet traite le plus rapidement possible votre dossier. Nous vous divor\u00e7ons dans un d\u00e9lai habituel d&rsquo;un mois.Si tout d\u00e9saccord venait \u00e0 surgir concernant la convention de divorce, il faudrait alors s&rsquo;engager dans une proc\u00e9dure de divorce contentieux qui n\u00e9cessite une audience devant le<a href=\"http:\/\/avocat-gc.com\/divorce\/definitions\/juge-aux-affaires-familiales\/\" rel=\"nofollow noopener\" title=\"\" target=\"\"> Juge aux Affaires Familiales<\/a>.Si vous souhaitez en savoir davantage sur le divorce sans juge, veuillez consulter notre page:\n<\/p>\n<\/p>\n<p><a href=\"\/divorce\/divorce-sans-juge\/\" rel=\"nofollow noopener\" target=\"_parent\"> \u25ba AVOCAT DIVORCE SANS JUGE <\/a><\/p>\n<h3> Articles li\u00e9s <\/h3>\n<p><a href=\"\/divorce\/articles\/comment-bien-commencer-sa-procedure-de-divorce\/\" rel=\"nofollow\">Comment bien commencer sa proc\u00e9dure de divorce?<\/a><br \/>\n<a href=\"\/divorce\/articles\/le-divorce-par-consentement-mutuel-deux-avocats\/\" rel=\"nofollow\">Le divorce \u00e0 l&rsquo;amiable \u00e0 deux avocats <\/a><br \/>\n<a href=\"\/divorce\/articles\/mode-demploi-du-divorce-sans-juge\/\" rel=\"nofollow\"> Divorce sans juge, mode d&#8217;emploi<\/a><\/p>\n<p>\u25ba A T\u00c9L\u00c9CHARGER: <a href=\"\/divorce\/divorce-sans-juge-courbevoie-exemple-de-convention\/\" rel=\"nofollow\">Mod\u00e8le de convention de divorce sans juge \u00e0 Courbevoie (92)<\/a><\/p>\n<h3>Divorce sans juge &#8211; les tarifs<\/h3>\n<p align=\"justify\"> Pour toutes questions concernant les d\u00e9lais et nos tarifs pour divorcer sans juge Courbevoie (92), merci de remplir le document ci-dessous:<\/p>\n<\/p>\n<p><a href=\"http:\/\/avocat-gc.com\/divorce\/avocat-divorce-10-ans-dexperience\/\" rel=\"nofollow noopener\" target=\"_parent\">\u25ba DEVIS: AVOCAT DIVORCE \u00c0 COURBEVOIE<\/a><\/p>\n<p> J&rsquo;INTERVIENS DANS TOUTE LA FRANCE <a href=\"http:\/\/avocat-gc.com\/divorce\/avocat-divorce\/paris\/\" rel=\"nofollow noopener\" title=\"\" target=\"_parent\">Notre cabinet \u00e0 Paris<\/a> : 42 Rue de L\u00fcbeck, 75116 Paris 01 47 04 25 40<\/p>\n","protected":false},"excerpt":{"rendered":"<p>Avocat divorce sans juge Courbevoie \u25c4 Avocat divorce \u00e0 Courbevoie (92) Le divorce sans juge \u00e0 Courbevoie Le divorce sans juge ou divorce amiable est la proc\u00e9dure la plus fr\u00e9quente en mati\u00e8re de divorce. En effet, elle permet aux deux conjoints de divorcer dans un d\u00e9lai g\u00e9n\u00e9ral d&rsquo;un mois. Notre cabinet d&rsquo;avocats vous assiste tout [&hellip;]<\/p>\n","protected":false},"author":1,"featured_media":0,"parent":6993,"menu_order":0,"comment_status":"closed","ping_status":"closed","template":"","meta":{"_acf_changed":false,"inline_featured_image":false,"footnotes":""},"priorite":[],"class_list":["post-2097","page","type-page","status-publish","hentry"],"acf":[],"yoast_head":"<!-- This site is optimized with the Yoast SEO plugin v27.6 - https:\/\/yoast.com\/product\/yoast-seo-wordpress\/ -->\n<title>Avocat divorce sans juge \u00e0 Courbevoie - Avocat Divorce<\/title>\n<meta name=\"description\" content=\"Divorcez \u00e0 l&#039;amiable et sans juge \u00e0 Courbevoie (92) en 1 mois. Contactez un Avocat divorce au ? 01.47.04.25.40 . Recevez un devis gratuit et imm\u00e9diat pour votre divorce. Cabinet Avocat GC. Divorce amiable - Divorce sans juge - Divorce par consentement mutuel\" \/>\n<meta name=\"robots\" content=\"index, follow, max-snippet:-1, max-image-preview:large, max-video-preview:-1\" \/>\n<link rel=\"canonical\" href=\"https:\/\/avocat-gc.com\/divorce\/avocat-divorce\/courbevoie\/divorce-amiable-courbevoie\/\" \/>\n<meta property=\"og:locale\" content=\"fr_FR\" \/>\n<meta property=\"og:type\" content=\"article\" \/>\n<meta property=\"og:title\" content=\"Avocat divorce sans juge \u00e0 Courbevoie - Avocat Divorce\" \/>\n<meta property=\"og:description\" content=\"Divorcez \u00e0 l&#039;amiable et sans juge \u00e0 Courbevoie (92) en 1 mois. Contactez un Avocat divorce au ? 01.47.04.25.40 . Recevez un devis gratuit et imm\u00e9diat pour votre divorce. Cabinet Avocat GC. Divorce amiable - Divorce sans juge - Divorce par consentement mutuel\" \/>\n<meta property=\"og:url\" content=\"https:\/\/avocat-gc.com\/divorce\/avocat-divorce\/courbevoie\/divorce-amiable-courbevoie\/\" \/>\n<meta property=\"og:site_name\" content=\"Avocat GC - Avocat Divorce\" \/>\n<meta property=\"article:modified_time\" content=\"2024-03-31T11:31:09+00:00\" \/>\n<meta name=\"twitter:card\" content=\"summary_large_image\" \/>\n<script type=\"application\/ld+json\" class=\"yoast-schema-graph\">{\"@context\":\"https:\\\/\\\/schema.org\",\"@graph\":[{\"@type\":\"WebPage\",\"@id\":\"https:\\\/\\\/avocat-gc.com\\\/divorce\\\/avocat-divorce\\\/courbevoie\\\/divorce-amiable-courbevoie\\\/\",\"url\":\"https:\\\/\\\/avocat-gc.com\\\/divorce\\\/avocat-divorce\\\/courbevoie\\\/divorce-amiable-courbevoie\\\/\",\"name\":\"Avocat divorce sans juge \u00e0 Courbevoie - Avocat Divorce\",\"isPartOf\":{\"@id\":\"https:\\\/\\\/avocat-gc.com\\\/divorce\\\/#website\"},\"datePublished\":\"2017-09-03T00:00:00+00:00\",\"dateModified\":\"2024-03-31T11:31:09+00:00\",\"description\":\"Divorcez \u00e0 l'amiable et sans juge \u00e0 Courbevoie (92) en 1 mois. Contactez un Avocat divorce au ? 01.47.04.25.40 . Recevez un devis gratuit et imm\u00e9diat pour votre divorce. Cabinet Avocat GC. Divorce amiable - Divorce sans juge - Divorce par consentement mutuel\",\"breadcrumb\":{\"@id\":\"https:\\\/\\\/avocat-gc.com\\\/divorce\\\/avocat-divorce\\\/courbevoie\\\/divorce-amiable-courbevoie\\\/#breadcrumb\"},\"inLanguage\":\"fr-FR\",\"potentialAction\":[{\"@type\":\"ReadAction\",\"target\":[\"https:\\\/\\\/avocat-gc.com\\\/divorce\\\/avocat-divorce\\\/courbevoie\\\/divorce-amiable-courbevoie\\\/\"]}]},{\"@type\":\"BreadcrumbList\",\"@id\":\"https:\\\/\\\/avocat-gc.com\\\/divorce\\\/avocat-divorce\\\/courbevoie\\\/divorce-amiable-courbevoie\\\/#breadcrumb\",\"itemListElement\":[{\"@type\":\"ListItem\",\"position\":1,\"name\":\"Accueil\",\"item\":\"https:\\\/\\\/avocat-gc.com\\\/divorce\\\/\"},{\"@type\":\"ListItem\",\"position\":2,\"name\":\"Avocat Divorce\",\"item\":\"https:\\\/\\\/avocat-gc.com\\\/divorce\\\/avocat-divorce\\\/\"},{\"@type\":\"ListItem\",\"position\":3,\"name\":\"Avocat Divorce \u00e0 Courbevoie (92)\",\"item\":\"https:\\\/\\\/avocat-gc.com\\\/divorce\\\/avocat-divorce\\\/courbevoie\\\/\"},{\"@type\":\"ListItem\",\"position\":4,\"name\":\"Avocat divorce sans juge \u00e0 Courbevoie\"}]},{\"@type\":\"WebSite\",\"@id\":\"https:\\\/\\\/avocat-gc.com\\\/divorce\\\/#website\",\"url\":\"https:\\\/\\\/avocat-gc.com\\\/divorce\\\/\",\"name\":\"Avocat GC - Avocat Divorce\",\"description\":\"\",\"publisher\":{\"@id\":\"https:\\\/\\\/avocat-gc.com\\\/divorce\\\/#organization\"},\"potentialAction\":[{\"@type\":\"SearchAction\",\"target\":{\"@type\":\"EntryPoint\",\"urlTemplate\":\"https:\\\/\\\/avocat-gc.com\\\/divorce\\\/?s={search_term_string}\"},\"query-input\":{\"@type\":\"PropertyValueSpecification\",\"valueRequired\":true,\"valueName\":\"search_term_string\"}}],\"inLanguage\":\"fr-FR\"},{\"@type\":\"Organization\",\"@id\":\"https:\\\/\\\/avocat-gc.com\\\/divorce\\\/#organization\",\"name\":\"Avocat GC - Avocat Divorce\",\"url\":\"https:\\\/\\\/avocat-gc.com\\\/divorce\\\/\",\"logo\":{\"@type\":\"ImageObject\",\"inLanguage\":\"fr-FR\",\"@id\":\"https:\\\/\\\/avocat-gc.com\\\/divorce\\\/#\\\/schema\\\/logo\\\/image\\\/\",\"url\":\"https:\\\/\\\/avocat-gc.com\\\/divorce\\\/wp-content\\\/uploads\\\/2024\\\/04\\\/cropped-Sans-titre.png\",\"contentUrl\":\"https:\\\/\\\/avocat-gc.com\\\/divorce\\\/wp-content\\\/uploads\\\/2024\\\/04\\\/cropped-Sans-titre.png\",\"width\":200,\"height\":180,\"caption\":\"Avocat GC - Avocat Divorce\"},\"image\":{\"@id\":\"https:\\\/\\\/avocat-gc.com\\\/divorce\\\/#\\\/schema\\\/logo\\\/image\\\/\"}}]}<\/script>\n<!-- \/ Yoast SEO plugin. -->","yoast_head_json":{"title":"Avocat divorce sans juge \u00e0 Courbevoie - Avocat Divorce","description":"Divorcez \u00e0 l'amiable et sans juge \u00e0 Courbevoie (92) en 1 mois. Contactez un Avocat divorce au ? 01.47.04.25.40 . Recevez un devis gratuit et imm\u00e9diat pour votre divorce. Cabinet Avocat GC. Divorce amiable - Divorce sans juge - Divorce par consentement mutuel","robots":{"index":"index","follow":"follow","max-snippet":"max-snippet:-1","max-image-preview":"max-image-preview:large","max-video-preview":"max-video-preview:-1"},"canonical":"https:\/\/avocat-gc.com\/divorce\/avocat-divorce\/courbevoie\/divorce-amiable-courbevoie\/","og_locale":"fr_FR","og_type":"article","og_title":"Avocat divorce sans juge \u00e0 Courbevoie - Avocat Divorce","og_description":"Divorcez \u00e0 l'amiable et sans juge \u00e0 Courbevoie (92) en 1 mois. Contactez un Avocat divorce au ? 01.47.04.25.40 . Recevez un devis gratuit et imm\u00e9diat pour votre divorce. Cabinet Avocat GC. Divorce amiable - Divorce sans juge - Divorce par consentement mutuel","og_url":"https:\/\/avocat-gc.com\/divorce\/avocat-divorce\/courbevoie\/divorce-amiable-courbevoie\/","og_site_name":"Avocat GC - Avocat Divorce","article_modified_time":"2024-03-31T11:31:09+00:00","twitter_card":"summary_large_image","schema":{"@context":"https:\/\/schema.org","@graph":[{"@type":"WebPage","@id":"https:\/\/avocat-gc.com\/divorce\/avocat-divorce\/courbevoie\/divorce-amiable-courbevoie\/","url":"https:\/\/avocat-gc.com\/divorce\/avocat-divorce\/courbevoie\/divorce-amiable-courbevoie\/","name":"Avocat divorce sans juge \u00e0 Courbevoie - Avocat Divorce","isPartOf":{"@id":"https:\/\/avocat-gc.com\/divorce\/#website"},"datePublished":"2017-09-03T00:00:00+00:00","dateModified":"2024-03-31T11:31:09+00:00","description":"Divorcez \u00e0 l'amiable et sans juge \u00e0 Courbevoie (92) en 1 mois. Contactez un Avocat divorce au ? 01.47.04.25.40 . Recevez un devis gratuit et imm\u00e9diat pour votre divorce. Cabinet Avocat GC. Divorce amiable - Divorce sans juge - Divorce par consentement mutuel","breadcrumb":{"@id":"https:\/\/avocat-gc.com\/divorce\/avocat-divorce\/courbevoie\/divorce-amiable-courbevoie\/#breadcrumb"},"inLanguage":"fr-FR","potentialAction":[{"@type":"ReadAction","target":["https:\/\/avocat-gc.com\/divorce\/avocat-divorce\/courbevoie\/divorce-amiable-courbevoie\/"]}]},{"@type":"BreadcrumbList","@id":"https:\/\/avocat-gc.com\/divorce\/avocat-divorce\/courbevoie\/divorce-amiable-courbevoie\/#breadcrumb","itemListElement":[{"@type":"ListItem","position":1,"name":"Accueil","item":"https:\/\/avocat-gc.com\/divorce\/"},{"@type":"ListItem","position":2,"name":"Avocat Divorce","item":"https:\/\/avocat-gc.com\/divorce\/avocat-divorce\/"},{"@type":"ListItem","position":3,"name":"Avocat Divorce \u00e0 Courbevoie (92)","item":"https:\/\/avocat-gc.com\/divorce\/avocat-divorce\/courbevoie\/"},{"@type":"ListItem","position":4,"name":"Avocat divorce sans juge \u00e0 Courbevoie"}]},{"@type":"WebSite","@id":"https:\/\/avocat-gc.com\/divorce\/#website","url":"https:\/\/avocat-gc.com\/divorce\/","name":"Avocat GC - Avocat Divorce","description":"","publisher":{"@id":"https:\/\/avocat-gc.com\/divorce\/#organization"},"potentialAction":[{"@type":"SearchAction","target":{"@type":"EntryPoint","urlTemplate":"https:\/\/avocat-gc.com\/divorce\/?s={search_term_string}"},"query-input":{"@type":"PropertyValueSpecification","valueRequired":true,"valueName":"search_term_string"}}],"inLanguage":"fr-FR"},{"@type":"Organization","@id":"https:\/\/avocat-gc.com\/divorce\/#organization","name":"Avocat GC - Avocat Divorce","url":"https:\/\/avocat-gc.com\/divorce\/","logo":{"@type":"ImageObject","inLanguage":"fr-FR","@id":"https:\/\/avocat-gc.com\/divorce\/#\/schema\/logo\/image\/","url":"https:\/\/avocat-gc.com\/divorce\/wp-content\/uploads\/2024\/04\/cropped-Sans-titre.png","contentUrl":"https:\/\/avocat-gc.com\/divorce\/wp-content\/uploads\/2024\/04\/cropped-Sans-titre.png","width":200,"height":180,"caption":"Avocat GC - Avocat Divorce"},"image":{"@id":"https:\/\/avocat-gc.com\/divorce\/#\/schema\/logo\/image\/"}}]}},"_links":{"self":[{"href":"https:\/\/avocat-gc.com\/divorce\/wp-json\/wp\/v2\/pages\/2097","targetHints":{"allow":["GET"]}}],"collection":[{"href":"https:\/\/avocat-gc.com\/divorce\/wp-json\/wp\/v2\/pages"}],"about":[{"href":"https:\/\/avocat-gc.com\/divorce\/wp-json\/wp\/v2\/types\/page"}],"author":[{"embeddable":true,"href":"https:\/\/avocat-gc.com\/divorce\/wp-json\/wp\/v2\/users\/1"}],"replies":[{"embeddable":true,"href":"https:\/\/avocat-gc.com\/divorce\/wp-json\/wp\/v2\/comments?post=2097"}],"version-history":[{"count":0,"href":"https:\/\/avocat-gc.com\/divorce\/wp-json\/wp\/v2\/pages\/2097\/revisions"}],"up":[{"embeddable":true,"href":"https:\/\/avocat-gc.com\/divorce\/wp-json\/wp\/v2\/pages\/6993"}],"wp:attachment":[{"href":"https:\/\/avocat-gc.com\/divorce\/wp-json\/wp\/v2\/media?parent=2097"}],"wp:term":[{"taxonomy":"priorite","embeddable":true,"href":"https:\/\/avocat-gc.com\/divorce\/wp-json\/wp\/v2\/priorite?post=2097"}],"curies":[{"name":"wp","href":"https:\/\/api.w.org\/{rel}","templated":true}]}}