{"id":2086,"date":"2024-03-29T15:34:00","date_gmt":"2024-03-29T15:34:00","guid":{"rendered":"https:\/\/avocat-gc.com\/divorce\/divorce-amiable-clichy\/"},"modified":"2024-03-31T11:31:07","modified_gmt":"2024-03-31T11:31:07","slug":"divorce-amiable-clichy","status":"publish","type":"page","link":"https:\/\/avocat-gc.com\/divorce\/avocat-divorce\/clichy\/divorce-amiable-clichy\/","title":{"rendered":"Avocat divorce amiable sans juge \u00e0 Clichy"},"content":{"rendered":"<p>Avocat Divorce \u00e0 Clichy<br \/>\n<a href=\"\/divorce\/avocat-divorce\/clichy\/\" rel=\"nofollow noopener\" target=\"_parent\">\u25c4 Avocat divorce \u00e0 Clichy (92)<\/a><\/p>\n<h2>LE DIVORCE SANS JUGE \u00c0 CLICHY<\/h2>\n<\/p>\n<p class=\"img-left\"><img decoding=\"async\" alt=\"Avocat Divorce Amiable Clichy (92)\" title=\"Avocat Divorce Amiable Clichy (92)\" width=\"170\" border=\"2\" src=\"\/divorce\/wp-content\/uploads\/2024\/04\/avocat-divorce-amiable-paris.jpg\" \/><\/p>\n<p align=\"justify\"> Notre\u00a0cabinet d\u2019avocats GUEGUEN-CARROLL est situ\u00e9 \u00e0 20 minutes en voiture et \u00e0 30 minutes en transport en commun. Il intervient dans le cadre de\u00a0<a href=\"\/divorce\/avocat-divorce\/clichy\/\" title=\"avocat divorce clichy\" rel=\"nofollow noopener\" target=\"_parent\" style=\"font-size: 13.008px; line-height: 20.0063px; text-align: start;\">divorces \u00e0 Clichy\u00a0<\/a>. Divorcer \u00e0 l&rsquo;amiable est simple et rapide. Nous nous effor\u00e7ons de traiter rapidement votre dossier pour vous divorcer dans un d\u00e9lai g\u00e9n\u00e9ral de 1 mois.Les honoraires pour votre divorce seront adapt\u00e9s en fonction de votre situation et de vos revenus. En effet, notre cabinet favorise l\u2019humain avant tout et pr\u00e9voit plusieurs possibilit\u00e9s pour vous aider \u00e0 r\u00e9gler les honoraires : des facilit\u00e9s de paiement vous sont accord\u00e9s et nous acceptons <a href=\"https:\/\/avocat-gc.com\/divorce\/aide-juridictionnelle\/\" title=\"divorce gratuit\" target=\"\" rel=\"noopener\">l\u2019aide juridictionnelle<\/a>..Lorsque vous r\u00e9sidez \u00e0 Clichy, vous pouvez donc divorcer gratuitement si vous b\u00e9n\u00e9ficiez de l\u2019aide juridictionnelle totale. Il faudra en faire la demande aupr\u00e8s du Bureau d\u2019aide juridictionnelle se trouvant au <a href=\"\/divorce\/definitions\/tribunal\/\" title=\"tribunal divorce\" rel=\"nofollow noopener\" target=\"\">Tribunal de Grande Instance de Nanterre<\/a>. <\/p>\n<p align=\"justify\">Le\u00a0<a href=\"\/divorce\/divorce-amiable\/\" rel=\"nofollow noopener\" title=\"\" target=\"_parent\">divorce \u00e0 l\u2019amiable<\/a>, est une proc\u00e9dure simple, rapide et \u00e9conomique, si les deux \u00e9poux s&rsquo;accordent sur les effets du divorce:\u00a0liquidation du r\u00e9gime matrimonial, la garde des enfants, la pension alimentaire, ou  la prestation compensatoire. Une fois ces conditions remplies, nous r\u00e9digeons ensemble une <a href=\"\/divorce\/convention-de-divorce\/\" title=\"divorce convention\" rel=\"nofollow noopener\" target=\"\">convention de divorce<\/a> r\u00e9glant toutes les cons\u00e9quences et effets du divorce par consentement mutuel , puis nous vous adressons par voie postale en recommand\u00e9 avec accus\u00e9 de r\u00e9ception le projet de convention.Dans un d\u00e9lai de 15 jours, vous devez nous retourner ce projet sign\u00e9 afin que le notaire puisse lui donner<a href=\"\/divorce\/definitions\/force-executoire\/\" title=\"force ex\u00e9cutoire divorce\" rel=\"nofollow noopener\" target=\"\">\u00a0force \u00e9xecutoire<\/a> et date certaine. Le divorce est alors officiel \u00e0 ce moment.Le moindre d\u00e9saccord avant ou pendant la proc\u00e9dure serait l&rsquo;objet d&rsquo;un divorce contentieux qui devra \u00eatre pr\u00e9sent\u00e9e devant le<a href=\"\/divorce\/definitions\/juge-aux-affaires-familiales\/\" rel=\"nofollow noopener\" title=\"divorce juge\" target=\"\" style=\"font-weight: bold;\">\u00a0Juge aux Affaires Familiales<\/a>\u00a0lors de plusieurs audiences au tribunal.Si vous souhaitez en savoir davantage sur le divorce sans juge, veuillez consulter notre page:\n<\/p>\n<\/p>\n<p><a href=\"\/divorce\/divorce-sans-juge\/\" rel=\"nofollow noopener\" target=\"_parent\"> \u25ba AVOCAT DIVORCE SANS JUGE <\/a><\/p>\n<h3>Articles li\u00e9s<\/h3>\n<p><a href=\"\/divorce\/articles\/les-etapes-suivre-pour-quitter-le-domicile-conjugal\/\" rel=\"nofollow noopener\" title=\"\" target=\"_parent\">Les \u00e9tapes \u00e0 suivre pour quitter le domicile conjugal<\/a><br \/>\n<a href=\"\/divorce\/articles\/quest-ce-que-la-transcription-dun-divorce\/\" rel=\"nofollow noopener\" title=\"\" target=\"_parent\">Qu&rsquo;est ce que la transcription d&rsquo;un divorce?<\/a><br \/>\n<a href=\"\/divorce\/articles\/linteret-de-lenfant-et-le-pouvoir-de-juger\/\" rel=\"nofollow noopener\" title=\"divorce juge enfant\" target=\"_parent\">L&rsquo;int\u00e9r\u00eat de l&rsquo;enfant et le pouvoir de juger<\/a><\/p>\n<p>\u25ba A T\u00c9L\u00c9CHARGER: <a href=\"\/divorce\/divorce-sans-juge\/clichy\/\" title=\"avocat divorce clichy\" rel=\"nofollow\">Mod\u00e8le de convention de divorce sans juge \u00e0 Clichy (92)<\/a><\/p>\n<h3>Divorce sans juge &#8211; les tarifs<\/h3>\n<p align=\"justify\">Pour conna\u00eetre les tarifs d&rsquo;un divorce sans juge \u00e0 Clichy (92), merci de remplir le devis en ligne ci-apr\u00e8s afin que nous puissions prendre connaissance de votre situation:<\/p>\n<\/p>\n<p><a href=\"http:\/\/avocat-gc.com\/divorce\/avocat-divorce-10-ans-dexperience\/\" rel=\"nofollow noopener\" target=\"_parent\"> \u25ba DEVIS: AVOCAT DIVORCE \u00c0 CLICHY<\/a><\/p>\n<p> J&rsquo;INTERVIENS DANS TOUTE LA FRANCE <a href=\"http:\/\/avocat-gc.com\/divorce\/avocat-divorce\/paris\/\" title=\"avocat divorce paris\" rel=\"nofollow noopener\" target=\"_parent\">Notre cabinet \u00e0 Paris<\/a> : 42 Rue de L\u00fcbeck, 75116 Paris 01 47 04 25 40<\/p>\n","protected":false},"excerpt":{"rendered":"<p>Avocat Divorce \u00e0 Clichy \u25c4 Avocat divorce \u00e0 Clichy (92) LE DIVORCE SANS JUGE \u00c0 CLICHY Notre\u00a0cabinet d\u2019avocats GUEGUEN-CARROLL est situ\u00e9 \u00e0 20 minutes en voiture et \u00e0 30 minutes en transport en commun. Il intervient dans le cadre de\u00a0divorces \u00e0 Clichy\u00a0. Divorcer \u00e0 l&rsquo;amiable est simple et rapide. Nous nous effor\u00e7ons de traiter rapidement [&hellip;]<\/p>\n","protected":false},"author":1,"featured_media":0,"parent":7017,"menu_order":0,"comment_status":"closed","ping_status":"closed","template":"","meta":{"_acf_changed":false,"inline_featured_image":false,"footnotes":""},"priorite":[],"class_list":["post-2086","page","type-page","status-publish","hentry"],"acf":[],"yoast_head":"<!-- This site is optimized with the Yoast SEO plugin v27.6 - https:\/\/yoast.com\/product\/yoast-seo-wordpress\/ -->\n<title>Avocat divorce amiable sans juge \u00e0 Clichy - Avocat Divorce<\/title>\n<meta name=\"description\" content=\"Contactez un Avocat divorce \u00e0 Clichy (92) en 1 mois. Contactez un Avocat divorce au ? 01.47.04.25.40 . Recevez un devis gratuit et imm\u00e9diat pour votre divorce. Cabinet Avocat GC. Divorce amiable - Divorce sans juge - Divorce par consentement mutuel\" \/>\n<meta name=\"robots\" content=\"index, follow, max-snippet:-1, max-image-preview:large, max-video-preview:-1\" \/>\n<link rel=\"canonical\" href=\"https:\/\/avocat-gc.com\/divorce\/avocat-divorce\/clichy\/divorce-amiable-clichy\/\" \/>\n<meta property=\"og:locale\" content=\"fr_FR\" \/>\n<meta property=\"og:type\" content=\"article\" \/>\n<meta property=\"og:title\" content=\"Avocat divorce amiable sans juge \u00e0 Clichy - Avocat Divorce\" \/>\n<meta property=\"og:description\" content=\"Contactez un Avocat divorce \u00e0 Clichy (92) en 1 mois. Contactez un Avocat divorce au ? 01.47.04.25.40 . Recevez un devis gratuit et imm\u00e9diat pour votre divorce. Cabinet Avocat GC. Divorce amiable - Divorce sans juge - Divorce par consentement mutuel\" \/>\n<meta property=\"og:url\" content=\"https:\/\/avocat-gc.com\/divorce\/avocat-divorce\/clichy\/divorce-amiable-clichy\/\" \/>\n<meta property=\"og:site_name\" content=\"Avocat GC - Avocat Divorce\" \/>\n<meta property=\"article:modified_time\" content=\"2024-03-31T11:31:07+00:00\" \/>\n<meta name=\"twitter:card\" content=\"summary_large_image\" \/>\n<script type=\"application\/ld+json\" class=\"yoast-schema-graph\">{\"@context\":\"https:\\\/\\\/schema.org\",\"@graph\":[{\"@type\":\"WebPage\",\"@id\":\"https:\\\/\\\/avocat-gc.com\\\/divorce\\\/avocat-divorce\\\/clichy\\\/divorce-amiable-clichy\\\/\",\"url\":\"https:\\\/\\\/avocat-gc.com\\\/divorce\\\/avocat-divorce\\\/clichy\\\/divorce-amiable-clichy\\\/\",\"name\":\"Avocat divorce amiable sans juge \u00e0 Clichy - Avocat Divorce\",\"isPartOf\":{\"@id\":\"https:\\\/\\\/avocat-gc.com\\\/divorce\\\/#website\"},\"datePublished\":\"2024-03-29T15:34:00+00:00\",\"dateModified\":\"2024-03-31T11:31:07+00:00\",\"description\":\"Contactez un Avocat divorce \u00e0 Clichy (92) en 1 mois. Contactez un Avocat divorce au ? 01.47.04.25.40 . Recevez un devis gratuit et imm\u00e9diat pour votre divorce. Cabinet Avocat GC. Divorce amiable - Divorce sans juge - Divorce par consentement mutuel\",\"breadcrumb\":{\"@id\":\"https:\\\/\\\/avocat-gc.com\\\/divorce\\\/avocat-divorce\\\/clichy\\\/divorce-amiable-clichy\\\/#breadcrumb\"},\"inLanguage\":\"fr-FR\",\"potentialAction\":[{\"@type\":\"ReadAction\",\"target\":[\"https:\\\/\\\/avocat-gc.com\\\/divorce\\\/avocat-divorce\\\/clichy\\\/divorce-amiable-clichy\\\/\"]}]},{\"@type\":\"BreadcrumbList\",\"@id\":\"https:\\\/\\\/avocat-gc.com\\\/divorce\\\/avocat-divorce\\\/clichy\\\/divorce-amiable-clichy\\\/#breadcrumb\",\"itemListElement\":[{\"@type\":\"ListItem\",\"position\":1,\"name\":\"Accueil\",\"item\":\"https:\\\/\\\/avocat-gc.com\\\/divorce\\\/\"},{\"@type\":\"ListItem\",\"position\":2,\"name\":\"Avocat Divorce\",\"item\":\"https:\\\/\\\/avocat-gc.com\\\/divorce\\\/avocat-divorce\\\/\"},{\"@type\":\"ListItem\",\"position\":3,\"name\":\"Avocat divorce \u00e0 Clichy (92)\",\"item\":\"https:\\\/\\\/avocat-gc.com\\\/divorce\\\/avocat-divorce\\\/clichy\\\/\"},{\"@type\":\"ListItem\",\"position\":4,\"name\":\"Avocat divorce amiable sans juge \u00e0 Clichy\"}]},{\"@type\":\"WebSite\",\"@id\":\"https:\\\/\\\/avocat-gc.com\\\/divorce\\\/#website\",\"url\":\"https:\\\/\\\/avocat-gc.com\\\/divorce\\\/\",\"name\":\"Avocat GC - Avocat Divorce\",\"description\":\"\",\"publisher\":{\"@id\":\"https:\\\/\\\/avocat-gc.com\\\/divorce\\\/#organization\"},\"potentialAction\":[{\"@type\":\"SearchAction\",\"target\":{\"@type\":\"EntryPoint\",\"urlTemplate\":\"https:\\\/\\\/avocat-gc.com\\\/divorce\\\/?s={search_term_string}\"},\"query-input\":{\"@type\":\"PropertyValueSpecification\",\"valueRequired\":true,\"valueName\":\"search_term_string\"}}],\"inLanguage\":\"fr-FR\"},{\"@type\":\"Organization\",\"@id\":\"https:\\\/\\\/avocat-gc.com\\\/divorce\\\/#organization\",\"name\":\"Avocat GC - Avocat Divorce\",\"url\":\"https:\\\/\\\/avocat-gc.com\\\/divorce\\\/\",\"logo\":{\"@type\":\"ImageObject\",\"inLanguage\":\"fr-FR\",\"@id\":\"https:\\\/\\\/avocat-gc.com\\\/divorce\\\/#\\\/schema\\\/logo\\\/image\\\/\",\"url\":\"https:\\\/\\\/avocat-gc.com\\\/divorce\\\/wp-content\\\/uploads\\\/2024\\\/04\\\/cropped-Sans-titre.png\",\"contentUrl\":\"https:\\\/\\\/avocat-gc.com\\\/divorce\\\/wp-content\\\/uploads\\\/2024\\\/04\\\/cropped-Sans-titre.png\",\"width\":200,\"height\":180,\"caption\":\"Avocat GC - Avocat Divorce\"},\"image\":{\"@id\":\"https:\\\/\\\/avocat-gc.com\\\/divorce\\\/#\\\/schema\\\/logo\\\/image\\\/\"}}]}<\/script>\n<!-- \/ Yoast SEO plugin. -->","yoast_head_json":{"title":"Avocat divorce amiable sans juge \u00e0 Clichy - Avocat Divorce","description":"Contactez un Avocat divorce \u00e0 Clichy (92) en 1 mois. Contactez un Avocat divorce au ? 01.47.04.25.40 . Recevez un devis gratuit et imm\u00e9diat pour votre divorce. Cabinet Avocat GC. Divorce amiable - Divorce sans juge - Divorce par consentement mutuel","robots":{"index":"index","follow":"follow","max-snippet":"max-snippet:-1","max-image-preview":"max-image-preview:large","max-video-preview":"max-video-preview:-1"},"canonical":"https:\/\/avocat-gc.com\/divorce\/avocat-divorce\/clichy\/divorce-amiable-clichy\/","og_locale":"fr_FR","og_type":"article","og_title":"Avocat divorce amiable sans juge \u00e0 Clichy - Avocat Divorce","og_description":"Contactez un Avocat divorce \u00e0 Clichy (92) en 1 mois. Contactez un Avocat divorce au ? 01.47.04.25.40 . Recevez un devis gratuit et imm\u00e9diat pour votre divorce. Cabinet Avocat GC. Divorce amiable - Divorce sans juge - Divorce par consentement mutuel","og_url":"https:\/\/avocat-gc.com\/divorce\/avocat-divorce\/clichy\/divorce-amiable-clichy\/","og_site_name":"Avocat GC - Avocat Divorce","article_modified_time":"2024-03-31T11:31:07+00:00","twitter_card":"summary_large_image","schema":{"@context":"https:\/\/schema.org","@graph":[{"@type":"WebPage","@id":"https:\/\/avocat-gc.com\/divorce\/avocat-divorce\/clichy\/divorce-amiable-clichy\/","url":"https:\/\/avocat-gc.com\/divorce\/avocat-divorce\/clichy\/divorce-amiable-clichy\/","name":"Avocat divorce amiable sans juge \u00e0 Clichy - Avocat Divorce","isPartOf":{"@id":"https:\/\/avocat-gc.com\/divorce\/#website"},"datePublished":"2024-03-29T15:34:00+00:00","dateModified":"2024-03-31T11:31:07+00:00","description":"Contactez un Avocat divorce \u00e0 Clichy (92) en 1 mois. Contactez un Avocat divorce au ? 01.47.04.25.40 . Recevez un devis gratuit et imm\u00e9diat pour votre divorce. Cabinet Avocat GC. Divorce amiable - Divorce sans juge - Divorce par consentement mutuel","breadcrumb":{"@id":"https:\/\/avocat-gc.com\/divorce\/avocat-divorce\/clichy\/divorce-amiable-clichy\/#breadcrumb"},"inLanguage":"fr-FR","potentialAction":[{"@type":"ReadAction","target":["https:\/\/avocat-gc.com\/divorce\/avocat-divorce\/clichy\/divorce-amiable-clichy\/"]}]},{"@type":"BreadcrumbList","@id":"https:\/\/avocat-gc.com\/divorce\/avocat-divorce\/clichy\/divorce-amiable-clichy\/#breadcrumb","itemListElement":[{"@type":"ListItem","position":1,"name":"Accueil","item":"https:\/\/avocat-gc.com\/divorce\/"},{"@type":"ListItem","position":2,"name":"Avocat Divorce","item":"https:\/\/avocat-gc.com\/divorce\/avocat-divorce\/"},{"@type":"ListItem","position":3,"name":"Avocat divorce \u00e0 Clichy (92)","item":"https:\/\/avocat-gc.com\/divorce\/avocat-divorce\/clichy\/"},{"@type":"ListItem","position":4,"name":"Avocat divorce amiable sans juge \u00e0 Clichy"}]},{"@type":"WebSite","@id":"https:\/\/avocat-gc.com\/divorce\/#website","url":"https:\/\/avocat-gc.com\/divorce\/","name":"Avocat GC - Avocat Divorce","description":"","publisher":{"@id":"https:\/\/avocat-gc.com\/divorce\/#organization"},"potentialAction":[{"@type":"SearchAction","target":{"@type":"EntryPoint","urlTemplate":"https:\/\/avocat-gc.com\/divorce\/?s={search_term_string}"},"query-input":{"@type":"PropertyValueSpecification","valueRequired":true,"valueName":"search_term_string"}}],"inLanguage":"fr-FR"},{"@type":"Organization","@id":"https:\/\/avocat-gc.com\/divorce\/#organization","name":"Avocat GC - Avocat Divorce","url":"https:\/\/avocat-gc.com\/divorce\/","logo":{"@type":"ImageObject","inLanguage":"fr-FR","@id":"https:\/\/avocat-gc.com\/divorce\/#\/schema\/logo\/image\/","url":"https:\/\/avocat-gc.com\/divorce\/wp-content\/uploads\/2024\/04\/cropped-Sans-titre.png","contentUrl":"https:\/\/avocat-gc.com\/divorce\/wp-content\/uploads\/2024\/04\/cropped-Sans-titre.png","width":200,"height":180,"caption":"Avocat GC - Avocat Divorce"},"image":{"@id":"https:\/\/avocat-gc.com\/divorce\/#\/schema\/logo\/image\/"}}]}},"_links":{"self":[{"href":"https:\/\/avocat-gc.com\/divorce\/wp-json\/wp\/v2\/pages\/2086","targetHints":{"allow":["GET"]}}],"collection":[{"href":"https:\/\/avocat-gc.com\/divorce\/wp-json\/wp\/v2\/pages"}],"about":[{"href":"https:\/\/avocat-gc.com\/divorce\/wp-json\/wp\/v2\/types\/page"}],"author":[{"embeddable":true,"href":"https:\/\/avocat-gc.com\/divorce\/wp-json\/wp\/v2\/users\/1"}],"replies":[{"embeddable":true,"href":"https:\/\/avocat-gc.com\/divorce\/wp-json\/wp\/v2\/comments?post=2086"}],"version-history":[{"count":0,"href":"https:\/\/avocat-gc.com\/divorce\/wp-json\/wp\/v2\/pages\/2086\/revisions"}],"up":[{"embeddable":true,"href":"https:\/\/avocat-gc.com\/divorce\/wp-json\/wp\/v2\/pages\/7017"}],"wp:attachment":[{"href":"https:\/\/avocat-gc.com\/divorce\/wp-json\/wp\/v2\/media?parent=2086"}],"wp:term":[{"taxonomy":"priorite","embeddable":true,"href":"https:\/\/avocat-gc.com\/divorce\/wp-json\/wp\/v2\/priorite?post=2086"}],"curies":[{"name":"wp","href":"https:\/\/api.w.org\/{rel}","templated":true}]}}