{"id":2081,"date":"2017-10-05T00:00:00","date_gmt":"2017-10-05T00:00:00","guid":{"rendered":"https:\/\/avocat-gc.com\/divorce\/divorce-amiable-choisy-le-roi\/"},"modified":"2024-03-31T11:31:06","modified_gmt":"2024-03-31T11:31:06","slug":"divorce-amiable-choisy-le-roi","status":"publish","type":"page","link":"https:\/\/avocat-gc.com\/divorce\/avocat-divorce\/choisy-le-roi\/divorce-amiable-choisy-le-roi\/","title":{"rendered":"Avocat divorce et divorce amiable \u00e0 Choisy-le-Roi"},"content":{"rendered":"<p><a href=\"\/divorce\/avocat-divorce\/choisy-le-roi\/\" rel=\"nofollow noopener\" target=\"_parent\">\u25c4 Avocat divorce \u00e0 Choisy-le-Roi (94)<\/a><\/p>\n<h2>LE DIVORCE SANS JUGE \u00c0 CHOISY-LE-ROI<\/h2>\n<\/p>\n<p class=\"img-left\"><img decoding=\"async\" alt=\"Avocat Divorce Amiable sans juge Choisy-le-Roi (94) \" title=\"Avocat Divorce Amiable sans juge Choisy-le-Roi (94)\" width=\"170\" border=\"2\" src=\"\/divorce\/wp-content\/uploads\/2024\/04\/avocat-divorce-amiable-paris.jpg\" \/><\/p>\n<p align=\"justify\">Vous souhaitez engager une proc\u00e9dure de <a href=\"\/divorce\/avocat-divorce\/choisy-le-roi\/\" title=\"\" target=\"\" rel=\"noopener\">divorce sans juge \u00e0 Choisy-le-Roi (94)<\/a>\u00a0? N\u2019h\u00e9sitez plus, le Cabinet d\u2019avocats Gu\u00e9guen-Carroll est comp\u00e9tent pour vous assister tout au long de cette proc\u00e9dure \u00e0 l&rsquo;amiable. Notre Cabinet est situ\u00e9 \u00e0 environ 30mn en voiture de Choisy-le-Roi. Si vous d\u00e9sirez vous y rendre par le biais des transports en commun, il faudra compter environ 40mn. Le divorce sans juge est un\u00a0<a href=\"\/divorce\/divorce-amiable\/\" rel=\"nofollow noopener\" title=\"\" target=\"_parent\">divorce \u00e0 l\u2019amiable<\/a>\u00a0simple, rapide et \u00e9conomique. Nous vous proposons de nombreux forfaits d\u2019honoraires adapt\u00e9s \u00e0 votre situation.  Si vous souhaitez d\u00e9buter une telle proc\u00e9dure, nous vous invitons \u00e0 contacter un avocat divorce du Cabinet au 01.47.04.25.40 afin de fixer un rendez-vous avec l\u2019un de nos avocats experiment\u00e9\u00a0en droit de la famille. N\u00e9anmoins, il faudra au pr\u00e9alable en avoir discut\u00e9 avec votre conjoint et s\u2019\u00eatre mis d\u2019accord sur tous les points de votre divorce. L\u2019existence d\u2019un litige ou d\u2019un d\u00e9saccord entre vous ne permet plus d\u2019envisager une <a href=\"\/divorce\/definitions\/procedure\/\" title=\"\" target=\"\" rel=\"noopener\">proc\u00e9dure \u00e0 l\u2019amiable<\/a>.  Ce rendez-vous avec l\u2019avocat permet la r\u00e9daction de la <a href=\"\/divorce\/convention-de-divorce\/\" title=\"\" target=\"\" style=\"font-weight: bold;\" rel=\"noopener\">convention de divorce <\/a>dont le projet vous\u00a0sera transmis par courrier postal afin d&rsquo;\u00eatre soumis \u00e0 votre signature. Notre avocat regroupe \u00e9galement les pi\u00e8ces justificatives n\u00e9cessaire \u00e0 la constitution de votre divorce. Il s\u2019agit par exemple des actes de naissance et de mariage en copie int\u00e9grale en original. Une fois votre dossier complet et la convention de divorce envoy\u00e9e, vous aurez un d\u00e9lai de 15 jours pour signer le projet de convention puis nous le retourner.\u00a0Le notaire se chargera ensuite de donner <a href=\"\/divorce\/definitions\/force-executoire\/\" title=\"\" target=\"\" rel=\"noopener\">force ex\u00e9cutoire <\/a>et date certaine \u00e0 votre divorce. Vous serez officiellement divorc\u00e9s. A l\u2019issue de cette rapide proc\u00e9dure, votre divorce est prononc\u00e9. Apr\u00e8s r\u00e9ception de votre attestation d&rsquo;enregistrement de divorce, nous nous occupons des formalit\u00e9s aupr\u00e8s de votre mairie de mariage afin que la mention du divorce soit transcrite en marge de vos actes de naissance.Si vous souhaitez en savoir davantage sur le divorce sans juge, veuillez consulter notre page:\n<\/p>\n<\/p>\n<p><a href=\"\/divorce\/divorce-sans-juge\/\" rel=\"nofollow noopener\" target=\"_parent\">\u25ba AVOCAT DIVORCE SANS JUGE<\/a><\/p>\n<h3>Articles li\u00e9s<\/h3>\n<p><a href=\"\/divorce\/articles\/comment-bien-commencer-sa-procedure-de-divorce\/\" rel=\"nofollow noopener\" title=\"\" target=\"_parent\">Comment bien commencer sa proc\u00e9dure de divorce?<\/a><br \/>\n<a href=\"\/divorce\/articles\/les-avantages-du-divorce-sans-juge\/\" rel=\"nofollow noopener\" title=\"\" target=\"_parent\">Les avantages du divorce sans juge<\/a><br \/>\n<a href=\"\/divorce\/articles\/quand-et-comment-peut-quitter-le-domicile-conjugal\/\" rel=\"nofollow noopener\" title=\"\" target=\"_parent\">Quand et comment peut-on quitter le domicile conjugal ?<\/a><\/p>\n<p>\u25ba A T\u00c9L\u00c9CHARGER: <a href=\"\/divorce\/divorce-sans-juge\/convention-choisy-le-roi\/\" rel=\"nofollow\">Mod\u00e8le de convention de divorce sans juge \u00e0 Choisy-le-Roi<\/a><\/p>\n<h3>Divorce sans juge &#8211; les tarifs<\/h3>\n<p align=\"justify\">Les tarifs d&rsquo;un divorce \u00e0 l&rsquo;amiable \u00e0 Choisy-le-Roi (94) d\u00e9pendent de votre situation<\/p>\n","protected":false},"excerpt":{"rendered":"<p>\u25c4 Avocat divorce \u00e0 Choisy-le-Roi (94) LE DIVORCE SANS JUGE \u00c0 CHOISY-LE-ROI Vous souhaitez engager une proc\u00e9dure de divorce sans juge \u00e0 Choisy-le-Roi (94)\u00a0? N\u2019h\u00e9sitez plus, le Cabinet d\u2019avocats Gu\u00e9guen-Carroll est comp\u00e9tent pour vous assister tout au long de cette proc\u00e9dure \u00e0 l&rsquo;amiable. Notre Cabinet est situ\u00e9 \u00e0 environ 30mn en voiture de Choisy-le-Roi. Si [&hellip;]<\/p>\n","protected":false},"author":1,"featured_media":0,"parent":6940,"menu_order":0,"comment_status":"closed","ping_status":"closed","template":"","meta":{"_acf_changed":false,"inline_featured_image":false,"footnotes":""},"priorite":[],"class_list":["post-2081","page","type-page","status-publish","hentry"],"acf":[],"yoast_head":"<!-- This site is optimized with the Yoast SEO plugin v27.5 - https:\/\/yoast.com\/product\/yoast-seo-wordpress\/ -->\n<title>Avocat divorce et divorce amiable \u00e0 Choisy-le-Roi - Avocat Divorce<\/title>\n<meta name=\"description\" content=\"Contactez un Avocat divorce \u00e0 Choisy-le-Roi (94) et divorcez \u00e0 l&#039;amiable sans juge en 1 mois. Recevez un devis gratuit et imm\u00e9diat pour votre divorce par consentement mutuel\" \/>\n<meta name=\"robots\" content=\"index, follow, max-snippet:-1, max-image-preview:large, max-video-preview:-1\" \/>\n<link rel=\"canonical\" href=\"https:\/\/avocat-gc.com\/divorce\/avocat-divorce\/choisy-le-roi\/divorce-amiable-choisy-le-roi\/\" \/>\n<meta property=\"og:locale\" content=\"fr_FR\" \/>\n<meta property=\"og:type\" content=\"article\" \/>\n<meta property=\"og:title\" content=\"Avocat divorce et divorce amiable \u00e0 Choisy-le-Roi - Avocat Divorce\" \/>\n<meta property=\"og:description\" content=\"Contactez un Avocat divorce \u00e0 Choisy-le-Roi (94) et divorcez \u00e0 l&#039;amiable sans juge en 1 mois. Recevez un devis gratuit et imm\u00e9diat pour votre divorce par consentement mutuel\" \/>\n<meta property=\"og:url\" content=\"https:\/\/avocat-gc.com\/divorce\/avocat-divorce\/choisy-le-roi\/divorce-amiable-choisy-le-roi\/\" \/>\n<meta property=\"og:site_name\" content=\"Avocat GC - Avocat Divorce\" \/>\n<meta property=\"article:modified_time\" content=\"2024-03-31T11:31:06+00:00\" \/>\n<meta name=\"twitter:card\" content=\"summary_large_image\" \/>\n<script type=\"application\/ld+json\" class=\"yoast-schema-graph\">{\"@context\":\"https:\\\/\\\/schema.org\",\"@graph\":[{\"@type\":\"WebPage\",\"@id\":\"https:\\\/\\\/avocat-gc.com\\\/divorce\\\/avocat-divorce\\\/choisy-le-roi\\\/divorce-amiable-choisy-le-roi\\\/\",\"url\":\"https:\\\/\\\/avocat-gc.com\\\/divorce\\\/avocat-divorce\\\/choisy-le-roi\\\/divorce-amiable-choisy-le-roi\\\/\",\"name\":\"Avocat divorce et divorce amiable \u00e0 Choisy-le-Roi - Avocat Divorce\",\"isPartOf\":{\"@id\":\"https:\\\/\\\/avocat-gc.com\\\/divorce\\\/#website\"},\"datePublished\":\"2017-10-05T00:00:00+00:00\",\"dateModified\":\"2024-03-31T11:31:06+00:00\",\"description\":\"Contactez un Avocat divorce \u00e0 Choisy-le-Roi (94) et divorcez \u00e0 l'amiable sans juge en 1 mois. Recevez un devis gratuit et imm\u00e9diat pour votre divorce par consentement mutuel\",\"breadcrumb\":{\"@id\":\"https:\\\/\\\/avocat-gc.com\\\/divorce\\\/avocat-divorce\\\/choisy-le-roi\\\/divorce-amiable-choisy-le-roi\\\/#breadcrumb\"},\"inLanguage\":\"fr-FR\",\"potentialAction\":[{\"@type\":\"ReadAction\",\"target\":[\"https:\\\/\\\/avocat-gc.com\\\/divorce\\\/avocat-divorce\\\/choisy-le-roi\\\/divorce-amiable-choisy-le-roi\\\/\"]}]},{\"@type\":\"BreadcrumbList\",\"@id\":\"https:\\\/\\\/avocat-gc.com\\\/divorce\\\/avocat-divorce\\\/choisy-le-roi\\\/divorce-amiable-choisy-le-roi\\\/#breadcrumb\",\"itemListElement\":[{\"@type\":\"ListItem\",\"position\":1,\"name\":\"Accueil\",\"item\":\"https:\\\/\\\/avocat-gc.com\\\/divorce\\\/\"},{\"@type\":\"ListItem\",\"position\":2,\"name\":\"Avocat Divorce\",\"item\":\"https:\\\/\\\/avocat-gc.com\\\/divorce\\\/avocat-divorce\\\/\"},{\"@type\":\"ListItem\",\"position\":3,\"name\":\"Avocat Divorce \u00e0 Choisy-le-Roi (94)\",\"item\":\"https:\\\/\\\/avocat-gc.com\\\/divorce\\\/avocat-divorce\\\/choisy-le-roi\\\/\"},{\"@type\":\"ListItem\",\"position\":4,\"name\":\"Avocat divorce et divorce amiable \u00e0 Choisy-le-Roi\"}]},{\"@type\":\"WebSite\",\"@id\":\"https:\\\/\\\/avocat-gc.com\\\/divorce\\\/#website\",\"url\":\"https:\\\/\\\/avocat-gc.com\\\/divorce\\\/\",\"name\":\"Avocat GC - Avocat Divorce\",\"description\":\"\",\"publisher\":{\"@id\":\"https:\\\/\\\/avocat-gc.com\\\/divorce\\\/#organization\"},\"potentialAction\":[{\"@type\":\"SearchAction\",\"target\":{\"@type\":\"EntryPoint\",\"urlTemplate\":\"https:\\\/\\\/avocat-gc.com\\\/divorce\\\/?s={search_term_string}\"},\"query-input\":{\"@type\":\"PropertyValueSpecification\",\"valueRequired\":true,\"valueName\":\"search_term_string\"}}],\"inLanguage\":\"fr-FR\"},{\"@type\":\"Organization\",\"@id\":\"https:\\\/\\\/avocat-gc.com\\\/divorce\\\/#organization\",\"name\":\"Avocat GC - Avocat Divorce\",\"url\":\"https:\\\/\\\/avocat-gc.com\\\/divorce\\\/\",\"logo\":{\"@type\":\"ImageObject\",\"inLanguage\":\"fr-FR\",\"@id\":\"https:\\\/\\\/avocat-gc.com\\\/divorce\\\/#\\\/schema\\\/logo\\\/image\\\/\",\"url\":\"https:\\\/\\\/avocat-gc.com\\\/divorce\\\/wp-content\\\/uploads\\\/2024\\\/04\\\/cropped-Sans-titre.png\",\"contentUrl\":\"https:\\\/\\\/avocat-gc.com\\\/divorce\\\/wp-content\\\/uploads\\\/2024\\\/04\\\/cropped-Sans-titre.png\",\"width\":200,\"height\":180,\"caption\":\"Avocat GC - Avocat Divorce\"},\"image\":{\"@id\":\"https:\\\/\\\/avocat-gc.com\\\/divorce\\\/#\\\/schema\\\/logo\\\/image\\\/\"}}]}<\/script>\n<!-- \/ Yoast SEO plugin. -->","yoast_head_json":{"title":"Avocat divorce et divorce amiable \u00e0 Choisy-le-Roi - Avocat Divorce","description":"Contactez un Avocat divorce \u00e0 Choisy-le-Roi (94) et divorcez \u00e0 l'amiable sans juge en 1 mois. Recevez un devis gratuit et imm\u00e9diat pour votre divorce par consentement mutuel","robots":{"index":"index","follow":"follow","max-snippet":"max-snippet:-1","max-image-preview":"max-image-preview:large","max-video-preview":"max-video-preview:-1"},"canonical":"https:\/\/avocat-gc.com\/divorce\/avocat-divorce\/choisy-le-roi\/divorce-amiable-choisy-le-roi\/","og_locale":"fr_FR","og_type":"article","og_title":"Avocat divorce et divorce amiable \u00e0 Choisy-le-Roi - Avocat Divorce","og_description":"Contactez un Avocat divorce \u00e0 Choisy-le-Roi (94) et divorcez \u00e0 l'amiable sans juge en 1 mois. Recevez un devis gratuit et imm\u00e9diat pour votre divorce par consentement mutuel","og_url":"https:\/\/avocat-gc.com\/divorce\/avocat-divorce\/choisy-le-roi\/divorce-amiable-choisy-le-roi\/","og_site_name":"Avocat GC - Avocat Divorce","article_modified_time":"2024-03-31T11:31:06+00:00","twitter_card":"summary_large_image","schema":{"@context":"https:\/\/schema.org","@graph":[{"@type":"WebPage","@id":"https:\/\/avocat-gc.com\/divorce\/avocat-divorce\/choisy-le-roi\/divorce-amiable-choisy-le-roi\/","url":"https:\/\/avocat-gc.com\/divorce\/avocat-divorce\/choisy-le-roi\/divorce-amiable-choisy-le-roi\/","name":"Avocat divorce et divorce amiable \u00e0 Choisy-le-Roi - Avocat Divorce","isPartOf":{"@id":"https:\/\/avocat-gc.com\/divorce\/#website"},"datePublished":"2017-10-05T00:00:00+00:00","dateModified":"2024-03-31T11:31:06+00:00","description":"Contactez un Avocat divorce \u00e0 Choisy-le-Roi (94) et divorcez \u00e0 l'amiable sans juge en 1 mois. Recevez un devis gratuit et imm\u00e9diat pour votre divorce par consentement mutuel","breadcrumb":{"@id":"https:\/\/avocat-gc.com\/divorce\/avocat-divorce\/choisy-le-roi\/divorce-amiable-choisy-le-roi\/#breadcrumb"},"inLanguage":"fr-FR","potentialAction":[{"@type":"ReadAction","target":["https:\/\/avocat-gc.com\/divorce\/avocat-divorce\/choisy-le-roi\/divorce-amiable-choisy-le-roi\/"]}]},{"@type":"BreadcrumbList","@id":"https:\/\/avocat-gc.com\/divorce\/avocat-divorce\/choisy-le-roi\/divorce-amiable-choisy-le-roi\/#breadcrumb","itemListElement":[{"@type":"ListItem","position":1,"name":"Accueil","item":"https:\/\/avocat-gc.com\/divorce\/"},{"@type":"ListItem","position":2,"name":"Avocat Divorce","item":"https:\/\/avocat-gc.com\/divorce\/avocat-divorce\/"},{"@type":"ListItem","position":3,"name":"Avocat Divorce \u00e0 Choisy-le-Roi (94)","item":"https:\/\/avocat-gc.com\/divorce\/avocat-divorce\/choisy-le-roi\/"},{"@type":"ListItem","position":4,"name":"Avocat divorce et divorce amiable \u00e0 Choisy-le-Roi"}]},{"@type":"WebSite","@id":"https:\/\/avocat-gc.com\/divorce\/#website","url":"https:\/\/avocat-gc.com\/divorce\/","name":"Avocat GC - Avocat Divorce","description":"","publisher":{"@id":"https:\/\/avocat-gc.com\/divorce\/#organization"},"potentialAction":[{"@type":"SearchAction","target":{"@type":"EntryPoint","urlTemplate":"https:\/\/avocat-gc.com\/divorce\/?s={search_term_string}"},"query-input":{"@type":"PropertyValueSpecification","valueRequired":true,"valueName":"search_term_string"}}],"inLanguage":"fr-FR"},{"@type":"Organization","@id":"https:\/\/avocat-gc.com\/divorce\/#organization","name":"Avocat GC - Avocat Divorce","url":"https:\/\/avocat-gc.com\/divorce\/","logo":{"@type":"ImageObject","inLanguage":"fr-FR","@id":"https:\/\/avocat-gc.com\/divorce\/#\/schema\/logo\/image\/","url":"https:\/\/avocat-gc.com\/divorce\/wp-content\/uploads\/2024\/04\/cropped-Sans-titre.png","contentUrl":"https:\/\/avocat-gc.com\/divorce\/wp-content\/uploads\/2024\/04\/cropped-Sans-titre.png","width":200,"height":180,"caption":"Avocat GC - Avocat Divorce"},"image":{"@id":"https:\/\/avocat-gc.com\/divorce\/#\/schema\/logo\/image\/"}}]}},"_links":{"self":[{"href":"https:\/\/avocat-gc.com\/divorce\/wp-json\/wp\/v2\/pages\/2081","targetHints":{"allow":["GET"]}}],"collection":[{"href":"https:\/\/avocat-gc.com\/divorce\/wp-json\/wp\/v2\/pages"}],"about":[{"href":"https:\/\/avocat-gc.com\/divorce\/wp-json\/wp\/v2\/types\/page"}],"author":[{"embeddable":true,"href":"https:\/\/avocat-gc.com\/divorce\/wp-json\/wp\/v2\/users\/1"}],"replies":[{"embeddable":true,"href":"https:\/\/avocat-gc.com\/divorce\/wp-json\/wp\/v2\/comments?post=2081"}],"version-history":[{"count":0,"href":"https:\/\/avocat-gc.com\/divorce\/wp-json\/wp\/v2\/pages\/2081\/revisions"}],"up":[{"embeddable":true,"href":"https:\/\/avocat-gc.com\/divorce\/wp-json\/wp\/v2\/pages\/6940"}],"wp:attachment":[{"href":"https:\/\/avocat-gc.com\/divorce\/wp-json\/wp\/v2\/media?parent=2081"}],"wp:term":[{"taxonomy":"priorite","embeddable":true,"href":"https:\/\/avocat-gc.com\/divorce\/wp-json\/wp\/v2\/priorite?post=2081"}],"curies":[{"name":"wp","href":"https:\/\/api.w.org\/{rel}","templated":true}]}}