{"id":2027,"date":"2024-03-29T15:33:53","date_gmt":"2024-03-29T15:33:53","guid":{"rendered":"https:\/\/avocat-gc.com\/divorce\/divorce-amiable-boulogne-billancourt\/"},"modified":"2024-03-31T11:31:00","modified_gmt":"2024-03-31T11:31:00","slug":"divorce-amiable-boulogne-billancourt","status":"publish","type":"page","link":"https:\/\/avocat-gc.com\/divorce\/avocat-divorce\/boulogne-billancourt\/divorce-amiable-boulogne-billancourt\/","title":{"rendered":"Avocat divorce amiable sans juge \u00e0 Boulogne-Billancourt"},"content":{"rendered":"<p><a href=\"\/divorce\/avocat-divorce\/boulogne-billancourt\/\" rel=\"nofollow\">\u25c4 Avocat divorce \u00e0 Boulogne-Billancourt (92)<\/a><\/p>\n<h2>Divorce sans juge\u00e0 Boulogne Billancourt<\/h2>\n<p> J&rsquo;INTERVIENS DANS TOUTE LA FRANCE <a href=\"\/divorce\/avocat-divorce\/paris\/\" rel=\"nofollow noopener\" title=\"\" target=\"_parent\">Notre cabinet \u00e0 Paris<\/a> : 42 Rue de L\u00fcbeck, 75116 Paris 01 47 04 25 40 <\/p>\n<p class=\"img-left\"><img decoding=\"async\" alt=\"Avocat Divorce Amiable sans juge Boulogne-Billancourt (92) \" title=\"Avocat Divorce Amiable  sans juge Boulogne-Billancourt (92)\" width=\"170\" border=\"2\" src=\"\/divorce\/wp-content\/uploads\/2024\/04\/avocat-divorce-amiable-paris.jpg\" \/><\/p>\n<p align=\"justify\">Depuis Janvier 2017, il n&rsquo;est plus n\u00e9cessaire de passer devant le Juge aux Affaires Familiales pour divorcer, le divorce par consentement mutuel peut \u00eatre effectu\u00e9 directement au cabinet d&rsquo;avocats. En effet, lors d&rsquo;un premier entretien avec notre avocat divorce, nous r\u00e9digeons ensemble votre convention de divorce r\u00e9glant chaque cons\u00e9quence du divorce: pension alimentaire, <a href=\"\/divorce\/definitions\/bien-commun\/\" title=\"avocat divorce biens communs\" target=\"\" rel=\"noopener\">sort des biens communs<\/a>, garde des enfants etc&#8230; sur lesquelles les conjoints doivent \u00eatre en total accord.<\/p>\n<p>Il est imp\u00e9ratif, en effet, qu&rsquo;aucun d\u00e9saccord ne surviennent concernant la <a href=\"\/divorce\/convention-de-divorce\/\" rel=\"nofollow noopener\" title=\"avocat divorce convention\" target=\"\">convention de divorce<\/a>. Le cas contraire, les \u00e9poux devraient opter pour un divorce contentieux. Le projet de convention, une fois r\u00e9dig\u00e9, est ensuite envoy\u00e9 \u00e0 votre domicile par courrier recommand\u00e9 avec accus\u00e9 de r\u00e9ception (AR). Vous poss\u00e9dez un d\u00e9lai de r\u00e9flexion de 15 jours pour signer le projet de convention et nous le retourner. Par nos soins, la convention de divorce marquant votre accord est transmise au notaire qui se chargera de lui donner force ex\u00e9cutoire et date certaine. Ces d\u00e9marches sont effectu\u00e9es dans un d\u00e9lai g\u00e9n\u00e9ral de 1 mois. Vous voici officiellement divorc\u00e9s.<\/p>\n<p>Vous souhaitez divorcer ? Contactez notre AVOCAT DIVORCE<\/p>\n<p>Cependant, pr\u00e9cisions que si les \u00e9poux ne parviennent \u00e0 trouver un accord, il faudrait alors entamer une <a href=\"\/divorce\/definitions\/divorce-pour-faute\/\" rel=\"nofollow noopener\" title=\"avocat divorce faute\" target=\"\">proc\u00e9dure de divorce contentieuse<\/a> devant le Juge aux Affaires Familiales, au Tribunal de Nanterre. Cette proc\u00e9dure est plus longue et plus co\u00fbteuse.Si vous souhaitez en savoir davantage sur le divorce sans juge, veuillez consulter notre page:<\/p>\n<p><a href=\"\/divorce\/divorce-sans-juge\/\" rel=\"nofollow noopener\" target=\"_parent\"> \u25ba AVOCAT DIVORCE SANS JUGE <\/a><\/p>\n<h3>Articles li\u00e9s<\/h3>\n<p><a href=\"\/divorce\/articles\/que-faire-si-un-conjoint-refuse-de-verser-la-pension-alimentaire-des-enfants\/\" rel=\"nofollow noopener\" title=\"\" target=\"_parent\">Que faire si un conjoint refuse de verser la pension alimentaire des enfants?<\/a><br \/>\n<a href=\"\/divorce\/articles\/les-documents-rediges-lors-dun-divorce-amiable\/\" rel=\"nofollow noopener\" title=\"\" target=\"_parent\">Les documents r\u00e9dig\u00e9s lors d&rsquo;un divorce amiable<\/a><br \/>\n<a href=\"\/divorce\/articles\/peut-contester-un-divorce-par-consentement-mutuel\/\" rel=\"nofollow noopener\" title=\"\" target=\"_parent\">Peut-on contester un divorce par consentement mutuel?<\/a><\/p>\n<p>\u25ba A T\u00c9L\u00c9CHARGER: <a href=\"\/divorce\/divorce-sans-juge\/convention-boulogne-billancourt\/\" rel=\"nofollow\" title=\"avocat divorce boulogne-billancourt\">Mod\u00e8le de convention de divorce sans juge \u00e0 Boulogne-Billancourt<\/a><\/p>\n<h3>Divorce sans juge &#8211; les tarifs<\/h3>\n<p align=\"justify\"> Les tarifs d&rsquo;un divorce sans juge \u00e0 Boulogne-Billancourt (92) d\u00e9pendent de votre situation<\/p>\n","protected":false},"excerpt":{"rendered":"<p>\u25c4 Avocat divorce \u00e0 Boulogne-Billancourt (92) Divorce sans juge\u00e0 Boulogne Billancourt J&rsquo;INTERVIENS DANS TOUTE LA FRANCE Notre cabinet \u00e0 Paris : 42 Rue de L\u00fcbeck, 75116 Paris 01 47 04 25 40 Depuis Janvier 2017, il n&rsquo;est plus n\u00e9cessaire de passer devant le Juge aux Affaires Familiales pour divorcer, le divorce par consentement mutuel peut [&hellip;]<\/p>\n","protected":false},"author":1,"featured_media":0,"parent":7028,"menu_order":0,"comment_status":"closed","ping_status":"closed","template":"","meta":{"_acf_changed":false,"inline_featured_image":false,"footnotes":""},"priorite":[],"class_list":["post-2027","page","type-page","status-publish","hentry"],"acf":[],"yoast_head":"<!-- This site is optimized with the Yoast SEO plugin v27.5 - https:\/\/yoast.com\/product\/yoast-seo-wordpress\/ -->\n<title>Avocat divorce amiable sans juge \u00e0 Boulogne-Billancourt - Avocat Divorce<\/title>\n<meta name=\"description\" content=\"Divorce Amiable \u00e0 Boulogne Billancourt (92) - Cabinet d&#039;Avocats GC \u260e 01.47.04.25.40 - Recevez un devis gratuit et imm\u00e9diat pour votre divorce - Divorce amiable - Divorce sans juge\" \/>\n<meta name=\"robots\" content=\"index, follow, max-snippet:-1, max-image-preview:large, max-video-preview:-1\" \/>\n<link rel=\"canonical\" href=\"https:\/\/avocat-gc.com\/divorce\/avocat-divorce\/boulogne-billancourt\/divorce-amiable-boulogne-billancourt\/\" \/>\n<meta property=\"og:locale\" content=\"fr_FR\" \/>\n<meta property=\"og:type\" content=\"article\" \/>\n<meta property=\"og:title\" content=\"Avocat divorce amiable sans juge \u00e0 Boulogne-Billancourt - Avocat Divorce\" \/>\n<meta property=\"og:description\" content=\"Divorce Amiable \u00e0 Boulogne Billancourt (92) - Cabinet d&#039;Avocats GC \u260e 01.47.04.25.40 - Recevez un devis gratuit et imm\u00e9diat pour votre divorce - Divorce amiable - Divorce sans juge\" \/>\n<meta property=\"og:url\" content=\"https:\/\/avocat-gc.com\/divorce\/avocat-divorce\/boulogne-billancourt\/divorce-amiable-boulogne-billancourt\/\" \/>\n<meta property=\"og:site_name\" content=\"Avocat GC - Avocat Divorce\" \/>\n<meta property=\"article:modified_time\" content=\"2024-03-31T11:31:00+00:00\" \/>\n<meta name=\"twitter:card\" content=\"summary_large_image\" \/>\n<script type=\"application\/ld+json\" class=\"yoast-schema-graph\">{\"@context\":\"https:\\\/\\\/schema.org\",\"@graph\":[{\"@type\":\"WebPage\",\"@id\":\"https:\\\/\\\/avocat-gc.com\\\/divorce\\\/avocat-divorce\\\/boulogne-billancourt\\\/divorce-amiable-boulogne-billancourt\\\/\",\"url\":\"https:\\\/\\\/avocat-gc.com\\\/divorce\\\/avocat-divorce\\\/boulogne-billancourt\\\/divorce-amiable-boulogne-billancourt\\\/\",\"name\":\"Avocat divorce amiable sans juge \u00e0 Boulogne-Billancourt - Avocat Divorce\",\"isPartOf\":{\"@id\":\"https:\\\/\\\/avocat-gc.com\\\/divorce\\\/#website\"},\"datePublished\":\"2024-03-29T15:33:53+00:00\",\"dateModified\":\"2024-03-31T11:31:00+00:00\",\"description\":\"Divorce Amiable \u00e0 Boulogne Billancourt (92) - Cabinet d'Avocats GC \u260e 01.47.04.25.40 - Recevez un devis gratuit et imm\u00e9diat pour votre divorce - Divorce amiable - Divorce sans juge\",\"breadcrumb\":{\"@id\":\"https:\\\/\\\/avocat-gc.com\\\/divorce\\\/avocat-divorce\\\/boulogne-billancourt\\\/divorce-amiable-boulogne-billancourt\\\/#breadcrumb\"},\"inLanguage\":\"fr-FR\",\"potentialAction\":[{\"@type\":\"ReadAction\",\"target\":[\"https:\\\/\\\/avocat-gc.com\\\/divorce\\\/avocat-divorce\\\/boulogne-billancourt\\\/divorce-amiable-boulogne-billancourt\\\/\"]}]},{\"@type\":\"BreadcrumbList\",\"@id\":\"https:\\\/\\\/avocat-gc.com\\\/divorce\\\/avocat-divorce\\\/boulogne-billancourt\\\/divorce-amiable-boulogne-billancourt\\\/#breadcrumb\",\"itemListElement\":[{\"@type\":\"ListItem\",\"position\":1,\"name\":\"Accueil\",\"item\":\"https:\\\/\\\/avocat-gc.com\\\/divorce\\\/\"},{\"@type\":\"ListItem\",\"position\":2,\"name\":\"Avocat Divorce\",\"item\":\"https:\\\/\\\/avocat-gc.com\\\/divorce\\\/avocat-divorce\\\/\"},{\"@type\":\"ListItem\",\"position\":3,\"name\":\"Avocat Divorce \u00e0 Boulogne-Billancourt (92)\",\"item\":\"https:\\\/\\\/avocat-gc.com\\\/divorce\\\/avocat-divorce\\\/boulogne-billancourt\\\/\"},{\"@type\":\"ListItem\",\"position\":4,\"name\":\"Avocat divorce amiable sans juge \u00e0 Boulogne-Billancourt\"}]},{\"@type\":\"WebSite\",\"@id\":\"https:\\\/\\\/avocat-gc.com\\\/divorce\\\/#website\",\"url\":\"https:\\\/\\\/avocat-gc.com\\\/divorce\\\/\",\"name\":\"Avocat GC - Avocat Divorce\",\"description\":\"\",\"publisher\":{\"@id\":\"https:\\\/\\\/avocat-gc.com\\\/divorce\\\/#organization\"},\"potentialAction\":[{\"@type\":\"SearchAction\",\"target\":{\"@type\":\"EntryPoint\",\"urlTemplate\":\"https:\\\/\\\/avocat-gc.com\\\/divorce\\\/?s={search_term_string}\"},\"query-input\":{\"@type\":\"PropertyValueSpecification\",\"valueRequired\":true,\"valueName\":\"search_term_string\"}}],\"inLanguage\":\"fr-FR\"},{\"@type\":\"Organization\",\"@id\":\"https:\\\/\\\/avocat-gc.com\\\/divorce\\\/#organization\",\"name\":\"Avocat GC - Avocat Divorce\",\"url\":\"https:\\\/\\\/avocat-gc.com\\\/divorce\\\/\",\"logo\":{\"@type\":\"ImageObject\",\"inLanguage\":\"fr-FR\",\"@id\":\"https:\\\/\\\/avocat-gc.com\\\/divorce\\\/#\\\/schema\\\/logo\\\/image\\\/\",\"url\":\"https:\\\/\\\/avocat-gc.com\\\/divorce\\\/wp-content\\\/uploads\\\/2024\\\/04\\\/cropped-Sans-titre.png\",\"contentUrl\":\"https:\\\/\\\/avocat-gc.com\\\/divorce\\\/wp-content\\\/uploads\\\/2024\\\/04\\\/cropped-Sans-titre.png\",\"width\":200,\"height\":180,\"caption\":\"Avocat GC - Avocat Divorce\"},\"image\":{\"@id\":\"https:\\\/\\\/avocat-gc.com\\\/divorce\\\/#\\\/schema\\\/logo\\\/image\\\/\"}}]}<\/script>\n<!-- \/ Yoast SEO plugin. -->","yoast_head_json":{"title":"Avocat divorce amiable sans juge \u00e0 Boulogne-Billancourt - Avocat Divorce","description":"Divorce Amiable \u00e0 Boulogne Billancourt (92) - Cabinet d'Avocats GC \u260e 01.47.04.25.40 - Recevez un devis gratuit et imm\u00e9diat pour votre divorce - Divorce amiable - Divorce sans juge","robots":{"index":"index","follow":"follow","max-snippet":"max-snippet:-1","max-image-preview":"max-image-preview:large","max-video-preview":"max-video-preview:-1"},"canonical":"https:\/\/avocat-gc.com\/divorce\/avocat-divorce\/boulogne-billancourt\/divorce-amiable-boulogne-billancourt\/","og_locale":"fr_FR","og_type":"article","og_title":"Avocat divorce amiable sans juge \u00e0 Boulogne-Billancourt - Avocat Divorce","og_description":"Divorce Amiable \u00e0 Boulogne Billancourt (92) - Cabinet d'Avocats GC \u260e 01.47.04.25.40 - Recevez un devis gratuit et imm\u00e9diat pour votre divorce - Divorce amiable - Divorce sans juge","og_url":"https:\/\/avocat-gc.com\/divorce\/avocat-divorce\/boulogne-billancourt\/divorce-amiable-boulogne-billancourt\/","og_site_name":"Avocat GC - Avocat Divorce","article_modified_time":"2024-03-31T11:31:00+00:00","twitter_card":"summary_large_image","schema":{"@context":"https:\/\/schema.org","@graph":[{"@type":"WebPage","@id":"https:\/\/avocat-gc.com\/divorce\/avocat-divorce\/boulogne-billancourt\/divorce-amiable-boulogne-billancourt\/","url":"https:\/\/avocat-gc.com\/divorce\/avocat-divorce\/boulogne-billancourt\/divorce-amiable-boulogne-billancourt\/","name":"Avocat divorce amiable sans juge \u00e0 Boulogne-Billancourt - Avocat Divorce","isPartOf":{"@id":"https:\/\/avocat-gc.com\/divorce\/#website"},"datePublished":"2024-03-29T15:33:53+00:00","dateModified":"2024-03-31T11:31:00+00:00","description":"Divorce Amiable \u00e0 Boulogne Billancourt (92) - Cabinet d'Avocats GC \u260e 01.47.04.25.40 - Recevez un devis gratuit et imm\u00e9diat pour votre divorce - Divorce amiable - Divorce sans juge","breadcrumb":{"@id":"https:\/\/avocat-gc.com\/divorce\/avocat-divorce\/boulogne-billancourt\/divorce-amiable-boulogne-billancourt\/#breadcrumb"},"inLanguage":"fr-FR","potentialAction":[{"@type":"ReadAction","target":["https:\/\/avocat-gc.com\/divorce\/avocat-divorce\/boulogne-billancourt\/divorce-amiable-boulogne-billancourt\/"]}]},{"@type":"BreadcrumbList","@id":"https:\/\/avocat-gc.com\/divorce\/avocat-divorce\/boulogne-billancourt\/divorce-amiable-boulogne-billancourt\/#breadcrumb","itemListElement":[{"@type":"ListItem","position":1,"name":"Accueil","item":"https:\/\/avocat-gc.com\/divorce\/"},{"@type":"ListItem","position":2,"name":"Avocat Divorce","item":"https:\/\/avocat-gc.com\/divorce\/avocat-divorce\/"},{"@type":"ListItem","position":3,"name":"Avocat Divorce \u00e0 Boulogne-Billancourt (92)","item":"https:\/\/avocat-gc.com\/divorce\/avocat-divorce\/boulogne-billancourt\/"},{"@type":"ListItem","position":4,"name":"Avocat divorce amiable sans juge \u00e0 Boulogne-Billancourt"}]},{"@type":"WebSite","@id":"https:\/\/avocat-gc.com\/divorce\/#website","url":"https:\/\/avocat-gc.com\/divorce\/","name":"Avocat GC - Avocat Divorce","description":"","publisher":{"@id":"https:\/\/avocat-gc.com\/divorce\/#organization"},"potentialAction":[{"@type":"SearchAction","target":{"@type":"EntryPoint","urlTemplate":"https:\/\/avocat-gc.com\/divorce\/?s={search_term_string}"},"query-input":{"@type":"PropertyValueSpecification","valueRequired":true,"valueName":"search_term_string"}}],"inLanguage":"fr-FR"},{"@type":"Organization","@id":"https:\/\/avocat-gc.com\/divorce\/#organization","name":"Avocat GC - Avocat Divorce","url":"https:\/\/avocat-gc.com\/divorce\/","logo":{"@type":"ImageObject","inLanguage":"fr-FR","@id":"https:\/\/avocat-gc.com\/divorce\/#\/schema\/logo\/image\/","url":"https:\/\/avocat-gc.com\/divorce\/wp-content\/uploads\/2024\/04\/cropped-Sans-titre.png","contentUrl":"https:\/\/avocat-gc.com\/divorce\/wp-content\/uploads\/2024\/04\/cropped-Sans-titre.png","width":200,"height":180,"caption":"Avocat GC - Avocat Divorce"},"image":{"@id":"https:\/\/avocat-gc.com\/divorce\/#\/schema\/logo\/image\/"}}]}},"_links":{"self":[{"href":"https:\/\/avocat-gc.com\/divorce\/wp-json\/wp\/v2\/pages\/2027","targetHints":{"allow":["GET"]}}],"collection":[{"href":"https:\/\/avocat-gc.com\/divorce\/wp-json\/wp\/v2\/pages"}],"about":[{"href":"https:\/\/avocat-gc.com\/divorce\/wp-json\/wp\/v2\/types\/page"}],"author":[{"embeddable":true,"href":"https:\/\/avocat-gc.com\/divorce\/wp-json\/wp\/v2\/users\/1"}],"replies":[{"embeddable":true,"href":"https:\/\/avocat-gc.com\/divorce\/wp-json\/wp\/v2\/comments?post=2027"}],"version-history":[{"count":0,"href":"https:\/\/avocat-gc.com\/divorce\/wp-json\/wp\/v2\/pages\/2027\/revisions"}],"up":[{"embeddable":true,"href":"https:\/\/avocat-gc.com\/divorce\/wp-json\/wp\/v2\/pages\/7028"}],"wp:attachment":[{"href":"https:\/\/avocat-gc.com\/divorce\/wp-json\/wp\/v2\/media?parent=2027"}],"wp:term":[{"taxonomy":"priorite","embeddable":true,"href":"https:\/\/avocat-gc.com\/divorce\/wp-json\/wp\/v2\/priorite?post=2027"}],"curies":[{"name":"wp","href":"https:\/\/api.w.org\/{rel}","templated":true}]}}