{"id":2012,"date":"2024-03-29T15:33:53","date_gmt":"2024-03-29T15:33:53","guid":{"rendered":"https:\/\/avocat-gc.com\/divorce\/divorce-amiable-bobigny\/"},"modified":"2024-03-31T11:30:58","modified_gmt":"2024-03-31T11:30:58","slug":"divorce-amiable-bobigny","status":"publish","type":"page","link":"https:\/\/avocat-gc.com\/divorce\/avocat-divorce\/bobigny\/divorce-amiable-bobigny\/","title":{"rendered":"Avocat divorce amiable sans juge \u00e0 Bobigny"},"content":{"rendered":"<\/p>\n<p>Avocat divorce amiable sans juge \u00e0 Bobigny<a href=\"http:\/\/avocat-gc.com\/divorce\/avocat-divorce\/bobigny\/\" rel=\"nofollow noopener\" target=\"_parent\">\u25c4 Avocat divorce \u00e0 Bobigny (93)<\/a><\/p>\n<h2>Divorce sans juge \u00e0 Bobigny<\/h2>\n<\/p>\n<p class=\"img-left\"><img decoding=\"async\" alt=\"Avocat Divorce Amiable sans juge Bobigny (93)\" title=\"Avocat Divorce Amiable sans juge Bobigny (93)\" width=\"170\" border=\"2\" src=\"\/divorce\/wp-content\/uploads\/2024\/04\/avocat-divorce-amiable-paris.jpg\" \/><\/p>\n<p align=\"justify\">\nSi vous r\u00e9sidez \u00e0 Bobigny, le Cabinet d\u2019Avocat GC\u00a0vous assiste pendant toute votre proc\u00e9dure de\u00a0<a href=\"\/divorce\/divorce-amiable\/\" title=\"\" target=\"\" style=\"font-weight: bold;\" rel=\"noopener\">divorce par consentement mutuel<\/a>, appel\u00e9 \u00e9galement\u00a0divorce \u00e0 l\u2019amiable. Cette nouvelle proc\u00e9dure de divorce sans juge n\u00e9cessite l&rsquo;accord des deux\u00a0\u00e9poux sur tous les aspects du divorce, que ce soit la liquidation du r\u00e9gime matrimonial, la garde des enfants, la pension alimentaire, ou  la prestation compensatoire. Nous vous demandons de nous communiquer diff\u00e9rentes pi\u00e8ces n\u00e9cessaires  \u00e0 la constitution de votre dossier le jour du rendez-vous ou plus tard par courrier :<\/p>\n<p>Actes de naissance des \u00e9poux et des enfants<br \/>\nActe de mariage des \u00e9poux<br \/>\nJustificatifs de domicile<br \/>\nPi\u00e8ces d\u2019identit\u00e9<br \/>\nLivret de famille<\/p>\n<p align=\"justify\">Lors de cet entretien avec \u00a0notre cabinet d&rsquo;avocats, experiment\u00e9\u00a0en divorce, nous r\u00e9digeons ensemble une <a href=\"\/divorce\/convention-de-divorce\/\" rel=\"nofollow noopener\" title=\"\" target=\"\">convention de divorce<\/a> r\u00e9glant toutes les cons\u00e9quences et effets du divorce par consentement mutuel , puis nous vous envoyons le projet de convention par courrier postal en recommand\u00e9 avec accus\u00e9 de r\u00e9ceptionVous poss\u00e8derez un d\u00e9lai de r\u00e9flexion de 15 jours avant de signer puis nous retourner le projet de convention. Le notaire enregistrera ensuite votre divorce en lui donnant<a href=\"http:\/\/avocat-gc.com\/divorce\/definitions\/force-executoire\/\" title=\"\" target=\"\" rel=\"noopener\"> force \u00e9xecutoire<\/a> et date certaine. Au terme de cette proc\u00e9dure, vous serez officiellement divorc\u00e9s.Le moindre d\u00e9saccord avant ou pendant la proc\u00e9dure am\u00e8nerait les deux \u00e9poux devant le\u00a0<a href=\"http:\/\/avocat-gc.com\/divorce\/definitions\/juge-aux-affaires-familiales\/\" rel=\"nofollow noopener\" title=\"\" target=\"\">\u00a0Juge aux Affaires Familiales<\/a>\u00a0dans le cadre d&rsquo;une proc\u00e9dure de divorce contentieuse.\u00a0Si vous souhaitez en savoir davantage sur le divorce sans juge, veuillez consulter notre page:\n<\/p>\n<\/p>\n<p><a href=\"\/divorce\/divorce-sans-juge\/\" rel=\"nofollow noopener\" target=\"_parent\"> \u25ba AVOCAT DIVORCE SANS JUGE <\/a><\/p>\n<h3> Articles li\u00e9s <\/h3>\n<p><a href=\"\/divorce\/articles\/comment-bien-commencer-sa-procedure-de-divorce\/\" rel=\"nofollow\">Comment bien commencer sa proc\u00e9dure de divorce?<\/a><br \/>\n<a href=\"\/divorce\/articles\/quest-ce-quun-etat-liquidatif\/\" rel=\"nofollow\">Qu&rsquo;est ce qu&rsquo;un \u00e9tat liquidatif ?<\/a><br \/>\n<a href=\"\/divorce\/articles\/quest-ce-que-la-soulte-lors-dun-divorce-par-consentement-mutuel\/\" rel=\"nofollow\"> Qu&rsquo;est ce que la soulte lors d&rsquo;un divorce par consentement mutuel?<\/a><\/p>\n<p>\u25ba A T\u00c9L\u00c9CHARGER: <a href=\"\/divorce\/divorce-sans-juge-bobigny-exemple-de-convention\/\" rel=\"nofollow\">Mod\u00e8le de convention de divorce sans juge \u00e0 Bobigny (93)<\/a><\/p>\n<h3>Divorce sans juge &#8211; les tarifs<\/h3>\n<p align=\"justify\"> Les tarifs d&rsquo;un divorce sans juge \u00e0 Bobigny (93) d\u00e9pendent de votre situation<\/p>\n","protected":false},"excerpt":{"rendered":"<p>Avocat divorce amiable sans juge \u00e0 Bobigny\u25c4 Avocat divorce \u00e0 Bobigny (93) Divorce sans juge \u00e0 Bobigny Si vous r\u00e9sidez \u00e0 Bobigny, le Cabinet d\u2019Avocat GC\u00a0vous assiste pendant toute votre proc\u00e9dure de\u00a0divorce par consentement mutuel, appel\u00e9 \u00e9galement\u00a0divorce \u00e0 l\u2019amiable. Cette nouvelle proc\u00e9dure de divorce sans juge n\u00e9cessite l&rsquo;accord des deux\u00a0\u00e9poux sur tous les aspects du [&hellip;]<\/p>\n","protected":false},"author":1,"featured_media":0,"parent":7019,"menu_order":0,"comment_status":"closed","ping_status":"closed","template":"","meta":{"_acf_changed":false,"inline_featured_image":false,"footnotes":""},"priorite":[],"class_list":["post-2012","page","type-page","status-publish","hentry"],"acf":[],"yoast_head":"<!-- This site is optimized with the Yoast SEO plugin v27.6 - https:\/\/yoast.com\/product\/yoast-seo-wordpress\/ -->\n<title>Avocat divorce amiable sans juge \u00e0 Bobigny - Avocat Divorce<\/title>\n<meta name=\"description\" content=\"Divorcez \u00e0 l&#039;amiable et sans juge \u00e0 Bobigny (93) en 1 mois. Contactez un Avocat divorce au \u260e 01.47.04.25.40 . Recevez un devis gratuit et imm\u00e9diat pour votre divorce. Cabinet Avocat GC. Divorce amiable - Divorce sans juge - Divorce par consentement mutuel\" \/>\n<meta name=\"robots\" content=\"index, follow, max-snippet:-1, max-image-preview:large, max-video-preview:-1\" \/>\n<link rel=\"canonical\" href=\"https:\/\/avocat-gc.com\/divorce\/avocat-divorce\/bobigny\/divorce-amiable-bobigny\/\" \/>\n<meta property=\"og:locale\" content=\"fr_FR\" \/>\n<meta property=\"og:type\" content=\"article\" \/>\n<meta property=\"og:title\" content=\"Avocat divorce amiable sans juge \u00e0 Bobigny - Avocat Divorce\" \/>\n<meta property=\"og:description\" content=\"Divorcez \u00e0 l&#039;amiable et sans juge \u00e0 Bobigny (93) en 1 mois. Contactez un Avocat divorce au \u260e 01.47.04.25.40 . Recevez un devis gratuit et imm\u00e9diat pour votre divorce. Cabinet Avocat GC. Divorce amiable - Divorce sans juge - Divorce par consentement mutuel\" \/>\n<meta property=\"og:url\" content=\"https:\/\/avocat-gc.com\/divorce\/avocat-divorce\/bobigny\/divorce-amiable-bobigny\/\" \/>\n<meta property=\"og:site_name\" content=\"Avocat GC - Avocat Divorce\" \/>\n<meta property=\"article:modified_time\" content=\"2024-03-31T11:30:58+00:00\" \/>\n<meta name=\"twitter:card\" content=\"summary_large_image\" \/>\n<script type=\"application\/ld+json\" class=\"yoast-schema-graph\">{\"@context\":\"https:\\\/\\\/schema.org\",\"@graph\":[{\"@type\":\"WebPage\",\"@id\":\"https:\\\/\\\/avocat-gc.com\\\/divorce\\\/avocat-divorce\\\/bobigny\\\/divorce-amiable-bobigny\\\/\",\"url\":\"https:\\\/\\\/avocat-gc.com\\\/divorce\\\/avocat-divorce\\\/bobigny\\\/divorce-amiable-bobigny\\\/\",\"name\":\"Avocat divorce amiable sans juge \u00e0 Bobigny - Avocat Divorce\",\"isPartOf\":{\"@id\":\"https:\\\/\\\/avocat-gc.com\\\/divorce\\\/#website\"},\"datePublished\":\"2024-03-29T15:33:53+00:00\",\"dateModified\":\"2024-03-31T11:30:58+00:00\",\"description\":\"Divorcez \u00e0 l'amiable et sans juge \u00e0 Bobigny (93) en 1 mois. Contactez un Avocat divorce au \u260e 01.47.04.25.40 . Recevez un devis gratuit et imm\u00e9diat pour votre divorce. Cabinet Avocat GC. Divorce amiable - Divorce sans juge - Divorce par consentement mutuel\",\"breadcrumb\":{\"@id\":\"https:\\\/\\\/avocat-gc.com\\\/divorce\\\/avocat-divorce\\\/bobigny\\\/divorce-amiable-bobigny\\\/#breadcrumb\"},\"inLanguage\":\"fr-FR\",\"potentialAction\":[{\"@type\":\"ReadAction\",\"target\":[\"https:\\\/\\\/avocat-gc.com\\\/divorce\\\/avocat-divorce\\\/bobigny\\\/divorce-amiable-bobigny\\\/\"]}]},{\"@type\":\"BreadcrumbList\",\"@id\":\"https:\\\/\\\/avocat-gc.com\\\/divorce\\\/avocat-divorce\\\/bobigny\\\/divorce-amiable-bobigny\\\/#breadcrumb\",\"itemListElement\":[{\"@type\":\"ListItem\",\"position\":1,\"name\":\"Accueil\",\"item\":\"https:\\\/\\\/avocat-gc.com\\\/divorce\\\/\"},{\"@type\":\"ListItem\",\"position\":2,\"name\":\"Avocat Divorce\",\"item\":\"https:\\\/\\\/avocat-gc.com\\\/divorce\\\/avocat-divorce\\\/\"},{\"@type\":\"ListItem\",\"position\":3,\"name\":\"Avocat Divorce \u00e0 Bobigny (93)\",\"item\":\"https:\\\/\\\/avocat-gc.com\\\/divorce\\\/avocat-divorce\\\/bobigny\\\/\"},{\"@type\":\"ListItem\",\"position\":4,\"name\":\"Avocat divorce amiable sans juge \u00e0 Bobigny\"}]},{\"@type\":\"WebSite\",\"@id\":\"https:\\\/\\\/avocat-gc.com\\\/divorce\\\/#website\",\"url\":\"https:\\\/\\\/avocat-gc.com\\\/divorce\\\/\",\"name\":\"Avocat GC - Avocat Divorce\",\"description\":\"\",\"publisher\":{\"@id\":\"https:\\\/\\\/avocat-gc.com\\\/divorce\\\/#organization\"},\"potentialAction\":[{\"@type\":\"SearchAction\",\"target\":{\"@type\":\"EntryPoint\",\"urlTemplate\":\"https:\\\/\\\/avocat-gc.com\\\/divorce\\\/?s={search_term_string}\"},\"query-input\":{\"@type\":\"PropertyValueSpecification\",\"valueRequired\":true,\"valueName\":\"search_term_string\"}}],\"inLanguage\":\"fr-FR\"},{\"@type\":\"Organization\",\"@id\":\"https:\\\/\\\/avocat-gc.com\\\/divorce\\\/#organization\",\"name\":\"Avocat GC - Avocat Divorce\",\"url\":\"https:\\\/\\\/avocat-gc.com\\\/divorce\\\/\",\"logo\":{\"@type\":\"ImageObject\",\"inLanguage\":\"fr-FR\",\"@id\":\"https:\\\/\\\/avocat-gc.com\\\/divorce\\\/#\\\/schema\\\/logo\\\/image\\\/\",\"url\":\"https:\\\/\\\/avocat-gc.com\\\/divorce\\\/wp-content\\\/uploads\\\/2024\\\/04\\\/cropped-Sans-titre.png\",\"contentUrl\":\"https:\\\/\\\/avocat-gc.com\\\/divorce\\\/wp-content\\\/uploads\\\/2024\\\/04\\\/cropped-Sans-titre.png\",\"width\":200,\"height\":180,\"caption\":\"Avocat GC - Avocat Divorce\"},\"image\":{\"@id\":\"https:\\\/\\\/avocat-gc.com\\\/divorce\\\/#\\\/schema\\\/logo\\\/image\\\/\"}}]}<\/script>\n<!-- \/ Yoast SEO plugin. -->","yoast_head_json":{"title":"Avocat divorce amiable sans juge \u00e0 Bobigny - Avocat Divorce","description":"Divorcez \u00e0 l'amiable et sans juge \u00e0 Bobigny (93) en 1 mois. Contactez un Avocat divorce au \u260e 01.47.04.25.40 . Recevez un devis gratuit et imm\u00e9diat pour votre divorce. Cabinet Avocat GC. Divorce amiable - Divorce sans juge - Divorce par consentement mutuel","robots":{"index":"index","follow":"follow","max-snippet":"max-snippet:-1","max-image-preview":"max-image-preview:large","max-video-preview":"max-video-preview:-1"},"canonical":"https:\/\/avocat-gc.com\/divorce\/avocat-divorce\/bobigny\/divorce-amiable-bobigny\/","og_locale":"fr_FR","og_type":"article","og_title":"Avocat divorce amiable sans juge \u00e0 Bobigny - Avocat Divorce","og_description":"Divorcez \u00e0 l'amiable et sans juge \u00e0 Bobigny (93) en 1 mois. Contactez un Avocat divorce au \u260e 01.47.04.25.40 . Recevez un devis gratuit et imm\u00e9diat pour votre divorce. Cabinet Avocat GC. Divorce amiable - Divorce sans juge - Divorce par consentement mutuel","og_url":"https:\/\/avocat-gc.com\/divorce\/avocat-divorce\/bobigny\/divorce-amiable-bobigny\/","og_site_name":"Avocat GC - Avocat Divorce","article_modified_time":"2024-03-31T11:30:58+00:00","twitter_card":"summary_large_image","schema":{"@context":"https:\/\/schema.org","@graph":[{"@type":"WebPage","@id":"https:\/\/avocat-gc.com\/divorce\/avocat-divorce\/bobigny\/divorce-amiable-bobigny\/","url":"https:\/\/avocat-gc.com\/divorce\/avocat-divorce\/bobigny\/divorce-amiable-bobigny\/","name":"Avocat divorce amiable sans juge \u00e0 Bobigny - Avocat Divorce","isPartOf":{"@id":"https:\/\/avocat-gc.com\/divorce\/#website"},"datePublished":"2024-03-29T15:33:53+00:00","dateModified":"2024-03-31T11:30:58+00:00","description":"Divorcez \u00e0 l'amiable et sans juge \u00e0 Bobigny (93) en 1 mois. Contactez un Avocat divorce au \u260e 01.47.04.25.40 . Recevez un devis gratuit et imm\u00e9diat pour votre divorce. Cabinet Avocat GC. Divorce amiable - Divorce sans juge - Divorce par consentement mutuel","breadcrumb":{"@id":"https:\/\/avocat-gc.com\/divorce\/avocat-divorce\/bobigny\/divorce-amiable-bobigny\/#breadcrumb"},"inLanguage":"fr-FR","potentialAction":[{"@type":"ReadAction","target":["https:\/\/avocat-gc.com\/divorce\/avocat-divorce\/bobigny\/divorce-amiable-bobigny\/"]}]},{"@type":"BreadcrumbList","@id":"https:\/\/avocat-gc.com\/divorce\/avocat-divorce\/bobigny\/divorce-amiable-bobigny\/#breadcrumb","itemListElement":[{"@type":"ListItem","position":1,"name":"Accueil","item":"https:\/\/avocat-gc.com\/divorce\/"},{"@type":"ListItem","position":2,"name":"Avocat Divorce","item":"https:\/\/avocat-gc.com\/divorce\/avocat-divorce\/"},{"@type":"ListItem","position":3,"name":"Avocat Divorce \u00e0 Bobigny (93)","item":"https:\/\/avocat-gc.com\/divorce\/avocat-divorce\/bobigny\/"},{"@type":"ListItem","position":4,"name":"Avocat divorce amiable sans juge \u00e0 Bobigny"}]},{"@type":"WebSite","@id":"https:\/\/avocat-gc.com\/divorce\/#website","url":"https:\/\/avocat-gc.com\/divorce\/","name":"Avocat GC - Avocat Divorce","description":"","publisher":{"@id":"https:\/\/avocat-gc.com\/divorce\/#organization"},"potentialAction":[{"@type":"SearchAction","target":{"@type":"EntryPoint","urlTemplate":"https:\/\/avocat-gc.com\/divorce\/?s={search_term_string}"},"query-input":{"@type":"PropertyValueSpecification","valueRequired":true,"valueName":"search_term_string"}}],"inLanguage":"fr-FR"},{"@type":"Organization","@id":"https:\/\/avocat-gc.com\/divorce\/#organization","name":"Avocat GC - Avocat Divorce","url":"https:\/\/avocat-gc.com\/divorce\/","logo":{"@type":"ImageObject","inLanguage":"fr-FR","@id":"https:\/\/avocat-gc.com\/divorce\/#\/schema\/logo\/image\/","url":"https:\/\/avocat-gc.com\/divorce\/wp-content\/uploads\/2024\/04\/cropped-Sans-titre.png","contentUrl":"https:\/\/avocat-gc.com\/divorce\/wp-content\/uploads\/2024\/04\/cropped-Sans-titre.png","width":200,"height":180,"caption":"Avocat GC - Avocat Divorce"},"image":{"@id":"https:\/\/avocat-gc.com\/divorce\/#\/schema\/logo\/image\/"}}]}},"_links":{"self":[{"href":"https:\/\/avocat-gc.com\/divorce\/wp-json\/wp\/v2\/pages\/2012","targetHints":{"allow":["GET"]}}],"collection":[{"href":"https:\/\/avocat-gc.com\/divorce\/wp-json\/wp\/v2\/pages"}],"about":[{"href":"https:\/\/avocat-gc.com\/divorce\/wp-json\/wp\/v2\/types\/page"}],"author":[{"embeddable":true,"href":"https:\/\/avocat-gc.com\/divorce\/wp-json\/wp\/v2\/users\/1"}],"replies":[{"embeddable":true,"href":"https:\/\/avocat-gc.com\/divorce\/wp-json\/wp\/v2\/comments?post=2012"}],"version-history":[{"count":0,"href":"https:\/\/avocat-gc.com\/divorce\/wp-json\/wp\/v2\/pages\/2012\/revisions"}],"up":[{"embeddable":true,"href":"https:\/\/avocat-gc.com\/divorce\/wp-json\/wp\/v2\/pages\/7019"}],"wp:attachment":[{"href":"https:\/\/avocat-gc.com\/divorce\/wp-json\/wp\/v2\/media?parent=2012"}],"wp:term":[{"taxonomy":"priorite","embeddable":true,"href":"https:\/\/avocat-gc.com\/divorce\/wp-json\/wp\/v2\/priorite?post=2012"}],"curies":[{"name":"wp","href":"https:\/\/api.w.org\/{rel}","templated":true}]}}