{"id":1996,"date":"2024-03-29T15:33:50","date_gmt":"2024-03-29T15:33:50","guid":{"rendered":"https:\/\/avocat-gc.com\/divorce\/divorce-amiable-asnieres-sur-seine\/"},"modified":"2024-03-31T11:30:56","modified_gmt":"2024-03-31T11:30:56","slug":"divorce-amiable-asnieres-sur-seine","status":"publish","type":"page","link":"https:\/\/avocat-gc.com\/divorce\/avocat-divorce\/asnieres-sur-seine\/divorce-amiable-asnieres-sur-seine\/","title":{"rendered":"Avocat divorce sans juge \u00e0 Asni\u00e8res sur Seine"},"content":{"rendered":"<p>Avocat divorce sans juge \u00e0 Asni\u00e8res sur Seine<br \/>\n<a href=\"\/divorce\/avocat-divorce\/asnieres-sur-seine\/\" rel=\"nofollow\">\u25c4 Avocat divorce \u00e0 Asni\u00e8res sur Seine (92)<\/a><\/p>\n<h2>\nDIVORCER SANS JUGE A ASNIERES-SUR-SEINE<\/h2>\n<p class=\"img-left\"><img decoding=\"async\" alt=\"Avocat Divorce Amiable Asni\u00e8res-sur-Seine (92)\" title=\"Avocat Divorce Amiable Asni\u00e8res-sur-Seine (92)\" width=\"170\" border=\"2\" src=\"\/divorce\/wp-content\/uploads\/2024\/04\/avocat-divorce-amiable-paris.jpg\" \/><\/p>\n<p align=\"justify\"> Notre cabinet d&rsquo;avocats poss\u00e8de une longue exp\u00e9rience en mati\u00e8re de divorce amiable. Pour entamer votre proc\u00e9dure de <a href=\"\/divorce\/avocat-divorce\/asnieres-sur-seine\/\" rel=\"nofollow noopener\" target=\"_parent\">divorce sans juge \u00e0 Asni\u00e8res sur Seine<\/a>, il vous suffit de prendez contact avec notre avocat divorce. Notre cabinet est situ\u00e9 au 42 rue de Lubeck, 75116 Paris, m\u00e9tro Trocad\u00e9ro, \u00e0 50 minutes environ de la ville d\u2019Asni\u00e8res Sur Seine. <\/p>\n<p align=\"justify\">\u00a0Le divorce \u00e0 l\u2019amiable\u00a0est la proc\u00e9dure de divorce la plus rapide et la moins ch\u00e8re mais il s&rsquo;agit d&rsquo;une proc\u00e9dure \u00e0 l&rsquo;amiable sur laquelle chaque \u00e9poux doit \u00eatre d&rsquo;accord. Le cas contraire, il n&rsquo;est pas possible d&rsquo;entamer cette proc\u00e9dure. Les \u00e9poux devront, ainsi, trouver un accord sur le sort du domicile conjugal, la prestation compensatoire s\u2019il y en a une, la <a href=\"\/divorce\/divorce-et-enfants\/\" rel=\"nofollow\">garde des enfants<\/a>. C&rsquo;est au cours d&rsquo;un premier rendez-vous avec notre\u00a0avocat divorce\u00a0qu&rsquo;un certain nombres de documents vous seront demand\u00e9s, tels que des actes d\u2019\u00e9tat civil, justificatifs de domicile, livret de famille, pi\u00e8ces d\u2019identit\u00e9.Lorsque votre dossier sera complet, nous r\u00e9digerons, \u00e0 vos c\u00f4t\u00e9s, une <a href=\"\/divorce\/exemple-convention-divorce-sans-juge\/\" title=\"avocat divorce convention\" target=\"\" rel=\"noopener\">convention de divorce<\/a>, sorte de contrat, r\u00e9glant tous les effets du divorce. Le projet de convention est ensuite envoy\u00e9 directement \u00e0 votre domicile, en courrier recommand\u00e9 avec accus\u00e9 de r\u00e9ception. Un d\u00e9lai de r\u00e9flexion de 15 jours vous est attribu\u00e9 pour signer ce projet et nous le retourner. Cet acte marquant votre accord, nous transmettons le plus rapidement possible la convention au notaire afin qu&rsquo;il enregistre votre divorce. Vous serez alors\u00a0officiellement divorc\u00e9s.\u00a0<\/p>\n<p align=\"justify\">Par la suite, notre cabinet se charge d\u2019effectuer la transcription de votre divorce sur vos actes d\u2019\u00e9tat civil. La transcription est une formalit\u00e9 obligatoire\u00a0permet de rendre opposable aux tiers votre divorce.  D\u00e8s r\u00e9ception de l&rsquo;enregistrement de <a href=\"http:\/\/avocat-gc.com\/divorce\/divorce-amiable\/\" rel=\"nofollow\">divorce \u00e0 l\u2019amiable<\/a>, nous transmettons ce document \u00e0 la mairie de votre lieu de mariage afin que la mention du divorce soit appos\u00e9e sur votre acte de mariage. <\/p>\n<h3>Articles li\u00e9s<\/h3>\n<p><a href=\"\/divorce\/articles\/quel-est-le-divorce-le-plus-simple-le-plus-rapide-et-le-moins-cher\/\" rel=\"nofollow noopener\" title=\"\" target=\"_parent\">Quel est le divorce le plus simple, le plus rapide et le moins cher ?<\/a><br \/>\n<a href=\"\/divorce\/articles\/peut-contester-un-divorce-par-consentement-mutuel\/\" rel=\"nofollow noopener\" title=\"\" target=\"_parent\">Peut-on contester un divorce par consentement mutuel?<\/a><br \/>\n<a href=\"\/divorce\/articles\/qui-peut-temoigner-lors-dun-divorce\/\" rel=\"nofollow noopener\" title=\"\" target=\"_parent\">Qui peut t\u00e9moigner lors d\u2019un divorce ?<\/a><\/p>\n<p>\u25ba A T\u00c9L\u00c9CHARGER: <a href=\"\/divorce\/divorce-sans-juge\/convention-asnieres-sur-seine\/\" rel=\"nofollow\">Mod\u00e8le de convention de divorce sans juge \u00e0 Asni\u00e8res-sur-Seine (92)<\/a><\/p>\n<h3>Divorce sans juge &#8211; les tarifs<\/h3>\n<p align=\"justify\">Pour conna\u00eetre le co\u00fbt d&rsquo;un divorce par consentement mutuel \u00e0 Asni\u00e8res-sur-seine (92), veuillez nous retourner le devis en ligne ci-dessous:<\/p>\n<\/p>\n<p><a href=\"http:\/\/avocat-gc.com\/divorce\/avocat-divorce-10-ans-dexperience\/\" rel=\"nofollow noopener\" target=\"_parent\">\u25ba DEVIS: AVOCAT DIVORCE \u00c0 ASNIERES-SUR-SEINE<\/a><\/p>\n<p> J&rsquo;INTERVIENS DANS TOUTE LA FRANCE <a href=\"http:\/\/avocat-gc.com\/divorce\/avocat-divorce\/paris\/\" rel=\"nofollow noopener\" title=\"\" target=\"_parent\">Notre cabinet \u00e0 Paris<\/a> : 42 Rue de L\u00fcbeck, 75116 Paris 01 47 04 25 40<\/p>\n","protected":false},"excerpt":{"rendered":"<p>Avocat divorce sans juge \u00e0 Asni\u00e8res sur Seine \u25c4 Avocat divorce \u00e0 Asni\u00e8res sur Seine (92) DIVORCER SANS JUGE A ASNIERES-SUR-SEINE Notre cabinet d&rsquo;avocats poss\u00e8de une longue exp\u00e9rience en mati\u00e8re de divorce amiable. Pour entamer votre proc\u00e9dure de divorce sans juge \u00e0 Asni\u00e8res sur Seine, il vous suffit de prendez contact avec notre avocat divorce. [&hellip;]<\/p>\n","protected":false},"author":1,"featured_media":0,"parent":7031,"menu_order":0,"comment_status":"closed","ping_status":"closed","template":"","meta":{"_acf_changed":false,"inline_featured_image":false,"footnotes":""},"priorite":[],"class_list":["post-1996","page","type-page","status-publish","hentry"],"acf":[],"yoast_head":"<!-- This site is optimized with the Yoast SEO plugin v27.6 - https:\/\/yoast.com\/product\/yoast-seo-wordpress\/ -->\n<title>Avocat divorce sans juge \u00e0 Asni\u00e8res sur Seine - Avocat Divorce<\/title>\n<meta name=\"description\" content=\"Divorcez \u00e0 l&#039;amiable et sans juge \u00e0 Asni\u00e8res sur Seine (92) en 1 mois. Contactez un Avocat divorce au \u260e 01.47.04.25.40 . Recevez un devis gratuit et imm\u00e9diat pour votre divorce. Cabinet Avocat GC. Divorce amiable - Divorce sans juge - Divorce par consentement mutuel\" \/>\n<meta name=\"robots\" content=\"index, follow, max-snippet:-1, max-image-preview:large, max-video-preview:-1\" \/>\n<link rel=\"canonical\" href=\"https:\/\/avocat-gc.com\/divorce\/avocat-divorce\/asnieres-sur-seine\/divorce-amiable-asnieres-sur-seine\/\" \/>\n<meta property=\"og:locale\" content=\"fr_FR\" \/>\n<meta property=\"og:type\" content=\"article\" \/>\n<meta property=\"og:title\" content=\"Avocat divorce sans juge \u00e0 Asni\u00e8res sur Seine - Avocat Divorce\" \/>\n<meta property=\"og:description\" content=\"Divorcez \u00e0 l&#039;amiable et sans juge \u00e0 Asni\u00e8res sur Seine (92) en 1 mois. Contactez un Avocat divorce au \u260e 01.47.04.25.40 . Recevez un devis gratuit et imm\u00e9diat pour votre divorce. Cabinet Avocat GC. Divorce amiable - Divorce sans juge - Divorce par consentement mutuel\" \/>\n<meta property=\"og:url\" content=\"https:\/\/avocat-gc.com\/divorce\/avocat-divorce\/asnieres-sur-seine\/divorce-amiable-asnieres-sur-seine\/\" \/>\n<meta property=\"og:site_name\" content=\"Avocat GC - Avocat Divorce\" \/>\n<meta property=\"article:modified_time\" content=\"2024-03-31T11:30:56+00:00\" \/>\n<meta name=\"twitter:card\" content=\"summary_large_image\" \/>\n<script type=\"application\/ld+json\" class=\"yoast-schema-graph\">{\"@context\":\"https:\\\/\\\/schema.org\",\"@graph\":[{\"@type\":\"WebPage\",\"@id\":\"https:\\\/\\\/avocat-gc.com\\\/divorce\\\/avocat-divorce\\\/asnieres-sur-seine\\\/divorce-amiable-asnieres-sur-seine\\\/\",\"url\":\"https:\\\/\\\/avocat-gc.com\\\/divorce\\\/avocat-divorce\\\/asnieres-sur-seine\\\/divorce-amiable-asnieres-sur-seine\\\/\",\"name\":\"Avocat divorce sans juge \u00e0 Asni\u00e8res sur Seine - Avocat Divorce\",\"isPartOf\":{\"@id\":\"https:\\\/\\\/avocat-gc.com\\\/divorce\\\/#website\"},\"datePublished\":\"2024-03-29T15:33:50+00:00\",\"dateModified\":\"2024-03-31T11:30:56+00:00\",\"description\":\"Divorcez \u00e0 l'amiable et sans juge \u00e0 Asni\u00e8res sur Seine (92) en 1 mois. Contactez un Avocat divorce au \u260e 01.47.04.25.40 . Recevez un devis gratuit et imm\u00e9diat pour votre divorce. Cabinet Avocat GC. Divorce amiable - Divorce sans juge - Divorce par consentement mutuel\",\"breadcrumb\":{\"@id\":\"https:\\\/\\\/avocat-gc.com\\\/divorce\\\/avocat-divorce\\\/asnieres-sur-seine\\\/divorce-amiable-asnieres-sur-seine\\\/#breadcrumb\"},\"inLanguage\":\"fr-FR\",\"potentialAction\":[{\"@type\":\"ReadAction\",\"target\":[\"https:\\\/\\\/avocat-gc.com\\\/divorce\\\/avocat-divorce\\\/asnieres-sur-seine\\\/divorce-amiable-asnieres-sur-seine\\\/\"]}]},{\"@type\":\"BreadcrumbList\",\"@id\":\"https:\\\/\\\/avocat-gc.com\\\/divorce\\\/avocat-divorce\\\/asnieres-sur-seine\\\/divorce-amiable-asnieres-sur-seine\\\/#breadcrumb\",\"itemListElement\":[{\"@type\":\"ListItem\",\"position\":1,\"name\":\"Accueil\",\"item\":\"https:\\\/\\\/avocat-gc.com\\\/divorce\\\/\"},{\"@type\":\"ListItem\",\"position\":2,\"name\":\"Avocat Divorce\",\"item\":\"https:\\\/\\\/avocat-gc.com\\\/divorce\\\/avocat-divorce\\\/\"},{\"@type\":\"ListItem\",\"position\":3,\"name\":\"Avocat Divorce \u00e0 Asni\u00e8res sur Seine (92)\",\"item\":\"https:\\\/\\\/avocat-gc.com\\\/divorce\\\/avocat-divorce\\\/asnieres-sur-seine\\\/\"},{\"@type\":\"ListItem\",\"position\":4,\"name\":\"Avocat divorce sans juge \u00e0 Asni\u00e8res sur Seine\"}]},{\"@type\":\"WebSite\",\"@id\":\"https:\\\/\\\/avocat-gc.com\\\/divorce\\\/#website\",\"url\":\"https:\\\/\\\/avocat-gc.com\\\/divorce\\\/\",\"name\":\"Avocat GC - Avocat Divorce\",\"description\":\"\",\"publisher\":{\"@id\":\"https:\\\/\\\/avocat-gc.com\\\/divorce\\\/#organization\"},\"potentialAction\":[{\"@type\":\"SearchAction\",\"target\":{\"@type\":\"EntryPoint\",\"urlTemplate\":\"https:\\\/\\\/avocat-gc.com\\\/divorce\\\/?s={search_term_string}\"},\"query-input\":{\"@type\":\"PropertyValueSpecification\",\"valueRequired\":true,\"valueName\":\"search_term_string\"}}],\"inLanguage\":\"fr-FR\"},{\"@type\":\"Organization\",\"@id\":\"https:\\\/\\\/avocat-gc.com\\\/divorce\\\/#organization\",\"name\":\"Avocat GC - Avocat Divorce\",\"url\":\"https:\\\/\\\/avocat-gc.com\\\/divorce\\\/\",\"logo\":{\"@type\":\"ImageObject\",\"inLanguage\":\"fr-FR\",\"@id\":\"https:\\\/\\\/avocat-gc.com\\\/divorce\\\/#\\\/schema\\\/logo\\\/image\\\/\",\"url\":\"https:\\\/\\\/avocat-gc.com\\\/divorce\\\/wp-content\\\/uploads\\\/2024\\\/04\\\/cropped-Sans-titre.png\",\"contentUrl\":\"https:\\\/\\\/avocat-gc.com\\\/divorce\\\/wp-content\\\/uploads\\\/2024\\\/04\\\/cropped-Sans-titre.png\",\"width\":200,\"height\":180,\"caption\":\"Avocat GC - Avocat Divorce\"},\"image\":{\"@id\":\"https:\\\/\\\/avocat-gc.com\\\/divorce\\\/#\\\/schema\\\/logo\\\/image\\\/\"}}]}<\/script>\n<!-- \/ Yoast SEO plugin. -->","yoast_head_json":{"title":"Avocat divorce sans juge \u00e0 Asni\u00e8res sur Seine - Avocat Divorce","description":"Divorcez \u00e0 l'amiable et sans juge \u00e0 Asni\u00e8res sur Seine (92) en 1 mois. Contactez un Avocat divorce au \u260e 01.47.04.25.40 . Recevez un devis gratuit et imm\u00e9diat pour votre divorce. Cabinet Avocat GC. Divorce amiable - Divorce sans juge - Divorce par consentement mutuel","robots":{"index":"index","follow":"follow","max-snippet":"max-snippet:-1","max-image-preview":"max-image-preview:large","max-video-preview":"max-video-preview:-1"},"canonical":"https:\/\/avocat-gc.com\/divorce\/avocat-divorce\/asnieres-sur-seine\/divorce-amiable-asnieres-sur-seine\/","og_locale":"fr_FR","og_type":"article","og_title":"Avocat divorce sans juge \u00e0 Asni\u00e8res sur Seine - Avocat Divorce","og_description":"Divorcez \u00e0 l'amiable et sans juge \u00e0 Asni\u00e8res sur Seine (92) en 1 mois. Contactez un Avocat divorce au \u260e 01.47.04.25.40 . Recevez un devis gratuit et imm\u00e9diat pour votre divorce. Cabinet Avocat GC. Divorce amiable - Divorce sans juge - Divorce par consentement mutuel","og_url":"https:\/\/avocat-gc.com\/divorce\/avocat-divorce\/asnieres-sur-seine\/divorce-amiable-asnieres-sur-seine\/","og_site_name":"Avocat GC - Avocat Divorce","article_modified_time":"2024-03-31T11:30:56+00:00","twitter_card":"summary_large_image","schema":{"@context":"https:\/\/schema.org","@graph":[{"@type":"WebPage","@id":"https:\/\/avocat-gc.com\/divorce\/avocat-divorce\/asnieres-sur-seine\/divorce-amiable-asnieres-sur-seine\/","url":"https:\/\/avocat-gc.com\/divorce\/avocat-divorce\/asnieres-sur-seine\/divorce-amiable-asnieres-sur-seine\/","name":"Avocat divorce sans juge \u00e0 Asni\u00e8res sur Seine - Avocat Divorce","isPartOf":{"@id":"https:\/\/avocat-gc.com\/divorce\/#website"},"datePublished":"2024-03-29T15:33:50+00:00","dateModified":"2024-03-31T11:30:56+00:00","description":"Divorcez \u00e0 l'amiable et sans juge \u00e0 Asni\u00e8res sur Seine (92) en 1 mois. Contactez un Avocat divorce au \u260e 01.47.04.25.40 . Recevez un devis gratuit et imm\u00e9diat pour votre divorce. Cabinet Avocat GC. Divorce amiable - Divorce sans juge - Divorce par consentement mutuel","breadcrumb":{"@id":"https:\/\/avocat-gc.com\/divorce\/avocat-divorce\/asnieres-sur-seine\/divorce-amiable-asnieres-sur-seine\/#breadcrumb"},"inLanguage":"fr-FR","potentialAction":[{"@type":"ReadAction","target":["https:\/\/avocat-gc.com\/divorce\/avocat-divorce\/asnieres-sur-seine\/divorce-amiable-asnieres-sur-seine\/"]}]},{"@type":"BreadcrumbList","@id":"https:\/\/avocat-gc.com\/divorce\/avocat-divorce\/asnieres-sur-seine\/divorce-amiable-asnieres-sur-seine\/#breadcrumb","itemListElement":[{"@type":"ListItem","position":1,"name":"Accueil","item":"https:\/\/avocat-gc.com\/divorce\/"},{"@type":"ListItem","position":2,"name":"Avocat Divorce","item":"https:\/\/avocat-gc.com\/divorce\/avocat-divorce\/"},{"@type":"ListItem","position":3,"name":"Avocat Divorce \u00e0 Asni\u00e8res sur Seine (92)","item":"https:\/\/avocat-gc.com\/divorce\/avocat-divorce\/asnieres-sur-seine\/"},{"@type":"ListItem","position":4,"name":"Avocat divorce sans juge \u00e0 Asni\u00e8res sur Seine"}]},{"@type":"WebSite","@id":"https:\/\/avocat-gc.com\/divorce\/#website","url":"https:\/\/avocat-gc.com\/divorce\/","name":"Avocat GC - Avocat Divorce","description":"","publisher":{"@id":"https:\/\/avocat-gc.com\/divorce\/#organization"},"potentialAction":[{"@type":"SearchAction","target":{"@type":"EntryPoint","urlTemplate":"https:\/\/avocat-gc.com\/divorce\/?s={search_term_string}"},"query-input":{"@type":"PropertyValueSpecification","valueRequired":true,"valueName":"search_term_string"}}],"inLanguage":"fr-FR"},{"@type":"Organization","@id":"https:\/\/avocat-gc.com\/divorce\/#organization","name":"Avocat GC - Avocat Divorce","url":"https:\/\/avocat-gc.com\/divorce\/","logo":{"@type":"ImageObject","inLanguage":"fr-FR","@id":"https:\/\/avocat-gc.com\/divorce\/#\/schema\/logo\/image\/","url":"https:\/\/avocat-gc.com\/divorce\/wp-content\/uploads\/2024\/04\/cropped-Sans-titre.png","contentUrl":"https:\/\/avocat-gc.com\/divorce\/wp-content\/uploads\/2024\/04\/cropped-Sans-titre.png","width":200,"height":180,"caption":"Avocat GC - Avocat Divorce"},"image":{"@id":"https:\/\/avocat-gc.com\/divorce\/#\/schema\/logo\/image\/"}}]}},"_links":{"self":[{"href":"https:\/\/avocat-gc.com\/divorce\/wp-json\/wp\/v2\/pages\/1996","targetHints":{"allow":["GET"]}}],"collection":[{"href":"https:\/\/avocat-gc.com\/divorce\/wp-json\/wp\/v2\/pages"}],"about":[{"href":"https:\/\/avocat-gc.com\/divorce\/wp-json\/wp\/v2\/types\/page"}],"author":[{"embeddable":true,"href":"https:\/\/avocat-gc.com\/divorce\/wp-json\/wp\/v2\/users\/1"}],"replies":[{"embeddable":true,"href":"https:\/\/avocat-gc.com\/divorce\/wp-json\/wp\/v2\/comments?post=1996"}],"version-history":[{"count":0,"href":"https:\/\/avocat-gc.com\/divorce\/wp-json\/wp\/v2\/pages\/1996\/revisions"}],"up":[{"embeddable":true,"href":"https:\/\/avocat-gc.com\/divorce\/wp-json\/wp\/v2\/pages\/7031"}],"wp:attachment":[{"href":"https:\/\/avocat-gc.com\/divorce\/wp-json\/wp\/v2\/media?parent=1996"}],"wp:term":[{"taxonomy":"priorite","embeddable":true,"href":"https:\/\/avocat-gc.com\/divorce\/wp-json\/wp\/v2\/priorite?post=1996"}],"curies":[{"name":"wp","href":"https:\/\/api.w.org\/{rel}","templated":true}]}}