{"id":1989,"date":"2016-09-05T00:00:00","date_gmt":"2016-09-05T00:00:00","guid":{"rendered":"https:\/\/avocat-gc.com\/divorce\/divorce-amiable-aix\/"},"modified":"2024-03-31T11:30:55","modified_gmt":"2024-03-31T11:30:55","slug":"divorce-amiable-aix","status":"publish","type":"page","link":"https:\/\/avocat-gc.com\/divorce\/avocat-divorce\/aix\/divorce-amiable-aix\/","title":{"rendered":"Avocat divorce amiable sans juge \u00e0 Aix-en-Provence"},"content":{"rendered":"<p><a href=\"https:\/\/avocat-gc.com\/divorce\/avocat-divorce\/aix\/\" rel=\"nofollow noopener\" target=\"_parent\">\u25c4 Avocat divorce \u00e0 Aix-en-Provence (13)<\/a><\/p>\n<h2> DIVORCE SANS JUGE AIX-EN-PROVENCE<\/h2>\n<\/p>\n<p class=\"img-left\"><img decoding=\"async\" alt=\"Avocat Divorce Amiable sans juge Aix en Provence \" title=\"Avocat Divorce Amiable sans juge Aix en Provence\" width=\"170\" border=\"2\" src=\"\/divorce\/wp-content\/uploads\/2024\/04\/avocat-divorce-amiable-paris.jpg\" \/><\/p>\n<p align=\"justify\">Le divorce par consentement mutuel, plus commun\u00e9ment appel\u00e9 <a href=\"\/divorce\/divorce-amiable\/\" rel=\"nofollow noopener\" title=\"\" target=\"_parent\">divorce \u00e0 l\u2019amiable<\/a>, est une proc\u00e9dure simple, rapide et \u00e9conomique. Notre cabinet vous assiste tout au long de cette proc\u00e9dure.\u00a0Avant de se lancer dans un <a href=\"http:\/\/avocat-gc.com\/divorce\/avocat-divorce\/aix\/\" title=\"\" target=\"\" rel=\"noopener\">divorce sans juge \u00e0 Aix-en-Provence (13)<\/a>, il est obligatoire que les \u00e9poux soient d&rsquo;accord sur tous les aspects du divorce, que ce soit la liquidation du r\u00e9gime matrimonial, la garde des enfants, la pension alimentaire, ou  la prestation compensatoire. Une fois ces conditions remplies, nous r\u00e9digeons une <a href=\"\/divorce\/convention-de-divorce\/\" rel=\"nofollow noopener\" title=\"\" target=\"\">convention de divorce<\/a> r\u00e9glant toutes les cons\u00e9quences et effets du divorce par consentement mutuel , puis nous vous envoyons le projet de convention par courrier postal en recommand\u00e9 avec accus\u00e9 de r\u00e9ceptionLes \u00e9poux ont, par la suite, un d\u00e9lai de 15 jours avant de signer la convention et l&rsquo;adresser de nouveau \u00e0 notre cabinet afin que nous la transmettions au notaire. Ce dernier enregistrera votre divorce en lui donnant<a href=\"http:\/\/avocat-gc.com\/divorce\/definitions\/force-executoire\/\" title=\"\" target=\"_parent\" rel=\"noopener\"> force ex\u00e9cutoire<\/a> et date certaine.Le divorce est alors prononc\u00e9 \u00e0 ce moment.Si tout d\u00e9saccord venait \u00e0 surgir concernant la convention de divorce, il faudrait alors s&rsquo;engager dans une proc\u00e9dure de divorce contentieuse qui n\u00e9cessite plusieurs audiences devant le<a href=\"http:\/\/avocat-gc.com\/divorce\/definitions\/juge-aux-affaires-familiales\/\" rel=\"nofollow noopener\" title=\"\" target=\"\"> Juge aux Affaires Familiales<\/a>.Si vous souhaitez en savoir davantage sur le divorce sans juge, veuillez consulter notre page:\n<\/p>\n<\/p>\n<p><a href=\"\/divorce\/divorce-sans-juge\/\" rel=\"nofollow noopener\" target=\"_parent\"><\/a><a href=\"\/divorce\/divorce-sans-juge\/\" rel=\"nofollow noopener\" target=\"_parent\"> \u25ba AVOCAT DIVORCE SANS JUGE <\/a><\/p>\n<h3>Articles li\u00e9s<\/h3>\n<p><a href=\"\/divorce\/articles\/quel-est-le-divorce-le-plus-simple-le-plus-rapide-et-le-moins-cher\/\" rel=\"nofollow\">Quel est le divorce le plus simple, le plus rapide et le moins cher ? <\/a><\/p>\n<p><a href=\"\/divorce\/articles\/peut-contester-un-divorce-par-consentement-mutuel\/ rel=\" nofollow=\"\">Peut-on contester un divorce par consentement mutuel?<\/a><\/p>\n<p><a href=\"\/divorce\/articles\/pourquoi-privilegier-un-divorce-par-consentement-mutuel\/\" rel=\"nofollow\"> Pourquoi privil\u00e9gier un divorce par consentement mutuel? <\/a><\/p>\n<p>\u25ba A T\u00c9L\u00c9CHARGER: <a href=\"\/divorce\/divorce-sans-juge\/convention-aix-en-provence\/\" rel=\"nofollow\">Mod\u00e8le de convention de divorce sans juge \u00e0 Aix-en-Provence (13)<\/a><\/p>\n<h3>Divorce sans juge &#8211; les tarifs<\/h3>\n<p align=\"justify\">Le divorce par consentement mutuel est le plus r\u00e9pandu en France. Ce divorce simple, \u00e9conomique et rapide permet aux \u00e9poux de divorcer en un mois seulement. Nos avocats s&rsquo;occupent de votre divorce, quel que soit votre d\u00e9partement de r\u00e9sidence. Les tarifs d&rsquo;un divorce sans juge \u00e0 Aix-en-Provence (13) d\u00e9pendent de votre situation<\/p>\n","protected":false},"excerpt":{"rendered":"<p>\u25c4 Avocat divorce \u00e0 Aix-en-Provence (13) DIVORCE SANS JUGE AIX-EN-PROVENCE Le divorce par consentement mutuel, plus commun\u00e9ment appel\u00e9 divorce \u00e0 l\u2019amiable, est une proc\u00e9dure simple, rapide et \u00e9conomique. Notre cabinet vous assiste tout au long de cette proc\u00e9dure.\u00a0Avant de se lancer dans un divorce sans juge \u00e0 Aix-en-Provence (13), il est obligatoire que les \u00e9poux [&hellip;]<\/p>\n","protected":false},"author":1,"featured_media":0,"parent":7052,"menu_order":0,"comment_status":"closed","ping_status":"closed","template":"","meta":{"_acf_changed":false,"inline_featured_image":false,"footnotes":""},"priorite":[],"class_list":["post-1989","page","type-page","status-publish","hentry"],"acf":[],"yoast_head":"<!-- This site is optimized with the Yoast SEO plugin v27.3 - https:\/\/yoast.com\/product\/yoast-seo-wordpress\/ -->\n<title>Avocat divorce amiable sans juge \u00e0 Aix-en-Provence - Avocat Divorce<\/title>\n<meta name=\"description\" content=\"Contactez un Avocat divorce \u00e0 Aix-en-Provence (13) et divorcez \u00e0 l&#039;amiable sans juge en 1 mois \u00e0 partir de 425\u20ac TTC. Recevez un devis gratuit et imm\u00e9diat pour votre divorce par consentement mutuel\" \/>\n<meta name=\"robots\" content=\"index, follow, max-snippet:-1, max-image-preview:large, max-video-preview:-1\" \/>\n<link rel=\"canonical\" href=\"https:\/\/avocat-gc.com\/divorce\/avocat-divorce\/aix\/divorce-amiable-aix\/\" \/>\n<meta property=\"og:locale\" content=\"fr_FR\" \/>\n<meta property=\"og:type\" content=\"article\" \/>\n<meta property=\"og:title\" content=\"Avocat divorce amiable sans juge \u00e0 Aix-en-Provence - Avocat Divorce\" \/>\n<meta property=\"og:description\" content=\"Contactez un Avocat divorce \u00e0 Aix-en-Provence (13) et divorcez \u00e0 l&#039;amiable sans juge en 1 mois \u00e0 partir de 425\u20ac TTC. Recevez un devis gratuit et imm\u00e9diat pour votre divorce par consentement mutuel\" \/>\n<meta property=\"og:url\" content=\"https:\/\/avocat-gc.com\/divorce\/avocat-divorce\/aix\/divorce-amiable-aix\/\" \/>\n<meta property=\"og:site_name\" content=\"Avocat GC - Avocat Divorce\" \/>\n<meta property=\"article:modified_time\" content=\"2024-03-31T11:30:55+00:00\" \/>\n<meta name=\"twitter:card\" content=\"summary_large_image\" \/>\n<script type=\"application\/ld+json\" class=\"yoast-schema-graph\">{\"@context\":\"https:\\\/\\\/schema.org\",\"@graph\":[{\"@type\":\"WebPage\",\"@id\":\"https:\\\/\\\/avocat-gc.com\\\/divorce\\\/avocat-divorce\\\/aix\\\/divorce-amiable-aix\\\/\",\"url\":\"https:\\\/\\\/avocat-gc.com\\\/divorce\\\/avocat-divorce\\\/aix\\\/divorce-amiable-aix\\\/\",\"name\":\"Avocat divorce amiable sans juge \u00e0 Aix-en-Provence - Avocat Divorce\",\"isPartOf\":{\"@id\":\"https:\\\/\\\/avocat-gc.com\\\/divorce\\\/#website\"},\"datePublished\":\"2016-09-05T00:00:00+00:00\",\"dateModified\":\"2024-03-31T11:30:55+00:00\",\"description\":\"Contactez un Avocat divorce \u00e0 Aix-en-Provence (13) et divorcez \u00e0 l'amiable sans juge en 1 mois \u00e0 partir de 425\u20ac TTC. Recevez un devis gratuit et imm\u00e9diat pour votre divorce par consentement mutuel\",\"breadcrumb\":{\"@id\":\"https:\\\/\\\/avocat-gc.com\\\/divorce\\\/avocat-divorce\\\/aix\\\/divorce-amiable-aix\\\/#breadcrumb\"},\"inLanguage\":\"fr-FR\",\"potentialAction\":[{\"@type\":\"ReadAction\",\"target\":[\"https:\\\/\\\/avocat-gc.com\\\/divorce\\\/avocat-divorce\\\/aix\\\/divorce-amiable-aix\\\/\"]}]},{\"@type\":\"BreadcrumbList\",\"@id\":\"https:\\\/\\\/avocat-gc.com\\\/divorce\\\/avocat-divorce\\\/aix\\\/divorce-amiable-aix\\\/#breadcrumb\",\"itemListElement\":[{\"@type\":\"ListItem\",\"position\":1,\"name\":\"Accueil\",\"item\":\"https:\\\/\\\/avocat-gc.com\\\/divorce\\\/\"},{\"@type\":\"ListItem\",\"position\":2,\"name\":\"Avocat Divorce\",\"item\":\"https:\\\/\\\/avocat-gc.com\\\/divorce\\\/avocat-divorce\\\/\"},{\"@type\":\"ListItem\",\"position\":3,\"name\":\"Avocat Divorce \u00e0 Aix-en-Provence (13)\",\"item\":\"https:\\\/\\\/avocat-gc.com\\\/divorce\\\/avocat-divorce\\\/aix\\\/\"},{\"@type\":\"ListItem\",\"position\":4,\"name\":\"Avocat divorce amiable sans juge \u00e0 Aix-en-Provence\"}]},{\"@type\":\"WebSite\",\"@id\":\"https:\\\/\\\/avocat-gc.com\\\/divorce\\\/#website\",\"url\":\"https:\\\/\\\/avocat-gc.com\\\/divorce\\\/\",\"name\":\"Avocat GC - Avocat Divorce\",\"description\":\"\",\"publisher\":{\"@id\":\"https:\\\/\\\/avocat-gc.com\\\/divorce\\\/#organization\"},\"potentialAction\":[{\"@type\":\"SearchAction\",\"target\":{\"@type\":\"EntryPoint\",\"urlTemplate\":\"https:\\\/\\\/avocat-gc.com\\\/divorce\\\/?s={search_term_string}\"},\"query-input\":{\"@type\":\"PropertyValueSpecification\",\"valueRequired\":true,\"valueName\":\"search_term_string\"}}],\"inLanguage\":\"fr-FR\"},{\"@type\":\"Organization\",\"@id\":\"https:\\\/\\\/avocat-gc.com\\\/divorce\\\/#organization\",\"name\":\"Avocat GC - Avocat Divorce\",\"url\":\"https:\\\/\\\/avocat-gc.com\\\/divorce\\\/\",\"logo\":{\"@type\":\"ImageObject\",\"inLanguage\":\"fr-FR\",\"@id\":\"https:\\\/\\\/avocat-gc.com\\\/divorce\\\/#\\\/schema\\\/logo\\\/image\\\/\",\"url\":\"https:\\\/\\\/avocat-gc.com\\\/divorce\\\/wp-content\\\/uploads\\\/2024\\\/04\\\/cropped-Sans-titre.png\",\"contentUrl\":\"https:\\\/\\\/avocat-gc.com\\\/divorce\\\/wp-content\\\/uploads\\\/2024\\\/04\\\/cropped-Sans-titre.png\",\"width\":200,\"height\":180,\"caption\":\"Avocat GC - Avocat Divorce\"},\"image\":{\"@id\":\"https:\\\/\\\/avocat-gc.com\\\/divorce\\\/#\\\/schema\\\/logo\\\/image\\\/\"}}]}<\/script>\n<!-- \/ Yoast SEO plugin. -->","yoast_head_json":{"title":"Avocat divorce amiable sans juge \u00e0 Aix-en-Provence - Avocat Divorce","description":"Contactez un Avocat divorce \u00e0 Aix-en-Provence (13) et divorcez \u00e0 l'amiable sans juge en 1 mois \u00e0 partir de 425\u20ac TTC. Recevez un devis gratuit et imm\u00e9diat pour votre divorce par consentement mutuel","robots":{"index":"index","follow":"follow","max-snippet":"max-snippet:-1","max-image-preview":"max-image-preview:large","max-video-preview":"max-video-preview:-1"},"canonical":"https:\/\/avocat-gc.com\/divorce\/avocat-divorce\/aix\/divorce-amiable-aix\/","og_locale":"fr_FR","og_type":"article","og_title":"Avocat divorce amiable sans juge \u00e0 Aix-en-Provence - Avocat Divorce","og_description":"Contactez un Avocat divorce \u00e0 Aix-en-Provence (13) et divorcez \u00e0 l'amiable sans juge en 1 mois \u00e0 partir de 425\u20ac TTC. Recevez un devis gratuit et imm\u00e9diat pour votre divorce par consentement mutuel","og_url":"https:\/\/avocat-gc.com\/divorce\/avocat-divorce\/aix\/divorce-amiable-aix\/","og_site_name":"Avocat GC - Avocat Divorce","article_modified_time":"2024-03-31T11:30:55+00:00","twitter_card":"summary_large_image","schema":{"@context":"https:\/\/schema.org","@graph":[{"@type":"WebPage","@id":"https:\/\/avocat-gc.com\/divorce\/avocat-divorce\/aix\/divorce-amiable-aix\/","url":"https:\/\/avocat-gc.com\/divorce\/avocat-divorce\/aix\/divorce-amiable-aix\/","name":"Avocat divorce amiable sans juge \u00e0 Aix-en-Provence - Avocat Divorce","isPartOf":{"@id":"https:\/\/avocat-gc.com\/divorce\/#website"},"datePublished":"2016-09-05T00:00:00+00:00","dateModified":"2024-03-31T11:30:55+00:00","description":"Contactez un Avocat divorce \u00e0 Aix-en-Provence (13) et divorcez \u00e0 l'amiable sans juge en 1 mois \u00e0 partir de 425\u20ac TTC. Recevez un devis gratuit et imm\u00e9diat pour votre divorce par consentement mutuel","breadcrumb":{"@id":"https:\/\/avocat-gc.com\/divorce\/avocat-divorce\/aix\/divorce-amiable-aix\/#breadcrumb"},"inLanguage":"fr-FR","potentialAction":[{"@type":"ReadAction","target":["https:\/\/avocat-gc.com\/divorce\/avocat-divorce\/aix\/divorce-amiable-aix\/"]}]},{"@type":"BreadcrumbList","@id":"https:\/\/avocat-gc.com\/divorce\/avocat-divorce\/aix\/divorce-amiable-aix\/#breadcrumb","itemListElement":[{"@type":"ListItem","position":1,"name":"Accueil","item":"https:\/\/avocat-gc.com\/divorce\/"},{"@type":"ListItem","position":2,"name":"Avocat Divorce","item":"https:\/\/avocat-gc.com\/divorce\/avocat-divorce\/"},{"@type":"ListItem","position":3,"name":"Avocat Divorce \u00e0 Aix-en-Provence (13)","item":"https:\/\/avocat-gc.com\/divorce\/avocat-divorce\/aix\/"},{"@type":"ListItem","position":4,"name":"Avocat divorce amiable sans juge \u00e0 Aix-en-Provence"}]},{"@type":"WebSite","@id":"https:\/\/avocat-gc.com\/divorce\/#website","url":"https:\/\/avocat-gc.com\/divorce\/","name":"Avocat GC - Avocat Divorce","description":"","publisher":{"@id":"https:\/\/avocat-gc.com\/divorce\/#organization"},"potentialAction":[{"@type":"SearchAction","target":{"@type":"EntryPoint","urlTemplate":"https:\/\/avocat-gc.com\/divorce\/?s={search_term_string}"},"query-input":{"@type":"PropertyValueSpecification","valueRequired":true,"valueName":"search_term_string"}}],"inLanguage":"fr-FR"},{"@type":"Organization","@id":"https:\/\/avocat-gc.com\/divorce\/#organization","name":"Avocat GC - Avocat Divorce","url":"https:\/\/avocat-gc.com\/divorce\/","logo":{"@type":"ImageObject","inLanguage":"fr-FR","@id":"https:\/\/avocat-gc.com\/divorce\/#\/schema\/logo\/image\/","url":"https:\/\/avocat-gc.com\/divorce\/wp-content\/uploads\/2024\/04\/cropped-Sans-titre.png","contentUrl":"https:\/\/avocat-gc.com\/divorce\/wp-content\/uploads\/2024\/04\/cropped-Sans-titre.png","width":200,"height":180,"caption":"Avocat GC - Avocat Divorce"},"image":{"@id":"https:\/\/avocat-gc.com\/divorce\/#\/schema\/logo\/image\/"}}]}},"_links":{"self":[{"href":"https:\/\/avocat-gc.com\/divorce\/wp-json\/wp\/v2\/pages\/1989","targetHints":{"allow":["GET"]}}],"collection":[{"href":"https:\/\/avocat-gc.com\/divorce\/wp-json\/wp\/v2\/pages"}],"about":[{"href":"https:\/\/avocat-gc.com\/divorce\/wp-json\/wp\/v2\/types\/page"}],"author":[{"embeddable":true,"href":"https:\/\/avocat-gc.com\/divorce\/wp-json\/wp\/v2\/users\/1"}],"replies":[{"embeddable":true,"href":"https:\/\/avocat-gc.com\/divorce\/wp-json\/wp\/v2\/comments?post=1989"}],"version-history":[{"count":0,"href":"https:\/\/avocat-gc.com\/divorce\/wp-json\/wp\/v2\/pages\/1989\/revisions"}],"up":[{"embeddable":true,"href":"https:\/\/avocat-gc.com\/divorce\/wp-json\/wp\/v2\/pages\/7052"}],"wp:attachment":[{"href":"https:\/\/avocat-gc.com\/divorce\/wp-json\/wp\/v2\/media?parent=1989"}],"wp:term":[{"taxonomy":"priorite","embeddable":true,"href":"https:\/\/avocat-gc.com\/divorce\/wp-json\/wp\/v2\/priorite?post=1989"}],"curies":[{"name":"wp","href":"https:\/\/api.w.org\/{rel}","templated":true}]}}