{"id":1987,"date":"2024-03-29T15:33:48","date_gmt":"2024-03-29T15:33:48","guid":{"rendered":"https:\/\/avocat-gc.com\/divorce\/avocat-divorce-sans-juge-yvelines-78\/"},"modified":"2024-03-29T15:33:48","modified_gmt":"2024-03-29T15:33:48","slug":"avocat-divorce-sans-juge-yvelines-78","status":"publish","type":"page","link":"https:\/\/avocat-gc.com\/divorce\/avocat-divorce-sans-juge-yvelines-78\/","title":{"rendered":"Avocat divorce sans juge Yvelines (78)"},"content":{"rendered":"<p><a href=\"\/divorce\/avocat-divorce\/\" rel=\"nofollow noopener\" target=\"_parent\">\u25c4 Retour \u00e0 l&rsquo;annuaire des villes<\/a><\/p>\n<p>Avocat divorce sans juge Yvelines (78)<br \/>\n*\/<\/p>\n<h2>VOTRE DIVORCE SANS JUGE DANS LES YVELINES<\/h2>\n<p> J&rsquo;INTERVIENS DANS TOUTE LA FRANCE <a href=\"\/divorce\/avocat-divorce\/paris\/\" rel=\"nofollow noopener\" title=\"\" target=\"_parent\">Notre cabinet \u00e0 Paris<\/a> : 42 Rue de L\u00fcbeck, 75116 Paris 01 47 04 25 40 <\/p>\n<h3>Les \u00e9tapes de votre divorce<\/h3>\n<p class=\"img-right\"><img decoding=\"async\" alt=\"Avocat divorce sans juge Yvelines (78)\" title=\"Avocat divorce sans juge Yvelines (78)\" width=\"170\" border=\"2\" src=\"\/divorce\/wp-content\/uploads\/2024\/04\/divorce-consentement-mutuel.png\" \/><\/p>\n<p align=\"justify\">1.  Le rendez-vous  Fixez rendez-vous avec l&rsquo;un de nos avocat divorce dans les Yvelines en nous par t\u00e9l\u00e9phone au 01 47 04 25 40 ou par email \u00e0 <a href=\"mailto:info@avocat-gc.com\">info@avocat-gc.com<\/a>. Notre cabinet est comp\u00e9tent pour vous divorcer dans les Yvelines (78), en Ile-de-France. Lors de ce premier rendez-vous, nous aborderons les points suivants:<\/p>\n<p>Nous vous expliquerons le d\u00e9roulement de votre divorce<br \/>\nNous r\u00e9digerons la convention de divorce<br \/>\nNous r\u00e9pondrons \u00e0 toutes vos questions<\/p>\n<p align=\"justify\">2. La signature:\u00a0\u00a0Une fois la convention de divorce r\u00e9dig\u00e9e, nous vous transmettons le projet de divorce pour \u00eatre soumis \u00e0 votre signature dans un d\u00e9lai de 15 jours. Puis le notaire se chargera d&rsquo;enregistrer votre divorce. Vous serez officiellement divorc\u00e9s. Dans certains cas, un divorce devant le Juge est n\u00e9cessaire. L&rsquo;affaire sera alors constitu\u00e9e d&rsquo;une audience devant le Juge au Tribunal de Grande Instance de Versailles situ\u00e9 5, place Andr\u00e9-Mignot 78 011 Versailles CEDEX et joignable par t\u00e9l\u00e9phone au 01.39.07.39.07 ou par mail <a href=\"mailto:accueil.ti-versailles@justice.fr\">accueil.ti-versailles@justice.fr<\/a>. <\/p>\n<p align=\"justify\">3 L&rsquo;enregistrement:\u00a0  Vous n&rsquo;avez plus rien \u00e0 faire ! Notre cabinet, exp\u00e9riment\u00e9 en divorce, vous facilite les d\u00e9marches en vous adressant directement l&rsquo;attestation d&rsquo;enregistrement de divorce puis en accomplissant les formalit\u00e9s d&rsquo;inscription de votre divorce sur vos actes d&rsquo;\u00e9tat civil. Pour obtenir davantage de renseignements sur le divorce sans juge, veuillez consulter notre page ci-dessous:<\/p>\n<\/p>\n<p><a href=\"http:\/\/avocat-gc.com\/divorce\/divorce-sans-juge\/\" rel=\"nofollow noopener\" target=\"_parent\">\u25ba AVOCAT DIVORCE SANS JUGE <\/a><\/p>\n<h3>Nos honoraires<\/h3>\n<p align=\"justify\">Le divorce par consentement mutuel est le divorce le plus rapide et le plus \u00e9conomique. Vous souhaitez en savoir davantage sur les tarifs d&rsquo;un divorce sans juge dans les Yvelines (78) ? Compl\u00e9tez notre devis en ligne<\/p>\n<\/p>\n<p><a href=\"\/divorce\/avocat-divorce-10-ans-dexperience\/\" rel=\"nofollow noopener\" target=\"_parent\">\u25ba DEVIS: AVOCAT DIVORCE YVELINES<\/a><\/p>\n<h3>Liste des communes d\u00e9pendant du TGI Versailles<\/h3>\n<p><a href=\"\/divorce\/avocat-divorce\/ablis\/\" title=\"divorce ablis\" target=\"\" rel=\"noopener\">\u25baAblis 78660 <\/a><br \/>\n\u25ba<a href=\"\/divorce\/avocat-divorce\/acheres\/\">Ach\u00e8res 78260<\/a><br \/>\n\u25baAdainville 78113<br \/>\n\u25baAigremont 78240<br \/>\n\u25baAllainville 78660<br \/>\n\u25baLes Alluets-le-Roi  78580<br \/>\n\u25baAndelu  78770<br \/>\n\u25baAndr\u00e9sy 78570<br \/>\n\u25baArnouville-l\u00e8s-Mantes 78790<br \/>\n\u25ba<a href=\"\/divorce\/avocat-divorce\/aubergenville\/\" title=\"avocat divorce aubergenville\" target=\"\" rel=\"noopener\">Aubergenville 78410<\/a><br \/>\n\u25baAuffargis 78610<br \/>\n\u25baAuffreville-Brasseuil 78930<br \/>\n\u25baAulnay-sur-Mauldre  78126<br \/>\n\u25baAuteuil  78770<br \/>\n\u25baAutouillet  78770<br \/>\n\u25ba<a href=\"\/divorce\/avocat-divorce\/bailly\/\" title=\"divorce bailly\" target=\"\" rel=\"noopener\">Bailly 78870<\/a><br \/>\n\u25baBazainville 78550<br \/>\n\u25baBazemont  78580<br \/>\n\u25baBazoches-sur-Guyonne  78490<br \/>\n\u25baB\u00e9houst 78910<br \/>\n\u25baBennecourt 78270<br \/>\n\u25ba<a href=\"\/divorce\/avocat-divorce\/beynes\/\" title=\"divorce beynes\" target=\"\" rel=\"noopener\">Beynes 78650<\/a><br \/>\n\u25baBlaru 78270<br \/>\n\u25baBoinville-en-Mantois 78930<br \/>\n\u25baBoinville-le-Gaillard  78660<br \/>\n\u25baBoinvilliers 78200<br \/>\n\u25baBois-d&rsquo;Arcy 78390<br \/>\n\u25baBoissets 78910<br \/>\n\u25baLa Boissi\u00e8re-\u00c9cole 78125<br \/>\n\u25baBoissy-Mauvoisin  78200<br \/>\n\u25baBoissy-sans-Avoir 78490<br \/>\n\u25baBonnelles 78830<br \/>\n\u25ba<a href=\"\/divorce\/avocat-divorce\/bonnieres-sur-seine\/\" title=\"Divorce bonni\u00e8res-sur-Seine\" target=\"\" rel=\"noopener\">Bonni\u00e8res-sur-Seine 78270<\/a><br \/>\n\u25ba<a href=\"\/divorce\/avocat-divorce\/bouafle\/\" title=\"divorce bouafle\" target=\"\" rel=\"noopener\">Bouafle 78410<\/a><br \/>\n\u25ba<a href=\"\/divorce\/avocat-divorce\/bougival\/\" title=\"divorce bougival\" target=\"\" rel=\"noopener\">Bougival 78380<\/a><br \/>\n\u25baBourdonn\u00e9 78113<br \/>\n\u25baBreuil-Bois-Robert 78930<br \/>\n\u25baBr\u00e9val 78980<br \/>\n\u25baLes Br\u00e9viaires 78610<br \/>\n\u25baBrueil-en-Vexin 78440<br \/>\n\u25ba<a href=\"\/divorce\/avocat-divorce\/buc\/\" title=\"divorce Buc\" target=\"\" rel=\"noopener\">Buc 78530<\/a><br \/>\n\u25ba<a href=\"\/divorce\/avocat-divorce\/buchelay\/\" title=\"divorce buchelay\" target=\"\" rel=\"noopener\">Buchelay 78200<\/a><br \/>\n\u25baBullion 78830<br \/>\n\u25ba<a href=\"\/divorce\/avocat-divorce\/carrieres-sous-poissy\/\" title=\"divorce carri\u00e8res-sous-poissy\" target=\"\" rel=\"noopener\">Carri\u00e8res-sous-Poissy 78955<\/a><br \/>\n\u25ba<a href=\"\/divorce\/avocat-divorce\/carrieres-sur-seine\/\" title=\"divorce carri\u00e8res-sur-seine\" target=\"\" rel=\"noopener\">Carri\u00e8res-sur-Seine 78420<\/a><br \/>\n\u25baLa Celle-les-Bordes 78720<br \/>\n\u25ba<a href=\"\/divorce\/avocat-divorce\/la-celle-saint-cloud\/\">La Celle-Saint-Cloud 78170<\/a><br \/>\n\u25baCernay-la-Ville 78720<br \/>\n\u25ba<a href=\"\/divorce\/avocat-divorce\/chambourcy\/\" title=\"divorce chambourcy\" target=\"\" rel=\"noopener\">Chambourcy 78240<\/a><br \/>\n<a href=\"\/divorce\/avocat-divorce\/chanteloup-les-vignes\/\" title=\"divorce chanteloup-les-vignes\" target=\"\" rel=\"noopener\">\u25baChanteloup-les-Vignes 78570<\/a><br \/>\n\u25baChapet 78130<br \/>\n\u25baCh\u00e2teaufort 78117<br \/>\n\u25ba<a href=\"\/divorce\/avocat-divorce\/chatou\/\">Chatou 78400<\/a><br \/>\n\u25baChaufour-l\u00e8s-Bonni\u00e8res 78270<br \/>\n\u25baChavenay 78450<br \/>\n\u25ba<a href=\"\/divorce\/avocat-divorce\/le-chesnay\/\">Le Chesnay 78150<\/a><br \/>\n\u25ba<a href=\"\/divorce\/avocat-divorce\/chevreuse\/\" title=\"Divorce Chevreuse\" target=\"\" rel=\"noopener\">Chevreuse 78460<\/a><br \/>\n\u25baChoisel 78460<br \/>\n\u25baCivry-la-For\u00eat 78910<br \/>\n\u25baClairefontaine-en-Yvelines 78120<br \/>\n\u25ba<a href=\"\/divorce\/avocat-divorce\/les-clayes-sous-bois\/\">Les Clayes-sous-Bois 78340<\/a><br \/>\n\u25baCoigni\u00e8res 78310<br \/>\n\u25baCond\u00e9-sur-Vesgre 78113<br \/>\n\u25ba<a href=\"\/divorce\/avocat-divorce\/conflans-sainte-honorine\/\">Conflans-Sainte-Honorine 78700<\/a><br \/>\n\u25baCourgent 78790<br \/>\n\u25baCravent 78270<br \/>\n\u25baCrespi\u00e8res 78121<br \/>\n\u25ba<a href=\"\/divorce\/avocat-divorce\/croissy-sur-seine\/\" title=\"divorce croissy-sur-seine\" target=\"\" rel=\"noopener\">Croissy-sur-Seine 78290<\/a><br \/>\n\u25baDammartin-en-Serve 78111<br \/>\n\u25baDampierre-en-Yvelines 78720<br \/>\n\u25baDannemarie 78550<br \/>\n\u25baDavron 78810<br \/>\n\u25baDrocourt 78440<br \/>\n\u25baEcquevilly 78920<br \/>\n\u25ba<a href=\"\/divorce\/avocat-divorce\/elancourt\/\">\u00c9lancourt 78990<\/a><br \/>\n\u25ba\u00c9manc\u00e9 78125<br \/>\n\u25ba\u00c9p\u00f4ne 78680<br \/>\n\u25baLes Essarts-le-Roi 78690<br \/>\n\u25baL&rsquo; \u00c9tang-la-Ville 78620<br \/>\n\u25ba\u00c9vecquemont 78740<br \/>\n\u25baLa Falaise 78410<br \/>\n\u25baFavrieux 78200<br \/>\n\u25baFeucherolles 78810<br \/>\n\u25baFlacourt 78200<br \/>\n\u25baFlexanville 78910<br \/>\n\u25baFlins-Neuve-\u00c9glise 78790<br \/>\n\u25baFlins-sur-Seine 78410<br \/>\n\u25baFollainville-Dennemont 78520<br \/>\n\u25baFontenay-le-Fleury 78330<br \/>\n\u25baFontenay-Mauvoisin 78200<br \/>\n\u25baFontenay-Saint-P\u00e8re  78440<br \/>\n\u25baFourqueux 78112<br \/>\n\u25baFreneuse 78840<br \/>\n\u25baGaillon-sur-Montcient 78250<br \/>\n\u25baGalluis 78490<br \/>\n\u25baGambais 78950<br \/>\n\u25baGambaiseuil 78490<br \/>\n\u25baGaranci\u00e8res 78890<br \/>\n\u25baGargenville 78440<br \/>\n\u25baGazeran 78125<br \/>\n\u25baGommecourt 78270<br \/>\n\u25baGoupilli\u00e8res 78770<br \/>\n\u25baGoussonville 78930<br \/>\n\u25baGrandchamp 78113<br \/>\n\u25baGressey 78550<br \/>\n\u25baGrosrouvre 78490<br \/>\n\u25baGuernes 78520<br \/>\n\u25baGuerville 78930<br \/>\n\u25baGuitrancourt 78440<br \/>\n\u25ba<a href=\"\/divorce\/avocat-divorce\/guyancourt\/\">Guyancourt 78280<\/a><br \/>\n\u25baHardricourt 78250<br \/>\n\u25ba<a href=\"\/divorce\/avocat-divorce\/houilles\/\">Houilles 78000<\/a><br \/>\n\u25baLa Hauteville 78110<br \/>\n\u25baHerbeville 78580<br \/>\n\u25baJambville 78440<br \/>\n\u25baJeufosse 78270<br \/>\n\u25baJouars-Pontchartrain 78760<br \/>\n\u25baJouy-en-Josas 78350<br \/>\n\u25baJumeauville 78580<br \/>\n\u25baJuziers 78820<br \/>\n\u25baL\u00e9vis-Saint-Nom 78320<br \/>\n\u25ba<a href=\"\/divorce\/avocat-divorce\/limay\/\">Limay 78520<\/a><br \/>\n\u25baLimetz-Villez 78270<br \/>\n\u25baLes Loges-en-Josas 78350<br \/>\n\u25baLommoye 78270<br \/>\n\u25baLongnes 78980<br \/>\n\u25baLongvilliers 78730<br \/>\n\u25baLouveciennes 78430<br \/>\n\u25baMagnanville 78200<br \/>\n\u25ba<a href=\"\/divorce\/avocat-divorce\/magny-les-hameaux\/\" title=\"divorce magny-les-hameaux\" target=\"\" rel=\"noopener\">Magny-les-Hameaux 78114<\/a><br \/>\n\u25ba<a href=\"\/divorce\/avocat-divorce\/maisons-laffitte\/\">Maisons-Laffitte 78600<\/a><br \/>\n\u25ba<a href=\"\/divorce\/avocat-divorce\/mantes-la-jolie\/\">Mantes-la-Jolie 78200<\/a><br \/>\n\u25ba<a href=\"\/divorce\/avocat-divorce\/mantes-la-ville\/\">Mantes-la-Ville 78711<\/a><br \/>\n\u25baMarcq 78770<br \/>\n\u25baMareil-le-Guyon 78490<br \/>\n\u25ba<a href=\"\/divorce\/avocat-divorce\/marly-le-roi\/\">Marly-le-Roi 78160<\/a><br \/>\n\u25baMareil-sur-Mauldre 7812<br \/>\n\u25baMaule 78580<br \/>\n\u25baMaulette 78550<br \/>\n\u25baMaurecourt  78780<br \/>\n\u25ba<a href=\"\/divorce\/avocat-divorce\/maurepas\/\">Maurepas 78310<\/a><br \/>\n\u25baM\u00e9dan 78670<br \/>\n\u25baM\u00e9r\u00e9 78490<br \/>\n\u25baM\u00e9ricourt 78270<br \/>\n\u25baLe Mesnil-le-Roi 78600<br \/>\n\u25ba<a href=\"\/divorce\/avocat-divorce\/le-mesnil-saint-denis\/\" title=\"Le Mesnil-Saint-Denis\" target=\"\" rel=\"noopener\">Le Mesnil-Saint-Denis 78320<\/a><br \/>\n\u25baLes Mesnuls 78490<br \/>\n\u25ba<a href=\"\/divorce\/avocat-divorce\/meulan-en-yvelines\/\" title=\"divorce meulan en yvelines\" target=\"\" rel=\"noopener\">Meulan-en-Yvelines 78250<\/a><br \/>\n\u25baM\u00e9zi\u00e8res-sur-Seine 78970<br \/>\n\u25baM\u00e9zy-sur-Seine 78250<br \/>\n\u25baMittainville 78125<br \/>\n\u25baMoisson 78840<br \/>\n\u25baMondreville 78980<br \/>\n\u25baMontainville 78124<br \/>\n\u25baMontalet-le-Bois 78440<br \/>\n\u25baMontchauvet 78790<br \/>\n\u25baMontesson 78360<br \/>\n\u25baMontfort-l&rsquo;Amaury 78490<br \/>\n\u25ba<a href=\"\/divorce\/avocat-divorce\/montigny-le-bretonneux\/\">Montigny-le-Bretonneux 78180<\/a><br \/>\n\u25baMorainvilliers 78630<br \/>\n\u25baMousseaux-sur-Seine 78270<br \/>\n\u25baMulcent 78790<br \/>\n\u25ba<a href=\"\/divorce\/avocat-divorce\/les-mureaux\/\">Les Mureaux 78130<\/a><br \/>\n\u25ba<a href=\"\/divorce\/avocat-divorce\/neauphle-le-chateau\/\" title=\"divorce neauphle-le-chateau\" target=\"\" rel=\"noopener\">Neauphle-le-Ch\u00e2teau 78640<\/a><br \/>\n\u25baNeauphle-le-Vieux 78640<br \/>\n\u25baNeauphlette 78980<br \/>\n\u25baN\u00e9zel 78410<br \/>\n\u25baNoisy-le-Roi 78590<br \/>\n\u25baOinville-sur-Montcient 78250<br \/>\n\u25baOrcemont 78125<br \/>\n\u25baOrgerus 78910<br \/>\n\u25baOrgeval 78630<br \/>\n\u25baOrphin 78125<br \/>\n\u25baOrsonville 78660<br \/>\n\u25baOrvilliers 78910<br \/>\n\u25baOsmoy 78910<br \/>\n\u25baParay-Douaville 78660<br \/>\n\u25ba<a href=\"\/divorce\/avocat-divorce\/le-pecq\/\">Le Pecq 78230<\/a><br \/>\n\u25baPerdreauville 78200<br \/>\n\u25baLe Perray-en-Yvelines 78610<br \/>\n\u25ba<a href=\"\/divorce\/avocat-divorce\/plaisir\/\">Plaisir 78370<\/a><br \/>\n\u25baPoigny-la-For\u00eat 78125<br \/>\n\u25ba<a href=\"\/divorce\/avocat-divorce\/poissy\/\">Poissy 78300<\/a><br \/>\n\u25baPonth\u00e9vrard  78730<br \/>\n\u25baPorcheville 78440<br \/>\n\u25baLe Port-Marly 78560<br \/>\n\u25baPort-Villez 78270<br \/>\n\u25baPrunay-le-Temple 78910<br \/>\n\u25baPrunay-en-Yvelines 78660<br \/>\n\u25baLa Queue-les-Yvelines 78940<br \/>\n\u25baRaizeux 78125<br \/>\n\u25ba<a href=\"\/divorce\/avocat-divorce\/rambouillet\/\">Rambouillet 78120<\/a><br \/>\n\u25baRennemoulin 78590<br \/>\n\u25baRichebourg 78550<br \/>\n\u25baRochefort-en-Yvelines 78730<br \/>\n\u25baRocquencourt 78150<br \/>\n\u25baRolleboise 78270<br \/>\n\u25baRosay 78790<br \/>\n\u25baRosny-sur-Seine 78710<br \/>\n\u25baSailly 78440<br \/>\n\u25baSaint-Arnoult-en-Yvelines 78730<br \/>\n\u25ba<a href=\"\/divorce\/avocat-divorce\/saint-cyr-lecole\/\">Saint-Cyr-l&rsquo;\u00c9cole  78210<\/a><br \/>\n\u25baSaint-Forget 78720<br \/>\n\u25baSaint-Germain-de-la-Grange 78640<br \/>\n\u25ba<a href=\"\/divorce\/avocat-divorce\/saint-germain-en-laye\/\">Saint-Germain-en-Laye 78100 <\/a><br \/>\n\u25baSaint-Hilarion 78125<br \/>\n\u25baSaint-Illiers-la-Ville 78980<br \/>\n\u25baSaint-Illiers-le-Bois 78980<br \/>\n\u25baSaint-Lambert  78470<br \/>\n\u25baSaint-L\u00e9ger-en-Yvelines 78610<br \/>\n\u25baSaint-Martin-de-Br\u00e9thencourt 78660<br \/>\n\u25baSaint-Martin-des-Champs 78790<br \/>\n\u25baSaint-Martin-la-Garenne  78520<br \/>\n\u25baSainte-Mesme 78730<br \/>\n\u25ba<a href=\"\/divorce\/avocat-divorce\/saint-nom-la-breteche\/\" title=\"Saint-nom-la-bret\u00e8che avocat\" target=\"\" rel=\"noopener\">Saint-Nom-la-Bret\u00e8che 78860<\/a><br \/>\n\u25ba<a href=\"\/divorce\/avocat-divorce\/saint-remy-les-chevreuse\/\" title=\"divorce saint-remy-les-chevreuse\" target=\"\" rel=\"noopener\">Saint-R\u00e9my-l\u00e8s-Chevreuse 78470<\/a><br \/>\n\u25baSaint-R\u00e9my-l&rsquo;Honor\u00e9 78690<br \/>\n\u25ba<a href=\"\/divorce\/avocat-divorce\/sartrouville\/\">Sartrouville  78500<\/a><br \/>\n\u25baSaulx-Marchais 78650<br \/>\n\u25baSenlisse 78720<br \/>\n\u25baSepteuil 78790<br \/>\n\u25baSoindres 78200<br \/>\n\u25baSonchamp 78120<br \/>\n\u25baTacoigni\u00e8res 78910<br \/>\n\u25baLe Tartre-Gaudran  78113<br \/>\n\u25baLe Tertre-Saint-Denis  78980<br \/>\n\u25baTessancourt-sur-Aubette 78250<br \/>\n\u25baThiverval-Grignon 78850<br \/>\n\u25baThoiry 78770<br \/>\n\u25baTilly 78790<br \/>\n\u25baToussus-le-Noble 78117<br \/>\n\u25ba<a href=\"\/divorce\/avocat-divorce\/conflans-sainte-honorine\/\">Trappes 78190<\/a><br \/>\n\u25baLe Tremblay-sur-Mauldre 78490<br \/>\n\u25ba<a href=\"\/divorce\/avocat-divorce\/triel-sur-seine\/\" title=\"Triel sur Seine divorce\" target=\"\" rel=\"noopener\">Triel-sur-Seine 78510<\/a><br \/>\n\u25baVaux-sur-Seine 78740<br \/>\n\u25ba<a href=\"\/divorce\/avocat-divorce\/velizy-villacoublay\/\">V\u00e9lizy-Villacoublay 78140<\/a><br \/>\n\u25ba<a href=\"\/divorce\/avocat-divorce\/verneuil-sur-seine\/\">Verneuil-sur-Seine 78480<\/a><br \/>\n\u25baVernouillet 78540<br \/>\n\u25baLa Verri\u00e8re 78320<br \/>\n\u25ba<a href=\"\/divorce\/avocat-divorce\/versailles\/\">Versailles 78000<\/a><br \/>\n\u25baVert 78930<br \/>\n\u25ba<a href=\"\/divorce\/avocat-divorce\/le-vesinet\/\">Le V\u00e9sinet 78110<\/a><br \/>\n\u25baVicq 78490<br \/>\n\u25baVieille-\u00c9glise-en-Yvelines 78125<br \/>\n\u25baLa Villeneuve-en-Chevrie 78270<br \/>\n\u25baVillennes-sur-Seine  78670<br \/>\n\u25ba<a href=\"\/divorce\/avocat-divorce\/villepreux\/\" title=\"Divorce villepreux\" target=\"\" rel=\"noopener\">Villepreux 78450<\/a><br \/>\n\u25baVillette : 78930<br \/>\n\u25baVilliers-le-Mahieu 78770<br \/>\n\u25baVilliers-Saint-Fr\u00e9deric  78640<br \/>\n\u25ba<a href=\"\/divorce\/avocat-divorce\/viroflay\/\">Viroflay 78220<\/a><br \/>\n\u25ba<a href=\"\/divorce\/avocat-divorce\/voisins-le-bretonneux\/\" title=\"Divorce voisins-le-bretonneux\" target=\"\" rel=\"noopener\">Voisins-le-Bretonneux 78960<\/a><\/p>\n","protected":false},"excerpt":{"rendered":"<p>\u25c4 Retour \u00e0 l&rsquo;annuaire des villes Avocat divorce sans juge Yvelines (78) *\/ VOTRE DIVORCE SANS JUGE DANS LES YVELINES J&rsquo;INTERVIENS DANS TOUTE LA FRANCE Notre cabinet \u00e0 Paris : 42 Rue de L\u00fcbeck, 75116 Paris 01 47 04 25 40 Les \u00e9tapes de votre divorce 1. Le rendez-vous Fixez rendez-vous avec l&rsquo;un de nos [&hellip;]<\/p>\n","protected":false},"author":1,"featured_media":0,"parent":0,"menu_order":0,"comment_status":"closed","ping_status":"closed","template":"","meta":{"_acf_changed":false,"inline_featured_image":false,"footnotes":""},"priorite":[],"class_list":["post-1987","page","type-page","status-publish","hentry"],"acf":[],"yoast_head":"<!-- This site is optimized with the Yoast SEO plugin v27.5 - https:\/\/yoast.com\/product\/yoast-seo-wordpress\/ -->\n<title>Avocat divorce sans juge Yvelines (78) - Avocat Divorce<\/title>\n<meta name=\"description\" content=\"Divorcez dans les Yvelines (78) en 1 mois \u00e0 partir de 425\u20ac TTC. Contactez un Avocat divorce au \u260e 01.47.04.25.40 . Recevez un devis gratuit et imm\u00e9diat pour votre divorce. Cabinet Avocat GC. Divorce amiable - Divorce sans juge\" \/>\n<meta name=\"robots\" content=\"index, follow, max-snippet:-1, max-image-preview:large, max-video-preview:-1\" \/>\n<link rel=\"canonical\" href=\"https:\/\/avocat-gc.com\/divorce\/avocat-divorce-sans-juge-yvelines-78\/\" \/>\n<meta property=\"og:locale\" content=\"fr_FR\" \/>\n<meta property=\"og:type\" content=\"article\" \/>\n<meta property=\"og:title\" content=\"Avocat divorce sans juge Yvelines (78) - Avocat Divorce\" \/>\n<meta property=\"og:description\" content=\"Divorcez dans les Yvelines (78) en 1 mois \u00e0 partir de 425\u20ac TTC. Contactez un Avocat divorce au \u260e 01.47.04.25.40 . Recevez un devis gratuit et imm\u00e9diat pour votre divorce. Cabinet Avocat GC. Divorce amiable - Divorce sans juge\" \/>\n<meta property=\"og:url\" content=\"https:\/\/avocat-gc.com\/divorce\/avocat-divorce-sans-juge-yvelines-78\/\" \/>\n<meta property=\"og:site_name\" content=\"Avocat GC - Avocat Divorce\" \/>\n<meta name=\"twitter:card\" content=\"summary_large_image\" \/>\n<script type=\"application\/ld+json\" class=\"yoast-schema-graph\">{\"@context\":\"https:\\\/\\\/schema.org\",\"@graph\":[{\"@type\":\"WebPage\",\"@id\":\"https:\\\/\\\/avocat-gc.com\\\/divorce\\\/avocat-divorce-sans-juge-yvelines-78\\\/\",\"url\":\"https:\\\/\\\/avocat-gc.com\\\/divorce\\\/avocat-divorce-sans-juge-yvelines-78\\\/\",\"name\":\"Avocat divorce sans juge Yvelines (78) - Avocat Divorce\",\"isPartOf\":{\"@id\":\"https:\\\/\\\/avocat-gc.com\\\/divorce\\\/#website\"},\"datePublished\":\"2024-03-29T15:33:48+00:00\",\"description\":\"Divorcez dans les Yvelines (78) en 1 mois \u00e0 partir de 425\u20ac TTC. Contactez un Avocat divorce au \u260e 01.47.04.25.40 . Recevez un devis gratuit et imm\u00e9diat pour votre divorce. Cabinet Avocat GC. Divorce amiable - Divorce sans juge\",\"breadcrumb\":{\"@id\":\"https:\\\/\\\/avocat-gc.com\\\/divorce\\\/avocat-divorce-sans-juge-yvelines-78\\\/#breadcrumb\"},\"inLanguage\":\"fr-FR\",\"potentialAction\":[{\"@type\":\"ReadAction\",\"target\":[\"https:\\\/\\\/avocat-gc.com\\\/divorce\\\/avocat-divorce-sans-juge-yvelines-78\\\/\"]}]},{\"@type\":\"BreadcrumbList\",\"@id\":\"https:\\\/\\\/avocat-gc.com\\\/divorce\\\/avocat-divorce-sans-juge-yvelines-78\\\/#breadcrumb\",\"itemListElement\":[{\"@type\":\"ListItem\",\"position\":1,\"name\":\"Accueil\",\"item\":\"https:\\\/\\\/avocat-gc.com\\\/divorce\\\/\"},{\"@type\":\"ListItem\",\"position\":2,\"name\":\"Avocat divorce sans juge Yvelines (78)\"}]},{\"@type\":\"WebSite\",\"@id\":\"https:\\\/\\\/avocat-gc.com\\\/divorce\\\/#website\",\"url\":\"https:\\\/\\\/avocat-gc.com\\\/divorce\\\/\",\"name\":\"Avocat GC - Avocat Divorce\",\"description\":\"\",\"publisher\":{\"@id\":\"https:\\\/\\\/avocat-gc.com\\\/divorce\\\/#organization\"},\"potentialAction\":[{\"@type\":\"SearchAction\",\"target\":{\"@type\":\"EntryPoint\",\"urlTemplate\":\"https:\\\/\\\/avocat-gc.com\\\/divorce\\\/?s={search_term_string}\"},\"query-input\":{\"@type\":\"PropertyValueSpecification\",\"valueRequired\":true,\"valueName\":\"search_term_string\"}}],\"inLanguage\":\"fr-FR\"},{\"@type\":\"Organization\",\"@id\":\"https:\\\/\\\/avocat-gc.com\\\/divorce\\\/#organization\",\"name\":\"Avocat GC - Avocat Divorce\",\"url\":\"https:\\\/\\\/avocat-gc.com\\\/divorce\\\/\",\"logo\":{\"@type\":\"ImageObject\",\"inLanguage\":\"fr-FR\",\"@id\":\"https:\\\/\\\/avocat-gc.com\\\/divorce\\\/#\\\/schema\\\/logo\\\/image\\\/\",\"url\":\"https:\\\/\\\/avocat-gc.com\\\/divorce\\\/wp-content\\\/uploads\\\/2024\\\/04\\\/cropped-Sans-titre.png\",\"contentUrl\":\"https:\\\/\\\/avocat-gc.com\\\/divorce\\\/wp-content\\\/uploads\\\/2024\\\/04\\\/cropped-Sans-titre.png\",\"width\":200,\"height\":180,\"caption\":\"Avocat GC - Avocat Divorce\"},\"image\":{\"@id\":\"https:\\\/\\\/avocat-gc.com\\\/divorce\\\/#\\\/schema\\\/logo\\\/image\\\/\"}}]}<\/script>\n<!-- \/ Yoast SEO plugin. -->","yoast_head_json":{"title":"Avocat divorce sans juge Yvelines (78) - Avocat Divorce","description":"Divorcez dans les Yvelines (78) en 1 mois \u00e0 partir de 425\u20ac TTC. Contactez un Avocat divorce au \u260e 01.47.04.25.40 . Recevez un devis gratuit et imm\u00e9diat pour votre divorce. Cabinet Avocat GC. Divorce amiable - Divorce sans juge","robots":{"index":"index","follow":"follow","max-snippet":"max-snippet:-1","max-image-preview":"max-image-preview:large","max-video-preview":"max-video-preview:-1"},"canonical":"https:\/\/avocat-gc.com\/divorce\/avocat-divorce-sans-juge-yvelines-78\/","og_locale":"fr_FR","og_type":"article","og_title":"Avocat divorce sans juge Yvelines (78) - Avocat Divorce","og_description":"Divorcez dans les Yvelines (78) en 1 mois \u00e0 partir de 425\u20ac TTC. Contactez un Avocat divorce au \u260e 01.47.04.25.40 . Recevez un devis gratuit et imm\u00e9diat pour votre divorce. Cabinet Avocat GC. Divorce amiable - Divorce sans juge","og_url":"https:\/\/avocat-gc.com\/divorce\/avocat-divorce-sans-juge-yvelines-78\/","og_site_name":"Avocat GC - Avocat Divorce","twitter_card":"summary_large_image","schema":{"@context":"https:\/\/schema.org","@graph":[{"@type":"WebPage","@id":"https:\/\/avocat-gc.com\/divorce\/avocat-divorce-sans-juge-yvelines-78\/","url":"https:\/\/avocat-gc.com\/divorce\/avocat-divorce-sans-juge-yvelines-78\/","name":"Avocat divorce sans juge Yvelines (78) - Avocat Divorce","isPartOf":{"@id":"https:\/\/avocat-gc.com\/divorce\/#website"},"datePublished":"2024-03-29T15:33:48+00:00","description":"Divorcez dans les Yvelines (78) en 1 mois \u00e0 partir de 425\u20ac TTC. Contactez un Avocat divorce au \u260e 01.47.04.25.40 . Recevez un devis gratuit et imm\u00e9diat pour votre divorce. Cabinet Avocat GC. Divorce amiable - Divorce sans juge","breadcrumb":{"@id":"https:\/\/avocat-gc.com\/divorce\/avocat-divorce-sans-juge-yvelines-78\/#breadcrumb"},"inLanguage":"fr-FR","potentialAction":[{"@type":"ReadAction","target":["https:\/\/avocat-gc.com\/divorce\/avocat-divorce-sans-juge-yvelines-78\/"]}]},{"@type":"BreadcrumbList","@id":"https:\/\/avocat-gc.com\/divorce\/avocat-divorce-sans-juge-yvelines-78\/#breadcrumb","itemListElement":[{"@type":"ListItem","position":1,"name":"Accueil","item":"https:\/\/avocat-gc.com\/divorce\/"},{"@type":"ListItem","position":2,"name":"Avocat divorce sans juge Yvelines (78)"}]},{"@type":"WebSite","@id":"https:\/\/avocat-gc.com\/divorce\/#website","url":"https:\/\/avocat-gc.com\/divorce\/","name":"Avocat GC - Avocat Divorce","description":"","publisher":{"@id":"https:\/\/avocat-gc.com\/divorce\/#organization"},"potentialAction":[{"@type":"SearchAction","target":{"@type":"EntryPoint","urlTemplate":"https:\/\/avocat-gc.com\/divorce\/?s={search_term_string}"},"query-input":{"@type":"PropertyValueSpecification","valueRequired":true,"valueName":"search_term_string"}}],"inLanguage":"fr-FR"},{"@type":"Organization","@id":"https:\/\/avocat-gc.com\/divorce\/#organization","name":"Avocat GC - Avocat Divorce","url":"https:\/\/avocat-gc.com\/divorce\/","logo":{"@type":"ImageObject","inLanguage":"fr-FR","@id":"https:\/\/avocat-gc.com\/divorce\/#\/schema\/logo\/image\/","url":"https:\/\/avocat-gc.com\/divorce\/wp-content\/uploads\/2024\/04\/cropped-Sans-titre.png","contentUrl":"https:\/\/avocat-gc.com\/divorce\/wp-content\/uploads\/2024\/04\/cropped-Sans-titre.png","width":200,"height":180,"caption":"Avocat GC - Avocat Divorce"},"image":{"@id":"https:\/\/avocat-gc.com\/divorce\/#\/schema\/logo\/image\/"}}]}},"_links":{"self":[{"href":"https:\/\/avocat-gc.com\/divorce\/wp-json\/wp\/v2\/pages\/1987","targetHints":{"allow":["GET"]}}],"collection":[{"href":"https:\/\/avocat-gc.com\/divorce\/wp-json\/wp\/v2\/pages"}],"about":[{"href":"https:\/\/avocat-gc.com\/divorce\/wp-json\/wp\/v2\/types\/page"}],"author":[{"embeddable":true,"href":"https:\/\/avocat-gc.com\/divorce\/wp-json\/wp\/v2\/users\/1"}],"replies":[{"embeddable":true,"href":"https:\/\/avocat-gc.com\/divorce\/wp-json\/wp\/v2\/comments?post=1987"}],"version-history":[{"count":0,"href":"https:\/\/avocat-gc.com\/divorce\/wp-json\/wp\/v2\/pages\/1987\/revisions"}],"wp:attachment":[{"href":"https:\/\/avocat-gc.com\/divorce\/wp-json\/wp\/v2\/media?parent=1987"}],"wp:term":[{"taxonomy":"priorite","embeddable":true,"href":"https:\/\/avocat-gc.com\/divorce\/wp-json\/wp\/v2\/priorite?post=1987"}],"curies":[{"name":"wp","href":"https:\/\/api.w.org\/{rel}","templated":true}]}}