{"id":1973,"date":"2024-03-29T15:33:48","date_gmt":"2024-03-29T15:33:48","guid":{"rendered":"https:\/\/avocat-gc.com\/divorce\/avocat-divorce-sans-juge-villefontaine-38\/"},"modified":"2024-03-29T15:33:48","modified_gmt":"2024-03-29T15:33:48","slug":"avocat-divorce-sans-juge-villefontaine-38","status":"publish","type":"page","link":"https:\/\/avocat-gc.com\/divorce\/avocat-divorce-sans-juge-villefontaine-38\/","title":{"rendered":"Avocat divorce sans juge \u00e0 Villefontaine (38)"},"content":{"rendered":"<\/p>\n<p>Avocat divorce amiable sans juge  \u00e0 Villefontaine<a href=\"\/divorce\/avocat-divorce\/villefontaine\/\" rel=\"nofollow\">\u25c4 Avocat divorce \u00e0 Villefontaine (38)<\/a><\/p>\n<p style=\"text-align: center;\"><a href=\"https:\/\/fr.trustpilot.com\/review\/avocat-gc.com?utm_medium=Trustbox&#038;utm_source=EmailNewsletter2\" target=\"_blank\" style=\"text-decoration: none;\" rel=\"noopener\"><img decoding=\"async\" src=\"https:\/\/emailsignature.trustpilot.com\/logo\/n\/2\/logo@2x.png\" border=\"0\" height=\"24\" alt=\"Trustpilot Logo\" style=\"max-height: 24px; width: initial; margin: 0px;\" \/><img decoding=\"async\" src=\"https:\/\/emailsignature.trustpilot.com\/newsletter\/fr-FR\/2\/4f0b2b150000640005122a37\/stars@2x.png\" border=\"0\" height=\"52\" alt=\"Trustpilot Stars\" style=\"max-height: 52px; width: initial; margin: 5px 0px;\" \/><img decoding=\"async\" src=\"https:\/\/emailsignature.trustpilot.com\/newsletter\/fr-FR\/2\/4f0b2b150000640005122a37\/text@2x.png\" border=\"0\" height=\"14\" alt=\"TrustScore\" style=\"max-height: 14px; width: initial; margin: 0px;\" \/><\/a><\/p>\n<\/p>\n<h2>LE DIVORCE SANS JUGE \u00c0\u00a0VILLEFONTAINE<\/h2>\n<\/p>\n<p class=\"img-left\"><img decoding=\"async\" alt=\"Avocat Divorce Amiable  sans juge Villefontaine (38) \" title=\"Avocat Divorce Amiable sans juge Villefontaine (38)\" width=\"170\" border=\"2\" src=\"\/divorce\/wp-content\/uploads\/2024\/04\/avocat-divorce-amiable-paris.jpg\" \/><\/p>\n<p align=\"justify\">Le divorce par consentement mutuel, plus commun\u00e9ment appel\u00e9 <a href=\"\/divorce\/divorce-amiable\/\" rel=\"nofollow noopener\" title=\"\" target=\"_parent\">divorce \u00e0 l\u2019amiable<\/a>, est une proc\u00e9dure simple, rapide et \u00e9conomique. La nouvelle proc\u00e9dure de divorce sans juge permet aux \u00e9poux de divorcer rapidement, sans audience devant le Juge aux Affaires Familiales.Avant de se lancer dans un <a href=\"\/divorce\/avocat-divorce\/villefontaine\/\" rel=\"nofollow\">divorce sans Juge \u00e0 Villefontaine,<\/a>\u00a0il est obligatoire que les \u00e9poux s&rsquo;entendent sur tous les aspects du divorce, que ce soit la liquidation du r\u00e9gime matrimonial, la garde des enfants, la pension alimentaire, ou  la <a href=\"\/divorce\/definitions\/prestation-compensatoire\/\" rel=\"nofollow noopener\" title=\"\" target=\"\">prestation compensatoire<\/a>. Lors d&rsquo;un entretien avec notre avocat divorce, nous r\u00e9digeons une <a href=\"\/divorce\/convention-de-divorce\/\" rel=\"nofollow noopener\" title=\"\" target=\"\">convention de divorce<\/a> r\u00e9glant toutes les cons\u00e9quences et effets du divorce par consentement mutuel , puis nous vous envoyons le projet de convention par voie postale en recommand\u00e9 avec accus\u00e9 de r\u00e9ceptionLes \u00e9poux ont, par la suite, un d\u00e9lai de r\u00e9flexion de 15 jours avant de signer le projet de \u00a0convention et l&rsquo;adresser de nouveau \u00e0 notre cabinet afin que nous transmettions la convention au notaire. Ce dernier enregistrera votre divorce en lui donnant<a href=\"\/divorce\/definitions\/force-executoire\/\" rel=\"nofollow noopener\" title=\"\" target=\"\"> force \u00e9xecutoire<\/a> et date certaine.Vous serez officiellement divorc\u00e9s.Si tout d\u00e9saccord venait \u00e0 surgir durant la proc\u00e9dure de divorce sans juge, il faudrait alors s&rsquo;engager dans une proc\u00e9dure de divorce contentieux qui n\u00e9cessite une audience devant le<a href=\"\/divorce\/definitions\/juge-aux-affaires-familiales\/\" rel=\"nofollow noopener\" title=\"\" target=\"\"> Juge aux Affaires Familiales<\/a>.Si vous souhaitez en savoir davantage sur le divorce sans juge, veuillez consulter notre page:\n<\/p>\n<\/p>\n<p><a href=\"\/divorce\/divorce-sans-juge\/\" rel=\"nofollow noopener\" target=\"_parent\"> \u25ba AVOCAT DIVORCE SANS JUGE <\/a><\/p>\n<h3>Articles li\u00e9s<\/h3>\n<p><a href=\"\/divorce\/articles\/que-faire-si-son-conjoint-est-dans-le-besoin-pendant-la-procedure-de-divorce\/\" rel=\"nofollow noopener\" title=\"\" target=\"_parent\">Que faire si son conjoint est dans le besoin pendant la proc\u00e9dure de divorce?<\/a><br \/>\n<a href=\"\/divorce\/articles\/le-role-du-notaire-dans-un-divorce\/\" rel=\"nofollow noopener\" title=\"\" target=\"_parent\">Le r\u00f4le du notaire dans un divorce<\/a><br \/>\n<a href=\"\/divorce\/articles\/linteret-de-lenfant-et-le-pouvoir-de-juger\/\" rel=\"nofollow noopener\" title=\"\" target=\"_parent\">L&rsquo;int\u00e9r\u00eat de l&rsquo;enfant et le pouvoir de juger<\/a><\/p>\n<p>\u25ba A T\u00c9L\u00c9CHARGER: <a href=\"\/divorce\/divorce-sans-juge\/convention-villefontaine\/\" rel=\"nofollow\">Mod\u00e8le de convention de divorce sans juge \u00e0 Villefontaine (38)<\/a><\/p>\n<h3>Divorce sans juge &#8211; les tarifs<\/h3>\n<p align=\"justify\">Pour conna\u00eetre nos honoraires et le co\u00fbt d&rsquo;un divorce sans juge \u00e0 Villefontaine (38), veuillez remplir le devis en ligne ci-dessous:<\/p>\n<\/p>\n<p><a href=\"\/divorce\/avocat-divorce-10-ans-dexperience\/\" rel=\"nofollow noopener\" target=\"_parent\">\u25ba DEVIS: AVOCAT DIVORCE \u00c0 VILLEFONTAINE <\/a><\/p>\n","protected":false},"excerpt":{"rendered":"<p>Avocat divorce amiable sans juge \u00e0 Villefontaine\u25c4 Avocat divorce \u00e0 Villefontaine (38) LE DIVORCE SANS JUGE \u00c0\u00a0VILLEFONTAINE Le divorce par consentement mutuel, plus commun\u00e9ment appel\u00e9 divorce \u00e0 l\u2019amiable, est une proc\u00e9dure simple, rapide et \u00e9conomique. La nouvelle proc\u00e9dure de divorce sans juge permet aux \u00e9poux de divorcer rapidement, sans audience devant le Juge aux Affaires [&hellip;]<\/p>\n","protected":false},"author":1,"featured_media":0,"parent":0,"menu_order":0,"comment_status":"closed","ping_status":"closed","template":"","meta":{"_acf_changed":false,"inline_featured_image":false,"footnotes":""},"priorite":[],"class_list":["post-1973","page","type-page","status-publish","hentry"],"acf":[],"yoast_head":"<!-- This site is optimized with the Yoast SEO plugin v27.5 - https:\/\/yoast.com\/product\/yoast-seo-wordpress\/ -->\n<title>Avocat divorce sans juge \u00e0 Villefontaine (38) - Avocat Divorce<\/title>\n<meta name=\"description\" content=\"Divorcez \u00e0 l&#039;amiable et sans juge \u00e0 Villefontaine (38) en 1 mois \u00e0 partir de 425\u20ac TTC. Contactez un Avocat divorce au 01.47.04.25.40 . Devis Gratuit &amp; Imm\u00e9diat. Cabinet Avocat GC. Divorce amiable - Divorce sans juge \u2013 Divorce par consentement mutuel\" \/>\n<meta name=\"robots\" content=\"index, follow, max-snippet:-1, max-image-preview:large, max-video-preview:-1\" \/>\n<link rel=\"canonical\" href=\"https:\/\/avocat-gc.com\/divorce\/avocat-divorce-sans-juge-villefontaine-38\/\" \/>\n<meta property=\"og:locale\" content=\"fr_FR\" \/>\n<meta property=\"og:type\" content=\"article\" \/>\n<meta property=\"og:title\" content=\"Avocat divorce sans juge \u00e0 Villefontaine (38) - Avocat Divorce\" \/>\n<meta property=\"og:description\" content=\"Divorcez \u00e0 l&#039;amiable et sans juge \u00e0 Villefontaine (38) en 1 mois \u00e0 partir de 425\u20ac TTC. Contactez un Avocat divorce au 01.47.04.25.40 . Devis Gratuit &amp; Imm\u00e9diat. Cabinet Avocat GC. Divorce amiable - Divorce sans juge \u2013 Divorce par consentement mutuel\" \/>\n<meta property=\"og:url\" content=\"https:\/\/avocat-gc.com\/divorce\/avocat-divorce-sans-juge-villefontaine-38\/\" \/>\n<meta property=\"og:site_name\" content=\"Avocat GC - Avocat Divorce\" \/>\n<meta property=\"og:image\" content=\"https:\/\/emailsignature.trustpilot.com\/logo\/n\/2\/logo@2x.png\" \/>\n<meta name=\"twitter:card\" content=\"summary_large_image\" \/>\n<script type=\"application\/ld+json\" class=\"yoast-schema-graph\">{\"@context\":\"https:\\\/\\\/schema.org\",\"@graph\":[{\"@type\":\"WebPage\",\"@id\":\"https:\\\/\\\/avocat-gc.com\\\/divorce\\\/avocat-divorce-sans-juge-villefontaine-38\\\/\",\"url\":\"https:\\\/\\\/avocat-gc.com\\\/divorce\\\/avocat-divorce-sans-juge-villefontaine-38\\\/\",\"name\":\"Avocat divorce sans juge \u00e0 Villefontaine (38) - Avocat Divorce\",\"isPartOf\":{\"@id\":\"https:\\\/\\\/avocat-gc.com\\\/divorce\\\/#website\"},\"primaryImageOfPage\":{\"@id\":\"https:\\\/\\\/avocat-gc.com\\\/divorce\\\/avocat-divorce-sans-juge-villefontaine-38\\\/#primaryimage\"},\"image\":{\"@id\":\"https:\\\/\\\/avocat-gc.com\\\/divorce\\\/avocat-divorce-sans-juge-villefontaine-38\\\/#primaryimage\"},\"thumbnailUrl\":\"https:\\\/\\\/emailsignature.trustpilot.com\\\/logo\\\/n\\\/2\\\/logo@2x.png\",\"datePublished\":\"2024-03-29T15:33:48+00:00\",\"description\":\"Divorcez \u00e0 l'amiable et sans juge \u00e0 Villefontaine (38) en 1 mois \u00e0 partir de 425\u20ac TTC. Contactez un Avocat divorce au 01.47.04.25.40 . Devis Gratuit & Imm\u00e9diat. Cabinet Avocat GC. Divorce amiable - Divorce sans juge \u2013 Divorce par consentement mutuel\",\"breadcrumb\":{\"@id\":\"https:\\\/\\\/avocat-gc.com\\\/divorce\\\/avocat-divorce-sans-juge-villefontaine-38\\\/#breadcrumb\"},\"inLanguage\":\"fr-FR\",\"potentialAction\":[{\"@type\":\"ReadAction\",\"target\":[\"https:\\\/\\\/avocat-gc.com\\\/divorce\\\/avocat-divorce-sans-juge-villefontaine-38\\\/\"]}]},{\"@type\":\"ImageObject\",\"inLanguage\":\"fr-FR\",\"@id\":\"https:\\\/\\\/avocat-gc.com\\\/divorce\\\/avocat-divorce-sans-juge-villefontaine-38\\\/#primaryimage\",\"url\":\"https:\\\/\\\/emailsignature.trustpilot.com\\\/logo\\\/n\\\/2\\\/logo@2x.png\",\"contentUrl\":\"https:\\\/\\\/emailsignature.trustpilot.com\\\/logo\\\/n\\\/2\\\/logo@2x.png\"},{\"@type\":\"BreadcrumbList\",\"@id\":\"https:\\\/\\\/avocat-gc.com\\\/divorce\\\/avocat-divorce-sans-juge-villefontaine-38\\\/#breadcrumb\",\"itemListElement\":[{\"@type\":\"ListItem\",\"position\":1,\"name\":\"Accueil\",\"item\":\"https:\\\/\\\/avocat-gc.com\\\/divorce\\\/\"},{\"@type\":\"ListItem\",\"position\":2,\"name\":\"Avocat divorce sans juge \u00e0 Villefontaine (38)\"}]},{\"@type\":\"WebSite\",\"@id\":\"https:\\\/\\\/avocat-gc.com\\\/divorce\\\/#website\",\"url\":\"https:\\\/\\\/avocat-gc.com\\\/divorce\\\/\",\"name\":\"Avocat GC - Avocat Divorce\",\"description\":\"\",\"publisher\":{\"@id\":\"https:\\\/\\\/avocat-gc.com\\\/divorce\\\/#organization\"},\"potentialAction\":[{\"@type\":\"SearchAction\",\"target\":{\"@type\":\"EntryPoint\",\"urlTemplate\":\"https:\\\/\\\/avocat-gc.com\\\/divorce\\\/?s={search_term_string}\"},\"query-input\":{\"@type\":\"PropertyValueSpecification\",\"valueRequired\":true,\"valueName\":\"search_term_string\"}}],\"inLanguage\":\"fr-FR\"},{\"@type\":\"Organization\",\"@id\":\"https:\\\/\\\/avocat-gc.com\\\/divorce\\\/#organization\",\"name\":\"Avocat GC - Avocat Divorce\",\"url\":\"https:\\\/\\\/avocat-gc.com\\\/divorce\\\/\",\"logo\":{\"@type\":\"ImageObject\",\"inLanguage\":\"fr-FR\",\"@id\":\"https:\\\/\\\/avocat-gc.com\\\/divorce\\\/#\\\/schema\\\/logo\\\/image\\\/\",\"url\":\"https:\\\/\\\/avocat-gc.com\\\/divorce\\\/wp-content\\\/uploads\\\/2024\\\/04\\\/cropped-Sans-titre.png\",\"contentUrl\":\"https:\\\/\\\/avocat-gc.com\\\/divorce\\\/wp-content\\\/uploads\\\/2024\\\/04\\\/cropped-Sans-titre.png\",\"width\":200,\"height\":180,\"caption\":\"Avocat GC - Avocat Divorce\"},\"image\":{\"@id\":\"https:\\\/\\\/avocat-gc.com\\\/divorce\\\/#\\\/schema\\\/logo\\\/image\\\/\"}}]}<\/script>\n<!-- \/ Yoast SEO plugin. -->","yoast_head_json":{"title":"Avocat divorce sans juge \u00e0 Villefontaine (38) - Avocat Divorce","description":"Divorcez \u00e0 l'amiable et sans juge \u00e0 Villefontaine (38) en 1 mois \u00e0 partir de 425\u20ac TTC. Contactez un Avocat divorce au 01.47.04.25.40 . Devis Gratuit & Imm\u00e9diat. Cabinet Avocat GC. Divorce amiable - Divorce sans juge \u2013 Divorce par consentement mutuel","robots":{"index":"index","follow":"follow","max-snippet":"max-snippet:-1","max-image-preview":"max-image-preview:large","max-video-preview":"max-video-preview:-1"},"canonical":"https:\/\/avocat-gc.com\/divorce\/avocat-divorce-sans-juge-villefontaine-38\/","og_locale":"fr_FR","og_type":"article","og_title":"Avocat divorce sans juge \u00e0 Villefontaine (38) - Avocat Divorce","og_description":"Divorcez \u00e0 l'amiable et sans juge \u00e0 Villefontaine (38) en 1 mois \u00e0 partir de 425\u20ac TTC. Contactez un Avocat divorce au 01.47.04.25.40 . Devis Gratuit & Imm\u00e9diat. Cabinet Avocat GC. Divorce amiable - Divorce sans juge \u2013 Divorce par consentement mutuel","og_url":"https:\/\/avocat-gc.com\/divorce\/avocat-divorce-sans-juge-villefontaine-38\/","og_site_name":"Avocat GC - Avocat Divorce","og_image":[{"url":"https:\/\/emailsignature.trustpilot.com\/logo\/n\/2\/logo@2x.png","type":"","width":"","height":""}],"twitter_card":"summary_large_image","schema":{"@context":"https:\/\/schema.org","@graph":[{"@type":"WebPage","@id":"https:\/\/avocat-gc.com\/divorce\/avocat-divorce-sans-juge-villefontaine-38\/","url":"https:\/\/avocat-gc.com\/divorce\/avocat-divorce-sans-juge-villefontaine-38\/","name":"Avocat divorce sans juge \u00e0 Villefontaine (38) - Avocat Divorce","isPartOf":{"@id":"https:\/\/avocat-gc.com\/divorce\/#website"},"primaryImageOfPage":{"@id":"https:\/\/avocat-gc.com\/divorce\/avocat-divorce-sans-juge-villefontaine-38\/#primaryimage"},"image":{"@id":"https:\/\/avocat-gc.com\/divorce\/avocat-divorce-sans-juge-villefontaine-38\/#primaryimage"},"thumbnailUrl":"https:\/\/emailsignature.trustpilot.com\/logo\/n\/2\/logo@2x.png","datePublished":"2024-03-29T15:33:48+00:00","description":"Divorcez \u00e0 l'amiable et sans juge \u00e0 Villefontaine (38) en 1 mois \u00e0 partir de 425\u20ac TTC. Contactez un Avocat divorce au 01.47.04.25.40 . Devis Gratuit & Imm\u00e9diat. Cabinet Avocat GC. Divorce amiable - Divorce sans juge \u2013 Divorce par consentement mutuel","breadcrumb":{"@id":"https:\/\/avocat-gc.com\/divorce\/avocat-divorce-sans-juge-villefontaine-38\/#breadcrumb"},"inLanguage":"fr-FR","potentialAction":[{"@type":"ReadAction","target":["https:\/\/avocat-gc.com\/divorce\/avocat-divorce-sans-juge-villefontaine-38\/"]}]},{"@type":"ImageObject","inLanguage":"fr-FR","@id":"https:\/\/avocat-gc.com\/divorce\/avocat-divorce-sans-juge-villefontaine-38\/#primaryimage","url":"https:\/\/emailsignature.trustpilot.com\/logo\/n\/2\/logo@2x.png","contentUrl":"https:\/\/emailsignature.trustpilot.com\/logo\/n\/2\/logo@2x.png"},{"@type":"BreadcrumbList","@id":"https:\/\/avocat-gc.com\/divorce\/avocat-divorce-sans-juge-villefontaine-38\/#breadcrumb","itemListElement":[{"@type":"ListItem","position":1,"name":"Accueil","item":"https:\/\/avocat-gc.com\/divorce\/"},{"@type":"ListItem","position":2,"name":"Avocat divorce sans juge \u00e0 Villefontaine (38)"}]},{"@type":"WebSite","@id":"https:\/\/avocat-gc.com\/divorce\/#website","url":"https:\/\/avocat-gc.com\/divorce\/","name":"Avocat GC - Avocat Divorce","description":"","publisher":{"@id":"https:\/\/avocat-gc.com\/divorce\/#organization"},"potentialAction":[{"@type":"SearchAction","target":{"@type":"EntryPoint","urlTemplate":"https:\/\/avocat-gc.com\/divorce\/?s={search_term_string}"},"query-input":{"@type":"PropertyValueSpecification","valueRequired":true,"valueName":"search_term_string"}}],"inLanguage":"fr-FR"},{"@type":"Organization","@id":"https:\/\/avocat-gc.com\/divorce\/#organization","name":"Avocat GC - Avocat Divorce","url":"https:\/\/avocat-gc.com\/divorce\/","logo":{"@type":"ImageObject","inLanguage":"fr-FR","@id":"https:\/\/avocat-gc.com\/divorce\/#\/schema\/logo\/image\/","url":"https:\/\/avocat-gc.com\/divorce\/wp-content\/uploads\/2024\/04\/cropped-Sans-titre.png","contentUrl":"https:\/\/avocat-gc.com\/divorce\/wp-content\/uploads\/2024\/04\/cropped-Sans-titre.png","width":200,"height":180,"caption":"Avocat GC - Avocat Divorce"},"image":{"@id":"https:\/\/avocat-gc.com\/divorce\/#\/schema\/logo\/image\/"}}]}},"_links":{"self":[{"href":"https:\/\/avocat-gc.com\/divorce\/wp-json\/wp\/v2\/pages\/1973","targetHints":{"allow":["GET"]}}],"collection":[{"href":"https:\/\/avocat-gc.com\/divorce\/wp-json\/wp\/v2\/pages"}],"about":[{"href":"https:\/\/avocat-gc.com\/divorce\/wp-json\/wp\/v2\/types\/page"}],"author":[{"embeddable":true,"href":"https:\/\/avocat-gc.com\/divorce\/wp-json\/wp\/v2\/users\/1"}],"replies":[{"embeddable":true,"href":"https:\/\/avocat-gc.com\/divorce\/wp-json\/wp\/v2\/comments?post=1973"}],"version-history":[{"count":0,"href":"https:\/\/avocat-gc.com\/divorce\/wp-json\/wp\/v2\/pages\/1973\/revisions"}],"wp:attachment":[{"href":"https:\/\/avocat-gc.com\/divorce\/wp-json\/wp\/v2\/media?parent=1973"}],"wp:term":[{"taxonomy":"priorite","embeddable":true,"href":"https:\/\/avocat-gc.com\/divorce\/wp-json\/wp\/v2\/priorite?post=1973"}],"curies":[{"name":"wp","href":"https:\/\/api.w.org\/{rel}","templated":true}]}}