{"id":1966,"date":"2024-03-29T15:33:45","date_gmt":"2024-03-29T15:33:45","guid":{"rendered":"https:\/\/avocat-gc.com\/divorce\/avocat-divorce-sans-juge-vaucluse-84\/"},"modified":"2024-03-29T15:33:45","modified_gmt":"2024-03-29T15:33:45","slug":"avocat-divorce-sans-juge-vaucluse-84","status":"publish","type":"page","link":"https:\/\/avocat-gc.com\/divorce\/avocat-divorce-sans-juge-vaucluse-84\/","title":{"rendered":"Avocat Divorce sans juge Vaucluse (84)"},"content":{"rendered":"<p><a href=\"\/divorce\/avocat-divorce\/\" rel=\"nofollow noopener\" target=\"_parent\">\u25c4 Retour \u00e0 l&rsquo;annuaire des villes<\/a><\/p>\n<p>Avocat Divorce sans juge  Vaucluse (84)<br \/>\n*\/<\/p>\n<h2>VOTRE DIVORCE SANS JUGE DANS LE VAUCLUSE (84)<\/h2>\n<p> J&rsquo;INTERVIENS DANS TOUTE LA FRANCE <a href=\"\/divorce\/avocat-divorce\/paris\/\" rel=\"nofollow noopener\" title=\"\" target=\"_parent\">Notre cabinet \u00e0 Paris<\/a> : 42 Rue de L\u00fcbeck, 75116 Paris 01 47 04 25 40 <\/p>\n<h3>Les \u00e9tapes de votre divorce<\/h3>\n<p class=\"img-right\"><img decoding=\"async\" alt=\"avocat divorce sans juge  Vaucluse (84)\" title=\"avocat divorce sans juge Vaucluse (84)\" width=\"170\" border=\"2\" src=\"\/divorce\/wp-content\/uploads\/2024\/04\/divorce-consentement-mutuel.png\" \/><\/p>\n<p align=\"justify\">1.  Le rendez-vous : Contactez nous par t\u00e9l\u00e9phone au 01 47 04 25 40 ou par email \u00e0 <a href=\"mailto:info@avocat-gc.com\">info@avocat-gc.com<\/a> afin de fixer un rendez-vous avec notre avocat divorce. Nous sommes comp\u00e9tents pour vous divorcer dans la r\u00e9gion PACA, dans le d\u00e9partement du Vaucluse (84). Lors de cet entretien, nous aborderons les points suivants :<\/p>\n<p>Les diff\u00e9rentes \u00e9tapes de votre proc\u00e9dure de divorce<br \/>\n La r\u00e9daction de la convention de divorce<br \/>\nLes diff\u00e9rentes questions li\u00e9es \u00e0 votre divorce.<\/p>\n<p align=\"justify\">2. La signature:\u00a0\u00a0Une fois la convention de divorce r\u00e9dig\u00e9e, nous vous transmettons le projet de convention de divorce pour \u00eatre soumis \u00e0 votre signature dans un d\u00e9lai de 15 jours. Le notaire se chargera, une fois les documents sign\u00e9s, d&rsquo;enregistrer votre divorce Dans certains cas, un divorce devant le Juge est n\u00e9cessaire. L&rsquo;affaire sera alors constitu\u00e9e d&rsquo;une audience devant le Juge aux Affaires Familiales du Tribunal de Grande Instance de Carpentras\u00a0situ\u00e9 52 place Charles de Gaulle<br \/>\nCS 80265 84208 CARPENTRAS CEDEX, joignable par t\u00e9l\u00e9phone au 04 94 60 57 00\u00a0 ou du Tribunal de Grande Instance d&rsquo;Avignon \u00a0situ\u00e9 2 boulevard Limbert 84078 AVIGNON CEDEX 9, joignable par t\u00e9l\u00e9phone au 04 32 74 74 00\u00a0 &#8211; <\/p>\n<p align=\"justify\">3 L&rsquo;enregistrement:  Vous n&rsquo;avez plus rien \u00e0 faire ! Nous vous ferons parvenir par voie postale, l&rsquo;attestation d&rsquo;enregistrement de divorce, puis nous nous chargerons de l&rsquo;inscription de votre divorce sur vos actes d&rsquo;\u00e9tat civil. Vous souhaitez divorcer sans juge dans le Vaucluse (84)? Consultez notre page sp\u00e9ciale divorce sans juge:<\/p>\n<\/p>\n<p><a href=\"\/divorce\/divorce-sans-juge\/\" rel=\"nofollow noopener\" target=\"_parent\">\u25baAVOCAT DIVORCE SANS JUGE<\/a><\/p>\n<h3>Nos honoraires<\/h3>\n<p align=\"justify\">Pour connaitre le tarif d&rsquo;un divorce sans juge dans le Vaucluse (84) ou pour vous renseigner sur nos honoraires, merci de bien vouloir compl\u00e9ter notre devis en ligne<\/p>\n<\/p>\n<p><a href=\"\/divorce\/avocat-divorce-10-ans-dexperience\/\" rel=\"nofollow noopener\" target=\"_parent\">\u25ba DEVIS: AVOCAT DIVORCE VAUCLUSE  (84)<\/a><\/p>\n<h3>Liste des communes d\u00e9pendant du TGI de Avignon et Carpentras<\/h3>\n<p>\u25baAlthen-des-Paluds 84210<br \/>\n\u25baAnsouis 84240<br \/>\n\u25baApt 84400<br \/>\n\u25baAubignan 84810<br \/>\n\u25baAurel 84390<br \/>\n\u25baAuribeau 84400<br \/>\n<a href=\"https:\/\/avocat-gc.com\/divorce\/avocat-divorce\/avignon\/\" title=\"avocat divorce avignon\" target=\"\" rel=\"noopener\">\u25baAvignon 84000<\/a><br \/>\n\u25baBeaumes-de-Venise 84190<br \/>\n\u25baBeaumettes 84220<br \/>\n\u25baBeaumont-de-Pertuis 84120<br \/>\n\u25baBeaumont-du-Ventoux 84340<br \/>\n\u25baB\u00e9darrides 84370<br \/>\n\u25baB\u00e9doin 84410<br \/>\n\u25baBlauvac 84570<br \/>\n<a href=\"https:\/\/avocat-gc.com\/divorce\/avocat-divorce\/bollene\/\" title=\"avocat divorce boll\u00e8ne\" target=\"\" rel=\"noopener\">\u25baBoll\u00e8ne 84500<\/a><br \/>\n\u25baBonnieux 84480<br \/>\n\u25baBrantes 84390<br \/>\n\u25baBuisson 84110<br \/>\n\u25baBuoux 84480<br \/>\n\u25baCabri\u00e8res-d&rsquo;Aigues 84240<br \/>\n\u25baCabri\u00e8res-d&rsquo;Avignon 84220<br \/>\n\u25baCadenet 84160<br \/>\n\u25baCaderousse 84860<br \/>\n\u25baCairanne 84290<br \/>\n\u25baCamaret-sur-Aigues 84850<br \/>\n\u25baCaromb 84330<br \/>\n<a href=\"https:\/\/avocat-gc.com\/divorce\/avocat-divorce\/carpentras\/\" title=\"avocat divorce carpentras\" target=\"\" rel=\"noopener\">\u25baCarpentras 84200<\/a><br \/>\n\u25baCaseneuve 84750<br \/>\n\u25baCastellet 84400<br \/>\n\u25baCaumont-sur-Durance 84510<br \/>\n<a href=\"https:\/\/avocat-gc.com\/divorce\/avocat-divorce\/cavaillon\/\" title=\"avocat divorce cavaillon\" target=\"\" rel=\"noopener\">\u25baCavaillon 84300<\/a><br \/>\n\u25baCh\u00e2teauneuf-de-Gadagne 84470<br \/>\n\u25baCh\u00e2teauneuf-du-Pape 84230<br \/>\n\u25baCheval-Blanc 84460<br \/>\n\u25baCourth\u00e9zon 84350<br \/>\n\u25baCrestet 84110<br \/>\n\u25baCrillon-le-Brave 84410<br \/>\n\u25baCucuron 84160<br \/>\n\u25baEntraigues-sur-la-Sorgue 84320<br \/>\n\u25baEntrechaux 84340<br \/>\n\u25baFaucon 84110<br \/>\n\u25baFlassan 84410<br \/>\n\u25baFontaine-de-Vaucluse 84800<br \/>\n\u25baGargas 84400<br \/>\n\u25baGignac 84400<br \/>\n\u25baGigondas 84190<br \/>\n\u25baGordes 84220<br \/>\n\u25baGoult 84220<br \/>\n\u25baGrambois 84240<br \/>\n\u25baGrillon 84600<br \/>\n\u25baJonquerettes 84450<br \/>\n\u25baJonqui\u00e8res 84150<br \/>\n\u25baJoucas 84220<br \/>\n<a href=\"https:\/\/avocat-gc.com\/divorce\/avocat-divorce\/lisle-sur-la-sorgue\/\" title=\"avocat divorce l'isle-sur-la-sorgue\" target=\"\" rel=\"noopener\">\u25baL&rsquo;Isle-sur-la-Sorgue 84800<\/a><br \/>\n\u25baLa Bastide-des-Jourdans 84240<br \/>\n\u25baLa Bastidonne 84120<br \/>\n\u25baLa Motte-d&rsquo;Aigues 84240<br \/>\n\u25baLa Roque-Alric 84190<br \/>\n\u25baLa Roque-sur-Pernes 84210<br \/>\n\u25baLa Tour-d&rsquo;Aigues 84240<br \/>\n\u25baLacoste 84480<br \/>\n\u25baLafare 84190<br \/>\n\u25baLagarde-d&rsquo;Apt 84400<br \/>\n\u25baLagarde-Par\u00e9ol 84290<br \/>\n\u25baLagnes 84800<br \/>\n\u25baLamotte-du-Rh\u00f4ne 84840<br \/>\n\u25baLapalud 84840<br \/>\n\u25baLauris 84360<br \/>\n\u25baLe Barroux 84330<br \/>\n\u25baLe Beaucet 84210<br \/>\n<a href=\"https:\/\/avocat-gc.com\/divorce\/avocat-divorce\/le-pontet\/\" title=\"avocat divorce le pontet\" target=\"\" rel=\"noopener\">\u25baLe Pontet 84130<\/a><br \/>\n\u25baLe Thor 84250<br \/>\n\u25baLioux 84220<br \/>\n\u25baLoriol-du-Comtat 84870<br \/>\n\u25baLourmarin 84160<br \/>\n\u25baMalauc\u00e8ne 84340<br \/>\n\u25baMalemort-du-Comtat 84570<br \/>\n\u25baMaubec 84660<br \/>\n\u25baMazan 84380<br \/>\n\u25baM\u00e9nerbes 84560<br \/>\n\u25baM\u00e9rindol 84360<br \/>\n\u25baM\u00e9thamis 84570<br \/>\n\u25baMirabeau 84120<br \/>\n\u25baMod\u00e8ne 84330<br \/>\n\u25baMondragon 84430<br \/>\n\u25baMonieux 84390<br \/>\n<a href=\"https:\/\/avocat-gc.com\/divorce\/avocat-divorce\/monteux\/\" title=\"avocat divorce monteux\" target=\"\" rel=\"noopener\">\u25baMonteux 84170<\/a><br \/>\n\u25baMori\u00e8res-l\u00e8s-Avignon 84310<br \/>\n\u25baMormoiron 84570<br \/>\n\u25baMornas 84550<br \/>\n\u25baMurs 84220<br \/>\n\u25baOpp\u00e8de 84580<br \/>\n<a href=\"https:\/\/avocat-gc.com\/divorce\/avocat-divorce\/orange\/\" title=\"avocat divorce orange\" target=\"\" rel=\"noopener\">\u25baOrange 84100<\/a><br \/>\n\u25baPernes-les-Fontaines 84210<br \/>\n<a href=\"https:\/\/avocat-gc.com\/divorce\/avocat-divorce\/pertuis\/\" title=\"avocat divorce pertuis\" target=\"\" rel=\"noopener\">\u25baPertuis 84120<\/a><br \/>\n\u25baPeypin-d&rsquo;Aigues 84240<br \/>\n\u25baPiolenc 84420<br \/>\n\u25baPuget 84360<br \/>\n\u25baPuym\u00e9ras 84110<br \/>\n\u25baPuyvert 84160<br \/>\n\u25baRasteau 84110<br \/>\n\u25baRicherenches 84600<br \/>\n\u25baRoaix 84110<br \/>\n\u25baRobion 84440<br \/>\n\u25baRoussillon 84220<br \/>\n\u25baRustrel 84400<br \/>\n\u25baSablet 84110<br \/>\n\u25baSaignon 84400<br \/>\n\u25baSaint-Christol 84390<br \/>\n\u25baSaint-Didier 84210<br \/>\n\u25baSaint-Hippolyte-le-Graveyron 84330<br \/>\n\u25baSaint-L\u00e9ger-du-Ventoux 84390<br \/>\n\u25baSaint-Marcellin-l\u00e8s-Vaison 84110<br \/>\n\u25baSaint-Martin-de-Castillon 84750<br \/>\n\u25baSaint-Martin-de-la-Brasque 84760<br \/>\n\u25baSaint-Pantal\u00e9on 84220<br \/>\n\u25baSaint-Pierre-de-Vassols 84330<br \/>\n\u25baSaint-Romain-en-Viennois 84110<br \/>\n\u25baSaint-Roman-de-Malegarde 84290<br \/>\n\u25baSaint-Saturnin-l\u00e8s-Apt 84490<br \/>\n\u25baSaint-Saturnin-l\u00e8s-Avignon 84450<br \/>\n\u25baSaint-Trinit 84390<br \/>\n\u25baSainte-C\u00e9cile-les-Vignes 84290<br \/>\n\u25baSannes 84240<br \/>\n\u25baSarrians 84260<br \/>\n\u25baSault 84390<br \/>\n\u25baSaumane-de-Vaucluse 84800<br \/>\n\u25baSavoillan 84390<br \/>\n\u25baS\u00e9guret 84110<br \/>\n\u25baS\u00e9rignan-du-Comtat 84830<br \/>\n\u25baSivergues 84400<br \/>\n<a href=\"https:\/\/avocat-gc.com\/divorce\/avocat-divorce\/sorgues\/\" title=\"avocat divorce sorgue\" target=\"\" rel=\"noopener\">\u25baSorgues 84700<\/a><br \/>\n\u25baSuzette 84190<br \/>\n\u25baTaillades 84300<br \/>\n\u25baTravaillan 84850<br \/>\n\u25baUchaux 84100<br \/>\n\u25baVacqueyras 84190<br \/>\n\u25baVaison-la-Romaine 84110<br \/>\n\u25baValr\u00e9as 84600<br \/>\n\u25baVaugines 84160<br \/>\n\u25baVed\u00e8ne 84270<br \/>\n\u25baVelleron 84740<br \/>\n\u25baVenasque 84210<br \/>\n\u25baViens 84750<br \/>\n\u25baVillars 84400<br \/>\n\u25baVilledieu 84110<br \/>\n\u25baVillelaure 84530<br \/>\n\u25baVilles-sur-Auzon 84570<br \/>\n\u25baViol\u00e8s 84150<br \/>\n\u25baVisan 84820<br \/>\n\u25baVitrolles-en-Lub\u00e9ron 84240<\/p>\n","protected":false},"excerpt":{"rendered":"<p>\u25c4 Retour \u00e0 l&rsquo;annuaire des villes Avocat Divorce sans juge Vaucluse (84) *\/ VOTRE DIVORCE SANS JUGE DANS LE VAUCLUSE (84) J&rsquo;INTERVIENS DANS TOUTE LA FRANCE Notre cabinet \u00e0 Paris : 42 Rue de L\u00fcbeck, 75116 Paris 01 47 04 25 40 Les \u00e9tapes de votre divorce 1. Le rendez-vous : Contactez nous par t\u00e9l\u00e9phone [&hellip;]<\/p>\n","protected":false},"author":1,"featured_media":0,"parent":0,"menu_order":0,"comment_status":"closed","ping_status":"closed","template":"","meta":{"_acf_changed":false,"inline_featured_image":false,"footnotes":""},"priorite":[],"class_list":["post-1966","page","type-page","status-publish","hentry"],"acf":[],"yoast_head":"<!-- This site is optimized with the Yoast SEO plugin v27.5 - https:\/\/yoast.com\/product\/yoast-seo-wordpress\/ -->\n<title>Avocat Divorce sans juge Vaucluse (84) - Avocat Divorce<\/title>\n<meta name=\"description\" content=\"Vous souhaitez divorcer sans juge dans le Vaucluse (84) en 1 mois \u00e0 partir de 425\u20ac TTC. Contactez un Avocat divorce au \u260e 01.47.04.25.40 . Recevez un devis gratuit et imm\u00e9diat pour votre divorce. Cabinet Avocat GC. Divorce amiable - Divorce sans juge\" \/>\n<meta name=\"robots\" content=\"index, follow, max-snippet:-1, max-image-preview:large, max-video-preview:-1\" \/>\n<link rel=\"canonical\" href=\"https:\/\/avocat-gc.com\/divorce\/avocat-divorce-sans-juge-vaucluse-84\/\" \/>\n<meta property=\"og:locale\" content=\"fr_FR\" \/>\n<meta property=\"og:type\" content=\"article\" \/>\n<meta property=\"og:title\" content=\"Avocat Divorce sans juge Vaucluse (84) - Avocat Divorce\" \/>\n<meta property=\"og:description\" content=\"Vous souhaitez divorcer sans juge dans le Vaucluse (84) en 1 mois \u00e0 partir de 425\u20ac TTC. Contactez un Avocat divorce au \u260e 01.47.04.25.40 . Recevez un devis gratuit et imm\u00e9diat pour votre divorce. Cabinet Avocat GC. Divorce amiable - Divorce sans juge\" \/>\n<meta property=\"og:url\" content=\"https:\/\/avocat-gc.com\/divorce\/avocat-divorce-sans-juge-vaucluse-84\/\" \/>\n<meta property=\"og:site_name\" content=\"Avocat GC - Avocat Divorce\" \/>\n<meta name=\"twitter:card\" content=\"summary_large_image\" \/>\n<script type=\"application\/ld+json\" class=\"yoast-schema-graph\">{\"@context\":\"https:\\\/\\\/schema.org\",\"@graph\":[{\"@type\":\"WebPage\",\"@id\":\"https:\\\/\\\/avocat-gc.com\\\/divorce\\\/avocat-divorce-sans-juge-vaucluse-84\\\/\",\"url\":\"https:\\\/\\\/avocat-gc.com\\\/divorce\\\/avocat-divorce-sans-juge-vaucluse-84\\\/\",\"name\":\"Avocat Divorce sans juge Vaucluse (84) - Avocat Divorce\",\"isPartOf\":{\"@id\":\"https:\\\/\\\/avocat-gc.com\\\/divorce\\\/#website\"},\"datePublished\":\"2024-03-29T15:33:45+00:00\",\"description\":\"Vous souhaitez divorcer sans juge dans le Vaucluse (84) en 1 mois \u00e0 partir de 425\u20ac TTC. Contactez un Avocat divorce au \u260e 01.47.04.25.40 . Recevez un devis gratuit et imm\u00e9diat pour votre divorce. Cabinet Avocat GC. Divorce amiable - Divorce sans juge\",\"breadcrumb\":{\"@id\":\"https:\\\/\\\/avocat-gc.com\\\/divorce\\\/avocat-divorce-sans-juge-vaucluse-84\\\/#breadcrumb\"},\"inLanguage\":\"fr-FR\",\"potentialAction\":[{\"@type\":\"ReadAction\",\"target\":[\"https:\\\/\\\/avocat-gc.com\\\/divorce\\\/avocat-divorce-sans-juge-vaucluse-84\\\/\"]}]},{\"@type\":\"BreadcrumbList\",\"@id\":\"https:\\\/\\\/avocat-gc.com\\\/divorce\\\/avocat-divorce-sans-juge-vaucluse-84\\\/#breadcrumb\",\"itemListElement\":[{\"@type\":\"ListItem\",\"position\":1,\"name\":\"Accueil\",\"item\":\"https:\\\/\\\/avocat-gc.com\\\/divorce\\\/\"},{\"@type\":\"ListItem\",\"position\":2,\"name\":\"Avocat Divorce sans juge Vaucluse (84)\"}]},{\"@type\":\"WebSite\",\"@id\":\"https:\\\/\\\/avocat-gc.com\\\/divorce\\\/#website\",\"url\":\"https:\\\/\\\/avocat-gc.com\\\/divorce\\\/\",\"name\":\"Avocat GC - Avocat Divorce\",\"description\":\"\",\"publisher\":{\"@id\":\"https:\\\/\\\/avocat-gc.com\\\/divorce\\\/#organization\"},\"potentialAction\":[{\"@type\":\"SearchAction\",\"target\":{\"@type\":\"EntryPoint\",\"urlTemplate\":\"https:\\\/\\\/avocat-gc.com\\\/divorce\\\/?s={search_term_string}\"},\"query-input\":{\"@type\":\"PropertyValueSpecification\",\"valueRequired\":true,\"valueName\":\"search_term_string\"}}],\"inLanguage\":\"fr-FR\"},{\"@type\":\"Organization\",\"@id\":\"https:\\\/\\\/avocat-gc.com\\\/divorce\\\/#organization\",\"name\":\"Avocat GC - Avocat Divorce\",\"url\":\"https:\\\/\\\/avocat-gc.com\\\/divorce\\\/\",\"logo\":{\"@type\":\"ImageObject\",\"inLanguage\":\"fr-FR\",\"@id\":\"https:\\\/\\\/avocat-gc.com\\\/divorce\\\/#\\\/schema\\\/logo\\\/image\\\/\",\"url\":\"https:\\\/\\\/avocat-gc.com\\\/divorce\\\/wp-content\\\/uploads\\\/2024\\\/04\\\/cropped-Sans-titre.png\",\"contentUrl\":\"https:\\\/\\\/avocat-gc.com\\\/divorce\\\/wp-content\\\/uploads\\\/2024\\\/04\\\/cropped-Sans-titre.png\",\"width\":200,\"height\":180,\"caption\":\"Avocat GC - Avocat Divorce\"},\"image\":{\"@id\":\"https:\\\/\\\/avocat-gc.com\\\/divorce\\\/#\\\/schema\\\/logo\\\/image\\\/\"}}]}<\/script>\n<!-- \/ Yoast SEO plugin. -->","yoast_head_json":{"title":"Avocat Divorce sans juge Vaucluse (84) - Avocat Divorce","description":"Vous souhaitez divorcer sans juge dans le Vaucluse (84) en 1 mois \u00e0 partir de 425\u20ac TTC. Contactez un Avocat divorce au \u260e 01.47.04.25.40 . Recevez un devis gratuit et imm\u00e9diat pour votre divorce. Cabinet Avocat GC. Divorce amiable - Divorce sans juge","robots":{"index":"index","follow":"follow","max-snippet":"max-snippet:-1","max-image-preview":"max-image-preview:large","max-video-preview":"max-video-preview:-1"},"canonical":"https:\/\/avocat-gc.com\/divorce\/avocat-divorce-sans-juge-vaucluse-84\/","og_locale":"fr_FR","og_type":"article","og_title":"Avocat Divorce sans juge Vaucluse (84) - Avocat Divorce","og_description":"Vous souhaitez divorcer sans juge dans le Vaucluse (84) en 1 mois \u00e0 partir de 425\u20ac TTC. Contactez un Avocat divorce au \u260e 01.47.04.25.40 . Recevez un devis gratuit et imm\u00e9diat pour votre divorce. Cabinet Avocat GC. Divorce amiable - Divorce sans juge","og_url":"https:\/\/avocat-gc.com\/divorce\/avocat-divorce-sans-juge-vaucluse-84\/","og_site_name":"Avocat GC - Avocat Divorce","twitter_card":"summary_large_image","schema":{"@context":"https:\/\/schema.org","@graph":[{"@type":"WebPage","@id":"https:\/\/avocat-gc.com\/divorce\/avocat-divorce-sans-juge-vaucluse-84\/","url":"https:\/\/avocat-gc.com\/divorce\/avocat-divorce-sans-juge-vaucluse-84\/","name":"Avocat Divorce sans juge Vaucluse (84) - Avocat Divorce","isPartOf":{"@id":"https:\/\/avocat-gc.com\/divorce\/#website"},"datePublished":"2024-03-29T15:33:45+00:00","description":"Vous souhaitez divorcer sans juge dans le Vaucluse (84) en 1 mois \u00e0 partir de 425\u20ac TTC. Contactez un Avocat divorce au \u260e 01.47.04.25.40 . Recevez un devis gratuit et imm\u00e9diat pour votre divorce. Cabinet Avocat GC. Divorce amiable - Divorce sans juge","breadcrumb":{"@id":"https:\/\/avocat-gc.com\/divorce\/avocat-divorce-sans-juge-vaucluse-84\/#breadcrumb"},"inLanguage":"fr-FR","potentialAction":[{"@type":"ReadAction","target":["https:\/\/avocat-gc.com\/divorce\/avocat-divorce-sans-juge-vaucluse-84\/"]}]},{"@type":"BreadcrumbList","@id":"https:\/\/avocat-gc.com\/divorce\/avocat-divorce-sans-juge-vaucluse-84\/#breadcrumb","itemListElement":[{"@type":"ListItem","position":1,"name":"Accueil","item":"https:\/\/avocat-gc.com\/divorce\/"},{"@type":"ListItem","position":2,"name":"Avocat Divorce sans juge Vaucluse (84)"}]},{"@type":"WebSite","@id":"https:\/\/avocat-gc.com\/divorce\/#website","url":"https:\/\/avocat-gc.com\/divorce\/","name":"Avocat GC - Avocat Divorce","description":"","publisher":{"@id":"https:\/\/avocat-gc.com\/divorce\/#organization"},"potentialAction":[{"@type":"SearchAction","target":{"@type":"EntryPoint","urlTemplate":"https:\/\/avocat-gc.com\/divorce\/?s={search_term_string}"},"query-input":{"@type":"PropertyValueSpecification","valueRequired":true,"valueName":"search_term_string"}}],"inLanguage":"fr-FR"},{"@type":"Organization","@id":"https:\/\/avocat-gc.com\/divorce\/#organization","name":"Avocat GC - Avocat Divorce","url":"https:\/\/avocat-gc.com\/divorce\/","logo":{"@type":"ImageObject","inLanguage":"fr-FR","@id":"https:\/\/avocat-gc.com\/divorce\/#\/schema\/logo\/image\/","url":"https:\/\/avocat-gc.com\/divorce\/wp-content\/uploads\/2024\/04\/cropped-Sans-titre.png","contentUrl":"https:\/\/avocat-gc.com\/divorce\/wp-content\/uploads\/2024\/04\/cropped-Sans-titre.png","width":200,"height":180,"caption":"Avocat GC - Avocat Divorce"},"image":{"@id":"https:\/\/avocat-gc.com\/divorce\/#\/schema\/logo\/image\/"}}]}},"_links":{"self":[{"href":"https:\/\/avocat-gc.com\/divorce\/wp-json\/wp\/v2\/pages\/1966","targetHints":{"allow":["GET"]}}],"collection":[{"href":"https:\/\/avocat-gc.com\/divorce\/wp-json\/wp\/v2\/pages"}],"about":[{"href":"https:\/\/avocat-gc.com\/divorce\/wp-json\/wp\/v2\/types\/page"}],"author":[{"embeddable":true,"href":"https:\/\/avocat-gc.com\/divorce\/wp-json\/wp\/v2\/users\/1"}],"replies":[{"embeddable":true,"href":"https:\/\/avocat-gc.com\/divorce\/wp-json\/wp\/v2\/comments?post=1966"}],"version-history":[{"count":0,"href":"https:\/\/avocat-gc.com\/divorce\/wp-json\/wp\/v2\/pages\/1966\/revisions"}],"wp:attachment":[{"href":"https:\/\/avocat-gc.com\/divorce\/wp-json\/wp\/v2\/media?parent=1966"}],"wp:term":[{"taxonomy":"priorite","embeddable":true,"href":"https:\/\/avocat-gc.com\/divorce\/wp-json\/wp\/v2\/priorite?post=1966"}],"curies":[{"name":"wp","href":"https:\/\/api.w.org\/{rel}","templated":true}]}}