{"id":1963,"date":"2024-03-29T15:33:45","date_gmt":"2024-03-29T15:33:45","guid":{"rendered":"https:\/\/avocat-gc.com\/divorce\/avocat-divorce-sans-juge-val-de-marne-94\/"},"modified":"2024-03-29T15:33:45","modified_gmt":"2024-03-29T15:33:45","slug":"avocat-divorce-sans-juge-val-de-marne-94","status":"publish","type":"page","link":"https:\/\/avocat-gc.com\/divorce\/avocat-divorce-sans-juge-val-de-marne-94\/","title":{"rendered":"Avocat Divorce sans juge Val-de-Marne (94)"},"content":{"rendered":"<p><a href=\"\/divorce\/avocat-divorce\/\" rel=\"nofollow noopener\" target=\"_parent\">\u25c4 Retour \u00e0 l&rsquo;annuaire des villes<\/a><\/p>\n<p>Avocat Divorce sans juge Val-de-Marne (94)<br \/>\n*\/<\/p>\n<h2>VOTRE DIVORCE SANS JUGE DANS LE VAL-DE-MARNE<\/h2>\n<p> J&rsquo;INTERVIENS DANS TOUTE LA FRANCE <a href=\"\/divorce\/avocat-divorce\/paris\/\" rel=\"nofollow noopener\" title=\"\" target=\"_parent\">Notre cabinet \u00e0 Paris<\/a> : 42 Rue de L\u00fcbeck, 75116 Paris 01 47 04 25 40 <\/p>\n<h3>Les \u00e9tapes de votre divorce<\/h3>\n<p class=\"img-right\"><img decoding=\"async\" alt=\"Avocat Divorce sans juge Val-de-Marne (94)\" title=\"Avocat Divorce sans juge Val-de-Marne (94)\" width=\"170\" border=\"2\" src=\"\/divorce\/wp-content\/uploads\/2024\/04\/divorce-consentement-mutuel.png\" \/><\/p>\n<p align=\"justify\">1.  Le rendez-vous  Il vous suffit de t\u00e9l\u00e9phoner \u00e0 notre cabinet pour prendre rendez-vous avec notre avocat divorce, par t\u00e9l\u00e9phone au 01 47 04 25 40 ou par email \u00e0 <a href=\"mailto:info@avocat-gc.com\">info@avocat-gc.com<\/a>. Nous sommes comp\u00e9tents pour vous divorcer en Ile-de-France, dans le Val-de-Marne. Ce rendez-vous se d\u00e9roulera de la mani\u00e8re suivante:<\/p>\n<p>Nous vous expliquerons le d\u00e9roulement du divorce<br \/>\n Nous r\u00e9digerons la convention de divorce<br \/>\n Nous r\u00e9pondrons \u00e0 vos questions<\/p>\n<p align=\"justify\">2. La signature:\u00a0\u00a0Une fois la convention de divorce r\u00e9dig\u00e9e, nous vous transmettons le projet de divorce pour \u00eatre soumis \u00e0 votre signature dans un d\u00e9lai de 15 jours. Puis le notaire enregistrera votre divorce. Vous serez officiellement divorc\u00e9s. Dans certains cas, un divorce devant le Juge est n\u00e9cessaire. L&rsquo;affaire sera alors constitu\u00e9e d&rsquo;une audience devant le Juge au Tribunal de Grande Instance de Cr\u00e9teil situ\u00e9 rue Pasteur Vallery Radot 94011 CRETEIL CEDEX ouvert du Lundi au Vendredi : de 09h00 \u00e0 18h00 par t\u00e9l\u00e9phone +33 1 49 81 16 00.<\/p>\n<p align=\"justify\">3 L&rsquo;enregistrement  Vous n&rsquo;avez plus rien \u00e0 faire ! Nous vous adresserons directement l&rsquo;attestation d&rsquo;enregistrement de divorce par courrier puis nous remplierons les formalit\u00e9s d&rsquo;inscription de votre divorce sur vos actes d&rsquo;\u00e9tat civil. Pour obtenir davantage d&rsquo;informations sur le divorce sans juge, veuillez suivez le lien ci-dessous:<\/p>\n<\/p>\n<p><a href=\"\/divorce\/divorce-sans-juge\/\" rel=\"nofollow noopener\" target=\"_parent\">\u25ba AVOCAT DIVORCE SANS JUGE<\/a><\/p>\n<h3>Nos honoraires<\/h3>\n<p align=\"justify\">La proc\u00e9dure de divorce la plus rapide et \u00e9conomique est le divorce par consentement mutuel ou divorce \u00e0 l&rsquo;amiable. Pour connaitre toutes les tarifs d&rsquo;un divorce sans juge dans le Val-de-Marne, compl\u00e9tez notre devis en ligne<\/p>\n<\/p>\n<p><a href=\"\/divorce\/avocat-divorce-10-ans-dexperience\/\" rel=\"nofollow noopener\" target=\"_parent\">\u25ba DEVIS: AVOCAT DIVORCE VAL-DE-MARNE<\/a><\/p>\n<h3>Liste des communes d\u00e9pendant du TGI Cr\u00e9teil<\/h3>\n<p>\u25ba<a href=\"\/divorce\/avocat-divorce\/ablon-sur-seine\/\" rel=\"nofollow\">Ablon-sur-Seine 94480<\/a><br \/>\n\u25ba<a href=\"\/divorce\/avocat-divorce\/alfortville\/\" rel=\"nofollow\">Alfortville\t 94140<\/a><br \/>\n\u25ba<a href=\"\/divorce\/avocat-divorce\/arcueil\/\" rel=\"nofollow\">Arcueil 94110<\/a><br \/>\n\u25ba<a href=\"\/divorce\/avocat-divorce\/boissy-saint-leger\/\" rel=\"nofollow\">Boissy-Saint-L\u00e9ger 94470<\/a><br \/>\n\u25ba<a href=\"\/divorce\/avocat-divorce\/bonneuil-sur-marne\/\" rel=\"nofollow\">Bonneuil-sur-Marne 94380<\/a><br \/>\n\u25ba<a href=\"\/divorce\/avocat-divorce\/bry-sur-marne\/\" rel=\"nofollow\">Bry-sur-Marne 94360<\/a><br \/>\n\u25ba<a href=\"\/divorce\/avocat-divorce\/cachan\/\" rel=\"nofollow\">Cachan 94230<\/a><br \/>\n\u25ba<a href=\"\/divorce\/avocat-divorce\/champigny-sur-marne\/\" rel=\"nofollow\">Champigny-sur-Marne 94017<\/a><br \/>\n\u25ba<a href=\"\/divorce\/avocat-divorce\/charenton-le-pont\/\" rel=\"nofollow\">Charenton-le-Pont 94220<\/a><br \/>\n\u25ba<a href=\"\/divorce\/avocat-divorce\/chennevieres-sur-marne\/\" rel=\"nofollow\">Chennevi\u00e8res-sur-Marne 94430<\/a><br \/>\n\u25ba<a href=\"\/divorce\/avocat-divorce\/chevilly-larue\/\" rel=\"nofollow\">Chevilly-Larue 94550<\/a><br \/>\n\u25ba<a href=\"\/divorce\/divorce-sans-juge\/convention-choisy-le-roi\/\" rel=\"nofollow\">Choisy-le-Roi 94600<\/a><br \/>\n\u25ba<a href=\"\/divorce\/avocat-divorce\/creteil\/\" rel=\"nofollow\">Cr\u00e9teil 94000<\/a><br \/>\n\u25ba<a href=\"\/divorce\/avocat-divorce\/fontenay-sous-bois\/\" rel=\"nofollow\">Fontenay-sous-Bois\t94120<\/a><br \/>\n\u25ba<a href=\"\/divorce\/avocat-divorce\/fresnes\/\" rel=\"nofollow\">Fresnes 94260<\/a><br \/>\n\u25ba<a href=\"\/divorce\/avocat-divorce\/gentilly\/\" rel=\"nofollow\">Gentilly 94250<\/a><br \/>\n\u25ba<a href=\"\/divorce\/avocat-divorce\/ivry-sur-seine\/\" rel=\"nofollow\">Ivry-sur-Seine 94200<\/a><br \/>\n\u25ba<a href=\"\/divorce\/avocat-divorce\/joinville-le-pont\/\" rel=\"nofollow\">Joinville-le-Pont 94340<\/a><br \/>\n\u25ba<a href=\"\/divorce\/avocat-divorce\/la-queue-en-brie\/\" rel=\"nofollow\">La Queue-en-Brie 94510<\/a><br \/>\n\u25ba<a href=\"\/divorce\/avocat-divorce\/le-kremlin-bicetre\/\" rel=\"nofollow\">Le Kremlin-Bic\u00eatre 94270<\/a><br \/>\n\u25ba<a href=\"\/divorce\/avocat-divorce\/le-perreux-sur-marne\/\" rel=\"nofollow\">Le Perreux-sur-Marne 94170<\/a><br \/>\n\u25ba<a href=\"\/divorce\/avocat-divorce\/le-plessis-trevise\/\" rel=\"nofollow\">Le Plessis-Tr\u00e9vise 94420<\/a><br \/>\n\u25ba<a href=\"\/divorce\/avocat-divorce\/lhay-les-roses\/\" rel=\"nofollow\">L&rsquo;Ha\u00ff-les-Roses 94240<\/a><br \/>\n\u25ba<a href=\"\/divorce\/avocat-divorce\/limeil-brevannes\/\" rel=\"nofollow\">Limeil-Br\u00e9vannes 94450<\/a><br \/>\n\u25ba<a href=\"\/divorce\/avocat-divorce\/maisons-alfort\/\" rel=\"nofollow\">Maisons-Alfort 94700<\/a><br \/>\n\u25ba<a href=\"\/divorce\/avocat-divorce\/mandres-les-roses\/\" rel=\"nofollow\">Mandres-les-Roses 94520<\/a><br \/>\n\u25ba<a href=\"\/divorce\/avocat-divorce\/marolles-en-brie\/\" rel=\"nofollow\">Marolles-en-Brie 94440<\/a><br \/>\n\u25ba<a href=\"\/divorce\/avocat-divorce\/nogent-sur-marne\/\" rel=\"nofollow\">Nogent-sur-Marne 94130<\/a><br \/>\n\u25ba<a href=\"\/divorce\/avocat-divorce\/noiseau\/\">Noiseau 94880\t<\/a><br \/>\n\u25ba<a href=\"\/divorce\/avocat-divorce\/orly\/\">Orly 94310<\/a><br \/>\n\u25ba<a href=\"\/divorce\/avocat-divorce\/ormesson-sur-marne\/\" rel=\"nofollow\">Ormesson-sur-Marne 94490<\/a><br \/>\n\u25ba<a href=\"\/divorce\/avocat-divorce\/perigny\/\">P\u00e9rigny 94520<\/a><br \/>\n\u25ba<a href=\"\/divorce\/avocat-divorce\/rungis\/\">Rungis 94150<\/a><br \/>\n\u25ba<a href=\"\/divorce\/avocat-divorce\/saint-mande\/\">Saint-Mand\u00e9 94160<\/a><br \/>\n\u25ba<a href=\"\/divorce\/avocat-divorce\/saint-maur-des-fosses\/\">Saint-Maur-des-Foss\u00e9s 94100<\/a><br \/>\n\u25ba<a href=\"\/divorce\/avocat-divorce\/saint-maurice\/\">Saint-Maurice 94410<\/a><br \/>\n\u25ba<a href=\"\/divorce\/avocat-divorce\/santeny\/\">Santeny 94440\t<\/a><br \/>\n\u25ba<a href=\"\/divorce\/avocat-divorce\/sucy-en-brie\/\">Sucy-en-Brie 94370<\/a><br \/>\n\u25ba<a href=\"\/divorce\/avocat-divorce\/thiais\/\">Thiais 94320<\/a><br \/>\n\u25ba<a href=\"\/divorce\/avocat-divorce\/valenton\/\">Valenton 94460<\/a><br \/>\n\u25ba<a href=\"\/divorce\/avocat-divorce\/villecresnes\/\">Villecresnes 94440<\/a><br \/>\n\u25ba<a href=\"\/divorce\/avocat-divorce\/villejuif\/\" rel=\"nofollow\">Villejuif 94800<\/a><br \/>\n\u25ba<a href=\"\/divorce\/avocat-divorce\/villeneuve-le-roi\/\">Villeneuve-le-Roi 94290<\/a><br \/>\n\u25ba<a href=\"\/divorce\/avocat-divorce\/villeneuve-saint-georges\/\">Villeneuve-Saint-Georges 94190<\/a><br \/>\n\u25ba<a href=\"\/divorce\/avocat-divorce\/villiers-sur-marne\/\">Villiers-sur-Marne 94350<\/a><br \/>\n\u25ba<a href=\"\/divorce\/avocat-divorce\/vincennes\/\">Vincennes 94300<\/a><br \/>\n\u25ba<a href=\"\/divorce\/avocat-divorce\/vitry-sur-seine\/\" rel=\"nofollow\">Vitry-sur-Seine 94400<\/a><\/p>\n","protected":false},"excerpt":{"rendered":"<p>\u25c4 Retour \u00e0 l&rsquo;annuaire des villes Avocat Divorce sans juge Val-de-Marne (94) *\/ VOTRE DIVORCE SANS JUGE DANS LE VAL-DE-MARNE J&rsquo;INTERVIENS DANS TOUTE LA FRANCE Notre cabinet \u00e0 Paris : 42 Rue de L\u00fcbeck, 75116 Paris 01 47 04 25 40 Les \u00e9tapes de votre divorce 1. Le rendez-vous Il vous suffit de t\u00e9l\u00e9phoner \u00e0 [&hellip;]<\/p>\n","protected":false},"author":1,"featured_media":0,"parent":0,"menu_order":0,"comment_status":"closed","ping_status":"closed","template":"","meta":{"_acf_changed":false,"inline_featured_image":false,"footnotes":""},"priorite":[],"class_list":["post-1963","page","type-page","status-publish","hentry"],"acf":[],"yoast_head":"<!-- This site is optimized with the Yoast SEO plugin v27.6 - https:\/\/yoast.com\/product\/yoast-seo-wordpress\/ -->\n<title>Avocat Divorce sans juge Val-de-Marne (94) - Avocat Divorce<\/title>\n<meta name=\"description\" content=\"Contactez un Avocat divorce dans le Val-de-Marne (94) et divorcez \u00e0 l&#039;amiable sans juge en 1 mois \u00e0 partir de 425\u20ac TTC. Recevez un devis gratuit et imm\u00e9diat pour votre divorce par consentement mutuel\" \/>\n<meta name=\"robots\" content=\"index, follow, max-snippet:-1, max-image-preview:large, max-video-preview:-1\" \/>\n<link rel=\"canonical\" href=\"https:\/\/avocat-gc.com\/divorce\/avocat-divorce-sans-juge-val-de-marne-94\/\" \/>\n<meta property=\"og:locale\" content=\"fr_FR\" \/>\n<meta property=\"og:type\" content=\"article\" \/>\n<meta property=\"og:title\" content=\"Avocat Divorce sans juge Val-de-Marne (94) - Avocat Divorce\" \/>\n<meta property=\"og:description\" content=\"Contactez un Avocat divorce dans le Val-de-Marne (94) et divorcez \u00e0 l&#039;amiable sans juge en 1 mois \u00e0 partir de 425\u20ac TTC. Recevez un devis gratuit et imm\u00e9diat pour votre divorce par consentement mutuel\" \/>\n<meta property=\"og:url\" content=\"https:\/\/avocat-gc.com\/divorce\/avocat-divorce-sans-juge-val-de-marne-94\/\" \/>\n<meta property=\"og:site_name\" content=\"Avocat GC - Avocat Divorce\" \/>\n<meta name=\"twitter:card\" content=\"summary_large_image\" \/>\n<script type=\"application\/ld+json\" class=\"yoast-schema-graph\">{\"@context\":\"https:\\\/\\\/schema.org\",\"@graph\":[{\"@type\":\"WebPage\",\"@id\":\"https:\\\/\\\/avocat-gc.com\\\/divorce\\\/avocat-divorce-sans-juge-val-de-marne-94\\\/\",\"url\":\"https:\\\/\\\/avocat-gc.com\\\/divorce\\\/avocat-divorce-sans-juge-val-de-marne-94\\\/\",\"name\":\"Avocat Divorce sans juge Val-de-Marne (94) - Avocat Divorce\",\"isPartOf\":{\"@id\":\"https:\\\/\\\/avocat-gc.com\\\/divorce\\\/#website\"},\"datePublished\":\"2024-03-29T15:33:45+00:00\",\"description\":\"Contactez un Avocat divorce dans le Val-de-Marne (94) et divorcez \u00e0 l'amiable sans juge en 1 mois \u00e0 partir de 425\u20ac TTC. Recevez un devis gratuit et imm\u00e9diat pour votre divorce par consentement mutuel\",\"breadcrumb\":{\"@id\":\"https:\\\/\\\/avocat-gc.com\\\/divorce\\\/avocat-divorce-sans-juge-val-de-marne-94\\\/#breadcrumb\"},\"inLanguage\":\"fr-FR\",\"potentialAction\":[{\"@type\":\"ReadAction\",\"target\":[\"https:\\\/\\\/avocat-gc.com\\\/divorce\\\/avocat-divorce-sans-juge-val-de-marne-94\\\/\"]}]},{\"@type\":\"BreadcrumbList\",\"@id\":\"https:\\\/\\\/avocat-gc.com\\\/divorce\\\/avocat-divorce-sans-juge-val-de-marne-94\\\/#breadcrumb\",\"itemListElement\":[{\"@type\":\"ListItem\",\"position\":1,\"name\":\"Accueil\",\"item\":\"https:\\\/\\\/avocat-gc.com\\\/divorce\\\/\"},{\"@type\":\"ListItem\",\"position\":2,\"name\":\"Avocat Divorce sans juge Val-de-Marne (94)\"}]},{\"@type\":\"WebSite\",\"@id\":\"https:\\\/\\\/avocat-gc.com\\\/divorce\\\/#website\",\"url\":\"https:\\\/\\\/avocat-gc.com\\\/divorce\\\/\",\"name\":\"Avocat GC - Avocat Divorce\",\"description\":\"\",\"publisher\":{\"@id\":\"https:\\\/\\\/avocat-gc.com\\\/divorce\\\/#organization\"},\"potentialAction\":[{\"@type\":\"SearchAction\",\"target\":{\"@type\":\"EntryPoint\",\"urlTemplate\":\"https:\\\/\\\/avocat-gc.com\\\/divorce\\\/?s={search_term_string}\"},\"query-input\":{\"@type\":\"PropertyValueSpecification\",\"valueRequired\":true,\"valueName\":\"search_term_string\"}}],\"inLanguage\":\"fr-FR\"},{\"@type\":\"Organization\",\"@id\":\"https:\\\/\\\/avocat-gc.com\\\/divorce\\\/#organization\",\"name\":\"Avocat GC - Avocat Divorce\",\"url\":\"https:\\\/\\\/avocat-gc.com\\\/divorce\\\/\",\"logo\":{\"@type\":\"ImageObject\",\"inLanguage\":\"fr-FR\",\"@id\":\"https:\\\/\\\/avocat-gc.com\\\/divorce\\\/#\\\/schema\\\/logo\\\/image\\\/\",\"url\":\"https:\\\/\\\/avocat-gc.com\\\/divorce\\\/wp-content\\\/uploads\\\/2024\\\/04\\\/cropped-Sans-titre.png\",\"contentUrl\":\"https:\\\/\\\/avocat-gc.com\\\/divorce\\\/wp-content\\\/uploads\\\/2024\\\/04\\\/cropped-Sans-titre.png\",\"width\":200,\"height\":180,\"caption\":\"Avocat GC - Avocat Divorce\"},\"image\":{\"@id\":\"https:\\\/\\\/avocat-gc.com\\\/divorce\\\/#\\\/schema\\\/logo\\\/image\\\/\"}}]}<\/script>\n<!-- \/ Yoast SEO plugin. -->","yoast_head_json":{"title":"Avocat Divorce sans juge Val-de-Marne (94) - Avocat Divorce","description":"Contactez un Avocat divorce dans le Val-de-Marne (94) et divorcez \u00e0 l'amiable sans juge en 1 mois \u00e0 partir de 425\u20ac TTC. Recevez un devis gratuit et imm\u00e9diat pour votre divorce par consentement mutuel","robots":{"index":"index","follow":"follow","max-snippet":"max-snippet:-1","max-image-preview":"max-image-preview:large","max-video-preview":"max-video-preview:-1"},"canonical":"https:\/\/avocat-gc.com\/divorce\/avocat-divorce-sans-juge-val-de-marne-94\/","og_locale":"fr_FR","og_type":"article","og_title":"Avocat Divorce sans juge Val-de-Marne (94) - Avocat Divorce","og_description":"Contactez un Avocat divorce dans le Val-de-Marne (94) et divorcez \u00e0 l'amiable sans juge en 1 mois \u00e0 partir de 425\u20ac TTC. Recevez un devis gratuit et imm\u00e9diat pour votre divorce par consentement mutuel","og_url":"https:\/\/avocat-gc.com\/divorce\/avocat-divorce-sans-juge-val-de-marne-94\/","og_site_name":"Avocat GC - Avocat Divorce","twitter_card":"summary_large_image","schema":{"@context":"https:\/\/schema.org","@graph":[{"@type":"WebPage","@id":"https:\/\/avocat-gc.com\/divorce\/avocat-divorce-sans-juge-val-de-marne-94\/","url":"https:\/\/avocat-gc.com\/divorce\/avocat-divorce-sans-juge-val-de-marne-94\/","name":"Avocat Divorce sans juge Val-de-Marne (94) - Avocat Divorce","isPartOf":{"@id":"https:\/\/avocat-gc.com\/divorce\/#website"},"datePublished":"2024-03-29T15:33:45+00:00","description":"Contactez un Avocat divorce dans le Val-de-Marne (94) et divorcez \u00e0 l'amiable sans juge en 1 mois \u00e0 partir de 425\u20ac TTC. Recevez un devis gratuit et imm\u00e9diat pour votre divorce par consentement mutuel","breadcrumb":{"@id":"https:\/\/avocat-gc.com\/divorce\/avocat-divorce-sans-juge-val-de-marne-94\/#breadcrumb"},"inLanguage":"fr-FR","potentialAction":[{"@type":"ReadAction","target":["https:\/\/avocat-gc.com\/divorce\/avocat-divorce-sans-juge-val-de-marne-94\/"]}]},{"@type":"BreadcrumbList","@id":"https:\/\/avocat-gc.com\/divorce\/avocat-divorce-sans-juge-val-de-marne-94\/#breadcrumb","itemListElement":[{"@type":"ListItem","position":1,"name":"Accueil","item":"https:\/\/avocat-gc.com\/divorce\/"},{"@type":"ListItem","position":2,"name":"Avocat Divorce sans juge Val-de-Marne (94)"}]},{"@type":"WebSite","@id":"https:\/\/avocat-gc.com\/divorce\/#website","url":"https:\/\/avocat-gc.com\/divorce\/","name":"Avocat GC - Avocat Divorce","description":"","publisher":{"@id":"https:\/\/avocat-gc.com\/divorce\/#organization"},"potentialAction":[{"@type":"SearchAction","target":{"@type":"EntryPoint","urlTemplate":"https:\/\/avocat-gc.com\/divorce\/?s={search_term_string}"},"query-input":{"@type":"PropertyValueSpecification","valueRequired":true,"valueName":"search_term_string"}}],"inLanguage":"fr-FR"},{"@type":"Organization","@id":"https:\/\/avocat-gc.com\/divorce\/#organization","name":"Avocat GC - Avocat Divorce","url":"https:\/\/avocat-gc.com\/divorce\/","logo":{"@type":"ImageObject","inLanguage":"fr-FR","@id":"https:\/\/avocat-gc.com\/divorce\/#\/schema\/logo\/image\/","url":"https:\/\/avocat-gc.com\/divorce\/wp-content\/uploads\/2024\/04\/cropped-Sans-titre.png","contentUrl":"https:\/\/avocat-gc.com\/divorce\/wp-content\/uploads\/2024\/04\/cropped-Sans-titre.png","width":200,"height":180,"caption":"Avocat GC - Avocat Divorce"},"image":{"@id":"https:\/\/avocat-gc.com\/divorce\/#\/schema\/logo\/image\/"}}]}},"_links":{"self":[{"href":"https:\/\/avocat-gc.com\/divorce\/wp-json\/wp\/v2\/pages\/1963","targetHints":{"allow":["GET"]}}],"collection":[{"href":"https:\/\/avocat-gc.com\/divorce\/wp-json\/wp\/v2\/pages"}],"about":[{"href":"https:\/\/avocat-gc.com\/divorce\/wp-json\/wp\/v2\/types\/page"}],"author":[{"embeddable":true,"href":"https:\/\/avocat-gc.com\/divorce\/wp-json\/wp\/v2\/users\/1"}],"replies":[{"embeddable":true,"href":"https:\/\/avocat-gc.com\/divorce\/wp-json\/wp\/v2\/comments?post=1963"}],"version-history":[{"count":0,"href":"https:\/\/avocat-gc.com\/divorce\/wp-json\/wp\/v2\/pages\/1963\/revisions"}],"wp:attachment":[{"href":"https:\/\/avocat-gc.com\/divorce\/wp-json\/wp\/v2\/media?parent=1963"}],"wp:term":[{"taxonomy":"priorite","embeddable":true,"href":"https:\/\/avocat-gc.com\/divorce\/wp-json\/wp\/v2\/priorite?post=1963"}],"curies":[{"name":"wp","href":"https:\/\/api.w.org\/{rel}","templated":true}]}}