{"id":1894,"date":"2017-07-04T00:00:00","date_gmt":"2017-07-04T00:00:00","guid":{"rendered":"https:\/\/avocat-gc.com\/divorce\/avocat-divorce-sans-juge-morbihan-56\/"},"modified":"2017-07-04T00:00:00","modified_gmt":"2017-07-04T00:00:00","slug":"avocat-divorce-sans-juge-morbihan-56","status":"publish","type":"page","link":"https:\/\/avocat-gc.com\/divorce\/avocat-divorce-sans-juge-morbihan-56\/","title":{"rendered":"Avocat Divorce sans juge Morbihan (56)"},"content":{"rendered":"<p><a href=\"\/divorce\/avocat-divorce\/\" rel=\"nofollow noopener\" target=\"_parent\">\u25c4 Retour \u00e0 l&rsquo;annuaire des villes<\/a><\/p>\n<p>Avocat Divorce sans juge Morbihan (56)<br \/>\n*\/<\/p>\n<h2>VOTRE DIVORCE SANS JUGE DANS LE MORBIHAN (56)<\/h2>\n<p> J&rsquo;INTERVIENS DANS TOUTE LA FRANCE <a href=\"\/divorce\/avocat-divorce\/paris\/\" rel=\"nofollow noopener\" title=\"\" target=\"_parent\">Notre cabinet \u00e0 Paris<\/a> : 42 Rue de L\u00fcbeck, 75116 Paris 01 47 04 25 40 <\/p>\n<h3>Les \u00e9tapes de votre divorce<\/h3>\n<p class=\"img-right\"><img decoding=\"async\" alt=\"avocat divorce sans juge Morbihan (56)\" title=\"avocat divorce sans juge Morbihan (56)\" width=\"170\" border=\"2\" src=\"\/divorce\/wp-content\/uploads\/2024\/04\/divorce-consentement-mutuel.png\" \/><\/p>\n<p align=\"justify\">1.  Le rendez-vous : Contactez nous par t\u00e9l\u00e9phone au 01 47 04 25 40 ou par email \u00e0 <a href=\"mailto:info@avocat-gc.com\">info@avocat-gc.com<\/a> afin de fixer un rendez-vous avec notre avocat divorce. Nous sommes comp\u00e9tents pour vous divorcer dans la r\u00e9gion Hauts-de-France, dans le d\u00e9partement dans le Morbihan (56). Lors de cet entretien, nous aborderons les points suivants :<\/p>\n<p>Les diff\u00e9rentes \u00e9tapes de votre proc\u00e9dure de divorce<br \/>\n La r\u00e9daction de la convention de divorce<br \/>\nLes diff\u00e9rentes questions li\u00e9es \u00e0 votre divorce.<\/p>\n<p align=\"justify\">2. La signature:\u00a0\u00a0Une fois la convention de divorce r\u00e9dig\u00e9e, nous vous transmettons le projet de convention de divorce pour \u00eatre soumis \u00e0 votre signature dans un d\u00e9lai de 15 jours. Le notaire se chargera, une fois les documents sign\u00e9s, d&rsquo;enregistrer votre divorce Dans certains cas, un divorce devant le Juge est n\u00e9cessaire. L&rsquo;affaire sera alors constitu\u00e9e d&rsquo;une audience devant le Juge aux Affaires Familiales du Tribunal de Grande Instance de Vannes situ\u00e9  22 place de la R\u00e9publique BP 503 56019 VANNES CEDEX, joignable par t\u00e9l\u00e9phone au 02 97 43 77 00 &#8211; du Tribunal de Grande Instance de Lorient situ\u00e9 1 rue Ma\u00eetre Esvelin Porte A 56325 LORIENT CEDEX, joignable par t\u00e9l\u00e9phone au 02 97 84 12 50<\/p>\n<p align=\"justify\">3 L&rsquo;enregistrement:  Vous n&rsquo;avez plus rien \u00e0 faire ! Nous vous ferons parvenir par voie postale, l&rsquo;attestation d&rsquo;enregistrement de divorce, puis nous nous chargerons de l&rsquo;inscription de votre divorce sur vos actes d&rsquo;\u00e9tat civil. Vous souhaitez divorcer sans juge dans le Morbihan (56)? Consultez notre page sp\u00e9ciale divorce sans juge:<\/p>\n<\/p>\n<p><a href=\"\/divorce\/divorce-sans-juge\/\" rel=\"nofollow noopener\" target=\"_parent\">\u25baAVOCAT DIVORCE SANS JUGE<\/a><\/p>\n<h3>Nos honoraires<\/h3>\n<p align=\"justify\">Pour connaitre le tarif d&rsquo;un divorce sans juge dans le Morbihan (56) ou pour vous renseigner sur nos honoraires, merci de bien vouloir compl\u00e9ter notre devis en ligne<\/p>\n<\/p>\n<p><a href=\"\/divorce\/avocat-divorce-10-ans-dexperience\/\" rel=\"nofollow noopener\" target=\"_parent\">\u25ba DEVIS: AVOCAT DIVORCE MORBIHAN<\/a><\/p>\n<h3>Liste des communes d\u00e9pendant des TGI de Vannes et Lorient<\/h3>\n<p>\u25baAllaire  56350<br \/>\n\u25baAmbon  56190<br \/>\n\u25ba<a href=\"\/divorce\/avocat-divorce\/arradon\/\">Arradon  56610<\/a><br \/>\n\u25baArzal  56190<br \/>\n\u25baArzon  56640<br \/>\n\u25baAugan  56800<br \/>\n\u25ba<a href=\"\/divorce\/avocat-divorce\/auray\/\">Auray  56400<\/a><br \/>\n\u25baBaden  56870<br \/>\n\u25baBangor  56360<br \/>\n\u25ba<a href=\"\/divorce\/avocat-divorce\/baud\/\">Baud  56150<\/a><br \/>\n\u25baB\u00e9ganne  56350<br \/>\n\u25baBeignon  56380<br \/>\n\u25baBelz  56550<br \/>\n\u25baBern\u00e9  56240<br \/>\n\u25baBerric  56230<br \/>\n\u25baBieuzy  56310<br \/>\n\u25baBignan  56500<br \/>\n\u25baBilliers  56190<br \/>\n\u25baBillio  56420<br \/>\n\u25baBohal  56140<br \/>\n\u25baBono  56400<br \/>\n\u25baBrand\u00e9rion  56700<br \/>\n\u25baBrandivy  56390<br \/>\n\u25ba<a href=\"\/divorce\/avocat-divorce\/brech\/\">Brec&rsquo;h  56400<\/a><br \/>\n\u25baBr\u00e9han  56580<br \/>\n\u25baBrignac  56430<br \/>\n\u25baBubry  56310<br \/>\n\u25baBul\u00e9on  56420<br \/>\n\u25baCaden  56220<br \/>\n\u25baCalan  56240<br \/>\n\u25baCamo\u00ebl  56130<br \/>\n\u25baCamors  56330<br \/>\n\u25baCamp\u00e9n\u00e9ac  56800<br \/>\n\u25baCarentoir  56910<br \/>\n\u25ba<a href=\"\/divorce\/avocat-divorce\/carnac\/\">Carnac  56340<\/a><br \/>\n\u25baCaro  56140<br \/>\n\u25ba<a href=\"\/divorce\/avocat-divorce\/caudan\/\">Caudan  56850<\/a><br \/>\n\u25baCl\u00e9guer  56620<br \/>\n\u25baCl\u00e9gu\u00e9rec  56480<br \/>\n\u25baColpo  56390<br \/>\n\u25baConcoret  56430<br \/>\n\u25baCournon  56200<br \/>\n\u25baCrach  56950<br \/>\n\u25baCr\u00e9din  56580<br \/>\n\u25baCroixanvec  56920<br \/>\n\u25baCruguel  56420<br \/>\n\u25baDamgan  56750<br \/>\n\u25baElven  56250<br \/>\n\u25baErdeven  56410<br \/>\n\u25ba\u00c9tel  56410<br \/>\n\u25ba\u00c9vriguet  56490<br \/>\n\u25baF\u00e9rel  56130<br \/>\n\u25baG\u00e2vres  56680<br \/>\n\u25baGestel  56530<br \/>\n\u25baGl\u00e9nac  56200<br \/>\n\u25baGourhel  56800<br \/>\n\u25ba<a href=\"\/divorce\/avocat-divorce\/gourin\/\">Gourin  56110<\/a><br \/>\n\u25ba<a href=\"\/divorce\/avocat-divorce\/grand-champ\/\">Grand-Champ  56390<\/a><br \/>\n\u25baGroix  56590<br \/>\n\u25baGu\u00e9gon  56120<br \/>\n\u25baGu\u00e9henno  56420<br \/>\n\u25baGueltas  56920<br \/>\n\u25baGu\u00e9men\u00e9-sur-Scorff  56160<br \/>\n\u25baGu\u00e9nin  56150<br \/>\n\u25ba<a href=\"\/divorce\/avocat-divorce\/guer\/\">Guer  56380<\/a><br \/>\n\u25baGuern  56310<br \/>\n\u25ba<a href=\"\/divorce\/avocat-divorce\/guidel\/\">Guidel  56520<\/a><br \/>\n\u25baGuillac  56800<br \/>\n\u25baGuilliers  56490<br \/>\n\u25baGuiscriff  56560<br \/>\n\u25baHell\u00e9an  56120<br \/>\n\u25ba<a href=\"\/divorce\/avocat-divorce\/hennebont\/\">Hennebont  56700<\/a><br \/>\n\u25baHoedic  56170<br \/>\n\u25ba\u00cele-aux-Moines  56780<br \/>\n\u25ba\u00cele-d&rsquo;Arz  56840<br \/>\n\u25ba\u00cele-d&rsquo;Houat  56170<br \/>\n\u25baInguiniel  56240<br \/>\n\u25ba<a href=\"\/divorce\/avocat-divorce\/inzinzac-lochrist\/\">Inzinzac-Lochrist  56650<\/a><br \/>\n\u25baJosselin  56120<br \/>\n\u25baKerfourn  56920<br \/>\n\u25baKergrist  56300<br \/>\n\u25baKernascl\u00e9den  56540<br \/>\n\u25baKervignac  56700<br \/>\n\u25baLa Chapelle-Caro  56460<br \/>\n\u25baLa Chapelle-Gaceline  56200<br \/>\n\u25baLa Chapelle-Neuve  56500<br \/>\n\u25baLa Croix-Hell\u00e9an  56120<br \/>\n\u25baLa Gacilly  56200<br \/>\n\u25baLa Gr\u00e9e-Saint-Laurent  56120<br \/>\n\u25baLa Roche-Bernard  56130<br \/>\n\u25baLa Trinit\u00e9-Porho\u00ebt  56490<br \/>\n\u25baLa Trinit\u00e9-sur-Mer  56470<br \/>\n\u25baLa Trinit\u00e9-Surzur  56190<br \/>\n\u25baLa Vraie-Croix  56250<br \/>\n\u25baLandaul  56690<br \/>\n\u25baLand\u00e9vant  56690<br \/>\n\u25ba<a href=\"\/divorce\/avocat-divorce\/lanester\/\">Lanester  56600<\/a><br \/>\n\u25baLango\u00eblan  56160<br \/>\n\u25baLangonnet  56630<br \/>\n\u25ba<a href=\"\/divorce\/avocat-divorce\/languidic\/\">Languidic  56440<\/a><br \/>\n\u25baLanou\u00e9e  56120<br \/>\n\u25baLantillac  56120<br \/>\n\u25baLanvaudan  56240<br \/>\n\u25baLanv\u00e9n\u00e9gen  56320<br \/>\n\u25baLarmor-Baden  56870<br \/>\n\u25ba<a href=\"\/divorce\/avocat-divorce\/larmor-plage\/\">Larmor-Plage  56260<\/a><br \/>\n\u25baLarr\u00e9  56230<br \/>\n\u25baLauzach  56190<br \/>\n\u25baLe Cours  56230<br \/>\n\u25baLe Croisty  56540<br \/>\n\u25baLe Faou\u00ebt  56320<br \/>\n\u25baLe Guerno  56190<br \/>\n\u25baLe H\u00e9zo  56450<br \/>\n\u25baLe Palais  56360<br \/>\n\u25baLe Roc-Saint-Andr\u00e9  56460<br \/>\n\u25baLe Saint  56110<br \/>\n\u25baLe Sourn  56300<br \/>\n\u25baLe Tour-du-Parc  56370<br \/>\n\u25baLes Forges  56120<br \/>\n\u25baLes Fouger\u00eats  56200<br \/>\n\u25baLignol  56160<br \/>\n\u25baLimerzel  56220<br \/>\n\u25baLizio  56460<br \/>\n\u25baLocmalo  56160<br \/>\n\u25baLocmaria  56360<br \/>\n\u25baLocmaria-Grand-Champ  56390<br \/>\n\u25baLocmariaquer  56740<br \/>\n\u25baLocmin\u00e9  56500<br \/>\n\u25baLocmiqu\u00e9lic  56570<br \/>\n\u25baLocoal-Mendon  56550<br \/>\n\u25baLocqueltas  56390<br \/>\n\u25ba<a href=\"\/divorce\/avocat-divorce\/lorient\/\">Lorient  56100<\/a><br \/>\n\u25baLoyat  56800<br \/>\n\u25baMalansac  56220<br \/>\n\u25baMalestroit  56140<br \/>\n\u25baMalgu\u00e9nac  56300<br \/>\n\u25baMarzan  56130<br \/>\n\u25baMauron  56430<br \/>\n\u25baMelrand  56310<br \/>\n\u25baM\u00e9n\u00e9ac  56490<br \/>\n\u25baMerlevenez  56700<br \/>\n\u25baMeslan  56320<br \/>\n\u25baMeucon  56890<br \/>\n\u25baMissiriac  56140<br \/>\n\u25baMohon  56490<br \/>\n\u25baMolac  56230<br \/>\n\u25baMonteneuf  56380<br \/>\n\u25baMonterblanc  56250<br \/>\n\u25baMonterrein  56800<br \/>\n\u25baMontertelot  56800<br \/>\n\u25baMor\u00e9ac  56500<br \/>\n\u25baMoustoir-Ac  56500<br \/>\n\u25baMoustoir-Remungol  56500<br \/>\n\u25baMuzillac  56190<br \/>\n\u25baNaizin  56500<br \/>\n\u25baN\u00e9ant-sur-Yvel  56430<br \/>\n\u25baNeulliac  56300<br \/>\n\u25baNivillac  56130<br \/>\n\u25baNostang  56690<br \/>\n\u25baNoyal-Muzillac  56190<br \/>\n\u25baNoyal-Pontivy  56920<br \/>\n\u25baNoyalo  56450<br \/>\n\u25baP\u00e9aule  56130<br \/>\n\u25baPeillac  56220<br \/>\n\u25baP\u00e9nestin  56760<br \/>\n\u25baPersquen  56160<br \/>\n\u25baPlaudren  56420<br \/>\n\u25baPlescop  56890<br \/>\n\u25baPleucadeuc  56140<br \/>\n\u25baPleugriffet  56120<br \/>\n\u25baPloemel  56400<br \/>\n\u25ba<a href=\"\/divorce\/avocat-divorce\/ploemeur\/\">Ploemeur  56270<\/a><br \/>\n\u25baPlo\u00ebrdut  56160<br \/>\n\u25baPloeren  56880<br \/>\n\u25ba<a href=\"\/divorce\/avocat-divorce\/ploermel\/\">Plo\u00ebrmel  56800<\/a><br \/>\n\u25ba<a href=\"\/divorce\/avocat-divorce\/plouay\/\">Plouay  56240<\/a><br \/>\n\u25baPlougoumelen  56400<br \/>\n\u25baPlouharnel  56340<br \/>\n\u25baPlouhinec  56680<br \/>\n\u25baPlouray  56770<br \/>\n\u25baPluherlin  56220<br \/>\n\u25baPlumelec  56420<br \/>\n\u25baPlum\u00e9liau  56930<br \/>\n\u25baPlumelin  56500<br \/>\n\u25baPlumergat  56400<br \/>\n\u25baPluneret  56400<br \/>\n\u25ba<a href=\"\/divorce\/avocat-divorce\/pluvigner\/\">Pluvigner  56330<\/a><br \/>\n\u25baPont-Scorff  56620<br \/>\n\u25ba<a href=\"\/divorce\/avocat-divorce\/ploemeur\/\">Pontivy  56300<\/a><br \/>\n\u25baPorcaro  56380<br \/>\n\u25baPort-Louis  56290<br \/>\n\u25baPriziac  56320<br \/>\n\u25baQuelneuc  56910<br \/>\n\u25ba<a href=\"\/divorce\/avocat-divorce\/questembert\/\">Questembert  56230<\/a><br \/>\n\u25ba<a href=\"\/divorce\/avocat-divorce\/queven\/\">Qu\u00e9ven  56530<\/a><br \/>\n\u25ba<a href=\"\/divorce\/avocat-divorce\/quiberon\/\">Quiberon  56170<\/a><br \/>\n\u25baQuily  56800<br \/>\n\u25baQuistinic  56310<br \/>\n\u25baRadenac  56500<br \/>\n\u25baR\u00e9guiny  56500<br \/>\n\u25baR\u00e9miniac  56140<br \/>\n\u25baRemungol  56500<br \/>\n\u25ba<a href=\"\/divorce\/avocat-divorce\/riantec\/\">Riantec  56670<\/a><br \/>\n\u25baRieux  56350<br \/>\n\u25baRochefort-en-Terre  56220<br \/>\n\u25baRohan  56580<br \/>\n\u25baRoudouallec  56110<br \/>\n\u25baRuffiac  56140<br \/>\n\u25baSaint-Abraham  56140<br \/>\n\u25baSaint-Aignan  56480<br \/>\n\u25baSaint-Allouestre  56500<br \/>\n\u25baSaint-Armel  56450<br \/>\n\u25ba<a href=\"\/divorce\/avocat-divorce\/saint-ave\/\">Saint-Av\u00e9  56890<\/a><br \/>\n\u25baSaint-Barth\u00e9lemy  56150<br \/>\n\u25baSaint-Brieuc-de-Mauron  56430<br \/>\n\u25baSaint-Caradec-Tr\u00e9gomel  56540<br \/>\n\u25baSaint-Congard  56140<br \/>\n\u25baSaint-Dolay  56130<br \/>\n\u25baSaint-G\u00e9rand  56920<br \/>\n\u25baSaint-Gildas-de-Rhuys  56730<br \/>\n\u25baSaint-Gonnery  56920<br \/>\n\u25baSaint-Gorgon  56350<br \/>\n\u25baSaint-Grav\u00e9  56220<br \/>\n\u25baSaint-Guyomard  56460<br \/>\n\u25baSaint-Jacut-les-Pins  56220<br \/>\n\u25baSaint-Jean-Br\u00e9velay  56660<br \/>\n\u25baSaint-Jean-la-Poterie  56350<br \/>\n\u25baSaint-Laurent-sur-Oust  56140<br \/>\n\u25baSaint-L\u00e9ry  56430<br \/>\n\u25baSaint-Malo-de-Beignon  56380<br \/>\n\u25baSaint-Malo-des-Trois-Fontaines  56490<br \/>\n\u25baSaint-Marcel  56140<br \/>\n\u25baSaint-Martin-sur-Oust  56200<br \/>\n\u25baSaint-Nicolas-du-Tertre  56910<br \/>\n\u25baSaint-Nolff  56250<br \/>\n\u25baSaint-Perreux  56360<br \/>\n\u25baSaint-Philibert  56470<br \/>\n\u25baSaint-Pierre-Quiberon  56510<br \/>\n\u25baSaint-Servant  56120<br \/>\n\u25baSaint-Thuriau  56300<br \/>\n\u25baSaint-Tugdual  56540<br \/>\n\u25baSaint-Vincent-sur-Oust  56350<br \/>\n\u25baSainte-Anne-d&rsquo;Auray  56400<br \/>\n\u25baSainte-Brigitte  56480<br \/>\n\u25baSainte-H\u00e9l\u00e8ne  56700<br \/>\n\u25ba<a href=\"\/divorce\/avocat-divorce\/sarzeau\/\">Sarzeau  56370<\/a><br \/>\n\u25baSauzon  56360<br \/>\n\u25baS\u00e9glien  56160<br \/>\n\u25ba<a href=\"\/divorce\/avocat-divorce\/sene\/\">S\u00e9n\u00e9  56860<\/a><br \/>\n\u25baS\u00e9rent  56460<br \/>\n\u25baSilfiac  56480<br \/>\n\u25baSulniac  56250<br \/>\n\u25baSurzur  56450<br \/>\n\u25baTaupont  56800<br \/>\n\u25baTh\u00e9hillac  56130<br \/>\n\u25ba<a href=\"\/divorce\/avocat-divorce\/theix\/\">Theix  56450<\/a><br \/>\n\u25baTr\u00e9al  56140<br \/>\n\u25baTr\u00e9dion  56250<br \/>\n\u25baTreffl\u00e9an  56250<br \/>\n\u25baTr\u00e9horenteuc  56430<br \/>\n\u25ba<a href=\"\/divorce\/avocat-divorce\/vannes\/\">Vannes  56000<\/a><\/p>\n","protected":false},"excerpt":{"rendered":"<p>\u25c4 Retour \u00e0 l&rsquo;annuaire des villes Avocat Divorce sans juge Morbihan (56) *\/ VOTRE DIVORCE SANS JUGE DANS LE MORBIHAN (56) J&rsquo;INTERVIENS DANS TOUTE LA FRANCE Notre cabinet \u00e0 Paris : 42 Rue de L\u00fcbeck, 75116 Paris 01 47 04 25 40 Les \u00e9tapes de votre divorce 1. Le rendez-vous : Contactez nous par t\u00e9l\u00e9phone [&hellip;]<\/p>\n","protected":false},"author":1,"featured_media":0,"parent":0,"menu_order":0,"comment_status":"closed","ping_status":"closed","template":"","meta":{"_acf_changed":false,"inline_featured_image":false,"footnotes":""},"priorite":[],"class_list":["post-1894","page","type-page","status-publish","hentry"],"acf":[],"yoast_head":"<!-- This site is optimized with the Yoast SEO plugin v27.6 - https:\/\/yoast.com\/product\/yoast-seo-wordpress\/ -->\n<title>Avocat Divorce sans juge Morbihan (56) - Avocat Divorce<\/title>\n<meta name=\"description\" content=\"Divorcez dans le Morbihan (56) en 1 mois \u00e0 partir de 425\u20ac TTC. Contactez un Avocat divorce au \u260e 01.47.04.25.40 . Recevez un devis gratuit et imm\u00e9diat pour votre divorce. Cabinet Avocat GC. Divorce amiable - Divorce sans juge\" \/>\n<meta name=\"robots\" content=\"index, follow, max-snippet:-1, max-image-preview:large, max-video-preview:-1\" \/>\n<link rel=\"canonical\" href=\"https:\/\/avocat-gc.com\/divorce\/avocat-divorce-sans-juge-morbihan-56\/\" \/>\n<meta property=\"og:locale\" content=\"fr_FR\" \/>\n<meta property=\"og:type\" content=\"article\" \/>\n<meta property=\"og:title\" content=\"Avocat Divorce sans juge Morbihan (56) - Avocat Divorce\" \/>\n<meta property=\"og:description\" content=\"Divorcez dans le Morbihan (56) en 1 mois \u00e0 partir de 425\u20ac TTC. Contactez un Avocat divorce au \u260e 01.47.04.25.40 . Recevez un devis gratuit et imm\u00e9diat pour votre divorce. Cabinet Avocat GC. Divorce amiable - Divorce sans juge\" \/>\n<meta property=\"og:url\" content=\"https:\/\/avocat-gc.com\/divorce\/avocat-divorce-sans-juge-morbihan-56\/\" \/>\n<meta property=\"og:site_name\" content=\"Avocat GC - Avocat Divorce\" \/>\n<meta name=\"twitter:card\" content=\"summary_large_image\" \/>\n<script type=\"application\/ld+json\" class=\"yoast-schema-graph\">{\"@context\":\"https:\\\/\\\/schema.org\",\"@graph\":[{\"@type\":\"WebPage\",\"@id\":\"https:\\\/\\\/avocat-gc.com\\\/divorce\\\/avocat-divorce-sans-juge-morbihan-56\\\/\",\"url\":\"https:\\\/\\\/avocat-gc.com\\\/divorce\\\/avocat-divorce-sans-juge-morbihan-56\\\/\",\"name\":\"Avocat Divorce sans juge Morbihan (56) - Avocat Divorce\",\"isPartOf\":{\"@id\":\"https:\\\/\\\/avocat-gc.com\\\/divorce\\\/#website\"},\"datePublished\":\"2017-07-04T00:00:00+00:00\",\"description\":\"Divorcez dans le Morbihan (56) en 1 mois \u00e0 partir de 425\u20ac TTC. Contactez un Avocat divorce au \u260e 01.47.04.25.40 . Recevez un devis gratuit et imm\u00e9diat pour votre divorce. Cabinet Avocat GC. Divorce amiable - Divorce sans juge\",\"breadcrumb\":{\"@id\":\"https:\\\/\\\/avocat-gc.com\\\/divorce\\\/avocat-divorce-sans-juge-morbihan-56\\\/#breadcrumb\"},\"inLanguage\":\"fr-FR\",\"potentialAction\":[{\"@type\":\"ReadAction\",\"target\":[\"https:\\\/\\\/avocat-gc.com\\\/divorce\\\/avocat-divorce-sans-juge-morbihan-56\\\/\"]}]},{\"@type\":\"BreadcrumbList\",\"@id\":\"https:\\\/\\\/avocat-gc.com\\\/divorce\\\/avocat-divorce-sans-juge-morbihan-56\\\/#breadcrumb\",\"itemListElement\":[{\"@type\":\"ListItem\",\"position\":1,\"name\":\"Accueil\",\"item\":\"https:\\\/\\\/avocat-gc.com\\\/divorce\\\/\"},{\"@type\":\"ListItem\",\"position\":2,\"name\":\"Avocat Divorce sans juge Morbihan (56)\"}]},{\"@type\":\"WebSite\",\"@id\":\"https:\\\/\\\/avocat-gc.com\\\/divorce\\\/#website\",\"url\":\"https:\\\/\\\/avocat-gc.com\\\/divorce\\\/\",\"name\":\"Avocat GC - Avocat Divorce\",\"description\":\"\",\"publisher\":{\"@id\":\"https:\\\/\\\/avocat-gc.com\\\/divorce\\\/#organization\"},\"potentialAction\":[{\"@type\":\"SearchAction\",\"target\":{\"@type\":\"EntryPoint\",\"urlTemplate\":\"https:\\\/\\\/avocat-gc.com\\\/divorce\\\/?s={search_term_string}\"},\"query-input\":{\"@type\":\"PropertyValueSpecification\",\"valueRequired\":true,\"valueName\":\"search_term_string\"}}],\"inLanguage\":\"fr-FR\"},{\"@type\":\"Organization\",\"@id\":\"https:\\\/\\\/avocat-gc.com\\\/divorce\\\/#organization\",\"name\":\"Avocat GC - Avocat Divorce\",\"url\":\"https:\\\/\\\/avocat-gc.com\\\/divorce\\\/\",\"logo\":{\"@type\":\"ImageObject\",\"inLanguage\":\"fr-FR\",\"@id\":\"https:\\\/\\\/avocat-gc.com\\\/divorce\\\/#\\\/schema\\\/logo\\\/image\\\/\",\"url\":\"https:\\\/\\\/avocat-gc.com\\\/divorce\\\/wp-content\\\/uploads\\\/2024\\\/04\\\/cropped-Sans-titre.png\",\"contentUrl\":\"https:\\\/\\\/avocat-gc.com\\\/divorce\\\/wp-content\\\/uploads\\\/2024\\\/04\\\/cropped-Sans-titre.png\",\"width\":200,\"height\":180,\"caption\":\"Avocat GC - Avocat Divorce\"},\"image\":{\"@id\":\"https:\\\/\\\/avocat-gc.com\\\/divorce\\\/#\\\/schema\\\/logo\\\/image\\\/\"}}]}<\/script>\n<!-- \/ Yoast SEO plugin. -->","yoast_head_json":{"title":"Avocat Divorce sans juge Morbihan (56) - Avocat Divorce","description":"Divorcez dans le Morbihan (56) en 1 mois \u00e0 partir de 425\u20ac TTC. Contactez un Avocat divorce au \u260e 01.47.04.25.40 . Recevez un devis gratuit et imm\u00e9diat pour votre divorce. Cabinet Avocat GC. Divorce amiable - Divorce sans juge","robots":{"index":"index","follow":"follow","max-snippet":"max-snippet:-1","max-image-preview":"max-image-preview:large","max-video-preview":"max-video-preview:-1"},"canonical":"https:\/\/avocat-gc.com\/divorce\/avocat-divorce-sans-juge-morbihan-56\/","og_locale":"fr_FR","og_type":"article","og_title":"Avocat Divorce sans juge Morbihan (56) - Avocat Divorce","og_description":"Divorcez dans le Morbihan (56) en 1 mois \u00e0 partir de 425\u20ac TTC. Contactez un Avocat divorce au \u260e 01.47.04.25.40 . Recevez un devis gratuit et imm\u00e9diat pour votre divorce. Cabinet Avocat GC. Divorce amiable - Divorce sans juge","og_url":"https:\/\/avocat-gc.com\/divorce\/avocat-divorce-sans-juge-morbihan-56\/","og_site_name":"Avocat GC - Avocat Divorce","twitter_card":"summary_large_image","schema":{"@context":"https:\/\/schema.org","@graph":[{"@type":"WebPage","@id":"https:\/\/avocat-gc.com\/divorce\/avocat-divorce-sans-juge-morbihan-56\/","url":"https:\/\/avocat-gc.com\/divorce\/avocat-divorce-sans-juge-morbihan-56\/","name":"Avocat Divorce sans juge Morbihan (56) - Avocat Divorce","isPartOf":{"@id":"https:\/\/avocat-gc.com\/divorce\/#website"},"datePublished":"2017-07-04T00:00:00+00:00","description":"Divorcez dans le Morbihan (56) en 1 mois \u00e0 partir de 425\u20ac TTC. Contactez un Avocat divorce au \u260e 01.47.04.25.40 . Recevez un devis gratuit et imm\u00e9diat pour votre divorce. Cabinet Avocat GC. Divorce amiable - Divorce sans juge","breadcrumb":{"@id":"https:\/\/avocat-gc.com\/divorce\/avocat-divorce-sans-juge-morbihan-56\/#breadcrumb"},"inLanguage":"fr-FR","potentialAction":[{"@type":"ReadAction","target":["https:\/\/avocat-gc.com\/divorce\/avocat-divorce-sans-juge-morbihan-56\/"]}]},{"@type":"BreadcrumbList","@id":"https:\/\/avocat-gc.com\/divorce\/avocat-divorce-sans-juge-morbihan-56\/#breadcrumb","itemListElement":[{"@type":"ListItem","position":1,"name":"Accueil","item":"https:\/\/avocat-gc.com\/divorce\/"},{"@type":"ListItem","position":2,"name":"Avocat Divorce sans juge Morbihan (56)"}]},{"@type":"WebSite","@id":"https:\/\/avocat-gc.com\/divorce\/#website","url":"https:\/\/avocat-gc.com\/divorce\/","name":"Avocat GC - Avocat Divorce","description":"","publisher":{"@id":"https:\/\/avocat-gc.com\/divorce\/#organization"},"potentialAction":[{"@type":"SearchAction","target":{"@type":"EntryPoint","urlTemplate":"https:\/\/avocat-gc.com\/divorce\/?s={search_term_string}"},"query-input":{"@type":"PropertyValueSpecification","valueRequired":true,"valueName":"search_term_string"}}],"inLanguage":"fr-FR"},{"@type":"Organization","@id":"https:\/\/avocat-gc.com\/divorce\/#organization","name":"Avocat GC - Avocat Divorce","url":"https:\/\/avocat-gc.com\/divorce\/","logo":{"@type":"ImageObject","inLanguage":"fr-FR","@id":"https:\/\/avocat-gc.com\/divorce\/#\/schema\/logo\/image\/","url":"https:\/\/avocat-gc.com\/divorce\/wp-content\/uploads\/2024\/04\/cropped-Sans-titre.png","contentUrl":"https:\/\/avocat-gc.com\/divorce\/wp-content\/uploads\/2024\/04\/cropped-Sans-titre.png","width":200,"height":180,"caption":"Avocat GC - Avocat Divorce"},"image":{"@id":"https:\/\/avocat-gc.com\/divorce\/#\/schema\/logo\/image\/"}}]}},"_links":{"self":[{"href":"https:\/\/avocat-gc.com\/divorce\/wp-json\/wp\/v2\/pages\/1894","targetHints":{"allow":["GET"]}}],"collection":[{"href":"https:\/\/avocat-gc.com\/divorce\/wp-json\/wp\/v2\/pages"}],"about":[{"href":"https:\/\/avocat-gc.com\/divorce\/wp-json\/wp\/v2\/types\/page"}],"author":[{"embeddable":true,"href":"https:\/\/avocat-gc.com\/divorce\/wp-json\/wp\/v2\/users\/1"}],"replies":[{"embeddable":true,"href":"https:\/\/avocat-gc.com\/divorce\/wp-json\/wp\/v2\/comments?post=1894"}],"version-history":[{"count":0,"href":"https:\/\/avocat-gc.com\/divorce\/wp-json\/wp\/v2\/pages\/1894\/revisions"}],"wp:attachment":[{"href":"https:\/\/avocat-gc.com\/divorce\/wp-json\/wp\/v2\/media?parent=1894"}],"wp:term":[{"taxonomy":"priorite","embeddable":true,"href":"https:\/\/avocat-gc.com\/divorce\/wp-json\/wp\/v2\/priorite?post=1894"}],"curies":[{"name":"wp","href":"https:\/\/api.w.org\/{rel}","templated":true}]}}