{"id":1880,"date":"2024-03-29T15:33:34","date_gmt":"2024-03-29T15:33:34","guid":{"rendered":"https:\/\/avocat-gc.com\/divorce\/avocat-divorce-sans-juge-mayenne-53\/"},"modified":"2024-03-29T15:33:34","modified_gmt":"2024-03-29T15:33:34","slug":"avocat-divorce-sans-juge-mayenne-53","status":"publish","type":"page","link":"https:\/\/avocat-gc.com\/divorce\/avocat-divorce-sans-juge-mayenne-53\/","title":{"rendered":"Avocat Divorce sans juge Mayenne (53)"},"content":{"rendered":"<p><a href=\"\/divorce\/avocat-divorce\/\" rel=\"nofollow noopener\" target=\"_parent\">\u25c4 Retour \u00e0 l&rsquo;annuaire des villes<\/a><\/p>\n<p>Avocat Divorce sans juge Mayenne (53)<br \/>\n*\/<\/p>\n<h2>VOTRE DIVORCE SANS JUGE DANS LA MAYENNE<\/h2>\n<p> J&rsquo;INTERVIENS DANS TOUTE LA FRANCE <a href=\"\/divorce\/avocat-divorce\/paris\/\" rel=\"nofollow noopener\" title=\"\" target=\"_parent\">Notre cabinet \u00e0 Paris<\/a> : 42 Rue de L\u00fcbeck, 75116 Paris 01 47 04 25 40 <\/p>\n<h3>Les \u00e9tapes de votre divorce<\/h3>\n<p class=\"img-right\"><img decoding=\"async\" alt=\"avocat divorce sans juge Mayenne (53)\" title=\"avocat divorce sans juge Mayenne (53)\" width=\"170\" border=\"2\" src=\"\/divorce\/wp-content\/uploads\/2024\/04\/divorce-consentement-mutuel.png\" \/><\/p>\n<p align=\"justify\">1.  Le rendez-vous : Contactez nous par t\u00e9l\u00e9phone au 01 47 04 25 40 ou par email \u00e0 <a href=\"mailto:info@avocat-gc.com\">info@avocat-gc.com<\/a> afin de fixer un rendez-vous avec notre avocat divorce. Nous sommes comp\u00e9tents pour vous divorcer dans la r\u00e9gion Pays de la Loire, dans la Mayenne (53). Lors de cet entretien, nous aborderons les points suivants :<\/p>\n<p>Les diff\u00e9rentes \u00e9tapes de votre proc\u00e9dure de divorce<br \/>\n La r\u00e9daction de la convention de divorce<br \/>\nLes diff\u00e9rentes questions li\u00e9es \u00e0 votre divorce.<\/p>\n<p align=\"justify\">2. La signature:\u00a0\u00a0Une fois la convention de divorce r\u00e9dig\u00e9e, nous vous transmettons le projet de convention de divorce pour \u00eatre soumis \u00e0 votre signature dans un d\u00e9lai de 15 jours. Le notaire se chargera, une fois les documents sign\u00e9s, d&rsquo;enregistrer votre divorce Dans certains cas, un divorce devant le Juge est n\u00e9cessaire. L&rsquo;affaire sera alors constitu\u00e9e d&rsquo;une audience devant le Juge aux Affaires Familiales du Tribunal de Grande Instance de Laval situ\u00e9 13 place Saint Tugal BP 81515 53015 LAVAL CEDEX, joignable par t\u00e9l\u00e9phone au 02 43 49 57 00<\/p>\n<p align=\"justify\">3 L&rsquo;enregistrement:  Vous n&rsquo;avez plus rien \u00e0 faire ! Nous vous ferons parvenir par voie postale, l&rsquo;attestation d&rsquo;enregistrement de divorce, puis nous nous chargerons de l&rsquo;inscription de votre divorce sur vos actes d&rsquo;\u00e9tat civil. Vous souhaitez divorcer sans juge dans la Mayenne (53)? Consultez notre page sp\u00e9ciale divorce sans juge:<\/p>\n<\/p>\n<p><a href=\"\/divorce\/divorce-sans-juge\/\" rel=\"nofollow noopener\" target=\"_parent\">\u25baAVOCAT DIVORCE SANS JUGE<\/a><\/p>\n<h3>Nos honoraires<\/h3>\n<p align=\"justify\">Pour connaitre le tarif d&rsquo;un divorce sans juge dans la Mayenne (53) ou pour vous renseigner sur nos honoraires, merci de bien vouloir compl\u00e9ter notre devis en ligne<\/p>\n<\/p>\n<p><a href=\"\/divorce\/avocat-divorce-10-ans-dexperience\/\" rel=\"nofollow noopener\" target=\"_parent\">\u25ba DEVIS: AVOCAT DIVORCE MAYENNE<\/a><\/p>\n<h3>Liste des communes d\u00e9pendant du TGI de Laval<\/h3>\n<p>\u25ba Ahuill\u00e9  53940<br \/>\n\u25ba Alexain  53240<br \/>\n\u25ba <a href=\"\/divorce\/avocat-divorce\/ambrieres-les-vallees\/\">Ambri\u00e8res-les-Vall\u00e9es  53300<\/a><br \/>\n\u25ba Ampoign\u00e9  53200<br \/>\n\u25ba <a href=\"\/divorce\/avocat-divorce\/andouille\/\">Andouill\u00e9  53240<\/a><br \/>\n\u25ba Argenton-Notre-Dame  53290<br \/>\n\u25ba <a href=\"\/divorce\/avocat-divorce\/argentre\/\">Argentr\u00e9  53210<\/a><br \/>\n\u25ba Aron  53440<br \/>\n\u25ba Arquenay  53170<br \/>\n\u25ba Ass\u00e9-le-B\u00e9renger  53600<br \/>\n\u25ba Astill\u00e9  53230<br \/>\n\u25ba Ath\u00e9e  53400<br \/>\n\u25ba Averton  53700<br \/>\n\u25ba <a href=\"\/divorce\/avocat-divorce\/aze\/\">Az\u00e9  53200<\/a><br \/>\n\u25ba Bais  53160<br \/>\n\u25ba Ball\u00e9e  53340<br \/>\n\u25ba Ballots  53350<br \/>\n\u25ba Bannes  53340<br \/>\n\u25ba Bazougers  53170<br \/>\n\u25ba Beaulieu-sur-Oudon  53320<br \/>\n\u25ba Beaumont-Pied-de-Boeuf  53290<br \/>\n\u25ba Belgeard  53440<br \/>\n\u25ba Biern\u00e9  53290<br \/>\n\u25ba Blandouet  53270<br \/>\n\u25ba <a href=\"\/divorce\/avocat-divorce\/bonchamp-les-laval\/\">Bonchamp-l\u00e8s-Laval  53960<\/a><br \/>\n\u25ba Bouchamps-l\u00e8s-Craon  53800<br \/>\n\u25ba Bou\u00e8re  53290<br \/>\n\u25ba Bouessay  53290<br \/>\n\u25ba Boulay-les-Ifs  53370<br \/>\n\u25ba Bourgon  53410<br \/>\n\u25ba Brains-sur-les-Marches  53350<br \/>\n\u25ba Brec\u00e9  53120<br \/>\n\u25ba Br\u00e9e  53150<br \/>\n\u25ba Carelles  53120<br \/>\n\u25ba Chailland  53420<br \/>\n\u25ba Ch\u00e2lons-du-Maine  53470<br \/>\n\u25ba Chammes  53270<br \/>\n\u25ba Champ\u00e9on  53640<br \/>\n\u25ba Champfr\u00e9mont  53370<br \/>\n\u25ba Champgen\u00e9teux  53160<br \/>\n\u25ba<a href=\"\/divorce\/avocat-divorce\/change\/\"> Chang\u00e9  53810<\/a><br \/>\n\u25ba Chantrign\u00e9  53300<br \/>\n\u25ba Charchign\u00e9  53250<br \/>\n\u25ba <a href=\"\/divorce\/avocat-divorce\/chateau-gontier\/\">Ch\u00e2teau-Gontier  53200<\/a><br \/>\n\u25ba Ch\u00e2telain  53200<br \/>\n\u25ba Ch\u00e2tillon-sur-Colmont  53100<br \/>\n\u25ba Ch\u00e2tres-la-For\u00eat  53600<br \/>\n\u25ba Chemaz\u00e9  53200<br \/>\n\u25ba Ch\u00e9mer\u00e9-le-Roi  53340<br \/>\n\u25ba Ch\u00e9ranc\u00e9  53400<br \/>\n\u25ba Chevaign\u00e9-du-Maine  53250<br \/>\n\u25ba Colombiers-du-Plessis  53120<br \/>\n\u25ba Commer  53470<br \/>\n\u25ba Congrier  53800<br \/>\n\u25ba Contest  53100<br \/>\n\u25ba Cosmes  53230<br \/>\n\u25ba Coss\u00e9-en-Champagne  53340<br \/>\n\u25ba <a href=\"\/divorce\/avocat-divorce\/cosse-le-vivien\/\"> Coss\u00e9-le-Vivien  53230<\/a><br \/>\n\u25ba Coudray  53200<br \/>\n\u25ba Couesmes-Vauc\u00e9  53300<br \/>\n\u25ba Couptrain  53250<br \/>\n\u25ba Courbeveille  53230<br \/>\n\u25ba Courcit\u00e9  53700<br \/>\n\u25ba <a href=\"\/divorce\/avocat-divorce\/craon\/\">Craon  53400<\/a><br \/>\n\u25ba Crennes-sur-Fraub\u00e9e  53700<br \/>\n\u25ba Cuill\u00e9  53540<br \/>\n\u25ba Daon  53200<br \/>\n\u25ba Denaz\u00e9  53400<br \/>\n\u25ba D\u00e9sertines  53190<br \/>\n\u25ba Deux-Evailles  53150<br \/>\n\u25ba <a href=\"\/divorce\/avocat-divorce\/entrammes\/\">Entrammes  53260<\/a><br \/>\n\u25ba Epineux-le-Seguin  53340<br \/>\n\u25ba<a href=\"\/divorce\/avocat-divorce\/ernee\/\"> Ern\u00e9e  53500<\/a><br \/>\n\u25ba<a href=\"\/divorce\/avocat-divorce\/evron\/\"> Evron  53600<\/a><br \/>\n\u25ba Fontaine-Couverte  53350<br \/>\n\u25ba Forc\u00e9  53260<br \/>\n\u25ba Fougerolles-du-Plessis  53190<br \/>\n\u25ba Fromenti\u00e8res  53200<br \/>\n\u25ba Gastines  53540<br \/>\n\u25ba Gennes-sur-Glaize  53200<br \/>\n\u25ba Gesnes  53150<br \/>\n\u25ba Gesvres  53370<br \/>\n\u25ba<a href=\"\/divorce\/avocat-divorce\/gorron\/\"> Gorron  53120<\/a><br \/>\n\u25ba Grazay  53440<br \/>\n\u25ba Grez-en-Bou\u00e8re  53290<br \/>\n\u25ba Hambers  53160<br \/>\n\u25ba Hardanges  53640<br \/>\n\u25ba Herc\u00e9  53120<br \/>\n\u25ba Houssay  53360<br \/>\n\u25ba Iz\u00e9  53160<br \/>\n\u25ba Javron-les-Chapelles  53250<br \/>\n\u25ba Jublains  53160<br \/>\n\u25ba Juvign\u00e9  53380<br \/>\n\u25ba<a href=\"\/divorce\/avocat-divorce\/lhuisserie\/\">L&rsquo;Huisserie  53970<\/a><br \/>\n\u25ba La Baconni\u00e8re  53240<br \/>\n\u25ba La Bazoge-Montpin\u00e7on  53440<br \/>\n\u25ba La Bazouge-de-Chemer\u00e9  53170<br \/>\n\u25ba La Bazouge-des-Alleux  53470<br \/>\n\u25ba La Bigotti\u00e8re  53240<br \/>\n\u25ba La Boissi\u00e8re  53800<br \/>\n\u25ba La Br\u00fblatte  53410<br \/>\n\u25ba La Chapelle-Anthenaise  53950<br \/>\n\u25ba La Chapelle-au-Riboul  53440<br \/>\n\u25ba La Chapelle-Craonnaise  53230<br \/>\n\u25ba La Chapelle-Rainsouin  53150<br \/>\n\u25ba La Croixille  53380<br \/>\n\u25ba La Cropte  53170<br \/>\n\u25ba La Dor\u00e9e  53190<br \/>\n\u25ba La Gravelle  53410<br \/>\n\u25ba La Haie-Traversaine  53300<br \/>\n\u25ba La Pallu  53140<br \/>\n\u25ba La Pellerine  53220<br \/>\n\u25ba La Ro\u00eb  53350<br \/>\n\u25ba La Rouaudi\u00e8re  53390<br \/>\n\u25ba La Selle-Craonnaise  53800<br \/>\n\u25ba Laign\u00e9  53200<br \/>\n\u25ba Landivy  53190<br \/>\n\u25ba Larchamp  53220<br \/>\n\u25ba<a href=\"\/divorce\/avocat-divorce\/lassay-les-chateaux\/\"> Lassay-les-Ch\u00e2teaux  53110<\/a><br \/>\n\u25ba Laubri\u00e8res  53540<br \/>\n\u25ba Launay-Villiers  53410<br \/>\n\u25ba<a href=\"\/divorce\/avocat-divorce\/laval\/\"> Laval  53000<\/a><br \/>\n\u25ba Le Bignon-du-Maine  53170<br \/>\n\u25ba Le Bourgneuf-la-For\u00eat  53410<br \/>\n\u25ba Le Buret  53170<br \/>\n\u25ba <a href=\"\/divorce\/avocat-divorce\/le-genest-saint-isle\/\">Le Genest-Saint-Isle  53940<\/a><br \/>\n\u25ba Le Ham  53250<br \/>\n\u25ba Le Horps  53640<br \/>\n\u25ba Le Housseau-Br\u00e9tignolles  53110<br \/>\n\u25ba Le Pas  53300<br \/>\n\u25ba Le Ribay  53640<br \/>\n\u25ba Lesbois  53120<br \/>\n\u25ba Levar\u00e9  53120<br \/>\n\u25ba Ligni\u00e8res-Org\u00e8res  53140<br \/>\n\u25ba Livet  53150<br \/>\n\u25ba Livr\u00e9-la-Touche  53400<br \/>\n\u25ba Loign\u00e9-sur-Mayenne  53200<br \/>\n\u25ba Loiron  53320<br \/>\n\u25ba Longuefuye  53200<br \/>\n\u25ba Loupfoug\u00e8res  53700<br \/>\n\u25ba <a href=\"\/divorce\/avocat-divorce\/louverne\/\">Louvern\u00e9  53950<\/a><br \/>\n\u25ba Louvign\u00e9  53210<br \/>\n\u25ba Madr\u00e9  53250<br \/>\n\u25ba Maisoncelles-du-Maine  53170<br \/>\n\u25ba Marcill\u00e9-la-Ville  53440<br \/>\n\u25ba Marign\u00e9-Peuton  53200<br \/>\n\u25ba Martign\u00e9-sur-Mayenne  53470<br \/>\n\u25ba <a href=\"\/divorce\/avocat-divorce\/mayenne\/\">Mayenne  53100<\/a><br \/>\n\u25ba M\u00e9e  53400<br \/>\n\u25ba M\u00e9nil  53200<br \/>\n\u25ba M\u00e9ral  53230<br \/>\n\u25ba <a href=\"\/divorce\/avocat-divorce\/meslay-du-maine\/\">Meslay-du-Maine  53170<\/a><br \/>\n\u25ba M\u00e9zangers  53600<br \/>\n\u25ba Montaudin  53220<br \/>\n\u25ba Montenay  53500<br \/>\n\u25ba Montflours  53240<br \/>\n\u25ba Montign\u00e9-le-Brillant  53970<br \/>\n\u25ba Montjean  53320<br \/>\n\u25ba Montourtier  53150<br \/>\n\u25ba Montreuil-Poulay  53640<br \/>\n\u25ba <a href=\"\/divorce\/avocat-divorce\/montsurs\/\">Monts\u00fbrs  53150<\/a><br \/>\n\u25ba Moulay  53100<br \/>\n\u25ba Neau  53150<br \/>\n\u25ba Neuilly-le-Vendin  53250<br \/>\n\u25ba Niafles  53400<br \/>\n\u25ba Nuill\u00e9-sur-Vicoin  53970<br \/>\n\u25ba Oisseau  53300<br \/>\n\u25ba Olivet  53410<br \/>\n\u25ba Orign\u00e9  53360<br \/>\n\u25ba Parign\u00e9-sur-Braye  53100<br \/>\n\u25ba Parn\u00e9-sur-Roc  53260<br \/>\n\u25ba Peuton  53360<br \/>\n\u25ba Plac\u00e9  53240<br \/>\n\u25ba Pommerieux  53400<br \/>\n\u25ba Pontmain  53220<br \/>\n\u25ba <a href=\"\/divorce\/avocat-divorce\/port-brillet\/\">Port-Brillet  53410<\/a><br \/>\n\u25ba <a href=\"\/divorce\/avocat-divorce\/argentre\/\">Pr\u00e9-en-Pail  53140<\/a><br \/>\n\u25ba Pr\u00e9aux  53340<br \/>\n\u25ba <a href=\"\/divorce\/avocat-divorce\/quelaines-saint-gault\/\">Quelaines-Saint-Gault  53360<\/a><br \/>\n\u25ba Ravigny  61420<br \/>\n\u25ba <a href=\"\/divorce\/avocat-divorce\/renaze\/\">Renaz\u00e9  53800<\/a><br \/>\n\u25ba Rennes-en-Grenouilles  53110<br \/>\n\u25ba Ruill\u00e9-Froid-Fonds  53170<br \/>\n\u25ba Ruill\u00e9-le-Gravelais  53320<br \/>\n\u25ba Sac\u00e9  53470<br \/>\n\u25ba Saint-Aignan-de-Couptrain  53250<br \/>\n\u25ba Saint-Aignan-sur-Ro\u00eb  53390<br \/>\n\u25ba Saint-Aubin-du-D\u00e9sert  53700<br \/>\n\u25ba Saint-Aubin-Fosse-Louvain  53120<br \/>\n\u25ba Saint-Baudelle  53100<br \/>\n\u25ba <a href=\"\/divorce\/avocat-divorce\/saint-berthevin\/\">Saint-Berthevin  53940<\/a><br \/>\n\u25ba Saint-Berthevin-la-Tanni\u00e8re  53220<br \/>\n\u25ba Saint-Brice  53290<br \/>\n\u25ba Saint-Calais-du-D\u00e9sert  53140<br \/>\n\u25ba Saint-C\u00e9ner\u00e9  53150<br \/>\n\u25ba Saint-Charles-la-For\u00eat  53170<br \/>\n\u25ba Saint-Christophe-du-Luat  53150<br \/>\n\u25ba Saint-Cyr-en-Pail  53140<br \/>\n\u25ba Saint-Cyr-le-Gravelais  53320<br \/>\n\u25ba Saint-Denis-d&rsquo;Anjou  53290<br \/>\n\u25ba <a href=\"\/divorce\/avocat-divorce\/saint-denis-de-gastines\/\">Saint-Denis-de-Gastines  53500<\/a><br \/>\n\u25ba Saint-Denis-du-Maine  53170<br \/>\n\u25ba Saint-Ellier-du-Maine  53220<br \/>\n\u25ba Saint-Erblon  53390<br \/>\n\u25ba Saint-Fort  53200<br \/>\n\u25ba Saint-Fraimbault-de-Pri\u00e8res  53300<br \/>\n\u25ba Saint-Georges-Buttavent  53100<br \/>\n\u25ba Saint-Georges-le-Fl\u00e9chard  53480<br \/>\n\u25ba Saint-Georges-sur-Erve  53600<br \/>\n\u25ba Saint-Germain-d&rsquo;Anxure  53240<br \/>\n\u25ba Saint-Germain-de-Coulamer  53700<br \/>\n\u25ba Saint-Germain-le-Fouilloux  53240<br \/>\n\u25ba Saint-Germain-le-Guillaume  53240<br \/>\n\u25ba Saint-Hilaire-du-Maine  53380<br \/>\n\u25ba Saint-Jean-sur-Erve  53270<br \/>\n\u25ba Saint-Jean-sur-Mayenne  53240<br \/>\n\u25ba Saint-Julien-du-Terroux  53110<br \/>\n\u25ba Saint-Laurent-des-Mortiers  53290<br \/>\n\u25ba Saint-L\u00e9ger  53480<br \/>\n\u25ba Saint-Loup-du-Dorat  53290<br \/>\n\u25ba Saint-Loup-du-Gast  53300<br \/>\n\u25ba Saint-Mars-du-D\u00e9sert  53700<br \/>\n\u25ba Saint-Mars-sur-Colmont  53300<br \/>\n\u25ba Saint-Mars-sur-la-Futaie  53220<br \/>\n\u25ba Saint-Martin-de-Conn\u00e9e  53160<br \/>\n\u25ba Saint-Martin-du-Limet  53800<br \/>\n\u25ba Saint-Michel-de-Feins  53290<br \/>\n\u25ba Saint-Michel-de-la-Ro\u00eb  53350<br \/>\n\u25ba Saint-Ou\u00ebn-des-Toits  53410<br \/>\n\u25ba Saint-Ou\u00ebn-des-Vallons  53150<br \/>\n\u25ba Saint-Pierre-des-Landes  53500<br \/>\n\u25ba <a href=\"\/divorce\/avocat-divorce\/saint-pierre-des-nids\/\">Saint-Pierre-des-Nids  53370<\/a><br \/>\n\u25ba <a href=\"\/divorce\/avocat-divorce\/saint-pierre-la-cour\/\">Saint-Pierre-la-Cour  53410<\/a><br \/>\n\u25ba Saint-Pierre-sur-Erve  53270<br \/>\n\u25ba Saint-Pierre-sur-Orthe  53160<br \/>\n\u25ba Saint-Poix  53540<br \/>\n\u25ba Saint-Quentin-les-Anges  53400<br \/>\n\u25ba Saint-Samson  53140<br \/>\n\u25ba Saint-Saturnin-du-Limet  53800<br \/>\n\u25ba Saint-Sulpice  53360<br \/>\n\u25ba Saint-Thomas-de-Courceriers  53160<br \/>\n\u25ba Sainte-Gemmes-le-Robert  53600<br \/>\n\u25ba Sainte-Marie-du-Bois  53110<br \/>\n\u25ba Sainte-Suzanne  53270<br \/>\n\u25ba Saulges  53340<br \/>\n\u25ba Senonnes  53390<br \/>\n\u25ba Simpl\u00e9  53360<br \/>\n\u25ba Souc\u00e9  53300<br \/>\n\u25ba Soulg\u00e9-sur-Ouette  53210<br \/>\n\u25ba Thorign\u00e9-en-Charnie  53270<br \/>\n\u25ba Thuboeuf  53110<br \/>\n\u25ba Torc\u00e9-Viviers-en-Charnie  53270<br \/>\n\u25ba Trans  53160<br \/>\n\u25ba Vaiges  53480<br \/>\n\u25ba Vautorte  53500<br \/>\n\u25ba Vieuvy  53120<br \/>\n\u25ba <a href=\"\/divorce\/avocat-divorce\/villaines-la-juhel\/\">Villaines-la-Juhel  53700<\/a><br \/>\n\u25ba Villepail  53250<br \/>\n\u25ba Villiers-Charlemagne  53170<br \/>\n\u25ba Vimarc\u00e9  53160<br \/>\n\u25ba Voutr\u00e9  53600<\/p>\n","protected":false},"excerpt":{"rendered":"<p>\u25c4 Retour \u00e0 l&rsquo;annuaire des villes Avocat Divorce sans juge Mayenne (53) *\/ VOTRE DIVORCE SANS JUGE DANS LA MAYENNE J&rsquo;INTERVIENS DANS TOUTE LA FRANCE Notre cabinet \u00e0 Paris : 42 Rue de L\u00fcbeck, 75116 Paris 01 47 04 25 40 Les \u00e9tapes de votre divorce 1. Le rendez-vous : Contactez nous par t\u00e9l\u00e9phone au [&hellip;]<\/p>\n","protected":false},"author":1,"featured_media":0,"parent":0,"menu_order":0,"comment_status":"closed","ping_status":"closed","template":"","meta":{"_acf_changed":false,"inline_featured_image":false,"footnotes":""},"priorite":[],"class_list":["post-1880","page","type-page","status-publish","hentry"],"acf":[],"yoast_head":"<!-- This site is optimized with the Yoast SEO plugin v27.6 - https:\/\/yoast.com\/product\/yoast-seo-wordpress\/ -->\n<title>Avocat Divorce sans juge Mayenne (53) - Avocat Divorce<\/title>\n<meta name=\"description\" content=\"Vous souhaitez divorcer sans juge dans la Mayenne (53) en 1 mois \u00e0 partir de 425\u20ac TTC. Contactez un Avocat divorce au \u260e 01.47.04.25.40 . Recevez un devis gratuit et imm\u00e9diat pour votre divorce. Cabinet Avocat GC. Divorce amiable - Divorce sans juge\" \/>\n<meta name=\"robots\" content=\"index, follow, max-snippet:-1, max-image-preview:large, max-video-preview:-1\" \/>\n<link rel=\"canonical\" href=\"https:\/\/avocat-gc.com\/divorce\/avocat-divorce-sans-juge-mayenne-53\/\" \/>\n<meta property=\"og:locale\" content=\"fr_FR\" \/>\n<meta property=\"og:type\" content=\"article\" \/>\n<meta property=\"og:title\" content=\"Avocat Divorce sans juge Mayenne (53) - Avocat Divorce\" \/>\n<meta property=\"og:description\" content=\"Vous souhaitez divorcer sans juge dans la Mayenne (53) en 1 mois \u00e0 partir de 425\u20ac TTC. Contactez un Avocat divorce au \u260e 01.47.04.25.40 . Recevez un devis gratuit et imm\u00e9diat pour votre divorce. Cabinet Avocat GC. Divorce amiable - Divorce sans juge\" \/>\n<meta property=\"og:url\" content=\"https:\/\/avocat-gc.com\/divorce\/avocat-divorce-sans-juge-mayenne-53\/\" \/>\n<meta property=\"og:site_name\" content=\"Avocat GC - Avocat Divorce\" \/>\n<meta name=\"twitter:card\" content=\"summary_large_image\" \/>\n<script type=\"application\/ld+json\" class=\"yoast-schema-graph\">{\"@context\":\"https:\\\/\\\/schema.org\",\"@graph\":[{\"@type\":\"WebPage\",\"@id\":\"https:\\\/\\\/avocat-gc.com\\\/divorce\\\/avocat-divorce-sans-juge-mayenne-53\\\/\",\"url\":\"https:\\\/\\\/avocat-gc.com\\\/divorce\\\/avocat-divorce-sans-juge-mayenne-53\\\/\",\"name\":\"Avocat Divorce sans juge Mayenne (53) - Avocat Divorce\",\"isPartOf\":{\"@id\":\"https:\\\/\\\/avocat-gc.com\\\/divorce\\\/#website\"},\"datePublished\":\"2024-03-29T15:33:34+00:00\",\"description\":\"Vous souhaitez divorcer sans juge dans la Mayenne (53) en 1 mois \u00e0 partir de 425\u20ac TTC. Contactez un Avocat divorce au \u260e 01.47.04.25.40 . Recevez un devis gratuit et imm\u00e9diat pour votre divorce. Cabinet Avocat GC. Divorce amiable - Divorce sans juge\",\"breadcrumb\":{\"@id\":\"https:\\\/\\\/avocat-gc.com\\\/divorce\\\/avocat-divorce-sans-juge-mayenne-53\\\/#breadcrumb\"},\"inLanguage\":\"fr-FR\",\"potentialAction\":[{\"@type\":\"ReadAction\",\"target\":[\"https:\\\/\\\/avocat-gc.com\\\/divorce\\\/avocat-divorce-sans-juge-mayenne-53\\\/\"]}]},{\"@type\":\"BreadcrumbList\",\"@id\":\"https:\\\/\\\/avocat-gc.com\\\/divorce\\\/avocat-divorce-sans-juge-mayenne-53\\\/#breadcrumb\",\"itemListElement\":[{\"@type\":\"ListItem\",\"position\":1,\"name\":\"Accueil\",\"item\":\"https:\\\/\\\/avocat-gc.com\\\/divorce\\\/\"},{\"@type\":\"ListItem\",\"position\":2,\"name\":\"Avocat Divorce sans juge Mayenne (53)\"}]},{\"@type\":\"WebSite\",\"@id\":\"https:\\\/\\\/avocat-gc.com\\\/divorce\\\/#website\",\"url\":\"https:\\\/\\\/avocat-gc.com\\\/divorce\\\/\",\"name\":\"Avocat GC - Avocat Divorce\",\"description\":\"\",\"publisher\":{\"@id\":\"https:\\\/\\\/avocat-gc.com\\\/divorce\\\/#organization\"},\"potentialAction\":[{\"@type\":\"SearchAction\",\"target\":{\"@type\":\"EntryPoint\",\"urlTemplate\":\"https:\\\/\\\/avocat-gc.com\\\/divorce\\\/?s={search_term_string}\"},\"query-input\":{\"@type\":\"PropertyValueSpecification\",\"valueRequired\":true,\"valueName\":\"search_term_string\"}}],\"inLanguage\":\"fr-FR\"},{\"@type\":\"Organization\",\"@id\":\"https:\\\/\\\/avocat-gc.com\\\/divorce\\\/#organization\",\"name\":\"Avocat GC - Avocat Divorce\",\"url\":\"https:\\\/\\\/avocat-gc.com\\\/divorce\\\/\",\"logo\":{\"@type\":\"ImageObject\",\"inLanguage\":\"fr-FR\",\"@id\":\"https:\\\/\\\/avocat-gc.com\\\/divorce\\\/#\\\/schema\\\/logo\\\/image\\\/\",\"url\":\"https:\\\/\\\/avocat-gc.com\\\/divorce\\\/wp-content\\\/uploads\\\/2024\\\/04\\\/cropped-Sans-titre.png\",\"contentUrl\":\"https:\\\/\\\/avocat-gc.com\\\/divorce\\\/wp-content\\\/uploads\\\/2024\\\/04\\\/cropped-Sans-titre.png\",\"width\":200,\"height\":180,\"caption\":\"Avocat GC - Avocat Divorce\"},\"image\":{\"@id\":\"https:\\\/\\\/avocat-gc.com\\\/divorce\\\/#\\\/schema\\\/logo\\\/image\\\/\"}}]}<\/script>\n<!-- \/ Yoast SEO plugin. -->","yoast_head_json":{"title":"Avocat Divorce sans juge Mayenne (53) - Avocat Divorce","description":"Vous souhaitez divorcer sans juge dans la Mayenne (53) en 1 mois \u00e0 partir de 425\u20ac TTC. Contactez un Avocat divorce au \u260e 01.47.04.25.40 . Recevez un devis gratuit et imm\u00e9diat pour votre divorce. Cabinet Avocat GC. Divorce amiable - Divorce sans juge","robots":{"index":"index","follow":"follow","max-snippet":"max-snippet:-1","max-image-preview":"max-image-preview:large","max-video-preview":"max-video-preview:-1"},"canonical":"https:\/\/avocat-gc.com\/divorce\/avocat-divorce-sans-juge-mayenne-53\/","og_locale":"fr_FR","og_type":"article","og_title":"Avocat Divorce sans juge Mayenne (53) - Avocat Divorce","og_description":"Vous souhaitez divorcer sans juge dans la Mayenne (53) en 1 mois \u00e0 partir de 425\u20ac TTC. Contactez un Avocat divorce au \u260e 01.47.04.25.40 . Recevez un devis gratuit et imm\u00e9diat pour votre divorce. Cabinet Avocat GC. Divorce amiable - Divorce sans juge","og_url":"https:\/\/avocat-gc.com\/divorce\/avocat-divorce-sans-juge-mayenne-53\/","og_site_name":"Avocat GC - Avocat Divorce","twitter_card":"summary_large_image","schema":{"@context":"https:\/\/schema.org","@graph":[{"@type":"WebPage","@id":"https:\/\/avocat-gc.com\/divorce\/avocat-divorce-sans-juge-mayenne-53\/","url":"https:\/\/avocat-gc.com\/divorce\/avocat-divorce-sans-juge-mayenne-53\/","name":"Avocat Divorce sans juge Mayenne (53) - Avocat Divorce","isPartOf":{"@id":"https:\/\/avocat-gc.com\/divorce\/#website"},"datePublished":"2024-03-29T15:33:34+00:00","description":"Vous souhaitez divorcer sans juge dans la Mayenne (53) en 1 mois \u00e0 partir de 425\u20ac TTC. Contactez un Avocat divorce au \u260e 01.47.04.25.40 . Recevez un devis gratuit et imm\u00e9diat pour votre divorce. Cabinet Avocat GC. Divorce amiable - Divorce sans juge","breadcrumb":{"@id":"https:\/\/avocat-gc.com\/divorce\/avocat-divorce-sans-juge-mayenne-53\/#breadcrumb"},"inLanguage":"fr-FR","potentialAction":[{"@type":"ReadAction","target":["https:\/\/avocat-gc.com\/divorce\/avocat-divorce-sans-juge-mayenne-53\/"]}]},{"@type":"BreadcrumbList","@id":"https:\/\/avocat-gc.com\/divorce\/avocat-divorce-sans-juge-mayenne-53\/#breadcrumb","itemListElement":[{"@type":"ListItem","position":1,"name":"Accueil","item":"https:\/\/avocat-gc.com\/divorce\/"},{"@type":"ListItem","position":2,"name":"Avocat Divorce sans juge Mayenne (53)"}]},{"@type":"WebSite","@id":"https:\/\/avocat-gc.com\/divorce\/#website","url":"https:\/\/avocat-gc.com\/divorce\/","name":"Avocat GC - Avocat Divorce","description":"","publisher":{"@id":"https:\/\/avocat-gc.com\/divorce\/#organization"},"potentialAction":[{"@type":"SearchAction","target":{"@type":"EntryPoint","urlTemplate":"https:\/\/avocat-gc.com\/divorce\/?s={search_term_string}"},"query-input":{"@type":"PropertyValueSpecification","valueRequired":true,"valueName":"search_term_string"}}],"inLanguage":"fr-FR"},{"@type":"Organization","@id":"https:\/\/avocat-gc.com\/divorce\/#organization","name":"Avocat GC - Avocat Divorce","url":"https:\/\/avocat-gc.com\/divorce\/","logo":{"@type":"ImageObject","inLanguage":"fr-FR","@id":"https:\/\/avocat-gc.com\/divorce\/#\/schema\/logo\/image\/","url":"https:\/\/avocat-gc.com\/divorce\/wp-content\/uploads\/2024\/04\/cropped-Sans-titre.png","contentUrl":"https:\/\/avocat-gc.com\/divorce\/wp-content\/uploads\/2024\/04\/cropped-Sans-titre.png","width":200,"height":180,"caption":"Avocat GC - Avocat Divorce"},"image":{"@id":"https:\/\/avocat-gc.com\/divorce\/#\/schema\/logo\/image\/"}}]}},"_links":{"self":[{"href":"https:\/\/avocat-gc.com\/divorce\/wp-json\/wp\/v2\/pages\/1880","targetHints":{"allow":["GET"]}}],"collection":[{"href":"https:\/\/avocat-gc.com\/divorce\/wp-json\/wp\/v2\/pages"}],"about":[{"href":"https:\/\/avocat-gc.com\/divorce\/wp-json\/wp\/v2\/types\/page"}],"author":[{"embeddable":true,"href":"https:\/\/avocat-gc.com\/divorce\/wp-json\/wp\/v2\/users\/1"}],"replies":[{"embeddable":true,"href":"https:\/\/avocat-gc.com\/divorce\/wp-json\/wp\/v2\/comments?post=1880"}],"version-history":[{"count":0,"href":"https:\/\/avocat-gc.com\/divorce\/wp-json\/wp\/v2\/pages\/1880\/revisions"}],"wp:attachment":[{"href":"https:\/\/avocat-gc.com\/divorce\/wp-json\/wp\/v2\/media?parent=1880"}],"wp:term":[{"taxonomy":"priorite","embeddable":true,"href":"https:\/\/avocat-gc.com\/divorce\/wp-json\/wp\/v2\/priorite?post=1880"}],"curies":[{"name":"wp","href":"https:\/\/api.w.org\/{rel}","templated":true}]}}