{"id":1848,"date":"2018-02-10T00:00:00","date_gmt":"2018-02-10T00:00:00","guid":{"rendered":"https:\/\/avocat-gc.com\/divorce\/avocat-divorce-sans-juge-herault-34\/"},"modified":"2018-02-10T00:00:00","modified_gmt":"2018-02-10T00:00:00","slug":"avocat-divorce-sans-juge-herault-34","status":"publish","type":"page","link":"https:\/\/avocat-gc.com\/divorce\/avocat-divorce-sans-juge-herault-34\/","title":{"rendered":"Avocat Divorce sans juge H\u00e9rault (34)"},"content":{"rendered":"<p><a href=\"\/divorce\/avocat-divorce\/\" rel=\"nofollow noopener\" target=\"_parent\">\u25c4 Retour \u00e0 l&rsquo;annuaire des villes<\/a><\/p>\n<p>Avocat Divorce sans juge H\u00e9rault (34)<br \/>\n*\/<\/p>\n<h2>VOTRE DIVORCE SANS JUGE DANS L&rsquo;H\u00c9RAULT (34)<\/h2>\n<p> J&rsquo;INTERVIENS DANS TOUTE LA FRANCE <a href=\"\/divorce\/avocat-divorce\/paris\/\" rel=\"nofollow noopener\" title=\"\" target=\"_parent\">Notre cabinet \u00e0 Paris<\/a> : 42 Rue de L\u00fcbeck, 75116 Paris 01 47 04 25 40 <\/p>\n<h3>Les \u00e9tapes de votre divorce<\/h3>\n<p class=\"img-right\"><img decoding=\"async\" alt=\"avocat divorce sans juge H\u00e9rault (34)\" title=\"avocat divorce sans juge H\u00e9rault (34)\" width=\"170\" border=\"2\" src=\"\/divorce\/wp-content\/uploads\/2024\/04\/divorce-consentement-mutuel.png\" \/><\/p>\n<p align=\"justify\">1.  Le rendez-vous : Contactez nous par t\u00e9l\u00e9phone au 01 47 04 25 40 ou par email \u00e0 <a href=\"mailto:info@avocat-gc.com\">info@avocat-gc.com<\/a> afin de fixer un rendez-vous avec notre avocat divorce. Nous sommes comp\u00e9tents pour vous divorcer dans la r\u00e9gion Occitanie, dans le d\u00e9partement de l&rsquo;H\u00e9rault (34). Lors de cet entretien, nous aborderons les points suivants :<\/p>\n<p>Les diff\u00e9rentes \u00e9tapes de votre proc\u00e9dure de divorce<br \/>\n La r\u00e9daction de la convention de divorce<br \/>\nLes diff\u00e9rentes questions li\u00e9es \u00e0 votre divorce.<\/p>\n<p align=\"justify\">2. La signature:\u00a0\u00a0Une fois la convention de divorce r\u00e9dig\u00e9e, nous vous transmettons le projet de convention de divorce pour \u00eatre soumis \u00e0 votre signature dans un d\u00e9lai de 15 jours. Le notaire se chargera, une fois les documents sign\u00e9s, d&rsquo;enregistrer votre divorce Dans certains cas, un divorce devant le Juge est n\u00e9cessaire. L&rsquo;affaire sera alors constitu\u00e9e d&rsquo;une audience devant le Juge aux Affaires Familiales du Tribunal de Grande Instance de B\u00e9ziers situ\u00e9 93 avenue du pr\u00e9sident Wilson 34500 BEZIERS, joignable par t\u00e9l\u00e9phone au 04 30 17 34 00 ou du Tribunal de Grande Instance de Montpellier situ\u00e9 place Pierre Flotte 34040 MONTPELLIER CEDEX 1, joignable par t\u00e9l\u00e9phone au 04 67 12 60 00<\/p>\n<p align=\"justify\">3 L&rsquo;enregistrement:  Vous n&rsquo;avez plus rien \u00e0 faire ! Nous vous ferons parvenir par voie postale, l&rsquo;attestation d&rsquo;enregistrement de divorce, puis nous nous chargerons de l&rsquo;inscription de votre divorce sur vos actes d&rsquo;\u00e9tat civil. Vous souhaitez divorcer sans juge dans l&rsquo;H\u00e9rault (34) ? Consultez notre page sp\u00e9ciale divorce sans juge:<\/p>\n<\/p>\n<p><a href=\"\/divorce\/divorce-sans-juge\/\" rel=\"nofollow noopener\" target=\"_parent\">\u25baAVOCAT DIVORCE SANS JUGE<\/a><\/p>\n<h3>Nos honoraires<\/h3>\n<p align=\"justify\">Pour connaitre le tarif d&rsquo;un divorce sans juge dans l&rsquo;H\u00e9rault (34) ou pour vous renseigner sur nos honoraires, merci de bien vouloir compl\u00e9ter notre devis en ligne<\/p>\n<\/p>\n<p><a href=\"\/divorce\/avocat-divorce-10-ans-dexperience\/\" rel=\"nofollow noopener\" target=\"_parent\">\u25ba DEVIS: AVOCAT DIVORCE H\u00c9RAULT<\/a><\/p>\n<h3>Liste des communes d\u00e9pendant du TGI Montpellier et B\u00e9ziers <\/h3>\n<p>\u25ba<br \/>\nAbeilhan  34290<br \/>\n\u25baAdissan  34230<br \/>\n\u25ba<a href=\"\/divorce\/avocat-divorce\/agde\/\" title=\"avocat divorce Agde\">Agde  34300<\/a><br \/>\n\u25baAgel  34210<br \/>\n\u25baAgon\u00e8s  34190<br \/>\n\u25baAigne  34210<br \/>\n\u25baAigues-Vives  34210<br \/>\n\u25baAlignan-du-Vent  34290<br \/>\n\u25baAniane  34150<br \/>\n\u25baArboras  34150<br \/>\n\u25baArgelliers  34380<br \/>\n\u25baAspiran  34800<br \/>\n\u25baAssas  34820<br \/>\n\u25baAssignan  34360<br \/>\n\u25baAumelas  34230<br \/>\n\u25baAumes  34530<br \/>\n\u25baAutignac  34480<br \/>\n\u25baAv\u00e8ne  34260<br \/>\n\u25baAzillanet  34210<br \/>\n\u25baBabeau-Bouldoux  34360<br \/>\n\u25baBaillargues  34670<br \/>\n\u25baBalaruc-le-Vieux  34540<br \/>\n\u25baBalaruc-les-Bains  34540<br \/>\n\u25baBassan  34290<br \/>\n\u25baBeaufort  34210<br \/>\n\u25baBeaulieu  34160<br \/>\n\u25baB\u00e9darieux  34600<br \/>\n\u25baB\u00e9larga  34230<br \/>\n\u25baBerlou  34360<br \/>\n\u25baBessan  34550<br \/>\n\u25ba<a href=\"\/divorce\/avocat-divorce\/beziers\/\" title=\"avocat divorce B\u00e9ziers\">B\u00e9ziers  34500<\/a><br \/>\n\u25baBoisseron  34160<br \/>\n\u25baBoisset  34220<br \/>\n\u25baBoujan-sur-Libron  34760<br \/>\n\u25baBouzigues  34140<br \/>\n\u25baBrenas  34650<br \/>\n\u25baBrignac  34800<br \/>\n\u25baBrissac  34190<br \/>\n\u25baBuzignargues  34160<br \/>\n\u25baCabrerolles  34480<br \/>\n\u25baCabri\u00e8res  34800<br \/>\n\u25baCambon-et-Salvergues  34330<br \/>\n\u25baCampagnan  34230<br \/>\n\u25baCampagne  34160<br \/>\n\u25baCamplong  34260<br \/>\n\u25baCandillargues  34130<br \/>\n\u25baCanet  34800<br \/>\n\u25baCapestang  34310<br \/>\n\u25baCarlencas-et-Levas  34600<br \/>\n\u25baCassagnoles  34210<br \/>\n\u25baCastanet-le-Haut  34610<br \/>\n\u25baCastelnau-de-Guers  34120<br \/>\n\u25ba<a href=\"\/divorce\/avocat-divorce\/castelnau-le-lez\/\" title=\"avocat divorce Castelnau-le-Lez\">Castelnau-le-Lez  34170<\/a><br \/>\n\u25baCastries  34160<br \/>\n\u25baCausse-de-la-Selle  34380<br \/>\n\u25baCausses-et-Veyran  34490<br \/>\n\u25baCaussiniojouls  34600<br \/>\n\u25baCaux  34720<br \/>\n\u25baCazedarnes  34460<br \/>\n\u25baCazevieille  34270<br \/>\n\u25baCazilhac  34190<br \/>\n\u25baCazouls-d&rsquo;H\u00e9rault  34120<br \/>\n\u25baCazouls-l\u00e8s-B\u00e9ziers  34370<br \/>\n\u25baC\u00e9bazan  34360<br \/>\n\u25baCeilhes-et-Rocozels  34260<br \/>\n\u25baCelles  34700<br \/>\n\u25baCers  34420<br \/>\n\u25baCessenon-sur-Orb  34460<br \/>\n\u25baCesseras  34210<br \/>\n\u25baCeyras  34800<br \/>\n\u25baClapiers  34830<br \/>\n\u25baClaret  34270<br \/>\n\u25baClermont-l&rsquo;H\u00e9rault  34800<br \/>\n\u25baColombi\u00e8res-sur-Orb  34390<br \/>\n\u25baColombiers  34440<br \/>\n\u25baCombaillaux  34980<br \/>\n\u25baCombes  34240<br \/>\n\u25baCorneilhan  34490<br \/>\n\u25baCoulobres  34290<br \/>\n\u25baCourniou  34220<br \/>\n\u25baCournonsec  34660<br \/>\n\u25baCournonterral  34660<br \/>\n\u25baCreissan  34370<br \/>\n\u25baCruzy  34310<br \/>\n\u25baDio-et-Valqui\u00e8res  34650<br \/>\n\u25baEspondeilhan  34290<br \/>\n\u25baFabr\u00e8gues  34690<br \/>\n\u25baFaug\u00e8res  34600<br \/>\n\u25baF\u00e9lines-Minervois  34210<br \/>\n\u25baFerrals-les-Montagnes  34210<br \/>\n\u25baFerri\u00e8res-les-Verreries  34190<br \/>\n\u25baFerri\u00e8res-Poussarou  34360<br \/>\n\u25baFlorensac  34510<br \/>\n\u25baFontan\u00e8s  34270<br \/>\n\u25baFont\u00e8s  34320<br \/>\n\u25baFos  34320<br \/>\n\u25baFouzilhon  34480<br \/>\n\u25baFozi\u00e8res  34700<br \/>\n\u25baFraisse-sur-Agout  34330<br \/>\n\u25ba<a href=\"\/divorce\/avocat-divorce\/frontignan\/\" title=\"avocat divorce Frontignan\">Frontignan  34110<\/a><br \/>\n\u25baGabian  34320<br \/>\n\u25baGalargues  34160<br \/>\n\u25baGanges  34190<br \/>\n\u25baGarrigues  34160<br \/>\n\u25baGigean  34770<br \/>\n\u25baGignac  34150<br \/>\n\u25baGorni\u00e8s  34190<br \/>\n\u25baGrabels  34790<br \/>\n\u25baGraissessac  34260<br \/>\n\u25baGuzargues  34820<br \/>\n\u25baH\u00e9r\u00e9pian  34600<br \/>\n\u25baJacou  34830<br \/>\n\u25baJoncels  34650<br \/>\n\u25baJonqui\u00e8res  34725<br \/>\n\u25baJuvignac  34990<br \/>\n\u25baLa Boissi\u00e8re  34150<br \/>\n\u25baLa Caunette  34210<br \/>\n\u25baLa Grande-Motte  34280<br \/>\n\u25baLa Livini\u00e8re  34210<br \/>\n\u25baLa Salvetat-sur-Agout  34330<br \/>\n\u25baLa Tour-sur-Orb  34260<br \/>\n\u25baLa Vacquerie-et-Saint-Martin-de-Castries  34520<br \/>\n\u25baLacoste  34800<br \/>\n\u25baLagamas  34150<br \/>\n\u25baLamalou-les-Bains  34240<br \/>\n\u25baLansargues  34130<br \/>\n\u25baLaroque  34190<br \/>\n\u25ba<a href=\"\/divorce\/avocat-divorce\/lattes\/\" title=\"avocat divorce Lattes\">Lattes  34970<\/a><br \/>\n\u25baLaurens  34480<br \/>\n\u25baLauret  34270<br \/>\n\u25baLauroux  34700<br \/>\n\u25baLavalette  34700<br \/>\n\u25baLav\u00e9rune  34880<br \/>\n\u25baLe Bosc  34700<br \/>\n\u25baLe Bousquet-d&rsquo;Orb  34260<br \/>\n\u25baLe Caylar  34520<br \/>\n\u25baLe Cr\u00e8s  34920<br \/>\n\u25baLe Cros  34520<br \/>\n\u25baLe Pouget  34230<br \/>\n\u25baLe Poujol-sur-Orb  34600<br \/>\n\u25baLe Pradal  34600<br \/>\n\u25baLe Puech  34700<br \/>\n\u25baLe Souli\u00e9  34330<br \/>\n\u25baLe Triadou  34270<br \/>\n\u25baLes Aires  34600<br \/>\n\u25baLes Matelles  34270<br \/>\n\u25baLes Plans  34700<br \/>\n\u25baLes Rives  34520<br \/>\n\u25baLespignan  34710<br \/>\n\u25baL\u00e9zignan-la-C\u00e8be  34120<br \/>\n\u25baLiausson  34800<br \/>\n\u25baLieuran-Cabri\u00e8res  34800<br \/>\n\u25baLieuran-l\u00e8s-B\u00e9ziers  34290<br \/>\n\u25baLignan-sur-Orb  34490<br \/>\n\u25baLod\u00e8ve  34700<br \/>\n\u25baLoupian  34140<br \/>\n\u25baLunas  34650<br \/>\n\u25ba<a href=\"\/divorce\/avocat-divorce\/lunel\/\" title=\"avocat divorce Lunel\">Lunel  34400<\/a><br \/>\n\u25baLunel-Viel  34400<br \/>\n\u25baMagalas  34480<br \/>\n\u25baMaraussan  34370<br \/>\n\u25baMargon  34320<br \/>\n\u25baMarseillan  34340<br \/>\n\u25baMarsillargues  34590<br \/>\n\u25baMas-de-Londres  34380<br \/>\n\u25ba<a href=\"\/divorce\/avocat-divorce\/mauguio\/\" title=\"avocat divorce Mauguio\">Mauguio  34130<\/a><br \/>\n\u25baMaureilhan  34370<br \/>\n\u25baM\u00e9rifons  34800<br \/>\n\u25ba<a href=\"\/divorce\/avocat-divorce\/meze\/\" title=\"avocat divorce M\u00e8ze\">M\u00e8ze  34140<\/a><br \/>\n\u25baMinerve  34210<br \/>\n\u25baMireval  34110<br \/>\n\u25baMons  34390<br \/>\n\u25baMontady  34310<br \/>\n\u25baMontagnac  34530<br \/>\n\u25baMontarnaud  34570<br \/>\n\u25baMontaud  34160<br \/>\n\u25baMontbazin  34560<br \/>\n\u25baMontblanc  34290<br \/>\n\u25baMontels  34310<br \/>\n\u25baMontesquieu  34320<br \/>\n\u25baMontferrier-sur-Lez  34980<br \/>\n\u25baMontouliers  34310<br \/>\n\u25baMontoulieu  34190<br \/>\n\u25ba<a href=\"\/divorce\/avocat-divorce\/montpellier\/\" title=\"avocat divorce montpellier\">Montpellier  34000<\/a><br \/>\n\u25baMontpeyroux  34150<br \/>\n\u25baMoul\u00e8s-et-Baucels  34190<br \/>\n\u25baMour\u00e8ze  34800<br \/>\n\u25baMudaison  34130<br \/>\n\u25baMurles  34980<br \/>\n\u25baMurviel-l\u00e8s-B\u00e9ziers  34490<br \/>\n\u25baMurviel-l\u00e8s-Montpellier  34570<br \/>\n\u25baN\u00e9bian  34800<br \/>\n\u25baNeffi\u00e8s  34320<br \/>\n\u25baN\u00e9zignan-l&rsquo;\u00c9v\u00eaque  34120<br \/>\n\u25baNissan-lez-Enserune  34440<br \/>\n\u25baNizas  34320<br \/>\n\u25baNotre-Dame-de-Londres  34380<br \/>\n\u25baOcton  34800<br \/>\n\u25baOlargues  34390<br \/>\n\u25baOlmet-et-Villecun  34700<br \/>\n\u25baOlonzac  34210<br \/>\n\u25baOupia  34210<br \/>\n\u25baPailh\u00e8s  34490<br \/>\n\u25baPalavas-les-Flots  34250<br \/>\n\u25baPardailhan  34360<br \/>\n\u25baPaulhan  34230<br \/>\n\u25baP\u00e9gairolles-de-Bu\u00e8ges  34380<br \/>\n\u25baP\u00e9gairolles-de-l&rsquo;Escalette  34700<br \/>\n\u25baP\u00e9ret  34800<br \/>\n\u25baP\u00e9rols  34470<br \/>\n\u25baP\u00e9zenas  34120<br \/>\n\u25baP\u00e9z\u00e8nes-les-Mines  34600<br \/>\n\u25baPierrerue  34360<br \/>\n\u25baPignan  34570<br \/>\n\u25baPinet  34850<br \/>\n\u25baPlaissan  34230<br \/>\n\u25baPoilhes  34310<br \/>\n\u25baPom\u00e9rols  34810<br \/>\n\u25baPopian  34230<br \/>\n\u25baPortiragnes  34420<br \/>\n\u25baPoujols  34700<br \/>\n\u25baPoussan  34560<br \/>\n\u25baPouzolles  34480<br \/>\n\u25baPouzols  34230<br \/>\n\u25baPrades-le-Lez  34730<br \/>\n\u25baPrades-sur-Vernazobre  34360<br \/>\n\u25baPr\u00e9mian  34390<br \/>\n\u25baPu\u00e9chabon  34150<br \/>\n\u25baPuilacher  34230<br \/>\n\u25baPuimisson  34480<br \/>\n\u25baPuissalicon  34480<br \/>\n\u25baPuisserguier  34620<br \/>\n\u25baQuarante  34310<br \/>\n\u25baRestincli\u00e8res  34160<br \/>\n\u25baRieussec  34220<br \/>\n\u25baRiols  34220<br \/>\n\u25baRomigui\u00e8res  34650<br \/>\n\u25baRoquebrun  34460<br \/>\n\u25baRoqueredonde  34650<br \/>\n\u25baRoquessels  34320<br \/>\n\u25baRosis  34610<br \/>\n\u25baRouet  34380<br \/>\n\u25baRoujan  34320<br \/>\n\u25baSaint-Andr\u00e9-de-Bu\u00e8ges  34190<br \/>\n\u25baSaint-Andr\u00e9-de-Sangonis  34725<br \/>\n\u25baSaint-Aun\u00e8s  34130<br \/>\n\u25baSaint-Bauzille-de-la-Sylve  34230<br \/>\n\u25baSaint-Bauzille-de-Montmel  34160<br \/>\n\u25baSaint-Bauzille-de-Putois  34190<br \/>\n\u25baSaint-Br\u00e8s  34670<br \/>\n\u25baSaint-Chinian  34360<br \/>\n\u25baSaint-Christol  34400<br \/>\n\u25baSaint-Cl\u00e9ment-de-Rivi\u00e8re  34980<br \/>\n\u25baSaint-Dr\u00e9z\u00e9ry  34160<br \/>\n\u25baSaint-\u00c9tienne-d&rsquo;Albagnan  34390<br \/>\n\u25baSaint-Etienne-de-Gourgas  34700<br \/>\n\u25baSaint-Etienne-Estr\u00e9choux  34260<br \/>\n\u25baSaint-F\u00e9lix-de-l&rsquo;H\u00e9ras  34520<br \/>\n\u25baSaint-F\u00e9lix-de-Lodez  34725<br \/>\n\u25baSaint-G\u00e9ly-du-Fesc  34980<br \/>\n\u25baSaint-Geni\u00e8s-de-Fontedit  34480<br \/>\n\u25baSaint-Geni\u00e8s-de-Varensal  34610<br \/>\n\u25baSaint-Geni\u00e8s-des-Mourgues  34160<br \/>\n\u25baSaint-Georges-d&rsquo;Orques  34680<br \/>\n\u25baSaint-Gervais-sur-Mare  34610<br \/>\n\u25baSaint-Guilhem-le-D\u00e9sert  34150<br \/>\n\u25baSaint-Guiraud  34725<br \/>\n\u25baSaint-Hilaire-de-Beauvoir  34160<br \/>\n\u25baSaint-Jean-de-Bu\u00e8ges  34380<br \/>\n\u25baSaint-Jean-de-Cornies  34160<br \/>\n\u25baSaint-Jean-de-Cuculles  34270<br \/>\n\u25baSaint-Jean-de-Fos  34150<br \/>\n\u25baSaint-Jean-de-la-Blaqui\u00e8re  34700<br \/>\n\u25baSaint-Jean-de-Minervois  34360<br \/>\n\u25baSaint-Jean-de-V\u00e9das  34430<br \/>\n\u25baSaint-Julien  34390<br \/>\n\u25baSaint-Just  34400<br \/>\n\u25baSaint-Martin-de-l&rsquo;Ar\u00e7on  34390<br \/>\n\u25baSaint-Martin-de-Londres  34380<br \/>\n\u25baSaint-Mathieu-de-Tr\u00e9viers  34270<br \/>\n\u25baSaint-Maurice-Navacelles  34520<br \/>\n\u25baSaint-Michel  34520<br \/>\n\u25baSaint-Nazaire-de-Ladarez  34490<br \/>\n\u25baSaint-Nazaire-de-P\u00e9zan  34400<br \/>\n\u25baSaint-Pargoire  34230<br \/>\n\u25baSaint-Paul-et-Valmalle  34570<br \/>\n\u25baSaint-Pierre-de-la-Fage  34520<br \/>\n\u25baSaint-Pons-de-Mauchiens  34230<br \/>\n\u25baSaint-Pons-de-Thomi\u00e8res  34220<br \/>\n\u25baSaint-Privat  34700<br \/>\n\u25baSaint-Saturnin-de-Lucian  34725<br \/>\n\u25baSaint-S\u00e9ri\u00e8s  34400<br \/>\n\u25baSaint-Thib\u00e9ry  34630<br \/>\n\u25baSaint-Vincent-d&rsquo;Olargues  34390<br \/>\n\u25baSaint-Vincent-de-Barbeyrargues  34730<br \/>\n\u25baSainte-Croix-de-Quintillargues  34270<br \/>\n\u25baSalasc  34800<br \/>\n\u25baSaturargues  34400<br \/>\n\u25baSaussan  34570<br \/>\n\u25baSaussines  34160<br \/>\n\u25baSauteyrargues  34270<br \/>\n\u25baSauvian  34410<br \/>\n\u25baS\u00e9rignan  34410<br \/>\n\u25baServian  34290<br \/>\n\u25ba<a href=\"\/divorce\/avocat-divorce\/sete\/\" title=\"avocat divorce S\u00e8te\">S\u00e8te  34200<\/a><br \/>\n\u25baSiran  34210<br \/>\n\u25baSorbs  34520<br \/>\n\u25baSoub\u00e8s  34700<br \/>\n\u25baSoumont  34700<br \/>\n\u25baSussargues  34160<br \/>\n\u25baTaussac-la-Billi\u00e8re  34600<br \/>\n\u25baTeyran  34820<br \/>\n\u25baTh\u00e9zan-l\u00e8s-B\u00e9ziers  34490<br \/>\n\u25baTourbes  34120<br \/>\n\u25baTressan  34230<br \/>\n\u25baUsclas-d&rsquo;H\u00e9rault  34230<br \/>\n\u25baUsclas-du-Bosc  34700<br \/>\n\u25baVacqui\u00e8res  34270<br \/>\n\u25baVailhan  34320<br \/>\n\u25baVailhauqu\u00e8s  34570<br \/>\n\u25baValergues  34130<br \/>\n\u25baValflaun\u00e8s  34270<br \/>\n\u25baValmascle  34800<br \/>\n\u25baValras-Plage  34350<br \/>\n\u25baValros  34290<br \/>\n\u25baV\u00e9lieux  34220<br \/>\n\u25baVendargues  34740<br \/>\n\u25baVend\u00e9mian  34230<br \/>\n\u25baVendres  34350<br \/>\n\u25baV\u00e9rargues  34400<br \/>\n\u25baVerreries-de-Moussans  34220<br \/>\n\u25baVias  34450<br \/>\n\u25baVic-la-Gardiole  34110<br \/>\n\u25baVieussan  34390<br \/>\n\u25baVillemagne-l&rsquo;Argenti\u00e8re  34600<br \/>\n\u25baVilleneuve-l\u00e8s-B\u00e9ziers  34420<br \/>\n\u25baVilleneuve-l\u00e8s-Maguelone  34750<br \/>\n\u25baVilleneuvette  34800<br \/>\n\u25baVillespassans  34360<br \/>\n\u25baVilletelle  34400<br \/>\n\u25baVilleveyrac  34560<br \/>\n\u25baViols-en-Laval  34380<br \/>\n\u25baViols-le-Fort  34380<\/p>\n","protected":false},"excerpt":{"rendered":"<p>\u25c4 Retour \u00e0 l&rsquo;annuaire des villes Avocat Divorce sans juge H\u00e9rault (34) *\/ VOTRE DIVORCE SANS JUGE DANS L&rsquo;H\u00c9RAULT (34) J&rsquo;INTERVIENS DANS TOUTE LA FRANCE Notre cabinet \u00e0 Paris : 42 Rue de L\u00fcbeck, 75116 Paris 01 47 04 25 40 Les \u00e9tapes de votre divorce 1. Le rendez-vous : Contactez nous par t\u00e9l\u00e9phone au [&hellip;]<\/p>\n","protected":false},"author":1,"featured_media":0,"parent":0,"menu_order":0,"comment_status":"closed","ping_status":"closed","template":"","meta":{"_acf_changed":false,"inline_featured_image":false,"footnotes":""},"priorite":[],"class_list":["post-1848","page","type-page","status-publish","hentry"],"acf":[],"yoast_head":"<!-- This site is optimized with the Yoast SEO plugin v27.5 - https:\/\/yoast.com\/product\/yoast-seo-wordpress\/ -->\n<title>Avocat Divorce sans juge H\u00e9rault (34) - Avocat Divorce<\/title>\n<meta name=\"description\" content=\"Vous souhaitez divorcer sans juge dans l&#039;H\u00e9rault (34) en 1 mois \u00e0 partir de 425\u20ac TTC. Contactez un Avocat divorce au \u260e 01.47.04.25.40 . Recevez un devis gratuit et imm\u00e9diat pour votre divorce. Cabinet Avocat GC. Divorce amiable - Divorce sans juge\" \/>\n<meta name=\"robots\" content=\"index, follow, max-snippet:-1, max-image-preview:large, max-video-preview:-1\" \/>\n<link rel=\"canonical\" href=\"https:\/\/avocat-gc.com\/divorce\/avocat-divorce-sans-juge-herault-34\/\" \/>\n<meta property=\"og:locale\" content=\"fr_FR\" \/>\n<meta property=\"og:type\" content=\"article\" \/>\n<meta property=\"og:title\" content=\"Avocat Divorce sans juge H\u00e9rault (34) - Avocat Divorce\" \/>\n<meta property=\"og:description\" content=\"Vous souhaitez divorcer sans juge dans l&#039;H\u00e9rault (34) en 1 mois \u00e0 partir de 425\u20ac TTC. Contactez un Avocat divorce au \u260e 01.47.04.25.40 . Recevez un devis gratuit et imm\u00e9diat pour votre divorce. Cabinet Avocat GC. Divorce amiable - Divorce sans juge\" \/>\n<meta property=\"og:url\" content=\"https:\/\/avocat-gc.com\/divorce\/avocat-divorce-sans-juge-herault-34\/\" \/>\n<meta property=\"og:site_name\" content=\"Avocat GC - Avocat Divorce\" \/>\n<meta name=\"twitter:card\" content=\"summary_large_image\" \/>\n<script type=\"application\/ld+json\" class=\"yoast-schema-graph\">{\"@context\":\"https:\\\/\\\/schema.org\",\"@graph\":[{\"@type\":\"WebPage\",\"@id\":\"https:\\\/\\\/avocat-gc.com\\\/divorce\\\/avocat-divorce-sans-juge-herault-34\\\/\",\"url\":\"https:\\\/\\\/avocat-gc.com\\\/divorce\\\/avocat-divorce-sans-juge-herault-34\\\/\",\"name\":\"Avocat Divorce sans juge H\u00e9rault (34) - Avocat Divorce\",\"isPartOf\":{\"@id\":\"https:\\\/\\\/avocat-gc.com\\\/divorce\\\/#website\"},\"datePublished\":\"2018-02-10T00:00:00+00:00\",\"description\":\"Vous souhaitez divorcer sans juge dans l'H\u00e9rault (34) en 1 mois \u00e0 partir de 425\u20ac TTC. Contactez un Avocat divorce au \u260e 01.47.04.25.40 . Recevez un devis gratuit et imm\u00e9diat pour votre divorce. Cabinet Avocat GC. Divorce amiable - Divorce sans juge\",\"breadcrumb\":{\"@id\":\"https:\\\/\\\/avocat-gc.com\\\/divorce\\\/avocat-divorce-sans-juge-herault-34\\\/#breadcrumb\"},\"inLanguage\":\"fr-FR\",\"potentialAction\":[{\"@type\":\"ReadAction\",\"target\":[\"https:\\\/\\\/avocat-gc.com\\\/divorce\\\/avocat-divorce-sans-juge-herault-34\\\/\"]}]},{\"@type\":\"BreadcrumbList\",\"@id\":\"https:\\\/\\\/avocat-gc.com\\\/divorce\\\/avocat-divorce-sans-juge-herault-34\\\/#breadcrumb\",\"itemListElement\":[{\"@type\":\"ListItem\",\"position\":1,\"name\":\"Accueil\",\"item\":\"https:\\\/\\\/avocat-gc.com\\\/divorce\\\/\"},{\"@type\":\"ListItem\",\"position\":2,\"name\":\"Avocat Divorce sans juge H\u00e9rault (34)\"}]},{\"@type\":\"WebSite\",\"@id\":\"https:\\\/\\\/avocat-gc.com\\\/divorce\\\/#website\",\"url\":\"https:\\\/\\\/avocat-gc.com\\\/divorce\\\/\",\"name\":\"Avocat GC - Avocat Divorce\",\"description\":\"\",\"publisher\":{\"@id\":\"https:\\\/\\\/avocat-gc.com\\\/divorce\\\/#organization\"},\"potentialAction\":[{\"@type\":\"SearchAction\",\"target\":{\"@type\":\"EntryPoint\",\"urlTemplate\":\"https:\\\/\\\/avocat-gc.com\\\/divorce\\\/?s={search_term_string}\"},\"query-input\":{\"@type\":\"PropertyValueSpecification\",\"valueRequired\":true,\"valueName\":\"search_term_string\"}}],\"inLanguage\":\"fr-FR\"},{\"@type\":\"Organization\",\"@id\":\"https:\\\/\\\/avocat-gc.com\\\/divorce\\\/#organization\",\"name\":\"Avocat GC - Avocat Divorce\",\"url\":\"https:\\\/\\\/avocat-gc.com\\\/divorce\\\/\",\"logo\":{\"@type\":\"ImageObject\",\"inLanguage\":\"fr-FR\",\"@id\":\"https:\\\/\\\/avocat-gc.com\\\/divorce\\\/#\\\/schema\\\/logo\\\/image\\\/\",\"url\":\"https:\\\/\\\/avocat-gc.com\\\/divorce\\\/wp-content\\\/uploads\\\/2024\\\/04\\\/cropped-Sans-titre.png\",\"contentUrl\":\"https:\\\/\\\/avocat-gc.com\\\/divorce\\\/wp-content\\\/uploads\\\/2024\\\/04\\\/cropped-Sans-titre.png\",\"width\":200,\"height\":180,\"caption\":\"Avocat GC - Avocat Divorce\"},\"image\":{\"@id\":\"https:\\\/\\\/avocat-gc.com\\\/divorce\\\/#\\\/schema\\\/logo\\\/image\\\/\"}}]}<\/script>\n<!-- \/ Yoast SEO plugin. -->","yoast_head_json":{"title":"Avocat Divorce sans juge H\u00e9rault (34) - Avocat Divorce","description":"Vous souhaitez divorcer sans juge dans l'H\u00e9rault (34) en 1 mois \u00e0 partir de 425\u20ac TTC. Contactez un Avocat divorce au \u260e 01.47.04.25.40 . Recevez un devis gratuit et imm\u00e9diat pour votre divorce. Cabinet Avocat GC. Divorce amiable - Divorce sans juge","robots":{"index":"index","follow":"follow","max-snippet":"max-snippet:-1","max-image-preview":"max-image-preview:large","max-video-preview":"max-video-preview:-1"},"canonical":"https:\/\/avocat-gc.com\/divorce\/avocat-divorce-sans-juge-herault-34\/","og_locale":"fr_FR","og_type":"article","og_title":"Avocat Divorce sans juge H\u00e9rault (34) - Avocat Divorce","og_description":"Vous souhaitez divorcer sans juge dans l'H\u00e9rault (34) en 1 mois \u00e0 partir de 425\u20ac TTC. Contactez un Avocat divorce au \u260e 01.47.04.25.40 . Recevez un devis gratuit et imm\u00e9diat pour votre divorce. Cabinet Avocat GC. Divorce amiable - Divorce sans juge","og_url":"https:\/\/avocat-gc.com\/divorce\/avocat-divorce-sans-juge-herault-34\/","og_site_name":"Avocat GC - Avocat Divorce","twitter_card":"summary_large_image","schema":{"@context":"https:\/\/schema.org","@graph":[{"@type":"WebPage","@id":"https:\/\/avocat-gc.com\/divorce\/avocat-divorce-sans-juge-herault-34\/","url":"https:\/\/avocat-gc.com\/divorce\/avocat-divorce-sans-juge-herault-34\/","name":"Avocat Divorce sans juge H\u00e9rault (34) - Avocat Divorce","isPartOf":{"@id":"https:\/\/avocat-gc.com\/divorce\/#website"},"datePublished":"2018-02-10T00:00:00+00:00","description":"Vous souhaitez divorcer sans juge dans l'H\u00e9rault (34) en 1 mois \u00e0 partir de 425\u20ac TTC. Contactez un Avocat divorce au \u260e 01.47.04.25.40 . Recevez un devis gratuit et imm\u00e9diat pour votre divorce. Cabinet Avocat GC. Divorce amiable - Divorce sans juge","breadcrumb":{"@id":"https:\/\/avocat-gc.com\/divorce\/avocat-divorce-sans-juge-herault-34\/#breadcrumb"},"inLanguage":"fr-FR","potentialAction":[{"@type":"ReadAction","target":["https:\/\/avocat-gc.com\/divorce\/avocat-divorce-sans-juge-herault-34\/"]}]},{"@type":"BreadcrumbList","@id":"https:\/\/avocat-gc.com\/divorce\/avocat-divorce-sans-juge-herault-34\/#breadcrumb","itemListElement":[{"@type":"ListItem","position":1,"name":"Accueil","item":"https:\/\/avocat-gc.com\/divorce\/"},{"@type":"ListItem","position":2,"name":"Avocat Divorce sans juge H\u00e9rault (34)"}]},{"@type":"WebSite","@id":"https:\/\/avocat-gc.com\/divorce\/#website","url":"https:\/\/avocat-gc.com\/divorce\/","name":"Avocat GC - Avocat Divorce","description":"","publisher":{"@id":"https:\/\/avocat-gc.com\/divorce\/#organization"},"potentialAction":[{"@type":"SearchAction","target":{"@type":"EntryPoint","urlTemplate":"https:\/\/avocat-gc.com\/divorce\/?s={search_term_string}"},"query-input":{"@type":"PropertyValueSpecification","valueRequired":true,"valueName":"search_term_string"}}],"inLanguage":"fr-FR"},{"@type":"Organization","@id":"https:\/\/avocat-gc.com\/divorce\/#organization","name":"Avocat GC - Avocat Divorce","url":"https:\/\/avocat-gc.com\/divorce\/","logo":{"@type":"ImageObject","inLanguage":"fr-FR","@id":"https:\/\/avocat-gc.com\/divorce\/#\/schema\/logo\/image\/","url":"https:\/\/avocat-gc.com\/divorce\/wp-content\/uploads\/2024\/04\/cropped-Sans-titre.png","contentUrl":"https:\/\/avocat-gc.com\/divorce\/wp-content\/uploads\/2024\/04\/cropped-Sans-titre.png","width":200,"height":180,"caption":"Avocat GC - Avocat Divorce"},"image":{"@id":"https:\/\/avocat-gc.com\/divorce\/#\/schema\/logo\/image\/"}}]}},"_links":{"self":[{"href":"https:\/\/avocat-gc.com\/divorce\/wp-json\/wp\/v2\/pages\/1848","targetHints":{"allow":["GET"]}}],"collection":[{"href":"https:\/\/avocat-gc.com\/divorce\/wp-json\/wp\/v2\/pages"}],"about":[{"href":"https:\/\/avocat-gc.com\/divorce\/wp-json\/wp\/v2\/types\/page"}],"author":[{"embeddable":true,"href":"https:\/\/avocat-gc.com\/divorce\/wp-json\/wp\/v2\/users\/1"}],"replies":[{"embeddable":true,"href":"https:\/\/avocat-gc.com\/divorce\/wp-json\/wp\/v2\/comments?post=1848"}],"version-history":[{"count":0,"href":"https:\/\/avocat-gc.com\/divorce\/wp-json\/wp\/v2\/pages\/1848\/revisions"}],"wp:attachment":[{"href":"https:\/\/avocat-gc.com\/divorce\/wp-json\/wp\/v2\/media?parent=1848"}],"wp:term":[{"taxonomy":"priorite","embeddable":true,"href":"https:\/\/avocat-gc.com\/divorce\/wp-json\/wp\/v2\/priorite?post=1848"}],"curies":[{"name":"wp","href":"https:\/\/api.w.org\/{rel}","templated":true}]}}