{"id":1843,"date":"2019-12-03T00:00:00","date_gmt":"2019-12-03T00:00:00","guid":{"rendered":"https:\/\/avocat-gc.com\/divorce\/avocat-divorce-sans-juge-hautes-alpes-05\/"},"modified":"2019-12-03T00:00:00","modified_gmt":"2019-12-03T00:00:00","slug":"avocat-divorce-sans-juge-hautes-alpes-05","status":"publish","type":"page","link":"https:\/\/avocat-gc.com\/divorce\/avocat-divorce-sans-juge-hautes-alpes-05\/","title":{"rendered":"Avocat Divorce sans juge Hautes-Alpes (05)"},"content":{"rendered":"<p><a href=\"\/divorce\/avocat-divorce\/\" rel=\"nofollow noopener\" target=\"_parent\">\u25c4 Retour \u00e0 l&rsquo;annuaire des villes<\/a><\/p>\n<p>Avocat Divorce sans juge  Hautes-Alpes (05)<br \/>\n*\/<\/p>\n<h2>VOTRE DIVORCE SANS JUGE DANS LES HAUTES-ALPES (05)<\/h2>\n<p> J&rsquo;INTERVIENS DANS TOUTE LA FRANCE <a href=\"\/divorce\/avocat-divorce\/paris\/\" rel=\"nofollow noopener\" title=\"\" target=\"_parent\">Notre cabinet \u00e0 Paris<\/a> : 42 Rue de L\u00fcbeck, 75116 Paris 01 47 04 25 40 <\/p>\n<h3>Les \u00e9tapes de votre divorce<\/h3>\n<p class=\"img-right\"><img decoding=\"async\" alt=\"avocat divorce sans juge  Hautes-Alpes (05)\" title=\"avocat divorce sans juge Hautes-Alpes (05)\" width=\"170\" border=\"2\" src=\"\/divorce\/wp-content\/uploads\/2024\/04\/divorce-consentement-mutuel.png\" \/><\/p>\n<p align=\"justify\">1.  Le rendez-vous : Contactez nous par t\u00e9l\u00e9phone au 01 47 04 25 40 ou par email \u00e0 <a href=\"mailto:info@avocat-gc.com\">info@avocat-gc.com<\/a> afin de fixer un rendez-vous avec notre avocat divorce. Nous sommes comp\u00e9tents pour vous divorcer dans la r\u00e9gion PACA, dans le d\u00e9partement des  Hautes-Alpes (05). Lors de cet entretien, nous aborderons les points suivants :<\/p>\n<p>Les diff\u00e9rentes \u00e9tapes de votre proc\u00e9dure de divorce<br \/>\n La r\u00e9daction de la convention de divorce<br \/>\nLes diff\u00e9rentes questions li\u00e9es \u00e0 votre divorce.<\/p>\n<p align=\"justify\">2. La signature:\u00a0\u00a0Une fois la convention de divorce r\u00e9dig\u00e9e, nous vous transmettons le projet de convention de divorce pour \u00eatre soumis \u00e0 votre signature dans un d\u00e9lai de 15 jours. Le notaire se chargera, une fois les documents sign\u00e9s, d&rsquo;enregistrer votre divorce Dans certains cas, un divorce devant le Juge est n\u00e9cessaire. L&rsquo;affaire sera alors constitu\u00e9e d&rsquo;une audience devant le Juge aux Affaires Familiales du Tribunal de Grande Instance de Gap\u00a0situ\u00e9 place Saint-Arnoux<br \/>\nBP 77 05007 GAP CEDEX, joignable par t\u00e9l\u00e9phone au 04 92 40 70 00\u00a0 &#8211; ;<\/p>\n<p align=\"justify\">3 L&rsquo;enregistrement:  Vous n&rsquo;avez plus rien \u00e0 faire ! Nous vous ferons parvenir par voie postale, l&rsquo;attestation d&rsquo;enregistrement de divorce, puis nous nous chargerons de l&rsquo;inscription de votre divorce sur vos actes d&rsquo;\u00e9tat civil. Vous souhaitez divorcer sans juge dans les Hautes-Alpes (05) ? Consultez notre page sp\u00e9ciale divorce sans juge:<\/p>\n<\/p>\n<p><a href=\"\/divorce\/divorce-sans-juge\/\" rel=\"nofollow noopener\" target=\"_parent\">\u25baAVOCAT DIVORCE SANS JUGE<\/a><\/p>\n<h3>Nos honoraires<\/h3>\n<p align=\"justify\">Pour connaitre le tarif d&rsquo;un divorce sans juge dans les Hautes-Alpes (05) ou pour vous renseigner sur nos honoraires, merci de bien vouloir compl\u00e9ter notre devis en ligne<\/p>\n<\/p>\n<p><a href=\"\/divorce\/avocat-divorce-10-ans-dexperience\/\" rel=\"nofollow noopener\" target=\"_parent\">\u25ba DEVIS: AVOCAT DIVORCE HAUTES-ALPES (05)<\/a><\/p>\n<h3>Liste des communes d\u00e9pendant du TGI de Gap<\/h3>\n<p>\u25baAbri\u00e8s   05460<br \/>\n\u25baAgni\u00e8res-en-D\u00e9voluy   05250<br \/>\n\u25baAiguilles   05470<br \/>\n\u25baAncelle   05260<br \/>\n\u25baAntonaves   05300<br \/>\n\u25baArvieux   05350<br \/>\n\u25baAspremont   05140<br \/>\n\u25baAspres-l\u00e8s-Corps   05800<br \/>\n\u25baAspres-sur-Bu\u00ebch   05140<br \/>\n\u25baAvan\u00e7on   05230<br \/>\n\u25baBaratier   05200<br \/>\n\u25baBarcillonnette   05110<br \/>\n\u25baBarret-sur-M\u00e9ouge   05300<br \/>\n\u25baB\u00e9n\u00e9vent-et-Charbillac   05500<br \/>\n\u25baBr\u00e9ziers   05190<br \/>\n<a href=\"\/divorce\/avocat-divorce\/briancon\/\" title=\"avocat divorce briancon\" target=\"\" rel=\"noopener\">\u25baBrian\u00e7on   05100<\/a><br \/>\n\u25baBruis   05150<br \/>\n\u25baBuissard   05500<br \/>\n\u25baCeillac   05600<br \/>\n\u25baCervi\u00e8res   05100<br \/>\n\u25baChabestan   05400<br \/>\n\u25baChabottes   05260<br \/>\n\u25baChampcella   05310<br \/>\n\u25baChampol\u00e9on   05260<br \/>\n\u25baChanousse   05700<br \/>\n\u25baCh\u00e2teau-Ville-Vieille   05350<br \/>\n\u25baCh\u00e2teauneuf-d&rsquo;Oze   05400<br \/>\n\u25baCh\u00e2teauneuf-de-Chabre   05300<br \/>\n\u25baCh\u00e2teauroux-les-Alpes   05380<br \/>\n\u25baCh\u00e2teauvieux   05000<br \/>\n\u25baChauffayer   05800<br \/>\n<a href=\"\/divorce\/avocat-divorce\/chorges\/\" title=\"avocat divorce chorges\" target=\"\" rel=\"noopener\">\u25baChorges   05230<\/a><br \/>\n\u25baCr\u00e9voux   05200<br \/>\n\u25baCrots   05200<br \/>\n<a href=\"\/divorce\/avocat-divorce\/embrun\/\" title=\"avocat embrun divorce\" target=\"\" rel=\"noopener\">\u25baEmbrun   05200<\/a><br \/>\n\u25baEourres   05300<br \/>\n\u25baEsparron   05110<br \/>\n\u25baEspinasses   05190<br \/>\n\u25baEtoile-Saint-Cyrice   05700<br \/>\n\u25baEygliers   05600<br \/>\n\u25baEyguians   05300<br \/>\n\u25baForest-Saint-Julien   05260<br \/>\n\u25baFouillouse   05130<br \/>\n\u25baFreissini\u00e8res   05310<br \/>\n\u25baFurmeyer   05400<br \/>\n<a href=\"\/divorce\/avocat-divorce\/gap\/\" title=\"Avocat divorce gap\" target=\"\" rel=\"noopener\">\u25baGap   05000<\/a><br \/>\n<a href=\"\/divorce\/avocat-divorce\/guillestre\/\" title=\"avocat divorce guillestre\" target=\"\" rel=\"noopener\">\u25baGuillestre   05600<\/a><br \/>\n\u25baJarjayes   05130<br \/>\n<a href=\"\/divorce\/avocat-divorce\/largentiere-la-bessee\/\" title=\"avocat divorce L'argenti\u00e8re-la-bess\u00e9e\" target=\"\" rel=\"noopener\">\u25baL&rsquo;Argenti\u00e8re-la-Bess\u00e9e   05120<\/a><br \/>\n\u25baL&rsquo;\u00c9pine   05700<br \/>\n\u25baLa B\u00e2tie-Montsal\u00e9on   05700<br \/>\n<a href=\"\/divorce\/avocat-divorce\/la-batie-neuve\/\" title=\"avocat divorce la b\u00e2tie-neuve\" target=\"\" rel=\"noopener\">\u25baLa B\u00e2tie-Neuve   05230<\/a><br \/>\n\u25baLa B\u00e2tie-Vieille   05000<br \/>\n\u25baLa Beaume   05140<br \/>\n\u25baLa Chapelle-en-Valgaud\u00e9mar   05800<br \/>\n\u25baLa Cluse   05250<br \/>\n\u25baLa Fare-en-Champsaur   05500<br \/>\n\u25baLa Faurie   05140<br \/>\n\u25baLa Freissinouse   05000<br \/>\n\u25baLa Grave   05320<br \/>\n\u25baLa Haute-Beaume   05140<br \/>\n\u25baLa Motte-en-Champsaur   05500<br \/>\n\u25baLa Piarre   05700<br \/>\n\u25baLa Roche-de-Rame   05310<br \/>\n\u25baLa Roche-des-Arnauds   05400<br \/>\n\u25baLa Rochette   05000<br \/>\n\u25baLa Salle les Alpes   05240<br \/>\n\u25baLa Saulce   05110<br \/>\n\u25baLagrand   05300<br \/>\n<a href=\"\/divorce\/avocat-divorce\/laragne-monteglin\/\" title=\"avocat divorce laragne-mont\u00e9glin\" target=\"\" rel=\"noopener\">\u25baLaragne-Mont\u00e9glin   05300<\/a><br \/>\n\u25baLardier-et-Valen\u00e7a   05110<br \/>\n\u25baLaye   05500<br \/>\n\u25baLazer   05300<br \/>\n\u25baLe Bersac   05700<br \/>\n\u25baLe Glaizil   05800<br \/>\n\u25baLe Mon\u00eatier-les-Bains   05220<br \/>\n\u25baLe Noyer   05500<br \/>\n\u25baLe Po\u00ebt   05300<br \/>\n\u25baLe Saix   05400<br \/>\n\u25baLe Sauze-du-Lac   05160<br \/>\n\u25baLes Costes   05500<br \/>\n\u25baLes Infournas   05500<br \/>\n\u25baLes Orres   05200<br \/>\n\u25baLes Vigneaux   05120<br \/>\n\u25baLettret   05130<br \/>\n\u25baManteyer   05400<br \/>\n\u25baM\u00e9reuil   05700<br \/>\n\u25baMolines-en-Queyras   05350<br \/>\n\u25baMon\u00eatier-Allemont   05110<br \/>\n\u25baMont-Dauphin   05600<br \/>\n\u25baMontbrand   05140<br \/>\n\u25baMontclus   05700<br \/>\n\u25baMontgardin   05230<br \/>\n\u25baMontgen\u00e8vre   05100<br \/>\n\u25baMontjay   05150<br \/>\n\u25baMontmaur   05400<br \/>\n\u25baMontmorin   05150<br \/>\n\u25baMontrond   05700<br \/>\n\u25baMoydans   05150<br \/>\n\u25baNeffes   05000<br \/>\n\u25baN\u00e9vache   05100<br \/>\n\u25baNossage-et-B\u00e9n\u00e9vent   05700<br \/>\n\u25baOrci\u00e8res   05170<br \/>\n\u25baOrpierre   05700<br \/>\n\u25baOze   05400<br \/>\n\u25baPelleautier   05000<br \/>\n\u25baPelvoux   05340<br \/>\n\u25baPoligny   05500<br \/>\n\u25baPruni\u00e8res   05230<br \/>\n\u25baPuy-Saint-Andr\u00e9   05100<br \/>\n\u25baPuy-Saint-Eus\u00e8be   05200<br \/>\n\u25baPuy-Saint-Pierre   05100<br \/>\n\u25baPuy-Saint-Vincent   05290<br \/>\n\u25baPuy-Sani\u00e8res   05200<br \/>\n\u25baRabou   05400<br \/>\n\u25baRambaud   05000<br \/>\n\u25baR\u00e9allon   05160<br \/>\n\u25baRemollon   05190<br \/>\n\u25baR\u00e9otier   05600<br \/>\n\u25baRibeyret   05150<br \/>\n\u25baRibiers   05300<br \/>\n\u25baRisoul   05600<br \/>\n\u25baRistolas   05460<br \/>\n\u25baRochebrune   05190<br \/>\n\u25baRosans   05150<br \/>\n\u25baRousset   05190<br \/>\n\u25baSaint-Andr\u00e9-d&rsquo;Embrun   05200<br \/>\n\u25baSaint-Andr\u00e9-de-Rosans   05150<br \/>\n\u25baSaint-Apollinaire   05160<br \/>\n\u25baSaint-Auban-d&rsquo;Oze   05400<br \/>\n\u25baSaint-Bonnet-en-Champsaur   05500<br \/>\n\u25baSaint-Chaffrey   05330<br \/>\n\u25baSaint-Cl\u00e9ment-sur-Durance   05600<br \/>\n\u25baSaint-Cr\u00e9pin   05600<br \/>\n\u25baSaint-Disdier   05250<br \/>\n\u25baSaint-Etienne-en-D\u00e9voluy   05250<br \/>\n\u25baSaint-Etienne-le-Laus   05130<br \/>\n\u25baSaint-Eus\u00e8be-en-Champsaur   05500<br \/>\n\u25baSaint-Firmin   05800<br \/>\n\u25baSaint-Genis   05300<br \/>\n\u25baSaint-Jacques-en-Valgodemard   05800<br \/>\n\u25baSaint-Jean-Saint-Nicolas   05260<br \/>\n\u25baSaint-Julien-en-Beauch\u00eane   05140<br \/>\n\u25baSaint-Julien-en-Champsaur   05500<br \/>\n\u25baSaint-Laurent-du-Cros   05500<br \/>\n\u25baSaint-L\u00e9ger-les-M\u00e9l\u00e8zes   05260<br \/>\n\u25baSaint-Martin-de-Queyri\u00e8res   05120<br \/>\n\u25baSaint-Maurice-en-Valgodemard   05800<br \/>\n\u25baSaint-Michel-de-Chaillol   05260<br \/>\n\u25baSaint-Pierre-Avez   05300<br \/>\n\u25baSaint-Pierre-d&rsquo;Argen\u00e7on   05140<br \/>\n\u25baSaint-Sauveur   05200<br \/>\n\u25baSaint-V\u00e9ran   05350<br \/>\n\u25baSainte-Colombe   05700<br \/>\n\u25baSainte-Marie   05150<br \/>\n\u25baSal\u00e9on   05300<br \/>\n\u25baSal\u00e9rans   05300<br \/>\n\u25baSavines-le-Lac   05160<br \/>\n\u25baSavournon   05700<br \/>\n\u25baSerres   05700<br \/>\n\u25baSigottier   05700<br \/>\n\u25baSigoyer   05130<br \/>\n\u25baSorbiers   05150<br \/>\n<a href=\"\/divorce\/avocat-divorce\/tallard\/\" title=\"avocat divorce tallard\" target=\"\" rel=\"noopener\">\u25baTallard   05130<\/a><br \/>\n\u25baTh\u00e9us   05190<br \/>\n\u25baTrescl\u00e9oux   05700<br \/>\n\u25baUpaix   05300<br \/>\n\u25baVal-des-Pr\u00e9s   05100<br \/>\n\u25baVallouise   05290<br \/>\n\u25baValserres   05130<br \/>\n\u25baVars   05560<br \/>\n\u25baVentavon   05300<br \/>\n<a href=\"\/divorce\/avocat-divorce\/veynes\/\" title=\"avocat divorce veynes\" target=\"\" rel=\"noopener\">\u25baVeynes   05400<\/a><br \/>\n\u25baVillar-d&rsquo;Ar\u00eane   05480<br \/>\n\u25baVillar-Loubi\u00e8re   05800<br \/>\n\u25baVillar-Saint-Pancrace   05100<br \/>\n\u25baVitrolles   05110<\/p>\n","protected":false},"excerpt":{"rendered":"<p>\u25c4 Retour \u00e0 l&rsquo;annuaire des villes Avocat Divorce sans juge Hautes-Alpes (05) *\/ VOTRE DIVORCE SANS JUGE DANS LES HAUTES-ALPES (05) J&rsquo;INTERVIENS DANS TOUTE LA FRANCE Notre cabinet \u00e0 Paris : 42 Rue de L\u00fcbeck, 75116 Paris 01 47 04 25 40 Les \u00e9tapes de votre divorce 1. Le rendez-vous : Contactez nous par t\u00e9l\u00e9phone [&hellip;]<\/p>\n","protected":false},"author":1,"featured_media":0,"parent":0,"menu_order":0,"comment_status":"closed","ping_status":"closed","template":"","meta":{"_acf_changed":false,"inline_featured_image":false,"footnotes":""},"priorite":[],"class_list":["post-1843","page","type-page","status-publish","hentry"],"acf":[],"yoast_head":"<!-- This site is optimized with the Yoast SEO plugin v27.5 - https:\/\/yoast.com\/product\/yoast-seo-wordpress\/ -->\n<title>Avocat Divorce sans juge Hautes-Alpes (05) - Avocat Divorce<\/title>\n<meta name=\"description\" content=\"Vous souhaitez divorcer sans juge dans les Hautes-Alpes (05) en 1 mois \u00e0 partir de 300\u20ac TTC. Contactez un Avocat divorce au \u260e 01.47.04.25.40 . Recevez un devis gratuit et imm\u00e9diat pour votre divorce. Cabinet Avocat GC. Divorce amiable - Divorce sans juge\" \/>\n<meta name=\"robots\" content=\"index, follow, max-snippet:-1, max-image-preview:large, max-video-preview:-1\" \/>\n<link rel=\"canonical\" href=\"https:\/\/avocat-gc.com\/divorce\/avocat-divorce-sans-juge-hautes-alpes-05\/\" \/>\n<meta property=\"og:locale\" content=\"fr_FR\" \/>\n<meta property=\"og:type\" content=\"article\" \/>\n<meta property=\"og:title\" content=\"Avocat Divorce sans juge Hautes-Alpes (05) - Avocat Divorce\" \/>\n<meta property=\"og:description\" content=\"Vous souhaitez divorcer sans juge dans les Hautes-Alpes (05) en 1 mois \u00e0 partir de 300\u20ac TTC. Contactez un Avocat divorce au \u260e 01.47.04.25.40 . Recevez un devis gratuit et imm\u00e9diat pour votre divorce. Cabinet Avocat GC. Divorce amiable - Divorce sans juge\" \/>\n<meta property=\"og:url\" content=\"https:\/\/avocat-gc.com\/divorce\/avocat-divorce-sans-juge-hautes-alpes-05\/\" \/>\n<meta property=\"og:site_name\" content=\"Avocat GC - Avocat Divorce\" \/>\n<meta name=\"twitter:card\" content=\"summary_large_image\" \/>\n<script type=\"application\/ld+json\" class=\"yoast-schema-graph\">{\"@context\":\"https:\\\/\\\/schema.org\",\"@graph\":[{\"@type\":\"WebPage\",\"@id\":\"https:\\\/\\\/avocat-gc.com\\\/divorce\\\/avocat-divorce-sans-juge-hautes-alpes-05\\\/\",\"url\":\"https:\\\/\\\/avocat-gc.com\\\/divorce\\\/avocat-divorce-sans-juge-hautes-alpes-05\\\/\",\"name\":\"Avocat Divorce sans juge Hautes-Alpes (05) - Avocat Divorce\",\"isPartOf\":{\"@id\":\"https:\\\/\\\/avocat-gc.com\\\/divorce\\\/#website\"},\"datePublished\":\"2019-12-03T00:00:00+00:00\",\"description\":\"Vous souhaitez divorcer sans juge dans les Hautes-Alpes (05) en 1 mois \u00e0 partir de 300\u20ac TTC. Contactez un Avocat divorce au \u260e 01.47.04.25.40 . Recevez un devis gratuit et imm\u00e9diat pour votre divorce. Cabinet Avocat GC. Divorce amiable - Divorce sans juge\",\"breadcrumb\":{\"@id\":\"https:\\\/\\\/avocat-gc.com\\\/divorce\\\/avocat-divorce-sans-juge-hautes-alpes-05\\\/#breadcrumb\"},\"inLanguage\":\"fr-FR\",\"potentialAction\":[{\"@type\":\"ReadAction\",\"target\":[\"https:\\\/\\\/avocat-gc.com\\\/divorce\\\/avocat-divorce-sans-juge-hautes-alpes-05\\\/\"]}]},{\"@type\":\"BreadcrumbList\",\"@id\":\"https:\\\/\\\/avocat-gc.com\\\/divorce\\\/avocat-divorce-sans-juge-hautes-alpes-05\\\/#breadcrumb\",\"itemListElement\":[{\"@type\":\"ListItem\",\"position\":1,\"name\":\"Accueil\",\"item\":\"https:\\\/\\\/avocat-gc.com\\\/divorce\\\/\"},{\"@type\":\"ListItem\",\"position\":2,\"name\":\"Avocat Divorce sans juge Hautes-Alpes (05)\"}]},{\"@type\":\"WebSite\",\"@id\":\"https:\\\/\\\/avocat-gc.com\\\/divorce\\\/#website\",\"url\":\"https:\\\/\\\/avocat-gc.com\\\/divorce\\\/\",\"name\":\"Avocat GC - Avocat Divorce\",\"description\":\"\",\"publisher\":{\"@id\":\"https:\\\/\\\/avocat-gc.com\\\/divorce\\\/#organization\"},\"potentialAction\":[{\"@type\":\"SearchAction\",\"target\":{\"@type\":\"EntryPoint\",\"urlTemplate\":\"https:\\\/\\\/avocat-gc.com\\\/divorce\\\/?s={search_term_string}\"},\"query-input\":{\"@type\":\"PropertyValueSpecification\",\"valueRequired\":true,\"valueName\":\"search_term_string\"}}],\"inLanguage\":\"fr-FR\"},{\"@type\":\"Organization\",\"@id\":\"https:\\\/\\\/avocat-gc.com\\\/divorce\\\/#organization\",\"name\":\"Avocat GC - Avocat Divorce\",\"url\":\"https:\\\/\\\/avocat-gc.com\\\/divorce\\\/\",\"logo\":{\"@type\":\"ImageObject\",\"inLanguage\":\"fr-FR\",\"@id\":\"https:\\\/\\\/avocat-gc.com\\\/divorce\\\/#\\\/schema\\\/logo\\\/image\\\/\",\"url\":\"https:\\\/\\\/avocat-gc.com\\\/divorce\\\/wp-content\\\/uploads\\\/2024\\\/04\\\/cropped-Sans-titre.png\",\"contentUrl\":\"https:\\\/\\\/avocat-gc.com\\\/divorce\\\/wp-content\\\/uploads\\\/2024\\\/04\\\/cropped-Sans-titre.png\",\"width\":200,\"height\":180,\"caption\":\"Avocat GC - Avocat Divorce\"},\"image\":{\"@id\":\"https:\\\/\\\/avocat-gc.com\\\/divorce\\\/#\\\/schema\\\/logo\\\/image\\\/\"}}]}<\/script>\n<!-- \/ Yoast SEO plugin. -->","yoast_head_json":{"title":"Avocat Divorce sans juge Hautes-Alpes (05) - Avocat Divorce","description":"Vous souhaitez divorcer sans juge dans les Hautes-Alpes (05) en 1 mois \u00e0 partir de 300\u20ac TTC. Contactez un Avocat divorce au \u260e 01.47.04.25.40 . Recevez un devis gratuit et imm\u00e9diat pour votre divorce. Cabinet Avocat GC. Divorce amiable - Divorce sans juge","robots":{"index":"index","follow":"follow","max-snippet":"max-snippet:-1","max-image-preview":"max-image-preview:large","max-video-preview":"max-video-preview:-1"},"canonical":"https:\/\/avocat-gc.com\/divorce\/avocat-divorce-sans-juge-hautes-alpes-05\/","og_locale":"fr_FR","og_type":"article","og_title":"Avocat Divorce sans juge Hautes-Alpes (05) - Avocat Divorce","og_description":"Vous souhaitez divorcer sans juge dans les Hautes-Alpes (05) en 1 mois \u00e0 partir de 300\u20ac TTC. Contactez un Avocat divorce au \u260e 01.47.04.25.40 . Recevez un devis gratuit et imm\u00e9diat pour votre divorce. Cabinet Avocat GC. Divorce amiable - Divorce sans juge","og_url":"https:\/\/avocat-gc.com\/divorce\/avocat-divorce-sans-juge-hautes-alpes-05\/","og_site_name":"Avocat GC - Avocat Divorce","twitter_card":"summary_large_image","schema":{"@context":"https:\/\/schema.org","@graph":[{"@type":"WebPage","@id":"https:\/\/avocat-gc.com\/divorce\/avocat-divorce-sans-juge-hautes-alpes-05\/","url":"https:\/\/avocat-gc.com\/divorce\/avocat-divorce-sans-juge-hautes-alpes-05\/","name":"Avocat Divorce sans juge Hautes-Alpes (05) - Avocat Divorce","isPartOf":{"@id":"https:\/\/avocat-gc.com\/divorce\/#website"},"datePublished":"2019-12-03T00:00:00+00:00","description":"Vous souhaitez divorcer sans juge dans les Hautes-Alpes (05) en 1 mois \u00e0 partir de 300\u20ac TTC. Contactez un Avocat divorce au \u260e 01.47.04.25.40 . Recevez un devis gratuit et imm\u00e9diat pour votre divorce. Cabinet Avocat GC. Divorce amiable - Divorce sans juge","breadcrumb":{"@id":"https:\/\/avocat-gc.com\/divorce\/avocat-divorce-sans-juge-hautes-alpes-05\/#breadcrumb"},"inLanguage":"fr-FR","potentialAction":[{"@type":"ReadAction","target":["https:\/\/avocat-gc.com\/divorce\/avocat-divorce-sans-juge-hautes-alpes-05\/"]}]},{"@type":"BreadcrumbList","@id":"https:\/\/avocat-gc.com\/divorce\/avocat-divorce-sans-juge-hautes-alpes-05\/#breadcrumb","itemListElement":[{"@type":"ListItem","position":1,"name":"Accueil","item":"https:\/\/avocat-gc.com\/divorce\/"},{"@type":"ListItem","position":2,"name":"Avocat Divorce sans juge Hautes-Alpes (05)"}]},{"@type":"WebSite","@id":"https:\/\/avocat-gc.com\/divorce\/#website","url":"https:\/\/avocat-gc.com\/divorce\/","name":"Avocat GC - Avocat Divorce","description":"","publisher":{"@id":"https:\/\/avocat-gc.com\/divorce\/#organization"},"potentialAction":[{"@type":"SearchAction","target":{"@type":"EntryPoint","urlTemplate":"https:\/\/avocat-gc.com\/divorce\/?s={search_term_string}"},"query-input":{"@type":"PropertyValueSpecification","valueRequired":true,"valueName":"search_term_string"}}],"inLanguage":"fr-FR"},{"@type":"Organization","@id":"https:\/\/avocat-gc.com\/divorce\/#organization","name":"Avocat GC - Avocat Divorce","url":"https:\/\/avocat-gc.com\/divorce\/","logo":{"@type":"ImageObject","inLanguage":"fr-FR","@id":"https:\/\/avocat-gc.com\/divorce\/#\/schema\/logo\/image\/","url":"https:\/\/avocat-gc.com\/divorce\/wp-content\/uploads\/2024\/04\/cropped-Sans-titre.png","contentUrl":"https:\/\/avocat-gc.com\/divorce\/wp-content\/uploads\/2024\/04\/cropped-Sans-titre.png","width":200,"height":180,"caption":"Avocat GC - Avocat Divorce"},"image":{"@id":"https:\/\/avocat-gc.com\/divorce\/#\/schema\/logo\/image\/"}}]}},"_links":{"self":[{"href":"https:\/\/avocat-gc.com\/divorce\/wp-json\/wp\/v2\/pages\/1843","targetHints":{"allow":["GET"]}}],"collection":[{"href":"https:\/\/avocat-gc.com\/divorce\/wp-json\/wp\/v2\/pages"}],"about":[{"href":"https:\/\/avocat-gc.com\/divorce\/wp-json\/wp\/v2\/types\/page"}],"author":[{"embeddable":true,"href":"https:\/\/avocat-gc.com\/divorce\/wp-json\/wp\/v2\/users\/1"}],"replies":[{"embeddable":true,"href":"https:\/\/avocat-gc.com\/divorce\/wp-json\/wp\/v2\/comments?post=1843"}],"version-history":[{"count":0,"href":"https:\/\/avocat-gc.com\/divorce\/wp-json\/wp\/v2\/pages\/1843\/revisions"}],"wp:attachment":[{"href":"https:\/\/avocat-gc.com\/divorce\/wp-json\/wp\/v2\/media?parent=1843"}],"wp:term":[{"taxonomy":"priorite","embeddable":true,"href":"https:\/\/avocat-gc.com\/divorce\/wp-json\/wp\/v2\/priorite?post=1843"}],"curies":[{"name":"wp","href":"https:\/\/api.w.org\/{rel}","templated":true}]}}