{"id":1837,"date":"2017-01-03T00:00:00","date_gmt":"2017-01-03T00:00:00","guid":{"rendered":"https:\/\/avocat-gc.com\/divorce\/avocat-divorce-sans-juge-haut-rhin-68\/"},"modified":"2017-01-03T00:00:00","modified_gmt":"2017-01-03T00:00:00","slug":"avocat-divorce-sans-juge-haut-rhin-68","status":"publish","type":"page","link":"https:\/\/avocat-gc.com\/divorce\/avocat-divorce-sans-juge-haut-rhin-68\/","title":{"rendered":"Avocat Divorce sans juge Haut-Rhin (68)"},"content":{"rendered":"<p><a href=\"\/divorce\/avocat-divorce\/\" rel=\"nofollow noopener\" target=\"_parent\">\u25c4 Retour \u00e0 l&rsquo;annuaire des villes<\/a><\/p>\n<p>Avocat Divorce sans juge Haut-Rhin (68)<br \/>\n*\/<\/p>\n<h2>VOTRE DIVORCE SANS JUGE DANS LE HAUT-RHIN<\/h2>\n<p> J&rsquo;INTERVIENS DANS TOUTE LA FRANCE <a href=\"\/divorce\/avocat-divorce\/paris\/\" rel=\"nofollow noopener\" title=\"\" target=\"_parent\">Notre cabinet \u00e0 Paris<\/a> : 42 Rue de L\u00fcbeck, 75116 Paris 01 47 04 25 40 <\/p>\n<h3>Les \u00e9tapes de votre divorce<\/h3>\n<p class=\"img-right\"><img decoding=\"async\" alt=\"avocat divorce sans juge Haut-Rhin (68)\" title=\"avocat divorce sans juge Haut-Rhin (68)\" width=\"170\" border=\"2\" src=\"\/divorce\/wp-content\/uploads\/2024\/04\/divorce-consentement-mutuel.png\" \/><\/p>\n<p align=\"justify\">1.  Le rendez-vous : Contactez nous par t\u00e9l\u00e9phone au 01 47 04 25 40 ou par email \u00e0 <a href=\"mailto:info@avocat-gc.com\">info@avocat-gc.com<\/a> afin de fixer un rendez-vous avec notre avocat divorce. Nous sommes comp\u00e9tents pour vous divorcer dans la r\u00e9gion Grand-Est, dans le Haut-Rhin (68). Lors de cet entretien, nous aborderons les points suivants :<\/p>\n<p>Les diff\u00e9rentes \u00e9tapes de votre proc\u00e9dure de divorce<br \/>\n La r\u00e9daction de la convention de divorce<br \/>\nLes diff\u00e9rentes questions li\u00e9es \u00e0 votre divorce.<\/p>\n<p align=\"justify\">2. La signature:\u00a0\u00a0Une fois la convention de divorce r\u00e9dig\u00e9e, nous vous transmettons le projet de convention de divorce pour \u00eatre soumis \u00e0 votre signature dans un d\u00e9lai de 15 jours. Le notaire se chargera, une fois les documents sign\u00e9s, d&rsquo;enregistrer votre divorce Dans certains cas, un divorce devant le Juge est n\u00e9cessaire. L&rsquo;affaire sera alors constitu\u00e9e d&rsquo;une audience devant le Juge aux Affaires Familiales du Tribunal de Grande Instance de Mulhouse situ\u00e9 21 avenue Robert Schumann CS 63009 68061 MULHOUSE CEDEX 3, joignable par t\u00e9l\u00e9phone au 03 89 36 25 00 et du Tribunal de Grande Instance de Colmar situ\u00e9 place du March\u00e9 aux Fruits 68027 COLMAR CEDEX, joignable par t\u00e9l\u00e9phone au 03 89 20 56 00<\/p>\n<p align=\"justify\">3 L&rsquo;enregistrement:  Vous n&rsquo;avez plus rien \u00e0 faire ! Nous vous ferons parvenir par voie postale, l&rsquo;attestation d&rsquo;enregistrement de divorce, puis nous nous chargerons de l&rsquo;inscription de votre divorce sur vos actes d&rsquo;\u00e9tat civil. Vous souhaitez divorcer sans juge dans le Haut-Rhin (68)? Consultez notre page sp\u00e9ciale divorce sans juge:<\/p>\n<\/p>\n<p><a href=\"\/divorce\/divorce-sans-juge\/\" rel=\"nofollow noopener\" target=\"_parent\">\u25baAVOCAT DIVORCE SANS JUGE<\/a><\/p>\n<h3>Nos honoraires<\/h3>\n<p align=\"justify\">Pour connaitre le tarif d&rsquo;un divorce sans juge dans le Haut-Rhin (68) ou pour vous renseigner sur nos honoraires, merci de bien vouloir compl\u00e9ter notre devis en ligne<\/p>\n<\/p>\n<p><a href=\"\/divorce\/avocat-divorce-10-ans-dexperience\/\" rel=\"nofollow noopener\" target=\"_parent\">\u25ba DEVIS: AVOCAT DIVORCE HAUT-RHIN<\/a><\/p>\n<h3>Liste des communes d\u00e9pendant du TGI de Colmar et Mulhouse<\/h3>\n<p>\u25ba<br \/>\nAlgolsheim  68600<br \/>\n\u25ba Altenach  68210<br \/>\n\u25ba Altkirch  68130<br \/>\n\u25ba Ammerschwihr  68770<br \/>\n\u25ba Ammerzwiller  68210<br \/>\n\u25ba Andolsheim  68280<br \/>\n\u25ba Appenwihr  68280<br \/>\n\u25ba Artzenheim  68320<br \/>\n\u25ba Aspach  68130<br \/>\n\u25ba Aspach-le-Bas  68700<br \/>\n\u25ba Aspach-le-Haut  68700<br \/>\n\u25ba Attenschwiller  68220<br \/>\n\u25ba Aubure  68150<br \/>\n\u25ba Baldersheim  68390<br \/>\n\u25ba Balgau  68740<br \/>\n\u25ba Ballersdorf  68210<br \/>\n\u25ba Balschwiller  68210<br \/>\n\u25ba Baltzenheim  68320<br \/>\n\u25ba Bantzenheim  68490<br \/>\n\u25ba Bartenheim  68870<br \/>\n\u25ba Battenheim  68390<br \/>\n\u25ba Beblenheim  68980<br \/>\n\u25ba Bellemagny  68210<br \/>\n\u25ba Bendorf  68480<br \/>\n\u25ba Bennwihr  68630<br \/>\n\u25ba Berentzwiller  68130<br \/>\n\u25ba Bergheim  68750<br \/>\n\u25ba Bergholtz  68500<br \/>\n\u25ba Bergholtzzell  68500<br \/>\n\u25ba Bernwiller  68210<br \/>\n\u25ba Berrwiller  68500<br \/>\n\u25ba Bettendorf  68560<br \/>\n\u25ba Bettlach  68480<br \/>\n\u25ba Biederthal  68480<br \/>\n\u25ba Biesheim  68600<br \/>\n\u25ba Biltzheim  68127<br \/>\n\u25ba Bischwihr  68320<br \/>\n\u25ba Bisel  68580<br \/>\n\u25ba Bitschwiller-l\u00e8s-Thann  68620<br \/>\n\u25ba Blodelsheim  68740<br \/>\n\u25ba Blotzheim  68730<br \/>\n\u25ba Bollwiller  68540<br \/>\n\u25ba Bourbach-le-Bas  68290<br \/>\n\u25ba Bourbach-le-Haut  68290<br \/>\n\u25ba Bouxwiller  68480<br \/>\n\u25ba Br\u00e9chaumont  68210<br \/>\n\u25ba Breitenbach-Haut-Rhin  68380<br \/>\n\u25ba Bretten  68780<br \/>\n\u25ba Brinckheim  68870<br \/>\n\u25ba Bruebach  68440<br \/>\n\u25ba Brunstatt  68350<br \/>\n\u25ba Buethwiller  68210<br \/>\n\u25ba Buhl  68530<br \/>\n\u25ba Burnhaupt-le-Bas  68520<br \/>\n\u25ba Burnhaupt-le-Haut  68520<br \/>\n\u25ba Buschwiller  68220<br \/>\n\u25ba Carspach  68130<br \/>\n\u25ba<a href=\"\/divorce\/avocat-divorce\/cernay\/\" title=\"avocat divorce Cernay\"> Cernay  68700 <\/a><br \/>\n\u25ba Chalamp\u00e9  68490<br \/>\n\u25ba Chavannes-sur-l&rsquo;\u00c9tang  68210<br \/>\n\u25ba <a href=\"\/divorce\/avocat-divorce\/colmar\/\" title=\"avocat divorce Colmar\">Colmar  68000<\/a><br \/>\n\u25ba Courtavon  68480<br \/>\n\u25ba Dannemarie  68210<br \/>\n\u25ba Dessenheim  68600<br \/>\n\u25ba Didenheim  68350<br \/>\n\u25ba Diefmatten  68780<br \/>\n\u25ba Dietwiller  68440<br \/>\n\u25ba Dolleren  68290<br \/>\n\u25ba Durlinsdorf  68480<br \/>\n\u25ba Durmenach  68480<br \/>\n\u25ba Durrenentzen  68320<br \/>\n\u25ba Eglingen  68720<br \/>\n\u25ba Eguisheim  68420<br \/>\n\u25ba Elbach  68210<br \/>\n\u25ba Emlingen  68130<br \/>\n\u25ba Ensisheim  68190<br \/>\n\u25ba Eschbach-au-Val  68140<br \/>\n\u25ba Eschentzwiller  68440<br \/>\n\u25ba Eteimbes  68210<br \/>\n\u25ba Falkwiller  68210<br \/>\n\u25ba Feldbach  68640<br \/>\n\u25ba Feldkirch  68540<br \/>\n\u25ba Fellering  68470<br \/>\n\u25ba Ferrette  68480<br \/>\n\u25ba Fessenheim  68740<br \/>\n\u25ba Fislis  68480<br \/>\n\u25ba Flaxlanden  68720<br \/>\n\u25ba Folgensbourg  68220<br \/>\n\u25ba Fortschwihr  68320<br \/>\n\u25ba Franken  68130<br \/>\n\u25ba Fr\u00e9land  68240<br \/>\n\u25ba Friesen  68580<br \/>\n\u25ba Froeningen  68720<br \/>\n\u25ba Fulleren  68210<br \/>\n\u25ba Galfingue  68990<br \/>\n\u25ba Geishouse  68690<br \/>\n\u25ba Geispitzen  68510<br \/>\n\u25ba Geiswasser  68600<br \/>\n\u25ba Gildwiller  68210<br \/>\n\u25ba Goldbach-Altenbach  68760<br \/>\n\u25ba Gommersdorf  68210<br \/>\n\u25ba Grentzingen  68960<br \/>\n\u25ba Griesbach-au-Val  68140<br \/>\n\u25ba Grussenheim  68320<br \/>\n\u25ba Gueberschwihr  68420<br \/>\n\u25ba <a href=\"\/divorce\/avocat-divorce\/guebwiller\/\" title=\"avocat divorce Guebwiller\"> Guebwiller  68500<\/a><br \/>\n\u25ba Gu\u00e9mar  68970<br \/>\n\u25ba Guevenatten  68210<br \/>\n\u25ba Guewenheim  68116<br \/>\n\u25ba Gundolsheim  68250<br \/>\n\u25ba Gunsbach  68140<br \/>\n\u25ba Habsheim  68440<br \/>\n\u25ba Hagenbach  68210<br \/>\n\u25ba Hagenthal-le-Bas  68220<br \/>\n\u25ba Hagenthal-le-Haut  68220<br \/>\n\u25ba Hartmannswiller  68500<br \/>\n\u25ba Hattstatt  68420<br \/>\n\u25ba Hausgauen  68130<br \/>\n\u25ba Hecken  68210<br \/>\n\u25ba H\u00e9genheim  68220<br \/>\n\u25ba Heidwiller  68720<br \/>\n\u25ba Heimersdorf  68560<br \/>\n\u25ba Heimsbrunn  68990<br \/>\n\u25ba Heiteren  68600<br \/>\n\u25ba Heiwiller  68130<br \/>\n\u25ba Helfrantzkirch  68510<br \/>\n\u25ba Henflingen  68960<br \/>\n\u25ba Herrlisheim-pr\u00e8s-Colmar  68420<br \/>\n\u25ba H\u00e9singue  68220<br \/>\n\u25ba Hettenschlag  68600<br \/>\n\u25ba Hindlingen  68580<br \/>\n\u25ba Hirsingue  68560<br \/>\n\u25ba Hirtzbach  68118<br \/>\n\u25ba Hirtzfelden  68740<br \/>\n\u25ba Hochstatt  68720<br \/>\n\u25ba Hohrod  68140<br \/>\n\u25ba Holtzwihr  68320<br \/>\n\u25ba Hombourg  68490<br \/>\n\u25ba Horbourg-Wihr  68180<br \/>\n\u25ba Houssen  68125<br \/>\n\u25ba Hunawihr  68150<br \/>\n\u25ba Hundsbach  68130<br \/>\n\u25ba Huningue  68330<br \/>\n\u25ba Husseren-les-Ch\u00e2teaux  68420<br \/>\n\u25ba Husseren-Wesserling  68470<br \/>\n\u25ba Illfurth  68720<br \/>\n\u25ba Illhaeusern  68970<br \/>\n\u25ba <a href=\"\/divorce\/avocat-divorce\/illzach\/\" title=\"avocat divorce Illzach\">Illzach  68110<\/a><br \/>\n\u25ba Ingersheim  68040<br \/>\n\u25ba Issenheim  68500<br \/>\n\u25ba Jebsheim  68320<br \/>\n\u25ba Jettingen  68130<br \/>\n\u25ba Jungholtz  68500<br \/>\n\u25ba Kappelen  68510<br \/>\n\u25ba Katzenthal  68230<br \/>\n\u25ba Kaysersberg  68240<br \/>\n\u25ba Kembs  68680<br \/>\n\u25ba Kientzheim  68240<br \/>\n\u25ba Kiffis  68480<br \/>\n\u25ba<a href=\"\/divorce\/avocat-divorce\/kingersheim\/\" title=\"avocat divorce Kingersheim\"> Kingersheim  68260<\/a><br \/>\n\u25ba Kirchberg  68290<br \/>\n\u25ba Knoeringue  68220<br \/>\n\u25ba Koestlach  68480<br \/>\n\u25ba Koetzingue  68510<br \/>\n\u25ba Kruth  68820<br \/>\n\u25ba Kunheim  68320<br \/>\n\u25ba Labaroche  68910<br \/>\n\u25ba Landser  68440<br \/>\n\u25ba Lapoutroie  68650<br \/>\n\u25ba Largitzen  68580<br \/>\n\u25ba Lautenbach  68610<br \/>\n\u25ba Lautenbachzell  68610<br \/>\n\u25ba Lauw  68290<br \/>\n\u25ba Le Bonhomme  68650<br \/>\n\u25ba Leimbach  68800<br \/>\n\u25ba Levoncourt  68480<br \/>\n\u25ba Leymen  68220<br \/>\n\u25ba Liebenswiller  68220<br \/>\n\u25ba Liebsdorf  68480<br \/>\n\u25ba Li\u00e8pvre  68660<br \/>\n\u25ba Ligsdorf  68480<br \/>\n\u25ba Linsdorf  68480<br \/>\n\u25ba Linthal  68610<br \/>\n\u25ba Logelheim  68280<br \/>\n\u25ba Lucelle  68480<br \/>\n\u25ba Luemschwiller  68720<br \/>\n\u25ba Luttenbach-pr\u00e8s-Munster  68140<br \/>\n\u25ba Lutter  68480<br \/>\n\u25ba Lutterbach  68460<br \/>\n\u25ba Magny  68210<br \/>\n\u25ba Magstatt-le-Bas  68510<br \/>\n\u25ba Magstatt-le-Haut  68510<br \/>\n\u25ba Malmerspach  68550<br \/>\n\u25ba Manspach  68210<br \/>\n\u25ba Masevaux  68290<br \/>\n\u25ba Mertzen  68210<br \/>\n\u25ba Merxheim  68500<br \/>\n\u25ba Metzeral  68380<br \/>\n\u25ba Meyenheim  68890<br \/>\n\u25ba Michelbach  68700<br \/>\n\u25ba Michelbach-le-Bas  68730<br \/>\n\u25ba Michelbach-le-Haut  68220<br \/>\n\u25ba Mittelwihr  68630<br \/>\n\u25ba Mittlach  68380<br \/>\n\u25ba Mitzach  68470<br \/>\n\u25ba Moernach  68480<br \/>\n\u25ba Mollau  68470<br \/>\n\u25ba Montreux-Jeune  68210<br \/>\n\u25ba Montreux-Vieux  68210<br \/>\n\u25ba Moosch  68690<br \/>\n\u25ba Mooslargue  68580<br \/>\n\u25ba Morschwiller-le-Bas  68790<br \/>\n\u25ba Mortzwiller  68780<br \/>\n\u25ba Muespach  68640<br \/>\n\u25ba Muespach-le-Haut  68640<br \/>\n\u25ba Muhlbach-sur-Munster  68380<br \/>\n\u25ba<a href=\"\/divorce\/avocat-divorce\/mulhouse\/\" title=\"avocat divorce mulhouse\"> Mulhouse  68100 <\/a><br \/>\n\u25ba Munchhouse  68740<br \/>\n\u25ba Munster  68140<br \/>\n\u25ba Muntzenheim  68320<br \/>\n\u25ba Munwiller  68250<br \/>\n\u25ba Murbach  68530<br \/>\n\u25ba Nambsheim  68740<br \/>\n\u25ba Neuf-Brisach  68600<br \/>\n\u25ba Neuwiller  68220<br \/>\n\u25ba Niederbruck  68290<br \/>\n\u25ba Niederentzen  68127<br \/>\n\u25ba Niederhergheim  68127<br \/>\n\u25ba Niedermorschwihr  68230<br \/>\n\u25ba Niffer  68680<br \/>\n\u25ba Oberbruck  68290<br \/>\n\u25ba Oberdorf  68960<br \/>\n\u25ba Oberentzen  68127<br \/>\n\u25ba Oberhergheim  68127<br \/>\n\u25ba Oberlarg  68480<br \/>\n\u25ba Obermorschwihr  68420<br \/>\n\u25ba Obermorschwiller  68130<br \/>\n\u25ba Obersaasheim  68600<br \/>\n\u25ba Oderen  68830<br \/>\n\u25ba Oltingue  68480<br \/>\n\u25ba Orbey  68370<br \/>\n\u25ba Orschwihr  68500<br \/>\n\u25ba Osenbach  68570<br \/>\n\u25ba Ostheim  68150<br \/>\n\u25ba Ottmarsheim  68490<br \/>\n\u25ba Petit-Landau  68490<br \/>\n\u25ba Pfaffenheim  68250<br \/>\n\u25ba Pfastatt  68120<br \/>\n\u25ba Pfetterhouse  68480<br \/>\n\u25ba Pulversheim  68840<br \/>\n\u25ba Raedersdorf  68480<br \/>\n\u25ba Raedersheim  68190<br \/>\n\u25ba Rammersmatt  68800<br \/>\n\u25ba Ranspach  68470<br \/>\n\u25ba Ranspach-le-Bas  68730<br \/>\n\u25ba Ranspach-le-Haut  68220<br \/>\n\u25ba Rantzwiller  68510<br \/>\n\u25ba R\u00e9guisheim  68890<br \/>\n\u25ba Reiningue  68950<br \/>\n\u25ba Retzwiller  68210<br \/>\n\u25ba Ribeauvill\u00e9  68150<br \/>\n\u25ba Richwiller  68120<br \/>\n\u25ba Riedisheim  68400<br \/>\n\u25ba Riedwihr  68320<br \/>\n\u25ba Riespach  68640<br \/>\n\u25ba Rimbach-pr\u00e8s-Guebwiller  68500<br \/>\n\u25ba Rimbach-pr\u00e8s-Masevaux  68290<br \/>\n\u25ba Rimbachzell  68500<br \/>\n\u25ba Riquewihr  68340<br \/>\n\u25ba<a href=\"\/divorce\/avocat-divorce\/rixheim\/\" title=\"avocat divorce Rixheim\">  Rixheim  68170<\/a><br \/>\n\u25ba Roderen  68800<br \/>\n\u25ba Rodern  68590<br \/>\n\u25ba Roggenhouse  68740<br \/>\n\u25ba Romagny  68210<br \/>\n\u25ba Rombach-le-Franc  68660<br \/>\n\u25ba Roppentzwiller  68480<br \/>\n\u25ba Rorschwihr  68590<br \/>\n\u25ba Rosenau  68128<br \/>\n\u25ba Rouffach  68250<br \/>\n\u25ba Ruederbach  68560<br \/>\n\u25ba Ruelisheim  68270<br \/>\n\u25ba Rumersheim-le-Haut  68740<br \/>\n\u25ba Rustenhart  68740<br \/>\n\u25ba Saint-Amarin  68550<br \/>\n\u25ba Saint-Bernard  68720<br \/>\n\u25ba Saint-Cosme  68210<br \/>\n\u25ba Saint-Hippolyte  68590<br \/>\n\u25ba<a href=\"\/divorce\/avocat-divorce\/saint-louis\/\" title=\"avocat divorce Saint-Louis\"> Saint-Louis  68300<\/a><br \/>\n\u25ba Saint-Ulrich  68210<br \/>\n\u25ba Sainte-Croix-aux-Mines  68160<br \/>\n\u25ba Sainte-Croix-en-Plaine  68127<br \/>\n\u25ba Sainte-Marie-aux-Mines  68160<br \/>\n\u25ba Sausheim  68390<br \/>\n\u25ba Schlierbach  68440<br \/>\n\u25ba Schweighouse-Thann  68520<br \/>\n\u25ba Schwoben  68130<br \/>\n\u25ba Sentheim  68780<br \/>\n\u25ba Seppois-le-Bas  68580<br \/>\n\u25ba Seppois-le-Haut  68580<br \/>\n\u25ba Sewen  68290<br \/>\n\u25ba Sickert  68290<br \/>\n\u25ba Sierentz  68510<br \/>\n\u25ba Sigolsheim  68240<br \/>\n\u25ba Sondernach  68380<br \/>\n\u25ba Sondersdorf  68480<br \/>\n\u25ba Soppe-le-Bas  68780<br \/>\n\u25ba Soppe-le-Haut  68780<br \/>\n\u25ba Soultz-Haut-Rhin  68360<br \/>\n\u25ba Soultzbach-les-Bains  68230<br \/>\n\u25ba Soultzeren  68140<br \/>\n\u25ba Soultzmatt  68570<br \/>\n\u25ba Spechbach-le-Bas  68720<br \/>\n\u25ba Spechbach-le-Haut  68720<br \/>\n\u25ba Staffelfelden  68850<br \/>\n\u25ba Steinbach  68700<br \/>\n\u25ba Steinbrunn-le-Bas  68440<br \/>\n\u25ba Steinbrunn-le-Haut  68440<br \/>\n\u25ba Steinsoultz  68640<br \/>\n\u25ba Sternenberg  68780<br \/>\n\u25ba Stetten  68510<br \/>\n\u25ba Storckensohn  68470<br \/>\n\u25ba Stosswihr  68140<br \/>\n\u25ba Strueth  68580<br \/>\n\u25ba Sundhoffen  68280<br \/>\n\u25ba Tagolsheim  68720<br \/>\n\u25ba Tagsdorf  68130<br \/>\n\u25ba Thann  68800<br \/>\n\u25ba Thannenkirch  68590<br \/>\n\u25ba Traubach-le-Bas  68210<br \/>\n\u25ba Traubach-le-Haut  68210<br \/>\n\u25ba Turckheim  68230<br \/>\n\u25ba Ueberstrass  68580<br \/>\n\u25ba Uffheim  68510<br \/>\n\u25ba Uffholtz  68700<br \/>\n\u25ba Ungersheim  68190<br \/>\n\u25ba Urb\u00e8s  68121<br \/>\n\u25ba Urschenheim  68320<br \/>\n\u25ba Valdieu-Lutran  68210<br \/>\n\u25ba Vieux-Ferrette  68480<br \/>\n\u25ba Vieux-Thann  68800<br \/>\n\u25ba Village-Neuf  68128<br \/>\n\u25ba Voegtlinshoffen  68420<br \/>\n\u25ba Vogelgrun  68600<br \/>\n\u25ba Volgelsheim  68600<br \/>\n\u25ba Wahlbach  68130<br \/>\n\u25ba Walbach  68230<br \/>\n\u25ba Waldighofen  68640<br \/>\n\u25ba Walheim  68130<br \/>\n\u25ba Waltenheim  68510<br \/>\n\u25ba Wasserbourg  68230<br \/>\n\u25ba Wattwiller  68700<br \/>\n\u25ba Weckolsheim  68600<br \/>\n\u25ba Wegscheid  68290<br \/>\n\u25ba Wentzwiller  68220<br \/>\n\u25ba Werentzhouse  68480<br \/>\n\u25ba Westhalten  68250<br \/>\n\u25ba Wettolsheim  68920<br \/>\n\u25ba Wickerschwihr  68320<br \/>\n\u25ba Widensolen  68320<br \/>\n\u25ba Wihr-au-Val  68230<br \/>\n\u25ba Wildenstein  68820<br \/>\n\u25ba Willer  68960<br \/>\n\u25ba Willer-sur-Thur  68760<br \/>\n\u25ba Winkel  68480<br \/>\n\u25ba Wintzenheim  68920<br \/>\n\u25ba Wittelsheim  68310<br \/>\n\u25ba<a href=\"\/divorce\/avocat-divorce\/wittenheim\/\" title=\"avocat divorce Wittenheim\"> Wittenheim  68270 <\/a><br \/>\n\u25ba Wittersdorf  68130<br \/>\n\u25ba Wolfersdorf  68210<br \/>\n\u25ba Wolfgantzen  68600<br \/>\n\u25ba Wolschwiller  68480<br \/>\n\u25ba Wuenheim  68500<br \/>\n\u25ba Zaessingue  68130<br \/>\n\u25ba Zellenberg  68340<br \/>\n\u25ba Zillisheim  68720<br \/>\n\u25ba Zimmerbach  68230<br \/>\n\u25ba Zimmersheim  68440<\/p>\n","protected":false},"excerpt":{"rendered":"<p>\u25c4 Retour \u00e0 l&rsquo;annuaire des villes Avocat Divorce sans juge Haut-Rhin (68) *\/ VOTRE DIVORCE SANS JUGE DANS LE HAUT-RHIN J&rsquo;INTERVIENS DANS TOUTE LA FRANCE Notre cabinet \u00e0 Paris : 42 Rue de L\u00fcbeck, 75116 Paris 01 47 04 25 40 Les \u00e9tapes de votre divorce 1. Le rendez-vous : Contactez nous par t\u00e9l\u00e9phone au [&hellip;]<\/p>\n","protected":false},"author":1,"featured_media":0,"parent":0,"menu_order":0,"comment_status":"closed","ping_status":"closed","template":"","meta":{"_acf_changed":false,"inline_featured_image":false,"footnotes":""},"priorite":[],"class_list":["post-1837","page","type-page","status-publish","hentry"],"acf":[],"yoast_head":"<!-- This site is optimized with the Yoast SEO plugin v27.5 - https:\/\/yoast.com\/product\/yoast-seo-wordpress\/ -->\n<title>Avocat Divorce sans juge Haut-Rhin (68) - Avocat Divorce<\/title>\n<meta name=\"description\" content=\"Contactez un Avocat divorce dans le Haut-Rhin (68) et divorcez \u00e0 l&#039;amiable sans juge en 1 mois \u00e0 partir de 425\u20ac TTC. Recevez un devis gratuit et imm\u00e9diat pour votre divorce par consentement mutuel\" \/>\n<meta name=\"robots\" content=\"index, follow, max-snippet:-1, max-image-preview:large, max-video-preview:-1\" \/>\n<link rel=\"canonical\" href=\"https:\/\/avocat-gc.com\/divorce\/avocat-divorce-sans-juge-haut-rhin-68\/\" \/>\n<meta property=\"og:locale\" content=\"fr_FR\" \/>\n<meta property=\"og:type\" content=\"article\" \/>\n<meta property=\"og:title\" content=\"Avocat Divorce sans juge Haut-Rhin (68) - Avocat Divorce\" \/>\n<meta property=\"og:description\" content=\"Contactez un Avocat divorce dans le Haut-Rhin (68) et divorcez \u00e0 l&#039;amiable sans juge en 1 mois \u00e0 partir de 425\u20ac TTC. Recevez un devis gratuit et imm\u00e9diat pour votre divorce par consentement mutuel\" \/>\n<meta property=\"og:url\" content=\"https:\/\/avocat-gc.com\/divorce\/avocat-divorce-sans-juge-haut-rhin-68\/\" \/>\n<meta property=\"og:site_name\" content=\"Avocat GC - Avocat Divorce\" \/>\n<meta name=\"twitter:card\" content=\"summary_large_image\" \/>\n<script type=\"application\/ld+json\" class=\"yoast-schema-graph\">{\"@context\":\"https:\\\/\\\/schema.org\",\"@graph\":[{\"@type\":\"WebPage\",\"@id\":\"https:\\\/\\\/avocat-gc.com\\\/divorce\\\/avocat-divorce-sans-juge-haut-rhin-68\\\/\",\"url\":\"https:\\\/\\\/avocat-gc.com\\\/divorce\\\/avocat-divorce-sans-juge-haut-rhin-68\\\/\",\"name\":\"Avocat Divorce sans juge Haut-Rhin (68) - Avocat Divorce\",\"isPartOf\":{\"@id\":\"https:\\\/\\\/avocat-gc.com\\\/divorce\\\/#website\"},\"datePublished\":\"2017-01-03T00:00:00+00:00\",\"description\":\"Contactez un Avocat divorce dans le Haut-Rhin (68) et divorcez \u00e0 l'amiable sans juge en 1 mois \u00e0 partir de 425\u20ac TTC. Recevez un devis gratuit et imm\u00e9diat pour votre divorce par consentement mutuel\",\"breadcrumb\":{\"@id\":\"https:\\\/\\\/avocat-gc.com\\\/divorce\\\/avocat-divorce-sans-juge-haut-rhin-68\\\/#breadcrumb\"},\"inLanguage\":\"fr-FR\",\"potentialAction\":[{\"@type\":\"ReadAction\",\"target\":[\"https:\\\/\\\/avocat-gc.com\\\/divorce\\\/avocat-divorce-sans-juge-haut-rhin-68\\\/\"]}]},{\"@type\":\"BreadcrumbList\",\"@id\":\"https:\\\/\\\/avocat-gc.com\\\/divorce\\\/avocat-divorce-sans-juge-haut-rhin-68\\\/#breadcrumb\",\"itemListElement\":[{\"@type\":\"ListItem\",\"position\":1,\"name\":\"Accueil\",\"item\":\"https:\\\/\\\/avocat-gc.com\\\/divorce\\\/\"},{\"@type\":\"ListItem\",\"position\":2,\"name\":\"Avocat Divorce sans juge Haut-Rhin (68)\"}]},{\"@type\":\"WebSite\",\"@id\":\"https:\\\/\\\/avocat-gc.com\\\/divorce\\\/#website\",\"url\":\"https:\\\/\\\/avocat-gc.com\\\/divorce\\\/\",\"name\":\"Avocat GC - Avocat Divorce\",\"description\":\"\",\"publisher\":{\"@id\":\"https:\\\/\\\/avocat-gc.com\\\/divorce\\\/#organization\"},\"potentialAction\":[{\"@type\":\"SearchAction\",\"target\":{\"@type\":\"EntryPoint\",\"urlTemplate\":\"https:\\\/\\\/avocat-gc.com\\\/divorce\\\/?s={search_term_string}\"},\"query-input\":{\"@type\":\"PropertyValueSpecification\",\"valueRequired\":true,\"valueName\":\"search_term_string\"}}],\"inLanguage\":\"fr-FR\"},{\"@type\":\"Organization\",\"@id\":\"https:\\\/\\\/avocat-gc.com\\\/divorce\\\/#organization\",\"name\":\"Avocat GC - Avocat Divorce\",\"url\":\"https:\\\/\\\/avocat-gc.com\\\/divorce\\\/\",\"logo\":{\"@type\":\"ImageObject\",\"inLanguage\":\"fr-FR\",\"@id\":\"https:\\\/\\\/avocat-gc.com\\\/divorce\\\/#\\\/schema\\\/logo\\\/image\\\/\",\"url\":\"https:\\\/\\\/avocat-gc.com\\\/divorce\\\/wp-content\\\/uploads\\\/2024\\\/04\\\/cropped-Sans-titre.png\",\"contentUrl\":\"https:\\\/\\\/avocat-gc.com\\\/divorce\\\/wp-content\\\/uploads\\\/2024\\\/04\\\/cropped-Sans-titre.png\",\"width\":200,\"height\":180,\"caption\":\"Avocat GC - Avocat Divorce\"},\"image\":{\"@id\":\"https:\\\/\\\/avocat-gc.com\\\/divorce\\\/#\\\/schema\\\/logo\\\/image\\\/\"}}]}<\/script>\n<!-- \/ Yoast SEO plugin. -->","yoast_head_json":{"title":"Avocat Divorce sans juge Haut-Rhin (68) - Avocat Divorce","description":"Contactez un Avocat divorce dans le Haut-Rhin (68) et divorcez \u00e0 l'amiable sans juge en 1 mois \u00e0 partir de 425\u20ac TTC. Recevez un devis gratuit et imm\u00e9diat pour votre divorce par consentement mutuel","robots":{"index":"index","follow":"follow","max-snippet":"max-snippet:-1","max-image-preview":"max-image-preview:large","max-video-preview":"max-video-preview:-1"},"canonical":"https:\/\/avocat-gc.com\/divorce\/avocat-divorce-sans-juge-haut-rhin-68\/","og_locale":"fr_FR","og_type":"article","og_title":"Avocat Divorce sans juge Haut-Rhin (68) - Avocat Divorce","og_description":"Contactez un Avocat divorce dans le Haut-Rhin (68) et divorcez \u00e0 l'amiable sans juge en 1 mois \u00e0 partir de 425\u20ac TTC. Recevez un devis gratuit et imm\u00e9diat pour votre divorce par consentement mutuel","og_url":"https:\/\/avocat-gc.com\/divorce\/avocat-divorce-sans-juge-haut-rhin-68\/","og_site_name":"Avocat GC - Avocat Divorce","twitter_card":"summary_large_image","schema":{"@context":"https:\/\/schema.org","@graph":[{"@type":"WebPage","@id":"https:\/\/avocat-gc.com\/divorce\/avocat-divorce-sans-juge-haut-rhin-68\/","url":"https:\/\/avocat-gc.com\/divorce\/avocat-divorce-sans-juge-haut-rhin-68\/","name":"Avocat Divorce sans juge Haut-Rhin (68) - Avocat Divorce","isPartOf":{"@id":"https:\/\/avocat-gc.com\/divorce\/#website"},"datePublished":"2017-01-03T00:00:00+00:00","description":"Contactez un Avocat divorce dans le Haut-Rhin (68) et divorcez \u00e0 l'amiable sans juge en 1 mois \u00e0 partir de 425\u20ac TTC. Recevez un devis gratuit et imm\u00e9diat pour votre divorce par consentement mutuel","breadcrumb":{"@id":"https:\/\/avocat-gc.com\/divorce\/avocat-divorce-sans-juge-haut-rhin-68\/#breadcrumb"},"inLanguage":"fr-FR","potentialAction":[{"@type":"ReadAction","target":["https:\/\/avocat-gc.com\/divorce\/avocat-divorce-sans-juge-haut-rhin-68\/"]}]},{"@type":"BreadcrumbList","@id":"https:\/\/avocat-gc.com\/divorce\/avocat-divorce-sans-juge-haut-rhin-68\/#breadcrumb","itemListElement":[{"@type":"ListItem","position":1,"name":"Accueil","item":"https:\/\/avocat-gc.com\/divorce\/"},{"@type":"ListItem","position":2,"name":"Avocat Divorce sans juge Haut-Rhin (68)"}]},{"@type":"WebSite","@id":"https:\/\/avocat-gc.com\/divorce\/#website","url":"https:\/\/avocat-gc.com\/divorce\/","name":"Avocat GC - Avocat Divorce","description":"","publisher":{"@id":"https:\/\/avocat-gc.com\/divorce\/#organization"},"potentialAction":[{"@type":"SearchAction","target":{"@type":"EntryPoint","urlTemplate":"https:\/\/avocat-gc.com\/divorce\/?s={search_term_string}"},"query-input":{"@type":"PropertyValueSpecification","valueRequired":true,"valueName":"search_term_string"}}],"inLanguage":"fr-FR"},{"@type":"Organization","@id":"https:\/\/avocat-gc.com\/divorce\/#organization","name":"Avocat GC - Avocat Divorce","url":"https:\/\/avocat-gc.com\/divorce\/","logo":{"@type":"ImageObject","inLanguage":"fr-FR","@id":"https:\/\/avocat-gc.com\/divorce\/#\/schema\/logo\/image\/","url":"https:\/\/avocat-gc.com\/divorce\/wp-content\/uploads\/2024\/04\/cropped-Sans-titre.png","contentUrl":"https:\/\/avocat-gc.com\/divorce\/wp-content\/uploads\/2024\/04\/cropped-Sans-titre.png","width":200,"height":180,"caption":"Avocat GC - Avocat Divorce"},"image":{"@id":"https:\/\/avocat-gc.com\/divorce\/#\/schema\/logo\/image\/"}}]}},"_links":{"self":[{"href":"https:\/\/avocat-gc.com\/divorce\/wp-json\/wp\/v2\/pages\/1837","targetHints":{"allow":["GET"]}}],"collection":[{"href":"https:\/\/avocat-gc.com\/divorce\/wp-json\/wp\/v2\/pages"}],"about":[{"href":"https:\/\/avocat-gc.com\/divorce\/wp-json\/wp\/v2\/types\/page"}],"author":[{"embeddable":true,"href":"https:\/\/avocat-gc.com\/divorce\/wp-json\/wp\/v2\/users\/1"}],"replies":[{"embeddable":true,"href":"https:\/\/avocat-gc.com\/divorce\/wp-json\/wp\/v2\/comments?post=1837"}],"version-history":[{"count":0,"href":"https:\/\/avocat-gc.com\/divorce\/wp-json\/wp\/v2\/pages\/1837\/revisions"}],"wp:attachment":[{"href":"https:\/\/avocat-gc.com\/divorce\/wp-json\/wp\/v2\/media?parent=1837"}],"wp:term":[{"taxonomy":"priorite","embeddable":true,"href":"https:\/\/avocat-gc.com\/divorce\/wp-json\/wp\/v2\/priorite?post=1837"}],"curies":[{"name":"wp","href":"https:\/\/api.w.org\/{rel}","templated":true}]}}