{"id":1820,"date":"2017-07-04T00:00:00","date_gmt":"2017-07-04T00:00:00","guid":{"rendered":"https:\/\/avocat-gc.com\/divorce\/avocat-divorce-sans-juge-finistere-29\/"},"modified":"2017-07-04T00:00:00","modified_gmt":"2017-07-04T00:00:00","slug":"avocat-divorce-sans-juge-finistere-29","status":"publish","type":"page","link":"https:\/\/avocat-gc.com\/divorce\/avocat-divorce-sans-juge-finistere-29\/","title":{"rendered":"Avocat Divorce sans juge Finist\u00e8re (29)"},"content":{"rendered":"<p><a href=\"\/divorce\/avocat-divorce\/\" rel=\"nofollow noopener\" target=\"_parent\">\u25c4 Retour \u00e0 l&rsquo;annuaire des villes<\/a><\/p>\n<p>Avocat Divorce sans juge Finist\u00e8re (29)<br \/>\n*\/<\/p>\n<h2>VOTRE DIVORCE SANS JUGE DANS LE FINIST\u00c8RE (29)<\/h2>\n<p> J&rsquo;INTERVIENS DANS TOUTE LA FRANCE <a href=\"\/divorce\/avocat-divorce\/paris\/\" rel=\"nofollow noopener\" title=\"\" target=\"_parent\">Notre cabinet \u00e0 Paris<\/a> : 42 Rue de L\u00fcbeck, 75116 Paris 01 47 04 25 40 <\/p>\n<h3>Les \u00e9tapes de votre divorce<\/h3>\n<p class=\"img-right\"><img decoding=\"async\" alt=\"avocat divorce sans juge Finist\u00e8re (29)\" title=\"avocat divorce sans juge Finist\u00e8re (29)\" width=\"170\" border=\"2\" src=\"\/divorce\/wp-content\/uploads\/2024\/04\/divorce-consentement-mutuel.png\" \/><\/p>\n<p align=\"justify\">1.  Le rendez-vous : Contactez nous par t\u00e9l\u00e9phone au 01 47 04 25 40 ou par email \u00e0 <a href=\"mailto:info@avocat-gc.com\">info@avocat-gc.com<\/a> afin de fixer un rendez-vous avec\u00a0 notre avocat divorce. Nous sommes comp\u00e9tents pour vous divorcer dans la r\u00e9gion Hauts-de-France, dans le d\u00e9partement dans le Finist\u00e8re (29). Lors de cet entretien, nous aborderons les points suivants :<\/p>\n<p>Les diff\u00e9rentes \u00e9tapes de votre proc\u00e9dure de divorce<br \/>\n La r\u00e9daction de la convention de divorce<br \/>\nLes diff\u00e9rentes questions li\u00e9es \u00e0 votre divorce.<\/p>\n<p align=\"justify\">2. La signature:\u00a0\u00a0Une fois la convention de divorce r\u00e9dig\u00e9e, nous vous transmettons le projet de convention de divorce pour \u00eatre soumis \u00e0 votre signature dans un d\u00e9lai de 15 jours. Le notaire se chargera, une fois les documents sign\u00e9s, d&rsquo;enregistrer votre divorce Dans certains cas, un divorce devant le Juge est n\u00e9cessaire. L&rsquo;affaire sera alors constitu\u00e9e d&rsquo;une audience devant le Juge aux Affaires Familiales du Tribunal de Grande Instance de Quimper situ\u00e9  48 A quai de l&rsquo;Odet CS66031 29327 QUIMPER CEDEX, joignable par t\u00e9l\u00e9phone au 02 98 82 88 00 &#8211; du Tribunal de Grande Instance de Brest situ\u00e9 32 rue de Denver CS 91948 29219 BREST CEDEX 2, joignable par t\u00e9l\u00e9phone au 02 98 33 78 00<\/p>\n<p align=\"justify\">3 L&rsquo;enregistrement:  Vous n&rsquo;avez plus rien \u00e0 faire ! Nous vous ferons parvenir par voie postale, l&rsquo;attestation d&rsquo;enregistrement de divorce, puis nous nous chargerons de l&rsquo;inscription de votre divorce sur vos actes d&rsquo;\u00e9tat civil. Vous souhaitez divorcer sans juge dans le Finist\u00e8re (29)? Consultez notre page sp\u00e9ciale divorce sans juge:<\/p>\n<\/p>\n<p><a href=\"\/divorce\/divorce-sans-juge\/\" rel=\"nofollow noopener\" target=\"_parent\">\u25baAVOCAT DIVORCE SANS JUGE<\/a><\/p>\n<h3>Nos honoraires<\/h3>\n<p align=\"justify\">Pour connaitre le tarif d&rsquo;un divorce sans juge dans le Finist\u00e8re (29) ou pour vous renseigner sur nos honoraires, merci de bien vouloir compl\u00e9ter notre devis en ligne<\/p>\n<\/p>\n<p><a href=\"\/divorce\/avocat-divorce-10-ans-dexperience\/\" rel=\"nofollow noopener\" target=\"_parent\">\u25ba DEVIS: AVOCAT DIVORCE FINIST\u00c8RE<\/a><\/p>\n<h3>Liste des communes d\u00e9pendant des TGI de Quimper et Brest<\/h3>\n<p>&#8211;<\/p>\n<p>\u25ba Argol  29560<br \/>\n\u25ba Arzano  29300<br \/>\n\u25ba Audierne  29770<br \/>\n\u25ba Bannalec  29380<br \/>\n\u25ba Baye  29300<br \/>\n\u25ba B\u00e9nodet  29950<br \/>\n\u25ba Berrien  29690<br \/>\n\u25ba Beuzec-Cap-Sizun  29790<br \/>\n\u25ba Bodilis  29400<br \/>\n\u25ba Bohars  29820<br \/>\n\u25ba Bolazec  29640<br \/>\n\u25ba Botmeur  29690<br \/>\n\u25ba Botsorhel  29650<br \/>\n\u25ba Bourg-Blanc  29860<br \/>\n\u25ba Brasparts  29190<br \/>\n\u25ba Br\u00e9l\u00e8s  29810<br \/>\n\u25ba Brennilis  29690<br \/>\n\u25ba <a href=\"\/divorce\/avocat-divorce\/brest\/\">Brest  29200 <\/a><br \/>\n\u25ba Briec  29510<br \/>\n\u25ba Brignogan-Plage  29890<br \/>\n\u25ba Camaret-sur-Mer  29570<br \/>\n\u25ba Carantec  29660<br \/>\n\u25ba <a href=\"\/divorce\/avocat-divorce\/carhaix-plouguer\/\">Carhaix-Plouguer  29270 <\/a><br \/>\n\u25ba Cast  29150<br \/>\n\u25ba <a href=\"\/divorce\/avocat-divorce\/chateaulin\/\">Ch\u00e2teaulin  29150 <\/a><br \/>\n\u25ba Ch\u00e2teauneuf-du-Faou  29520<br \/>\n\u25ba Cl\u00e9den-Cap-Sizun  29770<br \/>\n\u25ba Cl\u00e9den-Poher  29270<br \/>\n\u25ba Cl\u00e9der  29233<br \/>\n\u25ba Clohars-Carno\u00ebt  29360<br \/>\n\u25ba Clohars-Fouesnant  29950<br \/>\n\u25ba Coat-M\u00e9al  29870<br \/>\n\u25ba Collorec  29530<br \/>\n\u25ba Combrit  29120<br \/>\n\u25ba Commana  29450<br \/>\n\u25ba <a href=\"\/divorce\/avocat-divorce\/concarneau\/\">Concarneau  29900<\/a><br \/>\n\u25ba Confort-Meilars  29790<br \/>\n\u25ba Coray  29370<br \/>\n\u25ba <a href=\"\/divorce\/avocat-divorce\/crozon\/\">Crozon  29160<\/a><br \/>\n\u25ba Daoulas  29460<br \/>\n\u25ba Din\u00e9ault  29150<br \/>\n\u25ba Dirinon  29460<br \/>\n\u25ba <a href=\"\/divorce\/avocat-divorce\/douarnenez\/\">Douarnenez  29100<\/a><br \/>\n\u25ba Edern  29510<br \/>\n\u25ba Elliant  29370<br \/>\n\u25ba<a href=\"\/divorce\/avocat-divorce\/ergue-gaberic\/\"> Ergu\u00e9-Gab\u00e9ric  29500 <\/a><br \/>\n\u25ba Esquibien  29770<br \/>\n\u25ba<a href=\"\/divorce\/avocat-divorce\/fouesnant\/\"> Fouesnant  29170 <\/a><br \/>\n\u25ba Garlan  29610<br \/>\n\u25ba Gouesnach  29950<br \/>\n\u25ba<a href=\"\/divorce\/avocat-divorce\/gouesnou\/\"> Gouesnou  29850 <\/a><br \/>\n\u25ba Gou\u00e9zec  29190<br \/>\n\u25ba Goulien  29770<br \/>\n\u25ba Goulven  29890<br \/>\n\u25ba Gourlizon  29710<br \/>\n\u25ba Guengat  29180<br \/>\n\u25ba Guerlesquin  29650<br \/>\n\u25ba Guiclan  29410<br \/>\n\u25ba Guiler-sur-Goyen  29710<br \/>\n\u25ba <a href=\"\/divorce\/avocat-divorce\/guilers\/\">Guilers  29820 <\/a><br \/>\n\u25ba Guilligomarc&rsquo;h  29300<br \/>\n\u25ba Guilvinec  29730<br \/>\n\u25ba Guima\u00ebc  29620<br \/>\n\u25ba Guimiliau  29400<br \/>\n\u25ba<a href=\"\/divorce\/avocat-divorce\/guipavas\/\"> Guipavas  29490 <\/a><br \/>\n\u25ba Guipronvel  29290<br \/>\n\u25ba Guiss\u00e9ny  29880<br \/>\n\u25ba Hanvec  29460<br \/>\n\u25ba Henvic  29670<br \/>\n\u25ba H\u00f4pital-Camfrout  29460<br \/>\n\u25ba Huelgoat  29690<br \/>\n\u25ba Ile-de-Batz  29253<br \/>\n\u25ba Ile-de-Sein  29990<br \/>\n\u25ba \u00cele-Mol\u00e8ne  29259<br \/>\n\u25ba \u00cele-Tudy  29980<br \/>\n\u25ba Irvillac  29460<br \/>\n\u25ba Kergloff  29270<br \/>\n\u25ba Kerlaz  29100<br \/>\n\u25ba Kerlouan  29890<br \/>\n\u25ba Kernilis  29260<br \/>\n\u25ba Kernou\u00ebs  29260<br \/>\n\u25ba Kersaint-Plabennec  29860<br \/>\n\u25ba La Feuill\u00e9e  29690<br \/>\n\u25ba La Forest-Landerneau  29800<br \/>\n\u25ba La For\u00eat-Fouesnant  29940<br \/>\n\u25ba La Martyre  29800<br \/>\n\u25ba La Roche-Maurice  29800<br \/>\n\u25ba Lampaul-Guimiliau  29400<br \/>\n\u25ba Lampaul-Plouarzel  29810<br \/>\n\u25ba Lampaul-Ploudalm\u00e9zeau  29830<br \/>\n\u25ba Lanarvily  29260<br \/>\n\u25ba Land\u00e9da  29870<br \/>\n\u25ba Landeleau  29530<br \/>\n\u25ba<a href=\"\/divorce\/avocat-divorce\/landerneau\/\"> Landerneau  29800<\/a><br \/>\n\u25ba Land\u00e9vennec  29560<br \/>\n\u25ba <a href=\"\/divorce\/avocat-divorce\/landivisiau\/\">Landivisiau  29400<\/a><br \/>\n\u25ba Landr\u00e9varzec  29510<br \/>\n\u25ba Landudal  29510<br \/>\n\u25ba Landudec  29710<br \/>\n\u25ba Landunvez  29840<br \/>\n\u25ba Langolen  29510<br \/>\n\u25ba Lanhouarneau  29430<br \/>\n\u25ba Lanildut  29840<br \/>\n\u25ba Lanmeur  29620<br \/>\n\u25ba Lann\u00e9anou  29640<br \/>\n\u25ba Lann\u00e9dern  29190<br \/>\n\u25ba Lanneuffret  29400<br \/>\n\u25ba Lannilis  29870<br \/>\n\u25ba Lanrivoar\u00e9  29290<br \/>\n\u25ba Lanv\u00e9oc  29160<br \/>\n\u25ba Laz  29520<br \/>\n\u25ba Le Clo\u00eetre-Pleyben  29190<br \/>\n\u25ba Le Clo\u00eetre-Saint-Th\u00e9gonnec  29410<br \/>\n\u25ba Le Conquet  29217<br \/>\n\u25ba Le Drennec  29860<br \/>\n\u25ba Le Faou  29590<br \/>\n\u25ba Le Folgo\u00ebt  29260<br \/>\n\u25ba Le Juch  29100<br \/>\n\u25ba Le Ponthou  29650<br \/>\n\u25ba <a href=\"\/divorce\/avocat-divorce\/le-relecq-kerhuon\/\"> Le Relecq-Kerhuon  29480 <\/a><br \/>\n\u25ba Le Tr\u00e9hou  29450<br \/>\n\u25ba Le Tr\u00e9voux  29380<br \/>\n\u25ba Lennon  29190<br \/>\n\u25ba<a href=\"\/divorce\/avocat-divorce\/lesneven\/\">  Lesneven  29260 <\/a><br \/>\n\u25ba Leuhan  29390<br \/>\n\u25ba Loc-Br\u00e9valaire  29260<br \/>\n\u25ba Loc-Eguiner  29400<br \/>\n\u25ba Loc-Eguiner-Saint-Th\u00e9gonnec  29410<br \/>\n\u25ba Locmaria-Berrien  29690<br \/>\n\u25ba Locmaria-Plouzan\u00e9  29280<br \/>\n\u25ba Locm\u00e9lar  29400<br \/>\n\u25ba Locqu\u00e9nol\u00e9  29670<br \/>\n\u25ba Locquirec  29241<br \/>\n\u25ba Locronan  29180<br \/>\n\u25ba Loctudy  29750<br \/>\n\u25ba Locunol\u00e9  29310<br \/>\n\u25ba Logonna-Daoulas  29460<br \/>\n\u25ba Lop\u00e9rec  29590<br \/>\n\u25ba Loperhet  29470<br \/>\n\u25ba Loqueffret  29530<br \/>\n\u25ba Lothey  29190<br \/>\n\u25ba Mahalon  29790<br \/>\n\u25ba Melgven  29140<br \/>\n\u25ba Mellac  29300<br \/>\n\u25ba Mespaul  29420<br \/>\n\u25ba Milizac  29290<br \/>\n\u25ba <a href=\"\/divorce\/avocat-divorce\/moelan-sur-mer\/\"> Mo\u00eblan-sur-Mer  29350 <\/a><br \/>\n\u25ba<a href=\"\/divorce\/avocat-divorce\/morlaix\/\"> Morlaix  29600 <\/a><br \/>\n\u25ba Motreff  29270<br \/>\n\u25ba N\u00e9vez  29920<br \/>\n\u25ba Ouessant  29242<br \/>\n\u25ba Pencran  29800<br \/>\n\u25ba <a href=\"\/divorce\/avocat-divorce\/penmarch\/\">Penmarch  29760 <\/a><br \/>\n\u25ba Peumerit  29710<br \/>\n\u25ba <a href=\"\/divorce\/avocat-divorce\/plabennec\/\">Plabennec  29860<\/a><br \/>\n\u25ba Pleuven  29170<br \/>\n\u25ba Pleyben  29190<br \/>\n\u25ba Pleyber-Christ  29410<br \/>\n\u25ba Plobannalec-Lesconil  29740<br \/>\n\u25ba Plo\u00e9ven  29550<br \/>\n\u25ba Plogastel-Saint-Germain  29710<br \/>\n\u25ba Plogoff  29770<br \/>\n\u25ba Plogonnec  29180<br \/>\n\u25ba Plomelin  29700<br \/>\n\u25ba Plomeur  29120<br \/>\n\u25ba Plomodiern  29550<br \/>\n\u25ba Plon\u00e9is  29710<br \/>\n\u25ba Plon\u00e9our-Lanvern  29720<br \/>\n\u25ba Plon\u00e9vez-du-Faou  29530<br \/>\n\u25ba Plon\u00e9vez-Porzay  29550<br \/>\n\u25ba Plouarzel  29810<br \/>\n\u25ba Ploudalm\u00e9zeau  29830<br \/>\n\u25ba Ploudaniel  29260<br \/>\n\u25ba Ploudiry  29800<br \/>\n\u25ba Plou\u00e9dern  29800<br \/>\n\u25ba Plou\u00e9gat-Gu\u00e9rand  29620<br \/>\n\u25ba Plou\u00e9gat-Moysan  29650<br \/>\n\u25ba Plou\u00e9nan  29420<br \/>\n\u25ba Plouescat  29430<br \/>\n\u25ba Plouezoc&rsquo;h  29252<br \/>\n\u25ba Plougar  29440<br \/>\n\u25ba Plougasnou  29630<br \/>\n\u25ba <a href=\"\/divorce\/avocat-divorce\/plougastel-daoulas\/\">Plougastel-Daoulas  29470 <\/a><br \/>\n\u25ba Plougonvelin  29217<br \/>\n\u25ba Plougonven  29640<br \/>\n\u25ba Plougoulm  29250<br \/>\n\u25ba Plougourvest  29400<br \/>\n\u25ba <a href=\"\/divorce\/avocat-divorce\/plouguerneau\/\"> Plouguerneau  29880 <\/a><br \/>\n\u25ba Plouguin  29830<br \/>\n\u25ba Plouhinec  29780<br \/>\n\u25ba Plouider  29260<br \/>\n\u25ba Plouigneau  29610<br \/>\n\u25ba Ploumoguer  29810<br \/>\n\u25ba Ploun\u00e9our-M\u00e9nez  29410<br \/>\n\u25ba Ploun\u00e9our-Trez  29890<br \/>\n\u25ba Ploun\u00e9venter  29400<br \/>\n\u25ba Ploun\u00e9vez-Lochrist  29430<br \/>\n\u25ba Ploun\u00e9v\u00e9zel  29270<br \/>\n\u25ba Plourin  29830<br \/>\n\u25ba Plourin-l\u00e8s-Morlaix  29600<br \/>\n\u25ba Plouvien  29860<br \/>\n\u25ba Plouvorn  29420<br \/>\n\u25ba Plouy\u00e9  29690<br \/>\n\u25ba <a href=\"\/divorce\/avocat-divorce\/plouzane\/\">Plouzan\u00e9  29280 <\/a><br \/>\n\u25ba Plouz\u00e9v\u00e9d\u00e9  29440<br \/>\n\u25ba Plovan  29720<br \/>\n\u25ba Ploz\u00e9vet  29710<br \/>\n\u25ba Pluguffan  29700<br \/>\n\u25ba Pont-Aven  29930<br \/>\n\u25ba Pont-Croix  29790<br \/>\n\u25ba Pont-de-Buis-l\u00e8s-Quimerch  29590<br \/>\n\u25ba <a href=\"\/divorce\/avocat-divorce\/pont-labbe\/\"> Pont-l&rsquo;Abb\u00e9  29120  <\/a><br \/>\n\u25ba Porspoder  29840<br \/>\n\u25ba Port-Launay  29150<br \/>\n\u25ba Pouldergat  29100<br \/>\n\u25ba Pouldreuzic  29710<br \/>\n\u25ba Poullan-sur-Mer  29100<br \/>\n\u25ba Poullaouen  29246<br \/>\n\u25ba Primelin  29770<br \/>\n\u25ba Qu\u00e9m\u00e9n\u00e9ven  29180<br \/>\n\u25ba Querrien  29310<br \/>\n\u25ba <a href=\"\/divorce\/avocat-divorce\/quimper\/\">Quimper  29000<\/a><br \/>\n\u25ba  <a href=\"\/divorce\/avocat-divorce\/quimperle\/\">Quimperl\u00e9  29300 <\/a><br \/>\n\u25ba R\u00e9den\u00e9  29300<br \/>\n\u25ba Riec-sur-Belon  29340<br \/>\n\u25ba Roscanvel  29570<br \/>\n\u25ba Roscoff  29680<br \/>\n\u25ba Rosno\u00ebn  29590<br \/>\n\u25ba<a href=\"\/divorce\/avocat-divorce\/moelan-sur-mer\/\">  Rosporden  29140 <\/a><br \/>\n\u25ba Saint-Coulitz  29150<br \/>\n\u25ba Saint-Derrien  29440<br \/>\n\u25ba Saint-Divy  29800<br \/>\n\u25ba Saint-Eloy  29460<br \/>\n\u25ba Saint-Evarzec  29170<br \/>\n\u25ba Saint-Fr\u00e9gant  29260<br \/>\n\u25ba Saint-Goazec  29520<br \/>\n\u25ba Saint-Hernin  29270<br \/>\n\u25ba Saint-Jean-du-Doigt  29630<br \/>\n\u25ba Saint-Jean-Trolimon  29120<br \/>\n\u25ba Saint-Martin-des-Champs  29600<br \/>\n\u25ba Saint-M\u00e9en  29260<br \/>\n\u25ba Saint-Nic  29550<br \/>\n\u25ba Saint-Pabu  29830<br \/>\n\u25ba<a href=\"\/divorce\/avocat-divorce\/saint-pol-de-leon\/\"> Saint-Pol-de-L\u00e9on  29250 <\/a><br \/>\n\u25ba <a href=\"\/divorce\/avocat-divorce\/saint-renan\/\"> Saint-Renan  29290 <\/a><br \/>\n\u25ba Saint-Rivoal  29190<br \/>\n\u25ba Saint-Sauveur  29400<br \/>\n\u25ba Saint-S\u00e9gal  29590<br \/>\n\u25ba Saint-Servais  29400<br \/>\n\u25ba Saint-Th\u00e9gonnec  29410<br \/>\n\u25ba Saint-Thois  29520<br \/>\n\u25ba Saint-Thonan  29800<br \/>\n\u25ba Saint-Thurien  29380<br \/>\n\u25ba Saint-Urbain  29800<br \/>\n\u25ba Saint-Vougay  29440<br \/>\n\u25ba Saint-Yvy  29140<br \/>\n\u25ba Sainte-S\u00e8ve  29600<br \/>\n\u25ba Santec  29250<br \/>\n\u25ba  <a href=\"\/divorce\/avocat-divorce\/scaer\/\">Sca\u00ebr  29390 <\/a><br \/>\n\u25ba Scrignac  29640<br \/>\n\u25ba Sibiril  29250<br \/>\n\u25ba Sizun  29450<br \/>\n\u25ba Sp\u00e9zet  29540<br \/>\n\u25ba Taul\u00e9  29670<br \/>\n\u25ba Telgruc-sur-Mer  29560<br \/>\n\u25ba Tourch  29140<br \/>\n\u25ba Tr\u00e9babu  29217<br \/>\n\u25ba Treffiagat  29730<br \/>\n\u25ba Tr\u00e9flaou\u00e9nan  29440<br \/>\n\u25ba Tr\u00e9fl\u00e9v\u00e9nez  29800<br \/>\n\u25ba Tr\u00e9flez  29430<br \/>\n\u25ba Tr\u00e9garantec  29260<br \/>\n\u25ba Tr\u00e9garvan  29560<br \/>\n\u25ba Tr\u00e9glonou  29870<br \/>\n\u25ba Tr\u00e9gourez  29970<br \/>\n\u25ba Tr\u00e9guennec  29720<br \/>\n\u25ba <a href=\"\/divorce\/avocat-divorce\/tregunc\/\"> Tr\u00e9gunc  29910 <\/a><br \/>\n\u25ba Tr\u00e9maou\u00e9zan  29800<br \/>\n\u25ba Tr\u00e9m\u00e9oc  29120<br \/>\n\u25ba Tr\u00e9m\u00e9ven  29300<br \/>\n\u25ba Tr\u00e9ogat  29720<br \/>\n\u25ba Tr\u00e9ouergat  29290<br \/>\n\u25ba Tr\u00e9zilid\u00e9  29440<\/p>\n","protected":false},"excerpt":{"rendered":"<p>\u25c4 Retour \u00e0 l&rsquo;annuaire des villes Avocat Divorce sans juge Finist\u00e8re (29) *\/ VOTRE DIVORCE SANS JUGE DANS LE FINIST\u00c8RE (29) J&rsquo;INTERVIENS DANS TOUTE LA FRANCE Notre cabinet \u00e0 Paris : 42 Rue de L\u00fcbeck, 75116 Paris 01 47 04 25 40 Les \u00e9tapes de votre divorce 1. Le rendez-vous : Contactez nous par t\u00e9l\u00e9phone [&hellip;]<\/p>\n","protected":false},"author":1,"featured_media":0,"parent":0,"menu_order":0,"comment_status":"closed","ping_status":"closed","template":"","meta":{"_acf_changed":false,"inline_featured_image":false,"footnotes":""},"priorite":[],"class_list":["post-1820","page","type-page","status-publish","hentry"],"acf":[],"yoast_head":"<!-- This site is optimized with the Yoast SEO plugin v27.6 - https:\/\/yoast.com\/product\/yoast-seo-wordpress\/ -->\n<title>Avocat Divorce sans juge Finist\u00e8re (29) - Avocat Divorce<\/title>\n<meta name=\"description\" content=\"Divorcez dans le Finist\u00e8re (29) en 1 mois \u00e0 partir de 425\u20ac TTC. Contactez un Avocat divorce au \u260e 01.47.04.25.40 . Recevez un devis gratuit et imm\u00e9diat pour votre divorce. Cabinet Avocat GC. Divorce amiable - Divorce sans juge\" \/>\n<meta name=\"robots\" content=\"index, follow, max-snippet:-1, max-image-preview:large, max-video-preview:-1\" \/>\n<link rel=\"canonical\" href=\"https:\/\/avocat-gc.com\/divorce\/avocat-divorce-sans-juge-finistere-29\/\" \/>\n<meta property=\"og:locale\" content=\"fr_FR\" \/>\n<meta property=\"og:type\" content=\"article\" \/>\n<meta property=\"og:title\" content=\"Avocat Divorce sans juge Finist\u00e8re (29) - Avocat Divorce\" \/>\n<meta property=\"og:description\" content=\"Divorcez dans le Finist\u00e8re (29) en 1 mois \u00e0 partir de 425\u20ac TTC. Contactez un Avocat divorce au \u260e 01.47.04.25.40 . Recevez un devis gratuit et imm\u00e9diat pour votre divorce. Cabinet Avocat GC. Divorce amiable - Divorce sans juge\" \/>\n<meta property=\"og:url\" content=\"https:\/\/avocat-gc.com\/divorce\/avocat-divorce-sans-juge-finistere-29\/\" \/>\n<meta property=\"og:site_name\" content=\"Avocat GC - Avocat Divorce\" \/>\n<meta name=\"twitter:card\" content=\"summary_large_image\" \/>\n<script type=\"application\/ld+json\" class=\"yoast-schema-graph\">{\"@context\":\"https:\\\/\\\/schema.org\",\"@graph\":[{\"@type\":\"WebPage\",\"@id\":\"https:\\\/\\\/avocat-gc.com\\\/divorce\\\/avocat-divorce-sans-juge-finistere-29\\\/\",\"url\":\"https:\\\/\\\/avocat-gc.com\\\/divorce\\\/avocat-divorce-sans-juge-finistere-29\\\/\",\"name\":\"Avocat Divorce sans juge Finist\u00e8re (29) - Avocat Divorce\",\"isPartOf\":{\"@id\":\"https:\\\/\\\/avocat-gc.com\\\/divorce\\\/#website\"},\"datePublished\":\"2017-07-04T00:00:00+00:00\",\"description\":\"Divorcez dans le Finist\u00e8re (29) en 1 mois \u00e0 partir de 425\u20ac TTC. Contactez un Avocat divorce au \u260e 01.47.04.25.40 . Recevez un devis gratuit et imm\u00e9diat pour votre divorce. Cabinet Avocat GC. Divorce amiable - Divorce sans juge\",\"breadcrumb\":{\"@id\":\"https:\\\/\\\/avocat-gc.com\\\/divorce\\\/avocat-divorce-sans-juge-finistere-29\\\/#breadcrumb\"},\"inLanguage\":\"fr-FR\",\"potentialAction\":[{\"@type\":\"ReadAction\",\"target\":[\"https:\\\/\\\/avocat-gc.com\\\/divorce\\\/avocat-divorce-sans-juge-finistere-29\\\/\"]}]},{\"@type\":\"BreadcrumbList\",\"@id\":\"https:\\\/\\\/avocat-gc.com\\\/divorce\\\/avocat-divorce-sans-juge-finistere-29\\\/#breadcrumb\",\"itemListElement\":[{\"@type\":\"ListItem\",\"position\":1,\"name\":\"Accueil\",\"item\":\"https:\\\/\\\/avocat-gc.com\\\/divorce\\\/\"},{\"@type\":\"ListItem\",\"position\":2,\"name\":\"Avocat Divorce sans juge Finist\u00e8re (29)\"}]},{\"@type\":\"WebSite\",\"@id\":\"https:\\\/\\\/avocat-gc.com\\\/divorce\\\/#website\",\"url\":\"https:\\\/\\\/avocat-gc.com\\\/divorce\\\/\",\"name\":\"Avocat GC - Avocat Divorce\",\"description\":\"\",\"publisher\":{\"@id\":\"https:\\\/\\\/avocat-gc.com\\\/divorce\\\/#organization\"},\"potentialAction\":[{\"@type\":\"SearchAction\",\"target\":{\"@type\":\"EntryPoint\",\"urlTemplate\":\"https:\\\/\\\/avocat-gc.com\\\/divorce\\\/?s={search_term_string}\"},\"query-input\":{\"@type\":\"PropertyValueSpecification\",\"valueRequired\":true,\"valueName\":\"search_term_string\"}}],\"inLanguage\":\"fr-FR\"},{\"@type\":\"Organization\",\"@id\":\"https:\\\/\\\/avocat-gc.com\\\/divorce\\\/#organization\",\"name\":\"Avocat GC - Avocat Divorce\",\"url\":\"https:\\\/\\\/avocat-gc.com\\\/divorce\\\/\",\"logo\":{\"@type\":\"ImageObject\",\"inLanguage\":\"fr-FR\",\"@id\":\"https:\\\/\\\/avocat-gc.com\\\/divorce\\\/#\\\/schema\\\/logo\\\/image\\\/\",\"url\":\"https:\\\/\\\/avocat-gc.com\\\/divorce\\\/wp-content\\\/uploads\\\/2024\\\/04\\\/cropped-Sans-titre.png\",\"contentUrl\":\"https:\\\/\\\/avocat-gc.com\\\/divorce\\\/wp-content\\\/uploads\\\/2024\\\/04\\\/cropped-Sans-titre.png\",\"width\":200,\"height\":180,\"caption\":\"Avocat GC - Avocat Divorce\"},\"image\":{\"@id\":\"https:\\\/\\\/avocat-gc.com\\\/divorce\\\/#\\\/schema\\\/logo\\\/image\\\/\"}}]}<\/script>\n<!-- \/ Yoast SEO plugin. -->","yoast_head_json":{"title":"Avocat Divorce sans juge Finist\u00e8re (29) - Avocat Divorce","description":"Divorcez dans le Finist\u00e8re (29) en 1 mois \u00e0 partir de 425\u20ac TTC. Contactez un Avocat divorce au \u260e 01.47.04.25.40 . Recevez un devis gratuit et imm\u00e9diat pour votre divorce. Cabinet Avocat GC. Divorce amiable - Divorce sans juge","robots":{"index":"index","follow":"follow","max-snippet":"max-snippet:-1","max-image-preview":"max-image-preview:large","max-video-preview":"max-video-preview:-1"},"canonical":"https:\/\/avocat-gc.com\/divorce\/avocat-divorce-sans-juge-finistere-29\/","og_locale":"fr_FR","og_type":"article","og_title":"Avocat Divorce sans juge Finist\u00e8re (29) - Avocat Divorce","og_description":"Divorcez dans le Finist\u00e8re (29) en 1 mois \u00e0 partir de 425\u20ac TTC. Contactez un Avocat divorce au \u260e 01.47.04.25.40 . Recevez un devis gratuit et imm\u00e9diat pour votre divorce. Cabinet Avocat GC. Divorce amiable - Divorce sans juge","og_url":"https:\/\/avocat-gc.com\/divorce\/avocat-divorce-sans-juge-finistere-29\/","og_site_name":"Avocat GC - Avocat Divorce","twitter_card":"summary_large_image","schema":{"@context":"https:\/\/schema.org","@graph":[{"@type":"WebPage","@id":"https:\/\/avocat-gc.com\/divorce\/avocat-divorce-sans-juge-finistere-29\/","url":"https:\/\/avocat-gc.com\/divorce\/avocat-divorce-sans-juge-finistere-29\/","name":"Avocat Divorce sans juge Finist\u00e8re (29) - Avocat Divorce","isPartOf":{"@id":"https:\/\/avocat-gc.com\/divorce\/#website"},"datePublished":"2017-07-04T00:00:00+00:00","description":"Divorcez dans le Finist\u00e8re (29) en 1 mois \u00e0 partir de 425\u20ac TTC. Contactez un Avocat divorce au \u260e 01.47.04.25.40 . Recevez un devis gratuit et imm\u00e9diat pour votre divorce. Cabinet Avocat GC. Divorce amiable - Divorce sans juge","breadcrumb":{"@id":"https:\/\/avocat-gc.com\/divorce\/avocat-divorce-sans-juge-finistere-29\/#breadcrumb"},"inLanguage":"fr-FR","potentialAction":[{"@type":"ReadAction","target":["https:\/\/avocat-gc.com\/divorce\/avocat-divorce-sans-juge-finistere-29\/"]}]},{"@type":"BreadcrumbList","@id":"https:\/\/avocat-gc.com\/divorce\/avocat-divorce-sans-juge-finistere-29\/#breadcrumb","itemListElement":[{"@type":"ListItem","position":1,"name":"Accueil","item":"https:\/\/avocat-gc.com\/divorce\/"},{"@type":"ListItem","position":2,"name":"Avocat Divorce sans juge Finist\u00e8re (29)"}]},{"@type":"WebSite","@id":"https:\/\/avocat-gc.com\/divorce\/#website","url":"https:\/\/avocat-gc.com\/divorce\/","name":"Avocat GC - Avocat Divorce","description":"","publisher":{"@id":"https:\/\/avocat-gc.com\/divorce\/#organization"},"potentialAction":[{"@type":"SearchAction","target":{"@type":"EntryPoint","urlTemplate":"https:\/\/avocat-gc.com\/divorce\/?s={search_term_string}"},"query-input":{"@type":"PropertyValueSpecification","valueRequired":true,"valueName":"search_term_string"}}],"inLanguage":"fr-FR"},{"@type":"Organization","@id":"https:\/\/avocat-gc.com\/divorce\/#organization","name":"Avocat GC - Avocat Divorce","url":"https:\/\/avocat-gc.com\/divorce\/","logo":{"@type":"ImageObject","inLanguage":"fr-FR","@id":"https:\/\/avocat-gc.com\/divorce\/#\/schema\/logo\/image\/","url":"https:\/\/avocat-gc.com\/divorce\/wp-content\/uploads\/2024\/04\/cropped-Sans-titre.png","contentUrl":"https:\/\/avocat-gc.com\/divorce\/wp-content\/uploads\/2024\/04\/cropped-Sans-titre.png","width":200,"height":180,"caption":"Avocat GC - Avocat Divorce"},"image":{"@id":"https:\/\/avocat-gc.com\/divorce\/#\/schema\/logo\/image\/"}}]}},"_links":{"self":[{"href":"https:\/\/avocat-gc.com\/divorce\/wp-json\/wp\/v2\/pages\/1820","targetHints":{"allow":["GET"]}}],"collection":[{"href":"https:\/\/avocat-gc.com\/divorce\/wp-json\/wp\/v2\/pages"}],"about":[{"href":"https:\/\/avocat-gc.com\/divorce\/wp-json\/wp\/v2\/types\/page"}],"author":[{"embeddable":true,"href":"https:\/\/avocat-gc.com\/divorce\/wp-json\/wp\/v2\/users\/1"}],"replies":[{"embeddable":true,"href":"https:\/\/avocat-gc.com\/divorce\/wp-json\/wp\/v2\/comments?post=1820"}],"version-history":[{"count":0,"href":"https:\/\/avocat-gc.com\/divorce\/wp-json\/wp\/v2\/pages\/1820\/revisions"}],"wp:attachment":[{"href":"https:\/\/avocat-gc.com\/divorce\/wp-json\/wp\/v2\/media?parent=1820"}],"wp:term":[{"taxonomy":"priorite","embeddable":true,"href":"https:\/\/avocat-gc.com\/divorce\/wp-json\/wp\/v2\/priorite?post=1820"}],"curies":[{"name":"wp","href":"https:\/\/api.w.org\/{rel}","templated":true}]}}