{"id":1814,"date":"2018-12-06T00:00:00","date_gmt":"2018-12-06T00:00:00","guid":{"rendered":"https:\/\/avocat-gc.com\/divorce\/avocat-divorce-sans-juge-drome-26\/"},"modified":"2018-12-06T00:00:00","modified_gmt":"2018-12-06T00:00:00","slug":"avocat-divorce-sans-juge-drome-26","status":"publish","type":"page","link":"https:\/\/avocat-gc.com\/divorce\/avocat-divorce-sans-juge-drome-26\/","title":{"rendered":"Avocat Divorce sans juge Dr\u00f4me (26)"},"content":{"rendered":"<p><a href=\"\/divorce\/avocat-divorce\/\" rel=\"nofollow noopener\" target=\"_parent\">\u25c4 Retour \u00e0 l&rsquo;annuaire des villes<\/a><\/p>\n<p>Avocat Divorce sans juge Dr\u00f4me (26)<br \/>\n*\/<\/p>\n<h2>VOTRE DIVORCE SANS JUGE DANS LA DR\u00d4ME (26)<\/h2>\n<p> J&rsquo;INTERVIENS DANS TOUTE LA FRANCE <a href=\"\/divorce\/avocat-divorce\/paris\/\" rel=\"nofollow noopener\" title=\"\" target=\"_parent\">Notre cabinet \u00e0 Paris<\/a> : 42 Rue de L\u00fcbeck, 75116 Paris 01 47 04 25 40 <\/p>\n<h3>Les \u00e9tapes de votre divorce<\/h3>\n<p class=\"img-right\"><img decoding=\"async\" alt=\"avocat divorce sans juge Dr\u00f4me (26)\" title=\"avocat divorce sans juge Dr\u00f4me (26)\" width=\"170\" border=\"2\" src=\"\/divorce\/wp-content\/uploads\/2024\/04\/divorce-consentement-mutuel.png\" \/><\/p>\n<p align=\"justify\">1.  Le rendez-vous : Contactez nous par t\u00e9l\u00e9phone au 01 47 04 25 40 ou par email \u00e0 <a href=\"mailto:info@avocat-gc.com\">info@avocat-gc.com<\/a> afin de fixer un rendez-vous avec notre avocat divorce. Nous sommes comp\u00e9tents pour vous divorcer dans la r\u00e9gion Auvergne-Rh\u00f4ne-Alpes, dans le d\u00e9partement dans la Dr\u00f4me (26). Lors de cet entretien, nous aborderons les points suivants :<\/p>\n<p>Les diff\u00e9rentes \u00e9tapes de votre proc\u00e9dure de divorce<br \/>\n La r\u00e9daction de la convention de divorce<br \/>\nLes diff\u00e9rentes questions li\u00e9es \u00e0 votre divorce.<\/p>\n<p align=\"justify\">2. La signature:\u00a0\u00a0Une fois la convention de divorce r\u00e9dig\u00e9e, nous vous transmettons le projet de convention de divorce pour \u00eatre soumis \u00e0 votre signature dans un d\u00e9lai de 15 jours. Le notaire se chargera, une fois les documents sign\u00e9s, d&rsquo;enregistrer votre divorce Dans certains cas, un divorce devant le Juge est n\u00e9cessaire. L&rsquo;affaire sera alors constitu\u00e9e d&rsquo;une audience devant le Juge aux Affaires Familiales du Tribunal de Grande Instance de Valence situ\u00e9  place du Palais de Justice BP 2113 26021 VALENCE CEDEX, joignable par t\u00e9l\u00e9phone au 04 75 75 49 49<\/p>\n<p align=\"justify\">3 L&rsquo;enregistrement:  Vous n&rsquo;avez plus rien \u00e0 faire ! Nous vous ferons parvenir par voie postale, l&rsquo;attestation d&rsquo;enregistrement de divorce, puis nous nous chargerons de l&rsquo;inscription de votre divorce sur vos actes d&rsquo;\u00e9tat civil. Vous souhaitez divorcer sans juge dans la Dr\u00f4me (26)? Consultez notre page sp\u00e9ciale divorce sans juge:<\/p>\n<\/p>\n<p><a href=\"\/divorce\/divorce-sans-juge\/\" rel=\"nofollow noopener\" target=\"_parent\">\u25baAVOCAT DIVORCE SANS JUGE<\/a><\/p>\n<h3>Nos honoraires<\/h3>\n<p align=\"justify\">Pour connaitre le tarif d&rsquo;un divorce sans juge dans la Dr\u00f4me (26) ou pour vous renseigner sur nos honoraires, merci de bien vouloir compl\u00e9ter notre devis en ligne<\/p>\n<\/p>\n<p><a href=\"\/divorce\/avocat-divorce-10-ans-dexperience\/\" rel=\"nofollow noopener\" target=\"_parent\">\u25ba DEVIS: AVOCAT DIVORCE DR\u00d4ME<\/a><\/p>\n<h3>Liste des communes d\u00e9pendant du TGI de Valence<\/h3>\n<\/p>\n<p>\u25baAix-en-Diois  26150<br \/>\n\u25baAlbon  26140<br \/>\n\u25baAleyrac  26770<br \/>\n\u25baAlixan  26300<br \/>\n\u25baAllan  26780<br \/>\n\u25baAllex  26400<br \/>\n\u25baAmbonil  26800<br \/>\n\u25baAnc\u00f4ne  26200<br \/>\n\u25baAndancette  26140<br \/>\n\u25baAnneyron  26140<br \/>\n\u25baAouste-sur-Sye  26400<br \/>\n\u25baArnayon  26470<br \/>\n\u25baArpavon  26110<br \/>\n\u25baArth\u00e9monay  26260<br \/>\n\u25baAubenasson  26340<br \/>\n\u25baAubres  26110<br \/>\n\u25baAucelon  26340<br \/>\n\u25baAulan  26570<br \/>\n\u25baAurel  26340<br \/>\n\u25baAutichamp  26400<br \/>\n\u25baBallons  26560<br \/>\n\u25baBarbi\u00e8res  26300<br \/>\n\u25baBarcelonne  26120<br \/>\n\u25baBarnave  26310<br \/>\n\u25baBarret-de-Lioure  26570<br \/>\n\u25baBarsac  26150<br \/>\n\u25baBathernay  26260<br \/>\n\u25baBeaufort-sur-Gervanne  26400<br \/>\n\u25baBeaumont-en-Diois  26310<br \/>\n\u25baBeaumont-l\u00e8s-Valence  26760<br \/>\n\u25baBeaumont-Monteux  26600<br \/>\n\u25baBeauregard-Baret  26300<br \/>\n\u25baBeauri\u00e8res  26310<br \/>\n\u25baBeausemblant  26240<br \/>\n\u25baBeauvallon  26800<br \/>\n\u25baBeauvoisin  26170<br \/>\n\u25baBellecombe-Tarendol  26110<br \/>\n\u25baBellegarde-en-Diois  26470<br \/>\n\u25baB\u00e9nivay-Ollon  26170<br \/>\n\u25baB\u00e9sayes  26300<br \/>\n\u25baB\u00e9signan  26110<br \/>\n\u25baB\u00e9zaudun-sur-B\u00eene  26460<br \/>\n\u25baBonlieu-sur-Roubion  26160<br \/>\n\u25baBouchet  26790<br \/>\n\u25baBoulc  26410<br \/>\n\u25baBourdeaux  26460<br \/>\n\u25ba<a href=\"\/divorce\/avocat-divorce\/bourg-de-peage\/\" title=\"avocat divorce Bourg-de-P\u00e9age\">Bourg-de-P\u00e9age  26300<\/a><br \/>\n\u25ba<a href=\"\/divorce\/avocat-divorce\/bourg-les-valence\/\" title=\"avocat divorce Bourg-l\u00e8s-Valence\">Bourg-l\u00e8s-Valence  26500 <\/a><br \/>\n\u25baBouvante  26190<br \/>\n\u25baBouvi\u00e8res  26460<br \/>\n\u25baBren  26260<br \/>\n\u25baBrette  26340<br \/>\n\u25baBuis-les-Baronnies  26170<br \/>\n\u25baChabeuil  26120<br \/>\n\u25baChabrillan  26400<br \/>\n\u25baChalancon  26470<br \/>\n\u25baChamaloc  26150<br \/>\n\u25baChamaret  26230<br \/>\n\u25baChanos-Curson  26600<br \/>\n\u25baChantemerle-les-Bl\u00e9s  26600<br \/>\n\u25baChantemerle-l\u00e8s-Grignan  26230<br \/>\n\u25baCharens  26310<br \/>\n\u25baCharmes-sur-l&rsquo;Herbasse  26260<br \/>\n\u25baCharols  26450<br \/>\n\u25baCharpey  26300<br \/>\n\u25baChastel-Arnaud  26340<br \/>\n\u25baCh\u00e2teaudouble  26120<br \/>\n\u25baCh\u00e2teauneuf-de-Bordette  26110<br \/>\n\u25baCh\u00e2teauneuf-de-Galaure  26330<br \/>\n\u25baCh\u00e2teauneuf-du-Rh\u00f4ne  26780<br \/>\n\u25baCh\u00e2teauneuf-sur-Is\u00e8re  26300<br \/>\n\u25baCh\u00e2tillon-en-Diois  26410<br \/>\n\u25baCh\u00e2tillon-Saint-Jean  26750<br \/>\n\u25baChatuzange-le-Goubet  26300<br \/>\n\u25baChaudebonne  26110<br \/>\n\u25baChauvac-Laux-Montaux  26510<br \/>\n\u25baChavannes  26260<br \/>\n\u25baClansayes  26130<br \/>\n\u25baClaveyson  26240<br \/>\n\u25baCl\u00e9on-d&rsquo;Andran  26450<br \/>\n\u25baCl\u00e9rieux  26260<br \/>\n\u25baCliousclat  26270<br \/>\n\u25baCobonne  26400<br \/>\n\u25baColonzelle  26230<br \/>\n\u25baCombovin  26120<br \/>\n\u25baComps  26220<br \/>\n\u25baCondillac  26740<br \/>\n\u25baCondorcet  26110<br \/>\n\u25baCornillac  26510<br \/>\n\u25baCornillon-sur-l&rsquo;Oule  26510<br \/>\n\u25baCr\u00e9pol  26350<br \/>\n\u25ba<a href=\"\/divorce\/avocat-divorce\/crest\/\" title=\"avocat divorce Crest\">Crest  26400 <\/a><br \/>\n\u25baCrozes-Hermitage  26600<br \/>\n\u25baCrupies  26460<br \/>\n\u25baCurnier  26110<br \/>\n\u25baDie  26150<br \/>\n\u25baDieulefit  26220<br \/>\n\u25baDivajeu  26400<br \/>\n\u25baDonz\u00e8re  26290<br \/>\n\u25baEchevis  26190<br \/>\n\u25baEpinouze  26210<br \/>\n\u25baEr\u00f4me  26600<br \/>\n\u25baEspeluche  26780<br \/>\n\u25baEspenel  26340<br \/>\n\u25baEstablet  26470<br \/>\n\u25baEtoile-sur-Rh\u00f4ne  26800<br \/>\n\u25baEurre  26400<br \/>\n\u25baEygalayes  26560<br \/>\n\u25baEygaliers  26170<br \/>\n\u25baEygluy-Escoulin  26400<br \/>\n\u25baEymeux  26730<br \/>\n\u25baEyroles  26110<br \/>\n\u25baEyzahut  26160<br \/>\n\u25baFay-le-Clos  26240<br \/>\n\u25baF\u00e9lines-sur-Rimandoule  26160<br \/>\n\u25baFerrassi\u00e8res  26570<br \/>\n\u25baFrancillon-sur-Roubion  26400<br \/>\n\u25baG\u00e9nissieux  26750<br \/>\n\u25baGervans  26600<br \/>\n\u25baGeyssans  26750<br \/>\n\u25baGigors-et-Lozeron  26400<br \/>\n\u25baGlandage  26410<br \/>\n\u25baGrane  26400<br \/>\n\u25baGranges-les-Beaumont  26600<br \/>\n\u25baGrignan  26230<br \/>\n\u25baGumiane  26470<br \/>\n\u25baHauterives  26390<br \/>\n\u25baHostun  26730<br \/>\n\u25baIzon-la-Bruisse  26560<br \/>\n\u25baJaillans  26300<br \/>\n\u25baJonch\u00e8res  26310<br \/>\n\u25baLa B\u00e2tie-des-Fonds  26310<br \/>\n\u25baLa B\u00e2tie-Rolland  26160<br \/>\n\u25baLa Baume-Cornillane  26120<br \/>\n\u25baLa Baume-d&rsquo;Hostun  26730<br \/>\n\u25baLa Baume-de-Transit  26790<br \/>\n\u25baLa B\u00e9gude-de-Mazenc  26160<br \/>\n\u25baLa Chapelle-en-Vercors  26420<br \/>\n\u25baLa Charce  26470<br \/>\n\u25baLa Chaudi\u00e8re  26340<br \/>\n\u25baLa Coucourde  26740<br \/>\n\u25baLa Garde-Adh\u00e9mar  26700<br \/>\n\u25baLa Laupie  26740<br \/>\n\u25baLa Motte-Chalancon  26470<br \/>\n\u25baLa Motte-de-Galaure  26240<br \/>\n\u25baLa Motte-Fanjas  26190<br \/>\n\u25baLa Penne-sur-l&rsquo;Ouv\u00e8ze  26170<br \/>\n\u25baLa R\u00e9para-Auriples  26400<br \/>\n\u25baLa Roche-de-Glun  26600<br \/>\n\u25baLa Roche-sur-Grane  26400<br \/>\n\u25baLa Roche-sur-le-Buis  26170<br \/>\n\u25baLa Rochette-du-Buis  26170<br \/>\n\u25baLa Touche  26160<br \/>\n\u25baLaborel  26560<br \/>\n\u25baLachau  26560<br \/>\n\u25baLapeyrouse-Mornay  26210<br \/>\n\u25baLarnage  26600<br \/>\n\u25baLaval-d&rsquo;Aix  26150<br \/>\n\u25baLaveyron  26240<br \/>\n\u25baLe Chaffal  26190<br \/>\n\u25baLe Chalon  26350<br \/>\n\u25baLe Grand-Serre  26530<br \/>\n\u25baLe P\u00e8gue  26770<br \/>\n\u25baLe Po\u00ebt-C\u00e9lard  26460<br \/>\n\u25baLe Po\u00ebt-en-Percip  26170<br \/>\n\u25baLe Po\u00ebt-Laval  26160<br \/>\n\u25baLe Po\u00ebt-Sigillat  26110<br \/>\n\u25baLemps  26510<br \/>\n\u25baLens-Lestang  26210<br \/>\n\u25baL\u00e9oncel  26190<br \/>\n\u25baLes Granges-Gontardes  26290<br \/>\n\u25baLes Pilles  26110<br \/>\n\u25baLes Pr\u00e9s  26310<br \/>\n\u25baLes Tonils  26460<br \/>\n\u25baLes Tourrettes  26740<br \/>\n\u25baLesches-en-Diois  26310<br \/>\n\u25baLivron-sur-Dr\u00f4me  26250<br \/>\n\u25baLoriol-sur-Dr\u00f4me  26270<br \/>\n\u25baLuc-en-Diois  26310<br \/>\n\u25baLus-la-Croix-Haute  26620<br \/>\n\u25baMalataverne  26780<br \/>\n\u25baMalissard  26120<br \/>\n\u25baManas  26160<br \/>\n\u25baManthes  26210<br \/>\n\u25baMarches  26300<br \/>\n\u25baMarg\u00e8s  26260<br \/>\n\u25baMarignac-en-Diois  26150<br \/>\n\u25baMarsanne  26740<br \/>\n\u25baMarsaz  26260<br \/>\n\u25baMenglon  26410<br \/>\n\u25baMercurol  26600<br \/>\n\u25baM\u00e9rindol-les-Oliviers  26170<br \/>\n\u25baM\u00e9vouillon  26560<br \/>\n\u25baMirabel-aux-Baronnies  26110<br \/>\n\u25baMirabel-et-Blacons  26400<br \/>\n\u25baMiribel  26350<br \/>\n\u25baMirmande  26270<br \/>\n\u25baMiscon  26310<br \/>\n\u25baMoli\u00e8res-Glandaz  26150<br \/>\n\u25baMollans-sur-Ouv\u00e8ze  26170<br \/>\n\u25baMontauban-sur-l&rsquo;Ouv\u00e8ze  26170<br \/>\n\u25baMontaulieu  26110<br \/>\n\u25baMontboucher-sur-Jabron  26740<br \/>\n\u25baMontbrison-sur-Lez  26770<br \/>\n\u25baMontbrun-les-Bains  26570<br \/>\n\u25baMontchenu  26350<br \/>\n\u25baMontclar-sur-Gervanne  26400<br \/>\n\u25baMont\u00e9l\u00e9ger  26760<br \/>\n\u25baMont\u00e9lier  26120<br \/>\n\u25ba<a href=\"\/divorce\/avocat-divorce\/montelimar\/\" title=\"avocat divorce Mont\u00e9limar\">Mont\u00e9limar  26200 <\/a><br \/>\n\u25baMontferrand-la-Fare  26510<br \/>\n\u25baMontfroc  26560<br \/>\n\u25baMontguers  26170<br \/>\n\u25baMontjoux  26220<br \/>\n\u25baMontjoyer  26230<br \/>\n\u25baMontlaur-en-Diois  26310<br \/>\n\u25baMontmaur-en-Diois  26150<br \/>\n\u25baMontmeyran  26120<br \/>\n\u25baMontmiral  26750<br \/>\n\u25baMontoison  26800<br \/>\n\u25baMontr\u00e9al-les-Sources  26510<br \/>\n\u25baMontrigaud  26350<br \/>\n\u25baMonts\u00e9gur-sur-Lauzon  26130<br \/>\n\u25baMontvendre  26120<br \/>\n\u25baMoras-en-Valloire  26210<br \/>\n\u25baMornans  26460<br \/>\n\u25baMours-Saint-Eus\u00e8be  26540<br \/>\n\u25baMureils  26240<br \/>\n\u25baNyons  26110<br \/>\n\u25baOmbl\u00e8ze  26400<br \/>\n\u25baOrcinas  26220<br \/>\n\u25baOriol-en-Royans  26190<br \/>\n\u25baOurches  26120<br \/>\n\u25baParnans  26750<br \/>\n\u25baPelonne  26510<br \/>\n\u25baPennes-le-Sec  26340<br \/>\n\u25baPeyrins  26380<br \/>\n\u25baPeyrus  26120<br \/>\n\u25baPi\u00e9gon  26110<br \/>\n\u25baPi\u00e9gros-la-Clastre  26400<br \/>\n\u25ba<a href=\"\/divorce\/avocat-divorce\/pierrelatte\/\" title=\"avocat divorce Pierrelatte\">Pierrelatte  26700<\/a><br \/>\n\u25baPierrelongue  26170<br \/>\n\u25baPlaisians  26170<br \/>\n\u25baPlan-de-Baix  26400<br \/>\n\u25baPommerol  26470<br \/>\n\u25baPonet-et-Saint-Auban  26150<br \/>\n\u25baPonsas  26240<br \/>\n\u25baPont-de-Barret  26160<br \/>\n\u25baPont-de-l&rsquo;Is\u00e8re  26600<br \/>\n\u25baPontaix  26150<br \/>\n\u25baPortes-en-Valdaine  26160<br \/>\n\u25baPortes-l\u00e8s-Valence  26800<br \/>\n\u25baPoyols  26310<br \/>\n\u25baPradelle  26340<br \/>\n\u25baPropiac  26170<br \/>\n\u25baPuy-Saint-Martin  26450<br \/>\n\u25baPuygiron  26160<br \/>\n\u25baRati\u00e8res  26330<br \/>\n\u25baR\u00e9auville  26230<br \/>\n\u25baRecoubeau-Jansac  26310<br \/>\n\u25baReilhanette  26570<br \/>\n\u25baR\u00e9muzat  26510<br \/>\n\u25baRimon-et-Savel  26340<br \/>\n\u25baRioms  26170<br \/>\n\u25baRoche St Secret Beconne  26770<br \/>\n\u25baRochebaudin  26160<br \/>\n\u25baRochebrune  26110<br \/>\n\u25baRochechinard  26190<br \/>\n\u25baRochefort-en-Valdaine  26160<br \/>\n\u25baRochefort-Samson  26300<br \/>\n\u25baRochefourchat  26340<br \/>\n\u25baRochegude  26790<br \/>\n\u25ba<a href=\"\/divorce\/avocat-divorce\/romans-sur-isere\/\" title=\"avocat divorce Romans-sur-Is\u00e8re\">Romans-sur-Is\u00e8re  26100 <\/a><br \/>\n\u25baRomeyer  26150<br \/>\n\u25baRottier  26470<br \/>\n\u25baRoussas  26230<br \/>\n\u25baRousset-les-Vignes  26770<br \/>\n\u25baRoussieux  26510<br \/>\n\u25baRoynac  26450<br \/>\n\u25baSahune  26510<br \/>\n\u25baSaillans  26340<br \/>\n\u25baSaint-Agnan-en-Vercors  26420<br \/>\n\u25baSaint-And\u00e9ol  26150<br \/>\n\u25baSaint-Auban-sur-l&rsquo;Ouv\u00e8ze  26170<br \/>\n\u25baSaint-Avit  26330<br \/>\n\u25baSaint-Bardoux  26260<br \/>\n\u25baSaint-Barth\u00e9lemy-de-Vals  26240<br \/>\n\u25baSaint-Benoit-en-Diois  26340<br \/>\n\u25baSaint-Bonnet-de-Valcl\u00e9rieux  26350<br \/>\n\u25baSaint-Christophe-et-le-Laris  26350<br \/>\n\u25baSaint-Dizier-en-Diois  26310<br \/>\n\u25baSaint-Donat-sur-l&rsquo;Herbasse  26260<br \/>\n\u25baSaint-Ferr\u00e9ol-Trente-Pas  26110<br \/>\n\u25baSaint-Gervais-sur-Roubion  26160<br \/>\n\u25baSaint-Jean-en-Royans  26190<br \/>\n\u25baSaint-Julien-en-Quint  26150<br \/>\n\u25baSaint-Julien-en-Vercors  26420<br \/>\n\u25baSaint-Laurent-d&rsquo;Onay  26350<br \/>\n\u25baSaint-Laurent-en-Royans  26190<br \/>\n\u25baSaint-Marcel-l\u00e8s-Sauzet  26740<br \/>\n\u25baSaint-Marcel-l\u00e8s-Valence  26320<br \/>\n\u25baSaint-Martin-d&rsquo;Ao\u00fbt  26330<br \/>\n\u25baSaint-Martin-en-Vercors  26420<br \/>\n\u25baSaint-Martin-le-Colonel  26190<br \/>\n\u25baSaint-Maurice-sur-Eygues  26110<br \/>\n\u25baSaint-May  26510<br \/>\n\u25baSaint-Michel-sur-Savasse  26750<br \/>\n\u25baSaint-Nazaire-en-Royans  26190<br \/>\n\u25baSaint-Nazaire-le-D\u00e9sert  26340<br \/>\n\u25baSaint-Pantal\u00e9on-les-Vignes  26770<br \/>\n\u25baSaint-Paul-l\u00e8s-Romans  26750<br \/>\n\u25baSaint-Paul-Trois-Ch\u00e2teaux  26130<br \/>\n\u25baSaint-Rambert-d&rsquo;Albon  26140<br \/>\n\u25baSaint-Restitut  26130<br \/>\n\u25baSaint-Roman  26410<br \/>\n\u25baSaint-Sauveur-en-Diois  26340<br \/>\n\u25baSaint-Sauveur-Gouvernet  26110<br \/>\n\u25baSaint-Sorlin-en-Valloire  26210<br \/>\n\u25baSaint-Thomas-en-Royans  26190<br \/>\n\u25baSaint-Uze  26240<br \/>\n\u25baSaint-Vallier  26240<br \/>\n\u25baSaint-Vincent-la-Commanderie  26300<br \/>\n\u25baSainte-Croix  26150<br \/>\n\u25baSainte-Eulalie-en-Royans  26190<br \/>\n\u25baSainte-Euph\u00e9mie-sur-Ouv\u00e8ze  26170<br \/>\n\u25baSainte-Jalle  26110<br \/>\n\u25baSalettes  26160<br \/>\n\u25baSalles-sous-Bois  26770<br \/>\n\u25baSaou  26400<br \/>\n\u25baSaulce-sur-Rh\u00f4ne  26270<br \/>\n\u25baSauzet  26740<br \/>\n\u25baSavasse  26740<br \/>\n\u25baS\u00e9deron  26560<br \/>\n\u25baServes-sur-Rh\u00f4ne  26600<br \/>\n\u25baSol\u00e9rieux  26130<br \/>\n\u25baSouspierre  26160<br \/>\n\u25baSoyans  26400<br \/>\n\u25baSuze  26400<br \/>\n\u25baSuze-la-Rousse  26790<br \/>\n\u25baTain-l&rsquo;Hermitage  26600<br \/>\n\u25baTaulignan  26770<br \/>\n\u25baTersanne  26390<br \/>\n\u25baTeyssi\u00e8res  26220<br \/>\n\u25baTreschenu-Creyers  26410<br \/>\n\u25baTriors  26750<br \/>\n\u25baTruinas  26460<br \/>\n\u25baTulette  26790<br \/>\n\u25baUpie  26120<br \/>\n\u25baVach\u00e8res-en-Quint  26150<br \/>\n\u25baVal-Maravel  26310<br \/>\n\u25baValaurie  26230<br \/>\n\u25baValdr\u00f4me  26310<br \/>\n\u25ba<a href=\"\/divorce\/avocat-divorce\/valence\/\" title=\"avocat divorce valence\">Valence  26000 <\/a><br \/>\n\u25baValouse  26110<br \/>\n\u25baVassieux-en-Vercors  26420<br \/>\n\u25baVaunaveys-la-Rochette  26400<br \/>\n\u25baVeaunes  26600<br \/>\n\u25baVenterol  26110<br \/>\n\u25baVercheny  26340<br \/>\n\u25baVerclause  26510<br \/>\n\u25baVercoiran  26170<br \/>\n\u25baV\u00e9ronne  26340<br \/>\n\u25baVers-sur-M\u00e9ouge  26560<br \/>\n\u25baVesc  26220<br \/>\n\u25baVillebois-les-Pins  05700<br \/>\n\u25baVillefranche-le-Ch\u00e2teau  26560<br \/>\n\u25baVilleperdrix  26510<br \/>\n\u25baVinsobres  26110<br \/>\n\u25baVolvent  26470<\/p>\n","protected":false},"excerpt":{"rendered":"<p>\u25c4 Retour \u00e0 l&rsquo;annuaire des villes Avocat Divorce sans juge Dr\u00f4me (26) *\/ VOTRE DIVORCE SANS JUGE DANS LA DR\u00d4ME (26) J&rsquo;INTERVIENS DANS TOUTE LA FRANCE Notre cabinet \u00e0 Paris : 42 Rue de L\u00fcbeck, 75116 Paris 01 47 04 25 40 Les \u00e9tapes de votre divorce 1. Le rendez-vous : Contactez nous par t\u00e9l\u00e9phone [&hellip;]<\/p>\n","protected":false},"author":1,"featured_media":0,"parent":0,"menu_order":0,"comment_status":"closed","ping_status":"closed","template":"","meta":{"_acf_changed":false,"inline_featured_image":false,"footnotes":""},"priorite":[],"class_list":["post-1814","page","type-page","status-publish","hentry"],"acf":[],"yoast_head":"<!-- This site is optimized with the Yoast SEO plugin v27.6 - https:\/\/yoast.com\/product\/yoast-seo-wordpress\/ -->\n<title>Avocat Divorce sans juge Dr\u00f4me (26) - Avocat Divorce<\/title>\n<meta name=\"description\" content=\"Divorcez \u00e0 l&#039;amiable sans juge dans la Dr\u00f4me (26), en 1 mois \u00e0 partir de 425\u20ac TTC. Devis gratuit et imm\u00e9diat pour votre divorce par consentement mutuel. Cabinet Avocat GC \u260e 01.47.04.25.40 - Divorce amiable - Divorce sans juge\" \/>\n<meta name=\"robots\" content=\"index, follow, max-snippet:-1, max-image-preview:large, max-video-preview:-1\" \/>\n<link rel=\"canonical\" href=\"https:\/\/avocat-gc.com\/divorce\/avocat-divorce-sans-juge-drome-26\/\" \/>\n<meta property=\"og:locale\" content=\"fr_FR\" \/>\n<meta property=\"og:type\" content=\"article\" \/>\n<meta property=\"og:title\" content=\"Avocat Divorce sans juge Dr\u00f4me (26) - Avocat Divorce\" \/>\n<meta property=\"og:description\" content=\"Divorcez \u00e0 l&#039;amiable sans juge dans la Dr\u00f4me (26), en 1 mois \u00e0 partir de 425\u20ac TTC. Devis gratuit et imm\u00e9diat pour votre divorce par consentement mutuel. Cabinet Avocat GC \u260e 01.47.04.25.40 - Divorce amiable - Divorce sans juge\" \/>\n<meta property=\"og:url\" content=\"https:\/\/avocat-gc.com\/divorce\/avocat-divorce-sans-juge-drome-26\/\" \/>\n<meta property=\"og:site_name\" content=\"Avocat GC - Avocat Divorce\" \/>\n<meta name=\"twitter:card\" content=\"summary_large_image\" \/>\n<script type=\"application\/ld+json\" class=\"yoast-schema-graph\">{\"@context\":\"https:\\\/\\\/schema.org\",\"@graph\":[{\"@type\":\"WebPage\",\"@id\":\"https:\\\/\\\/avocat-gc.com\\\/divorce\\\/avocat-divorce-sans-juge-drome-26\\\/\",\"url\":\"https:\\\/\\\/avocat-gc.com\\\/divorce\\\/avocat-divorce-sans-juge-drome-26\\\/\",\"name\":\"Avocat Divorce sans juge Dr\u00f4me (26) - Avocat Divorce\",\"isPartOf\":{\"@id\":\"https:\\\/\\\/avocat-gc.com\\\/divorce\\\/#website\"},\"datePublished\":\"2018-12-06T00:00:00+00:00\",\"description\":\"Divorcez \u00e0 l'amiable sans juge dans la Dr\u00f4me (26), en 1 mois \u00e0 partir de 425\u20ac TTC. Devis gratuit et imm\u00e9diat pour votre divorce par consentement mutuel. Cabinet Avocat GC \u260e 01.47.04.25.40 - Divorce amiable - Divorce sans juge\",\"breadcrumb\":{\"@id\":\"https:\\\/\\\/avocat-gc.com\\\/divorce\\\/avocat-divorce-sans-juge-drome-26\\\/#breadcrumb\"},\"inLanguage\":\"fr-FR\",\"potentialAction\":[{\"@type\":\"ReadAction\",\"target\":[\"https:\\\/\\\/avocat-gc.com\\\/divorce\\\/avocat-divorce-sans-juge-drome-26\\\/\"]}]},{\"@type\":\"BreadcrumbList\",\"@id\":\"https:\\\/\\\/avocat-gc.com\\\/divorce\\\/avocat-divorce-sans-juge-drome-26\\\/#breadcrumb\",\"itemListElement\":[{\"@type\":\"ListItem\",\"position\":1,\"name\":\"Accueil\",\"item\":\"https:\\\/\\\/avocat-gc.com\\\/divorce\\\/\"},{\"@type\":\"ListItem\",\"position\":2,\"name\":\"Avocat Divorce sans juge Dr\u00f4me (26)\"}]},{\"@type\":\"WebSite\",\"@id\":\"https:\\\/\\\/avocat-gc.com\\\/divorce\\\/#website\",\"url\":\"https:\\\/\\\/avocat-gc.com\\\/divorce\\\/\",\"name\":\"Avocat GC - Avocat Divorce\",\"description\":\"\",\"publisher\":{\"@id\":\"https:\\\/\\\/avocat-gc.com\\\/divorce\\\/#organization\"},\"potentialAction\":[{\"@type\":\"SearchAction\",\"target\":{\"@type\":\"EntryPoint\",\"urlTemplate\":\"https:\\\/\\\/avocat-gc.com\\\/divorce\\\/?s={search_term_string}\"},\"query-input\":{\"@type\":\"PropertyValueSpecification\",\"valueRequired\":true,\"valueName\":\"search_term_string\"}}],\"inLanguage\":\"fr-FR\"},{\"@type\":\"Organization\",\"@id\":\"https:\\\/\\\/avocat-gc.com\\\/divorce\\\/#organization\",\"name\":\"Avocat GC - Avocat Divorce\",\"url\":\"https:\\\/\\\/avocat-gc.com\\\/divorce\\\/\",\"logo\":{\"@type\":\"ImageObject\",\"inLanguage\":\"fr-FR\",\"@id\":\"https:\\\/\\\/avocat-gc.com\\\/divorce\\\/#\\\/schema\\\/logo\\\/image\\\/\",\"url\":\"https:\\\/\\\/avocat-gc.com\\\/divorce\\\/wp-content\\\/uploads\\\/2024\\\/04\\\/cropped-Sans-titre.png\",\"contentUrl\":\"https:\\\/\\\/avocat-gc.com\\\/divorce\\\/wp-content\\\/uploads\\\/2024\\\/04\\\/cropped-Sans-titre.png\",\"width\":200,\"height\":180,\"caption\":\"Avocat GC - Avocat Divorce\"},\"image\":{\"@id\":\"https:\\\/\\\/avocat-gc.com\\\/divorce\\\/#\\\/schema\\\/logo\\\/image\\\/\"}}]}<\/script>\n<!-- \/ Yoast SEO plugin. -->","yoast_head_json":{"title":"Avocat Divorce sans juge Dr\u00f4me (26) - Avocat Divorce","description":"Divorcez \u00e0 l'amiable sans juge dans la Dr\u00f4me (26), en 1 mois \u00e0 partir de 425\u20ac TTC. Devis gratuit et imm\u00e9diat pour votre divorce par consentement mutuel. Cabinet Avocat GC \u260e 01.47.04.25.40 - Divorce amiable - Divorce sans juge","robots":{"index":"index","follow":"follow","max-snippet":"max-snippet:-1","max-image-preview":"max-image-preview:large","max-video-preview":"max-video-preview:-1"},"canonical":"https:\/\/avocat-gc.com\/divorce\/avocat-divorce-sans-juge-drome-26\/","og_locale":"fr_FR","og_type":"article","og_title":"Avocat Divorce sans juge Dr\u00f4me (26) - Avocat Divorce","og_description":"Divorcez \u00e0 l'amiable sans juge dans la Dr\u00f4me (26), en 1 mois \u00e0 partir de 425\u20ac TTC. Devis gratuit et imm\u00e9diat pour votre divorce par consentement mutuel. Cabinet Avocat GC \u260e 01.47.04.25.40 - Divorce amiable - Divorce sans juge","og_url":"https:\/\/avocat-gc.com\/divorce\/avocat-divorce-sans-juge-drome-26\/","og_site_name":"Avocat GC - Avocat Divorce","twitter_card":"summary_large_image","schema":{"@context":"https:\/\/schema.org","@graph":[{"@type":"WebPage","@id":"https:\/\/avocat-gc.com\/divorce\/avocat-divorce-sans-juge-drome-26\/","url":"https:\/\/avocat-gc.com\/divorce\/avocat-divorce-sans-juge-drome-26\/","name":"Avocat Divorce sans juge Dr\u00f4me (26) - Avocat Divorce","isPartOf":{"@id":"https:\/\/avocat-gc.com\/divorce\/#website"},"datePublished":"2018-12-06T00:00:00+00:00","description":"Divorcez \u00e0 l'amiable sans juge dans la Dr\u00f4me (26), en 1 mois \u00e0 partir de 425\u20ac TTC. Devis gratuit et imm\u00e9diat pour votre divorce par consentement mutuel. Cabinet Avocat GC \u260e 01.47.04.25.40 - Divorce amiable - Divorce sans juge","breadcrumb":{"@id":"https:\/\/avocat-gc.com\/divorce\/avocat-divorce-sans-juge-drome-26\/#breadcrumb"},"inLanguage":"fr-FR","potentialAction":[{"@type":"ReadAction","target":["https:\/\/avocat-gc.com\/divorce\/avocat-divorce-sans-juge-drome-26\/"]}]},{"@type":"BreadcrumbList","@id":"https:\/\/avocat-gc.com\/divorce\/avocat-divorce-sans-juge-drome-26\/#breadcrumb","itemListElement":[{"@type":"ListItem","position":1,"name":"Accueil","item":"https:\/\/avocat-gc.com\/divorce\/"},{"@type":"ListItem","position":2,"name":"Avocat Divorce sans juge Dr\u00f4me (26)"}]},{"@type":"WebSite","@id":"https:\/\/avocat-gc.com\/divorce\/#website","url":"https:\/\/avocat-gc.com\/divorce\/","name":"Avocat GC - Avocat Divorce","description":"","publisher":{"@id":"https:\/\/avocat-gc.com\/divorce\/#organization"},"potentialAction":[{"@type":"SearchAction","target":{"@type":"EntryPoint","urlTemplate":"https:\/\/avocat-gc.com\/divorce\/?s={search_term_string}"},"query-input":{"@type":"PropertyValueSpecification","valueRequired":true,"valueName":"search_term_string"}}],"inLanguage":"fr-FR"},{"@type":"Organization","@id":"https:\/\/avocat-gc.com\/divorce\/#organization","name":"Avocat GC - Avocat Divorce","url":"https:\/\/avocat-gc.com\/divorce\/","logo":{"@type":"ImageObject","inLanguage":"fr-FR","@id":"https:\/\/avocat-gc.com\/divorce\/#\/schema\/logo\/image\/","url":"https:\/\/avocat-gc.com\/divorce\/wp-content\/uploads\/2024\/04\/cropped-Sans-titre.png","contentUrl":"https:\/\/avocat-gc.com\/divorce\/wp-content\/uploads\/2024\/04\/cropped-Sans-titre.png","width":200,"height":180,"caption":"Avocat GC - Avocat Divorce"},"image":{"@id":"https:\/\/avocat-gc.com\/divorce\/#\/schema\/logo\/image\/"}}]}},"_links":{"self":[{"href":"https:\/\/avocat-gc.com\/divorce\/wp-json\/wp\/v2\/pages\/1814","targetHints":{"allow":["GET"]}}],"collection":[{"href":"https:\/\/avocat-gc.com\/divorce\/wp-json\/wp\/v2\/pages"}],"about":[{"href":"https:\/\/avocat-gc.com\/divorce\/wp-json\/wp\/v2\/types\/page"}],"author":[{"embeddable":true,"href":"https:\/\/avocat-gc.com\/divorce\/wp-json\/wp\/v2\/users\/1"}],"replies":[{"embeddable":true,"href":"https:\/\/avocat-gc.com\/divorce\/wp-json\/wp\/v2\/comments?post=1814"}],"version-history":[{"count":0,"href":"https:\/\/avocat-gc.com\/divorce\/wp-json\/wp\/v2\/pages\/1814\/revisions"}],"wp:attachment":[{"href":"https:\/\/avocat-gc.com\/divorce\/wp-json\/wp\/v2\/media?parent=1814"}],"wp:term":[{"taxonomy":"priorite","embeddable":true,"href":"https:\/\/avocat-gc.com\/divorce\/wp-json\/wp\/v2\/priorite?post=1814"}],"curies":[{"name":"wp","href":"https:\/\/api.w.org\/{rel}","templated":true}]}}