{"id":1771,"date":"2019-06-03T00:00:00","date_gmt":"2019-06-03T00:00:00","guid":{"rendered":"https:\/\/avocat-gc.com\/divorce\/avocat-divorce-sans-juge-bouches-du-rhone-13\/"},"modified":"2019-06-03T00:00:00","modified_gmt":"2019-06-03T00:00:00","slug":"avocat-divorce-sans-juge-bouches-du-rhone-13","status":"publish","type":"page","link":"https:\/\/avocat-gc.com\/divorce\/avocat-divorce-sans-juge-bouches-du-rhone-13\/","title":{"rendered":"Avocat Divorce sans juge Bouches-du-Rh\u00f4ne (13)"},"content":{"rendered":"<p><a href=\"\/divorce\/avocat-divorce\/\" rel=\"nofollow noopener\" target=\"_parent\">\u25c4 Retour \u00e0 l&rsquo;annuaire des villes<\/a><\/p>\n<p>Avocat Divorce sans juge Bouches-du-Rh\u00f4ne (13)<br \/>\n*\/<\/p>\n<h2>VOTRE DIVORCE SANS JUGE DANS LES BOUCHES-DU-RHONE (13)<\/h2>\n<p> J&rsquo;INTERVIENS DANS TOUTE LA FRANCE <a href=\"\/divorce\/avocat-divorce\/paris\/\" rel=\"nofollow noopener\" title=\"\" target=\"_parent\">Notre cabinet \u00e0 Paris<\/a> : 42 Rue de L\u00fcbeck, 75116 Paris 01 47 04 25 40 <\/p>\n<h3>Les \u00e9tapes de votre divorce<\/h3>\n<p class=\"img-right\"><img decoding=\"async\" alt=\"avocat divorce sans juge Bouches-du-Rh\u00f4ne (13)\" title=\"avocat divorce sans juge Bouches-du-Rh\u00f4ne (13)\" width=\"170\" border=\"2\" src=\"\/divorce\/wp-content\/uploads\/2024\/04\/divorce-consentement-mutuel.png\" \/><\/p>\n<p align=\"justify\">1.  Le rendez-vous : Contactez nous par t\u00e9l\u00e9phone au 01 47 04 25 40 ou par email \u00e0 <a href=\"mailto:info@avocat-gc.com\">info@avocat-gc.com<\/a> afin de fixer un rendez-vous avec notre avocat divorce. Nous sommes comp\u00e9tents pour vous divorcer dans la r\u00e9gion Pays-de-la-Loire, dans le d\u00e9partement des Bouches-du-Rh\u00f4ne (13). Lors de cet entretien, nous aborderons les points suivants :<\/p>\n<p>Les diff\u00e9rentes \u00e9tapes de votre proc\u00e9dure de divorce<br \/>\n La r\u00e9daction de la convention de divorce<br \/>\nLes diff\u00e9rentes questions li\u00e9es \u00e0 votre divorce.<\/p>\n<p align=\"justify\">2. La signature:\u00a0\u00a0Une fois la convention de divorce r\u00e9dig\u00e9e, nous vous transmettons le projet de convention de divorce pour \u00eatre soumis \u00e0 votre signature dans un d\u00e9lai de 15 jours. Le notaire se chargera, une fois les documents sign\u00e9s, d&rsquo;enregistrer votre divorce Dans certains cas, un divorce devant le Juge est n\u00e9cessaire. L&rsquo;affaire sera alors constitu\u00e9e d&rsquo;une audience devant le Juge aux Affaires Familiales du Tribunal de Grande Instance de Marseille\u00a0situ\u00e9 6 rue Joseph Autran 13281 MARSEILLE CEDEX 06, joignable par t\u00e9l\u00e9phone au 04 91 15 50 50\u00a0 &#8211; du Tribunal de Grande Instance d&rsquo;Aix-en-Provence situ\u00e9 40 boulevard Carnot 13616 AIX EN PROVENCE CEDEX 1, joignable par t\u00e9l\u00e9phone au 04 42 33 83 00\u00a0 &#8211; du Tribunal de Grande Instance de Tarascon situ\u00e9 28 all\u00e9e du Gl Jennings Kilmaine 13150 TARASCON, joignable par t\u00e9l\u00e9phone au 04 88 65 82 00\u00a0<\/p>\n<p align=\"justify\">3 L&rsquo;enregistrement:  Vous n&rsquo;avez plus rien \u00e0 faire ! Nous vous ferons parvenir par voie postale, l&rsquo;attestation d&rsquo;enregistrement de divorce, puis nous nous chargerons de l&rsquo;inscription de votre divorce sur vos actes d&rsquo;\u00e9tat civil. Vous souhaitez divorcer sans juge dans les Bouches-du-Rh\u00f4ne (13) ? Consultez notre page sp\u00e9ciale divorce sans juge:<\/p>\n<\/p>\n<p><a href=\"\/divorce\/divorce-sans-juge\/\" rel=\"nofollow noopener\" target=\"_parent\">\u25baAVOCAT DIVORCE SANS JUGE<\/a><\/p>\n<h3>Nos honoraires<\/h3>\n<p align=\"justify\">Pour connaitre le tarif d&rsquo;un divorce sans juge dans les Bouches-du-Rh\u00f4ne (13) ou pour vous renseigner sur nos honoraires, merci de bien vouloir compl\u00e9ter notre devis en ligne<\/p>\n<\/p>\n<p><a href=\"\/divorce\/avocat-divorce-10-ans-dexperience\/\" rel=\"nofollow noopener\" target=\"_parent\">\u25ba DEVIS: AVOCAT DIVORCE BOUCHES-DU-RHONE (13)<\/a><\/p>\n<h3>Liste des communes d\u00e9pendant des TGIs d&rsquo;Aix-en-Provence, Tarascon et Marseille<\/h3>\n<p>\u25ba<br \/>\nAix-en-Provence  13100<br \/>\n\u25baAllauch  13190<br \/>\n\u25baAlleins  13980<br \/>\n\u25baArles  13200<br \/>\n<a href=\"\/divorce\/avocat-divorce\/aubagne\/\" title=\"Avocat divorce Aubagne\" target=\"\" rel=\"noopener\">\u25baAubagne  13400<\/a><br \/>\n\u25baAureille  13930<br \/>\n\u25baAuriol  13390<br \/>\n\u25baAurons  13121<br \/>\n\u25baBarbentane  13570<br \/>\n\u25baBeaurecueil  13100<br \/>\n\u25baBelcod\u00e8ne  13720<br \/>\n\u25baBerre-l&rsquo;\u00c9tang  13130<br \/>\n\u25baBouc-Bel-Air  13320<br \/>\n\u25baBoulbon  13150<br \/>\n\u25baCabannes  13440<br \/>\n\u25baCabri\u00e8s  13480<br \/>\n\u25baCadolive  13950<br \/>\n\u25baCarnoux-en-Provence  13470<br \/>\n\u25baCarry-le-Rouet  13620<br \/>\n\u25baCassis  13260<br \/>\n\u25baCeyreste  13600<br \/>\n\u25baCharleval  13350<br \/>\n\u25baCh\u00e2teauneuf-le-Rouge  13790<br \/>\n\u25baCh\u00e2teauneuf-les-Martigues  13220<br \/>\n\u25baCh\u00e2teaurenard  13160<br \/>\n\u25baCornillon-Confoux  13250<br \/>\n\u25baCoudoux  13111<br \/>\n\u25baCuges-les-Pins  13780<br \/>\n\u25baEguilles  13510<br \/>\n\u25baEnsu\u00e8s-la-Redonne  13820<br \/>\n\u25baEygali\u00e8res  13810<br \/>\n\u25baEygui\u00e8res  13430<br \/>\n\u25baEyragues  13630<br \/>\n\u25baFontvieille  13990<br \/>\n\u25baFos-sur-Mer  13270<br \/>\n\u25baFuveau  13710<br \/>\n\u25baGardanne  13120<br \/>\n\u25baG\u00e9menos  13420<br \/>\n\u25baGignac-la-Nerthe  13180<br \/>\n\u25baGrans  13450<br \/>\n\u25baGraveson  13690<br \/>\n\u25baGr\u00e9asque  13850<br \/>\n<a href=\"\/divorce\/avocat-divorce\/istres\/\" title=\"Avocat divorce istres\" target=\"\" rel=\"noopener\">\u25baIstres  13800<\/a><br \/>\n\u25baJouques  13490<br \/>\n\u25baLa Barben  13330<br \/>\n\u25baLa Bouilladisse  13720<br \/>\n<a href=\"\/divorce\/avocat-divorce\/la-ciotat\/\" title=\"Avocat divorce La Ciotat\" target=\"\" rel=\"noopener\">\u25baLa Ciotat  13600<\/a><br \/>\n\u25baLa Destrousse  13112<br \/>\n\u25baLa Fare-les-Oliviers  13580<br \/>\n\u25baLa Penne-sur-Huveaune  13821<br \/>\n\u25baLa Roque-d&rsquo;Anth\u00e9ron  13640<br \/>\n\u25baLamanon  13113<br \/>\n\u25baLambesc  13410<br \/>\n\u25baLan\u00e7on-Provence  13680<br \/>\n\u25baLe Puy-Sainte-R\u00e9parade  13610<br \/>\n\u25baLe Rove  13740<br \/>\n\u25baLe Tholonet  13100<br \/>\n\u25baLes Baux-de-Provence  13520<br \/>\n\u25baLes-Pennes-Mirabeau  13170<br \/>\n\u25baMaillane  13910<br \/>\n\u25baMallemort  13370<br \/>\n<a href=\"\/divorce\/avocat-divorce\/marignane\/\" title=\"avocat divorce marignane\" target=\"\" rel=\"noopener\">\u25baMarignane  13700<\/a><br \/>\n<a href=\"\/divorce\/avocat-divorce\/marseille\/\" title=\"avocat divorce marseille\" target=\"\" rel=\"noopener\">\u25baMarseille<\/a><br \/>\n\u25baMarseille 11\u00e8me arrondissement  13011<br \/>\n\u25baMarseille 12\u00e8me arrondissement  13012<br \/>\n\u25baMarseille 13\u00e8me arrondissement  13013<br \/>\n\u25baMarseille 14\u00e8me arrondissement  13014<br \/>\n\u25baMarseille 15\u00e8me arrondissement  13015<br \/>\n\u25baMarseille 16\u00e8me arrondissement  13016<br \/>\n\u25baMarseille 1er arrondissement  13001<br \/>\n\u25baMarseille 2\u00e8me arrondissement  13002<br \/>\n\u25baMarseille 3\u00e8me arrondissement  13003<br \/>\n\u25baMarseille 4\u00e8me arrondissement  13004<br \/>\n\u25baMarseille 5\u00e8me arrondissement  13005<br \/>\n\u25baMarseille 6\u00e8me arrondissement  13006<br \/>\n\u25baMarseille 7\u00e8me arrondissement  13007<br \/>\n\u25baMarseille 8\u00e8me arrondissement  13008<br \/>\n\u25baMarseille 9\u00e8me arrondissement  13009<br \/>\n<a href=\"\/divorce\/avocat-divorce\/martigues\/\" title=\"avocat divorce martigues\" target=\"\" rel=\"noopener\">\u25baMartigues  13500<\/a><br \/>\n\u25baMas-Blanc-des-Alpilles  13103<br \/>\n\u25baMaussane-les-Alpilles  13520<br \/>\n\u25baMeyrargues  13650<br \/>\n\u25baMeyreuil  13590<br \/>\n\u25baMimet  13105<br \/>\n<a href=\"\/divorce\/avocat-divorce\/miramas\/\" title=\"avocat divorce miramas\" target=\"\" rel=\"noopener\">\u25baMiramas  13140<\/a><br \/>\n\u25baMoll\u00e9g\u00e8s  13940<br \/>\n\u25baMouri\u00e8s  13890<br \/>\n\u25baNoves  13550<br \/>\n\u25baOrgon  13660<br \/>\n\u25baParadou  13520<br \/>\n\u25baP\u00e9lissanne  13330<br \/>\n\u25baPeynier  13790<br \/>\n\u25baPeypin  13124<br \/>\n\u25baPeyrolles-en-Provence  13860<br \/>\n\u25baPlan-d&rsquo;Orgon  13750<br \/>\n\u25baPlan-de-Cuques  13380<br \/>\n\u25baPort-de-Bouc  13110<br \/>\n\u25baPort-Saint-Louis-du-Rh\u00f4ne  13230<br \/>\n\u25baPuyloubier  13114<br \/>\n\u25baRognac  13340<br \/>\n\u25baRognes  13840<br \/>\n\u25baRognonas  13870<br \/>\n\u25baRoquefort-la-B\u00e9doule  13830<br \/>\n\u25baRoquevaire  13360<br \/>\n\u25baRousset  13790<br \/>\n\u25baSaint-Andiol  13670<br \/>\n\u25baSaint-Antonin-sur-Bayon  13100<br \/>\n\u25baSaint-Cannat  13760<br \/>\n\u25baSaint-Chamas  13250<br \/>\n\u25baSaint-Est\u00e8ve-Janson  13610<br \/>\n\u25baSaint-Etienne-du-Gr\u00e8s  13103<br \/>\n\u25baSaint-Marc-Jaumegarde  13100<br \/>\n\u25baSaint-Martin-de-Crau  13310<br \/>\n\u25baSaint-Mitre-les-Remparts  13920<br \/>\n\u25baSaint-Paul-l\u00e8s-Durance  13115<br \/>\n\u25baSaint-Pierre-de-M\u00e9zoargues  13150<br \/>\n\u25baSaint-R\u00e9my-de-Provence  13210<br \/>\n\u25baSaint-Savournin  13119<br \/>\n\u25baSaint-Victoret  13730<br \/>\n\u25baSaintes-Maries-de-la-Mer  13460<br \/>\n<a href=\"\/divorce\/avocat-divorce\/salon-de-provence\/\" title=\"avocat divorce salon-de-provence\" target=\"\" rel=\"noopener\">\u25baSalon-de-Provence  13300<\/a><br \/>\n\u25baSausset-les-Pins  13960<br \/>\n\u25baS\u00e9nas  13560<br \/>\n\u25baSept\u00e8mes-les-Vallons  13240<br \/>\n\u25baSimiane-Collongue  13109<br \/>\n\u25baTarascon  13150<br \/>\n\u25baTrets  13530<br \/>\n\u25baVauvenargues  13126<br \/>\n\u25baVelaux  13880<br \/>\n\u25baVenelles  13770<br \/>\n\u25baVentabren  13122<br \/>\n\u25baVern\u00e8gues  13116<br \/>\n\u25baVerqui\u00e8res  13670<br \/>\n<a href=\"\/divorce\/avocat-divorce\/vitrolles\/\" title=\"avocat divorce vitrolles\" target=\"\" rel=\"noopener\">\u25baVitrolles  13127<\/a><\/p>\n","protected":false},"excerpt":{"rendered":"<p>\u25c4 Retour \u00e0 l&rsquo;annuaire des villes Avocat Divorce sans juge Bouches-du-Rh\u00f4ne (13) *\/ VOTRE DIVORCE SANS JUGE DANS LES BOUCHES-DU-RHONE (13) J&rsquo;INTERVIENS DANS TOUTE LA FRANCE Notre cabinet \u00e0 Paris : 42 Rue de L\u00fcbeck, 75116 Paris 01 47 04 25 40 Les \u00e9tapes de votre divorce 1. Le rendez-vous : Contactez nous par t\u00e9l\u00e9phone [&hellip;]<\/p>\n","protected":false},"author":1,"featured_media":0,"parent":0,"menu_order":0,"comment_status":"closed","ping_status":"closed","template":"","meta":{"_acf_changed":false,"inline_featured_image":false,"footnotes":""},"priorite":[],"class_list":["post-1771","page","type-page","status-publish","hentry"],"acf":[],"yoast_head":"<!-- This site is optimized with the Yoast SEO plugin v27.5 - https:\/\/yoast.com\/product\/yoast-seo-wordpress\/ -->\n<title>Avocat Divorce sans juge Bouches-du-Rh\u00f4ne (13) - Avocat Divorce<\/title>\n<meta name=\"description\" content=\"Vous souhaitez divorcer sans juge dans les Bouches-du-Rh\u00f4ne (13) en 1 mois \u00e0 partir de 300\u20ac TTC. Contactez un Avocat divorce au \u260e 01.47.04.25.40 . Recevez un devis gratuit et imm\u00e9diat pour votre divorce. Cabinet Avocat GC. Divorce amiable - Divorce sans juge\" \/>\n<meta name=\"robots\" content=\"index, follow, max-snippet:-1, max-image-preview:large, max-video-preview:-1\" \/>\n<link rel=\"canonical\" href=\"https:\/\/avocat-gc.com\/divorce\/avocat-divorce-sans-juge-bouches-du-rhone-13\/\" \/>\n<meta property=\"og:locale\" content=\"fr_FR\" \/>\n<meta property=\"og:type\" content=\"article\" \/>\n<meta property=\"og:title\" content=\"Avocat Divorce sans juge Bouches-du-Rh\u00f4ne (13) - Avocat Divorce\" \/>\n<meta property=\"og:description\" content=\"Vous souhaitez divorcer sans juge dans les Bouches-du-Rh\u00f4ne (13) en 1 mois \u00e0 partir de 300\u20ac TTC. Contactez un Avocat divorce au \u260e 01.47.04.25.40 . Recevez un devis gratuit et imm\u00e9diat pour votre divorce. Cabinet Avocat GC. Divorce amiable - Divorce sans juge\" \/>\n<meta property=\"og:url\" content=\"https:\/\/avocat-gc.com\/divorce\/avocat-divorce-sans-juge-bouches-du-rhone-13\/\" \/>\n<meta property=\"og:site_name\" content=\"Avocat GC - Avocat Divorce\" \/>\n<meta name=\"twitter:card\" content=\"summary_large_image\" \/>\n<script type=\"application\/ld+json\" class=\"yoast-schema-graph\">{\"@context\":\"https:\\\/\\\/schema.org\",\"@graph\":[{\"@type\":\"WebPage\",\"@id\":\"https:\\\/\\\/avocat-gc.com\\\/divorce\\\/avocat-divorce-sans-juge-bouches-du-rhone-13\\\/\",\"url\":\"https:\\\/\\\/avocat-gc.com\\\/divorce\\\/avocat-divorce-sans-juge-bouches-du-rhone-13\\\/\",\"name\":\"Avocat Divorce sans juge Bouches-du-Rh\u00f4ne (13) - Avocat Divorce\",\"isPartOf\":{\"@id\":\"https:\\\/\\\/avocat-gc.com\\\/divorce\\\/#website\"},\"datePublished\":\"2019-06-03T00:00:00+00:00\",\"description\":\"Vous souhaitez divorcer sans juge dans les Bouches-du-Rh\u00f4ne (13) en 1 mois \u00e0 partir de 300\u20ac TTC. Contactez un Avocat divorce au \u260e 01.47.04.25.40 . Recevez un devis gratuit et imm\u00e9diat pour votre divorce. Cabinet Avocat GC. Divorce amiable - Divorce sans juge\",\"breadcrumb\":{\"@id\":\"https:\\\/\\\/avocat-gc.com\\\/divorce\\\/avocat-divorce-sans-juge-bouches-du-rhone-13\\\/#breadcrumb\"},\"inLanguage\":\"fr-FR\",\"potentialAction\":[{\"@type\":\"ReadAction\",\"target\":[\"https:\\\/\\\/avocat-gc.com\\\/divorce\\\/avocat-divorce-sans-juge-bouches-du-rhone-13\\\/\"]}]},{\"@type\":\"BreadcrumbList\",\"@id\":\"https:\\\/\\\/avocat-gc.com\\\/divorce\\\/avocat-divorce-sans-juge-bouches-du-rhone-13\\\/#breadcrumb\",\"itemListElement\":[{\"@type\":\"ListItem\",\"position\":1,\"name\":\"Accueil\",\"item\":\"https:\\\/\\\/avocat-gc.com\\\/divorce\\\/\"},{\"@type\":\"ListItem\",\"position\":2,\"name\":\"Avocat Divorce sans juge Bouches-du-Rh\u00f4ne (13)\"}]},{\"@type\":\"WebSite\",\"@id\":\"https:\\\/\\\/avocat-gc.com\\\/divorce\\\/#website\",\"url\":\"https:\\\/\\\/avocat-gc.com\\\/divorce\\\/\",\"name\":\"Avocat GC - Avocat Divorce\",\"description\":\"\",\"publisher\":{\"@id\":\"https:\\\/\\\/avocat-gc.com\\\/divorce\\\/#organization\"},\"potentialAction\":[{\"@type\":\"SearchAction\",\"target\":{\"@type\":\"EntryPoint\",\"urlTemplate\":\"https:\\\/\\\/avocat-gc.com\\\/divorce\\\/?s={search_term_string}\"},\"query-input\":{\"@type\":\"PropertyValueSpecification\",\"valueRequired\":true,\"valueName\":\"search_term_string\"}}],\"inLanguage\":\"fr-FR\"},{\"@type\":\"Organization\",\"@id\":\"https:\\\/\\\/avocat-gc.com\\\/divorce\\\/#organization\",\"name\":\"Avocat GC - Avocat Divorce\",\"url\":\"https:\\\/\\\/avocat-gc.com\\\/divorce\\\/\",\"logo\":{\"@type\":\"ImageObject\",\"inLanguage\":\"fr-FR\",\"@id\":\"https:\\\/\\\/avocat-gc.com\\\/divorce\\\/#\\\/schema\\\/logo\\\/image\\\/\",\"url\":\"https:\\\/\\\/avocat-gc.com\\\/divorce\\\/wp-content\\\/uploads\\\/2024\\\/04\\\/cropped-Sans-titre.png\",\"contentUrl\":\"https:\\\/\\\/avocat-gc.com\\\/divorce\\\/wp-content\\\/uploads\\\/2024\\\/04\\\/cropped-Sans-titre.png\",\"width\":200,\"height\":180,\"caption\":\"Avocat GC - Avocat Divorce\"},\"image\":{\"@id\":\"https:\\\/\\\/avocat-gc.com\\\/divorce\\\/#\\\/schema\\\/logo\\\/image\\\/\"}}]}<\/script>\n<!-- \/ Yoast SEO plugin. -->","yoast_head_json":{"title":"Avocat Divorce sans juge Bouches-du-Rh\u00f4ne (13) - Avocat Divorce","description":"Vous souhaitez divorcer sans juge dans les Bouches-du-Rh\u00f4ne (13) en 1 mois \u00e0 partir de 300\u20ac TTC. Contactez un Avocat divorce au \u260e 01.47.04.25.40 . Recevez un devis gratuit et imm\u00e9diat pour votre divorce. Cabinet Avocat GC. Divorce amiable - Divorce sans juge","robots":{"index":"index","follow":"follow","max-snippet":"max-snippet:-1","max-image-preview":"max-image-preview:large","max-video-preview":"max-video-preview:-1"},"canonical":"https:\/\/avocat-gc.com\/divorce\/avocat-divorce-sans-juge-bouches-du-rhone-13\/","og_locale":"fr_FR","og_type":"article","og_title":"Avocat Divorce sans juge Bouches-du-Rh\u00f4ne (13) - Avocat Divorce","og_description":"Vous souhaitez divorcer sans juge dans les Bouches-du-Rh\u00f4ne (13) en 1 mois \u00e0 partir de 300\u20ac TTC. Contactez un Avocat divorce au \u260e 01.47.04.25.40 . Recevez un devis gratuit et imm\u00e9diat pour votre divorce. Cabinet Avocat GC. Divorce amiable - Divorce sans juge","og_url":"https:\/\/avocat-gc.com\/divorce\/avocat-divorce-sans-juge-bouches-du-rhone-13\/","og_site_name":"Avocat GC - Avocat Divorce","twitter_card":"summary_large_image","schema":{"@context":"https:\/\/schema.org","@graph":[{"@type":"WebPage","@id":"https:\/\/avocat-gc.com\/divorce\/avocat-divorce-sans-juge-bouches-du-rhone-13\/","url":"https:\/\/avocat-gc.com\/divorce\/avocat-divorce-sans-juge-bouches-du-rhone-13\/","name":"Avocat Divorce sans juge Bouches-du-Rh\u00f4ne (13) - Avocat Divorce","isPartOf":{"@id":"https:\/\/avocat-gc.com\/divorce\/#website"},"datePublished":"2019-06-03T00:00:00+00:00","description":"Vous souhaitez divorcer sans juge dans les Bouches-du-Rh\u00f4ne (13) en 1 mois \u00e0 partir de 300\u20ac TTC. Contactez un Avocat divorce au \u260e 01.47.04.25.40 . Recevez un devis gratuit et imm\u00e9diat pour votre divorce. Cabinet Avocat GC. Divorce amiable - Divorce sans juge","breadcrumb":{"@id":"https:\/\/avocat-gc.com\/divorce\/avocat-divorce-sans-juge-bouches-du-rhone-13\/#breadcrumb"},"inLanguage":"fr-FR","potentialAction":[{"@type":"ReadAction","target":["https:\/\/avocat-gc.com\/divorce\/avocat-divorce-sans-juge-bouches-du-rhone-13\/"]}]},{"@type":"BreadcrumbList","@id":"https:\/\/avocat-gc.com\/divorce\/avocat-divorce-sans-juge-bouches-du-rhone-13\/#breadcrumb","itemListElement":[{"@type":"ListItem","position":1,"name":"Accueil","item":"https:\/\/avocat-gc.com\/divorce\/"},{"@type":"ListItem","position":2,"name":"Avocat Divorce sans juge Bouches-du-Rh\u00f4ne (13)"}]},{"@type":"WebSite","@id":"https:\/\/avocat-gc.com\/divorce\/#website","url":"https:\/\/avocat-gc.com\/divorce\/","name":"Avocat GC - Avocat Divorce","description":"","publisher":{"@id":"https:\/\/avocat-gc.com\/divorce\/#organization"},"potentialAction":[{"@type":"SearchAction","target":{"@type":"EntryPoint","urlTemplate":"https:\/\/avocat-gc.com\/divorce\/?s={search_term_string}"},"query-input":{"@type":"PropertyValueSpecification","valueRequired":true,"valueName":"search_term_string"}}],"inLanguage":"fr-FR"},{"@type":"Organization","@id":"https:\/\/avocat-gc.com\/divorce\/#organization","name":"Avocat GC - Avocat Divorce","url":"https:\/\/avocat-gc.com\/divorce\/","logo":{"@type":"ImageObject","inLanguage":"fr-FR","@id":"https:\/\/avocat-gc.com\/divorce\/#\/schema\/logo\/image\/","url":"https:\/\/avocat-gc.com\/divorce\/wp-content\/uploads\/2024\/04\/cropped-Sans-titre.png","contentUrl":"https:\/\/avocat-gc.com\/divorce\/wp-content\/uploads\/2024\/04\/cropped-Sans-titre.png","width":200,"height":180,"caption":"Avocat GC - Avocat Divorce"},"image":{"@id":"https:\/\/avocat-gc.com\/divorce\/#\/schema\/logo\/image\/"}}]}},"_links":{"self":[{"href":"https:\/\/avocat-gc.com\/divorce\/wp-json\/wp\/v2\/pages\/1771","targetHints":{"allow":["GET"]}}],"collection":[{"href":"https:\/\/avocat-gc.com\/divorce\/wp-json\/wp\/v2\/pages"}],"about":[{"href":"https:\/\/avocat-gc.com\/divorce\/wp-json\/wp\/v2\/types\/page"}],"author":[{"embeddable":true,"href":"https:\/\/avocat-gc.com\/divorce\/wp-json\/wp\/v2\/users\/1"}],"replies":[{"embeddable":true,"href":"https:\/\/avocat-gc.com\/divorce\/wp-json\/wp\/v2\/comments?post=1771"}],"version-history":[{"count":0,"href":"https:\/\/avocat-gc.com\/divorce\/wp-json\/wp\/v2\/pages\/1771\/revisions"}],"wp:attachment":[{"href":"https:\/\/avocat-gc.com\/divorce\/wp-json\/wp\/v2\/media?parent=1771"}],"wp:term":[{"taxonomy":"priorite","embeddable":true,"href":"https:\/\/avocat-gc.com\/divorce\/wp-json\/wp\/v2\/priorite?post=1771"}],"curies":[{"name":"wp","href":"https:\/\/api.w.org\/{rel}","templated":true}]}}