{"id":1749,"date":"2017-11-05T00:00:00","date_gmt":"2017-11-05T00:00:00","guid":{"rendered":"https:\/\/avocat-gc.com\/divorce\/avocat-divorce-sans-juge-alpes-de-haute-provence-04\/"},"modified":"2017-11-05T00:00:00","modified_gmt":"2017-11-05T00:00:00","slug":"avocat-divorce-sans-juge-alpes-de-haute-provence-04","status":"publish","type":"page","link":"https:\/\/avocat-gc.com\/divorce\/avocat-divorce-sans-juge-alpes-de-haute-provence-04\/","title":{"rendered":"Avocat Divorce sans juge Alpes-de-Haute-Provence (04)"},"content":{"rendered":"<p><a href=\"\/divorce\/avocat-divorce\/\" rel=\"nofollow noopener\" target=\"_parent\">\u25c4 Retour \u00e0 l&rsquo;annuaire des villes<\/a><\/p>\n<p>Avocat Divorce sans juge Alpes-de-Haute-Provence (04)<br \/>\n*\/<\/p>\n<h2>VOTRE DIVORCE SANS JUGE DANS LES ALPES-DE-HAUTE-PROVENCE (04)<\/h2>\n<p> J&rsquo;INTERVIENS DANS TOUTE LA FRANCE <a href=\"\/divorce\/avocat-divorce\/paris\/\" rel=\"nofollow noopener\" title=\"\" target=\"_parent\">Notre cabinet \u00e0 Paris<\/a> : 42 Rue de L\u00fcbeck, 75116 Paris 01 47 04 25 40 <\/p>\n<h3>Les \u00e9tapes de votre divorce<\/h3>\n<p class=\"img-right\"><img decoding=\"async\" alt=\"avocat divorce sans juge Alpes-de-Haute-Provence (04)\" title=\"avocat divorce sans juge Alpes-de-Haute-Provence (04)\" width=\"170\" border=\"2\" src=\"\/divorce\/wp-content\/uploads\/2024\/04\/divorce-consentement-mutuel.png\" \/><\/p>\n<p align=\"justify\">1.  Le rendez-vous : Contactez nous par t\u00e9l\u00e9phone au 01 47 04 25 40 ou par email \u00e0 <a href=\"mailto:info@avocat-gc.com\">info@avocat-gc.com<\/a> afin de fixer un rendez-vous avec notre avocat divorce. Nous sommes comp\u00e9tents pour vous divorcer dans la r\u00e9gion Hauts-de-France, dans le d\u00e9partement dans les Alpes-de-Haute-Provence (04). Lors de cet entretien, nous aborderons les points suivants :<\/p>\n<p>Les diff\u00e9rentes \u00e9tapes de votre proc\u00e9dure de divorce<br \/>\n La r\u00e9daction de la convention de divorce<br \/>\nLes diff\u00e9rentes questions li\u00e9es \u00e0 votre divorce.<\/p>\n<p align=\"justify\">2. La signature:\u00a0\u00a0Une fois la convention de divorce r\u00e9dig\u00e9e, nous vous transmettons le projet de convention de divorce pour \u00eatre soumis \u00e0 votre signature dans un d\u00e9lai de 15 jours. Le notaire se chargera, une fois les documents sign\u00e9s, d&rsquo;enregistrer votre divorce Dans certains cas, un divorce devant le Juge est n\u00e9cessaire. L&rsquo;affaire sera alors constitu\u00e9e d&rsquo;une audience devant le Juge aux Affaires Familiales du Tribunal de Grande Instance de Digne-les-Bains situ\u00e9 6 place des R\u00e9collets BP 112 04000 DIGNE LES BAINS, joignable par t\u00e9l\u00e9phone au 04 92 31 05 21 <\/p>\n<p align=\"justify\">3 L&rsquo;enregistrement:  Vous n&rsquo;avez plus rien \u00e0 faire ! Nous vous ferons parvenir par voie postale, l&rsquo;attestation d&rsquo;enregistrement de divorce, puis nous nous chargerons de l&rsquo;inscription de votre divorce sur vos actes d&rsquo;\u00e9tat civil. Vous souhaitez divorcer sans juge dans les Alpes-de-Haute-Provence (04)? Consultez notre page sp\u00e9ciale divorce sans juge:<\/p>\n<\/p>\n<p><a href=\"\/divorce\/divorce-sans-juge\/\" rel=\"nofollow noopener\" target=\"_parent\">\u25baAVOCAT DIVORCE SANS JUGE<\/a><\/p>\n<h3>Nos honoraires<\/h3>\n<p align=\"justify\">Pour connaitre le tarif d&rsquo;un divorce sans juge dans les Alpes-de-Haute-Provence (04) ou pour vous renseigner sur nos honoraires, merci de bien vouloir compl\u00e9ter notre devis en ligne<\/p>\n<\/p>\n<p><a href=\"\/divorce\/avocat-divorce-10-ans-dexperience\/\" rel=\"nofollow noopener\" target=\"_parent\">\u25ba DEVIS: AVOCAT DIVORCE ALPES-DE-HAUTE-PROVENCE<\/a><\/p>\n<h3>Liste des communes d\u00e9pendant du TGI de Digne-les-Bains<\/h3>\n<\/p>\n<p>\u25baAiglun   04510<br \/>\n\u25baAllemagne-en-Provence   04550<br \/>\n\u25baAllons   04170<br \/>\n\u25baAllos   04260<br \/>\n\u25baAngles   04170<br \/>\n\u25baAnnot   04240<br \/>\n\u25baArchail   04420<br \/>\n\u25baAubenas-les-Alpes   04110<br \/>\n\u25baAubignosc   04200<br \/>\n\u25baAuthon   04200<br \/>\n\u25baAuzet   04140<br \/>\n\u25baBanon   04150<br \/>\n\u25baBarcelonnette   04400<br \/>\n\u25baBarles   04140<br \/>\n\u25baBarras   04380<br \/>\n\u25baBarr\u00eame   04330<br \/>\n\u25baBayons   04250<br \/>\n\u25baBeaujeu   04420<br \/>\n\u25baBeauvezer   04370<br \/>\n\u25baBellaffaire   04250<br \/>\n\u25baBevons   04200<br \/>\n\u25baBeynes   04270<br \/>\n\u25baBlieux   04330<br \/>\n\u25baBras-d&rsquo;Asse   04270<br \/>\n\u25baBraux   04240<br \/>\n\u25baBrunet   04210<br \/>\n\u25baCastellane   04120<br \/>\n\u25baCastellet-l\u00e8s-Sausses   04320<br \/>\n\u25baC\u00e9reste   04280<br \/>\n\u25baChamptercier   04660<br \/>\n<a href=\"\/divorce\/avocat-divorce\/chateau-arnoux-saint-auban\/\" title=\"avocat divorce chateau-arnoux\" target=\"\" rel=\"noopener\">\u25baCh\u00e2teau-Arnoux-Saint-Auban   04160<\/a><br \/>\n\u25baCh\u00e2teaufort   04250<br \/>\n\u25baCh\u00e2teauneuf-Miravail   04200<br \/>\n\u25baCh\u00e2teauneuf-Val-Saint-Donat   04200<br \/>\n\u25baCh\u00e2teauredon   04270<br \/>\n\u25baChaudon-Norante   04330<br \/>\n\u25baClamensane   04250<br \/>\n\u25baClaret   05110<br \/>\n\u25baClumanc   04330<br \/>\n\u25baColmars   04370<br \/>\n\u25baCorbi\u00e8res   04220<br \/>\n\u25baCruis   04230<br \/>\n\u25baCurbans   05110<br \/>\n\u25baCurel   04200<br \/>\n\u25baDauphin   04300<br \/>\n\u25baDemandolx   04120<br \/>\n<a href=\"\/divorce\/avocat-divorce\/digne-les-bains\/\" title=\"avocat divorce digne\" target=\"\" rel=\"noopener\">\u25baDigne-les-Bains   04000<\/a><br \/>\n\u25baDraix   04420<br \/>\n\u25baEnchastrayes   04400<br \/>\n\u25baEntrages   04000<br \/>\n\u25baEntrepierres   04200<br \/>\n\u25baEntrevaux   04320<br \/>\n\u25baEntrevennes   04700<br \/>\n\u25baEsparron-de-Verdon   04800<br \/>\n\u25baEstoublon   04270<br \/>\n\u25baFaucon-de-Barcelonnette   04400<br \/>\n\u25baFaucon-du-Caire   04250<br \/>\n\u25baFontienne   04230<br \/>\n<a href=\"\/divorce\/avocat-divorce\/forcalquier\/\" title=\"avocat divorce forcalquier\" target=\"\" rel=\"noopener\">\u25baForcalquier   04300<\/a><br \/>\n\u25baGanagobie   04310<br \/>\n\u25baGigors   04250<br \/>\n\u25baGr\u00e9oux-les-Bains   04800<br \/>\n\u25baHautes-Duyes   04380<br \/>\n\u25baJausiers   04850<br \/>\n\u25baL&rsquo;Escale   04160<br \/>\n\u25baL&rsquo;Hospitalet   04150<br \/>\n\u25baLa Br\u00e9ole   04340<br \/>\n\u25baLa Brillanne   04700<br \/>\n\u25baLa Condamine-Ch\u00e2telard   04530<br \/>\n\u25baLa Garde   04120<br \/>\n\u25baLa Javie   04420<br \/>\n\u25baLa Motte-du-Caire   04250<br \/>\n\u25baLa Mure-Argens   04170<br \/>\n\u25baLa Palud-sur-Verdon   04120<br \/>\n\u25baLa Robine-sur-Galabre   04000<br \/>\n\u25baLa Rochegiron   04150<br \/>\n\u25baLa Rochette   06260<br \/>\n\u25baLambruisse   04170<br \/>\n\u25baLarche   04530<br \/>\n\u25baLardiers   04230<br \/>\n\u25baLe Brusquet   04420<br \/>\n\u25baLe Caire   04250<br \/>\n\u25baLe Castellard-Melan   04380<br \/>\n\u25baLe Castellet   04700<br \/>\n\u25baLe Chaffaut-Saint-Jurson   04510<br \/>\n\u25baLe Fugeret   04240<br \/>\n\u25baLe Lauzet-Ubaye   04340<br \/>\n\u25baLe Vernet   04140<br \/>\n<a href=\"\/divorce\/avocat-divorce\/les-mees\/\" title=\"avocat divorce les m\u00e9es\" target=\"\" rel=\"noopener\">\u25baLes M\u00e9es   04190<\/a><br \/>\n\u25baLes Omergues   04200<br \/>\n\u25baLes Thuiles   04400<br \/>\n\u25baLimans   04300<br \/>\n\u25baLurs   04700<br \/>\n\u25baMajastres   04270<br \/>\n\u25baMalijai   04350<br \/>\n\u25baMallefougasse-Aug\u00e8s   04230<br \/>\n\u25baMallemoisson   04510<br \/>\n\u25baMane   04300<br \/>\n<a href=\"\/divorce\/avocat-divorce\/manosque\/\" title=\"avocat divorce manosque\" target=\"\" rel=\"noopener\">\u25baManosque   04100<\/a><br \/>\n\u25baMarcoux   04420<br \/>\n\u25baM\u00e9ailles   04240<br \/>\n\u25baMelve   04250<br \/>\n\u25baM\u00e9olans-Revel   04340<br \/>\n\u25baMeyronnes   04530<br \/>\n\u25baM\u00e9zel   04270<br \/>\n\u25baMirabeau   04510<br \/>\n\u25baMison   04200<br \/>\n\u25baMontagnac-Montpezat   04500<br \/>\n\u25baMontclar   04140<br \/>\n\u25baMontfort   04600<br \/>\n\u25baMontfuron   04110<br \/>\n\u25baMontjustin   04110<br \/>\n\u25baMontlaux   04230<br \/>\n\u25baMontsalier   04150<br \/>\n\u25baMoriez   04170<br \/>\n\u25baMoustiers-Sainte-Marie   04360<br \/>\n\u25baNibles   04250<br \/>\n\u25baNiozelles   04300<br \/>\n\u25baNoyers-sur-Jabron   04200<br \/>\n\u25baOngles   04230<br \/>\n\u25baOppedette   04110<br \/>\n<a href=\"\/divorce\/avocat-divorce\/oraison\/\" title=\"avocat divorce oraison\" target=\"\" rel=\"noopener\">\u25baOraison   04700<\/a><br \/>\n\u25baPeipin   04200<br \/>\n\u25baPeyroules   04120<br \/>\n\u25baPeyruis   04310<br \/>\n\u25baPi\u00e9gut   05130<br \/>\n\u25baPierrerue   04300<br \/>\n<a href=\"\/divorce\/avocat-divorce\/pierrevert\/\" title=\"avocat divorce pierrevert\" target=\"\" rel=\"noopener\">\u25baPierrevert   04860<\/a><br \/>\n\u25baPontis   05160<br \/>\n\u25baPrads-Haute-Bl\u00e9one   04420<br \/>\n\u25baPuimichel   04700<br \/>\n\u25baPuimoisson   04410<br \/>\n\u25baQuinson   04480<br \/>\n\u25baRedortiers   04150<br \/>\n\u25baReillanne   04110<br \/>\n\u25baRevest-des-Brousses   04150<br \/>\n\u25baRevest-du-Bion   04150<br \/>\n\u25baRevest-Saint-Martin   04230<br \/>\n\u25baRiez   04500<br \/>\n\u25baRougon   04120<br \/>\n\u25baRoumoules   04500<br \/>\n\u25baSaint-Andr\u00e9-les-Alpes   04170<br \/>\n\u25baSaint-Beno\u00eet   04240<br \/>\n\u25baSaint-Etienne-les-Orgues   04230<br \/>\n\u25baSaint-Geniez   04200<br \/>\n\u25baSaint-Jacques   04330<br \/>\n\u25baSaint-Jeannet   04270<br \/>\n\u25baSaint-Julien-d&rsquo;Asse   04270<br \/>\n\u25baSaint-Julien-du-Verdon   04170<br \/>\n\u25baSaint-Jurs   04410<br \/>\n\u25baSaint-Laurent-du-Verdon   04500<br \/>\n\u25baSaint-Lions   04330<br \/>\n\u25baSaint-Maime   04300<br \/>\n\u25baSaint-Martin-de-Br\u00f4mes   04800<br \/>\n\u25baSaint-Martin-les-Eaux   04870<br \/>\n\u25baSaint-Martin-l\u00e8s-Seyne   04140<br \/>\n\u25baSaint-Michel-l&rsquo;Observatoire   04870<br \/>\n\u25baSaint-Paul-sur-Ubaye   04530<br \/>\n\u25baSaint-Pierre   06260<br \/>\n\u25baSaint-Pons   04400<br \/>\n\u25baSaint-Vincent-les-Forts   04340<br \/>\n\u25baSaint-Vincent-sur-Jabron   04200<br \/>\n\u25baSainte-Croix-\u00e0-Lauze   04110<br \/>\n\u25baSainte-Croix-du-Verdon   04500<br \/>\n<a href=\"\/divorce\/avocat-divorce\/sainte-tulle\/\" title=\"avocat divorce sainte-tulle\" target=\"\" rel=\"noopener\">\u25baSainte-Tulle   04220<\/a><br \/>\n\u25baSalignac   04290<br \/>\n\u25baSaumane   04150<br \/>\n\u25baSausses   04320<br \/>\n\u25baSelonnet   04140<br \/>\n\u25baSenez   04330<br \/>\n\u25baSeyne   04140<br \/>\n\u25baSigonce   04300<br \/>\n\u25baSigoyer   04200<br \/>\n\u25baSimiane-la-Rotonde   04150<br \/>\n<a href=\"\/divorce\/avocat-divorce\/sisteron\/\" title=\"avocat divorce sisteron\" target=\"\" rel=\"noopener\">\u25baSisteron   04200<\/a><br \/>\n\u25baSoleilhas   04120<br \/>\n\u25baSourribes   04290<br \/>\n\u25baTartonne   04330<br \/>\n\u25baTh\u00e8ze   04200<br \/>\n\u25baThoard   04380<br \/>\n\u25baThorame-Basse   04170<br \/>\n\u25baThorame-Haute   04170<br \/>\n\u25baTurriers   04250<br \/>\n\u25baUbraye   04240<br \/>\n\u25baUvernet-Fours   04400<br \/>\n\u25baVach\u00e8res   04110<br \/>\n\u25baVal-de-Chalvagne   04320<br \/>\n\u25baValavoire   04250<br \/>\n\u25baValbelle   04200<br \/>\n\u25baValensole   04210<br \/>\n\u25baValernes   04200<br \/>\n\u25baVaumeilh   04200<br \/>\n\u25baVenterol   05130<br \/>\n\u25baVerdaches   04140<br \/>\n\u25baVergons   04170<br \/>\n\u25baVillars-Colmars   04370<br \/>\n\u25baVillemus   04110<br \/>\n<a href=\"\/divorce\/avocat-divorce\/villeneuve\/\" title=\"avocat divorce villeneuve\" target=\"\" rel=\"noopener\">\u25baVilleneuve   04180<\/a><br \/>\n\u25baVolonne   04290<br \/>\n\u25baVolx   04130<\/p>\n","protected":false},"excerpt":{"rendered":"<p>\u25c4 Retour \u00e0 l&rsquo;annuaire des villes Avocat Divorce sans juge Alpes-de-Haute-Provence (04) *\/ VOTRE DIVORCE SANS JUGE DANS LES ALPES-DE-HAUTE-PROVENCE (04) J&rsquo;INTERVIENS DANS TOUTE LA FRANCE Notre cabinet \u00e0 Paris : 42 Rue de L\u00fcbeck, 75116 Paris 01 47 04 25 40 Les \u00e9tapes de votre divorce 1. Le rendez-vous : Contactez nous par t\u00e9l\u00e9phone [&hellip;]<\/p>\n","protected":false},"author":1,"featured_media":0,"parent":0,"menu_order":0,"comment_status":"closed","ping_status":"closed","template":"","meta":{"_acf_changed":false,"inline_featured_image":false,"footnotes":""},"priorite":[],"class_list":["post-1749","page","type-page","status-publish","hentry"],"acf":[],"yoast_head":"<!-- This site is optimized with the Yoast SEO plugin v27.5 - https:\/\/yoast.com\/product\/yoast-seo-wordpress\/ -->\n<title>Avocat Divorce sans juge Alpes-de-Haute-Provence (04) - Avocat Divorce<\/title>\n<meta name=\"description\" content=\"Contactez un Avocat divorce dans les Alpes-de-Haute-Provence (04) et divorcez \u00e0 l&#039;amiable sans juge en 1 mois \u00e0 partir de 425\u20ac TTC. Recevez un devis gratuit et imm\u00e9diat pour votre divorce par consentement mutuel\" \/>\n<meta name=\"robots\" content=\"index, follow, max-snippet:-1, max-image-preview:large, max-video-preview:-1\" \/>\n<link rel=\"canonical\" href=\"https:\/\/avocat-gc.com\/divorce\/avocat-divorce-sans-juge-alpes-de-haute-provence-04\/\" \/>\n<meta property=\"og:locale\" content=\"fr_FR\" \/>\n<meta property=\"og:type\" content=\"article\" \/>\n<meta property=\"og:title\" content=\"Avocat Divorce sans juge Alpes-de-Haute-Provence (04) - Avocat Divorce\" \/>\n<meta property=\"og:description\" content=\"Contactez un Avocat divorce dans les Alpes-de-Haute-Provence (04) et divorcez \u00e0 l&#039;amiable sans juge en 1 mois \u00e0 partir de 425\u20ac TTC. Recevez un devis gratuit et imm\u00e9diat pour votre divorce par consentement mutuel\" \/>\n<meta property=\"og:url\" content=\"https:\/\/avocat-gc.com\/divorce\/avocat-divorce-sans-juge-alpes-de-haute-provence-04\/\" \/>\n<meta property=\"og:site_name\" content=\"Avocat GC - Avocat Divorce\" \/>\n<meta name=\"twitter:card\" content=\"summary_large_image\" \/>\n<script type=\"application\/ld+json\" class=\"yoast-schema-graph\">{\"@context\":\"https:\\\/\\\/schema.org\",\"@graph\":[{\"@type\":\"WebPage\",\"@id\":\"https:\\\/\\\/avocat-gc.com\\\/divorce\\\/avocat-divorce-sans-juge-alpes-de-haute-provence-04\\\/\",\"url\":\"https:\\\/\\\/avocat-gc.com\\\/divorce\\\/avocat-divorce-sans-juge-alpes-de-haute-provence-04\\\/\",\"name\":\"Avocat Divorce sans juge Alpes-de-Haute-Provence (04) - Avocat Divorce\",\"isPartOf\":{\"@id\":\"https:\\\/\\\/avocat-gc.com\\\/divorce\\\/#website\"},\"datePublished\":\"2017-11-05T00:00:00+00:00\",\"description\":\"Contactez un Avocat divorce dans les Alpes-de-Haute-Provence (04) et divorcez \u00e0 l'amiable sans juge en 1 mois \u00e0 partir de 425\u20ac TTC. Recevez un devis gratuit et imm\u00e9diat pour votre divorce par consentement mutuel\",\"breadcrumb\":{\"@id\":\"https:\\\/\\\/avocat-gc.com\\\/divorce\\\/avocat-divorce-sans-juge-alpes-de-haute-provence-04\\\/#breadcrumb\"},\"inLanguage\":\"fr-FR\",\"potentialAction\":[{\"@type\":\"ReadAction\",\"target\":[\"https:\\\/\\\/avocat-gc.com\\\/divorce\\\/avocat-divorce-sans-juge-alpes-de-haute-provence-04\\\/\"]}]},{\"@type\":\"BreadcrumbList\",\"@id\":\"https:\\\/\\\/avocat-gc.com\\\/divorce\\\/avocat-divorce-sans-juge-alpes-de-haute-provence-04\\\/#breadcrumb\",\"itemListElement\":[{\"@type\":\"ListItem\",\"position\":1,\"name\":\"Accueil\",\"item\":\"https:\\\/\\\/avocat-gc.com\\\/divorce\\\/\"},{\"@type\":\"ListItem\",\"position\":2,\"name\":\"Avocat Divorce sans juge Alpes-de-Haute-Provence (04)\"}]},{\"@type\":\"WebSite\",\"@id\":\"https:\\\/\\\/avocat-gc.com\\\/divorce\\\/#website\",\"url\":\"https:\\\/\\\/avocat-gc.com\\\/divorce\\\/\",\"name\":\"Avocat GC - Avocat Divorce\",\"description\":\"\",\"publisher\":{\"@id\":\"https:\\\/\\\/avocat-gc.com\\\/divorce\\\/#organization\"},\"potentialAction\":[{\"@type\":\"SearchAction\",\"target\":{\"@type\":\"EntryPoint\",\"urlTemplate\":\"https:\\\/\\\/avocat-gc.com\\\/divorce\\\/?s={search_term_string}\"},\"query-input\":{\"@type\":\"PropertyValueSpecification\",\"valueRequired\":true,\"valueName\":\"search_term_string\"}}],\"inLanguage\":\"fr-FR\"},{\"@type\":\"Organization\",\"@id\":\"https:\\\/\\\/avocat-gc.com\\\/divorce\\\/#organization\",\"name\":\"Avocat GC - Avocat Divorce\",\"url\":\"https:\\\/\\\/avocat-gc.com\\\/divorce\\\/\",\"logo\":{\"@type\":\"ImageObject\",\"inLanguage\":\"fr-FR\",\"@id\":\"https:\\\/\\\/avocat-gc.com\\\/divorce\\\/#\\\/schema\\\/logo\\\/image\\\/\",\"url\":\"https:\\\/\\\/avocat-gc.com\\\/divorce\\\/wp-content\\\/uploads\\\/2024\\\/04\\\/cropped-Sans-titre.png\",\"contentUrl\":\"https:\\\/\\\/avocat-gc.com\\\/divorce\\\/wp-content\\\/uploads\\\/2024\\\/04\\\/cropped-Sans-titre.png\",\"width\":200,\"height\":180,\"caption\":\"Avocat GC - Avocat Divorce\"},\"image\":{\"@id\":\"https:\\\/\\\/avocat-gc.com\\\/divorce\\\/#\\\/schema\\\/logo\\\/image\\\/\"}}]}<\/script>\n<!-- \/ Yoast SEO plugin. -->","yoast_head_json":{"title":"Avocat Divorce sans juge Alpes-de-Haute-Provence (04) - Avocat Divorce","description":"Contactez un Avocat divorce dans les Alpes-de-Haute-Provence (04) et divorcez \u00e0 l'amiable sans juge en 1 mois \u00e0 partir de 425\u20ac TTC. Recevez un devis gratuit et imm\u00e9diat pour votre divorce par consentement mutuel","robots":{"index":"index","follow":"follow","max-snippet":"max-snippet:-1","max-image-preview":"max-image-preview:large","max-video-preview":"max-video-preview:-1"},"canonical":"https:\/\/avocat-gc.com\/divorce\/avocat-divorce-sans-juge-alpes-de-haute-provence-04\/","og_locale":"fr_FR","og_type":"article","og_title":"Avocat Divorce sans juge Alpes-de-Haute-Provence (04) - Avocat Divorce","og_description":"Contactez un Avocat divorce dans les Alpes-de-Haute-Provence (04) et divorcez \u00e0 l'amiable sans juge en 1 mois \u00e0 partir de 425\u20ac TTC. Recevez un devis gratuit et imm\u00e9diat pour votre divorce par consentement mutuel","og_url":"https:\/\/avocat-gc.com\/divorce\/avocat-divorce-sans-juge-alpes-de-haute-provence-04\/","og_site_name":"Avocat GC - Avocat Divorce","twitter_card":"summary_large_image","schema":{"@context":"https:\/\/schema.org","@graph":[{"@type":"WebPage","@id":"https:\/\/avocat-gc.com\/divorce\/avocat-divorce-sans-juge-alpes-de-haute-provence-04\/","url":"https:\/\/avocat-gc.com\/divorce\/avocat-divorce-sans-juge-alpes-de-haute-provence-04\/","name":"Avocat Divorce sans juge Alpes-de-Haute-Provence (04) - Avocat Divorce","isPartOf":{"@id":"https:\/\/avocat-gc.com\/divorce\/#website"},"datePublished":"2017-11-05T00:00:00+00:00","description":"Contactez un Avocat divorce dans les Alpes-de-Haute-Provence (04) et divorcez \u00e0 l'amiable sans juge en 1 mois \u00e0 partir de 425\u20ac TTC. Recevez un devis gratuit et imm\u00e9diat pour votre divorce par consentement mutuel","breadcrumb":{"@id":"https:\/\/avocat-gc.com\/divorce\/avocat-divorce-sans-juge-alpes-de-haute-provence-04\/#breadcrumb"},"inLanguage":"fr-FR","potentialAction":[{"@type":"ReadAction","target":["https:\/\/avocat-gc.com\/divorce\/avocat-divorce-sans-juge-alpes-de-haute-provence-04\/"]}]},{"@type":"BreadcrumbList","@id":"https:\/\/avocat-gc.com\/divorce\/avocat-divorce-sans-juge-alpes-de-haute-provence-04\/#breadcrumb","itemListElement":[{"@type":"ListItem","position":1,"name":"Accueil","item":"https:\/\/avocat-gc.com\/divorce\/"},{"@type":"ListItem","position":2,"name":"Avocat Divorce sans juge Alpes-de-Haute-Provence (04)"}]},{"@type":"WebSite","@id":"https:\/\/avocat-gc.com\/divorce\/#website","url":"https:\/\/avocat-gc.com\/divorce\/","name":"Avocat GC - Avocat Divorce","description":"","publisher":{"@id":"https:\/\/avocat-gc.com\/divorce\/#organization"},"potentialAction":[{"@type":"SearchAction","target":{"@type":"EntryPoint","urlTemplate":"https:\/\/avocat-gc.com\/divorce\/?s={search_term_string}"},"query-input":{"@type":"PropertyValueSpecification","valueRequired":true,"valueName":"search_term_string"}}],"inLanguage":"fr-FR"},{"@type":"Organization","@id":"https:\/\/avocat-gc.com\/divorce\/#organization","name":"Avocat GC - Avocat Divorce","url":"https:\/\/avocat-gc.com\/divorce\/","logo":{"@type":"ImageObject","inLanguage":"fr-FR","@id":"https:\/\/avocat-gc.com\/divorce\/#\/schema\/logo\/image\/","url":"https:\/\/avocat-gc.com\/divorce\/wp-content\/uploads\/2024\/04\/cropped-Sans-titre.png","contentUrl":"https:\/\/avocat-gc.com\/divorce\/wp-content\/uploads\/2024\/04\/cropped-Sans-titre.png","width":200,"height":180,"caption":"Avocat GC - Avocat Divorce"},"image":{"@id":"https:\/\/avocat-gc.com\/divorce\/#\/schema\/logo\/image\/"}}]}},"_links":{"self":[{"href":"https:\/\/avocat-gc.com\/divorce\/wp-json\/wp\/v2\/pages\/1749","targetHints":{"allow":["GET"]}}],"collection":[{"href":"https:\/\/avocat-gc.com\/divorce\/wp-json\/wp\/v2\/pages"}],"about":[{"href":"https:\/\/avocat-gc.com\/divorce\/wp-json\/wp\/v2\/types\/page"}],"author":[{"embeddable":true,"href":"https:\/\/avocat-gc.com\/divorce\/wp-json\/wp\/v2\/users\/1"}],"replies":[{"embeddable":true,"href":"https:\/\/avocat-gc.com\/divorce\/wp-json\/wp\/v2\/comments?post=1749"}],"version-history":[{"count":0,"href":"https:\/\/avocat-gc.com\/divorce\/wp-json\/wp\/v2\/pages\/1749\/revisions"}],"wp:attachment":[{"href":"https:\/\/avocat-gc.com\/divorce\/wp-json\/wp\/v2\/media?parent=1749"}],"wp:term":[{"taxonomy":"priorite","embeddable":true,"href":"https:\/\/avocat-gc.com\/divorce\/wp-json\/wp\/v2\/priorite?post=1749"}],"curies":[{"name":"wp","href":"https:\/\/api.w.org\/{rel}","templated":true}]}}