{"id":1514,"date":"2024-03-29T15:32:49","date_gmt":"2024-03-29T15:32:49","guid":{"rendered":"https:\/\/avocat-gc.com\/divorce\/avocat-divorce-amiable-sans-juge-seurre\/"},"modified":"2024-03-29T15:32:49","modified_gmt":"2024-03-29T15:32:49","slug":"avocat-divorce-amiable-sans-juge-seurre","status":"publish","type":"page","link":"https:\/\/avocat-gc.com\/divorce\/avocat-divorce-amiable-sans-juge-seurre\/","title":{"rendered":"Avocat divorce amiable sans juge \u00e0 Seurre"},"content":{"rendered":"<\/p>\n<p>Avocat divorce amiable sans juge \u00e0 Seurre<a href=\"\/divorce\/avocat-divorce\/seurre\/\" rel=\"nofollow\">\u25c4 Avocat divorce \u00e0 Seurre (21)<\/a><\/p>\n<h2> DIVORCE SANS JUGE \u00c0 SEURRE (21) <\/h2>\n<\/p>\n<p class=\"img-left\"><img decoding=\"async\" alt=\"Avocat Divorce Amiable sans juge Seurre (21) \" title=\"Avocat Divorce Amiable sans juge Seurre (21)\" width=\"170\" border=\"2\" src=\"\/divorce\/wp-content\/uploads\/2024\/04\/avocat-divorce-amiable-paris.jpg\" \/><\/p>\n<p align=\"justify\">La nouvelle proc\u00e9dure de divorce sans juge s&rsquo;applique dans le cadre d&rsquo;un\u00a0<a href=\"\/divorce\/divorce-amiable\/\" rel=\"nofollow noopener\" title=\"\" target=\"_parent\">divorce \u00e0 l\u2019amiable<\/a>, sur lequel s&rsquo;entendent les \u00e9poux. C&rsquo;est une proc\u00e9dure\u00a0simple, rapide et \u00e9conomique durant\u00a0laquelle nous vous assistons. \u00a0Pour entamer un\u00a0<a href=\"\/divorce\/avocat-divorce\/seurre\/\" rel=\"nofollow\">divorce sans juge \u00e0 Seurre,<\/a>\u00a0il est obligatoire que les \u00e9poux soient d&rsquo;accord sur tous les aspects du divorce, que ce soit la liquidation du r\u00e9gime matrimonial, la garde des enfants, <a href=\"\/divorce\/definitions\/pension-alimentaire\/\" rel=\"nofollow noopener\" title=\"\" target=\"\">la pension alimentaire<\/a>, ou  la prestation compensatoire. Une fois ces conditions remplies, nous constituons votre dossier en vous demandant certaines pi\u00e8ces justificatives:<\/p>\n<p>Justificatifs de domicile de l\u2019un ou l\u2019autre ou des deux \u00e9poux<br \/>\nPi\u00e8ce d\u2019identit\u00e9 et carte vitale<br \/>\nD\u00e9claration sur l\u2019honneur des revenus<br \/>\nJustificatifs de ressource<br \/>\nCopie du livret de famille<br \/>\nCopie du contrat de mariage\u2026<\/p>\n<p align=\"justify\">Puis nous r\u00e9digeons une <a href=\"\/divorce\/convention-de-divorce\/\" rel=\"nofollow noopener\" title=\"\" target=\"\">convention de divorce<\/a> r\u00e9glant toutes les cons\u00e9quences et effets du divorce par consentement mutuel. Le projet de convention vous sera transmis directement par courrier postal en recommand\u00e9 avec accus\u00e9 de r\u00e9ception.Vous aurez, par la suite, un d\u00e9lai de 15 jours avant de signer le projet de convention ou exiger une modification. Une fois le projet sign\u00e9, la convention sera envoy\u00e9e au notaire afin qu&rsquo;il lui donnant<a href=\"\/divorce\/definitions\/force-executoire\/\" rel=\"nofollow noopener\" title=\"\" target=\"\"> force \u00e9xecutoire<\/a> et date certaine.\u00a0Vous serez officiellement divorc\u00e9s.Si tout d\u00e9saccord venait \u00e0 surgir concernant la convention de divorce, il faudrait alors s&rsquo;engager dans une proc\u00e9dure de divorce contentieuse qui n\u00e9cessite une audience devant le<a href=\"\/divorce\/definitions\/juge-aux-affaires-familiales\/\" rel=\"nofollow noopener\" title=\"\" target=\"\"> Juge aux Affaires Familiales<\/a>.Si vous souhaitez en savoir davantage sur le divorce sans juge, veuillez consulter notre page:\n<\/p>\n<\/p>\n<p><a href=\"\/divorce\/divorce-sans-juge\/\" rel=\"nofollow noopener\" target=\"_parent\"> \u25ba AVOCAT DIVORCE SANS JUGE <\/a><\/p>\n<h3>Articles li\u00e9s<\/h3>\n<p><a href=\"\/divorce\/articles\/les-documents-rediges-lors-dun-divorce-amiable\/\" rel=\"nofollow noopener\" title=\"\" target=\"_parent\">Les documents r\u00e9dig\u00e9s lors d&rsquo;un divorce amiable<\/a><br \/>\n<a href=\"\/divorce\/articles\/peut-contester-un-divorce-par-consentement-mutuel\/\" rel=\"nofollow noopener\" title=\"\" target=\"_parent\">Peut-on contester un divorce par consentement mutuel?<\/a><br \/>\n<a href=\"\/divorce\/articles\/comment-bien-commencer-sa-procedure-de-divorce\/\" rel=\"nofollow noopener\" title=\"\" target=\"_parent\">Comment bien commencer sa proc\u00e9dure de divorce?<\/a><\/p>\n<p>\u25ba A T\u00c9L\u00c9CHARGER: <a href=\"\/divorce\/divorce-sans-juge\/convention-seurre\/\" rel=\"nofollow\">Mod\u00e8le de convention de divorce sans juge \u00e0 Seurre (21)<\/a><\/p>\n<h3>Divorce sans juge &#8211; les tarifs<\/h3>\n<p align=\"justify\">Pour conna\u00eetre les tarifs d&rsquo;un divorce sans juge \u00e0 Seurre (21), veuillez nous transmettre toutes les informations sur votre situation afin que nous puissions estimer les frais d&rsquo;une proc\u00e9dure:<\/p>\n<\/p>\n<p><a href=\"\/divorce\/avocat-divorce-10-ans-dexperience\/\" rel=\"nofollow noopener\" target=\"_parent\">\u25ba DEVIS: AVOCAT DIVORCE \u00c0 SEURRE<\/a> J&rsquo;INTERVIENS DANS TOUTE LA FRANCE <a href=\"http:\/\/avocat-gc.com\/divorce\/avocat-divorce\/paris\/\" rel=\"nofollow noopener\" title=\"\" target=\"_parent\">Notre cabinet \u00e0 Paris<\/a> : 42 Rue de L\u00fcbeck, 75116 Paris 01 47 04 25 40<\/p>\n","protected":false},"excerpt":{"rendered":"<p>Avocat divorce amiable sans juge \u00e0 Seurre\u25c4 Avocat divorce \u00e0 Seurre (21) DIVORCE SANS JUGE \u00c0 SEURRE (21) La nouvelle proc\u00e9dure de divorce sans juge s&rsquo;applique dans le cadre d&rsquo;un\u00a0divorce \u00e0 l\u2019amiable, sur lequel s&rsquo;entendent les \u00e9poux. C&rsquo;est une proc\u00e9dure\u00a0simple, rapide et \u00e9conomique durant\u00a0laquelle nous vous assistons. \u00a0Pour entamer un\u00a0divorce sans juge \u00e0 Seurre,\u00a0il est [&hellip;]<\/p>\n","protected":false},"author":1,"featured_media":0,"parent":0,"menu_order":0,"comment_status":"closed","ping_status":"closed","template":"","meta":{"_acf_changed":false,"inline_featured_image":false,"footnotes":""},"priorite":[],"class_list":["post-1514","page","type-page","status-publish","hentry"],"acf":[],"yoast_head":"<!-- This site is optimized with the Yoast SEO plugin v27.3 - https:\/\/yoast.com\/product\/yoast-seo-wordpress\/ -->\n<title>Avocat divorce amiable sans juge \u00e0 Seurre - Avocat Divorce<\/title>\n<meta name=\"description\" content=\"Divorcez \u00e0 l&#039;amiable et sans juge \u00e0 Seurre (21) en 1 mois \u00e0 partir de 425\u20ac TTC. Contactez un Avocat divorce au \u260e 01.47.04.25.40 . Recevez un devis gratuit et imm\u00e9diat pour votre divorce. Cabinet Gueguen-Carroll. Divorce amiable - Divorce sans juge - Divorce par consentement mutuel\" \/>\n<meta name=\"robots\" content=\"index, follow, max-snippet:-1, max-image-preview:large, max-video-preview:-1\" \/>\n<link rel=\"canonical\" href=\"https:\/\/avocat-gc.com\/divorce\/avocat-divorce-amiable-sans-juge-seurre\/\" \/>\n<meta property=\"og:locale\" content=\"fr_FR\" \/>\n<meta property=\"og:type\" content=\"article\" \/>\n<meta property=\"og:title\" content=\"Avocat divorce amiable sans juge \u00e0 Seurre - Avocat Divorce\" \/>\n<meta property=\"og:description\" content=\"Divorcez \u00e0 l&#039;amiable et sans juge \u00e0 Seurre (21) en 1 mois \u00e0 partir de 425\u20ac TTC. Contactez un Avocat divorce au \u260e 01.47.04.25.40 . Recevez un devis gratuit et imm\u00e9diat pour votre divorce. Cabinet Gueguen-Carroll. Divorce amiable - Divorce sans juge - Divorce par consentement mutuel\" \/>\n<meta property=\"og:url\" content=\"https:\/\/avocat-gc.com\/divorce\/avocat-divorce-amiable-sans-juge-seurre\/\" \/>\n<meta property=\"og:site_name\" content=\"Avocat GC - Avocat Divorce\" \/>\n<meta name=\"twitter:card\" content=\"summary_large_image\" \/>\n<script type=\"application\/ld+json\" class=\"yoast-schema-graph\">{\"@context\":\"https:\\\/\\\/schema.org\",\"@graph\":[{\"@type\":\"WebPage\",\"@id\":\"https:\\\/\\\/avocat-gc.com\\\/divorce\\\/avocat-divorce-amiable-sans-juge-seurre\\\/\",\"url\":\"https:\\\/\\\/avocat-gc.com\\\/divorce\\\/avocat-divorce-amiable-sans-juge-seurre\\\/\",\"name\":\"Avocat divorce amiable sans juge \u00e0 Seurre - Avocat Divorce\",\"isPartOf\":{\"@id\":\"https:\\\/\\\/avocat-gc.com\\\/divorce\\\/#website\"},\"datePublished\":\"2024-03-29T15:32:49+00:00\",\"description\":\"Divorcez \u00e0 l'amiable et sans juge \u00e0 Seurre (21) en 1 mois \u00e0 partir de 425\u20ac TTC. Contactez un Avocat divorce au \u260e 01.47.04.25.40 . Recevez un devis gratuit et imm\u00e9diat pour votre divorce. Cabinet Gueguen-Carroll. Divorce amiable - Divorce sans juge - Divorce par consentement mutuel\",\"breadcrumb\":{\"@id\":\"https:\\\/\\\/avocat-gc.com\\\/divorce\\\/avocat-divorce-amiable-sans-juge-seurre\\\/#breadcrumb\"},\"inLanguage\":\"fr-FR\",\"potentialAction\":[{\"@type\":\"ReadAction\",\"target\":[\"https:\\\/\\\/avocat-gc.com\\\/divorce\\\/avocat-divorce-amiable-sans-juge-seurre\\\/\"]}]},{\"@type\":\"BreadcrumbList\",\"@id\":\"https:\\\/\\\/avocat-gc.com\\\/divorce\\\/avocat-divorce-amiable-sans-juge-seurre\\\/#breadcrumb\",\"itemListElement\":[{\"@type\":\"ListItem\",\"position\":1,\"name\":\"Accueil\",\"item\":\"https:\\\/\\\/avocat-gc.com\\\/divorce\\\/\"},{\"@type\":\"ListItem\",\"position\":2,\"name\":\"Avocat divorce amiable sans juge \u00e0 Seurre\"}]},{\"@type\":\"WebSite\",\"@id\":\"https:\\\/\\\/avocat-gc.com\\\/divorce\\\/#website\",\"url\":\"https:\\\/\\\/avocat-gc.com\\\/divorce\\\/\",\"name\":\"Avocat GC - Avocat Divorce\",\"description\":\"\",\"publisher\":{\"@id\":\"https:\\\/\\\/avocat-gc.com\\\/divorce\\\/#organization\"},\"potentialAction\":[{\"@type\":\"SearchAction\",\"target\":{\"@type\":\"EntryPoint\",\"urlTemplate\":\"https:\\\/\\\/avocat-gc.com\\\/divorce\\\/?s={search_term_string}\"},\"query-input\":{\"@type\":\"PropertyValueSpecification\",\"valueRequired\":true,\"valueName\":\"search_term_string\"}}],\"inLanguage\":\"fr-FR\"},{\"@type\":\"Organization\",\"@id\":\"https:\\\/\\\/avocat-gc.com\\\/divorce\\\/#organization\",\"name\":\"Avocat GC - Avocat Divorce\",\"url\":\"https:\\\/\\\/avocat-gc.com\\\/divorce\\\/\",\"logo\":{\"@type\":\"ImageObject\",\"inLanguage\":\"fr-FR\",\"@id\":\"https:\\\/\\\/avocat-gc.com\\\/divorce\\\/#\\\/schema\\\/logo\\\/image\\\/\",\"url\":\"https:\\\/\\\/avocat-gc.com\\\/divorce\\\/wp-content\\\/uploads\\\/2024\\\/04\\\/cropped-Sans-titre.png\",\"contentUrl\":\"https:\\\/\\\/avocat-gc.com\\\/divorce\\\/wp-content\\\/uploads\\\/2024\\\/04\\\/cropped-Sans-titre.png\",\"width\":200,\"height\":180,\"caption\":\"Avocat GC - Avocat Divorce\"},\"image\":{\"@id\":\"https:\\\/\\\/avocat-gc.com\\\/divorce\\\/#\\\/schema\\\/logo\\\/image\\\/\"}}]}<\/script>\n<!-- \/ Yoast SEO plugin. -->","yoast_head_json":{"title":"Avocat divorce amiable sans juge \u00e0 Seurre - Avocat Divorce","description":"Divorcez \u00e0 l'amiable et sans juge \u00e0 Seurre (21) en 1 mois \u00e0 partir de 425\u20ac TTC. Contactez un Avocat divorce au \u260e 01.47.04.25.40 . Recevez un devis gratuit et imm\u00e9diat pour votre divorce. Cabinet Gueguen-Carroll. Divorce amiable - Divorce sans juge - Divorce par consentement mutuel","robots":{"index":"index","follow":"follow","max-snippet":"max-snippet:-1","max-image-preview":"max-image-preview:large","max-video-preview":"max-video-preview:-1"},"canonical":"https:\/\/avocat-gc.com\/divorce\/avocat-divorce-amiable-sans-juge-seurre\/","og_locale":"fr_FR","og_type":"article","og_title":"Avocat divorce amiable sans juge \u00e0 Seurre - Avocat Divorce","og_description":"Divorcez \u00e0 l'amiable et sans juge \u00e0 Seurre (21) en 1 mois \u00e0 partir de 425\u20ac TTC. Contactez un Avocat divorce au \u260e 01.47.04.25.40 . Recevez un devis gratuit et imm\u00e9diat pour votre divorce. Cabinet Gueguen-Carroll. Divorce amiable - Divorce sans juge - Divorce par consentement mutuel","og_url":"https:\/\/avocat-gc.com\/divorce\/avocat-divorce-amiable-sans-juge-seurre\/","og_site_name":"Avocat GC - Avocat Divorce","twitter_card":"summary_large_image","schema":{"@context":"https:\/\/schema.org","@graph":[{"@type":"WebPage","@id":"https:\/\/avocat-gc.com\/divorce\/avocat-divorce-amiable-sans-juge-seurre\/","url":"https:\/\/avocat-gc.com\/divorce\/avocat-divorce-amiable-sans-juge-seurre\/","name":"Avocat divorce amiable sans juge \u00e0 Seurre - Avocat Divorce","isPartOf":{"@id":"https:\/\/avocat-gc.com\/divorce\/#website"},"datePublished":"2024-03-29T15:32:49+00:00","description":"Divorcez \u00e0 l'amiable et sans juge \u00e0 Seurre (21) en 1 mois \u00e0 partir de 425\u20ac TTC. Contactez un Avocat divorce au \u260e 01.47.04.25.40 . Recevez un devis gratuit et imm\u00e9diat pour votre divorce. Cabinet Gueguen-Carroll. Divorce amiable - Divorce sans juge - Divorce par consentement mutuel","breadcrumb":{"@id":"https:\/\/avocat-gc.com\/divorce\/avocat-divorce-amiable-sans-juge-seurre\/#breadcrumb"},"inLanguage":"fr-FR","potentialAction":[{"@type":"ReadAction","target":["https:\/\/avocat-gc.com\/divorce\/avocat-divorce-amiable-sans-juge-seurre\/"]}]},{"@type":"BreadcrumbList","@id":"https:\/\/avocat-gc.com\/divorce\/avocat-divorce-amiable-sans-juge-seurre\/#breadcrumb","itemListElement":[{"@type":"ListItem","position":1,"name":"Accueil","item":"https:\/\/avocat-gc.com\/divorce\/"},{"@type":"ListItem","position":2,"name":"Avocat divorce amiable sans juge \u00e0 Seurre"}]},{"@type":"WebSite","@id":"https:\/\/avocat-gc.com\/divorce\/#website","url":"https:\/\/avocat-gc.com\/divorce\/","name":"Avocat GC - Avocat Divorce","description":"","publisher":{"@id":"https:\/\/avocat-gc.com\/divorce\/#organization"},"potentialAction":[{"@type":"SearchAction","target":{"@type":"EntryPoint","urlTemplate":"https:\/\/avocat-gc.com\/divorce\/?s={search_term_string}"},"query-input":{"@type":"PropertyValueSpecification","valueRequired":true,"valueName":"search_term_string"}}],"inLanguage":"fr-FR"},{"@type":"Organization","@id":"https:\/\/avocat-gc.com\/divorce\/#organization","name":"Avocat GC - Avocat Divorce","url":"https:\/\/avocat-gc.com\/divorce\/","logo":{"@type":"ImageObject","inLanguage":"fr-FR","@id":"https:\/\/avocat-gc.com\/divorce\/#\/schema\/logo\/image\/","url":"https:\/\/avocat-gc.com\/divorce\/wp-content\/uploads\/2024\/04\/cropped-Sans-titre.png","contentUrl":"https:\/\/avocat-gc.com\/divorce\/wp-content\/uploads\/2024\/04\/cropped-Sans-titre.png","width":200,"height":180,"caption":"Avocat GC - Avocat Divorce"},"image":{"@id":"https:\/\/avocat-gc.com\/divorce\/#\/schema\/logo\/image\/"}}]}},"_links":{"self":[{"href":"https:\/\/avocat-gc.com\/divorce\/wp-json\/wp\/v2\/pages\/1514","targetHints":{"allow":["GET"]}}],"collection":[{"href":"https:\/\/avocat-gc.com\/divorce\/wp-json\/wp\/v2\/pages"}],"about":[{"href":"https:\/\/avocat-gc.com\/divorce\/wp-json\/wp\/v2\/types\/page"}],"author":[{"embeddable":true,"href":"https:\/\/avocat-gc.com\/divorce\/wp-json\/wp\/v2\/users\/1"}],"replies":[{"embeddable":true,"href":"https:\/\/avocat-gc.com\/divorce\/wp-json\/wp\/v2\/comments?post=1514"}],"version-history":[{"count":0,"href":"https:\/\/avocat-gc.com\/divorce\/wp-json\/wp\/v2\/pages\/1514\/revisions"}],"wp:attachment":[{"href":"https:\/\/avocat-gc.com\/divorce\/wp-json\/wp\/v2\/media?parent=1514"}],"wp:term":[{"taxonomy":"priorite","embeddable":true,"href":"https:\/\/avocat-gc.com\/divorce\/wp-json\/wp\/v2\/priorite?post=1514"}],"curies":[{"name":"wp","href":"https:\/\/api.w.org\/{rel}","templated":true}]}}