{"id":13908,"date":"2024-04-11T10:08:38","date_gmt":"2024-04-11T10:08:38","guid":{"rendered":"https:\/\/avocat-gc.com\/divorce\/?page_id=13908"},"modified":"2024-04-11T13:59:27","modified_gmt":"2024-04-11T13:59:27","slug":"definitions","status":"publish","type":"page","link":"https:\/\/avocat-gc.com\/divorce\/definitions\/","title":{"rendered":"Glossaire"},"content":{"rendered":"\r\n<div id=\"glossary-alphabet\">\r\n    <a class=\"alphabet-link all selected\" href=\"#\" data-letter=\"all\">Tout<\/a>\r\n            <a class=\"alphabet-link\" href=\"#\" data-letter=\"A\">A<\/a>\r\n            <a class=\"alphabet-link\" href=\"#\" data-letter=\"B\">B<\/a>\r\n            <a class=\"alphabet-link\" href=\"#\" data-letter=\"C\">C<\/a>\r\n            <a class=\"alphabet-link\" href=\"#\" data-letter=\"D\">D<\/a>\r\n            <a class=\"alphabet-link\" href=\"#\" data-letter=\"E\">E<\/a>\r\n            <a class=\"alphabet-link\" href=\"#\" data-letter=\"F\">F<\/a>\r\n            <a class=\"alphabet-link\" href=\"#\" data-letter=\"G\">G<\/a>\r\n            <a class=\"alphabet-link\" href=\"#\" data-letter=\"H\">H<\/a>\r\n            <a class=\"alphabet-link\" href=\"#\" data-letter=\"I\">I<\/a>\r\n            <a class=\"alphabet-link\" href=\"#\" data-letter=\"J\">J<\/a>\r\n            <a class=\"alphabet-link\" href=\"#\" data-letter=\"L\">L<\/a>\r\n            <a class=\"alphabet-link\" href=\"#\" data-letter=\"M\">M<\/a>\r\n            <a class=\"alphabet-link\" href=\"#\" data-letter=\"N\">N<\/a>\r\n            <a class=\"alphabet-link\" href=\"#\" data-letter=\"O\">O<\/a>\r\n            <a class=\"alphabet-link\" href=\"#\" data-letter=\"P\">P<\/a>\r\n            <a class=\"alphabet-link\" href=\"#\" data-letter=\"R\">R<\/a>\r\n            <a class=\"alphabet-link\" href=\"#\" data-letter=\"S\">S<\/a>\r\n            <a class=\"alphabet-link\" href=\"#\" data-letter=\"T\">T<\/a>\r\n            <a class=\"alphabet-link\" href=\"#\" data-letter=\"U\">U<\/a>\r\n            <a class=\"alphabet-link\" href=\"#\" data-letter=\"V\">V<\/a>\r\n    <\/div>\r\n<div id=\"glossaire\">\r\n    <div class=\"letter-A\"><h2 class=\"title-letter\" id=\"A\">A<\/h2><div class=\"grid-item\"><div class=\"item\"><a href=\"https:\/\/avocat-gc.com\/divorce\/definitions\/acte-authentique\/\">Acte authentique<\/a><\/div><div class=\"item\"><a href=\"https:\/\/avocat-gc.com\/divorce\/definitions\/acte-avocat\/\">Acte d&rsquo;avocat<\/a><\/div><div class=\"item\"><a href=\"https:\/\/avocat-gc.com\/divorce\/definitions\/acte-de-procedure\/\">Acte de proc\u00e9dure<\/a><\/div><div class=\"item\"><a href=\"https:\/\/avocat-gc.com\/divorce\/definitions\/acte-sous-seing-prive\/\">Acte sous seing priv\u00e9<\/a><\/div><div class=\"item\"><a href=\"https:\/\/avocat-gc.com\/divorce\/definitions\/acte-synallagmatique\/\">Acte synallagmatique<\/a><\/div><div class=\"item\"><a href=\"https:\/\/avocat-gc.com\/divorce\/definitions\/acte-unilateral\/\">Acte unilat\u00e9ral<\/a><\/div><div class=\"item\"><a href=\"https:\/\/avocat-gc.com\/divorce\/definitions\/action-en-justice\/\">Action en justice<\/a><\/div><div class=\"item\"><a href=\"https:\/\/avocat-gc.com\/divorce\/definitions\/adultere\/\">Adult\u00e8re<\/a><\/div><div class=\"item\"><a href=\"https:\/\/avocat-gc.com\/divorce\/definitions\/aide-juridictionnelle\/\">Aide juridictionnelle<\/a><\/div><div class=\"item\"><a href=\"https:\/\/avocat-gc.com\/divorce\/definitions\/amiable\/\">Amiable<\/a><\/div><div class=\"item\"><a href=\"https:\/\/avocat-gc.com\/divorce\/definitions\/appel\/\">Appel<\/a><\/div><div class=\"item\"><a href=\"https:\/\/avocat-gc.com\/divorce\/definitions\/arret\/\">Arr\u00eat<\/a><\/div><div class=\"item\"><a href=\"https:\/\/avocat-gc.com\/divorce\/definitions\/assignation\/\">Assignation<\/a><\/div><div class=\"item\"><a href=\"https:\/\/avocat-gc.com\/divorce\/definitions\/attribution\/\">Attribution<\/a><\/div><div class=\"item\"><a href=\"https:\/\/avocat-gc.com\/divorce\/definitions\/autorite-parentale\/\">Autorit\u00e9 parentale<\/a><\/div><div class=\"item\"><a href=\"https:\/\/avocat-gc.com\/divorce\/definitions\/avenant\/\">Avenant<\/a><\/div><div class=\"item\"><a href=\"https:\/\/avocat-gc.com\/divorce\/definitions\/avocat\/\">Avocat<\/a><\/div><div class=\"item\"><a href=\"https:\/\/avocat-gc.com\/divorce\/definitions\/ayant-droit\/\">Ayant droit<\/a><\/div><\/div><\/div><div class=\"letter-B\"><h2 class=\"title-letter\" id=\"B\">B<\/h2><div class=\"grid-item\"><div class=\"item\"><a href=\"https:\/\/avocat-gc.com\/divorce\/definitions\/bail\/\">Bail<\/a><\/div><div class=\"item\"><a href=\"https:\/\/avocat-gc.com\/divorce\/definitions\/barreau\/\">Barreau<\/a><\/div><div class=\"item\"><a href=\"https:\/\/avocat-gc.com\/divorce\/definitions\/batonnier\/\">B\u00e2tonnier<\/a><\/div><div class=\"item\"><a href=\"https:\/\/avocat-gc.com\/divorce\/definitions\/bien\/\">Bien<\/a><\/div><div class=\"item\"><a href=\"https:\/\/avocat-gc.com\/divorce\/definitions\/bien-commun\/\">Bien commun<\/a><\/div><div class=\"item\"><a href=\"https:\/\/avocat-gc.com\/divorce\/definitions\/bien-immobilier\/\">Bien immobilier<\/a><\/div><div class=\"item\"><a href=\"https:\/\/avocat-gc.com\/divorce\/definitions\/bien-indivis\/\">Bien indivis<\/a><\/div><div class=\"item\"><a href=\"https:\/\/avocat-gc.com\/divorce\/definitions\/bien-mobilier\/\">Bien mobilier<\/a><\/div><div class=\"item\"><a href=\"https:\/\/avocat-gc.com\/divorce\/definitions\/bien-propre\/\">Bien propre<\/a><\/div><\/div><\/div><div class=\"letter-C\"><h2 class=\"title-letter\" id=\"C\">C<\/h2><div class=\"grid-item\"><div class=\"item\"><a href=\"https:\/\/avocat-gc.com\/divorce\/definitions\/code-civil\/\">Code civil<\/a><\/div><div class=\"item\"><a href=\"https:\/\/avocat-gc.com\/divorce\/definitions\/competence\/\">Comp\u00e9tence<\/a><\/div><div class=\"item\"><a href=\"https:\/\/avocat-gc.com\/divorce\/definitions\/conjoint\/\">Conjoint<\/a><\/div><div class=\"item\"><a href=\"https:\/\/avocat-gc.com\/divorce\/definitions\/convention-de-divorce\/\">Convention de divorce<\/a><\/div><div class=\"item\"><a href=\"https:\/\/avocat-gc.com\/divorce\/definitions\/cour-dassises\/\">Cour d&rsquo;Assises<\/a><\/div><div class=\"item\"><a href=\"https:\/\/avocat-gc.com\/divorce\/definitions\/cour-dappel\/\">Cour d\u2019appel<\/a><\/div><div class=\"item\"><a href=\"https:\/\/avocat-gc.com\/divorce\/definitions\/cour-de-cassation\/\">Cour de cassation<\/a><\/div><div class=\"item\"><a href=\"https:\/\/avocat-gc.com\/divorce\/definitions\/creance\/\">Cr\u00e9ance<\/a><\/div><div class=\"item\"><a href=\"https:\/\/avocat-gc.com\/divorce\/definitions\/creancier\/\">Cr\u00e9ancier<\/a><\/div><div class=\"item\"><a href=\"https:\/\/avocat-gc.com\/divorce\/definitions\/credit-immobilier\/\">Cr\u00e9dit immobilier<\/a><\/div><div class=\"item\"><a href=\"https:\/\/avocat-gc.com\/divorce\/definitions\/credit-mobilier\/\">Cr\u00e9dit mobilier<\/a><\/div><\/div><\/div><div class=\"letter-D\"><h2 class=\"title-letter\" id=\"D\">D<\/h2><div class=\"grid-item\"><div class=\"item\"><a href=\"https:\/\/avocat-gc.com\/divorce\/definitions\/debiteur\/\">D\u00e9biteur<\/a><\/div><div class=\"item\"><a href=\"https:\/\/avocat-gc.com\/divorce\/definitions\/debouter\/\">D\u00e9bouter<\/a><\/div><div class=\"item\"><a href=\"https:\/\/avocat-gc.com\/divorce\/definitions\/decision\/\">D\u00e9cision<\/a><\/div><div class=\"item\"><a href=\"https:\/\/avocat-gc.com\/divorce\/definitions\/declaration\/\">D\u00e9claration<\/a><\/div><div class=\"item\"><a href=\"https:\/\/avocat-gc.com\/divorce\/definitions\/defendeur\/\">D\u00e9fendeur<\/a><\/div><div class=\"item\"><a href=\"https:\/\/avocat-gc.com\/divorce\/definitions\/delibere\/\">D\u00e9lib\u00e9r\u00e9<\/a><\/div><div class=\"item\"><a href=\"https:\/\/avocat-gc.com\/divorce\/definitions\/demandeur\/\">Demandeur<\/a><\/div><div class=\"item\"><a href=\"https:\/\/avocat-gc.com\/divorce\/definitions\/deontologie\/\">D\u00e9ontologie<\/a><\/div><div class=\"item\"><a href=\"https:\/\/avocat-gc.com\/divorce\/definitions\/divorce\/\">Divorce<\/a><\/div><div class=\"item\"><a href=\"https:\/\/avocat-gc.com\/divorce\/definitions\/divorce-lamiable\/\">Divorce \u00e0 l\u2019amiable<\/a><\/div><div class=\"item\"><a href=\"https:\/\/avocat-gc.com\/divorce\/definitions\/divorce-aux-torts-partages-et-divorce-aux-torts-exclusifs\/\">Divorce aux torts partag\u00e9s et divorce aux torts exclusifs<\/a><\/div><div class=\"item\"><a href=\"https:\/\/avocat-gc.com\/divorce\/definitions\/divorce-par-consentement-mutuel\/\">Divorce par consentement mutuel<\/a><\/div><div class=\"item\"><a href=\"https:\/\/avocat-gc.com\/divorce\/definitions\/divorce-pour-alteration-definitive-du-lien-conjugal\/\">Divorce pour alt\u00e9ration d\u00e9finitive du lien conjugal<\/a><\/div><div class=\"item\"><a href=\"https:\/\/avocat-gc.com\/divorce\/definitions\/divorce-pour-faute\/\">Divorce pour faute<\/a><\/div><div class=\"item\"><a href=\"https:\/\/avocat-gc.com\/divorce\/definitions\/dommages-et-interets\/\">Dommages et int\u00e9r\u00eats<\/a><\/div><div class=\"item\"><a href=\"https:\/\/avocat-gc.com\/divorce\/definitions\/donation\/\">Donation<\/a><\/div><div class=\"item\"><a href=\"https:\/\/avocat-gc.com\/divorce\/definitions\/donation-au-dernier-vivant\/\">Donation au dernier vivant<\/a><\/div><div class=\"item\"><a href=\"https:\/\/avocat-gc.com\/divorce\/definitions\/droit\/\">Droit<\/a><\/div><div class=\"item\"><a href=\"https:\/\/avocat-gc.com\/divorce\/definitions\/droit-de-garde\/\">Droit de garde<\/a><\/div><div class=\"item\"><a href=\"https:\/\/avocat-gc.com\/divorce\/definitions\/droit-de-visite-et-hebergement\/\">Droit de visite et d\u2019h\u00e9bergement<\/a><\/div><\/div><\/div><div class=\"letter-E\"><h2 class=\"title-letter\" id=\"E\">E<\/h2><div class=\"grid-item\"><div class=\"item\"><a href=\"https:\/\/avocat-gc.com\/divorce\/definitions\/emancipation\/\">Emancipation<\/a><\/div><div class=\"item\"><a href=\"https:\/\/avocat-gc.com\/divorce\/definitions\/emprunt\/\">Emprunt<\/a><\/div><div class=\"item\"><a href=\"https:\/\/avocat-gc.com\/divorce\/definitions\/enfant-adulterin\/\">Enfant adult\u00e9rin<\/a><\/div><div class=\"item\"><a href=\"https:\/\/avocat-gc.com\/divorce\/definitions\/enfant-legitime\/\">Enfant l\u00e9gitime<\/a><\/div><div class=\"item\"><a href=\"https:\/\/avocat-gc.com\/divorce\/definitions\/enfant-naturel\/\">Enfant naturel<\/a><\/div><div class=\"item\"><a href=\"https:\/\/avocat-gc.com\/divorce\/definitions\/envoi-en-possession\/\">Envoi en possession<\/a><\/div><div class=\"item\"><a href=\"https:\/\/avocat-gc.com\/divorce\/definitions\/exequatur\/\">Exequatur<\/a><\/div><div class=\"item\"><a href=\"https:\/\/avocat-gc.com\/divorce\/definitions\/expertise-judiciaire\/\">Expertise judiciaire<\/a><\/div><\/div><\/div><div class=\"letter-F\"><h2 class=\"title-letter\" id=\"F\">F<\/h2><div class=\"grid-item\"><div class=\"item\"><a href=\"https:\/\/avocat-gc.com\/divorce\/definitions\/filiation\/\">Filiation<\/a><\/div><div class=\"item\"><a href=\"https:\/\/avocat-gc.com\/divorce\/definitions\/force-de-chose-jugee\/\">Force de chose jug\u00e9e<\/a><\/div><div class=\"item\"><a href=\"https:\/\/avocat-gc.com\/divorce\/definitions\/force-executoire\/\">Force ex\u00e9cutoire<\/a><\/div><\/div><\/div><div class=\"letter-G\"><h2 class=\"title-letter\" id=\"G\">G<\/h2><div class=\"grid-item\"><div class=\"item\"><a href=\"https:\/\/avocat-gc.com\/divorce\/definitions\/garde-alternee\/\">Garde altern\u00e9e<\/a><\/div><div class=\"item\"><a href=\"https:\/\/avocat-gc.com\/divorce\/definitions\/greffe\/\">Greffe<\/a><\/div><div class=\"item\"><a href=\"https:\/\/avocat-gc.com\/divorce\/definitions\/grosse\/\">Grosse \/ titre ex\u00e9cutoire<\/a><\/div><\/div><\/div><div class=\"letter-H\"><h2 class=\"title-letter\" id=\"H\">H<\/h2><div class=\"grid-item\"><div class=\"item\"><a href=\"https:\/\/avocat-gc.com\/divorce\/definitions\/heritage\/\">H\u00e9ritage<\/a><\/div><div class=\"item\"><a href=\"https:\/\/avocat-gc.com\/divorce\/definitions\/hypotheque\/\">Hypoth\u00e8que<\/a><\/div><\/div><\/div><div class=\"letter-I\"><h2 class=\"title-letter\" id=\"I\">I<\/h2><div class=\"grid-item\"><div class=\"item\"><a href=\"https:\/\/avocat-gc.com\/divorce\/definitions\/incapacite\/\">Incapacit\u00e9<\/a><\/div><\/div><\/div><div class=\"letter-J\"><h2 class=\"title-letter\" id=\"J\">J<\/h2><div class=\"grid-item\"><div class=\"item\"><a href=\"https:\/\/avocat-gc.com\/divorce\/definitions\/juge\/\">Juge \/ Magistrat<\/a><\/div><div class=\"item\"><a href=\"https:\/\/avocat-gc.com\/divorce\/definitions\/juge-aux-affaires-familiales\/\">Juge aux affaires familiales (JAF)<\/a><\/div><div class=\"item\"><a href=\"https:\/\/avocat-gc.com\/divorce\/definitions\/jugement\/\">Jugement<\/a><\/div><div class=\"item\"><a href=\"https:\/\/avocat-gc.com\/divorce\/definitions\/juridiction\/\">Juridiction<\/a><\/div><div class=\"item\"><a href=\"https:\/\/avocat-gc.com\/divorce\/definitions\/jurisprudence\/\">Jurisprudence<\/a><\/div><\/div><\/div><div class=\"letter-L\"><h2 class=\"title-letter\" id=\"L\">L<\/h2><div class=\"grid-item\"><div class=\"item\"><a href=\"https:\/\/avocat-gc.com\/divorce\/definitions\/liberalite\/\">Lib\u00e9ralit\u00e9<\/a><\/div><div class=\"item\"><a href=\"https:\/\/avocat-gc.com\/divorce\/definitions\/liquidation\/\">Liquidation<\/a><\/div><div class=\"item\"><a href=\"https:\/\/avocat-gc.com\/divorce\/definitions\/litige\/\">Litige<\/a><\/div><div class=\"item\"><a href=\"https:\/\/avocat-gc.com\/divorce\/definitions\/loi\/\">Loi<\/a><\/div><\/div><\/div><div class=\"letter-M\"><h2 class=\"title-letter\" id=\"M\">M<\/h2><div class=\"grid-item\"><div class=\"item\"><a href=\"https:\/\/avocat-gc.com\/divorce\/definitions\/main-courante\/\">Main courante<\/a><\/div><div class=\"item\"><a href=\"https:\/\/avocat-gc.com\/divorce\/definitions\/majorite\/\">Majorit\u00e9<\/a><\/div><div class=\"item\"><a href=\"https:\/\/avocat-gc.com\/divorce\/definitions\/minorite\/\">Minorit\u00e9<\/a><\/div><\/div><\/div><div class=\"letter-N\"><h2 class=\"title-letter\" id=\"N\">N<\/h2><div class=\"grid-item\"><div class=\"item\"><a href=\"https:\/\/avocat-gc.com\/divorce\/definitions\/usage-du-nom-de-lepoux\/\">Nom d&rsquo;usage<\/a><\/div><div class=\"item\"><a href=\"https:\/\/avocat-gc.com\/divorce\/definitions\/notaire\/\">Notaire<\/a><\/div><div class=\"item\"><a href=\"https:\/\/avocat-gc.com\/divorce\/definitions\/notification\/\">Notification<\/a><\/div><div class=\"item\"><a href=\"https:\/\/avocat-gc.com\/divorce\/definitions\/nu-propriete\/\">Nue-propri\u00e9t\u00e9<\/a><\/div><div class=\"item\"><a href=\"https:\/\/avocat-gc.com\/divorce\/definitions\/nullite\/\">Nullit\u00e9<\/a><\/div><\/div><\/div><div class=\"letter-O\"><h2 class=\"title-letter\" id=\"O\">O<\/h2><div class=\"grid-item\"><div class=\"item\"><a href=\"https:\/\/avocat-gc.com\/divorce\/definitions\/ordonnance-de-non-conciliation\/\">Ordonnance de non-conciliation (ONC)<\/a><\/div><\/div><\/div><div class=\"letter-P\"><h2 class=\"title-letter\" id=\"P\">P<\/h2><div class=\"grid-item\"><div class=\"item\"><a href=\"https:\/\/avocat-gc.com\/divorce\/definitions\/pension-alimentaire\/\">Pension alimentaire<\/a><\/div><div class=\"item\"><a href=\"https:\/\/avocat-gc.com\/divorce\/definitions\/plainte\/\">Plainte<\/a><\/div><div class=\"item\"><a href=\"https:\/\/avocat-gc.com\/divorce\/definitions\/pourvoi-en-cassation\/\">Pourvoi en cassation<\/a><\/div><div class=\"item\"><a href=\"https:\/\/avocat-gc.com\/divorce\/definitions\/prejudice\/\">Pr\u00e9judice<\/a><\/div><div class=\"item\"><a href=\"https:\/\/avocat-gc.com\/divorce\/definitions\/prestation-compensatoire\/\">Prestation compensatoire<\/a><\/div><div class=\"item\"><a href=\"https:\/\/avocat-gc.com\/divorce\/definitions\/procedure\/\">Proc\u00e9dure<\/a><\/div><\/div><\/div><div class=\"letter-R\"><h2 class=\"title-letter\" id=\"R\">R<\/h2><div class=\"grid-item\"><div class=\"item\"><a href=\"https:\/\/avocat-gc.com\/divorce\/definitions\/rang-des-minutes\/\">Rang des minutes<\/a><\/div><div class=\"item\"><a href=\"https:\/\/avocat-gc.com\/divorce\/definitions\/recours\/\">Recours<\/a><\/div><\/div><\/div><div class=\"letter-S\"><h2 class=\"title-letter\" id=\"S\">S<\/h2><div class=\"grid-item\"><div class=\"item\"><a href=\"https:\/\/avocat-gc.com\/divorce\/definitions\/saisine\/\">Saisine<\/a><\/div><\/div><\/div><div class=\"letter-T\"><h2 class=\"title-letter\" id=\"T\">T<\/h2><div class=\"grid-item\"><div class=\"item\"><a href=\"https:\/\/avocat-gc.com\/divorce\/definitions\/tiers\/\">Tiers<\/a><\/div><div class=\"item\"><a href=\"https:\/\/avocat-gc.com\/divorce\/definitions\/tribunal\/\">Tribunal<\/a><\/div><\/div><\/div><div class=\"letter-U\"><h2 class=\"title-letter\" id=\"U\">U<\/h2><div class=\"grid-item\"><div class=\"item\"><a href=\"https:\/\/avocat-gc.com\/divorce\/definitions\/usufruit\/\">Usufruit<\/a><\/div><\/div><\/div><div class=\"letter-V\"><h2 class=\"title-letter\" id=\"V\">V<\/h2><div class=\"grid-item\"><div class=\"item\"><a href=\"https:\/\/avocat-gc.com\/divorce\/definitions\/vente\/\">Vente<\/a><\/div><\/div><\/div><\/div>\r\n\r\n","protected":false},"excerpt":{"rendered":"","protected":false},"author":1,"featured_media":0,"parent":0,"menu_order":0,"comment_status":"closed","ping_status":"closed","template":"","meta":{"_acf_changed":false,"inline_featured_image":false,"footnotes":""},"priorite":[],"class_list":["post-13908","page","type-page","status-publish","hentry"],"acf":[],"yoast_head":"<!-- This site is optimized with the Yoast SEO plugin v27.4 - https:\/\/yoast.com\/product\/yoast-seo-wordpress\/ -->\n<title>Glossaire &#8211; Avocat GC - Avocat Divorce<\/title>\n<meta name=\"robots\" content=\"index, follow, max-snippet:-1, max-image-preview:large, max-video-preview:-1\" \/>\n<link rel=\"canonical\" href=\"https:\/\/avocat-gc.com\/divorce\/definitions\/\" \/>\n<meta property=\"og:locale\" content=\"fr_FR\" \/>\n<meta property=\"og:type\" content=\"article\" \/>\n<meta property=\"og:title\" content=\"Glossaire &#8211; Avocat GC - Avocat Divorce\" \/>\n<meta property=\"og:url\" content=\"https:\/\/avocat-gc.com\/divorce\/definitions\/\" \/>\n<meta property=\"og:site_name\" content=\"Avocat GC - Avocat Divorce\" \/>\n<meta property=\"article:modified_time\" content=\"2024-04-11T13:59:27+00:00\" \/>\n<meta name=\"twitter:card\" content=\"summary_large_image\" \/>\n<script type=\"application\/ld+json\" class=\"yoast-schema-graph\">{\"@context\":\"https:\\\/\\\/schema.org\",\"@graph\":[{\"@type\":\"WebPage\",\"@id\":\"https:\\\/\\\/avocat-gc.com\\\/divorce\\\/definitions\\\/\",\"url\":\"https:\\\/\\\/avocat-gc.com\\\/divorce\\\/definitions\\\/\",\"name\":\"Glossaire &#8211; Avocat GC - Avocat Divorce\",\"isPartOf\":{\"@id\":\"https:\\\/\\\/avocat-gc.com\\\/divorce\\\/#website\"},\"datePublished\":\"2024-04-11T10:08:38+00:00\",\"dateModified\":\"2024-04-11T13:59:27+00:00\",\"breadcrumb\":{\"@id\":\"https:\\\/\\\/avocat-gc.com\\\/divorce\\\/definitions\\\/#breadcrumb\"},\"inLanguage\":\"fr-FR\",\"potentialAction\":[{\"@type\":\"ReadAction\",\"target\":[\"https:\\\/\\\/avocat-gc.com\\\/divorce\\\/definitions\\\/\"]}]},{\"@type\":\"BreadcrumbList\",\"@id\":\"https:\\\/\\\/avocat-gc.com\\\/divorce\\\/definitions\\\/#breadcrumb\",\"itemListElement\":[{\"@type\":\"ListItem\",\"position\":1,\"name\":\"Accueil\",\"item\":\"https:\\\/\\\/avocat-gc.com\\\/divorce\\\/\"},{\"@type\":\"ListItem\",\"position\":2,\"name\":\"Glossaire\"}]},{\"@type\":\"WebSite\",\"@id\":\"https:\\\/\\\/avocat-gc.com\\\/divorce\\\/#website\",\"url\":\"https:\\\/\\\/avocat-gc.com\\\/divorce\\\/\",\"name\":\"Avocat GC - Avocat Divorce\",\"description\":\"\",\"publisher\":{\"@id\":\"https:\\\/\\\/avocat-gc.com\\\/divorce\\\/#organization\"},\"potentialAction\":[{\"@type\":\"SearchAction\",\"target\":{\"@type\":\"EntryPoint\",\"urlTemplate\":\"https:\\\/\\\/avocat-gc.com\\\/divorce\\\/?s={search_term_string}\"},\"query-input\":{\"@type\":\"PropertyValueSpecification\",\"valueRequired\":true,\"valueName\":\"search_term_string\"}}],\"inLanguage\":\"fr-FR\"},{\"@type\":\"Organization\",\"@id\":\"https:\\\/\\\/avocat-gc.com\\\/divorce\\\/#organization\",\"name\":\"Avocat GC - Avocat Divorce\",\"url\":\"https:\\\/\\\/avocat-gc.com\\\/divorce\\\/\",\"logo\":{\"@type\":\"ImageObject\",\"inLanguage\":\"fr-FR\",\"@id\":\"https:\\\/\\\/avocat-gc.com\\\/divorce\\\/#\\\/schema\\\/logo\\\/image\\\/\",\"url\":\"https:\\\/\\\/avocat-gc.com\\\/divorce\\\/wp-content\\\/uploads\\\/2024\\\/04\\\/cropped-Sans-titre.png\",\"contentUrl\":\"https:\\\/\\\/avocat-gc.com\\\/divorce\\\/wp-content\\\/uploads\\\/2024\\\/04\\\/cropped-Sans-titre.png\",\"width\":200,\"height\":180,\"caption\":\"Avocat GC - Avocat Divorce\"},\"image\":{\"@id\":\"https:\\\/\\\/avocat-gc.com\\\/divorce\\\/#\\\/schema\\\/logo\\\/image\\\/\"}}]}<\/script>\n<!-- \/ Yoast SEO plugin. -->","yoast_head_json":{"title":"Glossaire &#8211; Avocat GC - Avocat Divorce","robots":{"index":"index","follow":"follow","max-snippet":"max-snippet:-1","max-image-preview":"max-image-preview:large","max-video-preview":"max-video-preview:-1"},"canonical":"https:\/\/avocat-gc.com\/divorce\/definitions\/","og_locale":"fr_FR","og_type":"article","og_title":"Glossaire &#8211; Avocat GC - Avocat Divorce","og_url":"https:\/\/avocat-gc.com\/divorce\/definitions\/","og_site_name":"Avocat GC - Avocat Divorce","article_modified_time":"2024-04-11T13:59:27+00:00","twitter_card":"summary_large_image","schema":{"@context":"https:\/\/schema.org","@graph":[{"@type":"WebPage","@id":"https:\/\/avocat-gc.com\/divorce\/definitions\/","url":"https:\/\/avocat-gc.com\/divorce\/definitions\/","name":"Glossaire &#8211; Avocat GC - Avocat Divorce","isPartOf":{"@id":"https:\/\/avocat-gc.com\/divorce\/#website"},"datePublished":"2024-04-11T10:08:38+00:00","dateModified":"2024-04-11T13:59:27+00:00","breadcrumb":{"@id":"https:\/\/avocat-gc.com\/divorce\/definitions\/#breadcrumb"},"inLanguage":"fr-FR","potentialAction":[{"@type":"ReadAction","target":["https:\/\/avocat-gc.com\/divorce\/definitions\/"]}]},{"@type":"BreadcrumbList","@id":"https:\/\/avocat-gc.com\/divorce\/definitions\/#breadcrumb","itemListElement":[{"@type":"ListItem","position":1,"name":"Accueil","item":"https:\/\/avocat-gc.com\/divorce\/"},{"@type":"ListItem","position":2,"name":"Glossaire"}]},{"@type":"WebSite","@id":"https:\/\/avocat-gc.com\/divorce\/#website","url":"https:\/\/avocat-gc.com\/divorce\/","name":"Avocat GC - Avocat Divorce","description":"","publisher":{"@id":"https:\/\/avocat-gc.com\/divorce\/#organization"},"potentialAction":[{"@type":"SearchAction","target":{"@type":"EntryPoint","urlTemplate":"https:\/\/avocat-gc.com\/divorce\/?s={search_term_string}"},"query-input":{"@type":"PropertyValueSpecification","valueRequired":true,"valueName":"search_term_string"}}],"inLanguage":"fr-FR"},{"@type":"Organization","@id":"https:\/\/avocat-gc.com\/divorce\/#organization","name":"Avocat GC - Avocat Divorce","url":"https:\/\/avocat-gc.com\/divorce\/","logo":{"@type":"ImageObject","inLanguage":"fr-FR","@id":"https:\/\/avocat-gc.com\/divorce\/#\/schema\/logo\/image\/","url":"https:\/\/avocat-gc.com\/divorce\/wp-content\/uploads\/2024\/04\/cropped-Sans-titre.png","contentUrl":"https:\/\/avocat-gc.com\/divorce\/wp-content\/uploads\/2024\/04\/cropped-Sans-titre.png","width":200,"height":180,"caption":"Avocat GC - Avocat Divorce"},"image":{"@id":"https:\/\/avocat-gc.com\/divorce\/#\/schema\/logo\/image\/"}}]}},"_links":{"self":[{"href":"https:\/\/avocat-gc.com\/divorce\/wp-json\/wp\/v2\/pages\/13908","targetHints":{"allow":["GET"]}}],"collection":[{"href":"https:\/\/avocat-gc.com\/divorce\/wp-json\/wp\/v2\/pages"}],"about":[{"href":"https:\/\/avocat-gc.com\/divorce\/wp-json\/wp\/v2\/types\/page"}],"author":[{"embeddable":true,"href":"https:\/\/avocat-gc.com\/divorce\/wp-json\/wp\/v2\/users\/1"}],"replies":[{"embeddable":true,"href":"https:\/\/avocat-gc.com\/divorce\/wp-json\/wp\/v2\/comments?post=13908"}],"version-history":[{"count":0,"href":"https:\/\/avocat-gc.com\/divorce\/wp-json\/wp\/v2\/pages\/13908\/revisions"}],"wp:attachment":[{"href":"https:\/\/avocat-gc.com\/divorce\/wp-json\/wp\/v2\/media?parent=13908"}],"wp:term":[{"taxonomy":"priorite","embeddable":true,"href":"https:\/\/avocat-gc.com\/divorce\/wp-json\/wp\/v2\/priorite?post=13908"}],"curies":[{"name":"wp","href":"https:\/\/api.w.org\/{rel}","templated":true}]}}