{"id":1358,"date":"2024-03-29T15:32:32","date_gmt":"2024-03-29T15:32:32","guid":{"rendered":"https:\/\/avocat-gc.com\/divorce\/avocat-divorce-amiable-sans-juge-saint-georges-sur-baulche-89\/"},"modified":"2024-03-29T15:32:32","modified_gmt":"2024-03-29T15:32:32","slug":"avocat-divorce-amiable-sans-juge-saint-georges-sur-baulche-89","status":"publish","type":"page","link":"https:\/\/avocat-gc.com\/divorce\/avocat-divorce-amiable-sans-juge-saint-georges-sur-baulche-89\/","title":{"rendered":"Avocat divorce amiable sans juge \u00e0 Saint-Georges-sur-Baulche (89)"},"content":{"rendered":"<\/p>\n<p>Avocat divorce amiable sans juge \u00e0 Saint-Georges-sur-Baulche<a href=\"\/divorce\/avocat-divorce\/saint-georges-sur-baulche\/\" rel=\"nofollow\">\u25c4 Avocat divorce \u00e0 Saint-Georges-sur-Baulche (89)<\/a><\/p>\n<h2>DIVORCER SANS JUGE \u00c0 SAINT-GEORGES-SUR-BAULCHE (89)<\/h2>\n<\/p>\n<p class=\"img-left\"><img decoding=\"async\" alt=\"Avocat Divorce Amiable sans juge Saint-Georges-sur-Baulche (89)\" title=\"Avocat Divorce Amiable sans juge Saint-Georges-sur-Baulche (89)\" width=\"170\" border=\"2\" src=\"\/divorce\/wp-content\/uploads\/2024\/04\/avocat-divorce-amiable-paris.jpg\" \/><\/p>\n<p align=\"justify\">Le Cabinet d\u2019avocats GUEGUEN-CARROLL, experiment\u00e9\u00a0en divorce, vous assiste pour votre <a href=\"\/divorce\/avocat-divorce\/saint-georges-sur-baulche\/\" rel=\"nofollow noopener\" target=\"_parent\">divorce sans juge \u00e0 Saint-Georges-sur-Baulche (89).<\/a>\u00a0Cette proc\u00e9dure de <a href=\"\/divorce\/divorce-amiable\/\" rel=\"nofollow\">divorce par consentement mutuel<\/a>\u00a0(appel\u00e9 aussi \u00ab\u00a0divorce \u00e0 l&rsquo;amiable\u00a0\u00bb) est consid\u00e9r\u00e9e comme simple, rapide, et \u00e9conomique. Notre cabinet d\u2019avocat divorce pour vous divorcer dans les meilleurs d\u00e9lais et vous expliquer, en d\u00e9tails, chaque \u00e9tape de votre proc\u00e9dure de divorce sans juge.Pour constituer votre dossier, nous vous demandons de nous fournir un certain nombre de pi\u00e8ces, tels que des actes d\u2019\u00e9tat civil, justificatifs de domicile, livret de famille, pi\u00e8ces d\u2019identit\u00e9. Nous nous chargeons ensuite de vous transmettre votre <a href=\"\/divorce\/convention-de-divorce\/\" rel=\"nofollow noopener\" title=\"\" target=\"\">convention de divorce<\/a> r\u00e9dig\u00e9e par nos avocats, suite \u00e0 un entretien avec vous. Le projet de convention vous sera envoy\u00e9 par courrier postal, en recommand\u00e9 avec accus\u00e9 de r\u00e9ception (A.R) afin d&rsquo;\u00eatre soumis \u00e0 votre signature dans un d\u00e9lai de 15 jours.\u00a0Le projet de convention, une fois sign\u00e9, doit \u00eatre retourn\u00e9e \u00e0 notre cabinet. Nous transmettrons ensuite la convention <a href=\"\/divorce\/definitions\/notaire\/\" rel=\"nofollow noopener\" title=\"\" target=\"\">au notaire<\/a> qui donnera, \u00e0 votre divorce, <a href=\"\/divorce\/definitions\/force-executoire\/\" rel=\"nofollow noopener\" title=\"\" target=\"\">force ex\u00e9cutoire<\/a> et date certaine. Vous serez officiellement divorc\u00e9s. Enfin, pour terminer la <a href=\"\/divorce\/definitions\/procedure\/\" rel=\"nofollow noopener\" title=\"\" target=\"\">proc\u00e9dure de divorce<\/a>, nous nous occupons de transcrire votre divorce sur vos actes d&rsquo;\u00e9tat civil. Si vous souhaitez en savoir davantage sur le divorce sans juge, veuillez consulter notre page:\n<\/p>\n<\/p>\n<p><a href=\"\/divorce\/divorce-sans-juge\/\" rel=\"nofollow noopener\" target=\"_parent\">\u25ba AVOCAT DIVORCE SANS JUGE<\/a><\/p>\n<h3>Articles li\u00e9s<\/h3>\n<p><a href=\"\/divorce\/articles\/comment-bien-commencer-sa-procedure-de-divorce\/\" rel=\"nofollow noopener\" title=\"\" target=\"_parent\">Comment bien commencer sa proc\u00e9dure de divorce?<\/a><br \/>\n<a href=\"\/divorce\/articles\/peut-contester-un-divorce-par-consentement-mutuel\/\" rel=\"nofollow noopener\" title=\"\" target=\"_parent\">Peut-on contester un divorce par consentement mutuel?<\/a><br \/>\n<a href=\"\/divorce\/articles\/quand-et-comment-peut-quitter-le-domicile-conjugal\/\" rel=\"nofollow noopener\" title=\"\" target=\"_parent\">Quand et comment peut-on quitter le domicile conjugal ?<\/a><\/p>\n<p>\u25ba A T\u00c9L\u00c9CHARGER: <a href=\"\/divorce\/divorce-sans-juge\/convention-saint-georges-sur-baulche\/\" rel=\"nofollow\">Mod\u00e8le de convention de divorce sans juge \u00e0 Saint-Georges-sur-Baulche (89)<\/a><\/p>\n<h3>Divorce sans juge &#8211; les tarifs<\/h3>\n<p align=\"justify\">Vous souhaitez divorcer sans juge \u00e0 Saint-Georges-sur-Baulche (89) ? Merci de remplir le devis ci-dessous afin que nous puissions estimer le co\u00fbt de votre divorce: <\/p>\n<\/p>\n<p><a href=\"http:\/\/avocat-gc.com\/divorce\/avocat-divorce-10-ans-dexperience\/\" rel=\"nofollow noopener\" target=\"_parent\">\u25ba DEVIS: AVOCAT DIVORCE SANS JUGE \u00c0 SAINT-GEORGES-SUR-BAULCHE<\/a><\/p>\n<p> J&rsquo;INTERVIENS DANS TOUTE LA FRANCE <a href=\"http:\/\/avocat-gc.com\/divorce\/avocat-divorce\/paris\/\" rel=\"nofollow noopener\" title=\"\" target=\"_parent\">Notre cabinet \u00e0 Paris<\/a> : 42 Rue de L\u00fcbeck, 75116 Paris 01 47 04 25 40<\/p>\n","protected":false},"excerpt":{"rendered":"<p>Avocat divorce amiable sans juge \u00e0 Saint-Georges-sur-Baulche\u25c4 Avocat divorce \u00e0 Saint-Georges-sur-Baulche (89) DIVORCER SANS JUGE \u00c0 SAINT-GEORGES-SUR-BAULCHE (89) Le Cabinet d\u2019avocats GUEGUEN-CARROLL, experiment\u00e9\u00a0en divorce, vous assiste pour votre divorce sans juge \u00e0 Saint-Georges-sur-Baulche (89).\u00a0Cette proc\u00e9dure de divorce par consentement mutuel\u00a0(appel\u00e9 aussi \u00ab\u00a0divorce \u00e0 l&rsquo;amiable\u00a0\u00bb) est consid\u00e9r\u00e9e comme simple, rapide, et \u00e9conomique. Notre cabinet d\u2019avocat divorce [&hellip;]<\/p>\n","protected":false},"author":1,"featured_media":0,"parent":0,"menu_order":0,"comment_status":"closed","ping_status":"closed","template":"","meta":{"_acf_changed":false,"inline_featured_image":false,"footnotes":""},"priorite":[],"class_list":["post-1358","page","type-page","status-publish","hentry"],"acf":[],"yoast_head":"<!-- This site is optimized with the Yoast SEO plugin v27.3 - https:\/\/yoast.com\/product\/yoast-seo-wordpress\/ -->\n<title>Avocat divorce amiable sans juge \u00e0 Saint-Georges-sur-Baulche (89) - Avocat Divorce<\/title>\n<meta name=\"description\" content=\"Divorcez \u00e0 l&#039;amiable et sans juge \u00e0 Saint-Georges-sur-Baulche (89) en 1 mois \u00e0 partir de 425\u20ac TTC. Contactez un Avocat divorce au \u260e 01.47.04.25.40 . Recevez un devis gratuit et imm\u00e9diat pour votre divorce. Cabinet Gueguen-Carroll. Divorce amiable - Divorce sans juge - Divorce par consentement mutuel\" \/>\n<meta name=\"robots\" content=\"index, follow, max-snippet:-1, max-image-preview:large, max-video-preview:-1\" \/>\n<link rel=\"canonical\" href=\"https:\/\/avocat-gc.com\/divorce\/avocat-divorce-amiable-sans-juge-saint-georges-sur-baulche-89\/\" \/>\n<meta property=\"og:locale\" content=\"fr_FR\" \/>\n<meta property=\"og:type\" content=\"article\" \/>\n<meta property=\"og:title\" content=\"Avocat divorce amiable sans juge \u00e0 Saint-Georges-sur-Baulche (89) - Avocat Divorce\" \/>\n<meta property=\"og:description\" content=\"Divorcez \u00e0 l&#039;amiable et sans juge \u00e0 Saint-Georges-sur-Baulche (89) en 1 mois \u00e0 partir de 425\u20ac TTC. Contactez un Avocat divorce au \u260e 01.47.04.25.40 . Recevez un devis gratuit et imm\u00e9diat pour votre divorce. Cabinet Gueguen-Carroll. Divorce amiable - Divorce sans juge - Divorce par consentement mutuel\" \/>\n<meta property=\"og:url\" content=\"https:\/\/avocat-gc.com\/divorce\/avocat-divorce-amiable-sans-juge-saint-georges-sur-baulche-89\/\" \/>\n<meta property=\"og:site_name\" content=\"Avocat GC - Avocat Divorce\" \/>\n<meta name=\"twitter:card\" content=\"summary_large_image\" \/>\n<script type=\"application\/ld+json\" class=\"yoast-schema-graph\">{\"@context\":\"https:\\\/\\\/schema.org\",\"@graph\":[{\"@type\":\"WebPage\",\"@id\":\"https:\\\/\\\/avocat-gc.com\\\/divorce\\\/avocat-divorce-amiable-sans-juge-saint-georges-sur-baulche-89\\\/\",\"url\":\"https:\\\/\\\/avocat-gc.com\\\/divorce\\\/avocat-divorce-amiable-sans-juge-saint-georges-sur-baulche-89\\\/\",\"name\":\"Avocat divorce amiable sans juge \u00e0 Saint-Georges-sur-Baulche (89) - Avocat Divorce\",\"isPartOf\":{\"@id\":\"https:\\\/\\\/avocat-gc.com\\\/divorce\\\/#website\"},\"datePublished\":\"2024-03-29T15:32:32+00:00\",\"description\":\"Divorcez \u00e0 l'amiable et sans juge \u00e0 Saint-Georges-sur-Baulche (89) en 1 mois \u00e0 partir de 425\u20ac TTC. Contactez un Avocat divorce au \u260e 01.47.04.25.40 . Recevez un devis gratuit et imm\u00e9diat pour votre divorce. Cabinet Gueguen-Carroll. Divorce amiable - Divorce sans juge - Divorce par consentement mutuel\",\"breadcrumb\":{\"@id\":\"https:\\\/\\\/avocat-gc.com\\\/divorce\\\/avocat-divorce-amiable-sans-juge-saint-georges-sur-baulche-89\\\/#breadcrumb\"},\"inLanguage\":\"fr-FR\",\"potentialAction\":[{\"@type\":\"ReadAction\",\"target\":[\"https:\\\/\\\/avocat-gc.com\\\/divorce\\\/avocat-divorce-amiable-sans-juge-saint-georges-sur-baulche-89\\\/\"]}]},{\"@type\":\"BreadcrumbList\",\"@id\":\"https:\\\/\\\/avocat-gc.com\\\/divorce\\\/avocat-divorce-amiable-sans-juge-saint-georges-sur-baulche-89\\\/#breadcrumb\",\"itemListElement\":[{\"@type\":\"ListItem\",\"position\":1,\"name\":\"Accueil\",\"item\":\"https:\\\/\\\/avocat-gc.com\\\/divorce\\\/\"},{\"@type\":\"ListItem\",\"position\":2,\"name\":\"Avocat divorce amiable sans juge \u00e0 Saint-Georges-sur-Baulche (89)\"}]},{\"@type\":\"WebSite\",\"@id\":\"https:\\\/\\\/avocat-gc.com\\\/divorce\\\/#website\",\"url\":\"https:\\\/\\\/avocat-gc.com\\\/divorce\\\/\",\"name\":\"Avocat GC - Avocat Divorce\",\"description\":\"\",\"publisher\":{\"@id\":\"https:\\\/\\\/avocat-gc.com\\\/divorce\\\/#organization\"},\"potentialAction\":[{\"@type\":\"SearchAction\",\"target\":{\"@type\":\"EntryPoint\",\"urlTemplate\":\"https:\\\/\\\/avocat-gc.com\\\/divorce\\\/?s={search_term_string}\"},\"query-input\":{\"@type\":\"PropertyValueSpecification\",\"valueRequired\":true,\"valueName\":\"search_term_string\"}}],\"inLanguage\":\"fr-FR\"},{\"@type\":\"Organization\",\"@id\":\"https:\\\/\\\/avocat-gc.com\\\/divorce\\\/#organization\",\"name\":\"Avocat GC - Avocat Divorce\",\"url\":\"https:\\\/\\\/avocat-gc.com\\\/divorce\\\/\",\"logo\":{\"@type\":\"ImageObject\",\"inLanguage\":\"fr-FR\",\"@id\":\"https:\\\/\\\/avocat-gc.com\\\/divorce\\\/#\\\/schema\\\/logo\\\/image\\\/\",\"url\":\"https:\\\/\\\/avocat-gc.com\\\/divorce\\\/wp-content\\\/uploads\\\/2024\\\/04\\\/cropped-Sans-titre.png\",\"contentUrl\":\"https:\\\/\\\/avocat-gc.com\\\/divorce\\\/wp-content\\\/uploads\\\/2024\\\/04\\\/cropped-Sans-titre.png\",\"width\":200,\"height\":180,\"caption\":\"Avocat GC - Avocat Divorce\"},\"image\":{\"@id\":\"https:\\\/\\\/avocat-gc.com\\\/divorce\\\/#\\\/schema\\\/logo\\\/image\\\/\"}}]}<\/script>\n<!-- \/ Yoast SEO plugin. -->","yoast_head_json":{"title":"Avocat divorce amiable sans juge \u00e0 Saint-Georges-sur-Baulche (89) - Avocat Divorce","description":"Divorcez \u00e0 l'amiable et sans juge \u00e0 Saint-Georges-sur-Baulche (89) en 1 mois \u00e0 partir de 425\u20ac TTC. Contactez un Avocat divorce au \u260e 01.47.04.25.40 . Recevez un devis gratuit et imm\u00e9diat pour votre divorce. Cabinet Gueguen-Carroll. Divorce amiable - Divorce sans juge - Divorce par consentement mutuel","robots":{"index":"index","follow":"follow","max-snippet":"max-snippet:-1","max-image-preview":"max-image-preview:large","max-video-preview":"max-video-preview:-1"},"canonical":"https:\/\/avocat-gc.com\/divorce\/avocat-divorce-amiable-sans-juge-saint-georges-sur-baulche-89\/","og_locale":"fr_FR","og_type":"article","og_title":"Avocat divorce amiable sans juge \u00e0 Saint-Georges-sur-Baulche (89) - Avocat Divorce","og_description":"Divorcez \u00e0 l'amiable et sans juge \u00e0 Saint-Georges-sur-Baulche (89) en 1 mois \u00e0 partir de 425\u20ac TTC. Contactez un Avocat divorce au \u260e 01.47.04.25.40 . Recevez un devis gratuit et imm\u00e9diat pour votre divorce. Cabinet Gueguen-Carroll. Divorce amiable - Divorce sans juge - Divorce par consentement mutuel","og_url":"https:\/\/avocat-gc.com\/divorce\/avocat-divorce-amiable-sans-juge-saint-georges-sur-baulche-89\/","og_site_name":"Avocat GC - Avocat Divorce","twitter_card":"summary_large_image","schema":{"@context":"https:\/\/schema.org","@graph":[{"@type":"WebPage","@id":"https:\/\/avocat-gc.com\/divorce\/avocat-divorce-amiable-sans-juge-saint-georges-sur-baulche-89\/","url":"https:\/\/avocat-gc.com\/divorce\/avocat-divorce-amiable-sans-juge-saint-georges-sur-baulche-89\/","name":"Avocat divorce amiable sans juge \u00e0 Saint-Georges-sur-Baulche (89) - Avocat Divorce","isPartOf":{"@id":"https:\/\/avocat-gc.com\/divorce\/#website"},"datePublished":"2024-03-29T15:32:32+00:00","description":"Divorcez \u00e0 l'amiable et sans juge \u00e0 Saint-Georges-sur-Baulche (89) en 1 mois \u00e0 partir de 425\u20ac TTC. Contactez un Avocat divorce au \u260e 01.47.04.25.40 . Recevez un devis gratuit et imm\u00e9diat pour votre divorce. Cabinet Gueguen-Carroll. Divorce amiable - Divorce sans juge - Divorce par consentement mutuel","breadcrumb":{"@id":"https:\/\/avocat-gc.com\/divorce\/avocat-divorce-amiable-sans-juge-saint-georges-sur-baulche-89\/#breadcrumb"},"inLanguage":"fr-FR","potentialAction":[{"@type":"ReadAction","target":["https:\/\/avocat-gc.com\/divorce\/avocat-divorce-amiable-sans-juge-saint-georges-sur-baulche-89\/"]}]},{"@type":"BreadcrumbList","@id":"https:\/\/avocat-gc.com\/divorce\/avocat-divorce-amiable-sans-juge-saint-georges-sur-baulche-89\/#breadcrumb","itemListElement":[{"@type":"ListItem","position":1,"name":"Accueil","item":"https:\/\/avocat-gc.com\/divorce\/"},{"@type":"ListItem","position":2,"name":"Avocat divorce amiable sans juge \u00e0 Saint-Georges-sur-Baulche (89)"}]},{"@type":"WebSite","@id":"https:\/\/avocat-gc.com\/divorce\/#website","url":"https:\/\/avocat-gc.com\/divorce\/","name":"Avocat GC - Avocat Divorce","description":"","publisher":{"@id":"https:\/\/avocat-gc.com\/divorce\/#organization"},"potentialAction":[{"@type":"SearchAction","target":{"@type":"EntryPoint","urlTemplate":"https:\/\/avocat-gc.com\/divorce\/?s={search_term_string}"},"query-input":{"@type":"PropertyValueSpecification","valueRequired":true,"valueName":"search_term_string"}}],"inLanguage":"fr-FR"},{"@type":"Organization","@id":"https:\/\/avocat-gc.com\/divorce\/#organization","name":"Avocat GC - Avocat Divorce","url":"https:\/\/avocat-gc.com\/divorce\/","logo":{"@type":"ImageObject","inLanguage":"fr-FR","@id":"https:\/\/avocat-gc.com\/divorce\/#\/schema\/logo\/image\/","url":"https:\/\/avocat-gc.com\/divorce\/wp-content\/uploads\/2024\/04\/cropped-Sans-titre.png","contentUrl":"https:\/\/avocat-gc.com\/divorce\/wp-content\/uploads\/2024\/04\/cropped-Sans-titre.png","width":200,"height":180,"caption":"Avocat GC - Avocat Divorce"},"image":{"@id":"https:\/\/avocat-gc.com\/divorce\/#\/schema\/logo\/image\/"}}]}},"_links":{"self":[{"href":"https:\/\/avocat-gc.com\/divorce\/wp-json\/wp\/v2\/pages\/1358","targetHints":{"allow":["GET"]}}],"collection":[{"href":"https:\/\/avocat-gc.com\/divorce\/wp-json\/wp\/v2\/pages"}],"about":[{"href":"https:\/\/avocat-gc.com\/divorce\/wp-json\/wp\/v2\/types\/page"}],"author":[{"embeddable":true,"href":"https:\/\/avocat-gc.com\/divorce\/wp-json\/wp\/v2\/users\/1"}],"replies":[{"embeddable":true,"href":"https:\/\/avocat-gc.com\/divorce\/wp-json\/wp\/v2\/comments?post=1358"}],"version-history":[{"count":0,"href":"https:\/\/avocat-gc.com\/divorce\/wp-json\/wp\/v2\/pages\/1358\/revisions"}],"wp:attachment":[{"href":"https:\/\/avocat-gc.com\/divorce\/wp-json\/wp\/v2\/media?parent=1358"}],"wp:term":[{"taxonomy":"priorite","embeddable":true,"href":"https:\/\/avocat-gc.com\/divorce\/wp-json\/wp\/v2\/priorite?post=1358"}],"curies":[{"name":"wp","href":"https:\/\/api.w.org\/{rel}","templated":true}]}}