{"id":1313,"date":"2024-03-29T15:32:27","date_gmt":"2024-03-29T15:32:27","guid":{"rendered":"https:\/\/avocat-gc.com\/divorce\/avocat-divorce-amiable-sans-juge-saint-andre-de-leure\/"},"modified":"2024-03-29T15:32:27","modified_gmt":"2024-03-29T15:32:27","slug":"avocat-divorce-amiable-sans-juge-saint-andre-de-leure","status":"publish","type":"page","link":"https:\/\/avocat-gc.com\/divorce\/avocat-divorce-amiable-sans-juge-saint-andre-de-leure\/","title":{"rendered":"Avocat divorce amiable sans juge \u00e0 Saint-Andr\u00e9-de-l&rsquo;Eure"},"content":{"rendered":"<\/p>\n<p>Avocat divorce amiable sans juge \u00e0 Saint-Andr\u00e9-de-l&rsquo;Eure<a href=\"\/divorce\/avocat-divorce\/saint-andre-de-leure\/\" rel=\"nofollow noopener\" target=\"_parent\">\u25c4 Avocat divorce \u00e0 Saint-Andr\u00e9-de-l&rsquo;Eure (27)<\/a><\/p>\n<h2> DIVORCE SANS JUGE \u00c0 SAINT-ANDR\u00c9-DE-L&rsquo;EURE(27) <\/h2>\n<\/p>\n<p class=\"img-left\"><img decoding=\"async\" alt=\"Avocat Divorce Amiable sans juge Saint-Andr\u00e9-de-l'Eure (27) \" title=\"Avocat Divorce Amiable sans juge  Saint-Andr\u00e9-de-l'Eure (27)\" width=\"170\" border=\"2\" src=\"\/divorce\/wp-content\/uploads\/2024\/04\/avocat-divorce-amiable-paris.jpg\" \/><\/p>\n<p align=\"justify\">Un divorce par consentement mutuel dit \u00abdivorce \u00e0 l\u2019amiable \u00bb est une proc\u00e9dure courte et rapide pour les \u00e9poux qui sont d\u2019accord sur le principe m\u00eame du divorce mais aussi sur ses cons\u00e9quences. Le divorce \u00e0 l\u2019amiable\u00a0sans juge permet aux deux \u00e9poux de divorcer directement devant leurs avocats. Il est donc primordial de bien s\u2019entendre car aucun reproche ne pourra \u00eatre pris en compte.\u00a0Les \u00e9tapes du <a href=\"\/divorce\/avocat-divorce\/saint-andre-de-leure\/\" rel=\"nofollow noopener\" title=\"\" target=\"\">divorce \u00e0 l\u2019amiable sans juge \u00e0 Saint-Andr\u00e9-de-l&rsquo;Eure<\/a> sont les suivantes :<\/p>\n<p>le rendez-vous avec l\u2019avocat lors duquel les \u00e9poux r\u00e9digent la <a href=\"\/divorce\/convention-de-divorce\/\" rel=\"nofollow noopener\" title=\"\" target=\"\">convention de divorce<\/a><br \/>\nla constitution du dossier<br \/>\nl&rsquo;envoi du projet de convention au domicile des \u00e9poux puis la signature du projet dans un d\u00e9lai de 15 jours<br \/>\nL&rsquo;enregistrement par le notaire<br \/>\nles formalit\u00e9s de transcription du divorce sur les actes d\u2019\u00e9tat civil des deux \u00e9poux<\/p>\n<p>Cette <a href=\"\/divorce\/definitions\/procedure\/\" rel=\"nofollow noopener\" title=\"\" target=\"\">proc\u00e9dure<\/a> est rapide: entre 15 jours et 1 mois.Les \u00e9poux doivent \u00eatre parfaitement d&rsquo;accord sur chaque point de la convention. Le moindre d\u00e9saccord ferait l&rsquo;objet d&rsquo;une proc\u00e9dure contentieuse devant le<a href=\"\/divorce\/definitions\/juge-aux-affaires-familiales\/\" rel=\"nofollow noopener\" title=\"\" target=\"\"> Juge aux Affaires Familiales<\/a>.Si vous souhaitez en savoir davantage sur le divorce sans juge, veuillez consulter notre page:<\/p>\n<\/p>\n<p><a href=\"\/divorce\/divorce-sans-juge\/\" rel=\"nofollow noopener\" target=\"_parent\"> \u25ba AVOCAT DIVORCE SANS JUGE <\/a><\/p>\n<h3>Articles li\u00e9s<\/h3>\n<p><a href=\"\/divorce\/articles\/la-residence-alternee-comment-est-elle-etablie\/\" rel=\"nofollow noopener\" title=\"\" target=\"_parent\">La r\u00e9sidence altern\u00e9e : comment est-elle \u00e9tablie?<\/a><br \/>\n<a href=\"\/divorce\/articles\/la-prestation-compensatoire-tout-savoir\/\" rel=\"nofollow noopener\" title=\"\" target=\"_parent\">La prestation compensatoire: tout savoir<\/a><br \/>\n<a href=\"\/divorce\/articles\/quest-ce-quun-etat-liquidatif\/\" rel=\"nofollow noopener\" title=\"\" target=\"_parent\">Qu&rsquo;est ce qu&rsquo;un \u00e9tat liquidatif ?<\/a><\/p>\n<p>\u25ba A T\u00c9L\u00c9CHARGER: <a href=\"\/divorce\/convention-divorce-sans-juge-saint-andre-de-leure-27\/\" rel=\"nofollow\">Mod\u00e8le de convention de divorce sans juge \u00e0 Saint-Andr\u00e9-de-l&rsquo;Eure (27)<\/a><\/p>\n<h3>Divorce sans juge &#8211; les tarifs<\/h3>\n<p align=\"justify\">Le co\u00fbt d&rsquo;un divorce sans juge par consentement mutuel d\u00e9pend de votre situation. Pour obtenir une estimation des tarifs d&rsquo;un divorce sans juge \u00e0 Saint-Andr\u00e9-de-l&rsquo;Eure (27), merci de remplir le devis ci-apr\u00e8s<\/p>\n<\/p>\n<p><a href=\"http:\/\/avocat-gc.com\/divorce\/avocat-divorce-10-ans-dexperience\/\" rel=\"nofollow noopener\" target=\"_parent\">\u25ba DEVIS: AVOCAT DIVORCE \u00c0 SAINT-ANDR\u00c9-DE-L&rsquo;EURE<\/a><\/p>\n<p> J&rsquo;INTERVIENS DANS TOUTE LA FRANCE <a href=\"http:\/\/avocat-gc.com\/divorce\/avocat-divorce\/paris\/\" rel=\"nofollow noopener\" title=\"\" target=\"_parent\">Notre cabinet \u00e0 Paris<\/a> : 42 Rue de L\u00fcbeck, 75116 Paris 01 47 04 25 40<\/p>\n","protected":false},"excerpt":{"rendered":"<p>Avocat divorce amiable sans juge \u00e0 Saint-Andr\u00e9-de-l&rsquo;Eure\u25c4 Avocat divorce \u00e0 Saint-Andr\u00e9-de-l&rsquo;Eure (27) DIVORCE SANS JUGE \u00c0 SAINT-ANDR\u00c9-DE-L&rsquo;EURE(27) Un divorce par consentement mutuel dit \u00abdivorce \u00e0 l\u2019amiable \u00bb est une proc\u00e9dure courte et rapide pour les \u00e9poux qui sont d\u2019accord sur le principe m\u00eame du divorce mais aussi sur ses cons\u00e9quences. Le divorce \u00e0 l\u2019amiable\u00a0sans juge [&hellip;]<\/p>\n","protected":false},"author":1,"featured_media":0,"parent":0,"menu_order":0,"comment_status":"closed","ping_status":"closed","template":"","meta":{"_acf_changed":false,"inline_featured_image":false,"footnotes":""},"priorite":[],"class_list":["post-1313","page","type-page","status-publish","hentry"],"acf":[],"yoast_head":"<!-- This site is optimized with the Yoast SEO plugin v27.3 - https:\/\/yoast.com\/product\/yoast-seo-wordpress\/ -->\n<title>Avocat divorce amiable sans juge \u00e0 Saint-Andr\u00e9-de-l&#039;Eure - Avocat Divorce<\/title>\n<meta name=\"description\" content=\"Contactez un Avocat divorce \u00e0 Saint-Andr\u00e9-de-l&#039;Eure et divorcez sans juge par consentement mutuel en 1 mois \u00e0 partir de 425\u20ac TTC. Recevez un devis gratuit et imm\u00e9diat pour votre divorce \u00e0 l&#039;amiable\" \/>\n<meta name=\"robots\" content=\"index, follow, max-snippet:-1, max-image-preview:large, max-video-preview:-1\" \/>\n<link rel=\"canonical\" href=\"https:\/\/avocat-gc.com\/divorce\/avocat-divorce-amiable-sans-juge-saint-andre-de-leure\/\" \/>\n<meta property=\"og:locale\" content=\"fr_FR\" \/>\n<meta property=\"og:type\" content=\"article\" \/>\n<meta property=\"og:title\" content=\"Avocat divorce amiable sans juge \u00e0 Saint-Andr\u00e9-de-l&#039;Eure - Avocat Divorce\" \/>\n<meta property=\"og:description\" content=\"Contactez un Avocat divorce \u00e0 Saint-Andr\u00e9-de-l&#039;Eure et divorcez sans juge par consentement mutuel en 1 mois \u00e0 partir de 425\u20ac TTC. Recevez un devis gratuit et imm\u00e9diat pour votre divorce \u00e0 l&#039;amiable\" \/>\n<meta property=\"og:url\" content=\"https:\/\/avocat-gc.com\/divorce\/avocat-divorce-amiable-sans-juge-saint-andre-de-leure\/\" \/>\n<meta property=\"og:site_name\" content=\"Avocat GC - Avocat Divorce\" \/>\n<meta name=\"twitter:card\" content=\"summary_large_image\" \/>\n<script type=\"application\/ld+json\" class=\"yoast-schema-graph\">{\"@context\":\"https:\\\/\\\/schema.org\",\"@graph\":[{\"@type\":\"WebPage\",\"@id\":\"https:\\\/\\\/avocat-gc.com\\\/divorce\\\/avocat-divorce-amiable-sans-juge-saint-andre-de-leure\\\/\",\"url\":\"https:\\\/\\\/avocat-gc.com\\\/divorce\\\/avocat-divorce-amiable-sans-juge-saint-andre-de-leure\\\/\",\"name\":\"Avocat divorce amiable sans juge \u00e0 Saint-Andr\u00e9-de-l'Eure - Avocat Divorce\",\"isPartOf\":{\"@id\":\"https:\\\/\\\/avocat-gc.com\\\/divorce\\\/#website\"},\"datePublished\":\"2024-03-29T15:32:27+00:00\",\"description\":\"Contactez un Avocat divorce \u00e0 Saint-Andr\u00e9-de-l'Eure et divorcez sans juge par consentement mutuel en 1 mois \u00e0 partir de 425\u20ac TTC. Recevez un devis gratuit et imm\u00e9diat pour votre divorce \u00e0 l'amiable\",\"breadcrumb\":{\"@id\":\"https:\\\/\\\/avocat-gc.com\\\/divorce\\\/avocat-divorce-amiable-sans-juge-saint-andre-de-leure\\\/#breadcrumb\"},\"inLanguage\":\"fr-FR\",\"potentialAction\":[{\"@type\":\"ReadAction\",\"target\":[\"https:\\\/\\\/avocat-gc.com\\\/divorce\\\/avocat-divorce-amiable-sans-juge-saint-andre-de-leure\\\/\"]}]},{\"@type\":\"BreadcrumbList\",\"@id\":\"https:\\\/\\\/avocat-gc.com\\\/divorce\\\/avocat-divorce-amiable-sans-juge-saint-andre-de-leure\\\/#breadcrumb\",\"itemListElement\":[{\"@type\":\"ListItem\",\"position\":1,\"name\":\"Accueil\",\"item\":\"https:\\\/\\\/avocat-gc.com\\\/divorce\\\/\"},{\"@type\":\"ListItem\",\"position\":2,\"name\":\"Avocat divorce amiable sans juge \u00e0 Saint-Andr\u00e9-de-l&rsquo;Eure\"}]},{\"@type\":\"WebSite\",\"@id\":\"https:\\\/\\\/avocat-gc.com\\\/divorce\\\/#website\",\"url\":\"https:\\\/\\\/avocat-gc.com\\\/divorce\\\/\",\"name\":\"Avocat GC - Avocat Divorce\",\"description\":\"\",\"publisher\":{\"@id\":\"https:\\\/\\\/avocat-gc.com\\\/divorce\\\/#organization\"},\"potentialAction\":[{\"@type\":\"SearchAction\",\"target\":{\"@type\":\"EntryPoint\",\"urlTemplate\":\"https:\\\/\\\/avocat-gc.com\\\/divorce\\\/?s={search_term_string}\"},\"query-input\":{\"@type\":\"PropertyValueSpecification\",\"valueRequired\":true,\"valueName\":\"search_term_string\"}}],\"inLanguage\":\"fr-FR\"},{\"@type\":\"Organization\",\"@id\":\"https:\\\/\\\/avocat-gc.com\\\/divorce\\\/#organization\",\"name\":\"Avocat GC - Avocat Divorce\",\"url\":\"https:\\\/\\\/avocat-gc.com\\\/divorce\\\/\",\"logo\":{\"@type\":\"ImageObject\",\"inLanguage\":\"fr-FR\",\"@id\":\"https:\\\/\\\/avocat-gc.com\\\/divorce\\\/#\\\/schema\\\/logo\\\/image\\\/\",\"url\":\"https:\\\/\\\/avocat-gc.com\\\/divorce\\\/wp-content\\\/uploads\\\/2024\\\/04\\\/cropped-Sans-titre.png\",\"contentUrl\":\"https:\\\/\\\/avocat-gc.com\\\/divorce\\\/wp-content\\\/uploads\\\/2024\\\/04\\\/cropped-Sans-titre.png\",\"width\":200,\"height\":180,\"caption\":\"Avocat GC - Avocat Divorce\"},\"image\":{\"@id\":\"https:\\\/\\\/avocat-gc.com\\\/divorce\\\/#\\\/schema\\\/logo\\\/image\\\/\"}}]}<\/script>\n<!-- \/ Yoast SEO plugin. -->","yoast_head_json":{"title":"Avocat divorce amiable sans juge \u00e0 Saint-Andr\u00e9-de-l'Eure - Avocat Divorce","description":"Contactez un Avocat divorce \u00e0 Saint-Andr\u00e9-de-l'Eure et divorcez sans juge par consentement mutuel en 1 mois \u00e0 partir de 425\u20ac TTC. Recevez un devis gratuit et imm\u00e9diat pour votre divorce \u00e0 l'amiable","robots":{"index":"index","follow":"follow","max-snippet":"max-snippet:-1","max-image-preview":"max-image-preview:large","max-video-preview":"max-video-preview:-1"},"canonical":"https:\/\/avocat-gc.com\/divorce\/avocat-divorce-amiable-sans-juge-saint-andre-de-leure\/","og_locale":"fr_FR","og_type":"article","og_title":"Avocat divorce amiable sans juge \u00e0 Saint-Andr\u00e9-de-l'Eure - Avocat Divorce","og_description":"Contactez un Avocat divorce \u00e0 Saint-Andr\u00e9-de-l'Eure et divorcez sans juge par consentement mutuel en 1 mois \u00e0 partir de 425\u20ac TTC. Recevez un devis gratuit et imm\u00e9diat pour votre divorce \u00e0 l'amiable","og_url":"https:\/\/avocat-gc.com\/divorce\/avocat-divorce-amiable-sans-juge-saint-andre-de-leure\/","og_site_name":"Avocat GC - Avocat Divorce","twitter_card":"summary_large_image","schema":{"@context":"https:\/\/schema.org","@graph":[{"@type":"WebPage","@id":"https:\/\/avocat-gc.com\/divorce\/avocat-divorce-amiable-sans-juge-saint-andre-de-leure\/","url":"https:\/\/avocat-gc.com\/divorce\/avocat-divorce-amiable-sans-juge-saint-andre-de-leure\/","name":"Avocat divorce amiable sans juge \u00e0 Saint-Andr\u00e9-de-l'Eure - Avocat Divorce","isPartOf":{"@id":"https:\/\/avocat-gc.com\/divorce\/#website"},"datePublished":"2024-03-29T15:32:27+00:00","description":"Contactez un Avocat divorce \u00e0 Saint-Andr\u00e9-de-l'Eure et divorcez sans juge par consentement mutuel en 1 mois \u00e0 partir de 425\u20ac TTC. Recevez un devis gratuit et imm\u00e9diat pour votre divorce \u00e0 l'amiable","breadcrumb":{"@id":"https:\/\/avocat-gc.com\/divorce\/avocat-divorce-amiable-sans-juge-saint-andre-de-leure\/#breadcrumb"},"inLanguage":"fr-FR","potentialAction":[{"@type":"ReadAction","target":["https:\/\/avocat-gc.com\/divorce\/avocat-divorce-amiable-sans-juge-saint-andre-de-leure\/"]}]},{"@type":"BreadcrumbList","@id":"https:\/\/avocat-gc.com\/divorce\/avocat-divorce-amiable-sans-juge-saint-andre-de-leure\/#breadcrumb","itemListElement":[{"@type":"ListItem","position":1,"name":"Accueil","item":"https:\/\/avocat-gc.com\/divorce\/"},{"@type":"ListItem","position":2,"name":"Avocat divorce amiable sans juge \u00e0 Saint-Andr\u00e9-de-l&rsquo;Eure"}]},{"@type":"WebSite","@id":"https:\/\/avocat-gc.com\/divorce\/#website","url":"https:\/\/avocat-gc.com\/divorce\/","name":"Avocat GC - Avocat Divorce","description":"","publisher":{"@id":"https:\/\/avocat-gc.com\/divorce\/#organization"},"potentialAction":[{"@type":"SearchAction","target":{"@type":"EntryPoint","urlTemplate":"https:\/\/avocat-gc.com\/divorce\/?s={search_term_string}"},"query-input":{"@type":"PropertyValueSpecification","valueRequired":true,"valueName":"search_term_string"}}],"inLanguage":"fr-FR"},{"@type":"Organization","@id":"https:\/\/avocat-gc.com\/divorce\/#organization","name":"Avocat GC - Avocat Divorce","url":"https:\/\/avocat-gc.com\/divorce\/","logo":{"@type":"ImageObject","inLanguage":"fr-FR","@id":"https:\/\/avocat-gc.com\/divorce\/#\/schema\/logo\/image\/","url":"https:\/\/avocat-gc.com\/divorce\/wp-content\/uploads\/2024\/04\/cropped-Sans-titre.png","contentUrl":"https:\/\/avocat-gc.com\/divorce\/wp-content\/uploads\/2024\/04\/cropped-Sans-titre.png","width":200,"height":180,"caption":"Avocat GC - Avocat Divorce"},"image":{"@id":"https:\/\/avocat-gc.com\/divorce\/#\/schema\/logo\/image\/"}}]}},"_links":{"self":[{"href":"https:\/\/avocat-gc.com\/divorce\/wp-json\/wp\/v2\/pages\/1313","targetHints":{"allow":["GET"]}}],"collection":[{"href":"https:\/\/avocat-gc.com\/divorce\/wp-json\/wp\/v2\/pages"}],"about":[{"href":"https:\/\/avocat-gc.com\/divorce\/wp-json\/wp\/v2\/types\/page"}],"author":[{"embeddable":true,"href":"https:\/\/avocat-gc.com\/divorce\/wp-json\/wp\/v2\/users\/1"}],"replies":[{"embeddable":true,"href":"https:\/\/avocat-gc.com\/divorce\/wp-json\/wp\/v2\/comments?post=1313"}],"version-history":[{"count":0,"href":"https:\/\/avocat-gc.com\/divorce\/wp-json\/wp\/v2\/pages\/1313\/revisions"}],"wp:attachment":[{"href":"https:\/\/avocat-gc.com\/divorce\/wp-json\/wp\/v2\/media?parent=1313"}],"wp:term":[{"taxonomy":"priorite","embeddable":true,"href":"https:\/\/avocat-gc.com\/divorce\/wp-json\/wp\/v2\/priorite?post=1313"}],"curies":[{"name":"wp","href":"https:\/\/api.w.org\/{rel}","templated":true}]}}