{"id":130,"date":"2024-03-29T15:30:20","date_gmt":"2024-03-29T15:30:20","guid":{"rendered":"https:\/\/avocat-gc.com\/divorce\/alteration-definitive-lien-conjugal\/"},"modified":"2026-01-12T11:36:41","modified_gmt":"2026-01-12T11:36:41","slug":"alteration-definitive-lien-conjugal","status":"publish","type":"page","link":"https:\/\/avocat-gc.com\/divorce\/alteration-definitive-lien-conjugal\/","title":{"rendered":"Divorce pour alt\u00e9ration d\u00e9finitive du lien conjugal"},"content":{"rendered":"<p dir=\"ltr\">Apr\u00e8s une s\u00e9paration de fait, c\u2019est-\u00e0-dire l\u2019absence de cohabitation pendant 2 ans entre les \u00e9poux, un des deux \u00e9poux peut alors demander le divorce pour alt\u00e9ration d\u00e9finitive du lien conjugal. Ce divorce permet \u00e0 un \u00e9poux de divorcer alors que son conjoint s\u2019y oppose sans pour autant faire assumer \u00e0 celui qui engage <a title=\"avocat proc\u00e9dure divorce\" href=\"\/divorce\/definitions\/procedure\/\" target=\"\" rel=\"noopener\">la proc\u00e9dure <\/a>la responsabilit\u00e9 de la rupture.<\/p>\n<p style=\"border: 0px; outline: 0px; vertical-align: baseline; margin: 0px; padding: 0px 0px 10px; line-height: 20px; color: #333333; font-family: arial, helvetica, sans-serif;\">La s\u00e9paration doit \u00eatre effective c\u2019est-\u00e0-dire que les \u00e9poux ne doivent plus vivre ensemble.\u00a0Il n\u2019est pas n\u00e9cessaire d\u2019attendre 2 ans pour lancer le divorce puisque le d\u00e9lai courre jusqu\u2019au jour de <a title=\"avocat divorce assignation\" href=\"\/divorce\/definitions\/assignation\/\" target=\"\" rel=\"noopener\">l\u2019assignation<\/a>.<\/p>\n<p style=\"border: 0px; outline: 0px; vertical-align: baseline; margin: 0px; padding: 0px 0px 10px; line-height: 20px; color: #333333; font-family: arial, helvetica, sans-serif;\">Afin de justifier de la s\u00e9paration et du d\u00e9lai, tous les modes de preuves sont admis (t\u00e9moignages, quittance de loyer, concubinage d\u2019un des deux \u00e9poux, &#8230;)<\/p>\n<h3 dir=\"ltr\">Comment se d\u00e9roule votre proc\u00e9dure de divorce pour rupture du lien conjugal ?<\/h3>\n<p>1\u00e8re \u00e9tape : Contactez le cabinet<\/p>\n<p dir=\"ltr\">Vous me contactez au 01.47.04.25.40 ou vous m&rsquo;adressez un email \u00e0 <a href=\"mailto:info@avocat-gc.com\">info@avocat-gc.com<\/a> afin de prendre rendez-vous au cabinet. Vous pouvez \u00e9galement <a href=\"\/divorce\/prendre-rdv\">prendre rendez-vous directement depuis cette page<\/a>, en deux clics.<\/p>\n<p dir=\"ltr\">Lors de notre rendez-vous :<\/p>\n<p>\u00a0Je vous expliquerai la proc\u00e9dure de divorce pour alt\u00e9ration d\u00e9finitive du lien conjugal et j&rsquo;envisagerai ensemble en place la meilleure strat\u00e9gie \u00e0 adopter.<\/p>\n<p>Je proc\u00e9derai \u00e0 la r\u00e9daction des papiers officiels du divorce que vous signerez sur place (requ\u00eate en divorce).<\/p>\n<p>2\u00e8me \u00e9tape : Audience<\/p>\n<p dir=\"ltr\">La 1\u00e8re audience est appel\u00e9e \u00ab audience de conciliation \u00bb, elle permet au juge de constater que les \u00e9poux refusent de se r\u00e9concilier et sont en accord sur le principe de divorcer.<\/p>\n<p dir=\"ltr\">Le juge constatera cet accord de divorcer dans un proc\u00e8s-verbal qui sera sign\u00e9 par les \u00e9poux et leurs avocats respectifs. Ce document sera annex\u00e9 \u00e0 l\u2019<a title=\"divorce ONC\" href=\"\/divorce\/definitions\/ordonnance-de-non-conciliation\/\" target=\"\" rel=\"noopener\">ordonnance de non-conciliation<\/a>.<\/p>\n<p dir=\"ltr\">Une fois l\u2019audience de conciliation pass\u00e9e, d\u2019autres audiences auront lieu entre les avocats et le juge, audiences auxquelles vous n\u2019avez pas \u00e0 assister.<\/p>\n<p>3\u00e8me \u00e9tape : Jugement<\/p>\n<p dir=\"ltr\">Le juge d\u00e9cidera des mesures provisoires en attendant le divorce d\u00e9finitif (quel \u00e9poux conserve le domicile familial, lieu de r\u00e9sidence principal des enfants, garde des enfants, montant de la <a title=\"divorce pension alimentaire\" href=\"\/divorce\/definitions\/pension-alimentaire\/\" target=\"\" rel=\"noopener\">pension alimentaire<\/a>, &#8230;). Cette audience est assez rapide (15 minutes), les \u00e9poux sont re\u00e7us s\u00e9par\u00e9ment par le juge, puis ensemble avec les avocats.<\/p>\n<p dir=\"ltr\">Il y aura ensuite d&rsquo;autres audiences de proc\u00e9dure auxquelles vous n&rsquo;avez pas \u00e0 assister mais pendant lesquelles je vous repr\u00e9senterai.<\/p>\n","protected":false},"excerpt":{"rendered":"<p>Apr\u00e8s une s\u00e9paration de fait, c\u2019est-\u00e0-dire l\u2019absence de cohabitation pendant 2 ans entre les \u00e9poux, un des deux \u00e9poux peut alors demander le divorce pour alt\u00e9ration d\u00e9finitive du lien conjugal. Ce divorce permet \u00e0 un \u00e9poux de divorcer alors que son conjoint s\u2019y oppose sans pour autant faire assumer \u00e0 celui qui engage la proc\u00e9dure [&hellip;]<\/p>\n","protected":false},"author":1,"featured_media":0,"parent":0,"menu_order":0,"comment_status":"closed","ping_status":"closed","template":"","meta":{"_acf_changed":false,"inline_featured_image":false,"footnotes":""},"priorite":[],"class_list":["post-130","page","type-page","status-publish","hentry"],"acf":[],"yoast_head":"<!-- This site is optimized with the Yoast SEO plugin v27.5 - https:\/\/yoast.com\/product\/yoast-seo-wordpress\/ -->\n<title>Alt\u00e9ration d\u00e9finitive du lien conjugal \u2014 Divorce - Avocat Divorce<\/title>\n<meta name=\"description\" content=\"Apr\u00e8s l\u2019absence de cohabitation pendant 2 ans, un des deux \u00e9poux peut alors demander le divorce pour alt\u00e9ration d\u00e9finitive du lien conjugal.\" \/>\n<meta name=\"robots\" content=\"index, follow, max-snippet:-1, max-image-preview:large, max-video-preview:-1\" \/>\n<link rel=\"canonical\" href=\"https:\/\/avocat-gc.com\/divorce\/alteration-definitive-lien-conjugal\/\" \/>\n<meta property=\"og:locale\" content=\"fr_FR\" \/>\n<meta property=\"og:type\" content=\"article\" \/>\n<meta property=\"og:title\" content=\"Alt\u00e9ration d\u00e9finitive du lien conjugal \u2014 Divorce - Avocat Divorce\" \/>\n<meta property=\"og:description\" content=\"Apr\u00e8s l\u2019absence de cohabitation pendant 2 ans, un des deux \u00e9poux peut alors demander le divorce pour alt\u00e9ration d\u00e9finitive du lien conjugal.\" \/>\n<meta property=\"og:url\" content=\"https:\/\/avocat-gc.com\/divorce\/alteration-definitive-lien-conjugal\/\" \/>\n<meta property=\"og:site_name\" content=\"Avocat GC - Avocat Divorce\" \/>\n<meta property=\"article:modified_time\" content=\"2026-01-12T11:36:41+00:00\" \/>\n<meta name=\"twitter:card\" content=\"summary_large_image\" \/>\n<script type=\"application\/ld+json\" class=\"yoast-schema-graph\">{\"@context\":\"https:\\\/\\\/schema.org\",\"@graph\":[{\"@type\":\"WebPage\",\"@id\":\"https:\\\/\\\/avocat-gc.com\\\/divorce\\\/alteration-definitive-lien-conjugal\\\/\",\"url\":\"https:\\\/\\\/avocat-gc.com\\\/divorce\\\/alteration-definitive-lien-conjugal\\\/\",\"name\":\"Alt\u00e9ration d\u00e9finitive du lien conjugal \u2014 Divorce - Avocat Divorce\",\"isPartOf\":{\"@id\":\"https:\\\/\\\/avocat-gc.com\\\/divorce\\\/#website\"},\"datePublished\":\"2024-03-29T15:30:20+00:00\",\"dateModified\":\"2026-01-12T11:36:41+00:00\",\"description\":\"Apr\u00e8s l\u2019absence de cohabitation pendant 2 ans, un des deux \u00e9poux peut alors demander le divorce pour alt\u00e9ration d\u00e9finitive du lien conjugal.\",\"breadcrumb\":{\"@id\":\"https:\\\/\\\/avocat-gc.com\\\/divorce\\\/alteration-definitive-lien-conjugal\\\/#breadcrumb\"},\"inLanguage\":\"fr-FR\",\"potentialAction\":[{\"@type\":\"ReadAction\",\"target\":[\"https:\\\/\\\/avocat-gc.com\\\/divorce\\\/alteration-definitive-lien-conjugal\\\/\"]}]},{\"@type\":\"BreadcrumbList\",\"@id\":\"https:\\\/\\\/avocat-gc.com\\\/divorce\\\/alteration-definitive-lien-conjugal\\\/#breadcrumb\",\"itemListElement\":[{\"@type\":\"ListItem\",\"position\":1,\"name\":\"Accueil\",\"item\":\"https:\\\/\\\/avocat-gc.com\\\/divorce\\\/\"},{\"@type\":\"ListItem\",\"position\":2,\"name\":\"Divorce pour alt\u00e9ration d\u00e9finitive du lien conjugal\"}]},{\"@type\":\"WebSite\",\"@id\":\"https:\\\/\\\/avocat-gc.com\\\/divorce\\\/#website\",\"url\":\"https:\\\/\\\/avocat-gc.com\\\/divorce\\\/\",\"name\":\"Avocat GC - Avocat Divorce\",\"description\":\"\",\"publisher\":{\"@id\":\"https:\\\/\\\/avocat-gc.com\\\/divorce\\\/#organization\"},\"potentialAction\":[{\"@type\":\"SearchAction\",\"target\":{\"@type\":\"EntryPoint\",\"urlTemplate\":\"https:\\\/\\\/avocat-gc.com\\\/divorce\\\/?s={search_term_string}\"},\"query-input\":{\"@type\":\"PropertyValueSpecification\",\"valueRequired\":true,\"valueName\":\"search_term_string\"}}],\"inLanguage\":\"fr-FR\"},{\"@type\":\"Organization\",\"@id\":\"https:\\\/\\\/avocat-gc.com\\\/divorce\\\/#organization\",\"name\":\"Avocat GC - Avocat Divorce\",\"url\":\"https:\\\/\\\/avocat-gc.com\\\/divorce\\\/\",\"logo\":{\"@type\":\"ImageObject\",\"inLanguage\":\"fr-FR\",\"@id\":\"https:\\\/\\\/avocat-gc.com\\\/divorce\\\/#\\\/schema\\\/logo\\\/image\\\/\",\"url\":\"https:\\\/\\\/avocat-gc.com\\\/divorce\\\/wp-content\\\/uploads\\\/2024\\\/04\\\/cropped-Sans-titre.png\",\"contentUrl\":\"https:\\\/\\\/avocat-gc.com\\\/divorce\\\/wp-content\\\/uploads\\\/2024\\\/04\\\/cropped-Sans-titre.png\",\"width\":200,\"height\":180,\"caption\":\"Avocat GC - Avocat Divorce\"},\"image\":{\"@id\":\"https:\\\/\\\/avocat-gc.com\\\/divorce\\\/#\\\/schema\\\/logo\\\/image\\\/\"}}]}<\/script>\n<!-- \/ Yoast SEO plugin. -->","yoast_head_json":{"title":"Alt\u00e9ration d\u00e9finitive du lien conjugal \u2014 Divorce - Avocat Divorce","description":"Apr\u00e8s l\u2019absence de cohabitation pendant 2 ans, un des deux \u00e9poux peut alors demander le divorce pour alt\u00e9ration d\u00e9finitive du lien conjugal.","robots":{"index":"index","follow":"follow","max-snippet":"max-snippet:-1","max-image-preview":"max-image-preview:large","max-video-preview":"max-video-preview:-1"},"canonical":"https:\/\/avocat-gc.com\/divorce\/alteration-definitive-lien-conjugal\/","og_locale":"fr_FR","og_type":"article","og_title":"Alt\u00e9ration d\u00e9finitive du lien conjugal \u2014 Divorce - Avocat Divorce","og_description":"Apr\u00e8s l\u2019absence de cohabitation pendant 2 ans, un des deux \u00e9poux peut alors demander le divorce pour alt\u00e9ration d\u00e9finitive du lien conjugal.","og_url":"https:\/\/avocat-gc.com\/divorce\/alteration-definitive-lien-conjugal\/","og_site_name":"Avocat GC - Avocat Divorce","article_modified_time":"2026-01-12T11:36:41+00:00","twitter_card":"summary_large_image","schema":{"@context":"https:\/\/schema.org","@graph":[{"@type":"WebPage","@id":"https:\/\/avocat-gc.com\/divorce\/alteration-definitive-lien-conjugal\/","url":"https:\/\/avocat-gc.com\/divorce\/alteration-definitive-lien-conjugal\/","name":"Alt\u00e9ration d\u00e9finitive du lien conjugal \u2014 Divorce - Avocat Divorce","isPartOf":{"@id":"https:\/\/avocat-gc.com\/divorce\/#website"},"datePublished":"2024-03-29T15:30:20+00:00","dateModified":"2026-01-12T11:36:41+00:00","description":"Apr\u00e8s l\u2019absence de cohabitation pendant 2 ans, un des deux \u00e9poux peut alors demander le divorce pour alt\u00e9ration d\u00e9finitive du lien conjugal.","breadcrumb":{"@id":"https:\/\/avocat-gc.com\/divorce\/alteration-definitive-lien-conjugal\/#breadcrumb"},"inLanguage":"fr-FR","potentialAction":[{"@type":"ReadAction","target":["https:\/\/avocat-gc.com\/divorce\/alteration-definitive-lien-conjugal\/"]}]},{"@type":"BreadcrumbList","@id":"https:\/\/avocat-gc.com\/divorce\/alteration-definitive-lien-conjugal\/#breadcrumb","itemListElement":[{"@type":"ListItem","position":1,"name":"Accueil","item":"https:\/\/avocat-gc.com\/divorce\/"},{"@type":"ListItem","position":2,"name":"Divorce pour alt\u00e9ration d\u00e9finitive du lien conjugal"}]},{"@type":"WebSite","@id":"https:\/\/avocat-gc.com\/divorce\/#website","url":"https:\/\/avocat-gc.com\/divorce\/","name":"Avocat GC - Avocat Divorce","description":"","publisher":{"@id":"https:\/\/avocat-gc.com\/divorce\/#organization"},"potentialAction":[{"@type":"SearchAction","target":{"@type":"EntryPoint","urlTemplate":"https:\/\/avocat-gc.com\/divorce\/?s={search_term_string}"},"query-input":{"@type":"PropertyValueSpecification","valueRequired":true,"valueName":"search_term_string"}}],"inLanguage":"fr-FR"},{"@type":"Organization","@id":"https:\/\/avocat-gc.com\/divorce\/#organization","name":"Avocat GC - Avocat Divorce","url":"https:\/\/avocat-gc.com\/divorce\/","logo":{"@type":"ImageObject","inLanguage":"fr-FR","@id":"https:\/\/avocat-gc.com\/divorce\/#\/schema\/logo\/image\/","url":"https:\/\/avocat-gc.com\/divorce\/wp-content\/uploads\/2024\/04\/cropped-Sans-titre.png","contentUrl":"https:\/\/avocat-gc.com\/divorce\/wp-content\/uploads\/2024\/04\/cropped-Sans-titre.png","width":200,"height":180,"caption":"Avocat GC - Avocat Divorce"},"image":{"@id":"https:\/\/avocat-gc.com\/divorce\/#\/schema\/logo\/image\/"}}]}},"_links":{"self":[{"href":"https:\/\/avocat-gc.com\/divorce\/wp-json\/wp\/v2\/pages\/130","targetHints":{"allow":["GET"]}}],"collection":[{"href":"https:\/\/avocat-gc.com\/divorce\/wp-json\/wp\/v2\/pages"}],"about":[{"href":"https:\/\/avocat-gc.com\/divorce\/wp-json\/wp\/v2\/types\/page"}],"author":[{"embeddable":true,"href":"https:\/\/avocat-gc.com\/divorce\/wp-json\/wp\/v2\/users\/1"}],"replies":[{"embeddable":true,"href":"https:\/\/avocat-gc.com\/divorce\/wp-json\/wp\/v2\/comments?post=130"}],"version-history":[{"count":3,"href":"https:\/\/avocat-gc.com\/divorce\/wp-json\/wp\/v2\/pages\/130\/revisions"}],"predecessor-version":[{"id":16264,"href":"https:\/\/avocat-gc.com\/divorce\/wp-json\/wp\/v2\/pages\/130\/revisions\/16264"}],"wp:attachment":[{"href":"https:\/\/avocat-gc.com\/divorce\/wp-json\/wp\/v2\/media?parent=130"}],"wp:term":[{"taxonomy":"priorite","embeddable":true,"href":"https:\/\/avocat-gc.com\/divorce\/wp-json\/wp\/v2\/priorite?post=130"}],"curies":[{"name":"wp","href":"https:\/\/api.w.org\/{rel}","templated":true}]}}