{"id":129,"date":"2024-03-29T15:30:20","date_gmt":"2024-03-29T15:30:20","guid":{"rendered":"https:\/\/avocat-gc.com\/divorce\/adultere-divorce\/"},"modified":"2024-03-29T15:30:20","modified_gmt":"2024-03-29T15:30:20","slug":"adultere-divorce","status":"publish","type":"page","link":"https:\/\/avocat-gc.com\/divorce\/adultere-divorce\/","title":{"rendered":"Qu&rsquo;est-ce que l&rsquo;adult\u00e8re ? \u2014 Divorce"},"content":{"rendered":"<h2>\n        Qu&rsquo;est-ce que l&rsquo;adult\u00e8re ?<\/h2>\n<p>L\u2019adult\u00e8re est un manquement au devoir de fid\u00e9lit\u00e9 impos\u00e9 par le mariage (article 212 du Code civil).<br \/>\n        Avant la loi de 1975, l&rsquo;adult\u00e8re entra\u00eenait automatiquement le divorce aux torts exclusifs de l\u2019\u00e9poux fautif. En cons\u00e9quence un <a href=\"http:\/\/avocat-gc.com\/divorce\/divorce-pour-faute\/\" title=\"\" target=\"\" rel=\"noopener\">divorce pour faute<\/a> aux torts exclusifs du fautif \u00e9tait prononc\u00e9 par le magistrat.<br \/>\n        D\u00e9sormais l\u2019adult\u00e8re, c\u2019est-\u00e0-dire le non respect de l\u2019obligation de fid\u00e9lit\u00e9 impos\u00e9 par le mariage, peut \u00eatre constitutif d\u2019une faute. <\/p>\n<p>Cette faute peut \u00eatre \u00e9cart\u00e9e par le magistrat si elle est r\u00e9ciproque, pardonn\u00e9e ou si elle est excus\u00e9e.<\/p>\n<\/p>\n<\/p>\n<p>Un adult\u00e8re pardonn\u00e9 : <\/p>\n<p>Cela signifie une r\u00e9conciliation entre les \u00e9poux, il est difficile de reprocher une faute d\u00e9j\u00e0 pardonn\u00e9e dans le pass\u00e9.Un adult\u00e8re excus\u00e9\u00a0: <\/p>\n<p>Cela signifie qu\u2019il d\u00e9coule des agissements de son conjoint. Par exemple, un \u00e9poux qui refuse toutes relations avec son conjoint, etc.<\/p>\n<p>\n        La preuve de la faute est libre et peut \u00eatre prouv\u00e9e par tous moyens : t\u00e9moignages de proches et famille (\u00e0 l\u2019exception des enfants et de leurs conjoints), SMS, lettres, photos, cartes postales, emails, journal intime, relev\u00e9s bancaires, mains courantes, plaintes, constats d\u2019huissier d\u2019adult\u00e8re, rapports d\u2019enqu\u00eate de d\u00e9tective priv\u00e9, aveu.Tous les moyens de preuve sont accept\u00e9s \u00e0 condition de ne pas les obtenir par violence ou par fraude (vol, etc.)<\/p><\/p>\n","protected":false},"excerpt":{"rendered":"<p>Qu&rsquo;est-ce que l&rsquo;adult\u00e8re ? L\u2019adult\u00e8re est un manquement au devoir de fid\u00e9lit\u00e9 impos\u00e9 par le mariage (article 212 du Code civil). Avant la loi de 1975, l&rsquo;adult\u00e8re entra\u00eenait automatiquement le divorce aux torts exclusifs de l\u2019\u00e9poux fautif. En cons\u00e9quence un divorce pour faute aux torts exclusifs du fautif \u00e9tait prononc\u00e9 par le magistrat. D\u00e9sormais l\u2019adult\u00e8re, [&hellip;]<\/p>\n","protected":false},"author":1,"featured_media":0,"parent":0,"menu_order":0,"comment_status":"closed","ping_status":"closed","template":"","meta":{"_acf_changed":false,"inline_featured_image":false,"footnotes":""},"priorite":[],"class_list":["post-129","page","type-page","status-publish","hentry"],"acf":[],"yoast_head":"<!-- This site is optimized with the Yoast SEO plugin v27.5 - https:\/\/yoast.com\/product\/yoast-seo-wordpress\/ -->\n<title>Qu&#039;est-ce que l&#039;adult\u00e8re ? \u2014 Divorce - Avocat Divorce<\/title>\n<meta name=\"description\" content=\"L\u2019adult\u00e8re est un manquement au devoir de fid\u00e9lit\u00e9 impos\u00e9 par le mariage (article 212 du Code civil).\" \/>\n<meta name=\"robots\" content=\"index, follow, max-snippet:-1, max-image-preview:large, max-video-preview:-1\" \/>\n<link rel=\"canonical\" href=\"https:\/\/avocat-gc.com\/divorce\/adultere-divorce\/\" \/>\n<meta property=\"og:locale\" content=\"fr_FR\" \/>\n<meta property=\"og:type\" content=\"article\" \/>\n<meta property=\"og:title\" content=\"Qu&#039;est-ce que l&#039;adult\u00e8re ? \u2014 Divorce - Avocat Divorce\" \/>\n<meta property=\"og:description\" content=\"L\u2019adult\u00e8re est un manquement au devoir de fid\u00e9lit\u00e9 impos\u00e9 par le mariage (article 212 du Code civil).\" \/>\n<meta property=\"og:url\" content=\"https:\/\/avocat-gc.com\/divorce\/adultere-divorce\/\" \/>\n<meta property=\"og:site_name\" content=\"Avocat GC - Avocat Divorce\" \/>\n<meta name=\"twitter:card\" content=\"summary_large_image\" \/>\n<script type=\"application\/ld+json\" class=\"yoast-schema-graph\">{\"@context\":\"https:\\\/\\\/schema.org\",\"@graph\":[{\"@type\":\"WebPage\",\"@id\":\"https:\\\/\\\/avocat-gc.com\\\/divorce\\\/adultere-divorce\\\/\",\"url\":\"https:\\\/\\\/avocat-gc.com\\\/divorce\\\/adultere-divorce\\\/\",\"name\":\"Qu'est-ce que l'adult\u00e8re ? \u2014 Divorce - Avocat Divorce\",\"isPartOf\":{\"@id\":\"https:\\\/\\\/avocat-gc.com\\\/divorce\\\/#website\"},\"datePublished\":\"2024-03-29T15:30:20+00:00\",\"description\":\"L\u2019adult\u00e8re est un manquement au devoir de fid\u00e9lit\u00e9 impos\u00e9 par le mariage (article 212 du Code civil).\",\"breadcrumb\":{\"@id\":\"https:\\\/\\\/avocat-gc.com\\\/divorce\\\/adultere-divorce\\\/#breadcrumb\"},\"inLanguage\":\"fr-FR\",\"potentialAction\":[{\"@type\":\"ReadAction\",\"target\":[\"https:\\\/\\\/avocat-gc.com\\\/divorce\\\/adultere-divorce\\\/\"]}]},{\"@type\":\"BreadcrumbList\",\"@id\":\"https:\\\/\\\/avocat-gc.com\\\/divorce\\\/adultere-divorce\\\/#breadcrumb\",\"itemListElement\":[{\"@type\":\"ListItem\",\"position\":1,\"name\":\"Accueil\",\"item\":\"https:\\\/\\\/avocat-gc.com\\\/divorce\\\/\"},{\"@type\":\"ListItem\",\"position\":2,\"name\":\"Qu&rsquo;est-ce que l&rsquo;adult\u00e8re ? \u2014 Divorce\"}]},{\"@type\":\"WebSite\",\"@id\":\"https:\\\/\\\/avocat-gc.com\\\/divorce\\\/#website\",\"url\":\"https:\\\/\\\/avocat-gc.com\\\/divorce\\\/\",\"name\":\"Avocat GC - Avocat Divorce\",\"description\":\"\",\"publisher\":{\"@id\":\"https:\\\/\\\/avocat-gc.com\\\/divorce\\\/#organization\"},\"potentialAction\":[{\"@type\":\"SearchAction\",\"target\":{\"@type\":\"EntryPoint\",\"urlTemplate\":\"https:\\\/\\\/avocat-gc.com\\\/divorce\\\/?s={search_term_string}\"},\"query-input\":{\"@type\":\"PropertyValueSpecification\",\"valueRequired\":true,\"valueName\":\"search_term_string\"}}],\"inLanguage\":\"fr-FR\"},{\"@type\":\"Organization\",\"@id\":\"https:\\\/\\\/avocat-gc.com\\\/divorce\\\/#organization\",\"name\":\"Avocat GC - Avocat Divorce\",\"url\":\"https:\\\/\\\/avocat-gc.com\\\/divorce\\\/\",\"logo\":{\"@type\":\"ImageObject\",\"inLanguage\":\"fr-FR\",\"@id\":\"https:\\\/\\\/avocat-gc.com\\\/divorce\\\/#\\\/schema\\\/logo\\\/image\\\/\",\"url\":\"https:\\\/\\\/avocat-gc.com\\\/divorce\\\/wp-content\\\/uploads\\\/2024\\\/04\\\/cropped-Sans-titre.png\",\"contentUrl\":\"https:\\\/\\\/avocat-gc.com\\\/divorce\\\/wp-content\\\/uploads\\\/2024\\\/04\\\/cropped-Sans-titre.png\",\"width\":200,\"height\":180,\"caption\":\"Avocat GC - Avocat Divorce\"},\"image\":{\"@id\":\"https:\\\/\\\/avocat-gc.com\\\/divorce\\\/#\\\/schema\\\/logo\\\/image\\\/\"}}]}<\/script>\n<!-- \/ Yoast SEO plugin. -->","yoast_head_json":{"title":"Qu'est-ce que l'adult\u00e8re ? \u2014 Divorce - Avocat Divorce","description":"L\u2019adult\u00e8re est un manquement au devoir de fid\u00e9lit\u00e9 impos\u00e9 par le mariage (article 212 du Code civil).","robots":{"index":"index","follow":"follow","max-snippet":"max-snippet:-1","max-image-preview":"max-image-preview:large","max-video-preview":"max-video-preview:-1"},"canonical":"https:\/\/avocat-gc.com\/divorce\/adultere-divorce\/","og_locale":"fr_FR","og_type":"article","og_title":"Qu'est-ce que l'adult\u00e8re ? \u2014 Divorce - Avocat Divorce","og_description":"L\u2019adult\u00e8re est un manquement au devoir de fid\u00e9lit\u00e9 impos\u00e9 par le mariage (article 212 du Code civil).","og_url":"https:\/\/avocat-gc.com\/divorce\/adultere-divorce\/","og_site_name":"Avocat GC - Avocat Divorce","twitter_card":"summary_large_image","schema":{"@context":"https:\/\/schema.org","@graph":[{"@type":"WebPage","@id":"https:\/\/avocat-gc.com\/divorce\/adultere-divorce\/","url":"https:\/\/avocat-gc.com\/divorce\/adultere-divorce\/","name":"Qu'est-ce que l'adult\u00e8re ? \u2014 Divorce - Avocat Divorce","isPartOf":{"@id":"https:\/\/avocat-gc.com\/divorce\/#website"},"datePublished":"2024-03-29T15:30:20+00:00","description":"L\u2019adult\u00e8re est un manquement au devoir de fid\u00e9lit\u00e9 impos\u00e9 par le mariage (article 212 du Code civil).","breadcrumb":{"@id":"https:\/\/avocat-gc.com\/divorce\/adultere-divorce\/#breadcrumb"},"inLanguage":"fr-FR","potentialAction":[{"@type":"ReadAction","target":["https:\/\/avocat-gc.com\/divorce\/adultere-divorce\/"]}]},{"@type":"BreadcrumbList","@id":"https:\/\/avocat-gc.com\/divorce\/adultere-divorce\/#breadcrumb","itemListElement":[{"@type":"ListItem","position":1,"name":"Accueil","item":"https:\/\/avocat-gc.com\/divorce\/"},{"@type":"ListItem","position":2,"name":"Qu&rsquo;est-ce que l&rsquo;adult\u00e8re ? \u2014 Divorce"}]},{"@type":"WebSite","@id":"https:\/\/avocat-gc.com\/divorce\/#website","url":"https:\/\/avocat-gc.com\/divorce\/","name":"Avocat GC - Avocat Divorce","description":"","publisher":{"@id":"https:\/\/avocat-gc.com\/divorce\/#organization"},"potentialAction":[{"@type":"SearchAction","target":{"@type":"EntryPoint","urlTemplate":"https:\/\/avocat-gc.com\/divorce\/?s={search_term_string}"},"query-input":{"@type":"PropertyValueSpecification","valueRequired":true,"valueName":"search_term_string"}}],"inLanguage":"fr-FR"},{"@type":"Organization","@id":"https:\/\/avocat-gc.com\/divorce\/#organization","name":"Avocat GC - Avocat Divorce","url":"https:\/\/avocat-gc.com\/divorce\/","logo":{"@type":"ImageObject","inLanguage":"fr-FR","@id":"https:\/\/avocat-gc.com\/divorce\/#\/schema\/logo\/image\/","url":"https:\/\/avocat-gc.com\/divorce\/wp-content\/uploads\/2024\/04\/cropped-Sans-titre.png","contentUrl":"https:\/\/avocat-gc.com\/divorce\/wp-content\/uploads\/2024\/04\/cropped-Sans-titre.png","width":200,"height":180,"caption":"Avocat GC - Avocat Divorce"},"image":{"@id":"https:\/\/avocat-gc.com\/divorce\/#\/schema\/logo\/image\/"}}]}},"_links":{"self":[{"href":"https:\/\/avocat-gc.com\/divorce\/wp-json\/wp\/v2\/pages\/129","targetHints":{"allow":["GET"]}}],"collection":[{"href":"https:\/\/avocat-gc.com\/divorce\/wp-json\/wp\/v2\/pages"}],"about":[{"href":"https:\/\/avocat-gc.com\/divorce\/wp-json\/wp\/v2\/types\/page"}],"author":[{"embeddable":true,"href":"https:\/\/avocat-gc.com\/divorce\/wp-json\/wp\/v2\/users\/1"}],"replies":[{"embeddable":true,"href":"https:\/\/avocat-gc.com\/divorce\/wp-json\/wp\/v2\/comments?post=129"}],"version-history":[{"count":0,"href":"https:\/\/avocat-gc.com\/divorce\/wp-json\/wp\/v2\/pages\/129\/revisions"}],"wp:attachment":[{"href":"https:\/\/avocat-gc.com\/divorce\/wp-json\/wp\/v2\/media?parent=129"}],"wp:term":[{"taxonomy":"priorite","embeddable":true,"href":"https:\/\/avocat-gc.com\/divorce\/wp-json\/wp\/v2\/priorite?post=129"}],"curies":[{"name":"wp","href":"https:\/\/api.w.org\/{rel}","templated":true}]}}