{"id":11493,"date":"2024-04-03T12:38:04","date_gmt":"2024-04-03T12:38:04","guid":{"rendered":"https:\/\/avocat-gc.com\/divorce\/?page_id=11493"},"modified":"2026-01-21T12:14:19","modified_gmt":"2026-01-21T12:14:19","slug":"prendre-rdv","status":"publish","type":"page","link":"https:\/\/avocat-gc.com\/divorce\/prendre-rdv\/","title":{"rendered":"Prendre rendez-vous"},"content":{"rendered":"\n<div class=\"wp-block-columns is-layout-flex wp-container-core-columns-is-layout-9d6595d7 wp-block-columns-is-layout-flex\">\n<div class=\"wp-block-column is-layout-flow wp-block-column-is-layout-flow\">\n<p>Contactez-moi par t\u00e9l\u00e9phone d\u00e8s maintenant pour prendre rendez-vous avec un avocat ou prenez rendez-vous directement en ligne ci-dessous :<\/p>\n<\/div>\n\n\n\n<div class=\"wp-block-column is-vertically-aligned-center is-layout-flow wp-block-column-is-layout-flow\">\n<div class=\"wp-block-buttons phone is-layout-flex wp-container-core-buttons-is-layout-c07eda73 wp-block-buttons-is-layout-flex\">\n<div class=\"wp-block-button phone-large is-style-button-vert\"><a class=\"wp-block-button__link has-large-font-size has-custom-font-size wp-element-button\" href=\"tel:0147042540\">01 47 04 25 40<\/a><\/div>\n<\/div>\n<\/div>\n<\/div>\n\n\n\n<div style=\"height:20px\" aria-hidden=\"true\" class=\"wp-block-spacer\"><\/div>\n\n\n\n<div class=\"wp-block-columns is-layout-flex wp-container-core-columns-is-layout-9d6595d7 wp-block-columns-is-layout-flex\">\n<div class=\"wp-block-column is-layout-flow wp-block-column-is-layout-flow\">\n<div class=\"wp-block-group has-color-bleu-background-color has-background\"><div class=\"wp-block-group__inner-container is-layout-constrained wp-block-group-is-layout-constrained\">\n<figure class=\"wp-block-image size-full post-thumbnail\"><img decoding=\"async\" width=\"1920\" height=\"1280\" src=\"https:\/\/avocat-gc.com\/divorce\/wp-content\/uploads\/2024\/04\/van-tay-media-TFFn3BYLc5s-unsplash.jpg\" alt=\"\" class=\"wp-image-14093\" srcset=\"https:\/\/avocat-gc.com\/divorce\/wp-content\/uploads\/2024\/04\/van-tay-media-TFFn3BYLc5s-unsplash.jpg 1920w, https:\/\/avocat-gc.com\/divorce\/wp-content\/uploads\/2024\/04\/van-tay-media-TFFn3BYLc5s-unsplash-1430x954.jpg 1430w, https:\/\/avocat-gc.com\/divorce\/wp-content\/uploads\/2024\/04\/van-tay-media-TFFn3BYLc5s-unsplash-300x200.jpg 300w, https:\/\/avocat-gc.com\/divorce\/wp-content\/uploads\/2024\/04\/van-tay-media-TFFn3BYLc5s-unsplash-768x512.jpg 768w, https:\/\/avocat-gc.com\/divorce\/wp-content\/uploads\/2024\/04\/van-tay-media-TFFn3BYLc5s-unsplash-1024x683.jpg 1024w, https:\/\/avocat-gc.com\/divorce\/wp-content\/uploads\/2024\/04\/van-tay-media-TFFn3BYLc5s-unsplash-1536x1024.jpg 1536w, https:\/\/avocat-gc.com\/divorce\/wp-content\/uploads\/2024\/04\/van-tay-media-TFFn3BYLc5s-unsplash-900x600.jpg 900w\" sizes=\"(max-width: 1920px) 100vw, 1920px\" \/><\/figure>\n\n\n\n<h2 class=\"wp-block-heading has-who-blanc-color has-text-color has-link-color has-large-font-size wp-elements-16af01aa27d291dae6a0157e9ff47af7\">Je suis pr\u00eat.e \u00e0 divorcer<\/h2>\n\n\n\n<p class=\"has-who-blanc-color has-text-color has-link-color has-small-font-size wp-elements-29b4647352fbba420ef30bccdb171a1a\">Plus de questions ?<br>Prenez rendez-vous afin de r\u00e9diger ensemble la convention de divorce.<br>Nous prendrons le temps de discuter de tous les sujets qui vous sont importants.<\/p>\n\n\n\n<div class=\"wp-block-buttons is-content-justification-center is-layout-flex wp-container-core-buttons-is-layout-16018d1d wp-block-buttons-is-layout-flex\">\n<div class=\"wp-block-button btn-rdv-divorce is-style-fill\"><a class=\"wp-block-button__link has-color-black-color has-who-blanc-background-color has-text-color has-background has-link-color has-text-align-center wp-element-button\" href=\"#rdv-divorce\">Prendre un rendez-vous divorce 1h<\/a><\/div>\n<\/div>\n<\/div><\/div>\n<\/div>\n\n\n\n<div class=\"wp-block-column is-layout-flow wp-block-column-is-layout-flow\">\n<div class=\"wp-block-group has-who-blanc-background-color has-background\"><div class=\"wp-block-group__inner-container is-layout-constrained wp-block-group-is-layout-constrained\">\n<figure class=\"wp-block-image size-large post-thumbnail\"><img decoding=\"async\" width=\"1024\" height=\"678\" src=\"https:\/\/avocat-gc.com\/divorce\/wp-content\/uploads\/2024\/05\/rohit-tandon-Mkh2La9fEDY-unsplash-1024x678.jpg\" alt=\"\" class=\"wp-image-14729\" srcset=\"https:\/\/avocat-gc.com\/divorce\/wp-content\/uploads\/2024\/05\/rohit-tandon-Mkh2La9fEDY-unsplash-1024x678.jpg 1024w, https:\/\/avocat-gc.com\/divorce\/wp-content\/uploads\/2024\/05\/rohit-tandon-Mkh2La9fEDY-unsplash-300x199.jpg 300w, https:\/\/avocat-gc.com\/divorce\/wp-content\/uploads\/2024\/05\/rohit-tandon-Mkh2La9fEDY-unsplash-768x509.jpg 768w, https:\/\/avocat-gc.com\/divorce\/wp-content\/uploads\/2024\/05\/rohit-tandon-Mkh2La9fEDY-unsplash-1536x1017.jpg 1536w, https:\/\/avocat-gc.com\/divorce\/wp-content\/uploads\/2024\/05\/rohit-tandon-Mkh2La9fEDY-unsplash-scaled.jpg 2048w\" sizes=\"(max-width: 1024px) 100vw, 1024px\" \/><\/figure>\n\n\n\n<h2 class=\"wp-block-heading has-large-font-size\">J&rsquo;ai des questions<\/h2>\n\n\n\n<p class=\"has-small-font-size\">Si vous avez des interrogations sur votre proc\u00e9dure de divorce, sur le calcul du prix&#8230;<br>Nous sommes l\u00e0 pour y r\u00e9pondre par <strong>t\u00e9l\u00e9phone<\/strong>.<br> <br>C&rsquo;est gratuit et sans engagement !<\/p>\n\n\n\n<div class=\"wp-block-buttons is-content-justification-center is-layout-flex wp-container-core-buttons-is-layout-16018d1d wp-block-buttons-is-layout-flex\">\n<div class=\"wp-block-button btn-rdv-gratuit is-style-fill\"><a class=\"wp-block-button__link has-who-blanc-color has-who-blanc-background-color has-text-color has-background has-link-color wp-element-button\" href=\"#rdv-gratuit\">Prendre un RDV gratuit de 15 min<\/a><\/div>\n<\/div>\n<\/div><\/div>\n<\/div>\n<\/div>\n\n\n\n<div class=\"wp-block-group rdv-divorce\"><div class=\"wp-block-group__inner-container is-layout-constrained wp-block-group-is-layout-constrained\">\n<div class=\"zoho-wrapper\"><iframe width='100%' height='850px' src='https:\/\/rdv.avocat-gc.com\/portal-embed#\/rdv-divorce' frameborder='0' allowfullscreen='' > <\/iframe><\/div>\n<\/div><\/div>\n\n\n\n<div class=\"wp-block-group rdv-gratuit\"><div class=\"wp-block-group__inner-container is-layout-constrained wp-block-group-is-layout-constrained\">\n<div class=\"zoho-wrapper\"><iframe width='100%' height='850px' src='https:\/\/rdv.avocat-gc.com\/portal-embed#\/rdv-gratuit' frameborder='0' allowfullscreen='' > <\/iframe><\/div>\n<\/div><\/div>\n","protected":false},"excerpt":{"rendered":"<p>Contactez-moi par t\u00e9l\u00e9phone d\u00e8s maintenant pour prendre rendez-vous avec un avocat ou prenez rendez-vous directement en ligne ci-dessous : Je suis pr\u00eat.e \u00e0 divorcer Plus de questions ?Prenez rendez-vous afin de r\u00e9diger ensemble la convention de divorce.Nous prendrons le temps de discuter de tous les sujets qui vous sont importants. J&rsquo;ai des questions Si vous [&hellip;]<\/p>\n","protected":false},"author":1,"featured_media":0,"parent":0,"menu_order":0,"comment_status":"closed","ping_status":"closed","template":"","meta":{"_acf_changed":false,"inline_featured_image":false,"footnotes":""},"priorite":[],"class_list":["post-11493","page","type-page","status-publish","hentry"],"acf":[],"yoast_head":"<!-- This site is optimized with the Yoast SEO plugin v27.5 - https:\/\/yoast.com\/product\/yoast-seo-wordpress\/ -->\n<title>Prendre rendez-vous &#8211; Avocat GC - Avocat Divorce<\/title>\n<meta name=\"robots\" content=\"index, follow, max-snippet:-1, max-image-preview:large, max-video-preview:-1\" \/>\n<link rel=\"canonical\" href=\"https:\/\/avocat-gc.com\/divorce\/prendre-rdv\/\" \/>\n<meta property=\"og:locale\" content=\"fr_FR\" \/>\n<meta property=\"og:type\" content=\"article\" \/>\n<meta property=\"og:title\" content=\"Prendre rendez-vous &#8211; Avocat GC - Avocat Divorce\" \/>\n<meta property=\"og:description\" content=\"Contactez-moi par t\u00e9l\u00e9phone d\u00e8s maintenant pour prendre rendez-vous avec un avocat ou prenez rendez-vous directement en ligne ci-dessous : Je suis pr\u00eat.e \u00e0 divorcer Plus de questions ?Prenez rendez-vous afin de r\u00e9diger ensemble la convention de divorce.Nous prendrons le temps de discuter de tous les sujets qui vous sont importants. J&rsquo;ai des questions Si vous [&hellip;]\" \/>\n<meta property=\"og:url\" content=\"https:\/\/avocat-gc.com\/divorce\/prendre-rdv\/\" \/>\n<meta property=\"og:site_name\" content=\"Avocat GC - Avocat Divorce\" \/>\n<meta property=\"article:modified_time\" content=\"2026-01-21T12:14:19+00:00\" \/>\n<meta property=\"og:image\" content=\"https:\/\/avocat-gc.com\/divorce\/wp-content\/uploads\/2024\/04\/van-tay-media-TFFn3BYLc5s-unsplash.jpg\" \/>\n\t<meta property=\"og:image:width\" content=\"1920\" \/>\n\t<meta property=\"og:image:height\" content=\"1280\" \/>\n\t<meta property=\"og:image:type\" content=\"image\/jpeg\" \/>\n<meta name=\"twitter:card\" content=\"summary_large_image\" \/>\n<script type=\"application\/ld+json\" class=\"yoast-schema-graph\">{\"@context\":\"https:\\\/\\\/schema.org\",\"@graph\":[{\"@type\":\"WebPage\",\"@id\":\"https:\\\/\\\/avocat-gc.com\\\/divorce\\\/prendre-rdv\\\/\",\"url\":\"https:\\\/\\\/avocat-gc.com\\\/divorce\\\/prendre-rdv\\\/\",\"name\":\"Prendre rendez-vous &#8211; Avocat GC - Avocat Divorce\",\"isPartOf\":{\"@id\":\"https:\\\/\\\/avocat-gc.com\\\/divorce\\\/#website\"},\"primaryImageOfPage\":{\"@id\":\"https:\\\/\\\/avocat-gc.com\\\/divorce\\\/prendre-rdv\\\/#primaryimage\"},\"image\":{\"@id\":\"https:\\\/\\\/avocat-gc.com\\\/divorce\\\/prendre-rdv\\\/#primaryimage\"},\"thumbnailUrl\":\"https:\\\/\\\/avocat-gc.com\\\/divorce\\\/wp-content\\\/uploads\\\/2024\\\/04\\\/van-tay-media-TFFn3BYLc5s-unsplash.jpg\",\"datePublished\":\"2024-04-03T12:38:04+00:00\",\"dateModified\":\"2026-01-21T12:14:19+00:00\",\"breadcrumb\":{\"@id\":\"https:\\\/\\\/avocat-gc.com\\\/divorce\\\/prendre-rdv\\\/#breadcrumb\"},\"inLanguage\":\"fr-FR\",\"potentialAction\":[{\"@type\":\"ReadAction\",\"target\":[\"https:\\\/\\\/avocat-gc.com\\\/divorce\\\/prendre-rdv\\\/\"]}]},{\"@type\":\"ImageObject\",\"inLanguage\":\"fr-FR\",\"@id\":\"https:\\\/\\\/avocat-gc.com\\\/divorce\\\/prendre-rdv\\\/#primaryimage\",\"url\":\"https:\\\/\\\/avocat-gc.com\\\/divorce\\\/wp-content\\\/uploads\\\/2024\\\/04\\\/van-tay-media-TFFn3BYLc5s-unsplash.jpg\",\"contentUrl\":\"https:\\\/\\\/avocat-gc.com\\\/divorce\\\/wp-content\\\/uploads\\\/2024\\\/04\\\/van-tay-media-TFFn3BYLc5s-unsplash.jpg\",\"width\":1920,\"height\":1280},{\"@type\":\"BreadcrumbList\",\"@id\":\"https:\\\/\\\/avocat-gc.com\\\/divorce\\\/prendre-rdv\\\/#breadcrumb\",\"itemListElement\":[{\"@type\":\"ListItem\",\"position\":1,\"name\":\"Accueil\",\"item\":\"https:\\\/\\\/avocat-gc.com\\\/divorce\\\/\"},{\"@type\":\"ListItem\",\"position\":2,\"name\":\"Prendre rendez-vous\"}]},{\"@type\":\"WebSite\",\"@id\":\"https:\\\/\\\/avocat-gc.com\\\/divorce\\\/#website\",\"url\":\"https:\\\/\\\/avocat-gc.com\\\/divorce\\\/\",\"name\":\"Avocat GC - Avocat Divorce\",\"description\":\"\",\"publisher\":{\"@id\":\"https:\\\/\\\/avocat-gc.com\\\/divorce\\\/#organization\"},\"potentialAction\":[{\"@type\":\"SearchAction\",\"target\":{\"@type\":\"EntryPoint\",\"urlTemplate\":\"https:\\\/\\\/avocat-gc.com\\\/divorce\\\/?s={search_term_string}\"},\"query-input\":{\"@type\":\"PropertyValueSpecification\",\"valueRequired\":true,\"valueName\":\"search_term_string\"}}],\"inLanguage\":\"fr-FR\"},{\"@type\":\"Organization\",\"@id\":\"https:\\\/\\\/avocat-gc.com\\\/divorce\\\/#organization\",\"name\":\"Avocat GC - Avocat Divorce\",\"url\":\"https:\\\/\\\/avocat-gc.com\\\/divorce\\\/\",\"logo\":{\"@type\":\"ImageObject\",\"inLanguage\":\"fr-FR\",\"@id\":\"https:\\\/\\\/avocat-gc.com\\\/divorce\\\/#\\\/schema\\\/logo\\\/image\\\/\",\"url\":\"https:\\\/\\\/avocat-gc.com\\\/divorce\\\/wp-content\\\/uploads\\\/2024\\\/04\\\/cropped-Sans-titre.png\",\"contentUrl\":\"https:\\\/\\\/avocat-gc.com\\\/divorce\\\/wp-content\\\/uploads\\\/2024\\\/04\\\/cropped-Sans-titre.png\",\"width\":200,\"height\":180,\"caption\":\"Avocat GC - Avocat Divorce\"},\"image\":{\"@id\":\"https:\\\/\\\/avocat-gc.com\\\/divorce\\\/#\\\/schema\\\/logo\\\/image\\\/\"}}]}<\/script>\n<!-- \/ Yoast SEO plugin. -->","yoast_head_json":{"title":"Prendre rendez-vous &#8211; Avocat GC - Avocat Divorce","robots":{"index":"index","follow":"follow","max-snippet":"max-snippet:-1","max-image-preview":"max-image-preview:large","max-video-preview":"max-video-preview:-1"},"canonical":"https:\/\/avocat-gc.com\/divorce\/prendre-rdv\/","og_locale":"fr_FR","og_type":"article","og_title":"Prendre rendez-vous &#8211; Avocat GC - Avocat Divorce","og_description":"Contactez-moi par t\u00e9l\u00e9phone d\u00e8s maintenant pour prendre rendez-vous avec un avocat ou prenez rendez-vous directement en ligne ci-dessous : Je suis pr\u00eat.e \u00e0 divorcer Plus de questions ?Prenez rendez-vous afin de r\u00e9diger ensemble la convention de divorce.Nous prendrons le temps de discuter de tous les sujets qui vous sont importants. J&rsquo;ai des questions Si vous [&hellip;]","og_url":"https:\/\/avocat-gc.com\/divorce\/prendre-rdv\/","og_site_name":"Avocat GC - Avocat Divorce","article_modified_time":"2026-01-21T12:14:19+00:00","og_image":[{"width":1920,"height":1280,"url":"https:\/\/avocat-gc.com\/divorce\/wp-content\/uploads\/2024\/04\/van-tay-media-TFFn3BYLc5s-unsplash.jpg","type":"image\/jpeg"}],"twitter_card":"summary_large_image","schema":{"@context":"https:\/\/schema.org","@graph":[{"@type":"WebPage","@id":"https:\/\/avocat-gc.com\/divorce\/prendre-rdv\/","url":"https:\/\/avocat-gc.com\/divorce\/prendre-rdv\/","name":"Prendre rendez-vous &#8211; Avocat GC - Avocat Divorce","isPartOf":{"@id":"https:\/\/avocat-gc.com\/divorce\/#website"},"primaryImageOfPage":{"@id":"https:\/\/avocat-gc.com\/divorce\/prendre-rdv\/#primaryimage"},"image":{"@id":"https:\/\/avocat-gc.com\/divorce\/prendre-rdv\/#primaryimage"},"thumbnailUrl":"https:\/\/avocat-gc.com\/divorce\/wp-content\/uploads\/2024\/04\/van-tay-media-TFFn3BYLc5s-unsplash.jpg","datePublished":"2024-04-03T12:38:04+00:00","dateModified":"2026-01-21T12:14:19+00:00","breadcrumb":{"@id":"https:\/\/avocat-gc.com\/divorce\/prendre-rdv\/#breadcrumb"},"inLanguage":"fr-FR","potentialAction":[{"@type":"ReadAction","target":["https:\/\/avocat-gc.com\/divorce\/prendre-rdv\/"]}]},{"@type":"ImageObject","inLanguage":"fr-FR","@id":"https:\/\/avocat-gc.com\/divorce\/prendre-rdv\/#primaryimage","url":"https:\/\/avocat-gc.com\/divorce\/wp-content\/uploads\/2024\/04\/van-tay-media-TFFn3BYLc5s-unsplash.jpg","contentUrl":"https:\/\/avocat-gc.com\/divorce\/wp-content\/uploads\/2024\/04\/van-tay-media-TFFn3BYLc5s-unsplash.jpg","width":1920,"height":1280},{"@type":"BreadcrumbList","@id":"https:\/\/avocat-gc.com\/divorce\/prendre-rdv\/#breadcrumb","itemListElement":[{"@type":"ListItem","position":1,"name":"Accueil","item":"https:\/\/avocat-gc.com\/divorce\/"},{"@type":"ListItem","position":2,"name":"Prendre rendez-vous"}]},{"@type":"WebSite","@id":"https:\/\/avocat-gc.com\/divorce\/#website","url":"https:\/\/avocat-gc.com\/divorce\/","name":"Avocat GC - Avocat Divorce","description":"","publisher":{"@id":"https:\/\/avocat-gc.com\/divorce\/#organization"},"potentialAction":[{"@type":"SearchAction","target":{"@type":"EntryPoint","urlTemplate":"https:\/\/avocat-gc.com\/divorce\/?s={search_term_string}"},"query-input":{"@type":"PropertyValueSpecification","valueRequired":true,"valueName":"search_term_string"}}],"inLanguage":"fr-FR"},{"@type":"Organization","@id":"https:\/\/avocat-gc.com\/divorce\/#organization","name":"Avocat GC - Avocat Divorce","url":"https:\/\/avocat-gc.com\/divorce\/","logo":{"@type":"ImageObject","inLanguage":"fr-FR","@id":"https:\/\/avocat-gc.com\/divorce\/#\/schema\/logo\/image\/","url":"https:\/\/avocat-gc.com\/divorce\/wp-content\/uploads\/2024\/04\/cropped-Sans-titre.png","contentUrl":"https:\/\/avocat-gc.com\/divorce\/wp-content\/uploads\/2024\/04\/cropped-Sans-titre.png","width":200,"height":180,"caption":"Avocat GC - Avocat Divorce"},"image":{"@id":"https:\/\/avocat-gc.com\/divorce\/#\/schema\/logo\/image\/"}}]}},"_links":{"self":[{"href":"https:\/\/avocat-gc.com\/divorce\/wp-json\/wp\/v2\/pages\/11493","targetHints":{"allow":["GET"]}}],"collection":[{"href":"https:\/\/avocat-gc.com\/divorce\/wp-json\/wp\/v2\/pages"}],"about":[{"href":"https:\/\/avocat-gc.com\/divorce\/wp-json\/wp\/v2\/types\/page"}],"author":[{"embeddable":true,"href":"https:\/\/avocat-gc.com\/divorce\/wp-json\/wp\/v2\/users\/1"}],"replies":[{"embeddable":true,"href":"https:\/\/avocat-gc.com\/divorce\/wp-json\/wp\/v2\/comments?post=11493"}],"version-history":[{"count":57,"href":"https:\/\/avocat-gc.com\/divorce\/wp-json\/wp\/v2\/pages\/11493\/revisions"}],"predecessor-version":[{"id":16478,"href":"https:\/\/avocat-gc.com\/divorce\/wp-json\/wp\/v2\/pages\/11493\/revisions\/16478"}],"wp:attachment":[{"href":"https:\/\/avocat-gc.com\/divorce\/wp-json\/wp\/v2\/media?parent=11493"}],"wp:term":[{"taxonomy":"priorite","embeddable":true,"href":"https:\/\/avocat-gc.com\/divorce\/wp-json\/wp\/v2\/priorite?post=11493"}],"curies":[{"name":"wp","href":"https:\/\/api.w.org\/{rel}","templated":true}]}}