{"id":1042,"date":"2019-08-01T00:00:00","date_gmt":"2019-08-01T00:00:00","guid":{"rendered":"https:\/\/avocat-gc.com\/divorce\/avocat-divorce-amiable-sans-juge-mimizan\/"},"modified":"2019-08-01T00:00:00","modified_gmt":"2019-08-01T00:00:00","slug":"avocat-divorce-amiable-sans-juge-mimizan","status":"publish","type":"page","link":"https:\/\/avocat-gc.com\/divorce\/avocat-divorce-amiable-sans-juge-mimizan\/","title":{"rendered":"Avocat divorce amiable sans juge \u00e0 Mimizan"},"content":{"rendered":"<\/p>\n<p>Avocat divorce amiable sans juge \u00e0 Mimizan<a href=\"\/divorce\/avocat-divorce\/mimizan\/\" rel=\"nofollow\">\u25c4 Avocat divorce \u00e0 Mimizan (40)<\/a><\/p>\n<p style=\"text-align: center;\"><a href=\"https:\/\/fr.trustpilot.com\/review\/avocat-gc.com?utm_medium=Trustbox&#038;utm_source=EmailNewsletter2\" target=\"_blank\" style=\"text-decoration: none;\" rel=\"noopener\"><img decoding=\"async\" src=\"https:\/\/emailsignature.trustpilot.com\/logo\/n\/2\/logo@2x.png\" border=\"0\" height=\"24\" alt=\"Trustpilot Logo\" style=\"max-height: 24px; width: initial; margin: 0px;\" \/><img decoding=\"async\" src=\"https:\/\/emailsignature.trustpilot.com\/newsletter\/fr-FR\/2\/4f0b2b150000640005122a37\/stars@2x.png\" border=\"0\" height=\"52\" alt=\"Trustpilot Stars\" style=\"max-height: 52px; width: initial; margin: 5px 0px;\" \/><img decoding=\"async\" src=\"https:\/\/emailsignature.trustpilot.com\/newsletter\/fr-FR\/2\/4f0b2b150000640005122a37\/text@2x.png\" border=\"0\" height=\"14\" alt=\"TrustScore\" style=\"max-height: 14px; width: initial; margin: 0px;\" \/><\/a><\/p>\n<\/p>\n<h2>VOTRE DIVORCE \u00c0 MIMIZAN<\/h2>\n<\/p>\n<p class=\"img-left\"><img decoding=\"async\" alt=\"Avocat Divorce sans juge Amiable Mimizan (40)\" title=\"Avocat Divorce sans juge Amiable Mimizan (40)\" width=\"170\" border=\"2\" src=\"\/divorce\/wp-content\/uploads\/2024\/04\/avocat-divorce-amiable-paris.jpg\" \/><\/p>\n<p align=\"justify\">La nouvelle proc\u00e9dure de\u00a0<a href=\"\/divorce\/divorce-amiable\/\" rel=\"nofollow noopener\" title=\"\" target=\"_parent\">divorce \u00e0 l\u2019amiable<\/a>\u00a0permet de divorcer rapidement. En effet, il n&rsquo;est plus n\u00e9cessaire d&rsquo;entamer une proc\u00e9dure devant le Juge aux Affaires Familiales. La premi\u00e8re \u00e9tape de votre divorce consiste \u00e0 prendre rendez-vous avec notre cabinet d&rsquo;avocats, experiment\u00e9\u00a0en divorce.Pour constituer votre dossier, nous vous demandons les pi\u00e8ces justificatives suivantes: <\/p>\n<p>La photocopie int\u00e9grale du livret de famille ;La photocopie de la pi\u00e8ce d\u2019identit\u00e9 des deux \u00e9poux ;<br \/>\nDeux justificatifs de domicile ;<br \/>\nLa copie int\u00e9grale des actes de naissance des deux \u00e9poux et des enfants datant de moins de 3 mois (ou 6 mois s\u2019il s\u2019agit d\u2019un acte \u00e9tranger)<br \/>\nLa copie int\u00e9grale de l\u2019acte de mariage des \u00e9poux datant de moins de 3 mois (ou 6 mois s\u2019il s\u2019agit d\u2019un acte \u00e9tranger) ;<br \/>\nLe contrat de mariage si les \u00e9poux sont mari\u00e9s sous le r\u00e9gime de la s\u00e9paration de biens, de la participation aux acqu\u00eats ou de la communaut\u00e9 universelle ;<br \/>\nLes d\u00e9clarations sur l\u2019honneur s\u2019il y a lieu \u00e0 une prestation compensatoire ;<br \/>\nLa copie authentique de l\u2019acte notari\u00e9 (\u00e9tat liquidatif ou convention d\u2019indivision).<\/p>\n<p align=\"justify\">Une fois votre dossier constitu\u00e9, nous r\u00e9digeons votre\u00a0<a href=\"\/divorce\/convention-de-divorce\/\" rel=\"nofollow noopener\" title=\"\" target=\"\">convention de divorce<\/a> r\u00e9glant toutes les cons\u00e9quences et effets du divorce par consentement mutuel. Il faut, en effet, que les \u00e9poux s&rsquo;accordent sur la pension alimentaire, le sort des biens communs, la <a href=\"\/divorce\/definitions\/droit-de-garde\/\" rel=\"nofollow noopener\" title=\"\" target=\"\">garde des enfants<\/a> etc&#8230;Puis, le projet de convention vous est adress\u00e9 directement \u00e0 votre domicile, par courrier recommand\u00e9 avec accus\u00e9 de r\u00e9ception. Vous aurez alors un d\u00e9lai de r\u00e9flexion de 15 jours avant de signer le projet. Le notaire, par la suite, se chargera de lui donner<a href=\"\/divorce\/definitions\/force-executoire\/\" rel=\"nofollow noopener\" title=\"\" target=\"\"> force \u00e9xecutoire<\/a> et date certaine. Vous serez officiellement divorc\u00e9s.Le moindre d\u00e9saccord avant ou pendant la proc\u00e9dure serait l&rsquo;objet d&rsquo;une proc\u00e9dure de divorce contentieuse qui serait pr\u00e9sent\u00e9e au\u00a0<a href=\"\/divorce\/definitions\/juge-aux-affaires-familiales\/\" rel=\"nofollow noopener\" title=\"\" target=\"\">\u00a0Juge aux Affaires Familiales<\/a>\u00a0lors de plusieurs audiences au TribunalSi vous souhaitez en savoir davantage sur le divorce sans juge, veuillez consulter notre page:\n<\/p>\n<\/p>\n<p><a href=\"\/divorce\/divorce-sans-juge\/\" rel=\"nofollow noopener\" target=\"_parent\"> \u25ba AVOCAT DIVORCE SANS JUGE <\/a><\/p>\n<h3>Articles li\u00e9s<\/h3>\n<p><a href=\"\/divorce\/articles\/le-role-du-notaire-dans-un-divorce\/\" rel=\"nofollow noopener\" title=\"\" target=\"_parent\">Le r\u00f4le du notaire dans un divorce<\/a><br \/>\n<a href=\"\/divorce\/articles\/quest-ce-que-la-soulte-lors-dun-divorce-par-consentement-mutuel\/\" rel=\"nofollow noopener\" title=\"\" target=\"_parent\">Qu&rsquo;est ce que la soulte lors d&rsquo;un divorce par consentement mutuel?<\/a><br \/>\n<a href=\"\/divorce\/articles\/quest-ce-quun-etat-liquidatif\/\" rel=\"nofollow noopener\" title=\"\" target=\"_parent\">Qu&rsquo;est ce qu&rsquo;un \u00e9tat liquidatif ?<\/a><\/p>\n<p>\u25ba A T\u00c9L\u00c9CHARGER: <a href=\"\/divorce\/divorce-sans-juge\/convention-mimizan\/\" rel=\"nofollow\">Mod\u00e8le de convention de divorce sans juge \u00e0 Mimizan <\/a><\/p>\n<h3>Divorce sans juge &#8211; les tarifs<\/h3>\n<p align=\"justify\"> Pour connaitre les tarifs ou avoir davantage de renseignements sur une proc\u00e9dure de divorce sans juge \u00e0 Mimizan (40), veuillez remplir le document en cliquant sur le lien ci-dessous:<\/p>\n<\/p>\n<p><a href=\"http:\/\/avocat-gc.com\/divorce\/avocat-divorce-10-ans-dexperience\/\" rel=\"nofollow noopener\" target=\"_parent\">\u25ba DEVIS: AVOCAT DIVORCE \u00c0 MIMIZAN<\/a><\/p>\n<p> J&rsquo;INTERVIENS DANS TOUTE LA FRANCE <a href=\"http:\/\/avocat-gc.com\/divorce\/avocat-divorce\/paris\/\" rel=\"nofollow noopener\" title=\"\" target=\"_parent\">Notre cabinet \u00e0 Paris<\/a> : 42 Rue de L\u00fcbeck, 75116 Paris 01 47 04 25 40<\/p>\n","protected":false},"excerpt":{"rendered":"<p>Avocat divorce amiable sans juge \u00e0 Mimizan\u25c4 Avocat divorce \u00e0 Mimizan (40) VOTRE DIVORCE \u00c0 MIMIZAN La nouvelle proc\u00e9dure de\u00a0divorce \u00e0 l\u2019amiable\u00a0permet de divorcer rapidement. En effet, il n&rsquo;est plus n\u00e9cessaire d&rsquo;entamer une proc\u00e9dure devant le Juge aux Affaires Familiales. La premi\u00e8re \u00e9tape de votre divorce consiste \u00e0 prendre rendez-vous avec notre cabinet d&rsquo;avocats, experiment\u00e9\u00a0en [&hellip;]<\/p>\n","protected":false},"author":1,"featured_media":0,"parent":0,"menu_order":0,"comment_status":"closed","ping_status":"closed","template":"","meta":{"_acf_changed":false,"inline_featured_image":false,"footnotes":""},"priorite":[],"class_list":["post-1042","page","type-page","status-publish","hentry"],"acf":[],"yoast_head":"<!-- This site is optimized with the Yoast SEO plugin v27.3 - https:\/\/yoast.com\/product\/yoast-seo-wordpress\/ -->\n<title>Avocat divorce amiable sans juge \u00e0 Mimizan - Avocat Divorce<\/title>\n<meta name=\"description\" content=\"Divorcez \u00e0 l&#039;amiable et sans juge \u00e0 Mimizan (40) en 1 mois \u00e0 partir de 425\u20ac TTC. Contactez un Avocat divorce au 01.47.04.25.40 . Cabinet Avocat GC. Divorce amiable - Divorce sans juge \u2013 Divorce par consentement mutuel\" \/>\n<meta name=\"robots\" content=\"index, follow, max-snippet:-1, max-image-preview:large, max-video-preview:-1\" \/>\n<link rel=\"canonical\" href=\"https:\/\/avocat-gc.com\/divorce\/avocat-divorce-amiable-sans-juge-mimizan\/\" \/>\n<meta property=\"og:locale\" content=\"fr_FR\" \/>\n<meta property=\"og:type\" content=\"article\" \/>\n<meta property=\"og:title\" content=\"Avocat divorce amiable sans juge \u00e0 Mimizan - Avocat Divorce\" \/>\n<meta property=\"og:description\" content=\"Divorcez \u00e0 l&#039;amiable et sans juge \u00e0 Mimizan (40) en 1 mois \u00e0 partir de 425\u20ac TTC. Contactez un Avocat divorce au 01.47.04.25.40 . Cabinet Avocat GC. Divorce amiable - Divorce sans juge \u2013 Divorce par consentement mutuel\" \/>\n<meta property=\"og:url\" content=\"https:\/\/avocat-gc.com\/divorce\/avocat-divorce-amiable-sans-juge-mimizan\/\" \/>\n<meta property=\"og:site_name\" content=\"Avocat GC - Avocat Divorce\" \/>\n<meta property=\"og:image\" content=\"https:\/\/emailsignature.trustpilot.com\/logo\/n\/2\/logo@2x.png\" \/>\n<meta name=\"twitter:card\" content=\"summary_large_image\" \/>\n<script type=\"application\/ld+json\" class=\"yoast-schema-graph\">{\"@context\":\"https:\\\/\\\/schema.org\",\"@graph\":[{\"@type\":\"WebPage\",\"@id\":\"https:\\\/\\\/avocat-gc.com\\\/divorce\\\/avocat-divorce-amiable-sans-juge-mimizan\\\/\",\"url\":\"https:\\\/\\\/avocat-gc.com\\\/divorce\\\/avocat-divorce-amiable-sans-juge-mimizan\\\/\",\"name\":\"Avocat divorce amiable sans juge \u00e0 Mimizan - Avocat Divorce\",\"isPartOf\":{\"@id\":\"https:\\\/\\\/avocat-gc.com\\\/divorce\\\/#website\"},\"primaryImageOfPage\":{\"@id\":\"https:\\\/\\\/avocat-gc.com\\\/divorce\\\/avocat-divorce-amiable-sans-juge-mimizan\\\/#primaryimage\"},\"image\":{\"@id\":\"https:\\\/\\\/avocat-gc.com\\\/divorce\\\/avocat-divorce-amiable-sans-juge-mimizan\\\/#primaryimage\"},\"thumbnailUrl\":\"https:\\\/\\\/emailsignature.trustpilot.com\\\/logo\\\/n\\\/2\\\/logo@2x.png\",\"datePublished\":\"2019-08-01T00:00:00+00:00\",\"description\":\"Divorcez \u00e0 l'amiable et sans juge \u00e0 Mimizan (40) en 1 mois \u00e0 partir de 425\u20ac TTC. Contactez un Avocat divorce au 01.47.04.25.40 . Cabinet Avocat GC. Divorce amiable - Divorce sans juge \u2013 Divorce par consentement mutuel\",\"breadcrumb\":{\"@id\":\"https:\\\/\\\/avocat-gc.com\\\/divorce\\\/avocat-divorce-amiable-sans-juge-mimizan\\\/#breadcrumb\"},\"inLanguage\":\"fr-FR\",\"potentialAction\":[{\"@type\":\"ReadAction\",\"target\":[\"https:\\\/\\\/avocat-gc.com\\\/divorce\\\/avocat-divorce-amiable-sans-juge-mimizan\\\/\"]}]},{\"@type\":\"ImageObject\",\"inLanguage\":\"fr-FR\",\"@id\":\"https:\\\/\\\/avocat-gc.com\\\/divorce\\\/avocat-divorce-amiable-sans-juge-mimizan\\\/#primaryimage\",\"url\":\"https:\\\/\\\/emailsignature.trustpilot.com\\\/logo\\\/n\\\/2\\\/logo@2x.png\",\"contentUrl\":\"https:\\\/\\\/emailsignature.trustpilot.com\\\/logo\\\/n\\\/2\\\/logo@2x.png\"},{\"@type\":\"BreadcrumbList\",\"@id\":\"https:\\\/\\\/avocat-gc.com\\\/divorce\\\/avocat-divorce-amiable-sans-juge-mimizan\\\/#breadcrumb\",\"itemListElement\":[{\"@type\":\"ListItem\",\"position\":1,\"name\":\"Accueil\",\"item\":\"https:\\\/\\\/avocat-gc.com\\\/divorce\\\/\"},{\"@type\":\"ListItem\",\"position\":2,\"name\":\"Avocat divorce amiable sans juge \u00e0 Mimizan\"}]},{\"@type\":\"WebSite\",\"@id\":\"https:\\\/\\\/avocat-gc.com\\\/divorce\\\/#website\",\"url\":\"https:\\\/\\\/avocat-gc.com\\\/divorce\\\/\",\"name\":\"Avocat GC - Avocat Divorce\",\"description\":\"\",\"publisher\":{\"@id\":\"https:\\\/\\\/avocat-gc.com\\\/divorce\\\/#organization\"},\"potentialAction\":[{\"@type\":\"SearchAction\",\"target\":{\"@type\":\"EntryPoint\",\"urlTemplate\":\"https:\\\/\\\/avocat-gc.com\\\/divorce\\\/?s={search_term_string}\"},\"query-input\":{\"@type\":\"PropertyValueSpecification\",\"valueRequired\":true,\"valueName\":\"search_term_string\"}}],\"inLanguage\":\"fr-FR\"},{\"@type\":\"Organization\",\"@id\":\"https:\\\/\\\/avocat-gc.com\\\/divorce\\\/#organization\",\"name\":\"Avocat GC - Avocat Divorce\",\"url\":\"https:\\\/\\\/avocat-gc.com\\\/divorce\\\/\",\"logo\":{\"@type\":\"ImageObject\",\"inLanguage\":\"fr-FR\",\"@id\":\"https:\\\/\\\/avocat-gc.com\\\/divorce\\\/#\\\/schema\\\/logo\\\/image\\\/\",\"url\":\"https:\\\/\\\/avocat-gc.com\\\/divorce\\\/wp-content\\\/uploads\\\/2024\\\/04\\\/cropped-Sans-titre.png\",\"contentUrl\":\"https:\\\/\\\/avocat-gc.com\\\/divorce\\\/wp-content\\\/uploads\\\/2024\\\/04\\\/cropped-Sans-titre.png\",\"width\":200,\"height\":180,\"caption\":\"Avocat GC - Avocat Divorce\"},\"image\":{\"@id\":\"https:\\\/\\\/avocat-gc.com\\\/divorce\\\/#\\\/schema\\\/logo\\\/image\\\/\"}}]}<\/script>\n<!-- \/ Yoast SEO plugin. -->","yoast_head_json":{"title":"Avocat divorce amiable sans juge \u00e0 Mimizan - Avocat Divorce","description":"Divorcez \u00e0 l'amiable et sans juge \u00e0 Mimizan (40) en 1 mois \u00e0 partir de 425\u20ac TTC. Contactez un Avocat divorce au 01.47.04.25.40 . Cabinet Avocat GC. Divorce amiable - Divorce sans juge \u2013 Divorce par consentement mutuel","robots":{"index":"index","follow":"follow","max-snippet":"max-snippet:-1","max-image-preview":"max-image-preview:large","max-video-preview":"max-video-preview:-1"},"canonical":"https:\/\/avocat-gc.com\/divorce\/avocat-divorce-amiable-sans-juge-mimizan\/","og_locale":"fr_FR","og_type":"article","og_title":"Avocat divorce amiable sans juge \u00e0 Mimizan - Avocat Divorce","og_description":"Divorcez \u00e0 l'amiable et sans juge \u00e0 Mimizan (40) en 1 mois \u00e0 partir de 425\u20ac TTC. Contactez un Avocat divorce au 01.47.04.25.40 . Cabinet Avocat GC. Divorce amiable - Divorce sans juge \u2013 Divorce par consentement mutuel","og_url":"https:\/\/avocat-gc.com\/divorce\/avocat-divorce-amiable-sans-juge-mimizan\/","og_site_name":"Avocat GC - Avocat Divorce","og_image":[{"url":"https:\/\/emailsignature.trustpilot.com\/logo\/n\/2\/logo@2x.png","type":"","width":"","height":""}],"twitter_card":"summary_large_image","schema":{"@context":"https:\/\/schema.org","@graph":[{"@type":"WebPage","@id":"https:\/\/avocat-gc.com\/divorce\/avocat-divorce-amiable-sans-juge-mimizan\/","url":"https:\/\/avocat-gc.com\/divorce\/avocat-divorce-amiable-sans-juge-mimizan\/","name":"Avocat divorce amiable sans juge \u00e0 Mimizan - Avocat Divorce","isPartOf":{"@id":"https:\/\/avocat-gc.com\/divorce\/#website"},"primaryImageOfPage":{"@id":"https:\/\/avocat-gc.com\/divorce\/avocat-divorce-amiable-sans-juge-mimizan\/#primaryimage"},"image":{"@id":"https:\/\/avocat-gc.com\/divorce\/avocat-divorce-amiable-sans-juge-mimizan\/#primaryimage"},"thumbnailUrl":"https:\/\/emailsignature.trustpilot.com\/logo\/n\/2\/logo@2x.png","datePublished":"2019-08-01T00:00:00+00:00","description":"Divorcez \u00e0 l'amiable et sans juge \u00e0 Mimizan (40) en 1 mois \u00e0 partir de 425\u20ac TTC. Contactez un Avocat divorce au 01.47.04.25.40 . Cabinet Avocat GC. Divorce amiable - Divorce sans juge \u2013 Divorce par consentement mutuel","breadcrumb":{"@id":"https:\/\/avocat-gc.com\/divorce\/avocat-divorce-amiable-sans-juge-mimizan\/#breadcrumb"},"inLanguage":"fr-FR","potentialAction":[{"@type":"ReadAction","target":["https:\/\/avocat-gc.com\/divorce\/avocat-divorce-amiable-sans-juge-mimizan\/"]}]},{"@type":"ImageObject","inLanguage":"fr-FR","@id":"https:\/\/avocat-gc.com\/divorce\/avocat-divorce-amiable-sans-juge-mimizan\/#primaryimage","url":"https:\/\/emailsignature.trustpilot.com\/logo\/n\/2\/logo@2x.png","contentUrl":"https:\/\/emailsignature.trustpilot.com\/logo\/n\/2\/logo@2x.png"},{"@type":"BreadcrumbList","@id":"https:\/\/avocat-gc.com\/divorce\/avocat-divorce-amiable-sans-juge-mimizan\/#breadcrumb","itemListElement":[{"@type":"ListItem","position":1,"name":"Accueil","item":"https:\/\/avocat-gc.com\/divorce\/"},{"@type":"ListItem","position":2,"name":"Avocat divorce amiable sans juge \u00e0 Mimizan"}]},{"@type":"WebSite","@id":"https:\/\/avocat-gc.com\/divorce\/#website","url":"https:\/\/avocat-gc.com\/divorce\/","name":"Avocat GC - Avocat Divorce","description":"","publisher":{"@id":"https:\/\/avocat-gc.com\/divorce\/#organization"},"potentialAction":[{"@type":"SearchAction","target":{"@type":"EntryPoint","urlTemplate":"https:\/\/avocat-gc.com\/divorce\/?s={search_term_string}"},"query-input":{"@type":"PropertyValueSpecification","valueRequired":true,"valueName":"search_term_string"}}],"inLanguage":"fr-FR"},{"@type":"Organization","@id":"https:\/\/avocat-gc.com\/divorce\/#organization","name":"Avocat GC - Avocat Divorce","url":"https:\/\/avocat-gc.com\/divorce\/","logo":{"@type":"ImageObject","inLanguage":"fr-FR","@id":"https:\/\/avocat-gc.com\/divorce\/#\/schema\/logo\/image\/","url":"https:\/\/avocat-gc.com\/divorce\/wp-content\/uploads\/2024\/04\/cropped-Sans-titre.png","contentUrl":"https:\/\/avocat-gc.com\/divorce\/wp-content\/uploads\/2024\/04\/cropped-Sans-titre.png","width":200,"height":180,"caption":"Avocat GC - Avocat Divorce"},"image":{"@id":"https:\/\/avocat-gc.com\/divorce\/#\/schema\/logo\/image\/"}}]}},"_links":{"self":[{"href":"https:\/\/avocat-gc.com\/divorce\/wp-json\/wp\/v2\/pages\/1042","targetHints":{"allow":["GET"]}}],"collection":[{"href":"https:\/\/avocat-gc.com\/divorce\/wp-json\/wp\/v2\/pages"}],"about":[{"href":"https:\/\/avocat-gc.com\/divorce\/wp-json\/wp\/v2\/types\/page"}],"author":[{"embeddable":true,"href":"https:\/\/avocat-gc.com\/divorce\/wp-json\/wp\/v2\/users\/1"}],"replies":[{"embeddable":true,"href":"https:\/\/avocat-gc.com\/divorce\/wp-json\/wp\/v2\/comments?post=1042"}],"version-history":[{"count":0,"href":"https:\/\/avocat-gc.com\/divorce\/wp-json\/wp\/v2\/pages\/1042\/revisions"}],"wp:attachment":[{"href":"https:\/\/avocat-gc.com\/divorce\/wp-json\/wp\/v2\/media?parent=1042"}],"wp:term":[{"taxonomy":"priorite","embeddable":true,"href":"https:\/\/avocat-gc.com\/divorce\/wp-json\/wp\/v2\/priorite?post=1042"}],"curies":[{"name":"wp","href":"https:\/\/api.w.org\/{rel}","templated":true}]}}